{"id":60547,"date":"2021-05-22T23:02:53","date_gmt":"2021-05-22T23:02:53","guid":{"rendered":"https:\/\/ucm.one\/produkt\/kaunis-kuolematon-syttykoeoen-toinen-aurinko\/"},"modified":"2023-11-09T15:35:25","modified_gmt":"2023-11-09T15:35:25","slug":"kaunis-kuolematon-syttykoeoen-toinen-aurinko","status":"publish","type":"product","link":"https:\/\/ucm.one\/en\/produkt\/kaunis-kuolematon-syttykoeoen-toinen-aurinko\/","title":{"rendered":"Kaunis Kuolematon &#8211;  Syttyk\u00f6\u00f6n Toinen Aurinko"},"content":{"rendered":"<div class=\"wpb_text_column wpb_content_element \">\n<div class=\"wpb_wrapper\">\n<div class=\"\">\n<div class=\"wpb_text_column wpb_content_element \">\n<div class=\"wpb_wrapper\">\n<p>Finnish Melodic Doom act,\u00a0<strong>Kaunis Kuolematon<\/strong>, unleashed their brand new album via the German label\u00a0<strong>Noble Demon<\/strong>. Not afraid to cross musical borders to expand Doom Metal\u2019s stereotypes, \u201c<strong>Syttyk\u00f6\u00f6n Toinen Aurinko<\/strong>\u201d is the heavy yet intense dreamlike journey of top notch metal melancholy their fans have been waiting for. 9 tracks of melodic darkness, apocalyptic and destructive, melodies as uplifting as they are depressive \u2013 In support of their brand new and third studio album, the band from Hamina, Finland, shared a video clip for the track \u201c<strong>Hyv\u00e4sti<\/strong>\u201c.<\/p>\n<\/div>\n<\/div>\n<div class=\"wpb_text_column wpb_content_element \">\n<div class=\"wpb_wrapper\"><\/div>\n<\/div>\n<p>\u201cS<strong>yttyk\u00f6\u00f6n Toinen Aurinko<\/strong>\u201c, whose lyrics are entirely in Finnish, was recorded at\u00a0<strong>DeepNoise Studios<\/strong>, Finland (<em><strong>Bloodred Hourglass<\/strong>,\u00a0<strong>Wolfheart<\/strong>,\u00a0<strong>Dawn Of Solace<\/strong>, T<strong>o\/Die\/For<\/strong><\/em>), while the stunning, sophisticated cover artwork comes by\u00a0<strong>Niko Anttila<\/strong>\u00a0(<strong>Wolfheart<\/strong>,\u00a0<strong>Sabaton<\/strong>).<\/p>\n<\/div>\n<\/div>\n<\/div>\n<div><div class=\"gap\" style=\"line-height: 20px; height: 20px;\"><\/div><\/div>\n<h5>More information<\/h5>\n<div>\n<div>\n<table style=\"height: 46px; width: 100%; border-collapse: collapse; border-color: #ffffff; background-color: #ffffff; border-style: hidden;\">\n<tbody>\n<tr style=\"height: 23px; border-style: hidden; border-color: #ffffff; background-color: #ffffff;\">\n<td style=\"width: 4.701195219123506%; height: 23px; border-style: hidden;\">Band:<\/td>\n<td style=\"width: 95.29880478087651%; height: 23px; border-style: hidden;\"><a title=\"Kaunis Kuolematon | Noble Demon\" href=\"https:\/\/ucm.one\/en\/kaunis-kuolematon\">Kaunis Kuolematon<\/a><\/td>\n<\/tr>\n<tr style=\"height: 23px;\">\n<td style=\"width: 4.701195219123506%; height: 23px; border-style: hidden;\">Label:<\/td>\n<td style=\"width: 95.29880478087651%; height: 23px; border-style: hidden;\"><a title=\"Noble Demon\" href=\"https:\/\/ucm.one\/en\/music-labels\/noble-demon\/\">Noble Demon<\/a><\/td>\n<\/tr>\n<\/tbody>\n<\/table>\n<\/div>\n<div><\/div>\n<div><div class=\"gap\" style=\"line-height: 10px; height: 10px;\"><\/div><\/div>\n<div>\u2117 &amp; \u00a9 2020\u00a0<strong>Noble Demon<\/strong> \/ <span style=\"font-family: 'arial black', sans-serif;\"><strong>UCM.ONE<\/strong><\/span><\/div>\n<div><div class=\"gap\" style=\"line-height: 20px; height: 20px;\"><\/div><\/div>\n<div>\n<div><\/div>\n<div>\n<div><div class=\"gap\" style=\"line-height: 10px; height: 10px;\"><\/div><\/div>\n<div><span style=\"color: #003a80;\"><strong>\u27a0 <a style=\"color: #003a80;\" title=\"Shop\" href=\"\/en\/product-category\/type-en\/music\/\">to the shop<\/a><\/strong><\/span><\/div>\n<div><div class=\"gap\" style=\"line-height: 20px; height: 20px;\"><\/div><\/div>\n<\/div>\n<\/div>\n<\/div>\n","protected":false},"excerpt":{"rendered":"<p>Band: <a href=\"https:\/\/ucm.one\/en\/?s=%22Kaunis+Kuolematon%22&amp;post_type=product\"><strong>Kaunis Kuolematon<\/strong><\/a><\/p>\n<p>Label: <a href=\"https:\/\/ucm.one\/en\/product-category\/label-music\/noble-demon-en\"><strong>Noble Demon<\/strong><\/a><\/p>\n<p>Type: <strong><a href=\"https:\/\/ucm.one\/en\/product-category\/type-en\/music\/\">Music<\/a> (Album)<\/strong><\/p>\n<p>Genres: <strong><a href=\"https:\/\/ucm.one\/en\/product-category\/genre-music\/metal-en\/\">Metal<\/a>, <a href=\"https:\/\/ucm.one\/en\/product-category\/genre-music\/metal-en\/melancholic-metal\/\">Melancholic Metal<\/a><\/strong><\/p>\n<p>Year: <strong>2020<\/strong><\/p>\n<p>Formats: <strong>Divers<\/strong><\/p>\n","protected":false},"featured_media":44494,"comment_status":"closed","ping_status":"closed","template":"","meta":{"_acf_changed":false},"product_brand":[],"product_cat":[10641,10648,10652,10676,10685,10701,10705],"product_tag":[10023,11081,10225,11094,10226,11095,10233,11096],"class_list":{"0":"post-60547","1":"product","2":"type-product","3":"status-publish","4":"has-post-thumbnail","6":"product_cat-music","7":"product_cat-cd","8":"product_cat-vinyl","9":"product_cat-metal-en","10":"product_cat-melancholic-metal","11":"product_cat-noble-demon-en","12":"product_cat-label-music","13":"product_tag-noble-demon-2","14":"product_tag-melodic-metal-2","15":"product_tag-cd-2","16":"product_tag-kaunis-kuolematon-2","17":"product_tag-vinyl-2","18":"product_tag-syttykoon-toinen-aurinko","19":"product_tag-doom-metal-2","20":"product_tag-splatter-vinyl-2","21":"pa_format-splatter-vinyl-en","22":"pa_format-cd-digipak-en","23":"description-off","25":"first","26":"instock","27":"taxable","28":"shipping-taxable","29":"purchasable","30":"product-type-variable"},"acf":[],"yoast_head":"<!-- This site is optimized with the Yoast SEO plugin v27.5 - https:\/\/yoast.com\/product\/yoast-seo-wordpress\/ -->\n<title>Kaunis Kuolematon - Syttyk\u00f6\u00f6n Toinen Aurinko<\/title>\n<meta name=\"description\" content=\"Shop | Kaunis Kuolematon - Syttyk\u00f6\u00f6n Toinen Aurinko | 2020 | Noble Demon | CD, 2xLP (Splatter Vinyl)\" \/>\n<meta name=\"robots\" content=\"index, follow, max-snippet:-1, max-image-preview:large, max-video-preview:-1\" \/>\n<link rel=\"canonical\" href=\"https:\/\/ucm.one\/en\/produkt\/kaunis-kuolematon-syttykoeoen-toinen-aurinko\/\" \/>\n<meta property=\"og:locale\" content=\"en_US\" \/>\n<meta property=\"og:type\" content=\"article\" \/>\n<meta property=\"og:title\" content=\"Kaunis Kuolematon - Syttyk\u00f6\u00f6n Toinen Aurinko\" \/>\n<meta property=\"og:description\" content=\"Shop | Kaunis Kuolematon - Syttyk\u00f6\u00f6n Toinen Aurinko | 2020 | Noble Demon | CD, 2xLP (Splatter Vinyl)\" \/>\n<meta property=\"og:url\" content=\"https:\/\/ucm.one\/en\/produkt\/kaunis-kuolematon-syttykoeoen-toinen-aurinko\/\" \/>\n<meta property=\"og:site_name\" content=\"UCM.ONE\" \/>\n<meta property=\"article:modified_time\" content=\"2023-11-09T15:35:25+00:00\" \/>\n<meta property=\"og:image\" content=\"https:\/\/ucm.one\/wp-content\/uploads\/2020\/09\/C-KK-Syttykoon-Toinen-Aurinko.jpg\" \/>\n<meta name=\"twitter:card\" content=\"summary_large_image\" \/>\n<meta name=\"twitter:title\" content=\"Kaunis Kuolematon - Syttyk\u00f6\u00f6n Toinen Aurinko\" \/>\n<meta name=\"twitter:description\" content=\"Shop | Kaunis Kuolematon - Syttyk\u00f6\u00f6n Toinen Aurinko | 2020 | Noble Demon | CD, 2xLP (Splatter Vinyl)\" \/>\n<meta name=\"twitter:image\" content=\"https:\/\/ucm.one\/wp-content\/uploads\/2020\/09\/C-KK-Syttykoon-Toinen-Aurinko.jpg\" \/>\n<meta name=\"twitter:label1\" content=\"Est. reading time\" \/>\n\t<meta name=\"twitter:data1\" content=\"1 minute\" \/>\n<!-- \/ Yoast SEO plugin. -->","yoast_head_json":{"title":"Kaunis Kuolematon - Syttyk\u00f6\u00f6n Toinen Aurinko","description":"Shop | Kaunis Kuolematon - Syttyk\u00f6\u00f6n Toinen Aurinko | 2020 | Noble Demon | CD, 2xLP (Splatter Vinyl)","robots":{"index":"index","follow":"follow","max-snippet":"max-snippet:-1","max-image-preview":"max-image-preview:large","max-video-preview":"max-video-preview:-1"},"canonical":"https:\/\/ucm.one\/en\/produkt\/kaunis-kuolematon-syttykoeoen-toinen-aurinko\/","og_locale":"en_US","og_type":"article","og_title":"Kaunis Kuolematon - Syttyk\u00f6\u00f6n Toinen Aurinko","og_description":"Shop | Kaunis Kuolematon - Syttyk\u00f6\u00f6n Toinen Aurinko | 2020 | Noble Demon | CD, 2xLP (Splatter Vinyl)","og_url":"https:\/\/ucm.one\/en\/produkt\/kaunis-kuolematon-syttykoeoen-toinen-aurinko\/","og_site_name":"UCM.ONE","article_modified_time":"2023-11-09T15:35:25+00:00","og_image":[{"url":"https:\/\/ucm.one\/wp-content\/uploads\/2020\/09\/C-KK-Syttykoon-Toinen-Aurinko.jpg","type":"","width":"","height":""}],"twitter_card":"summary_large_image","twitter_title":"Kaunis Kuolematon - Syttyk\u00f6\u00f6n Toinen Aurinko","twitter_description":"Shop | Kaunis Kuolematon - Syttyk\u00f6\u00f6n Toinen Aurinko | 2020 | Noble Demon | CD, 2xLP (Splatter Vinyl)","twitter_image":"https:\/\/ucm.one\/wp-content\/uploads\/2020\/09\/C-KK-Syttykoon-Toinen-Aurinko.jpg","twitter_misc":{"Est. reading time":"1 minute"},"schema":{"@context":"https:\/\/schema.org","@graph":[{"@type":"WebPage","@id":"https:\/\/ucm.one\/en\/produkt\/kaunis-kuolematon-syttykoeoen-toinen-aurinko\/","url":"https:\/\/ucm.one\/en\/produkt\/kaunis-kuolematon-syttykoeoen-toinen-aurinko\/","name":"Kaunis Kuolematon - Syttyk\u00f6\u00f6n Toinen Aurinko","isPartOf":{"@id":"https:\/\/ucm.one\/en\/#website"},"primaryImageOfPage":{"@id":"https:\/\/ucm.one\/en\/produkt\/kaunis-kuolematon-syttykoeoen-toinen-aurinko\/#primaryimage"},"image":{"@id":"https:\/\/ucm.one\/en\/produkt\/kaunis-kuolematon-syttykoeoen-toinen-aurinko\/#primaryimage"},"thumbnailUrl":"https:\/\/ucm.one\/wp-content\/uploads\/2020\/09\/C-KK-Syttykoon-Toinen-Aurinko.jpg","datePublished":"2021-05-22T23:02:53+00:00","dateModified":"2023-11-09T15:35:25+00:00","description":"Shop | Kaunis Kuolematon - Syttyk\u00f6\u00f6n Toinen Aurinko | 2020 | Noble Demon | CD, 2xLP (Splatter Vinyl)","breadcrumb":{"@id":"https:\/\/ucm.one\/en\/produkt\/kaunis-kuolematon-syttykoeoen-toinen-aurinko\/#breadcrumb"},"inLanguage":"en-US","potentialAction":[{"@type":"ReadAction","target":["https:\/\/ucm.one\/en\/produkt\/kaunis-kuolematon-syttykoeoen-toinen-aurinko\/"]}]},{"@type":"ImageObject","inLanguage":"en-US","@id":"https:\/\/ucm.one\/en\/produkt\/kaunis-kuolematon-syttykoeoen-toinen-aurinko\/#primaryimage","url":"https:\/\/ucm.one\/wp-content\/uploads\/2020\/09\/C-KK-Syttykoon-Toinen-Aurinko.jpg","contentUrl":"https:\/\/ucm.one\/wp-content\/uploads\/2020\/09\/C-KK-Syttykoon-Toinen-Aurinko.jpg","width":1000,"height":1000},{"@type":"BreadcrumbList","@id":"https:\/\/ucm.one\/en\/produkt\/kaunis-kuolematon-syttykoeoen-toinen-aurinko\/#breadcrumb","itemListElement":[{"@type":"ListItem","position":1,"name":"Home","item":"https:\/\/ucm.one\/en\/"},{"@type":"ListItem","position":2,"name":"Shop","item":"https:\/\/ucm.one\/en\/shop\/"},{"@type":"ListItem","position":3,"name":"Kaunis Kuolematon &#8211; Syttyk\u00f6\u00f6n Toinen Aurinko"}]},{"@type":"WebSite","@id":"https:\/\/ucm.one\/en\/#website","url":"https:\/\/ucm.one\/en\/","name":"UCM.ONE","description":"","publisher":{"@id":"https:\/\/ucm.one\/en\/#organization"},"potentialAction":[{"@type":"SearchAction","target":{"@type":"EntryPoint","urlTemplate":"https:\/\/ucm.one\/en\/?s={search_term_string}"},"query-input":{"@type":"PropertyValueSpecification","valueRequired":true,"valueName":"search_term_string"}}],"inLanguage":"en-US"},{"@type":"Organization","@id":"https:\/\/ucm.one\/en\/#organization","name":"UCM.ONE","url":"https:\/\/ucm.one\/en\/","logo":{"@type":"ImageObject","inLanguage":"en-US","@id":"https:\/\/ucm.one\/en\/#\/schema\/logo\/image\/","url":"https:\/\/ucm.one\/wp-content\/uploads\/2019\/10\/UCM.ONE-Logo-RGB.svg","contentUrl":"https:\/\/ucm.one\/wp-content\/uploads\/2019\/10\/UCM.ONE-Logo-RGB.svg","width":1,"height":1,"caption":"UCM.ONE"},"image":{"@id":"https:\/\/ucm.one\/en\/#\/schema\/logo\/image\/"}}]}},"_links":{"self":[{"href":"https:\/\/ucm.one\/en\/wp-json\/wp\/v2\/product\/60547","targetHints":{"allow":["GET"]}}],"collection":[{"href":"https:\/\/ucm.one\/en\/wp-json\/wp\/v2\/product"}],"about":[{"href":"https:\/\/ucm.one\/en\/wp-json\/wp\/v2\/types\/product"}],"replies":[{"embeddable":true,"href":"https:\/\/ucm.one\/en\/wp-json\/wp\/v2\/comments?post=60547"}],"wp:featuredmedia":[{"embeddable":true,"href":"https:\/\/ucm.one\/en\/wp-json\/wp\/v2\/media\/44494"}],"wp:attachment":[{"href":"https:\/\/ucm.one\/en\/wp-json\/wp\/v2\/media?parent=60547"}],"wp:term":[{"taxonomy":"product_brand","embeddable":true,"href":"https:\/\/ucm.one\/en\/wp-json\/wp\/v2\/product_brand?post=60547"},{"taxonomy":"product_cat","embeddable":true,"href":"https:\/\/ucm.one\/en\/wp-json\/wp\/v2\/product_cat?post=60547"},{"taxonomy":"product_tag","embeddable":true,"href":"https:\/\/ucm.one\/en\/wp-json\/wp\/v2\/product_tag?post=60547"}],"curies":[{"name":"wp","href":"https:\/\/api.w.org\/{rel}","templated":true}]}}