{"id":60538,"date":"2021-05-09T08:38:07","date_gmt":"2021-05-09T08:38:07","guid":{"rendered":"https:\/\/ucm.one\/produkt\/night-crowned-haedanfaerd\/"},"modified":"2024-11-24T10:45:13","modified_gmt":"2024-11-24T10:45:13","slug":"night-crowned-haedanfaerd","status":"publish","type":"product","link":"https:\/\/ucm.one\/en\/produkt\/night-crowned-haedanfaerd\/","title":{"rendered":"Night Crowned &#8211; H\u00e4danf\u00e4rd"},"content":{"rendered":"<div class=\"wpb-content-wrapper\"><div class=\"vc_row wpb_row vc_row-fluid\">\n<div class=\"wpb_column vc_column_container vc_col-sm-12\">\n<div class=\"vc_column-inner\">\n<div class=\"wpb_wrapper\">\n<div class=\"wpb_text_column wpb_content_element \">\n<div class=\"wpb_wrapper\">\n<div class=\"vc_row wpb_row vc_row-fluid\">\n<div class=\"wpb_column vc_column_container vc_col-sm-12\">\n<div class=\"vc_column-inner\">\n<div class=\"wpb_wrapper\">\n<div class=\"wpb_text_column wpb_content_element \">\n<div class=\"wpb_wrapper\">\n<p>Hailed by critics and fans alike as one of the best releases of the year,\u00a0<strong>Night Crowned<\/strong>\u00a0took the heavy scene by storm with their debut studio album, \u201c<strong>Impius Viam<\/strong>\u201d (2020,\u00a0<strong>Noble Demon<\/strong>). Consisting of former and current members of legendary acts such as\u00a0<strong>Dark Funeral<\/strong>,\u00a0<strong>Nightrage<\/strong>\u00a0and\u00a0<strong>Cipher System<\/strong>\u00a0and with a musical vision as clear as it is haunting and disturbing, the band created with their latest album an imposing work full of rage, melancholy and pure destruction, offering a true reawakening of the sounds dormant from the most influential acts and masterpieces of the Scandinavian \u201890s.<\/p>\n<\/div>\n<\/div>\n<\/div>\n<\/div>\n<\/div>\n<\/div>\n<div class=\"vc_row wpb_row vc_row-fluid\">\n<div class=\"wpb_column vc_column_container vc_col-sm-3\/5\">\n<div class=\"vc_column-inner\">\n<div class=\"wpb_wrapper\">\n<div class=\"wpb_text_column wpb_content_element \">\n<div class=\"wpb_wrapper\">\n<div class=\"wpb_text_column wpb_content_element \">\n<div class=\"wpb_wrapper\">\n<div class=\"\">Without showing any signs of slowing down, and even while the current release was being carried across the globe, the band started working on their highly anticipated follow-up record, titled \u201c<strong>H\u00e4danf\u00e4rd<\/strong>\u201c, set for release on July 9th 2021, via German label\u00a0<strong>Noble Demon<\/strong>. Thematically inspired by a story by singer\u00a0<strong>K. Romlin<\/strong>, which deals with encounters with death, a far-reaching concept for the soon-to-be-released record was developed during the band\u2019s intense demo process. Carried with depth through 9 atmospheric tracks and supported in a vivid way by individual, written down interpretations and explanations of\u00a0<strong>K. Romlin<\/strong>, \u201c<strong>H\u00e4danf\u00e4rd<\/strong>\u201d is an infernal, bleak monolith of an album, one that will most likely see\u00a0<strong>Night Crowned<\/strong>\u00a0step out as one of Sweden\u2019s best kept blackened death metal secrets.<\/div>\n<div><\/div>\n<\/div>\n<\/div>\n<\/div>\n<\/div>\n<\/div>\n<\/div>\n<\/div>\n<\/div>\n<\/div>\n<\/div>\n<\/div>\n<\/div>\n<\/div>\n<\/div>\n<div class=\"vc_row wpb_row vc_row-fluid\">\n<div class=\"wpb_column vc_column_container vc_col-sm-3\/5\">\n<div class=\"vc_column-inner\">\n<div class=\"wpb_wrapper\">\n<div class=\"wpb_text_column wpb_content_element \">\n<div class=\"wpb_wrapper\">\n<div class=\"wpb_text_column wpb_content_element \">\n<div class=\"wpb_wrapper\">\n<div><div class=\"gap\" style=\"line-height: 20px; height: 20px;\"><\/div><\/div>\n<h5>More information<\/h5>\n<\/div>\n<div>\n<div>\n<table style=\"height: 46px; width: 100%; border-collapse: collapse; border-color: #ffffff; background-color: #ffffff; border-style: hidden;\">\n<tbody>\n<tr style=\"height: 23px; border-style: hidden; border-color: #ffffff; background-color: #ffffff;\">\n<td style=\"width: 58.953125px; height: 23px;\">Band:<\/td>\n<td style=\"width: 1204.0625px; height: 23px;\"><a title=\"Night Crowned | Noble Demon\" href=\"https:\/\/ucm.one\/en\/night-crowned\/\">Night Crowned<\/a><\/td>\n<\/tr>\n<tr style=\"height: 23px;\">\n<td style=\"width: 58.953125px; height: 23px;\">Label:<\/td>\n<td style=\"width: 1204.0625px; height: 23px;\"><a title=\"Noble Demon\" href=\"https:\/\/ucm.one\/en\/music-labels\/noble-demon\/\">Noble Demon<\/a><\/td>\n<\/tr>\n<\/tbody>\n<\/table>\n<\/div>\n<div><\/div>\n<div><div class=\"gap\" style=\"line-height: 10px; height: 10px;\"><\/div><\/div>\n<div>\u2117 &amp; \u00a9 2021 <strong>Noble Demon<\/strong> \/ <span style=\"font-family: 'arial black', sans-serif;\"><strong>UCM.ONE<\/strong><\/span><\/div>\n<div><div class=\"gap\" style=\"line-height: 20px; height: 20px;\"><\/div><\/div>\n<div>\n<div><\/div>\n<div>\n<div><div class=\"gap\" style=\"line-height: 10px; height: 10px;\"><\/div><\/div>\n<div><span style=\"color: #003a80;\"><strong>\u27a0 <a style=\"color: #003a80;\" title=\"Shop\" href=\"\/en\/product-category\/type-en\/music\/\">to the shop<\/a><\/strong><\/span><\/div>\n<div><div class=\"gap\" style=\"line-height: 20px; height: 20px;\"><\/div><\/div>\n<\/div>\n<\/div>\n<\/div>\n<\/div>\n<\/div>\n<\/div>\n<\/div>\n<\/div>\n<\/div>\n<\/div>\n<\/div>","protected":false},"excerpt":{"rendered":"<p>Band: <a href=\"https:\/\/ucm.one\/en\/?s=%22Night+Crowned%22&amp;post_type=product\"><strong>Night Crowned<\/strong><\/a><\/p>\n<p>Label: <a href=\"https:\/\/ucm.one\/en\/product-category\/label-music\/noble-demon-en\"><strong>Noble Demon<\/strong><\/a><\/p>\n<p>Type: <strong><a href=\"https:\/\/ucm.one\/en\/product-category\/type-en\/music\/\">Music<\/a> (Album)<\/strong><\/p>\n<p>Genres: <strong><a href=\"https:\/\/ucm.one\/en\/product-category\/genre-music\/metal-en\/\">Metal<\/a>, <a href=\"https:\/\/ucm.one\/en\/product-category\/genre-music\/metal-en\/black-metal\/\">Black Metal<\/a><\/strong><\/p>\n<p>Year: <strong>2021<\/strong><\/p>\n<p>Formats: <strong>Divers<\/strong><\/p>\n","protected":false},"featured_media":51637,"comment_status":"closed","ping_status":"closed","template":"","meta":{"_acf_changed":false},"product_brand":[],"product_cat":[10676,10678,10680,10701,10704,10641,10648,10652],"product_tag":[11054,11091,11092,11093,11047,10023,11048,10249,11049,11050,11051,11052],"class_list":{"0":"post-60538","1":"product","2":"type-product","3":"status-publish","4":"has-post-thumbnail","6":"product_cat-metal-en","7":"product_cat-black-metal","8":"product_cat-death-metal","9":"product_cat-noble-demon-en","10":"product_cat-bundle","11":"product_cat-music","12":"product_cat-cd","13":"product_cat-vinyl","14":"product_tag-black-metal-2","15":"product_tag-nattkroent-2","16":"product_tag-hadanfard","17":"product_tag-nightrage-2","18":"product_tag-metal-2","19":"product_tag-noble-demon-2","20":"product_tag-heavy-metal-2","21":"product_tag-lp-2","22":"product_tag-night-crowned-2","23":"product_tag-dark-funeral-2","24":"product_tag-death-metal-2","25":"product_tag-cipher-system-2","26":"pa_format-lp-black-vinyl-en","27":"pa_format-lp-transparent-orange-vinyl-en","28":"pa_format-cd-digipak-en","29":"pa_format-lp-ghost-silver-marble-vinyl-en","30":"pa_format-lp-black-vinyl-t-shirt-bundle-en","31":"pa_format-lp-transparent-orange-vinyl-t-shirt-bundle-en","32":"pa_format-2xlp-ghost-silver-vinyl-t-shirt-bundle-en","33":"pa_format-cd-digipak-t-shirt-bundle-en","34":"pa_label-noble-demon-en","35":"description-off","37":"first","38":"instock","39":"taxable","40":"shipping-taxable","41":"purchasable","42":"product-type-variable"},"acf":[],"yoast_head":"<!-- This site is optimized with the Yoast SEO plugin v27.2 - https:\/\/yoast.com\/product\/yoast-seo-wordpress\/ -->\n<title>Night Crowned - H\u00e4danf\u00e4rd<\/title>\n<meta name=\"description\" content=\"Shop | Night Crowned - H\u00e4danf\u00e4rd | 2021 | Noble Demon | CD, LP (Black Vinyl), LP (Ghost Silver Marble Vinyl), LP (Transparent Orange Vinyl), T-Shirt\" \/>\n<meta name=\"robots\" content=\"index, follow, max-snippet:-1, max-image-preview:large, max-video-preview:-1\" \/>\n<link rel=\"canonical\" href=\"https:\/\/ucm.one\/en\/produkt\/night-crowned-haedanfaerd\/\" \/>\n<meta property=\"og:locale\" content=\"en_US\" \/>\n<meta property=\"og:type\" content=\"article\" \/>\n<meta property=\"og:title\" content=\"Night Crowned - H\u00e4danf\u00e4rd\" \/>\n<meta property=\"og:description\" content=\"Shop | Night Crowned - H\u00e4danf\u00e4rd | 2021 | Noble Demon | CD, LP (Black Vinyl), LP (Ghost Silver Marble Vinyl), LP (Transparent Orange Vinyl), T-Shirt\" \/>\n<meta property=\"og:url\" content=\"https:\/\/ucm.one\/en\/produkt\/night-crowned-haedanfaerd\/\" \/>\n<meta property=\"og:site_name\" content=\"UCM.ONE\" \/>\n<meta property=\"article:modified_time\" content=\"2024-11-24T10:45:13+00:00\" \/>\n<meta property=\"og:image\" content=\"https:\/\/ucm.one\/wp-content\/uploads\/2021\/04\/C-Night-Crowned-Hadanfard-Digital.jpg\" \/>\n<meta name=\"twitter:card\" content=\"summary_large_image\" \/>\n<meta name=\"twitter:title\" content=\"Night Crowned - H\u00e4danf\u00e4rd\" \/>\n<meta name=\"twitter:description\" content=\"Shop | Night Crowned - H\u00e4danf\u00e4rd | 2021 | Noble Demon | CD, LP (Black Vinyl), LP (Ghost Silver Marble Vinyl), LP (Transparent Orange Vinyl), T-Shirt\" \/>\n<meta name=\"twitter:image\" content=\"https:\/\/ucm.one\/wp-content\/uploads\/2021\/04\/C-Night-Crowned-Hadanfard-Digital.jpg\" \/>\n<meta name=\"twitter:label1\" content=\"Est. reading time\" \/>\n\t<meta name=\"twitter:data1\" content=\"1 minute\" \/>\n<!-- \/ Yoast SEO plugin. -->","yoast_head_json":{"title":"Night Crowned - H\u00e4danf\u00e4rd","description":"Shop | Night Crowned - H\u00e4danf\u00e4rd | 2021 | Noble Demon | CD, LP (Black Vinyl), LP (Ghost Silver Marble Vinyl), LP (Transparent Orange Vinyl), T-Shirt","robots":{"index":"index","follow":"follow","max-snippet":"max-snippet:-1","max-image-preview":"max-image-preview:large","max-video-preview":"max-video-preview:-1"},"canonical":"https:\/\/ucm.one\/en\/produkt\/night-crowned-haedanfaerd\/","og_locale":"en_US","og_type":"article","og_title":"Night Crowned - H\u00e4danf\u00e4rd","og_description":"Shop | Night Crowned - H\u00e4danf\u00e4rd | 2021 | Noble Demon | CD, LP (Black Vinyl), LP (Ghost Silver Marble Vinyl), LP (Transparent Orange Vinyl), T-Shirt","og_url":"https:\/\/ucm.one\/en\/produkt\/night-crowned-haedanfaerd\/","og_site_name":"UCM.ONE","article_modified_time":"2024-11-24T10:45:13+00:00","og_image":[{"url":"https:\/\/ucm.one\/wp-content\/uploads\/2021\/04\/C-Night-Crowned-Hadanfard-Digital.jpg","type":"","width":"","height":""}],"twitter_card":"summary_large_image","twitter_title":"Night Crowned - H\u00e4danf\u00e4rd","twitter_description":"Shop | Night Crowned - H\u00e4danf\u00e4rd | 2021 | Noble Demon | CD, LP (Black Vinyl), LP (Ghost Silver Marble Vinyl), LP (Transparent Orange Vinyl), T-Shirt","twitter_image":"https:\/\/ucm.one\/wp-content\/uploads\/2021\/04\/C-Night-Crowned-Hadanfard-Digital.jpg","twitter_misc":{"Est. reading time":"1 minute"},"schema":{"@context":"https:\/\/schema.org","@graph":[{"@type":"WebPage","@id":"https:\/\/ucm.one\/en\/produkt\/night-crowned-haedanfaerd\/","url":"https:\/\/ucm.one\/en\/produkt\/night-crowned-haedanfaerd\/","name":"Night Crowned - H\u00e4danf\u00e4rd","isPartOf":{"@id":"https:\/\/ucm.one\/en\/#website"},"primaryImageOfPage":{"@id":"https:\/\/ucm.one\/en\/produkt\/night-crowned-haedanfaerd\/#primaryimage"},"image":{"@id":"https:\/\/ucm.one\/en\/produkt\/night-crowned-haedanfaerd\/#primaryimage"},"thumbnailUrl":"https:\/\/ucm.one\/wp-content\/uploads\/2021\/04\/C-Night-Crowned-Hadanfard-Digital.jpg","datePublished":"2021-05-09T08:38:07+00:00","dateModified":"2024-11-24T10:45:13+00:00","description":"Shop | Night Crowned - H\u00e4danf\u00e4rd | 2021 | Noble Demon | CD, LP (Black Vinyl), LP (Ghost Silver Marble Vinyl), LP (Transparent Orange Vinyl), T-Shirt","breadcrumb":{"@id":"https:\/\/ucm.one\/en\/produkt\/night-crowned-haedanfaerd\/#breadcrumb"},"inLanguage":"en-US","potentialAction":[{"@type":"ReadAction","target":["https:\/\/ucm.one\/en\/produkt\/night-crowned-haedanfaerd\/"]}]},{"@type":"ImageObject","inLanguage":"en-US","@id":"https:\/\/ucm.one\/en\/produkt\/night-crowned-haedanfaerd\/#primaryimage","url":"https:\/\/ucm.one\/wp-content\/uploads\/2021\/04\/C-Night-Crowned-Hadanfard-Digital.jpg","contentUrl":"https:\/\/ucm.one\/wp-content\/uploads\/2021\/04\/C-Night-Crowned-Hadanfard-Digital.jpg","width":1000,"height":1000},{"@type":"BreadcrumbList","@id":"https:\/\/ucm.one\/en\/produkt\/night-crowned-haedanfaerd\/#breadcrumb","itemListElement":[{"@type":"ListItem","position":1,"name":"Home","item":"https:\/\/ucm.one\/en\/"},{"@type":"ListItem","position":2,"name":"Shop","item":"https:\/\/ucm.one\/en\/shop\/"},{"@type":"ListItem","position":3,"name":"Night Crowned &#8211; H\u00e4danf\u00e4rd"}]},{"@type":"WebSite","@id":"https:\/\/ucm.one\/en\/#website","url":"https:\/\/ucm.one\/en\/","name":"UCM.ONE","description":"","publisher":{"@id":"https:\/\/ucm.one\/en\/#organization"},"potentialAction":[{"@type":"SearchAction","target":{"@type":"EntryPoint","urlTemplate":"https:\/\/ucm.one\/en\/?s={search_term_string}"},"query-input":{"@type":"PropertyValueSpecification","valueRequired":true,"valueName":"search_term_string"}}],"inLanguage":"en-US"},{"@type":"Organization","@id":"https:\/\/ucm.one\/en\/#organization","name":"UCM.ONE","url":"https:\/\/ucm.one\/en\/","logo":{"@type":"ImageObject","inLanguage":"en-US","@id":"https:\/\/ucm.one\/en\/#\/schema\/logo\/image\/","url":"https:\/\/ucm.one\/wp-content\/uploads\/2019\/10\/UCM.ONE-Logo-RGB.svg","contentUrl":"https:\/\/ucm.one\/wp-content\/uploads\/2019\/10\/UCM.ONE-Logo-RGB.svg","width":1,"height":1,"caption":"UCM.ONE"},"image":{"@id":"https:\/\/ucm.one\/en\/#\/schema\/logo\/image\/"}}]}},"_links":{"self":[{"href":"https:\/\/ucm.one\/en\/wp-json\/wp\/v2\/product\/60538","targetHints":{"allow":["GET"]}}],"collection":[{"href":"https:\/\/ucm.one\/en\/wp-json\/wp\/v2\/product"}],"about":[{"href":"https:\/\/ucm.one\/en\/wp-json\/wp\/v2\/types\/product"}],"replies":[{"embeddable":true,"href":"https:\/\/ucm.one\/en\/wp-json\/wp\/v2\/comments?post=60538"}],"wp:featuredmedia":[{"embeddable":true,"href":"https:\/\/ucm.one\/en\/wp-json\/wp\/v2\/media\/51637"}],"wp:attachment":[{"href":"https:\/\/ucm.one\/en\/wp-json\/wp\/v2\/media?parent=60538"}],"wp:term":[{"taxonomy":"product_brand","embeddable":true,"href":"https:\/\/ucm.one\/en\/wp-json\/wp\/v2\/product_brand?post=60538"},{"taxonomy":"product_cat","embeddable":true,"href":"https:\/\/ucm.one\/en\/wp-json\/wp\/v2\/product_cat?post=60538"},{"taxonomy":"product_tag","embeddable":true,"href":"https:\/\/ucm.one\/en\/wp-json\/wp\/v2\/product_tag?post=60538"}],"curies":[{"name":"wp","href":"https:\/\/api.w.org\/{rel}","templated":true}]}}