{"id":98943,"date":"2023-10-28T21:44:19","date_gmt":"2023-10-28T21:44:19","guid":{"rendered":"https:\/\/ucm.one\/?post_type=product&#038;p=98943"},"modified":"2024-03-31T19:59:58","modified_gmt":"2024-03-31T19:59:58","slug":"pigs","status":"publish","type":"product","link":"https:\/\/ucm.one\/de\/produkt\/pigs\/","title":{"rendered":"Pigs"},"content":{"rendered":"<div class=\"wpb_text_column wpb_content_element \">\n<div class=\"wpb_wrapper\">\n<div class=\"\">\n<div class=\"wpb_text_column wpb_content_element \">\n<div class=\"wpb_wrapper\">\n<div class=\"wpb_text_column wpb_content_element \">\n<div class=\"wpb_wrapper\">\n<p style=\"font-weight: 400;\">Lynn Hart (<strong>Toni Lawrence<\/strong>) t\u00f6tet mit mehreren Messerstichen ihren Vater, als dieser versucht sie zu vergewaltigen und wird daraufhin in der psychiatrischen Klinik vom Camarillo State eingewiesen. Eines Abends flieht sie aus der Anstalt und findet Unterschlupf beim Farmer Zambrini (<strong>Marc Lawrence<\/strong>), der die junge Frau schnell wie eine eigene Tochter behandelt. Lynn ahnt zun\u00e4chst nicht, dass der Farmer unangenehme Leute aus dem Weg r\u00e4umt und die Leichen, in zerst\u00fcckelter Form, an seine Schweine verf\u00fcttert. <span style=\"font-weight: 400;\">Als dann ein Gast in Zambrinis Truck Stop Lynn zu nahekommt, nimmt das Unheil seinen Lauf&#8230; und Lynn beginnt einen Rachefeldzug gegen alle M\u00e4nner.<\/span><\/p>\n<\/div>\n<\/div>\n<\/div>\n<\/div>\n<\/div>\n<\/div>\n<\/div>\n<div><div class=\"gap\" style=\"line-height: 20px; height: 20px;\"><\/div><\/div>\n<h5>Weitere Informationen<\/h5>\n<div>\n<div>\n<table style=\"height: 46px; width: 100%; border-collapse: collapse; border-color: #ffffff; background-color: #ffffff; border-style: hidden;\">\n<tbody>\n<tr style=\"height: 23px;\">\n<td style=\"width: 4.701195219123506%; height: 23px; border-style: hidden;\">Label:<\/td>\n<td style=\"width: 95.29880478087651%; height: 23px; border-style: hidden;\"><a title=\"M-Square Pictures\" href=\"https:\/\/ucm.one\/de\/film-labels\/m-square-pictures\/#m-square-classics\">M-Square Classics<\/a><\/td>\n<\/tr>\n<\/tbody>\n<\/table>\n<\/div>\n<div><\/div>\n<\/div>\n<div>\n<div><div class=\"gap\" style=\"line-height: 10px; height: 10px;\"><\/div><\/div>\n<div>\u2117 1973\u00a0<strong>Ursus Productions<\/strong>, \u00a0\u00a9 2023 <strong>M-Square Classics<\/strong> <span style=\"font-family: 'arial black', sans-serif;\"><strong>\/ UCM.ONE<\/strong><\/span><\/div>\n<div><div class=\"gap\" style=\"line-height: 20px; height: 20px;\"><\/div><\/div>\n<div>\n<div><\/div>\n<div>\n<div><div class=\"gap\" style=\"line-height: 10px; height: 10px;\"><\/div><\/div>\n<div><span style=\"color: #003a80;\"><strong>\u27a0 <a style=\"color: #003a80;\" href=\"https:\/\/ucm.one\/de\/produkt-kategorie\/art-de\/filme-de\/\">zum Shop<\/a><\/strong><\/span><\/div>\n<div><div class=\"gap\" style=\"line-height: 20px; height: 20px;\"><\/div><\/div>\n<\/div>\n<\/div>\n<\/div>\n","protected":false},"excerpt":{"rendered":"<p>Regie:<a title=\"\" href=\"https:\/\/ucm.one\/de\/?s=%22Marc+Lawrence%22&amp;post_type=product\">\u00a0<\/a><strong><a title=\"\" href=\"https:\/\/ucm.one\/de\/?s=%22Marc+Lawrence%22&amp;post_type=product\">Marc Lawrence<\/a><\/strong><\/p>\n<p>Label: <a title=\"M-Square Pictures\" href=\"https:\/\/ucm.one\/de\/produkt-kategorie\/label-film-de\/m-square-classics-de\"><strong>M-Square Classics<\/strong><\/a><\/p>\n<p>Art:\u00a0<strong><a href=\"https:\/\/ucm.one\/de\/produkt-kategorie\/art-de\/filme-de\/\">Film<\/a> (Spielfilm)<\/strong><\/p>\n<p>Genres: <strong><a title=\"\" href=\"https:\/\/ucm.one\/de\/produkt-kategorie\/genre-film-de\/horror-de\/\">Horror<\/a><\/strong>, <strong><a title=\"\" href=\"https:\/\/ucm.one\/de\/produkt-kategorie\/genre-film-de\/thriller-de\/\">Thriller<\/a><\/strong><b><\/b><\/p>\n<p>Jahr: <strong>2023<\/strong><\/p>\n<p>FSK: <strong>16<\/strong><\/p>\n<p>Formate: <strong>Diverse<\/strong><\/p>\n","protected":false},"featured_media":98944,"comment_status":"open","ping_status":"closed","template":"","meta":{"_acf_changed":false},"product_brand":[],"product_cat":[10327,10330,10331,10332,10333,9708,12093,10324],"product_tag":[16881,10326,16871,16872,16873,16874,16875,16876,10913,16877,16878,16879,12915,16880,16870],"class_list":{"0":"post-98943","1":"product","2":"type-product","3":"status-publish","4":"has-post-thumbnail","6":"product_cat-horror-de","7":"product_cat-thriller-de","8":"product_cat-dvd-de","9":"product_cat-blu-ray-de","10":"product_cat-mediabooks-de","11":"product_cat-filme-de","12":"product_cat-klassiker-de","13":"product_cat-m-square-classics-de","14":"product_tag-bone-adams","15":"product_tag-m-square-classics","16":"product_tag-daddys-deadly-darling","17":"product_tag-toni-lawrence","18":"product_tag-marc-lawrence","19":"product_tag-paul-hickey","20":"product_tag-katharine-ross","21":"product_tag-iris-korn","22":"product_tag-walter-barnes","23":"product_tag-jim-antonio","24":"product_tag-william-michael","25":"product_tag-erik-holland","26":"product_tag-jesse-vint","27":"product_tag-don-skylar","28":"product_tag-pigs","29":"pa_format-mediabook-blu-ray-dvd","30":"pa_format-dvd","31":"pa_format-blu-ray-de","32":"description-off","34":"first","35":"instock","36":"sale","37":"taxable","38":"shipping-taxable","39":"purchasable","40":"product-type-variable"},"acf":[],"yoast_head":"<!-- This site is optimized with the Yoast SEO plugin v27.2 - https:\/\/yoast.com\/product\/yoast-seo-wordpress\/ -->\n<title>Pigs<\/title>\n<meta name=\"description\" content=\"Shop | Pigs | 2023 | M-Square Classics | Mediabook, Blu-Ray + DVD | FSK 16\" \/>\n<meta name=\"robots\" content=\"index, follow, max-snippet:-1, max-image-preview:large, max-video-preview:-1\" \/>\n<link rel=\"canonical\" href=\"https:\/\/ucm.one\/de\/produkt\/pigs\/\" \/>\n<meta property=\"og:locale\" content=\"de_DE\" \/>\n<meta property=\"og:type\" content=\"article\" \/>\n<meta property=\"og:title\" content=\"Pigs\" \/>\n<meta property=\"og:description\" content=\"Shop | Pigs | 2023 | M-Square Classics | Mediabook, Blu-Ray + DVD | FSK 16\" \/>\n<meta property=\"og:url\" content=\"https:\/\/ucm.one\/de\/produkt\/pigs\/\" \/>\n<meta property=\"og:site_name\" content=\"UCM.ONE\" \/>\n<meta property=\"article:modified_time\" content=\"2024-03-31T19:59:58+00:00\" \/>\n<meta property=\"og:image\" content=\"https:\/\/ucm.one\/wp-content\/uploads\/2023\/11\/C-Pigs-MB-2D-FSK16.jpg\" \/>\n<meta name=\"twitter:card\" content=\"summary_large_image\" \/>\n<meta name=\"twitter:title\" content=\"Pigs\" \/>\n<meta name=\"twitter:description\" content=\"Shop | Pigs | 2023 | M-Square Classics | Mediabook, Blu-Ray + DVD | FSK 16\" \/>\n<meta name=\"twitter:image\" content=\"https:\/\/ucm.one\/wp-content\/uploads\/2023\/11\/C-Pigs-MB-2D-FSK16.jpg\" \/>\n<meta name=\"twitter:label1\" content=\"Gesch\u00e4tzte Lesezeit\" \/>\n\t<meta name=\"twitter:data1\" content=\"1\u00a0Minute\" \/>\n<!-- \/ Yoast SEO plugin. -->","yoast_head_json":{"title":"Pigs","description":"Shop | Pigs | 2023 | M-Square Classics | Mediabook, Blu-Ray + DVD | FSK 16","robots":{"index":"index","follow":"follow","max-snippet":"max-snippet:-1","max-image-preview":"max-image-preview:large","max-video-preview":"max-video-preview:-1"},"canonical":"https:\/\/ucm.one\/de\/produkt\/pigs\/","og_locale":"de_DE","og_type":"article","og_title":"Pigs","og_description":"Shop | Pigs | 2023 | M-Square Classics | Mediabook, Blu-Ray + DVD | FSK 16","og_url":"https:\/\/ucm.one\/de\/produkt\/pigs\/","og_site_name":"UCM.ONE","article_modified_time":"2024-03-31T19:59:58+00:00","og_image":[{"url":"https:\/\/ucm.one\/wp-content\/uploads\/2023\/11\/C-Pigs-MB-2D-FSK16.jpg","type":"","width":"","height":""}],"twitter_card":"summary_large_image","twitter_title":"Pigs","twitter_description":"Shop | Pigs | 2023 | M-Square Classics | Mediabook, Blu-Ray + DVD | FSK 16","twitter_image":"https:\/\/ucm.one\/wp-content\/uploads\/2023\/11\/C-Pigs-MB-2D-FSK16.jpg","twitter_misc":{"Gesch\u00e4tzte Lesezeit":"1\u00a0Minute"},"schema":{"@context":"https:\/\/schema.org","@graph":[{"@type":"WebPage","@id":"https:\/\/ucm.one\/de\/produkt\/pigs\/","url":"https:\/\/ucm.one\/de\/produkt\/pigs\/","name":"Pigs","isPartOf":{"@id":"https:\/\/ucm.one\/de\/#website"},"primaryImageOfPage":{"@id":"https:\/\/ucm.one\/de\/produkt\/pigs\/#primaryimage"},"image":{"@id":"https:\/\/ucm.one\/de\/produkt\/pigs\/#primaryimage"},"thumbnailUrl":"https:\/\/ucm.one\/wp-content\/uploads\/2023\/11\/C-Pigs-MB-2D-FSK16.jpg","datePublished":"2023-10-28T21:44:19+00:00","dateModified":"2024-03-31T19:59:58+00:00","description":"Shop | Pigs | 2023 | M-Square Classics | Mediabook, Blu-Ray + DVD | FSK 16","breadcrumb":{"@id":"https:\/\/ucm.one\/de\/produkt\/pigs\/#breadcrumb"},"inLanguage":"de","potentialAction":[{"@type":"ReadAction","target":["https:\/\/ucm.one\/de\/produkt\/pigs\/"]}]},{"@type":"ImageObject","inLanguage":"de","@id":"https:\/\/ucm.one\/de\/produkt\/pigs\/#primaryimage","url":"https:\/\/ucm.one\/wp-content\/uploads\/2023\/11\/C-Pigs-MB-2D-FSK16.jpg","contentUrl":"https:\/\/ucm.one\/wp-content\/uploads\/2023\/11\/C-Pigs-MB-2D-FSK16.jpg","width":699,"height":1000},{"@type":"BreadcrumbList","@id":"https:\/\/ucm.one\/de\/produkt\/pigs\/#breadcrumb","itemListElement":[{"@type":"ListItem","position":1,"name":"Home","item":"https:\/\/ucm.one\/de\/"},{"@type":"ListItem","position":2,"name":"Shop","item":"https:\/\/ucm.one\/de\/shop\/"},{"@type":"ListItem","position":3,"name":"Pigs"}]},{"@type":"WebSite","@id":"https:\/\/ucm.one\/de\/#website","url":"https:\/\/ucm.one\/de\/","name":"UCM.ONE","description":"","publisher":{"@id":"https:\/\/ucm.one\/de\/#organization"},"potentialAction":[{"@type":"SearchAction","target":{"@type":"EntryPoint","urlTemplate":"https:\/\/ucm.one\/de\/?s={search_term_string}"},"query-input":{"@type":"PropertyValueSpecification","valueRequired":true,"valueName":"search_term_string"}}],"inLanguage":"de"},{"@type":"Organization","@id":"https:\/\/ucm.one\/de\/#organization","name":"UCM.ONE","url":"https:\/\/ucm.one\/de\/","logo":{"@type":"ImageObject","inLanguage":"de","@id":"https:\/\/ucm.one\/de\/#\/schema\/logo\/image\/","url":"https:\/\/ucm.one\/wp-content\/uploads\/2019\/10\/UCM.ONE-Logo-RGB.svg","contentUrl":"https:\/\/ucm.one\/wp-content\/uploads\/2019\/10\/UCM.ONE-Logo-RGB.svg","width":1,"height":1,"caption":"UCM.ONE"},"image":{"@id":"https:\/\/ucm.one\/de\/#\/schema\/logo\/image\/"}}]}},"_links":{"self":[{"href":"https:\/\/ucm.one\/de\/wp-json\/wp\/v2\/product\/98943","targetHints":{"allow":["GET"]}}],"collection":[{"href":"https:\/\/ucm.one\/de\/wp-json\/wp\/v2\/product"}],"about":[{"href":"https:\/\/ucm.one\/de\/wp-json\/wp\/v2\/types\/product"}],"replies":[{"embeddable":true,"href":"https:\/\/ucm.one\/de\/wp-json\/wp\/v2\/comments?post=98943"}],"wp:featuredmedia":[{"embeddable":true,"href":"https:\/\/ucm.one\/de\/wp-json\/wp\/v2\/media\/98944"}],"wp:attachment":[{"href":"https:\/\/ucm.one\/de\/wp-json\/wp\/v2\/media?parent=98943"}],"wp:term":[{"taxonomy":"product_brand","embeddable":true,"href":"https:\/\/ucm.one\/de\/wp-json\/wp\/v2\/product_brand?post=98943"},{"taxonomy":"product_cat","embeddable":true,"href":"https:\/\/ucm.one\/de\/wp-json\/wp\/v2\/product_cat?post=98943"},{"taxonomy":"product_tag","embeddable":true,"href":"https:\/\/ucm.one\/de\/wp-json\/wp\/v2\/product_tag?post=98943"}],"curies":[{"name":"wp","href":"https:\/\/api.w.org\/{rel}","templated":true}]}}