{"id":98904,"date":"2023-11-13T13:15:18","date_gmt":"2023-11-13T13:15:18","guid":{"rendered":"https:\/\/ucm.one\/?post_type=product&#038;p=98904"},"modified":"2025-11-05T19:01:22","modified_gmt":"2025-11-05T19:01:22","slug":"mordrezepte-der-barbouzes","status":"publish","type":"product","link":"https:\/\/ucm.one\/de\/produkt\/mordrezepte-der-barbouzes\/","title":{"rendered":"Mordrezepte der Barbouzes"},"content":{"rendered":"<div class=\"wpb_text_column wpb_content_element \">\n<div class=\"wpb_wrapper\">\n<div class=\"\">\n<div class=\"wpb_text_column wpb_content_element \">\n<div class=\"wpb_wrapper\">\n<p class=\"normal\">Europa zur Zeit des Kalten Krieges: Benarshah ist ein ber\u00fcchtigter Waffenh\u00e4ndler, hinter dem alle m\u00f6glichen Nationen her sind. Als er jedoch pl\u00f6tzlich in einem franz\u00f6sischen Bordell verstirbt, bekommt der franz\u00f6sische Agent Francis Lagneau (<strong>Lino Ventura<\/strong>) den Auftrag, seinen Leichnam zu seiner Frau Amaranthe (<strong>Mireille Darc<\/strong>) auf sein bayrisches Schloss zur\u00fcckzubringen. Dort soll er sich um die Witwe \u201ek\u00fcmmern\u201c, da diese Geheimdokumente \u00fcber eine neue Atomwaffe in ihrem Besitz haben soll. Doch nicht nur die Franzosen sind an den Unterlagen interessiert. So tauchen in kurzer Zeit auf dem Schloss die verschiedensten Gestalten auf und veranstalten ein riesiges Hauen und Stechen untereinander&#8230;<\/p>\n<\/div>\n<\/div>\n<\/div>\n<\/div>\n<\/div>\n<div><div class=\"gap\" style=\"line-height: 20px; height: 20px;\"><\/div><\/div>\n<h5>Weitere Informationen<\/h5>\n<div>\n<div>\n<table style=\"height: 46px; width: 100%; border-collapse: collapse; border-color: #ffffff; background-color: #ffffff; border-style: hidden;\">\n<tbody>\n<tr style=\"height: 23px;\">\n<td style=\"width: 4.701195219123506%; height: 23px; border-style: hidden;\">Label:<\/td>\n<td style=\"width: 95.29880478087651%; height: 23px; border-style: hidden;\"><a title=\"\u00c9dition ParaSol Videoth\u00e8que\" href=\"https:\/\/ucm.one\/de\/film-labels\/artkeim\/#edition-parasol-videotheque\">\u00c9dition ParaSol Videoth\u00e8que<\/a> \/ <a title=\"B-Spree Classics\" href=\"https:\/\/ucm.one\/de\/film-labels\/artkeim\/\">Artkeim\u00b2<\/a><\/td>\n<\/tr>\n<\/tbody>\n<\/table>\n<\/div>\n<div><\/div>\n<\/div>\n<div>\n<div><div class=\"gap\" style=\"line-height: 10px; height: 10px;\"><\/div><\/div>\n<div>\u2117 1964\u00a0<strong>Soci\u00e9t\u00e9 des \u00c9tablissements L. Gaumont<\/strong>, \u00a9 2023 <strong>Edition ParaSol Videoth\u00e8que<\/strong>\u00a0\/ <strong>Artkeim\u00b2<\/strong> \/\u00a0<span style=\"font-family: 'arial black', sans-serif;\"><strong>UCM.ONE <\/strong><\/span><\/div>\n<div><div class=\"gap\" style=\"line-height: 20px; height: 20px;\"><\/div><\/div>\n<div>\n<div><\/div>\n<div>\n<div><div class=\"gap\" style=\"line-height: 10px; height: 10px;\"><\/div><\/div>\n<div><span style=\"color: #003a80;\"><strong>\u27a0 <a style=\"color: #003a80;\" href=\"https:\/\/ucm.one\/de\/produkt-kategorie\/art-de\/filme-de\/\">zum Shop<\/a><\/strong><\/span><\/div>\n<div><div class=\"gap\" style=\"line-height: 20px; height: 20px;\"><\/div><\/div>\n<\/div>\n<\/div>\n<\/div>\n","protected":false},"excerpt":{"rendered":"<p>Regie: <strong><a href=\"https:\/\/ucm.one\/de\/?s=%22Georges+Lautner%22&amp;post_type=product\"><span lang=\"IT\">Georges Lautner<\/span><\/a><\/strong><\/p>\n<p>Label: <strong><a title=\"\" href=\"https:\/\/ucm.one\/de\/produkt-kategorie\/label-film-de\/artkeim-de\/edition-parasol-videotheque-de\/\">\u00c9dition ParaSol Videoth\u00e8que\u00a0<\/a>\/ <a href=\"https:\/\/ucm.one\/de\/produkt-kategorie\/label-film-de\/artkeim-de\/\">Artkeim\u00b2<\/a><\/strong><\/p>\n<p>Art:\u00a0<strong><a href=\"https:\/\/ucm.one\/de\/produkt-kategorie\/art-de\/filme-de\/\">Film<\/a> (<a title=\"\" href=\"https:\/\/ucm.one\/de\/produkt-kategorie\/genre-film-de\/klassiker-de\/\">Klassiker<\/a>)<\/strong><\/p>\n<p>Genre: <b><a title=\"Liebe + Beziehung\" href=\"https:\/\/ucm.one\/de\/produkt-kategorie\/genre-film-de\/komoedie-de\/\">Kom\u00f6die<\/a>, <a title=\"Thriller\" href=\"https:\/\/ucm.one\/de\/produkt-kategorie\/genre-film-de\/thriller-de\/\">Thriller<\/a><\/b><\/p>\n<p>Jahr: <strong>2023<\/strong><\/p>\n<p>FSK: <strong>16<\/strong><\/p>\n<p>Format: <strong>Diverse<\/strong><\/p>\n","protected":false},"featured_media":98917,"comment_status":"open","ping_status":"closed","template":"","meta":{"_acf_changed":false},"product_brand":[],"product_cat":[12093,10332,10333,10338,10344,10356,9708,10358,10330,10331],"product_tag":[16866,16856,16867,16857,16868,16858,16869,16859,16860,16861,16862,16863,11003,16864,11006,16865],"class_list":{"0":"post-98904","1":"product","2":"type-product","3":"status-publish","4":"has-post-thumbnail","6":"product_cat-klassiker-de","7":"product_cat-blu-ray-de","8":"product_cat-mediabooks-de","9":"product_cat-artkeim-de","10":"product_cat-edition-parasol-videotheque-de","11":"product_cat-komoedie-de","12":"product_cat-filme-de","13":"product_cat-action-de","14":"product_cat-thriller-de","15":"product_cat-dvd-de","16":"product_tag-violette-marceau","17":"product_tag-mordrezepte-der-barbouzes","18":"product_tag-anne-marie-blot","19":"product_tag-georges-lautner","20":"product_tag-yves-elliot","21":"product_tag-michelle-audiard","22":"product_tag-alain-poire","23":"product_tag-francis-blanche","24":"product_tag-mireille-darc","25":"product_tag-jess-hahn","26":"product_tag-andre-weber","27":"product_tag-les-barbouzes","28":"product_tag-lino-ventura","29":"product_tag-jaques-balutin","30":"product_tag-bernard-blier","31":"product_tag-francoise-giret","32":"product_shipping_class-bd-2","33":"pa_format-blu-ray-de","34":"pa_format-mediabook-blu-ray-dvd","35":"pa_format-dvd","36":"description-off","38":"first","39":"instock","40":"sale","41":"taxable","42":"shipping-taxable","43":"purchasable","44":"product-type-variable"},"acf":[],"yoast_head":"<!-- This site is optimized with the Yoast SEO plugin v27.5 - https:\/\/yoast.com\/product\/yoast-seo-wordpress\/ -->\n<title>Mordrezepte der Barbouzes<\/title>\n<meta name=\"description\" content=\"Shop | Mordrezepte der Barbouzes | 2023 | Edition ParaSol Videoth\u00e8que \/ Artkeim\u00b2 | Mediabook (Blu-Ray + DVD), Blu-ray, DVD | FSK 12\" \/>\n<meta name=\"robots\" content=\"index, follow, max-snippet:-1, max-image-preview:large, max-video-preview:-1\" \/>\n<link rel=\"canonical\" href=\"https:\/\/ucm.one\/de\/produkt\/mordrezepte-der-barbouzes\/\" \/>\n<meta property=\"og:locale\" content=\"de_DE\" \/>\n<meta property=\"og:type\" content=\"article\" \/>\n<meta property=\"og:title\" content=\"Mordrezepte der Barbouzes\" \/>\n<meta property=\"og:description\" content=\"Shop | Mordrezepte der Barbouzes | 2023 | Edition ParaSol Videoth\u00e8que \/ Artkeim\u00b2 | Mediabook (Blu-Ray + DVD), Blu-ray, DVD | FSK 12\" \/>\n<meta property=\"og:url\" content=\"https:\/\/ucm.one\/de\/produkt\/mordrezepte-der-barbouzes\/\" \/>\n<meta property=\"og:site_name\" content=\"UCM.ONE\" \/>\n<meta property=\"article:modified_time\" content=\"2025-11-05T19:01:22+00:00\" \/>\n<meta property=\"og:image\" content=\"https:\/\/ucm.one\/wp-content\/uploads\/2023\/11\/C-Die-Mordrezepte-der-Barbouzes-2D-FSK16.jpg\" \/>\n<meta name=\"twitter:card\" content=\"summary_large_image\" \/>\n<meta name=\"twitter:title\" content=\"Mordrezepte der Barbouzes\" \/>\n<meta name=\"twitter:description\" content=\"Shop | Mordrezepte der Barbouzes | 2023 | Edition ParaSol Videoth\u00e8que \/ Artkeim\u00b2 | Mediabook (Blu-Ray + DVD), Blu-ray, DVD | FSK 12\" \/>\n<meta name=\"twitter:image\" content=\"https:\/\/ucm.one\/wp-content\/uploads\/2023\/11\/C-Die-Mordrezepte-der-Barbouzes-2D-FSK16.jpg\" \/>\n<meta name=\"twitter:label1\" content=\"Gesch\u00e4tzte Lesezeit\" \/>\n\t<meta name=\"twitter:data1\" content=\"1\u00a0Minute\" \/>\n<!-- \/ Yoast SEO plugin. -->","yoast_head_json":{"title":"Mordrezepte der Barbouzes","description":"Shop | Mordrezepte der Barbouzes | 2023 | Edition ParaSol Videoth\u00e8que \/ Artkeim\u00b2 | Mediabook (Blu-Ray + DVD), Blu-ray, DVD | FSK 12","robots":{"index":"index","follow":"follow","max-snippet":"max-snippet:-1","max-image-preview":"max-image-preview:large","max-video-preview":"max-video-preview:-1"},"canonical":"https:\/\/ucm.one\/de\/produkt\/mordrezepte-der-barbouzes\/","og_locale":"de_DE","og_type":"article","og_title":"Mordrezepte der Barbouzes","og_description":"Shop | Mordrezepte der Barbouzes | 2023 | Edition ParaSol Videoth\u00e8que \/ Artkeim\u00b2 | Mediabook (Blu-Ray + DVD), Blu-ray, DVD | FSK 12","og_url":"https:\/\/ucm.one\/de\/produkt\/mordrezepte-der-barbouzes\/","og_site_name":"UCM.ONE","article_modified_time":"2025-11-05T19:01:22+00:00","og_image":[{"url":"https:\/\/ucm.one\/wp-content\/uploads\/2023\/11\/C-Die-Mordrezepte-der-Barbouzes-2D-FSK16.jpg","type":"","width":"","height":""}],"twitter_card":"summary_large_image","twitter_title":"Mordrezepte der Barbouzes","twitter_description":"Shop | Mordrezepte der Barbouzes | 2023 | Edition ParaSol Videoth\u00e8que \/ Artkeim\u00b2 | Mediabook (Blu-Ray + DVD), Blu-ray, DVD | FSK 12","twitter_image":"https:\/\/ucm.one\/wp-content\/uploads\/2023\/11\/C-Die-Mordrezepte-der-Barbouzes-2D-FSK16.jpg","twitter_misc":{"Gesch\u00e4tzte Lesezeit":"1\u00a0Minute"},"schema":{"@context":"https:\/\/schema.org","@graph":[{"@type":"WebPage","@id":"https:\/\/ucm.one\/de\/produkt\/mordrezepte-der-barbouzes\/","url":"https:\/\/ucm.one\/de\/produkt\/mordrezepte-der-barbouzes\/","name":"Mordrezepte der Barbouzes","isPartOf":{"@id":"https:\/\/ucm.one\/de\/#website"},"primaryImageOfPage":{"@id":"https:\/\/ucm.one\/de\/produkt\/mordrezepte-der-barbouzes\/#primaryimage"},"image":{"@id":"https:\/\/ucm.one\/de\/produkt\/mordrezepte-der-barbouzes\/#primaryimage"},"thumbnailUrl":"https:\/\/ucm.one\/wp-content\/uploads\/2023\/11\/C-Die-Mordrezepte-der-Barbouzes-2D-FSK16.jpg","datePublished":"2023-11-13T13:15:18+00:00","dateModified":"2025-11-05T19:01:22+00:00","description":"Shop | Mordrezepte der Barbouzes | 2023 | Edition ParaSol Videoth\u00e8que \/ Artkeim\u00b2 | Mediabook (Blu-Ray + DVD), Blu-ray, DVD | FSK 12","breadcrumb":{"@id":"https:\/\/ucm.one\/de\/produkt\/mordrezepte-der-barbouzes\/#breadcrumb"},"inLanguage":"de","potentialAction":[{"@type":"ReadAction","target":["https:\/\/ucm.one\/de\/produkt\/mordrezepte-der-barbouzes\/"]}]},{"@type":"ImageObject","inLanguage":"de","@id":"https:\/\/ucm.one\/de\/produkt\/mordrezepte-der-barbouzes\/#primaryimage","url":"https:\/\/ucm.one\/wp-content\/uploads\/2023\/11\/C-Die-Mordrezepte-der-Barbouzes-2D-FSK16.jpg","contentUrl":"https:\/\/ucm.one\/wp-content\/uploads\/2023\/11\/C-Die-Mordrezepte-der-Barbouzes-2D-FSK16.jpg","width":699,"height":1000},{"@type":"BreadcrumbList","@id":"https:\/\/ucm.one\/de\/produkt\/mordrezepte-der-barbouzes\/#breadcrumb","itemListElement":[{"@type":"ListItem","position":1,"name":"Home","item":"https:\/\/ucm.one\/de\/"},{"@type":"ListItem","position":2,"name":"Shop","item":"https:\/\/ucm.one\/de\/shop\/"},{"@type":"ListItem","position":3,"name":"Mordrezepte der Barbouzes"}]},{"@type":"WebSite","@id":"https:\/\/ucm.one\/de\/#website","url":"https:\/\/ucm.one\/de\/","name":"UCM.ONE","description":"","publisher":{"@id":"https:\/\/ucm.one\/de\/#organization"},"potentialAction":[{"@type":"SearchAction","target":{"@type":"EntryPoint","urlTemplate":"https:\/\/ucm.one\/de\/?s={search_term_string}"},"query-input":{"@type":"PropertyValueSpecification","valueRequired":true,"valueName":"search_term_string"}}],"inLanguage":"de"},{"@type":"Organization","@id":"https:\/\/ucm.one\/de\/#organization","name":"UCM.ONE","url":"https:\/\/ucm.one\/de\/","logo":{"@type":"ImageObject","inLanguage":"de","@id":"https:\/\/ucm.one\/de\/#\/schema\/logo\/image\/","url":"https:\/\/ucm.one\/wp-content\/uploads\/2019\/10\/UCM.ONE-Logo-RGB.svg","contentUrl":"https:\/\/ucm.one\/wp-content\/uploads\/2019\/10\/UCM.ONE-Logo-RGB.svg","width":1,"height":1,"caption":"UCM.ONE"},"image":{"@id":"https:\/\/ucm.one\/de\/#\/schema\/logo\/image\/"}}]}},"_links":{"self":[{"href":"https:\/\/ucm.one\/de\/wp-json\/wp\/v2\/product\/98904","targetHints":{"allow":["GET"]}}],"collection":[{"href":"https:\/\/ucm.one\/de\/wp-json\/wp\/v2\/product"}],"about":[{"href":"https:\/\/ucm.one\/de\/wp-json\/wp\/v2\/types\/product"}],"replies":[{"embeddable":true,"href":"https:\/\/ucm.one\/de\/wp-json\/wp\/v2\/comments?post=98904"}],"wp:featuredmedia":[{"embeddable":true,"href":"https:\/\/ucm.one\/de\/wp-json\/wp\/v2\/media\/98917"}],"wp:attachment":[{"href":"https:\/\/ucm.one\/de\/wp-json\/wp\/v2\/media?parent=98904"}],"wp:term":[{"taxonomy":"product_brand","embeddable":true,"href":"https:\/\/ucm.one\/de\/wp-json\/wp\/v2\/product_brand?post=98904"},{"taxonomy":"product_cat","embeddable":true,"href":"https:\/\/ucm.one\/de\/wp-json\/wp\/v2\/product_cat?post=98904"},{"taxonomy":"product_tag","embeddable":true,"href":"https:\/\/ucm.one\/de\/wp-json\/wp\/v2\/product_tag?post=98904"}],"curies":[{"name":"wp","href":"https:\/\/api.w.org\/{rel}","templated":true}]}}