{"id":98860,"date":"2023-11-11T23:56:18","date_gmt":"2023-11-11T23:56:18","guid":{"rendered":"https:\/\/ucm.one\/?post_type=product&#038;p=98860"},"modified":"2024-04-30T10:00:57","modified_gmt":"2024-04-30T10:00:57","slug":"winterhorde-neptunian","status":"publish","type":"product","link":"https:\/\/ucm.one\/de\/produkt\/winterhorde-neptunian\/","title":{"rendered":"Winterhorde &#8211; Neptunian"},"content":{"rendered":"<div class=\"wpb_text_column wpb_content_element \">\n<div class=\"wpb_wrapper\">\n<div class=\"\">\n<div class=\"\">\n<div class=\"wpb_text_column wpb_content_element \">\n<div class=\"wpb_wrapper\">\n<div class=\"wpb_text_column wpb_content_element \">\n<div class=\"wpb_wrapper\">\n<div class=\"\">\n<p>Zwischen bezaubernder Z\u00e4rtlichkeit und Brutalit\u00e4t, zwischen den Feuern der Unterwelt und den k\u00e4ltesten D\u00e4mpfen des Nordens, das ist das Wesen, das sich <strong>Winterhorde<\/strong>\u00a0nennt. Die 2002 in Nordisrael gegr\u00fcndete Progressive-Extreme-Metal-Gruppe hat sich weiterentwickelt und versucht, mit jedem Akkord, den sie spielt und aufnimmt, etwas Gr\u00f6\u00dferes zu werden. Nur der Himmel ist die Grenze. Ob durch die alten K\u00fcnste des Blackened Metal oder durch die Juwelen der Progression, <strong>Winterhorde<\/strong> sind auf dem Weg, das n\u00e4chste Ding in artikulierter Extremit\u00e4t zu werden.<\/p>\n<p><strong>Winterhorde<\/strong> hat nun die Ver\u00f6ffentlichung ihres mit Spannung erwarteten vierten Studioalbums \u201c<strong>Neptunian<\/strong>\u201d angek\u00fcndigt, das \u00fcber <strong>Noble Demon<\/strong> erscheinen wird.<\/p>\n<\/div>\n<\/div>\n<\/div>\n<\/div>\n<\/div>\n<\/div>\n<\/div>\n<\/div>\n<\/div>\n<div><div class=\"gap\" style=\"line-height: 20px; height: 20px;\"><\/div><\/div>\n<h5>Weitere Informationen<\/h5>\n<table style=\"height: 46px; width: 100%; border-collapse: collapse; border-color: #ffffff; background-color: #ffffff; border-style: hidden;\">\n<tbody>\n<tr style=\"height: 23px; border-style: hidden; border-color: #ffffff; background-color: #ffffff;\">\n<td style=\"width: 58.953125px; height: 23px;\">Band:<\/td>\n<td style=\"width: 1204.0625px; height: 23px;\"><a title=\"Winterhorde | Noble Demon\" href=\"https:\/\/ucm.one\/de\/winterhorde\/\">Winterhorde<\/a><\/td>\n<\/tr>\n<tr style=\"height: 23px;\">\n<td style=\"width: 58.953125px; height: 23px;\">Label:<\/td>\n<td style=\"width: 1204.0625px; height: 23px;\"><a title=\"Noble Demon\" href=\"https:\/\/ucm.one\/de\/musik-labels\/noble-demon\/\">Noble Demon<\/a><\/td>\n<\/tr>\n<\/tbody>\n<\/table>\n<div>\n<div><\/div>\n<div><div class=\"gap\" style=\"line-height: 10px; height: 10px;\"><\/div><\/div>\n<div>\u2117 &amp; \u00a9 2024 <strong>Noble Demon<\/strong> \/ <span style=\"font-family: 'arial black', sans-serif;\"><strong>UCM.ONE<\/strong><\/span><\/div>\n<div><div class=\"gap\" style=\"line-height: 20px; height: 20px;\"><\/div><\/div>\n<div>\n<div><\/div>\n<div><div class=\"gap\" style=\"line-height: 10px; height: 10px;\"><\/div><\/div>\n<div><span style=\"color: #003a80;\"><strong>\u27a0 <a style=\"color: #003a80;\" title=\"\" href=\"https:\/\/ucm.one\/de\/produkt-kategorie\/art-de\/musik-de\/\">zum Shop<\/a><\/strong><\/span><\/div>\n<div><div class=\"gap\" style=\"line-height: 20px; height: 20px;\"><\/div><\/div>\n<\/div>\n<\/div>\n","protected":false},"excerpt":{"rendered":"<p>Band: <a title=\"\" href=\"https:\/\/ucm.one\/de\/?s=%22Winterhorde%22&amp;post_type=product\"><strong>Winterhorde<\/strong><\/a><\/p>\n<p>Label: <a href=\"https:\/\/ucm.one\/de\/produkt-kategorie\/label-musik-de\/noble-demon-de\/\"><strong>Noble Demon<\/strong><\/a><\/p>\n<p>Art: <strong><a href=\"https:\/\/ucm.one\/de\/produkt-kategorie\/art-de\/musik-de\/\">Musik<\/a> (Album)<\/strong><\/p>\n<p>Genres: <strong><a title=\"\" href=\"https:\/\/ucm.one\/de\/produkt-kategorie\/genre-musik-de\/heavy-metal-de\/modern-metal\/\">Heavy Metal<\/a>, <a title=\"\" href=\"https:\/\/ucm.one\/de\/produkt-kategorie\/genre-musik-de\/metal-de\/progressive-metal-de\/\">Progressive Metal<\/a><\/strong><\/p>\n<p>Jahr: <strong>2024<\/strong><\/p>\n<p>Formate: <strong>Diverse<\/strong><\/p>\n","protected":false},"featured_media":98376,"comment_status":"open","ping_status":"closed","template":"","meta":{"_acf_changed":false},"product_brand":[],"product_cat":[9809,9813,9855,9753,9755,10400,9756,10401,9713,10404,9714,14432],"product_tag":[16814,16815,16816,16817,16818,9763,9787,16813],"class_list":{"0":"post-98860","1":"product","2":"type-product","3":"status-publish","4":"has-post-thumbnail","6":"product_cat-black-metal-de","7":"product_cat-cd-de","8":"product_cat-progressive-metal-de","9":"product_cat-metal-de","10":"product_cat-label-musik-de","11":"product_cat-merchandise-de","12":"product_cat-noble-demon-de","13":"product_cat-t-shirt-de","14":"product_cat-musik-de","15":"product_cat-bundle-de","16":"product_cat-vinyl-de","17":"product_cat-metalcore-de","18":"product_tag-neptunian","19":"product_tag-maestro","20":"product_tag-progressive","21":"product_tag-extreme-metal","22":"product_tag-the-spirit-of-freedom","23":"product_tag-noble-demon","24":"product_tag-death-metal","25":"product_tag-winterhorde","26":"pa_format-2xlp-transnatural-green-marbled-vinyl-t-shirt-bundle-de","27":"pa_format-cd-digipak-t-shirt-bundle","28":"pa_format-2xlp-transnatural-green-marbled-vinyl-de","29":"pa_format-cd-digipak","30":"description-off","32":"first","33":"instock","34":"taxable","35":"shipping-taxable","36":"purchasable","37":"product-type-variable","38":"has-default-attributes"},"acf":[],"yoast_head":"<!-- This site is optimized with the Yoast SEO plugin v27.2 - https:\/\/yoast.com\/product\/yoast-seo-wordpress\/ -->\n<title>Winterhorde - Neptunian<\/title>\n<meta name=\"description\" content=\"Shop | Winterhorde - Neptunian | 2024 | Noble Demon | CD, CD &amp; T-Shirt, 2xLP (Transnatural Green Vinyl), 2xLP (Transnatural Green Vinyl) &amp; T-Shirt\" \/>\n<meta name=\"robots\" content=\"index, follow, max-snippet:-1, max-image-preview:large, max-video-preview:-1\" \/>\n<link rel=\"canonical\" href=\"https:\/\/ucm.one\/de\/produkt\/winterhorde-neptunian\/\" \/>\n<meta property=\"og:locale\" content=\"de_DE\" \/>\n<meta property=\"og:type\" content=\"article\" \/>\n<meta property=\"og:title\" content=\"Winterhorde - Neptunian\" \/>\n<meta property=\"og:description\" content=\"Shop | Winterhorde - Neptunian | 2024 | Noble Demon | CD, CD &amp; T-Shirt, 2xLP (Transnatural Green Vinyl), 2xLP (Transnatural Green Vinyl) &amp; T-Shirt\" \/>\n<meta property=\"og:url\" content=\"https:\/\/ucm.one\/de\/produkt\/winterhorde-neptunian\/\" \/>\n<meta property=\"og:site_name\" content=\"UCM.ONE\" \/>\n<meta property=\"article:modified_time\" content=\"2024-04-30T10:00:57+00:00\" \/>\n<meta property=\"og:image\" content=\"https:\/\/ucm.one\/wp-content\/uploads\/2023\/11\/C-Winterhorde-Neptunian.jpg\" \/>\n<meta name=\"twitter:card\" content=\"summary_large_image\" \/>\n<meta name=\"twitter:title\" content=\"Winterhorde - Neptunian\" \/>\n<meta name=\"twitter:description\" content=\"Shop | Winterhorde - Neptunian | 2024 | Noble Demon | CD, CD &amp; T-Shirt, 2xLP (Transnatural Green Vinyl), 2xLP (Transnatural Green Vinyl) &amp; T-Shirt\" \/>\n<meta name=\"twitter:image\" content=\"https:\/\/ucm.one\/wp-content\/uploads\/2023\/11\/C-Winterhorde-Neptunian.jpg\" \/>\n<meta name=\"twitter:label1\" content=\"Gesch\u00e4tzte Lesezeit\" \/>\n\t<meta name=\"twitter:data1\" content=\"1\u00a0Minute\" \/>\n<!-- \/ Yoast SEO plugin. -->","yoast_head_json":{"title":"Winterhorde - Neptunian","description":"Shop | Winterhorde - Neptunian | 2024 | Noble Demon | CD, CD & T-Shirt, 2xLP (Transnatural Green Vinyl), 2xLP (Transnatural Green Vinyl) & T-Shirt","robots":{"index":"index","follow":"follow","max-snippet":"max-snippet:-1","max-image-preview":"max-image-preview:large","max-video-preview":"max-video-preview:-1"},"canonical":"https:\/\/ucm.one\/de\/produkt\/winterhorde-neptunian\/","og_locale":"de_DE","og_type":"article","og_title":"Winterhorde - Neptunian","og_description":"Shop | Winterhorde - Neptunian | 2024 | Noble Demon | CD, CD & T-Shirt, 2xLP (Transnatural Green Vinyl), 2xLP (Transnatural Green Vinyl) & T-Shirt","og_url":"https:\/\/ucm.one\/de\/produkt\/winterhorde-neptunian\/","og_site_name":"UCM.ONE","article_modified_time":"2024-04-30T10:00:57+00:00","og_image":[{"url":"https:\/\/ucm.one\/wp-content\/uploads\/2023\/11\/C-Winterhorde-Neptunian.jpg","type":"","width":"","height":""}],"twitter_card":"summary_large_image","twitter_title":"Winterhorde - Neptunian","twitter_description":"Shop | Winterhorde - Neptunian | 2024 | Noble Demon | CD, CD & T-Shirt, 2xLP (Transnatural Green Vinyl), 2xLP (Transnatural Green Vinyl) & T-Shirt","twitter_image":"https:\/\/ucm.one\/wp-content\/uploads\/2023\/11\/C-Winterhorde-Neptunian.jpg","twitter_misc":{"Gesch\u00e4tzte Lesezeit":"1\u00a0Minute"},"schema":{"@context":"https:\/\/schema.org","@graph":[{"@type":"WebPage","@id":"https:\/\/ucm.one\/de\/produkt\/winterhorde-neptunian\/","url":"https:\/\/ucm.one\/de\/produkt\/winterhorde-neptunian\/","name":"Winterhorde - Neptunian","isPartOf":{"@id":"https:\/\/ucm.one\/de\/#website"},"primaryImageOfPage":{"@id":"https:\/\/ucm.one\/de\/produkt\/winterhorde-neptunian\/#primaryimage"},"image":{"@id":"https:\/\/ucm.one\/de\/produkt\/winterhorde-neptunian\/#primaryimage"},"thumbnailUrl":"https:\/\/ucm.one\/wp-content\/uploads\/2023\/11\/C-Winterhorde-Neptunian.jpg","datePublished":"2023-11-11T23:56:18+00:00","dateModified":"2024-04-30T10:00:57+00:00","description":"Shop | Winterhorde - Neptunian | 2024 | Noble Demon | CD, CD & T-Shirt, 2xLP (Transnatural Green Vinyl), 2xLP (Transnatural Green Vinyl) & T-Shirt","breadcrumb":{"@id":"https:\/\/ucm.one\/de\/produkt\/winterhorde-neptunian\/#breadcrumb"},"inLanguage":"de","potentialAction":[{"@type":"ReadAction","target":["https:\/\/ucm.one\/de\/produkt\/winterhorde-neptunian\/"]}]},{"@type":"ImageObject","inLanguage":"de","@id":"https:\/\/ucm.one\/de\/produkt\/winterhorde-neptunian\/#primaryimage","url":"https:\/\/ucm.one\/wp-content\/uploads\/2023\/11\/C-Winterhorde-Neptunian.jpg","contentUrl":"https:\/\/ucm.one\/wp-content\/uploads\/2023\/11\/C-Winterhorde-Neptunian.jpg","width":1000,"height":1000},{"@type":"BreadcrumbList","@id":"https:\/\/ucm.one\/de\/produkt\/winterhorde-neptunian\/#breadcrumb","itemListElement":[{"@type":"ListItem","position":1,"name":"Home","item":"https:\/\/ucm.one\/de\/"},{"@type":"ListItem","position":2,"name":"Shop","item":"https:\/\/ucm.one\/de\/shop\/"},{"@type":"ListItem","position":3,"name":"Winterhorde &#8211; Neptunian"}]},{"@type":"WebSite","@id":"https:\/\/ucm.one\/de\/#website","url":"https:\/\/ucm.one\/de\/","name":"UCM.ONE","description":"","publisher":{"@id":"https:\/\/ucm.one\/de\/#organization"},"potentialAction":[{"@type":"SearchAction","target":{"@type":"EntryPoint","urlTemplate":"https:\/\/ucm.one\/de\/?s={search_term_string}"},"query-input":{"@type":"PropertyValueSpecification","valueRequired":true,"valueName":"search_term_string"}}],"inLanguage":"de"},{"@type":"Organization","@id":"https:\/\/ucm.one\/de\/#organization","name":"UCM.ONE","url":"https:\/\/ucm.one\/de\/","logo":{"@type":"ImageObject","inLanguage":"de","@id":"https:\/\/ucm.one\/de\/#\/schema\/logo\/image\/","url":"https:\/\/ucm.one\/wp-content\/uploads\/2019\/10\/UCM.ONE-Logo-RGB.svg","contentUrl":"https:\/\/ucm.one\/wp-content\/uploads\/2019\/10\/UCM.ONE-Logo-RGB.svg","width":1,"height":1,"caption":"UCM.ONE"},"image":{"@id":"https:\/\/ucm.one\/de\/#\/schema\/logo\/image\/"}}]}},"_links":{"self":[{"href":"https:\/\/ucm.one\/de\/wp-json\/wp\/v2\/product\/98860","targetHints":{"allow":["GET"]}}],"collection":[{"href":"https:\/\/ucm.one\/de\/wp-json\/wp\/v2\/product"}],"about":[{"href":"https:\/\/ucm.one\/de\/wp-json\/wp\/v2\/types\/product"}],"replies":[{"embeddable":true,"href":"https:\/\/ucm.one\/de\/wp-json\/wp\/v2\/comments?post=98860"}],"wp:featuredmedia":[{"embeddable":true,"href":"https:\/\/ucm.one\/de\/wp-json\/wp\/v2\/media\/98376"}],"wp:attachment":[{"href":"https:\/\/ucm.one\/de\/wp-json\/wp\/v2\/media?parent=98860"}],"wp:term":[{"taxonomy":"product_brand","embeddable":true,"href":"https:\/\/ucm.one\/de\/wp-json\/wp\/v2\/product_brand?post=98860"},{"taxonomy":"product_cat","embeddable":true,"href":"https:\/\/ucm.one\/de\/wp-json\/wp\/v2\/product_cat?post=98860"},{"taxonomy":"product_tag","embeddable":true,"href":"https:\/\/ucm.one\/de\/wp-json\/wp\/v2\/product_tag?post=98860"}],"curies":[{"name":"wp","href":"https:\/\/api.w.org\/{rel}","templated":true}]}}