{"id":98849,"date":"2023-11-11T22:43:09","date_gmt":"2023-11-11T22:43:09","guid":{"rendered":"https:\/\/ucm.one\/?post_type=product&#038;p=98849"},"modified":"2024-04-07T20:23:31","modified_gmt":"2024-04-07T20:23:31","slug":"the-vice-dead-canary-run","status":"publish","type":"product","link":"https:\/\/ucm.one\/de\/produkt\/the-vice-dead-canary-run\/","title":{"rendered":"The Vice &#8211; Dead Canary Run"},"content":{"rendered":"<div class=\"wpb_text_column wpb_content_element \">\n<div class=\"wpb_wrapper\">\n<div class=\"\">\n<div class=\"\">\n<div class=\"wpb_text_column wpb_content_element \">\n<div class=\"wpb_wrapper\">\n<div class=\"wpb_text_column wpb_content_element \">\n<div class=\"wpb_wrapper\">\n<div class=\"\">\n<p>\u201c<strong>Dead Canary Run<\/strong>\u201d baut auf dem Fundamen des bisherigen Schaffens von <strong>The Vice<\/strong> auf \u2013 der einzigartigen Mischung aus dreckigem Rock, Blackened Metal und Death Pop \u2013 und f\u00fchrt den H\u00f6rer auf einen verr\u00fcckten Pfad, den <strong>The Vice<\/strong>\u00a0im Laufe der Jahre meisterhaft ausgearbeitet haben. Mit einer vielseitigen Mischung von Genres, verspricht das Album, die Fans mit seiner rohen Energie und ansteckenden Melodien zu fesseln. Auch wenn einige Elemente bekannt vorkommen m\u00f6gen, so gibt es doch zahlreiche neue Ebenen, die\u00a0<strong>The Vice<\/strong>\u00a0mit diesem neuen Werk betreten haben. In Zusammenarbeit mit ihrem alten Partner in Crime,\u00a0<strong>Joel \u00d6hman<\/strong>, der einige Songs mit seinen Klavierk\u00fcnsten bereichert hat, haben\u00a0<strong>The Vice<\/strong>\u00a0im Sp\u00e4tsommer diesen Jahres das Studio \u201c<strong>Underjord<\/strong>\u201d mit einem Album verlassen, auf das sie nicht stolzer sein k\u00f6nnten.<\/p>\n<\/div>\n<\/div>\n<\/div>\n<\/div>\n<\/div>\n<div class=\"wpb_text_column wpb_content_element \">\n<div class=\"wpb_wrapper\">\n<div class=\"wpb_text_column wpb_content_element \">\n<div class=\"wpb_wrapper\">\n<div class=\"\">\u00a0\u201c<strong>Dead Canary Run<\/strong>\u201d ist ein Beweis f\u00fcr das Wachstum der Band seit ihrem letzten Album \u201c<strong>White Teeth Rebellion<\/strong>\u201d und zeigt die Leidenschaft und Entschlossenheit des Trios.<\/div>\n<\/div>\n<\/div>\n<\/div>\n<\/div>\n<\/div>\n<\/div>\n<\/div>\n<\/div>\n<div><div class=\"gap\" style=\"line-height: 20px; height: 20px;\"><\/div><\/div>\n<h5>Weitere Informationen<\/h5>\n<table style=\"height: 46px; width: 100%; border-collapse: collapse; border-color: #ffffff; background-color: #ffffff; border-style: hidden;\">\n<tbody>\n<tr style=\"height: 23px; border-style: hidden; border-color: #ffffff; background-color: #ffffff;\">\n<td style=\"width: 58.953125px; height: 23px;\">Band:<\/td>\n<td style=\"width: 1204.0625px; height: 23px;\"><a title=\"The Vice | Noble Demon\" href=\"https:\/\/ucm.one\/de\/the-vice\">The Vice<\/a><\/td>\n<\/tr>\n<tr style=\"height: 23px;\">\n<td style=\"width: 58.953125px; height: 23px;\">Label:<\/td>\n<td style=\"width: 1204.0625px; height: 23px;\"><a title=\"Noble Demon\" href=\"https:\/\/ucm.one\/de\/musik-labels\/noble-demon\/\">Noble Demon<\/a><\/td>\n<\/tr>\n<\/tbody>\n<\/table>\n<div>\n<div><\/div>\n<div><div class=\"gap\" style=\"line-height: 10px; height: 10px;\"><\/div><\/div>\n<div>\u2117 &amp; \u00a9 2024 <strong>Noble Demon<\/strong> \/ <span style=\"font-family: 'arial black', sans-serif;\"><strong>UCM.ONE<\/strong><\/span><\/div>\n<div><div class=\"gap\" style=\"line-height: 20px; height: 20px;\"><\/div><\/div>\n<div>\n<div><\/div>\n<div><div class=\"gap\" style=\"line-height: 10px; height: 10px;\"><\/div><\/div>\n<div><span style=\"color: #003a80;\"><strong>\u27a0 <a style=\"color: #003a80;\" title=\"\" href=\"https:\/\/ucm.one\/de\/produkt-kategorie\/art-de\/musik-de\/\">zum Shop<\/a><\/strong><\/span><\/div>\n<div><div class=\"gap\" style=\"line-height: 20px; height: 20px;\"><\/div><\/div>\n<\/div>\n<\/div>\n","protected":false},"excerpt":{"rendered":"<p>Band: <a title=\"\" href=\"https:\/\/ucm.one\/de\/?s=%22The+Vice%22&amp;post_type=product\"><strong>The Vice<\/strong><\/a><\/p>\n<p>Label: <a href=\"https:\/\/ucm.one\/de\/produkt-kategorie\/label-musik-de\/noble-demon-de\/\"><strong>Noble Demon<\/strong><\/a><\/p>\n<p>Art: <strong><a href=\"https:\/\/ucm.one\/de\/produkt-kategorie\/art-de\/musik-de\/\">Musik<\/a> (Album)<\/strong><\/p>\n<p>Genres: <strong><a href=\"https:\/\/ucm.one\/de\/produkt-kategorie\/genre-musik-de\/metal-de\/black-n-roll-de\/\">Black n Roll<\/a>, <a href=\"https:\/\/ucm.one\/de\/produkt-kategorie\/genre-musik-de\/metal-de\/sludge-de\/\">Sludge<\/a><\/strong><\/p>\n<p>Jahr: <strong>2024<\/strong><\/p>\n<p>Formate: <strong>Diverse<\/strong><\/p>\n","protected":false},"featured_media":98811,"comment_status":"open","ping_status":"closed","template":"","meta":{"_acf_changed":false},"product_brand":[],"product_cat":[9713,9714,9753,9755,9756,9813,9828,9829],"product_tag":[9831,16807,16808,16809,9763,16810,9830],"class_list":{"0":"post-98849","1":"product","2":"type-product","3":"status-publish","4":"has-post-thumbnail","6":"product_cat-musik-de","7":"product_cat-vinyl-de","8":"product_cat-metal-de","9":"product_cat-label-musik-de","10":"product_cat-noble-demon-de","11":"product_cat-cd-de","12":"product_cat-black-n-roll-de","13":"product_cat-sludge-de","14":"product_tag-white-teeth-rebellion","15":"product_tag-dead-canary-run","16":"product_tag-grant-me-your-peace","17":"product_tag-joel-oehman","18":"product_tag-noble-demon","19":"product_tag-underjord","20":"product_tag-the-vice","21":"pa_format-cd","22":"pa_format-lp-white-vinyl-de","23":"description-off","25":"first","26":"instock","27":"taxable","28":"shipping-taxable","29":"purchasable","30":"product-type-variable"},"acf":[],"yoast_head":"<!-- This site is optimized with the Yoast SEO plugin v27.2 - https:\/\/yoast.com\/product\/yoast-seo-wordpress\/ -->\n<title>The Vice - Dead Canary Run<\/title>\n<meta name=\"description\" content=\"Shop | The Vice - Dead Canary Run | 2024 | Noble Demon | CD, LP (White Vinyl)\" \/>\n<meta name=\"robots\" content=\"index, follow, max-snippet:-1, max-image-preview:large, max-video-preview:-1\" \/>\n<link rel=\"canonical\" href=\"https:\/\/ucm.one\/de\/produkt\/the-vice-dead-canary-run\/\" \/>\n<meta property=\"og:locale\" content=\"de_DE\" \/>\n<meta property=\"og:type\" content=\"article\" \/>\n<meta property=\"og:title\" content=\"The Vice - Dead Canary Run\" \/>\n<meta property=\"og:description\" content=\"Shop | The Vice - Dead Canary Run | 2024 | Noble Demon | CD, LP (White Vinyl)\" \/>\n<meta property=\"og:url\" content=\"https:\/\/ucm.one\/de\/produkt\/the-vice-dead-canary-run\/\" \/>\n<meta property=\"og:site_name\" content=\"UCM.ONE\" \/>\n<meta property=\"article:modified_time\" content=\"2024-04-07T20:23:31+00:00\" \/>\n<meta property=\"og:image\" content=\"https:\/\/ucm.one\/wp-content\/uploads\/2023\/11\/C-The-Vice-Dead-Canary-Run.jpg\" \/>\n<meta name=\"twitter:card\" content=\"summary_large_image\" \/>\n<meta name=\"twitter:title\" content=\"The Vice - Dead Canary Run\" \/>\n<meta name=\"twitter:description\" content=\"Shop | The Vice - Dead Canary Run | 2024 | Noble Demon | CD, LP (White Vinyl)\" \/>\n<meta name=\"twitter:image\" content=\"https:\/\/ucm.one\/wp-content\/uploads\/2023\/11\/C-The-Vice-Dead-Canary-Run.jpg\" \/>\n<meta name=\"twitter:label1\" content=\"Gesch\u00e4tzte Lesezeit\" \/>\n\t<meta name=\"twitter:data1\" content=\"1\u00a0Minute\" \/>\n<!-- \/ Yoast SEO plugin. -->","yoast_head_json":{"title":"The Vice - Dead Canary Run","description":"Shop | The Vice - Dead Canary Run | 2024 | Noble Demon | CD, LP (White Vinyl)","robots":{"index":"index","follow":"follow","max-snippet":"max-snippet:-1","max-image-preview":"max-image-preview:large","max-video-preview":"max-video-preview:-1"},"canonical":"https:\/\/ucm.one\/de\/produkt\/the-vice-dead-canary-run\/","og_locale":"de_DE","og_type":"article","og_title":"The Vice - Dead Canary Run","og_description":"Shop | The Vice - Dead Canary Run | 2024 | Noble Demon | CD, LP (White Vinyl)","og_url":"https:\/\/ucm.one\/de\/produkt\/the-vice-dead-canary-run\/","og_site_name":"UCM.ONE","article_modified_time":"2024-04-07T20:23:31+00:00","og_image":[{"url":"https:\/\/ucm.one\/wp-content\/uploads\/2023\/11\/C-The-Vice-Dead-Canary-Run.jpg","type":"","width":"","height":""}],"twitter_card":"summary_large_image","twitter_title":"The Vice - Dead Canary Run","twitter_description":"Shop | The Vice - Dead Canary Run | 2024 | Noble Demon | CD, LP (White Vinyl)","twitter_image":"https:\/\/ucm.one\/wp-content\/uploads\/2023\/11\/C-The-Vice-Dead-Canary-Run.jpg","twitter_misc":{"Gesch\u00e4tzte Lesezeit":"1\u00a0Minute"},"schema":{"@context":"https:\/\/schema.org","@graph":[{"@type":"WebPage","@id":"https:\/\/ucm.one\/de\/produkt\/the-vice-dead-canary-run\/","url":"https:\/\/ucm.one\/de\/produkt\/the-vice-dead-canary-run\/","name":"The Vice - Dead Canary Run","isPartOf":{"@id":"https:\/\/ucm.one\/de\/#website"},"primaryImageOfPage":{"@id":"https:\/\/ucm.one\/de\/produkt\/the-vice-dead-canary-run\/#primaryimage"},"image":{"@id":"https:\/\/ucm.one\/de\/produkt\/the-vice-dead-canary-run\/#primaryimage"},"thumbnailUrl":"https:\/\/ucm.one\/wp-content\/uploads\/2023\/11\/C-The-Vice-Dead-Canary-Run.jpg","datePublished":"2023-11-11T22:43:09+00:00","dateModified":"2024-04-07T20:23:31+00:00","description":"Shop | The Vice - Dead Canary Run | 2024 | Noble Demon | CD, LP (White Vinyl)","breadcrumb":{"@id":"https:\/\/ucm.one\/de\/produkt\/the-vice-dead-canary-run\/#breadcrumb"},"inLanguage":"de","potentialAction":[{"@type":"ReadAction","target":["https:\/\/ucm.one\/de\/produkt\/the-vice-dead-canary-run\/"]}]},{"@type":"ImageObject","inLanguage":"de","@id":"https:\/\/ucm.one\/de\/produkt\/the-vice-dead-canary-run\/#primaryimage","url":"https:\/\/ucm.one\/wp-content\/uploads\/2023\/11\/C-The-Vice-Dead-Canary-Run.jpg","contentUrl":"https:\/\/ucm.one\/wp-content\/uploads\/2023\/11\/C-The-Vice-Dead-Canary-Run.jpg","width":1000,"height":1000},{"@type":"BreadcrumbList","@id":"https:\/\/ucm.one\/de\/produkt\/the-vice-dead-canary-run\/#breadcrumb","itemListElement":[{"@type":"ListItem","position":1,"name":"Home","item":"https:\/\/ucm.one\/de\/"},{"@type":"ListItem","position":2,"name":"Shop","item":"https:\/\/ucm.one\/de\/shop\/"},{"@type":"ListItem","position":3,"name":"The Vice &#8211; Dead Canary Run"}]},{"@type":"WebSite","@id":"https:\/\/ucm.one\/de\/#website","url":"https:\/\/ucm.one\/de\/","name":"UCM.ONE","description":"","publisher":{"@id":"https:\/\/ucm.one\/de\/#organization"},"potentialAction":[{"@type":"SearchAction","target":{"@type":"EntryPoint","urlTemplate":"https:\/\/ucm.one\/de\/?s={search_term_string}"},"query-input":{"@type":"PropertyValueSpecification","valueRequired":true,"valueName":"search_term_string"}}],"inLanguage":"de"},{"@type":"Organization","@id":"https:\/\/ucm.one\/de\/#organization","name":"UCM.ONE","url":"https:\/\/ucm.one\/de\/","logo":{"@type":"ImageObject","inLanguage":"de","@id":"https:\/\/ucm.one\/de\/#\/schema\/logo\/image\/","url":"https:\/\/ucm.one\/wp-content\/uploads\/2019\/10\/UCM.ONE-Logo-RGB.svg","contentUrl":"https:\/\/ucm.one\/wp-content\/uploads\/2019\/10\/UCM.ONE-Logo-RGB.svg","width":1,"height":1,"caption":"UCM.ONE"},"image":{"@id":"https:\/\/ucm.one\/de\/#\/schema\/logo\/image\/"}}]}},"_links":{"self":[{"href":"https:\/\/ucm.one\/de\/wp-json\/wp\/v2\/product\/98849","targetHints":{"allow":["GET"]}}],"collection":[{"href":"https:\/\/ucm.one\/de\/wp-json\/wp\/v2\/product"}],"about":[{"href":"https:\/\/ucm.one\/de\/wp-json\/wp\/v2\/types\/product"}],"replies":[{"embeddable":true,"href":"https:\/\/ucm.one\/de\/wp-json\/wp\/v2\/comments?post=98849"}],"wp:featuredmedia":[{"embeddable":true,"href":"https:\/\/ucm.one\/de\/wp-json\/wp\/v2\/media\/98811"}],"wp:attachment":[{"href":"https:\/\/ucm.one\/de\/wp-json\/wp\/v2\/media?parent=98849"}],"wp:term":[{"taxonomy":"product_brand","embeddable":true,"href":"https:\/\/ucm.one\/de\/wp-json\/wp\/v2\/product_brand?post=98849"},{"taxonomy":"product_cat","embeddable":true,"href":"https:\/\/ucm.one\/de\/wp-json\/wp\/v2\/product_cat?post=98849"},{"taxonomy":"product_tag","embeddable":true,"href":"https:\/\/ucm.one\/de\/wp-json\/wp\/v2\/product_tag?post=98849"}],"curies":[{"name":"wp","href":"https:\/\/api.w.org\/{rel}","templated":true}]}}