{"id":98406,"date":"2023-09-28T14:19:36","date_gmt":"2023-09-28T14:19:36","guid":{"rendered":"https:\/\/ucm.one\/?post_type=product&#038;p=98406"},"modified":"2023-11-06T13:13:24","modified_gmt":"2023-11-06T13:13:24","slug":"zornheym-the-forgotten-inmates","status":"publish","type":"product","link":"https:\/\/ucm.one\/de\/produkt\/zornheym-the-forgotten-inmates\/","title":{"rendered":"Zornheym &#8211; The Forgotten Inmates"},"content":{"rendered":"<div class=\"wpb-content-wrapper\"><div class=\"vc_row wpb_row vc_row-fluid\">\n<div class=\"wpb_column vc_column_container vc_col-sm-12\">\n<div class=\"vc_column-inner\">\n<div class=\"wpb_wrapper\">\n<div class=\"wpb_text_column wpb_content_element \">\n<div class=\"wpb_wrapper\">\n<div class=\"wpb_text_column wpb_content_element \">\n<div class=\"wpb_wrapper\">\n<div class=\"vc_row wpb_row vc_row-fluid\">\n<div class=\"wpb_column vc_column_container vc_col-sm-12\">\n<div class=\"vc_column-inner\">\n<div class=\"wpb_wrapper\">\n<div class=\"wpb_text_column wpb_content_element \">\n<div class=\"wpb_wrapper\">\n<p align=\"LEFT\">Die schwedische Symphonic-Extreme-Metal-Band <strong>Zornheym<\/strong>, gegr\u00fcndet und geleitet von Multiinstrumentalist und Songwriter <strong>Zorn<\/strong> (ex-<strong>Dark Funeral<\/strong> \/ <strong>ex-Devian<\/strong>), hat ihre brandneue EP \u201c<strong>The Forgotten Inmates<\/strong>\u201d ver\u00f6ffentlicht. Diese Akustik-EP markiert das n\u00e4chste Kapitel auf der eindringlichen musikalischen Reise der Band. Nach dem Erfolg ihres Deb\u00fctalbums \u201c<strong>Where Hatred Dwells and Darkness Reigns<\/strong>\u201c, das die H\u00f6rer mit dem erschreckenden Konzept der Band \u00fcber eine psychiatrische Anstalt und ihre Gefangenen bekannt machte, setzten <strong>Zornheym<\/strong>\u00a0ihren erz\u00e4hlerischen Ansatz mit ihrem 2021 erschienenen Album \u201c<strong>The Zornheim Sleep Experiment<\/strong>\u201d fort. Jetzt, mit \u201c<strong>The Forgotten Inmates<\/strong>\u201c, taucht die Band noch tiefer in ihr dunkles Universum ein!<\/p>\n<\/div>\n<\/div>\n<\/div>\n<\/div>\n<\/div>\n<\/div>\n<div class=\"vc_row wpb_row vc_row-fluid\">\n<div class=\"wpb_column vc_column_container vc_col-sm-3\/5\">\n<div class=\"vc_column-inner\">\n<div class=\"wpb_wrapper\">\n<div class=\"wpb_text_column wpb_content_element \">\n<div class=\"wpb_wrapper\">\n<p>Die EP enth\u00e4lt eine Folk-Version des Songs \u201c<strong>Slumber Comes in Time<\/strong>\u201c, der von einem brandneuen Musikvideo begleitet wird.<strong> Zornheym<\/strong>\u2018s einzigartige Interpretation dieses Songs zeigt die F\u00e4higkeit der Band, ihre kraftvollen symphonischen Elemente mit Folk-Einfl\u00fcssen zu verbinden und die Hauptmelodie, die von einem originalen schwedischen Volkslied abgeleitet ist, gibt den Ton an, mit dem die Band in ein schauriges Erlebnis eintaucht. \u201c<strong>The Forgotten Inmates<\/strong>\u201d wurde in den <strong>Wing Studios<\/strong> aufgenommen. Mix und Mastering durch <strong>Sverker Widgren<\/strong>. Die EP wurde von <strong>Sverker Widgren<\/strong> &amp; <strong>Zorn<\/strong> produziert.<\/p>\n<\/div>\n<\/div>\n<\/div>\n<\/div>\n<\/div>\n<\/div>\n<\/div>\n<\/div>\n<\/div>\n<\/div>\n<\/div>\n<\/div>\n<\/div>\n<\/div>\n<div class=\"vc_row wpb_row vc_row-fluid\">\n<div class=\"wpb_column vc_column_container vc_col-sm-3\/5\">\n<div class=\"vc_column-inner\">\n<div class=\"wpb_wrapper\">\n<div class=\"wpb_text_column wpb_content_element \">\n<div class=\"wpb_wrapper\">\n<div class=\"wpb_text_column wpb_content_element \">\n<div class=\"wpb_wrapper\">\n<div><div class=\"gap\" style=\"line-height: 20px; height: 20px;\"><\/div><\/div>\n<h5>Weitere Informationen<\/h5>\n<\/div>\n<div>\n<div>\n<table style=\"height: 46px; width: 100%; border-collapse: collapse; border-color: #ffffff; background-color: #ffffff; border-style: hidden;\">\n<tbody>\n<tr style=\"height: 23px; border-style: hidden; border-color: #ffffff; background-color: #ffffff;\">\n<td style=\"width: 4.058146577831617%; height: 23px;\">Band:<\/td>\n<td style=\"width: 95.94185342216838%; height: 23px;\"><a title=\"Zornheym | Noble Demon\" href=\"https:\/\/ucm.one\/de\/zornheym\/\">Zornheym<\/a><\/td>\n<\/tr>\n<tr style=\"height: 23px;\">\n<td style=\"width: 4.058146577831617%; height: 23px;\">Label:<\/td>\n<td style=\"width: 95.94185342216838%; height: 23px;\"><a title=\"Noble Demon\" href=\"https:\/\/ucm.one\/de\/musik-labels\/noble-demon\/\">Noble Demon<\/a><\/td>\n<\/tr>\n<\/tbody>\n<\/table>\n<\/div>\n<div><\/div>\n<div><div class=\"gap\" style=\"line-height: 10px; height: 10px;\"><\/div><\/div>\n<div>\u2117 &amp; \u00a9 2023 <strong>Noble Demon<\/strong> \/ <span style=\"font-family: 'arial black', sans-serif;\"><strong>UCM.ONE<\/strong><\/span><\/div>\n<div><div class=\"gap\" style=\"line-height: 20px; height: 20px;\"><\/div><\/div>\n<div>\n<div><\/div>\n<div><div class=\"gap\" style=\"line-height: 10px; height: 10px;\"><\/div><\/div>\n<div><span style=\"color: #003a80;\"><strong>\u27a0 <a style=\"color: #003a80;\" title=\"\" href=\"https:\/\/ucm.one\/de\/produkt-kategorie\/art-de\/musik-de\/\">zum Shop<\/a><\/strong><\/span><\/div>\n<div><div class=\"gap\" style=\"line-height: 20px; height: 20px;\"><\/div><\/div>\n<\/div>\n<\/div>\n<\/div>\n<\/div>\n<\/div>\n<\/div>\n<\/div>\n<\/div>\n<\/div>\n<\/div>","protected":false},"excerpt":{"rendered":"<p>Band:\u00a0<a href=\"https:\/\/ucm.one\/de\/?s=zornheym&amp;post_type=product\"><strong>Zornheym<\/strong><\/a><\/p>\n<p>Label:\u00a0<a href=\"https:\/\/ucm.one\/de\/produkt-kategorie\/label-musik-de\/noble-demon-de\/\"><strong>Noble Demon<\/strong><\/a><\/p>\n<p>Art: <strong><a href=\"https:\/\/ucm.one\/de\/produkt-kategorie\/art-de\/musik-de\/\">Musik<\/a> (EP)<\/strong><\/p>\n<p>Genre: <strong><a title=\"Metal\" href=\"https:\/\/ucm.one\/de\/produkt-kategorie\/genre-musik-de\/metal-de\/\">Metal<\/a><\/strong><\/p>\n<p>Jahr: <strong>2023<\/strong><\/p>\n<p>Format: <strong>CD<\/strong><\/p>\n","protected":false},"featured_media":97220,"comment_status":"open","ping_status":"closed","template":"","meta":{"_acf_changed":false},"product_brand":[],"product_cat":[9813,9823,9713,10405,9753,9756],"product_tag":[9765,16596,9785,10411,10412,10413,10415,9763,10416],"class_list":{"0":"post-98406","1":"product","2":"type-product","3":"status-publish","4":"has-post-thumbnail","6":"product_cat-cd-de","7":"product_cat-doom-metal-de","8":"product_cat-musik-de","9":"product_cat-symphonic-metal-de","10":"product_cat-metal-de","11":"product_cat-noble-demon-de","12":"product_tag-heavy-metal","13":"product_tag-the-forgotten-inmates","14":"product_tag-dark-funeral","15":"product_tag-zornheym","16":"product_tag-zorn","17":"product_tag-the-zornheim-sleep-experiment","18":"product_tag-schweden","19":"product_tag-noble-demon","20":"product_tag-stockholm","21":"pa_format-cd","22":"pa_label-noble-demon","23":"description-off","25":"first","26":"instock","27":"taxable","28":"shipping-taxable","29":"purchasable","30":"product-type-variable","31":"has-default-attributes"},"acf":[],"yoast_head":"<!-- This site is optimized with the Yoast SEO plugin v27.2 - https:\/\/yoast.com\/product\/yoast-seo-wordpress\/ -->\n<title>Zornheym - The Forgotten Inmates (EP)<\/title>\n<meta name=\"description\" content=\"Shop | Zornheym - The Forgotten Inmates (EP) | 2023 | Noble Demon | CD\" \/>\n<meta name=\"robots\" content=\"index, follow, max-snippet:-1, max-image-preview:large, max-video-preview:-1\" \/>\n<link rel=\"canonical\" href=\"https:\/\/ucm.one\/de\/produkt\/zornheym-the-forgotten-inmates\/\" \/>\n<meta property=\"og:locale\" content=\"de_DE\" \/>\n<meta property=\"og:type\" content=\"article\" \/>\n<meta property=\"og:title\" content=\"Zornheym - The Forgotten Inmates (EP)\" \/>\n<meta property=\"og:description\" content=\"Shop | Zornheym - The Forgotten Inmates (EP) | 2023 | Noble Demon | CD\" \/>\n<meta property=\"og:url\" content=\"https:\/\/ucm.one\/de\/produkt\/zornheym-the-forgotten-inmates\/\" \/>\n<meta property=\"og:site_name\" content=\"UCM.ONE\" \/>\n<meta property=\"article:modified_time\" content=\"2023-11-06T13:13:24+00:00\" \/>\n<meta property=\"og:image\" content=\"https:\/\/ucm.one\/wp-content\/uploads\/2023\/09\/C-Zornheym-The-Forgotten-Inmates.jpg\" \/>\n<meta name=\"twitter:card\" content=\"summary_large_image\" \/>\n<meta name=\"twitter:title\" content=\"Zornheym - The Forgotten Inmates (EP)\" \/>\n<meta name=\"twitter:description\" content=\"Shop | Zornheym - The Forgotten Inmates (EP) | 2023 | Noble Demon | CD\" \/>\n<meta name=\"twitter:image\" content=\"https:\/\/ucm.one\/wp-content\/uploads\/2023\/09\/C-Zornheym-The-Forgotten-Inmates.jpg\" \/>\n<meta name=\"twitter:label1\" content=\"Gesch\u00e4tzte Lesezeit\" \/>\n\t<meta name=\"twitter:data1\" content=\"1\u00a0Minute\" \/>\n<!-- \/ Yoast SEO plugin. -->","yoast_head_json":{"title":"Zornheym - The Forgotten Inmates (EP)","description":"Shop | Zornheym - The Forgotten Inmates (EP) | 2023 | Noble Demon | CD","robots":{"index":"index","follow":"follow","max-snippet":"max-snippet:-1","max-image-preview":"max-image-preview:large","max-video-preview":"max-video-preview:-1"},"canonical":"https:\/\/ucm.one\/de\/produkt\/zornheym-the-forgotten-inmates\/","og_locale":"de_DE","og_type":"article","og_title":"Zornheym - The Forgotten Inmates (EP)","og_description":"Shop | Zornheym - The Forgotten Inmates (EP) | 2023 | Noble Demon | CD","og_url":"https:\/\/ucm.one\/de\/produkt\/zornheym-the-forgotten-inmates\/","og_site_name":"UCM.ONE","article_modified_time":"2023-11-06T13:13:24+00:00","og_image":[{"url":"https:\/\/ucm.one\/wp-content\/uploads\/2023\/09\/C-Zornheym-The-Forgotten-Inmates.jpg","type":"","width":"","height":""}],"twitter_card":"summary_large_image","twitter_title":"Zornheym - The Forgotten Inmates (EP)","twitter_description":"Shop | Zornheym - The Forgotten Inmates (EP) | 2023 | Noble Demon | CD","twitter_image":"https:\/\/ucm.one\/wp-content\/uploads\/2023\/09\/C-Zornheym-The-Forgotten-Inmates.jpg","twitter_misc":{"Gesch\u00e4tzte Lesezeit":"1\u00a0Minute"},"schema":{"@context":"https:\/\/schema.org","@graph":[{"@type":"WebPage","@id":"https:\/\/ucm.one\/de\/produkt\/zornheym-the-forgotten-inmates\/","url":"https:\/\/ucm.one\/de\/produkt\/zornheym-the-forgotten-inmates\/","name":"Zornheym - The Forgotten Inmates (EP)","isPartOf":{"@id":"https:\/\/ucm.one\/de\/#website"},"primaryImageOfPage":{"@id":"https:\/\/ucm.one\/de\/produkt\/zornheym-the-forgotten-inmates\/#primaryimage"},"image":{"@id":"https:\/\/ucm.one\/de\/produkt\/zornheym-the-forgotten-inmates\/#primaryimage"},"thumbnailUrl":"https:\/\/ucm.one\/wp-content\/uploads\/2023\/09\/C-Zornheym-The-Forgotten-Inmates.jpg","datePublished":"2023-09-28T14:19:36+00:00","dateModified":"2023-11-06T13:13:24+00:00","description":"Shop | Zornheym - The Forgotten Inmates (EP) | 2023 | Noble Demon | CD","breadcrumb":{"@id":"https:\/\/ucm.one\/de\/produkt\/zornheym-the-forgotten-inmates\/#breadcrumb"},"inLanguage":"de","potentialAction":[{"@type":"ReadAction","target":["https:\/\/ucm.one\/de\/produkt\/zornheym-the-forgotten-inmates\/"]}]},{"@type":"ImageObject","inLanguage":"de","@id":"https:\/\/ucm.one\/de\/produkt\/zornheym-the-forgotten-inmates\/#primaryimage","url":"https:\/\/ucm.one\/wp-content\/uploads\/2023\/09\/C-Zornheym-The-Forgotten-Inmates.jpg","contentUrl":"https:\/\/ucm.one\/wp-content\/uploads\/2023\/09\/C-Zornheym-The-Forgotten-Inmates.jpg","width":1000,"height":1000},{"@type":"BreadcrumbList","@id":"https:\/\/ucm.one\/de\/produkt\/zornheym-the-forgotten-inmates\/#breadcrumb","itemListElement":[{"@type":"ListItem","position":1,"name":"Home","item":"https:\/\/ucm.one\/de\/"},{"@type":"ListItem","position":2,"name":"Shop","item":"https:\/\/ucm.one\/de\/shop\/"},{"@type":"ListItem","position":3,"name":"Zornheym &#8211; The Forgotten Inmates"}]},{"@type":"WebSite","@id":"https:\/\/ucm.one\/de\/#website","url":"https:\/\/ucm.one\/de\/","name":"UCM.ONE","description":"","publisher":{"@id":"https:\/\/ucm.one\/de\/#organization"},"potentialAction":[{"@type":"SearchAction","target":{"@type":"EntryPoint","urlTemplate":"https:\/\/ucm.one\/de\/?s={search_term_string}"},"query-input":{"@type":"PropertyValueSpecification","valueRequired":true,"valueName":"search_term_string"}}],"inLanguage":"de"},{"@type":"Organization","@id":"https:\/\/ucm.one\/de\/#organization","name":"UCM.ONE","url":"https:\/\/ucm.one\/de\/","logo":{"@type":"ImageObject","inLanguage":"de","@id":"https:\/\/ucm.one\/de\/#\/schema\/logo\/image\/","url":"https:\/\/ucm.one\/wp-content\/uploads\/2019\/10\/UCM.ONE-Logo-RGB.svg","contentUrl":"https:\/\/ucm.one\/wp-content\/uploads\/2019\/10\/UCM.ONE-Logo-RGB.svg","width":1,"height":1,"caption":"UCM.ONE"},"image":{"@id":"https:\/\/ucm.one\/de\/#\/schema\/logo\/image\/"}}]}},"_links":{"self":[{"href":"https:\/\/ucm.one\/de\/wp-json\/wp\/v2\/product\/98406","targetHints":{"allow":["GET"]}}],"collection":[{"href":"https:\/\/ucm.one\/de\/wp-json\/wp\/v2\/product"}],"about":[{"href":"https:\/\/ucm.one\/de\/wp-json\/wp\/v2\/types\/product"}],"replies":[{"embeddable":true,"href":"https:\/\/ucm.one\/de\/wp-json\/wp\/v2\/comments?post=98406"}],"wp:featuredmedia":[{"embeddable":true,"href":"https:\/\/ucm.one\/de\/wp-json\/wp\/v2\/media\/97220"}],"wp:attachment":[{"href":"https:\/\/ucm.one\/de\/wp-json\/wp\/v2\/media?parent=98406"}],"wp:term":[{"taxonomy":"product_brand","embeddable":true,"href":"https:\/\/ucm.one\/de\/wp-json\/wp\/v2\/product_brand?post=98406"},{"taxonomy":"product_cat","embeddable":true,"href":"https:\/\/ucm.one\/de\/wp-json\/wp\/v2\/product_cat?post=98406"},{"taxonomy":"product_tag","embeddable":true,"href":"https:\/\/ucm.one\/de\/wp-json\/wp\/v2\/product_tag?post=98406"}],"curies":[{"name":"wp","href":"https:\/\/api.w.org\/{rel}","templated":true}]}}