{"id":98098,"date":"2023-10-31T00:55:16","date_gmt":"2023-10-31T00:55:16","guid":{"rendered":"https:\/\/ucm.one\/?post_type=product&#038;p=98098"},"modified":"2025-02-17T07:31:29","modified_gmt":"2025-02-17T07:31:29","slug":"sharknado-more-sharks-more-nado-10th-anniversary-edition-cover-a","status":"publish","type":"product","link":"https:\/\/ucm.one\/de\/produkt\/sharknado-more-sharks-more-nado-10th-anniversary-edition-cover-a\/","title":{"rendered":"Sharknado &#8211; More Sharks, More &#8218;Nado! (10th Anniversary Edition) [Cover A]"},"content":{"rendered":"<div class=\"wpb_text_column wpb_content_element \">\n<div class=\"wpb_wrapper\">\n<div class=\"\">\n<div class=\"wpb_text_column wpb_content_element \">\n<div class=\"wpb_wrapper\">\n<div class=\"wpb_text_column wpb_content_element \">\n<div class=\"wpb_wrapper\">\n<div class=\"wpb_text_column wpb_content_element \">\n<div class=\"wpb_wrapper\">\n<div class=\"wpb_text_column wpb_content_element \">\n<div class=\"wpb_wrapper\">\n<p>Ein gigantischer Wirbelsturm, der vor der Kalifornischen K\u00fcste einen Haischwarm erwischt und mit in die Luft gerissen hat, bewegt sich auf Los Angeles zu. Fin (<strong>Ian Ziering<\/strong>), der Eigent\u00fcmer einer Surfer-Bar am Strand von Long Beach, muss entsetzt mit ansehen wie der Sturm und ein schier unaufh\u00f6rlicher Regen gigantischer Haie sein Lebenstraum zerst\u00f6rt. Zusammen mit seinem besten Freund Baz (Jaason Simmons), seiner Freundin (<strong>Cassie Scerbo<\/strong>) und dem alten S\u00e4ufer George (<strong>John Heard<\/strong>), macht er sich daran, bewaffnet mit Kettens\u00e4gen und Schrotflinten, seine Ex-Frau April (<strong>Tara Reid<\/strong>) und seine beiden Kinder vor diesen fliegenden Fressmaschinen zu sch\u00fctzen. Doch dies ist ein hoffnungsloses Unterfangen, da der Sturm auch das Meerwasser in die Stadt hineingedr\u00fcckt hat und die Gruppe sich nun auch noch vor den Haien, die durch die \u00fcberfluteten Stra\u00dfen schwimmen, sch\u00fctzen muss.<\/p>\n<\/div>\n<div><div class=\"gap\" style=\"line-height: 10px; height: 10px;\"><\/div><\/div>\n<div class=\"wpb_wrapper\">Er ist wieder da! Der wohl erfolgreichste Trashfilm des letzten Jahrzehnts in einer runderneuerten optimierten Fassung in 4K mit mehr Haien und neuen Szenen: &#8222;<strong>More Sharks, More &#8218;Nado!<\/strong><\/div>\n<\/div>\n<\/div>\n<div class=\"wpb_wrapper\">\n<div class=\"wpb_text_column wpb_content_element \">\n<div><\/div>\n<\/div>\n<\/div>\n<\/div>\n<\/div>\n<\/div>\n<\/div>\n<\/div>\n<\/div>\n<\/div>\n<\/div>\n<div><div class=\"gap\" style=\"line-height: 20px; height: 20px;\"><\/div><\/div>\n<h5>Weitere Informationen<\/h5>\n<div>\n<div>\n<table style=\"height: 46px; width: 100%; border-collapse: collapse; border-color: #ffffff; background-color: #ffffff; border-style: hidden;\">\n<tbody>\n<tr style=\"height: 23px; border-style: hidden; border-color: #ffffff; background-color: #ffffff;\">\n<td style=\"width: 4.701195219123506%; height: 23px; border-style: hidden;\">Film:<\/td>\n<td style=\"width: 95.29880478087651%; height: 23px; border-style: hidden;\"><a title=\"UCM.ONE pr\u00e4sentiert \u201cSharknado \u2013 More Sharks, More \u2018Nado!\u201c zum 10-j\u00e4hrigen Jubil\u00e4um\" href=\"https:\/\/ucm.one\/de\/sharknado-more-sharks-more-nado\/\">Sharknado \u2013 More Sharks, More \u2018Nado!<\/a><\/td>\n<\/tr>\n<tr style=\"height: 23px;\">\n<td style=\"width: 4.701195219123506%; height: 23px; border-style: hidden;\">Label:<\/td>\n<td style=\"width: 95.29880478087651%; height: 23px; border-style: hidden;\"><a title=\"M-Square Pictures\" href=\"https:\/\/ucm.one\/de\/film-labels\/m-square-pictures\">M-Square Pictures<\/a><\/td>\n<\/tr>\n<\/tbody>\n<\/table>\n<\/div>\n<div><\/div>\n<\/div>\n<div>\n<div><div class=\"gap\" style=\"line-height: 10px; height: 10px;\"><\/div><\/div>\n<div>\u2117 2023 <strong>The Asylum<\/strong>, \u00a9 2023 <strong>M-Square Pictures<\/strong> \/ <span style=\"font-family: 'arial black', sans-serif;\"><strong>UCM.ONE<\/strong><\/span><\/div>\n<div><div class=\"gap\" style=\"line-height: 20px; height: 20px;\"><\/div><\/div>\n<div>\n<div><\/div>\n<div>\n<div><div class=\"gap\" style=\"line-height: 10px; height: 10px;\"><\/div><\/div>\n<div><span style=\"color: #003a80;\"><strong>\u27a0 <a style=\"color: #003a80;\" href=\"https:\/\/ucm.one\/de\/produkt-kategorie\/art-de\/filme-de\/\">zum Shop<\/a><\/strong><\/span><\/div>\n<div><div class=\"gap\" style=\"line-height: 20px; height: 20px;\"><\/div><\/div>\n<\/div>\n<\/div>\n<\/div>\n","protected":false},"excerpt":{"rendered":"<p>Regie: <a title=\"Anthony C. Ferrante\" href=\"https:\/\/ucm.one\/de\/?s=%22Anthony+C.+Ferrante%22&amp;post_type=product\"><strong>Anthony C. Ferrante<\/strong><\/a><\/p>\n<p>Label: <a title=\"M-Square Pictures\" href=\"https:\/\/ucm.one\/de\/produkt-kategorie\/label-film-de\/m-square-pictures-de\"><strong>M-Square Pictures<\/strong><\/a><\/p>\n<p>Art:\u00a0<strong><a href=\"https:\/\/ucm.one\/de\/produkt-kategorie\/art-de\/filme-de\/\">Film<\/a> (Spielfilm)<\/strong><\/p>\n<p>Genre: <b><a title=\"\" href=\"https:\/\/ucm.one\/de\/produkt-kategorie\/genre-film-de\/action-de\/\">Action<\/a><\/b>, <b><a href=\"https:\/\/ucm.one\/de\/produkt-kategorie\/genre-film-de\/horror-de\/\">Horror<\/a><\/b><\/p>\n<p>Jahr: <strong>2023<\/strong><\/p>\n<p>FSK: <strong>16<\/strong><\/p>\n<p>Formate: <strong>Diverse<\/strong><\/p>\n","protected":false},"featured_media":98099,"comment_status":"open","ping_status":"closed","template":"","meta":{"_acf_changed":false},"product_brand":[],"product_cat":[16734,10323,10327,10331,10332,10337,10358,9708],"product_tag":[12562,12566,16675,16737,16676,16677,16678,16679,16682,16683,11301,16684,12561,16685],"class_list":{"0":"post-98098","1":"product","2":"type-product","3":"status-publish","4":"has-post-thumbnail","6":"product_cat-4k-ultra-hd-blu-ra-de","7":"product_cat-m-square-pictures-de","8":"product_cat-horror-de","9":"product_cat-dvd-de","10":"product_cat-blu-ray-de","11":"product_cat-sonderedition-de","12":"product_cat-action-de","13":"product_cat-filme-de","14":"product_tag-poster","15":"product_tag-kino","16":"product_tag-sharknado","17":"product_tag-4k-ultra-hd-blu-ray","18":"product_tag-more-sharks","19":"product_tag-more-nado","20":"product_tag-10th-anniversary","21":"product_tag-sharks","22":"product_tag-haie","23":"product_tag-tara-reid","24":"product_tag-the-asylum","25":"product_tag-ian-ziering","26":"product_tag-plakat","27":"product_tag-john-heard","28":"pa_format-4k-ultra-hd-blu-ray-blu-ray-im-schuber-de","29":"pa_format-dvd","30":"pa_format-blu-ray-de","31":"description-off","33":"first","34":"instock","35":"sale","36":"taxable","37":"shipping-taxable","38":"purchasable","39":"product-type-variable"},"acf":[],"yoast_head":"<!-- This site is optimized with the Yoast SEO plugin v27.2 - https:\/\/yoast.com\/product\/yoast-seo-wordpress\/ -->\n<title>Sharknado - More Sharks, More &#039;Nado! (10th Anniversary)\u00a0A<\/title>\n<meta name=\"description\" content=\"Shop | Sharknado - More Sharks, More &#039;Nado! (10th Anniversary Edition) A | 2023 | M-Square Pictures | 4K Ultra HD Blu-ray, Blu-Ray, DVD | FSK 16\" \/>\n<meta name=\"robots\" content=\"index, follow, max-snippet:-1, max-image-preview:large, max-video-preview:-1\" \/>\n<link rel=\"canonical\" href=\"https:\/\/ucm.one\/de\/produkt\/sharknado-more-sharks-more-nado-10th-anniversary-edition-cover-a\/\" \/>\n<meta property=\"og:locale\" content=\"de_DE\" \/>\n<meta property=\"og:type\" content=\"article\" \/>\n<meta property=\"og:title\" content=\"Sharknado - More Sharks, More &#039;Nado! (10th Anniversary Edition)\" \/>\n<meta property=\"og:description\" content=\"Shop | Sharknado - More Sharks, More &#039;Nado! (10th Anniversary Edition) A | 2023 | M-Square Pictures | 4K Ultra HD Blu-ray, Blu-Ray, DVD | FSK 16\" \/>\n<meta property=\"og:url\" content=\"https:\/\/ucm.one\/de\/produkt\/sharknado-more-sharks-more-nado-10th-anniversary-edition-cover-a\/\" \/>\n<meta property=\"og:site_name\" content=\"UCM.ONE\" \/>\n<meta property=\"article:modified_time\" content=\"2025-02-17T07:31:29+00:00\" \/>\n<meta property=\"og:image\" content=\"https:\/\/ucm.one\/wp-content\/uploads\/2023\/11\/C-Sharknado-10th-Anniversary-UHD-2D-FSK16.jpg\" \/>\n<meta name=\"twitter:card\" content=\"summary_large_image\" \/>\n<meta name=\"twitter:title\" content=\"Sharknado - More Sharks, More &#039;Nado! (10th Anniversary Edition)\" \/>\n<meta name=\"twitter:description\" content=\"Shop | Sharknado - More Sharks, More &#039;Nado! (10th Anniversary Edition) A | 2023 | M-Square Pictures | 4K Ultra HD Blu-ray, Blu-Ray, DVD | FSK 16\" \/>\n<meta name=\"twitter:image\" content=\"https:\/\/ucm.one\/wp-content\/uploads\/2023\/11\/C-Sharknado-10th-Anniversary-UHD-2D-FSK16.jpg\" \/>\n<meta name=\"twitter:label1\" content=\"Gesch\u00e4tzte Lesezeit\" \/>\n\t<meta name=\"twitter:data1\" content=\"1\u00a0Minute\" \/>\n<!-- \/ Yoast SEO plugin. -->","yoast_head_json":{"title":"Sharknado - More Sharks, More 'Nado! (10th Anniversary)\u00a0A","description":"Shop | Sharknado - More Sharks, More 'Nado! (10th Anniversary Edition) A | 2023 | M-Square Pictures | 4K Ultra HD Blu-ray, Blu-Ray, DVD | FSK 16","robots":{"index":"index","follow":"follow","max-snippet":"max-snippet:-1","max-image-preview":"max-image-preview:large","max-video-preview":"max-video-preview:-1"},"canonical":"https:\/\/ucm.one\/de\/produkt\/sharknado-more-sharks-more-nado-10th-anniversary-edition-cover-a\/","og_locale":"de_DE","og_type":"article","og_title":"Sharknado - More Sharks, More 'Nado! (10th Anniversary Edition)","og_description":"Shop | Sharknado - More Sharks, More 'Nado! (10th Anniversary Edition) A | 2023 | M-Square Pictures | 4K Ultra HD Blu-ray, Blu-Ray, DVD | FSK 16","og_url":"https:\/\/ucm.one\/de\/produkt\/sharknado-more-sharks-more-nado-10th-anniversary-edition-cover-a\/","og_site_name":"UCM.ONE","article_modified_time":"2025-02-17T07:31:29+00:00","og_image":[{"url":"https:\/\/ucm.one\/wp-content\/uploads\/2023\/11\/C-Sharknado-10th-Anniversary-UHD-2D-FSK16.jpg","type":"","width":"","height":""}],"twitter_card":"summary_large_image","twitter_title":"Sharknado - More Sharks, More 'Nado! (10th Anniversary Edition)","twitter_description":"Shop | Sharknado - More Sharks, More 'Nado! (10th Anniversary Edition) A | 2023 | M-Square Pictures | 4K Ultra HD Blu-ray, Blu-Ray, DVD | FSK 16","twitter_image":"https:\/\/ucm.one\/wp-content\/uploads\/2023\/11\/C-Sharknado-10th-Anniversary-UHD-2D-FSK16.jpg","twitter_misc":{"Gesch\u00e4tzte Lesezeit":"1\u00a0Minute"},"schema":{"@context":"https:\/\/schema.org","@graph":[{"@type":"WebPage","@id":"https:\/\/ucm.one\/de\/produkt\/sharknado-more-sharks-more-nado-10th-anniversary-edition-cover-a\/","url":"https:\/\/ucm.one\/de\/produkt\/sharknado-more-sharks-more-nado-10th-anniversary-edition-cover-a\/","name":"Sharknado - More Sharks, More 'Nado! (10th Anniversary)\u00a0A","isPartOf":{"@id":"https:\/\/ucm.one\/de\/#website"},"primaryImageOfPage":{"@id":"https:\/\/ucm.one\/de\/produkt\/sharknado-more-sharks-more-nado-10th-anniversary-edition-cover-a\/#primaryimage"},"image":{"@id":"https:\/\/ucm.one\/de\/produkt\/sharknado-more-sharks-more-nado-10th-anniversary-edition-cover-a\/#primaryimage"},"thumbnailUrl":"https:\/\/ucm.one\/wp-content\/uploads\/2023\/11\/C-Sharknado-10th-Anniversary.jpg","datePublished":"2023-10-31T00:55:16+00:00","dateModified":"2025-02-17T07:31:29+00:00","description":"Shop | Sharknado - More Sharks, More 'Nado! (10th Anniversary Edition) A | 2023 | M-Square Pictures | 4K Ultra HD Blu-ray, Blu-Ray, DVD | FSK 16","breadcrumb":{"@id":"https:\/\/ucm.one\/de\/produkt\/sharknado-more-sharks-more-nado-10th-anniversary-edition-cover-a\/#breadcrumb"},"inLanguage":"de","potentialAction":[{"@type":"ReadAction","target":["https:\/\/ucm.one\/de\/produkt\/sharknado-more-sharks-more-nado-10th-anniversary-edition-cover-a\/"]}]},{"@type":"ImageObject","inLanguage":"de","@id":"https:\/\/ucm.one\/de\/produkt\/sharknado-more-sharks-more-nado-10th-anniversary-edition-cover-a\/#primaryimage","url":"https:\/\/ucm.one\/wp-content\/uploads\/2023\/11\/C-Sharknado-10th-Anniversary.jpg","contentUrl":"https:\/\/ucm.one\/wp-content\/uploads\/2023\/11\/C-Sharknado-10th-Anniversary.jpg","width":699,"height":1000},{"@type":"BreadcrumbList","@id":"https:\/\/ucm.one\/de\/produkt\/sharknado-more-sharks-more-nado-10th-anniversary-edition-cover-a\/#breadcrumb","itemListElement":[{"@type":"ListItem","position":1,"name":"Home","item":"https:\/\/ucm.one\/de\/"},{"@type":"ListItem","position":2,"name":"Shop","item":"https:\/\/ucm.one\/de\/shop\/"},{"@type":"ListItem","position":3,"name":"Sharknado &#8211; More Sharks, More &#8218;Nado! (10th Anniversary Edition) [Cover A]"}]},{"@type":"WebSite","@id":"https:\/\/ucm.one\/de\/#website","url":"https:\/\/ucm.one\/de\/","name":"UCM.ONE","description":"","publisher":{"@id":"https:\/\/ucm.one\/de\/#organization"},"potentialAction":[{"@type":"SearchAction","target":{"@type":"EntryPoint","urlTemplate":"https:\/\/ucm.one\/de\/?s={search_term_string}"},"query-input":{"@type":"PropertyValueSpecification","valueRequired":true,"valueName":"search_term_string"}}],"inLanguage":"de"},{"@type":"Organization","@id":"https:\/\/ucm.one\/de\/#organization","name":"UCM.ONE","url":"https:\/\/ucm.one\/de\/","logo":{"@type":"ImageObject","inLanguage":"de","@id":"https:\/\/ucm.one\/de\/#\/schema\/logo\/image\/","url":"https:\/\/ucm.one\/wp-content\/uploads\/2019\/10\/UCM.ONE-Logo-RGB.svg","contentUrl":"https:\/\/ucm.one\/wp-content\/uploads\/2019\/10\/UCM.ONE-Logo-RGB.svg","width":1,"height":1,"caption":"UCM.ONE"},"image":{"@id":"https:\/\/ucm.one\/de\/#\/schema\/logo\/image\/"}}]}},"_links":{"self":[{"href":"https:\/\/ucm.one\/de\/wp-json\/wp\/v2\/product\/98098","targetHints":{"allow":["GET"]}}],"collection":[{"href":"https:\/\/ucm.one\/de\/wp-json\/wp\/v2\/product"}],"about":[{"href":"https:\/\/ucm.one\/de\/wp-json\/wp\/v2\/types\/product"}],"replies":[{"embeddable":true,"href":"https:\/\/ucm.one\/de\/wp-json\/wp\/v2\/comments?post=98098"}],"wp:featuredmedia":[{"embeddable":true,"href":"https:\/\/ucm.one\/de\/wp-json\/wp\/v2\/media\/98099"}],"wp:attachment":[{"href":"https:\/\/ucm.one\/de\/wp-json\/wp\/v2\/media?parent=98098"}],"wp:term":[{"taxonomy":"product_brand","embeddable":true,"href":"https:\/\/ucm.one\/de\/wp-json\/wp\/v2\/product_brand?post=98098"},{"taxonomy":"product_cat","embeddable":true,"href":"https:\/\/ucm.one\/de\/wp-json\/wp\/v2\/product_cat?post=98098"},{"taxonomy":"product_tag","embeddable":true,"href":"https:\/\/ucm.one\/de\/wp-json\/wp\/v2\/product_tag?post=98098"}],"curies":[{"name":"wp","href":"https:\/\/api.w.org\/{rel}","templated":true}]}}