{"id":97976,"date":"2016-03-23T12:10:39","date_gmt":"2016-03-23T12:10:39","guid":{"rendered":"https:\/\/ucm.one\/?post_type=product&#038;p=97976"},"modified":"2026-01-13T14:44:20","modified_gmt":"2026-01-13T14:44:20","slug":"anhedonia","status":"publish","type":"product","link":"https:\/\/ucm.one\/de\/produkt\/anhedonia\/","title":{"rendered":"Anhedonia"},"content":{"rendered":"<div class=\"wpb_text_column wpb_content_element \">\n<div class=\"wpb_wrapper\">\n<div class=\"\">\n<div class=\"wpb_text_column wpb_content_element \">\n<div class=\"wpb_wrapper\">\n<div class=\"wpb_text_column wpb_content_element \">\n<div class=\"wpb_wrapper\">\n<p>Wir schreiben das Jahr 2020. Weltweit werden tagt\u00e4glich Milliarden von Menschen Opfer der digitalen, medialen, narzisstischen, hedonistischen, karrieristischen und konsumorientierten Reiz\u00fcberflutung und Suggestion durch das Establishment. Auf bis dato unerkl\u00e4rliche Weise erkranken schlagartig hunderte Millionen B\u00fcrger der ersten Welt epidemisch an \u201eAnhedonie\u201c, der Unf\u00e4higkeit, Freude, Lust und Befriedigung zu empfinden. Zwei Musteropfer dieser uns\u00e4glichen Umst\u00e4nde sind die ungleichen, aber dennoch unzertrennlichen Aristokraten-S\u00f6hnchen Franz (Robert Stadlober) und Fritz Freudenthal (<strong>Wieland Sch\u00f6nfelder<\/strong>). V\u00f6llig sinnentleert und gepeinigt durch ihr j\u00e4mmerliches, lust- und spa\u00dffreies Dasein vegetieren sie dahin, bis sie auf die neue einzigartige Lust-Stimuli-Therapie des weltber\u00fchmten und angesagten Psychotherapeuten Prof. Dr. Immanuel Young (<strong>Dirk von Lowtzow<\/strong>) aufmerksam werden und darin die L\u00f6sung all ihrer Probleme sehen\u2026<\/p>\n<p>Eine gro\u00dfartige satirische Kom\u00f6die mit der Cr\u00e8me de la Cr\u00e8me des deutschen Kinos: <strong>Robert Stadlober<\/strong> (Crazy, Krabat), <strong>Paula Kalenberg<\/strong> (Systemfehler, Die Wolke) sowie Einst\u00fcrzende-Neubauten-S\u00e4nger <strong>Blixa Bargeld<\/strong> &amp; Tocotronic-S\u00e4nger <strong>Dirk von Lowtzow<\/strong>!<\/p>\n<\/div>\n<\/div>\n<\/div>\n<\/div>\n<\/div>\n<\/div>\n<\/div>\n<div><div class=\"gap\" style=\"line-height: 20px; height: 20px;\"><\/div><\/div>\n<h5>Weitere Informationen<\/h5>\n<div>\n<div>\n<table style=\"height: 46px; width: 100%; border-collapse: collapse; border-color: #ffffff; background-color: #ffffff; border-style: hidden;\">\n<tbody>\n<tr style=\"height: 23px;\">\n<td style=\"width: 4.701195219123506%; height: 23px; border-style: hidden;\">Label:<\/td>\n<td style=\"width: 95.29880478087651%; height: 23px; border-style: hidden;\"><a title=\"Artkeim\u00b2\" href=\"https:\/\/ucm.one\/de\/film-labels\/artkeim\/\">Artkeim\u00b2<\/a><\/td>\n<\/tr>\n<\/tbody>\n<\/table>\n<\/div>\n<div><\/div>\n<\/div>\n<div>\n<div><div class=\"gap\" style=\"line-height: 10px; height: 10px;\"><\/div><\/div>\n<div>\u2117 <strong>2016 Interzone Pictures,<\/strong> <span style=\"font-family: 'arial black', sans-serif;\"><span style=\"font-family: arial, helvetica, sans-serif;\">\u00a9 2017 <strong>Artkeim\u00b2 \/\u00a0<span style=\"font-family: 'arial black', sans-serif;\">UCM.ONE<\/span><\/strong><\/span><\/span><\/div>\n<div><div class=\"gap\" style=\"line-height: 20px; height: 20px;\"><\/div><\/div>\n<\/div>\n<div>\n<div><\/div>\n<div>\n<div><div class=\"gap\" style=\"line-height: 10px; height: 10px;\"><\/div><\/div>\n<div><span style=\"color: #003a80;\"><strong>\u27a0 <a style=\"color: #003a80;\" href=\"https:\/\/ucm.one\/de\/produkt-kategorie\/art-de\/filme-de\/\">zum Shop<\/a><\/strong><\/span><\/div>\n<div><div class=\"gap\" style=\"line-height: 20px; height: 20px;\"><\/div><\/div>\n<\/div>\n<\/div>\n","protected":false},"excerpt":{"rendered":"<p>Regie: <strong><a title=\"Patrick Siegfried Zimmer\" href=\"https:\/\/ucm.one\/de\/?s=%22Patrick+Siegfried+Zimmer%22&amp;post_type=product\">Patrick Siegfried Zimmer<\/a><\/strong><\/p>\n<p>Label:\u00a0<a title=\"\" href=\"https:\/\/ucm.one\/de\/produkt-kategorie\/label-film-de\/artkeim-de\/\"><strong>Artkeim\u00b2<\/strong><\/a><\/p>\n<p>Art:\u00a0<strong><a href=\"https:\/\/ucm.one\/de\/produkt-kategorie\/art-de\/filme-de\/\">Film<\/a> (Spielfilm)<\/strong><\/p>\n<p>Genres:\u00a0<b><a href=\"https:\/\/ucm.one\/de\/produkt-kategorie\/genre-film-de\/drama-de\/\">Drama<\/a>, <a title=\"Science-Fiction\" href=\"https:\/\/ucm.one\/de\/produkt-kategorie\/genre-film-de\/science-fiction-de\/\">Science-Fiction<\/a><\/b><\/p>\n<p>Jahr: <strong>2016<\/strong><\/p>\n<p>FSK: <strong>12<\/strong><\/p>\n<p>Format: <strong>DVD<\/strong><\/p>\n","protected":false},"featured_media":97977,"comment_status":"open","ping_status":"closed","template":"","meta":{"_acf_changed":false},"product_brand":[],"product_cat":[9708,10331,10334,10338,10354,10356,13156],"product_tag":[16713,16703,16714,16704,16705,16706,16707,16708,16709,16710,16711,12080,16712],"class_list":{"0":"post-97976","1":"product","2":"type-product","3":"status-publish","4":"has-post-thumbnail","6":"product_cat-filme-de","7":"product_cat-dvd-de","8":"product_cat-drama-de","9":"product_cat-artkeim-de","10":"product_cat-science-fiction-de","11":"product_cat-komoedie-de","12":"product_cat-arthouse-de","13":"product_tag-flo-fernandez","14":"product_tag-anhedonia","15":"product_tag-paul-poetsch","16":"product_tag-patrick-siegfried-zimmer","17":"product_tag-robert-stadlober","18":"product_tag-sebastian-schultz","19":"product_tag-klaus-maeck","20":"product_tag-wieland-schoenfelder","21":"product_tag-blixa-bargeld","22":"product_tag-paula-kalenberg","23":"product_tag-matthias-scheuring","24":"product_tag-artkeim","25":"product_tag-dirk-von-lowtzow","26":"pa_format-dvd","27":"description-off","29":"first","30":"instock","31":"sale","32":"taxable","33":"shipping-taxable","34":"purchasable","35":"product-type-variable","36":"has-default-attributes"},"acf":[],"yoast_head":"<!-- This site is optimized with the Yoast SEO plugin v27.5 - https:\/\/yoast.com\/product\/yoast-seo-wordpress\/ -->\n<title>Anhedonia<\/title>\n<meta name=\"description\" content=\"Shop | Anhedonia | 2016 | Artkeim\u00b2 | DVD | FSK 12\" \/>\n<meta name=\"robots\" content=\"index, follow, max-snippet:-1, max-image-preview:large, max-video-preview:-1\" \/>\n<link rel=\"canonical\" href=\"https:\/\/ucm.one\/de\/produkt\/anhedonia\/\" \/>\n<meta property=\"og:locale\" content=\"de_DE\" \/>\n<meta property=\"og:type\" content=\"article\" \/>\n<meta property=\"og:title\" content=\"Anhedonia\" \/>\n<meta property=\"og:description\" content=\"Shop | Anhedonia | 2016 | Artkeim\u00b2 | DVD | FSK 12\" \/>\n<meta property=\"og:url\" content=\"https:\/\/ucm.one\/de\/produkt\/anhedonia\/\" \/>\n<meta property=\"og:site_name\" content=\"UCM.ONE\" \/>\n<meta property=\"article:modified_time\" content=\"2026-01-13T14:44:20+00:00\" \/>\n<meta property=\"og:image\" content=\"https:\/\/ucm.one\/wp-content\/uploads\/2023\/10\/C-Anhedonia-DVD-2D-FSK12.jpg\" \/>\n<meta name=\"twitter:card\" content=\"summary_large_image\" \/>\n<meta name=\"twitter:title\" content=\"Anhedonia\" \/>\n<meta name=\"twitter:description\" content=\"Shop | Anhedonia | 2016 | Artkeim\u00b2 | DVD | FSK 12\" \/>\n<meta name=\"twitter:image\" content=\"https:\/\/ucm.one\/wp-content\/uploads\/2023\/10\/C-Anhedonia-DVD-2D-FSK12.jpg\" \/>\n<meta name=\"twitter:label1\" content=\"Gesch\u00e4tzte Lesezeit\" \/>\n\t<meta name=\"twitter:data1\" content=\"2\u00a0Minuten\" \/>\n<!-- \/ Yoast SEO plugin. -->","yoast_head_json":{"title":"Anhedonia","description":"Shop | Anhedonia | 2016 | Artkeim\u00b2 | DVD | FSK 12","robots":{"index":"index","follow":"follow","max-snippet":"max-snippet:-1","max-image-preview":"max-image-preview:large","max-video-preview":"max-video-preview:-1"},"canonical":"https:\/\/ucm.one\/de\/produkt\/anhedonia\/","og_locale":"de_DE","og_type":"article","og_title":"Anhedonia","og_description":"Shop | Anhedonia | 2016 | Artkeim\u00b2 | DVD | FSK 12","og_url":"https:\/\/ucm.one\/de\/produkt\/anhedonia\/","og_site_name":"UCM.ONE","article_modified_time":"2026-01-13T14:44:20+00:00","og_image":[{"url":"https:\/\/ucm.one\/wp-content\/uploads\/2023\/10\/C-Anhedonia-DVD-2D-FSK12.jpg","type":"","width":"","height":""}],"twitter_card":"summary_large_image","twitter_title":"Anhedonia","twitter_description":"Shop | Anhedonia | 2016 | Artkeim\u00b2 | DVD | FSK 12","twitter_image":"https:\/\/ucm.one\/wp-content\/uploads\/2023\/10\/C-Anhedonia-DVD-2D-FSK12.jpg","twitter_misc":{"Gesch\u00e4tzte Lesezeit":"2\u00a0Minuten"},"schema":{"@context":"https:\/\/schema.org","@graph":[{"@type":"WebPage","@id":"https:\/\/ucm.one\/de\/produkt\/anhedonia\/","url":"https:\/\/ucm.one\/de\/produkt\/anhedonia\/","name":"Anhedonia","isPartOf":{"@id":"https:\/\/ucm.one\/de\/#website"},"primaryImageOfPage":{"@id":"https:\/\/ucm.one\/de\/produkt\/anhedonia\/#primaryimage"},"image":{"@id":"https:\/\/ucm.one\/de\/produkt\/anhedonia\/#primaryimage"},"thumbnailUrl":"https:\/\/ucm.one\/wp-content\/uploads\/2023\/10\/C-Anhedonia-DVD-2D-FSK12.jpg","datePublished":"2016-03-23T12:10:39+00:00","dateModified":"2026-01-13T14:44:20+00:00","description":"Shop | Anhedonia | 2016 | Artkeim\u00b2 | DVD | FSK 12","breadcrumb":{"@id":"https:\/\/ucm.one\/de\/produkt\/anhedonia\/#breadcrumb"},"inLanguage":"de","potentialAction":[{"@type":"ReadAction","target":["https:\/\/ucm.one\/de\/produkt\/anhedonia\/"]}]},{"@type":"ImageObject","inLanguage":"de","@id":"https:\/\/ucm.one\/de\/produkt\/anhedonia\/#primaryimage","url":"https:\/\/ucm.one\/wp-content\/uploads\/2023\/10\/C-Anhedonia-DVD-2D-FSK12.jpg","contentUrl":"https:\/\/ucm.one\/wp-content\/uploads\/2023\/10\/C-Anhedonia-DVD-2D-FSK12.jpg","width":699,"height":1000},{"@type":"BreadcrumbList","@id":"https:\/\/ucm.one\/de\/produkt\/anhedonia\/#breadcrumb","itemListElement":[{"@type":"ListItem","position":1,"name":"Home","item":"https:\/\/ucm.one\/de\/"},{"@type":"ListItem","position":2,"name":"Shop","item":"https:\/\/ucm.one\/de\/shop\/"},{"@type":"ListItem","position":3,"name":"Anhedonia"}]},{"@type":"WebSite","@id":"https:\/\/ucm.one\/de\/#website","url":"https:\/\/ucm.one\/de\/","name":"UCM.ONE","description":"","publisher":{"@id":"https:\/\/ucm.one\/de\/#organization"},"potentialAction":[{"@type":"SearchAction","target":{"@type":"EntryPoint","urlTemplate":"https:\/\/ucm.one\/de\/?s={search_term_string}"},"query-input":{"@type":"PropertyValueSpecification","valueRequired":true,"valueName":"search_term_string"}}],"inLanguage":"de"},{"@type":"Organization","@id":"https:\/\/ucm.one\/de\/#organization","name":"UCM.ONE","url":"https:\/\/ucm.one\/de\/","logo":{"@type":"ImageObject","inLanguage":"de","@id":"https:\/\/ucm.one\/de\/#\/schema\/logo\/image\/","url":"https:\/\/ucm.one\/wp-content\/uploads\/2019\/10\/UCM.ONE-Logo-RGB.svg","contentUrl":"https:\/\/ucm.one\/wp-content\/uploads\/2019\/10\/UCM.ONE-Logo-RGB.svg","width":1,"height":1,"caption":"UCM.ONE"},"image":{"@id":"https:\/\/ucm.one\/de\/#\/schema\/logo\/image\/"}}]}},"_links":{"self":[{"href":"https:\/\/ucm.one\/de\/wp-json\/wp\/v2\/product\/97976","targetHints":{"allow":["GET"]}}],"collection":[{"href":"https:\/\/ucm.one\/de\/wp-json\/wp\/v2\/product"}],"about":[{"href":"https:\/\/ucm.one\/de\/wp-json\/wp\/v2\/types\/product"}],"replies":[{"embeddable":true,"href":"https:\/\/ucm.one\/de\/wp-json\/wp\/v2\/comments?post=97976"}],"wp:featuredmedia":[{"embeddable":true,"href":"https:\/\/ucm.one\/de\/wp-json\/wp\/v2\/media\/97977"}],"wp:attachment":[{"href":"https:\/\/ucm.one\/de\/wp-json\/wp\/v2\/media?parent=97976"}],"wp:term":[{"taxonomy":"product_brand","embeddable":true,"href":"https:\/\/ucm.one\/de\/wp-json\/wp\/v2\/product_brand?post=97976"},{"taxonomy":"product_cat","embeddable":true,"href":"https:\/\/ucm.one\/de\/wp-json\/wp\/v2\/product_cat?post=97976"},{"taxonomy":"product_tag","embeddable":true,"href":"https:\/\/ucm.one\/de\/wp-json\/wp\/v2\/product_tag?post=97976"}],"curies":[{"name":"wp","href":"https:\/\/api.w.org\/{rel}","templated":true}]}}