{"id":97747,"date":"2023-09-22T22:05:22","date_gmt":"2023-09-22T22:05:22","guid":{"rendered":"https:\/\/ucm.one\/?post_type=product&#038;p=97747"},"modified":"2023-10-17T22:31:10","modified_gmt":"2023-10-17T22:31:10","slug":"good-night-hell","status":"publish","type":"product","link":"https:\/\/ucm.one\/de\/produkt\/good-night-hell\/","title":{"rendered":"Good Night Hell"},"content":{"rendered":"<div class=\"wpb_text_column wpb_content_element \">\n<div class=\"wpb_wrapper\">\n<div class=\"\">\n<div class=\"wpb_text_column wpb_content_element \">\n<div class=\"wpb_wrapper\">\n<div class=\"wpb_text_column wpb_content_element \">\n<div class=\"wpb_wrapper\">\n<p><span style=\"font-weight: 400;\">Ein globaler Krieg mit f\u00fcrchterlichen chemischen Waffen hat die Menschheit zu 99% ausgerottet. Die wenigen \u00dcberlebenden werden gnadenlos von grauenhaft mutierten Wesen, den \u201eGargoyles\u201c gejagt. <\/span><span style=\"font-weight: 400;\">In einem unterirdischen Labor hat eine Gruppe von Wissenschaftlern unter F\u00fchrung des Kommandanten Hal (<strong>George Kennedy<\/strong>) die Apokalypse \u00fcberlebt. Doch der Terror nimmt kein Ende, als eine Frau, die an der Oberfl\u00e4che gerettet werden konnte, in die Station gebracht wird &#8211; aber kurz darauf ein monstr\u00f6ses Wesen aus ihrem K\u00f6rper bricht, das sofort Jagd auf alles Menschliche macht und immer gr\u00f6\u00dfer zu werden scheint. Der Tod lauert von nun an \u00fcberall in den dunklen G\u00e4ngen des unterirdischen Labors und das Monster scheint unzerst\u00f6rbar in seiner Gier nach Blut.<\/span><\/p>\n<\/div>\n<\/div>\n<\/div>\n<\/div>\n<\/div>\n<\/div>\n<\/div>\n<div><div class=\"gap\" style=\"line-height: 20px; height: 20px;\"><\/div><\/div>\n<h5>Weitere Informationen<\/h5>\n<div>\n<div>\n<table style=\"height: 46px; width: 100%; border-collapse: collapse; border-color: #ffffff; background-color: #ffffff; border-style: hidden;\">\n<tbody>\n<tr style=\"height: 23px;\">\n<td style=\"width: 4.701195219123506%; height: 23px; border-style: hidden;\">Label:<\/td>\n<td style=\"width: 95.29880478087651%; height: 23px; border-style: hidden;\"><a title=\"U8 Films Berlin\" href=\"https:\/\/ucm.one\/de\/film-labels\/u1-films-berlin\/#u8-films-berlin\">U8 Films Berlin<\/a><\/td>\n<\/tr>\n<\/tbody>\n<\/table>\n<\/div>\n<div><\/div>\n<\/div>\n<div>\n<div><div class=\"gap\" style=\"line-height: 10px; height: 10px;\"><\/div><\/div>\n<div>\u2117 1989 <strong>Concorde Pictures<\/strong>, \u00a9 2023 <strong><span style=\"font-family: 'arial black', sans-serif;\">U8<\/span> Films Berlin<\/strong> \/ <span style=\"font-family: 'arial black', sans-serif;\"><strong>UCM.ONE<\/strong><\/span><\/div>\n<div><div class=\"gap\" style=\"line-height: 20px; height: 20px;\"><\/div><\/div>\n<div>\n<div><\/div>\n<div>\n<div><div class=\"gap\" style=\"line-height: 10px; height: 10px;\"><\/div><\/div>\n<div><span style=\"color: #003a80;\"><strong>\u27a0 <a style=\"color: #003a80;\" href=\"https:\/\/ucm.one\/de\/produkt-kategorie\/art-de\/filme-de\/\">zum Shop<\/a><\/strong><\/span><\/div>\n<div><div class=\"gap\" style=\"line-height: 20px; height: 20px;\"><\/div><\/div>\n<\/div>\n<\/div>\n<\/div>\n","protected":false},"excerpt":{"rendered":"<p>Regie: \u00a0<a href=\"https:\/\/ucm.one\/de\/?s=%22Thierry+Notz%22&amp;post_type=product\"><strong>Thierry Notz<\/strong><\/a><\/p>\n<p>Label: <a title=\"U8 Films Berlin\" href=\"https:\/\/ucm.one\/de\/produkt-kategorie\/label-film-de\/u8-films-berlin-de\"><strong>U8 Films Berlin<\/strong><\/a><\/p>\n<p>Art:\u00a0<strong><a href=\"https:\/\/ucm.one\/de\/produkt-kategorie\/art-de\/filme-de\/\">Film<\/a> (Spielfilm)<\/strong><\/p>\n<p>Genres:\u00a0<a href=\"https:\/\/ucm.one\/de\/produkt-kategorie\/genre-film-de\/science-fiction-de\/\"><b>Science-Fiction<\/b><\/a>,\u00a0<a href=\"https:\/\/ucm.one\/de\/produkt-kategorie\/genre-film-de\/horror-de\/\"><b>Horror<\/b><\/a><\/p>\n<p>Jahr: <strong>2023<\/strong><\/p>\n<p>FSK: <strong>18<\/strong><\/p>\n<p>Format: <b>Diverse<\/b><\/p>\n","protected":false},"featured_media":97760,"comment_status":"open","ping_status":"closed","template":"","meta":{"_acf_changed":false},"product_brand":[],"product_cat":[10332,10343,10354,9708,12093,10327,10331],"product_tag":[13931,13932,13933,13934,13935,11023,13936,13937,12911,13938,9775,12914,13940,13929,13941,13930,16672],"class_list":{"0":"post-97747","1":"product","2":"type-product","3":"status-publish","4":"has-post-thumbnail","6":"product_cat-blu-ray-de","7":"product_cat-u8-films-berlin-de","8":"product_cat-science-fiction-de","9":"product_cat-filme-de","10":"product_cat-klassiker-de","11":"product_cat-horror-de","12":"product_cat-dvd-de","13":"product_tag-andrew-stevens","14":"product_tag-starr-andreef","15":"product_tag-terri-treas","16":"product_tag-john-lafayette","17":"product_tag-tommy-hinkley","18":"product_tag-u8-films-berlin","19":"product_tag-yvonne-saa","20":"product_tag-joseph-hardin","21":"product_tag-mutant","22":"product_tag-al-guarino","23":"product_tag-roger-corman","24":"product_tag-alien","25":"product_tag-watchers","26":"product_tag-thierry-notz","27":"product_tag-das-grauen-aus-der-tiefe","28":"product_tag-george-kennedy","29":"product_tag-good-night-hell","30":"pa_format-dvd","31":"pa_format-blu-ray-de","32":"description-off","34":"first","35":"instock","36":"sale","37":"taxable","38":"shipping-taxable","39":"purchasable","40":"product-type-variable"},"acf":[],"yoast_head":"<!-- This site is optimized with the Yoast SEO plugin v27.2 - https:\/\/yoast.com\/product\/yoast-seo-wordpress\/ -->\n<title>Good Night Hell<\/title>\n<meta name=\"description\" content=\"Shop | Good Night Hell | 2023 | U8 Films Berlin | Blu-Ray, DVD | FSK 18\" \/>\n<meta name=\"robots\" content=\"index, follow, max-snippet:-1, max-image-preview:large, max-video-preview:-1\" \/>\n<link rel=\"canonical\" href=\"https:\/\/ucm.one\/de\/produkt\/good-night-hell\/\" \/>\n<meta property=\"og:locale\" content=\"de_DE\" \/>\n<meta property=\"og:type\" content=\"article\" \/>\n<meta property=\"og:title\" content=\"Good Night Hell\" \/>\n<meta property=\"og:description\" content=\"Shop | Good Night Hell | 2023 | U8 Films Berlin | Blu-Ray, DVD | FSK 18\" \/>\n<meta property=\"og:url\" content=\"https:\/\/ucm.one\/de\/produkt\/good-night-hell\/\" \/>\n<meta property=\"og:site_name\" content=\"UCM.ONE\" \/>\n<meta property=\"article:modified_time\" content=\"2023-10-17T22:31:10+00:00\" \/>\n<meta property=\"og:image\" content=\"https:\/\/ucm.one\/wp-content\/uploads\/2023\/10\/C-Good-Night-Hell-DVD-2D-FSK18.jpg\" \/>\n<meta name=\"twitter:card\" content=\"summary_large_image\" \/>\n<meta name=\"twitter:title\" content=\"Good Night Hell\" \/>\n<meta name=\"twitter:description\" content=\"Shop | Good Night Hell | 2023 | U8 Films Berlin | Blu-Ray, DVD | FSK 18\" \/>\n<meta name=\"twitter:image\" content=\"https:\/\/ucm.one\/wp-content\/uploads\/2023\/10\/C-Good-Night-Hell-DVD-2D-FSK18.jpg\" \/>\n<meta name=\"twitter:label1\" content=\"Gesch\u00e4tzte Lesezeit\" \/>\n\t<meta name=\"twitter:data1\" content=\"1\u00a0Minute\" \/>\n<!-- \/ Yoast SEO plugin. -->","yoast_head_json":{"title":"Good Night Hell","description":"Shop | Good Night Hell | 2023 | U8 Films Berlin | Blu-Ray, DVD | FSK 18","robots":{"index":"index","follow":"follow","max-snippet":"max-snippet:-1","max-image-preview":"max-image-preview:large","max-video-preview":"max-video-preview:-1"},"canonical":"https:\/\/ucm.one\/de\/produkt\/good-night-hell\/","og_locale":"de_DE","og_type":"article","og_title":"Good Night Hell","og_description":"Shop | Good Night Hell | 2023 | U8 Films Berlin | Blu-Ray, DVD | FSK 18","og_url":"https:\/\/ucm.one\/de\/produkt\/good-night-hell\/","og_site_name":"UCM.ONE","article_modified_time":"2023-10-17T22:31:10+00:00","og_image":[{"url":"https:\/\/ucm.one\/wp-content\/uploads\/2023\/10\/C-Good-Night-Hell-DVD-2D-FSK18.jpg","type":"","width":"","height":""}],"twitter_card":"summary_large_image","twitter_title":"Good Night Hell","twitter_description":"Shop | Good Night Hell | 2023 | U8 Films Berlin | Blu-Ray, DVD | FSK 18","twitter_image":"https:\/\/ucm.one\/wp-content\/uploads\/2023\/10\/C-Good-Night-Hell-DVD-2D-FSK18.jpg","twitter_misc":{"Gesch\u00e4tzte Lesezeit":"1\u00a0Minute"},"schema":{"@context":"https:\/\/schema.org","@graph":[{"@type":"WebPage","@id":"https:\/\/ucm.one\/de\/produkt\/good-night-hell\/","url":"https:\/\/ucm.one\/de\/produkt\/good-night-hell\/","name":"Good Night Hell","isPartOf":{"@id":"https:\/\/ucm.one\/de\/#website"},"primaryImageOfPage":{"@id":"https:\/\/ucm.one\/de\/produkt\/good-night-hell\/#primaryimage"},"image":{"@id":"https:\/\/ucm.one\/de\/produkt\/good-night-hell\/#primaryimage"},"thumbnailUrl":"https:\/\/ucm.one\/wp-content\/uploads\/2023\/09\/C-Good-Night-Hell-DVD-2D-FSK18-II.jpg","datePublished":"2023-09-22T22:05:22+00:00","dateModified":"2023-10-17T22:31:10+00:00","description":"Shop | Good Night Hell | 2023 | U8 Films Berlin | Blu-Ray, DVD | FSK 18","breadcrumb":{"@id":"https:\/\/ucm.one\/de\/produkt\/good-night-hell\/#breadcrumb"},"inLanguage":"de","potentialAction":[{"@type":"ReadAction","target":["https:\/\/ucm.one\/de\/produkt\/good-night-hell\/"]}]},{"@type":"ImageObject","inLanguage":"de","@id":"https:\/\/ucm.one\/de\/produkt\/good-night-hell\/#primaryimage","url":"https:\/\/ucm.one\/wp-content\/uploads\/2023\/09\/C-Good-Night-Hell-DVD-2D-FSK18-II.jpg","contentUrl":"https:\/\/ucm.one\/wp-content\/uploads\/2023\/09\/C-Good-Night-Hell-DVD-2D-FSK18-II.jpg","width":699,"height":1000},{"@type":"BreadcrumbList","@id":"https:\/\/ucm.one\/de\/produkt\/good-night-hell\/#breadcrumb","itemListElement":[{"@type":"ListItem","position":1,"name":"Home","item":"https:\/\/ucm.one\/de\/"},{"@type":"ListItem","position":2,"name":"Shop","item":"https:\/\/ucm.one\/de\/shop\/"},{"@type":"ListItem","position":3,"name":"Good Night Hell"}]},{"@type":"WebSite","@id":"https:\/\/ucm.one\/de\/#website","url":"https:\/\/ucm.one\/de\/","name":"UCM.ONE","description":"","publisher":{"@id":"https:\/\/ucm.one\/de\/#organization"},"potentialAction":[{"@type":"SearchAction","target":{"@type":"EntryPoint","urlTemplate":"https:\/\/ucm.one\/de\/?s={search_term_string}"},"query-input":{"@type":"PropertyValueSpecification","valueRequired":true,"valueName":"search_term_string"}}],"inLanguage":"de"},{"@type":"Organization","@id":"https:\/\/ucm.one\/de\/#organization","name":"UCM.ONE","url":"https:\/\/ucm.one\/de\/","logo":{"@type":"ImageObject","inLanguage":"de","@id":"https:\/\/ucm.one\/de\/#\/schema\/logo\/image\/","url":"https:\/\/ucm.one\/wp-content\/uploads\/2019\/10\/UCM.ONE-Logo-RGB.svg","contentUrl":"https:\/\/ucm.one\/wp-content\/uploads\/2019\/10\/UCM.ONE-Logo-RGB.svg","width":1,"height":1,"caption":"UCM.ONE"},"image":{"@id":"https:\/\/ucm.one\/de\/#\/schema\/logo\/image\/"}}]}},"_links":{"self":[{"href":"https:\/\/ucm.one\/de\/wp-json\/wp\/v2\/product\/97747","targetHints":{"allow":["GET"]}}],"collection":[{"href":"https:\/\/ucm.one\/de\/wp-json\/wp\/v2\/product"}],"about":[{"href":"https:\/\/ucm.one\/de\/wp-json\/wp\/v2\/types\/product"}],"replies":[{"embeddable":true,"href":"https:\/\/ucm.one\/de\/wp-json\/wp\/v2\/comments?post=97747"}],"wp:featuredmedia":[{"embeddable":true,"href":"https:\/\/ucm.one\/de\/wp-json\/wp\/v2\/media\/97760"}],"wp:attachment":[{"href":"https:\/\/ucm.one\/de\/wp-json\/wp\/v2\/media?parent=97747"}],"wp:term":[{"taxonomy":"product_brand","embeddable":true,"href":"https:\/\/ucm.one\/de\/wp-json\/wp\/v2\/product_brand?post=97747"},{"taxonomy":"product_cat","embeddable":true,"href":"https:\/\/ucm.one\/de\/wp-json\/wp\/v2\/product_cat?post=97747"},{"taxonomy":"product_tag","embeddable":true,"href":"https:\/\/ucm.one\/de\/wp-json\/wp\/v2\/product_tag?post=97747"}],"curies":[{"name":"wp","href":"https:\/\/api.w.org\/{rel}","templated":true}]}}