{"id":97736,"date":"2023-09-15T21:36:00","date_gmt":"2023-09-15T21:36:00","guid":{"rendered":"https:\/\/ucm.one\/?post_type=product&#038;p=97736"},"modified":"2025-10-18T08:42:53","modified_gmt":"2025-10-18T08:42:53","slug":"paranoia","status":"publish","type":"product","link":"https:\/\/ucm.one\/de\/produkt\/paranoia\/","title":{"rendered":"Paranoia"},"content":{"rendered":"<div class=\"wpb_text_column wpb_content_element \">\n<div class=\"wpb_wrapper\">\n<div class=\"\">\n<div class=\"wpb_text_column wpb_content_element \">\n<div class=\"wpb_wrapper\">\n<div class=\"wpb_text_column wpb_content_element \">\n<div class=\"wpb_wrapper\">\n<p>Als H\u00f6hepunkt einer Aufnahmepr\u00fcfung zur studentischen Verbindung \u201eAlpha Sigma Rho\u201c sollen die vier jungen Verbindungsanw\u00e4rter Marti (<strong>Linda Blair<\/strong>), Jeff (<strong>Peter Barton<\/strong>), Denise (<strong>Suki Goodwin<\/strong>) und Seth (<strong>Vincent van Patten<\/strong>) eine Nacht im stadtbekannten, altherrschaftlichen Spukhaus Garth Manor verbringen. Angeblich soll der Hausherr dort vor zw\u00f6lf Jahren seine Ehefrau, drei seiner missgestalteten Kinder und schlie\u00dflich sich selbst umgebracht und seinen j\u00fcngsten Sohn, den schwachsinnigen Andrew, allein zur\u00fcckgelassen haben. Gruselgeschichten berichten nat\u00fcrlich, dass der Ungl\u00fcckliche immer noch durch das Haus wandelt, was aber selbst die Initiatoren der Aufnahmepr\u00fcfung nicht glauben. Doch bei den Streichen, die sie den vier Bewerbern spielen, werden sie pl\u00f6tzlich von einem Killer \u00fcberrascht und aus der Mutprobe und dem anf\u00e4nglichen Vergn\u00fcgen wird schnell blutiger Ernst\u2026<\/p>\n<p>Der ehemals indizierte Kult-Horror-Slasher vom Produzenten <strong>Irwin Yanlans<\/strong>, dem Macher der ersten drei legend\u00e4ren <strong>Halloween<\/strong>-Filme, ist dazu mit <strong>Linda Blair<\/strong> aus <strong>Der Exorzist<\/strong> fantastisch besetzt!<\/p>\n<\/div>\n<\/div>\n<\/div>\n<\/div>\n<\/div>\n<\/div>\n<\/div>\n<div><div class=\"gap\" style=\"line-height: 20px; height: 20px;\"><\/div><\/div>\n<h5>Weitere Informationen<\/h5>\n<div>\n<div>\n<table style=\"height: 46px; width: 100%; border-collapse: collapse; border-color: #ffffff; background-color: #ffffff; border-style: hidden;\">\n<tbody>\n<tr style=\"height: 23px;\">\n<td style=\"width: 4.701195219123506%; height: 23px; border-style: hidden;\">Label:<\/td>\n<td style=\"width: 95.29880478087651%; height: 23px; border-style: hidden;\"><a title=\"U8 Films Berlin\" href=\"https:\/\/ucm.one\/de\/film-labels\/u1-films-berlin\/#u8-films-berlin\">U8 Films Berlin<\/a><\/td>\n<\/tr>\n<\/tbody>\n<\/table>\n<\/div>\n<div><\/div>\n<\/div>\n<div>\n<div><div class=\"gap\" style=\"line-height: 10px; height: 10px;\"><\/div><\/div>\n<div>\u2117 1981\u00a0<strong>BLT Productions, Media Home Entertainment<\/strong>, \u00a9 2023 <strong><span style=\"font-family: 'arial black', sans-serif;\">U8<\/span> Films Berlin<\/strong> \/ <span style=\"font-family: 'arial black', sans-serif;\"><strong>UCM.ONE<\/strong><\/span><\/div>\n<div><div class=\"gap\" style=\"line-height: 20px; height: 20px;\"><\/div><\/div>\n<div>\n<div><\/div>\n<div>\n<div><div class=\"gap\" style=\"line-height: 10px; height: 10px;\"><\/div><\/div>\n<div><span style=\"color: #003a80;\"><strong>\u27a0 <a style=\"color: #003a80;\" href=\"https:\/\/ucm.one\/de\/produkt-kategorie\/art-de\/filme-de\/\">zum Shop<\/a><\/strong><\/span><\/div>\n<div><div class=\"gap\" style=\"line-height: 20px; height: 20px;\"><\/div><\/div>\n<\/div>\n<\/div>\n<\/div>\n","protected":false},"excerpt":{"rendered":"<p>Regie: <a title=\"Tom DeSimone\" href=\"https:\/\/ucm.one\/de\/?s=%22Tom+DeSimone%22&amp;post_type=product\"><strong>Tom DeSimone<\/strong><\/a><\/p>\n<p>Label: <a title=\"U8 Films Berlin\" href=\"https:\/\/ucm.one\/de\/produkt-kategorie\/label-film-de\/u8-films-berlin-de\"><strong>U8 Films Berlin<\/strong><\/a><\/p>\n<p>Art:\u00a0<strong><a href=\"https:\/\/ucm.one\/de\/produkt-kategorie\/art-de\/filme-de\/\">Film<\/a> (Spielfilm)<\/strong><\/p>\n<p>Genre: <a href=\"https:\/\/ucm.one\/de\/produkt-kategorie\/genre-film-de\/horror-de\/\"><b>Horror<\/b><\/a><b>, <\/b><b><\/b><b><a href=\"https:\/\/ucm.one\/de\/produkt-kategorie\/genre-film-de\/horror-de\/slasher-de\/\">Slasher<\/a><\/b><\/p>\n<p>Jahr: <strong>2023<\/strong><\/p>\n<p>FSK: <strong>16<\/strong><\/p>\n<p>Formate: <strong>Diverse<\/strong><\/p>\n","protected":false},"featured_media":97739,"comment_status":"open","ping_status":"closed","template":"","meta":{"_acf_changed":false},"product_brand":[],"product_cat":[10327,10331,10332,10343,11948,9708,12093],"product_tag":[12922,12923,12924,12925,12926,10349,12927,12928,11023,16671,12921],"class_list":{"0":"post-97736","1":"product","2":"type-product","3":"status-publish","4":"has-post-thumbnail","6":"product_cat-horror-de","7":"product_cat-dvd-de","8":"product_cat-blu-ray-de","9":"product_cat-u8-films-berlin-de","10":"product_cat-slasher-de","11":"product_cat-filme-de","12":"product_cat-klassiker-de","13":"product_tag-irwin-yanlans","14":"product_tag-halloween","15":"product_tag-linda-blair","16":"product_tag-vincent-van-patten","17":"product_tag-peter-barton","18":"product_tag-horror","19":"product_tag-kevin-brophy","20":"product_tag-jenny-neumann","21":"product_tag-u8-films-berlin","22":"product_tag-paranoia","23":"product_tag-tom-desimone","24":"pa_format-dvd","25":"pa_format-blu-ray-de","26":"description-off","28":"first","29":"instock","30":"sale","31":"taxable","32":"shipping-taxable","33":"purchasable","34":"product-type-variable"},"acf":[],"yoast_head":"<!-- This site is optimized with the Yoast SEO plugin v27.5 - https:\/\/yoast.com\/product\/yoast-seo-wordpress\/ -->\n<title>Paranoia<\/title>\n<meta name=\"description\" content=\"Shop | Paranoia | 2023 | U8 Films Berlin | Blu-Rays + DVD | FSK 16\" \/>\n<meta name=\"robots\" content=\"index, follow, max-snippet:-1, max-image-preview:large, max-video-preview:-1\" \/>\n<link rel=\"canonical\" href=\"https:\/\/ucm.one\/de\/produkt\/paranoia\/\" \/>\n<meta property=\"og:locale\" content=\"de_DE\" \/>\n<meta property=\"og:type\" content=\"article\" \/>\n<meta property=\"og:title\" content=\"Paranoia\" \/>\n<meta property=\"og:description\" content=\"Shop | Paranoia | 2023 | U8 Films Berlin | Blu-Rays + DVD | FSK 16\" \/>\n<meta property=\"og:url\" content=\"https:\/\/ucm.one\/de\/produkt\/paranoia\/\" \/>\n<meta property=\"og:site_name\" content=\"UCM.ONE\" \/>\n<meta property=\"article:modified_time\" content=\"2025-10-18T08:42:53+00:00\" \/>\n<meta property=\"og:image\" content=\"https:\/\/ucm.one\/wp-content\/uploads\/2023\/10\/C-Paranoia-DVD-2D-FSK16.jpg\" \/>\n<meta name=\"twitter:card\" content=\"summary_large_image\" \/>\n<meta name=\"twitter:title\" content=\"Paranoia\" \/>\n<meta name=\"twitter:description\" content=\"Shop | Paranoia | 2023 | U8 Films Berlin | Blu-Rays + DVD | FSK 16\" \/>\n<meta name=\"twitter:image\" content=\"https:\/\/ucm.one\/wp-content\/uploads\/2023\/10\/C-Paranoia-DVD-2D-FSK16.jpg\" \/>\n<meta name=\"twitter:label1\" content=\"Gesch\u00e4tzte Lesezeit\" \/>\n\t<meta name=\"twitter:data1\" content=\"1\u00a0Minute\" \/>\n<!-- \/ Yoast SEO plugin. -->","yoast_head_json":{"title":"Paranoia","description":"Shop | Paranoia | 2023 | U8 Films Berlin | Blu-Rays + DVD | FSK 16","robots":{"index":"index","follow":"follow","max-snippet":"max-snippet:-1","max-image-preview":"max-image-preview:large","max-video-preview":"max-video-preview:-1"},"canonical":"https:\/\/ucm.one\/de\/produkt\/paranoia\/","og_locale":"de_DE","og_type":"article","og_title":"Paranoia","og_description":"Shop | Paranoia | 2023 | U8 Films Berlin | Blu-Rays + DVD | FSK 16","og_url":"https:\/\/ucm.one\/de\/produkt\/paranoia\/","og_site_name":"UCM.ONE","article_modified_time":"2025-10-18T08:42:53+00:00","og_image":[{"url":"https:\/\/ucm.one\/wp-content\/uploads\/2023\/10\/C-Paranoia-DVD-2D-FSK16.jpg","type":"","width":"","height":""}],"twitter_card":"summary_large_image","twitter_title":"Paranoia","twitter_description":"Shop | Paranoia | 2023 | U8 Films Berlin | Blu-Rays + DVD | FSK 16","twitter_image":"https:\/\/ucm.one\/wp-content\/uploads\/2023\/10\/C-Paranoia-DVD-2D-FSK16.jpg","twitter_misc":{"Gesch\u00e4tzte Lesezeit":"1\u00a0Minute"},"schema":{"@context":"https:\/\/schema.org","@graph":[{"@type":"WebPage","@id":"https:\/\/ucm.one\/de\/produkt\/paranoia\/","url":"https:\/\/ucm.one\/de\/produkt\/paranoia\/","name":"Paranoia","isPartOf":{"@id":"https:\/\/ucm.one\/de\/#website"},"primaryImageOfPage":{"@id":"https:\/\/ucm.one\/de\/produkt\/paranoia\/#primaryimage"},"image":{"@id":"https:\/\/ucm.one\/de\/produkt\/paranoia\/#primaryimage"},"thumbnailUrl":"https:\/\/ucm.one\/wp-content\/uploads\/2023\/10\/C-Paranoia-DVD-2D-FSK16.jpg","datePublished":"2023-09-15T21:36:00+00:00","dateModified":"2025-10-18T08:42:53+00:00","description":"Shop | Paranoia | 2023 | U8 Films Berlin | Blu-Rays + DVD | FSK 16","breadcrumb":{"@id":"https:\/\/ucm.one\/de\/produkt\/paranoia\/#breadcrumb"},"inLanguage":"de","potentialAction":[{"@type":"ReadAction","target":["https:\/\/ucm.one\/de\/produkt\/paranoia\/"]}]},{"@type":"ImageObject","inLanguage":"de","@id":"https:\/\/ucm.one\/de\/produkt\/paranoia\/#primaryimage","url":"https:\/\/ucm.one\/wp-content\/uploads\/2023\/10\/C-Paranoia-DVD-2D-FSK16.jpg","contentUrl":"https:\/\/ucm.one\/wp-content\/uploads\/2023\/10\/C-Paranoia-DVD-2D-FSK16.jpg","width":699,"height":1000},{"@type":"BreadcrumbList","@id":"https:\/\/ucm.one\/de\/produkt\/paranoia\/#breadcrumb","itemListElement":[{"@type":"ListItem","position":1,"name":"Home","item":"https:\/\/ucm.one\/de\/"},{"@type":"ListItem","position":2,"name":"Shop","item":"https:\/\/ucm.one\/de\/shop\/"},{"@type":"ListItem","position":3,"name":"Paranoia"}]},{"@type":"WebSite","@id":"https:\/\/ucm.one\/de\/#website","url":"https:\/\/ucm.one\/de\/","name":"UCM.ONE","description":"","publisher":{"@id":"https:\/\/ucm.one\/de\/#organization"},"potentialAction":[{"@type":"SearchAction","target":{"@type":"EntryPoint","urlTemplate":"https:\/\/ucm.one\/de\/?s={search_term_string}"},"query-input":{"@type":"PropertyValueSpecification","valueRequired":true,"valueName":"search_term_string"}}],"inLanguage":"de"},{"@type":"Organization","@id":"https:\/\/ucm.one\/de\/#organization","name":"UCM.ONE","url":"https:\/\/ucm.one\/de\/","logo":{"@type":"ImageObject","inLanguage":"de","@id":"https:\/\/ucm.one\/de\/#\/schema\/logo\/image\/","url":"https:\/\/ucm.one\/wp-content\/uploads\/2019\/10\/UCM.ONE-Logo-RGB.svg","contentUrl":"https:\/\/ucm.one\/wp-content\/uploads\/2019\/10\/UCM.ONE-Logo-RGB.svg","width":1,"height":1,"caption":"UCM.ONE"},"image":{"@id":"https:\/\/ucm.one\/de\/#\/schema\/logo\/image\/"}}]}},"_links":{"self":[{"href":"https:\/\/ucm.one\/de\/wp-json\/wp\/v2\/product\/97736","targetHints":{"allow":["GET"]}}],"collection":[{"href":"https:\/\/ucm.one\/de\/wp-json\/wp\/v2\/product"}],"about":[{"href":"https:\/\/ucm.one\/de\/wp-json\/wp\/v2\/types\/product"}],"replies":[{"embeddable":true,"href":"https:\/\/ucm.one\/de\/wp-json\/wp\/v2\/comments?post=97736"}],"wp:featuredmedia":[{"embeddable":true,"href":"https:\/\/ucm.one\/de\/wp-json\/wp\/v2\/media\/97739"}],"wp:attachment":[{"href":"https:\/\/ucm.one\/de\/wp-json\/wp\/v2\/media?parent=97736"}],"wp:term":[{"taxonomy":"product_brand","embeddable":true,"href":"https:\/\/ucm.one\/de\/wp-json\/wp\/v2\/product_brand?post=97736"},{"taxonomy":"product_cat","embeddable":true,"href":"https:\/\/ucm.one\/de\/wp-json\/wp\/v2\/product_cat?post=97736"},{"taxonomy":"product_tag","embeddable":true,"href":"https:\/\/ucm.one\/de\/wp-json\/wp\/v2\/product_tag?post=97736"}],"curies":[{"name":"wp","href":"https:\/\/api.w.org\/{rel}","templated":true}]}}