{"id":97568,"date":"2023-10-16T07:20:10","date_gmt":"2023-10-16T07:20:10","guid":{"rendered":"https:\/\/ucm.one\/?post_type=product&#038;p=97568"},"modified":"2025-11-01T08:01:14","modified_gmt":"2025-11-01T08:01:14","slug":"ferngully-christa-und-zaks-abenteuer-im-regenwald","status":"publish","type":"product","link":"https:\/\/ucm.one\/de\/produkt\/ferngully-christa-und-zaks-abenteuer-im-regenwald\/","title":{"rendered":"FernGully &#8211; Christa und Zaks Abenteuer im Regenwald"},"content":{"rendered":"<div class=\"wpb_text_column wpb_content_element \">\n<div class=\"wpb_wrapper\">\n<div class=\"\">\n<div class=\"wpb_text_column wpb_content_element \">\n<div class=\"wpb_wrapper\">\n<p style=\"font-weight: 400;\">Im Herzen des Regenwaldes, fernab von jeder Zivilisation,\u00a0liegt ein wundersames Land voller Sch\u00f6nheit und Abenteuer. <span style=\"font-weight: 400;\">Seine Bewohner nennen es &#8222;FernGully&#8220; Es ist die Heimat von Christa, einer jungen Elfe. Eines Tages beobachtet Christa, wie ein riesiger Menschenjunge einen Baum markiert. Als ein st\u00e4hlernes Ungeheuer naht und nicht nur den Baum, sondern auch den Jungen zu verschlingen droht, setzt Christa ihre Zauberkr\u00e4fte frei: der Junge schrumpft auf ihre Gr\u00f6\u00dfe. W\u00e4hrend sich die beiden ineinander verlieben, setzen die Menschen die Rodung des Waldes fort. K\u00f6nnen Christa und Zak den Regenwald retten?<\/span><\/p>\n<p>Der Kinohit von 1992 erstmals von einem brillanten 4K-Master neu abgetastet! Zeitlos, umweltbewusst und liebenswert. Mit den Stimmen von Stars wie <strong>Iris Berben<\/strong>, <strong>Frank Zander<\/strong> und im Original von <strong>Robin Williams<\/strong>, <strong>Christian Slater<\/strong> und <strong>Tim Curry.<\/strong> Ein &#8222;Muss&#8220; f\u00fcr alle Fans.<\/p>\n<\/div>\n<\/div>\n<\/div>\n<\/div>\n<\/div>\n<div><div class=\"gap\" style=\"line-height: 20px; height: 20px;\"><\/div><\/div>\n<h5>Weitere Informationen<\/h5>\n<div>\n<div>\n<table style=\"height: 47px; width: 100%; border-collapse: collapse; border-color: #ffffff; background-color: #ffffff; border-style: hidden;\">\n<tbody>\n<tr style=\"height: 23px;\">\n<td style=\"width: 4.701195219123506%; height: 23px; border-style: hidden;\">Label:<\/td>\n<td style=\"width: 95.29880478087651%; height: 23px; border-style: hidden;\"><a title=\"B-Spree Pictures\" href=\"https:\/\/ucm.one\/de\/film-labels\/b-spree-pictures\/#b-spree-classics\">B-Spree Pictures<\/a><\/td>\n<\/tr>\n<\/tbody>\n<\/table>\n<\/div>\n<div><\/div>\n<\/div>\n<div>\n<div><div class=\"gap\" style=\"line-height: 10px; height: 10px;\"><\/div><\/div>\n<div>\n<p>\u2117 1992 <strong>Kroyer Films,<\/strong> <strong>Moonheart Entertainment<\/strong> in association with <strong>Youngheart Productions<\/strong>, \u00a9 2023 <strong>B-Spree Pictures<\/strong> \/ <strong><span style=\"font-family: arial black, sans-serif;\">UCM.ONE<\/span><\/strong><\/p>\n<div><\/div>\n<\/div>\n<div><div class=\"gap\" style=\"line-height: 20px; height: 20px;\"><\/div><\/div>\n<div>\n<div><\/div>\n<div>\n<div><div class=\"gap\" style=\"line-height: 10px; height: 10px;\"><\/div><\/div>\n<div><span style=\"color: #003a80;\"><strong>\u27a0 <a style=\"color: #003a80;\" href=\"https:\/\/ucm.one\/de\/produkt-kategorie\/art-de\/filme-de\/\">zum Shop<\/a><\/strong><\/span><\/div>\n<div><div class=\"gap\" style=\"line-height: 20px; height: 20px;\"><\/div><\/div>\n<\/div>\n<\/div>\n<\/div>\n","protected":false},"excerpt":{"rendered":"<p>Regie: <a title=\"\" href=\"https:\/\/ucm.one\/de\/?s=%22Max+Nosseckr%22&amp;post_type=product\"><strong>Billy Kroyer<\/strong><\/a><\/p>\n<p>Label: <a href=\"https:\/\/ucm.one\/de\/produkt-kategorie\/label-film-de\/b-spree-pictures-de\/b-spree-pictures-de\/\"><strong>B-Spree Pictures<\/strong><\/a><\/p>\n<p>Art:\u00a0<strong><a href=\"https:\/\/ucm.one\/de\/produkt-kategorie\/art-de\/filme-de\/\">Film<\/a> (Animation)<\/strong><\/p>\n<p>Genres:\u00a0<b><a title=\"\" href=\"https:\/\/ucm.one\/de\/produkt-kategorie\/genre-film-de\/abenteuer\/\">Abenteuer<\/a>, <a title=\"\" href=\"https:\/\/ucm.one\/de\/produkt-kategorie\/genre-film-de\/familie-de\/\">Familie<\/a><\/b><\/p>\n<p>Jahre: <strong>2023<\/strong><\/p>\n<p>FSK: <strong>0<\/strong><\/p>\n<p>Formate: <strong>Diverse<\/strong><\/p>\n","protected":false},"featured_media":97569,"comment_status":"open","ping_status":"closed","template":"","meta":{"_acf_changed":false},"product_brand":[],"product_cat":[10342,10357,10360,9708,12093,13279,10328,10331,10332,10333],"product_tag":[16659,16660,16661,11989,16655,16656,16657,16658],"class_list":{"0":"post-97568","1":"product","2":"type-product","3":"status-publish","4":"has-post-thumbnail","6":"product_cat-b-spree-classics-de","7":"product_cat-abenteuer","8":"product_cat-familie-de","9":"product_cat-filme-de","10":"product_cat-klassiker-de","11":"product_cat-kinder-jugend-de","12":"product_cat-fantasy-de","13":"product_cat-dvd-de","14":"product_cat-blu-ray-de","15":"product_cat-mediabooks-de","16":"product_tag-abenteuer","17":"product_tag-iris-berben","18":"product_tag-frank-zander","19":"product_tag-fantasy","20":"product_tag-ferngully","21":"product_tag-christa-und-zaks-abenteuer-im-regenwald","22":"product_tag-the-last-rainforest","23":"product_tag-animationsfilm","24":"pa_format-mediabook-blu-ray-dvd","25":"pa_format-dvd","26":"pa_format-blu-ray-de","27":"description-off","29":"first","30":"instock","31":"sale","32":"taxable","33":"shipping-taxable","34":"purchasable","35":"product-type-variable"},"acf":[],"yoast_head":"<!-- This site is optimized with the Yoast SEO plugin v27.5 - https:\/\/yoast.com\/product\/yoast-seo-wordpress\/ -->\n<title>FernGully - Christa und Zaks Abenteuer im Regenwald<\/title>\n<meta name=\"description\" content=\"Shop | FernGully - Christa und Zaks Abenteuer im Regenwald | 2023 | B-Spree Pictures | Mediabook (Blu-Ray + DVD), Blu-Ray, DVD | FSK 0\" \/>\n<meta name=\"robots\" content=\"index, follow, max-snippet:-1, max-image-preview:large, max-video-preview:-1\" \/>\n<link rel=\"canonical\" href=\"https:\/\/ucm.one\/de\/produkt\/ferngully-christa-und-zaks-abenteuer-im-regenwald\/\" \/>\n<meta property=\"og:locale\" content=\"de_DE\" \/>\n<meta property=\"og:type\" content=\"article\" \/>\n<meta property=\"og:title\" content=\"FernGully - Christa und Zaks Abenteuer im Regenwald\" \/>\n<meta property=\"og:description\" content=\"Shop | FernGully - Christa und Zaks Abenteuer im Regenwald | 2023 | B-Spree Pictures | Mediabook (Blu-Ray + DVD), Blu-Ray, DVD | FSK 0\" \/>\n<meta property=\"og:url\" content=\"https:\/\/ucm.one\/de\/produkt\/ferngully-christa-und-zaks-abenteuer-im-regenwald\/\" \/>\n<meta property=\"og:site_name\" content=\"UCM.ONE\" \/>\n<meta property=\"article:modified_time\" content=\"2025-11-01T08:01:14+00:00\" \/>\n<meta property=\"og:image\" content=\"https:\/\/ucm.one\/wp-content\/uploads\/2023\/10\/C-FernGully-MB-2D-FSK0.jpg\" \/>\n<meta name=\"twitter:card\" content=\"summary_large_image\" \/>\n<meta name=\"twitter:title\" content=\"FernGully - Christa und Zaks Abenteuer im Regenwald\" \/>\n<meta name=\"twitter:description\" content=\"Shop | FernGully - Christa und Zaks Abenteuer im Regenwald | 2023 | B-Spree Pictures | Mediabook (Blu-Ray + DVD), Blu-Ray, DVD | FSK 0\" \/>\n<meta name=\"twitter:image\" content=\"https:\/\/ucm.one\/wp-content\/uploads\/2023\/10\/C-FernGully-MB-2D-FSK0.jpg\" \/>\n<meta name=\"twitter:label1\" content=\"Gesch\u00e4tzte Lesezeit\" \/>\n\t<meta name=\"twitter:data1\" content=\"1\u00a0Minute\" \/>\n<!-- \/ Yoast SEO plugin. -->","yoast_head_json":{"title":"FernGully - Christa und Zaks Abenteuer im Regenwald","description":"Shop | FernGully - Christa und Zaks Abenteuer im Regenwald | 2023 | B-Spree Pictures | Mediabook (Blu-Ray + DVD), Blu-Ray, DVD | FSK 0","robots":{"index":"index","follow":"follow","max-snippet":"max-snippet:-1","max-image-preview":"max-image-preview:large","max-video-preview":"max-video-preview:-1"},"canonical":"https:\/\/ucm.one\/de\/produkt\/ferngully-christa-und-zaks-abenteuer-im-regenwald\/","og_locale":"de_DE","og_type":"article","og_title":"FernGully - Christa und Zaks Abenteuer im Regenwald","og_description":"Shop | FernGully - Christa und Zaks Abenteuer im Regenwald | 2023 | B-Spree Pictures | Mediabook (Blu-Ray + DVD), Blu-Ray, DVD | FSK 0","og_url":"https:\/\/ucm.one\/de\/produkt\/ferngully-christa-und-zaks-abenteuer-im-regenwald\/","og_site_name":"UCM.ONE","article_modified_time":"2025-11-01T08:01:14+00:00","og_image":[{"url":"https:\/\/ucm.one\/wp-content\/uploads\/2023\/10\/C-FernGully-MB-2D-FSK0.jpg","type":"","width":"","height":""}],"twitter_card":"summary_large_image","twitter_title":"FernGully - Christa und Zaks Abenteuer im Regenwald","twitter_description":"Shop | FernGully - Christa und Zaks Abenteuer im Regenwald | 2023 | B-Spree Pictures | Mediabook (Blu-Ray + DVD), Blu-Ray, DVD | FSK 0","twitter_image":"https:\/\/ucm.one\/wp-content\/uploads\/2023\/10\/C-FernGully-MB-2D-FSK0.jpg","twitter_misc":{"Gesch\u00e4tzte Lesezeit":"1\u00a0Minute"},"schema":{"@context":"https:\/\/schema.org","@graph":[{"@type":"WebPage","@id":"https:\/\/ucm.one\/de\/produkt\/ferngully-christa-und-zaks-abenteuer-im-regenwald\/","url":"https:\/\/ucm.one\/de\/produkt\/ferngully-christa-und-zaks-abenteuer-im-regenwald\/","name":"FernGully - Christa und Zaks Abenteuer im Regenwald","isPartOf":{"@id":"https:\/\/ucm.one\/de\/#website"},"primaryImageOfPage":{"@id":"https:\/\/ucm.one\/de\/produkt\/ferngully-christa-und-zaks-abenteuer-im-regenwald\/#primaryimage"},"image":{"@id":"https:\/\/ucm.one\/de\/produkt\/ferngully-christa-und-zaks-abenteuer-im-regenwald\/#primaryimage"},"thumbnailUrl":"https:\/\/ucm.one\/wp-content\/uploads\/2023\/10\/C-FernGully-MB-2D-FSK0.jpg","datePublished":"2023-10-16T07:20:10+00:00","dateModified":"2025-11-01T08:01:14+00:00","description":"Shop | FernGully - Christa und Zaks Abenteuer im Regenwald | 2023 | B-Spree Pictures | Mediabook (Blu-Ray + DVD), Blu-Ray, DVD | FSK 0","breadcrumb":{"@id":"https:\/\/ucm.one\/de\/produkt\/ferngully-christa-und-zaks-abenteuer-im-regenwald\/#breadcrumb"},"inLanguage":"de","potentialAction":[{"@type":"ReadAction","target":["https:\/\/ucm.one\/de\/produkt\/ferngully-christa-und-zaks-abenteuer-im-regenwald\/"]}]},{"@type":"ImageObject","inLanguage":"de","@id":"https:\/\/ucm.one\/de\/produkt\/ferngully-christa-und-zaks-abenteuer-im-regenwald\/#primaryimage","url":"https:\/\/ucm.one\/wp-content\/uploads\/2023\/10\/C-FernGully-MB-2D-FSK0.jpg","contentUrl":"https:\/\/ucm.one\/wp-content\/uploads\/2023\/10\/C-FernGully-MB-2D-FSK0.jpg","width":699,"height":1000},{"@type":"BreadcrumbList","@id":"https:\/\/ucm.one\/de\/produkt\/ferngully-christa-und-zaks-abenteuer-im-regenwald\/#breadcrumb","itemListElement":[{"@type":"ListItem","position":1,"name":"Home","item":"https:\/\/ucm.one\/de\/"},{"@type":"ListItem","position":2,"name":"Shop","item":"https:\/\/ucm.one\/de\/shop\/"},{"@type":"ListItem","position":3,"name":"FernGully &#8211; Christa und Zaks Abenteuer im Regenwald"}]},{"@type":"WebSite","@id":"https:\/\/ucm.one\/de\/#website","url":"https:\/\/ucm.one\/de\/","name":"UCM.ONE","description":"","publisher":{"@id":"https:\/\/ucm.one\/de\/#organization"},"potentialAction":[{"@type":"SearchAction","target":{"@type":"EntryPoint","urlTemplate":"https:\/\/ucm.one\/de\/?s={search_term_string}"},"query-input":{"@type":"PropertyValueSpecification","valueRequired":true,"valueName":"search_term_string"}}],"inLanguage":"de"},{"@type":"Organization","@id":"https:\/\/ucm.one\/de\/#organization","name":"UCM.ONE","url":"https:\/\/ucm.one\/de\/","logo":{"@type":"ImageObject","inLanguage":"de","@id":"https:\/\/ucm.one\/de\/#\/schema\/logo\/image\/","url":"https:\/\/ucm.one\/wp-content\/uploads\/2019\/10\/UCM.ONE-Logo-RGB.svg","contentUrl":"https:\/\/ucm.one\/wp-content\/uploads\/2019\/10\/UCM.ONE-Logo-RGB.svg","width":1,"height":1,"caption":"UCM.ONE"},"image":{"@id":"https:\/\/ucm.one\/de\/#\/schema\/logo\/image\/"}}]}},"_links":{"self":[{"href":"https:\/\/ucm.one\/de\/wp-json\/wp\/v2\/product\/97568","targetHints":{"allow":["GET"]}}],"collection":[{"href":"https:\/\/ucm.one\/de\/wp-json\/wp\/v2\/product"}],"about":[{"href":"https:\/\/ucm.one\/de\/wp-json\/wp\/v2\/types\/product"}],"replies":[{"embeddable":true,"href":"https:\/\/ucm.one\/de\/wp-json\/wp\/v2\/comments?post=97568"}],"wp:featuredmedia":[{"embeddable":true,"href":"https:\/\/ucm.one\/de\/wp-json\/wp\/v2\/media\/97569"}],"wp:attachment":[{"href":"https:\/\/ucm.one\/de\/wp-json\/wp\/v2\/media?parent=97568"}],"wp:term":[{"taxonomy":"product_brand","embeddable":true,"href":"https:\/\/ucm.one\/de\/wp-json\/wp\/v2\/product_brand?post=97568"},{"taxonomy":"product_cat","embeddable":true,"href":"https:\/\/ucm.one\/de\/wp-json\/wp\/v2\/product_cat?post=97568"},{"taxonomy":"product_tag","embeddable":true,"href":"https:\/\/ucm.one\/de\/wp-json\/wp\/v2\/product_tag?post=97568"}],"curies":[{"name":"wp","href":"https:\/\/api.w.org\/{rel}","templated":true}]}}