{"id":96608,"date":"2023-10-13T22:27:48","date_gmt":"2023-10-13T22:27:48","guid":{"rendered":"https:\/\/ucm.one\/?post_type=product&#038;p=96608"},"modified":"2023-11-11T12:51:47","modified_gmt":"2023-11-11T12:51:47","slug":"night-crowned-tales","status":"publish","type":"product","link":"https:\/\/ucm.one\/de\/produkt\/night-crowned-tales\/","title":{"rendered":"Night Crowned &#8211; Tales"},"content":{"rendered":"<div class=\"wpb-content-wrapper\"><div class=\"vc_row wpb_row vc_row-fluid\">\n<div class=\"wpb_column vc_column_container vc_col-sm-12\">\n<div class=\"vc_column-inner\">\n<div class=\"wpb_wrapper\">\n<div class=\"wpb_text_column wpb_content_element \">\n<div class=\"wpb_wrapper\">\n<p>Seit ihrer Gr\u00fcndung im Jahr 2016 haben sich <strong>Night Crowned<\/strong>\u00a0zu einer ernstzunehmenden Gr\u00f6\u00dfe in der Heavy-Musik-Szene entwickelt. Ihr Deb\u00fct-Studioalbum &#8222;<strong>Impius Viam<\/strong>&#8222;, welches am 28. Februar 2020 ver\u00f6ffentlicht wurde, hat sowohl Kritiker als auch Fans sofort in seinen Bann gezogen und seinen Platz als eine der au\u00dfergew\u00f6hnlichsten Ver\u00f6ffentlichungen des Jahres gefestigt.\u00a0<strong>Night Crowned<\/strong>&#8217;s rigoroses Streben nach musikalischer Exzellenz kennt keine Grenzen, und so haben sie keine Zeit verschwendet, um ihr mit Spannung erwartetes Nachfolgealbum &#8222;<strong>H\u00e4danf\u00e4rd<\/strong>&#8220; am 9. Juli 2021 zu ver\u00f6ffentlichen.<\/p>\n<p>Nun erscheint das dritte Album der Band, wiederum \u00fcber das renommierte Label <strong>Noble Demon<\/strong>, welches erneut farbiges Vinyl, Shirts und Digipak-CD-Bundles im Angebot hat. Mit &#8222;<strong>Tales<\/strong>&#8220; er\u00f6ffnen <strong>Night Crowned<\/strong> ein neues Kapitel der Band und verschieben die Grenzen des Blackened Death Metal auf ein noch nie dagewesenes Niveau. Die Texte sind sowohl auf Englisch als auch auf Schwedisch, und <strong>Jonathan Thorpenberg<\/strong>s Mixing-F\u00e4higkeiten bringen den Sound der Band voll zur Geltung, w\u00e4hrend <strong>Jani Stefanovic<\/strong>s Mastering daf\u00fcr sorgt, dass jede Note mit Pr\u00e4zision getroffen wird!<\/p>\n<div><div class=\"gap\" style=\"line-height: 20px; height: 20px;\"><\/div><\/div>\n<h5>Weitere Informationen<\/h5>\n<div>\n<div>\n<table style=\"height: 46px; width: 100%; border-collapse: collapse; border-color: #ffffff; background-color: #ffffff; border-style: hidden;\">\n<tbody>\n<tr style=\"height: 23px; border-style: hidden; border-color: #ffffff; background-color: #ffffff;\">\n<td style=\"width: 4.701195219123506%; height: 23px; border-style: hidden;\">Band:<\/td>\n<td style=\"width: 95.29880478087651%; height: 23px; border-style: hidden;\"><a title=\"Night Crowned | Noble Demon\" href=\"https:\/\/ucm.one\/de\/night-crowned\">Night Crowned<\/a><\/td>\n<\/tr>\n<tr style=\"height: 23px;\">\n<td style=\"width: 4.701195219123506%; height: 23px; border-style: hidden;\">Label:<\/td>\n<td style=\"width: 95.29880478087651%; height: 23px; border-style: hidden;\"><a title=\"Noble Demon\" href=\"https:\/\/ucm.one\/de\/musik-labels\/noble-demon\/\">Noble Demon<\/a><\/td>\n<\/tr>\n<\/tbody>\n<\/table>\n<\/div>\n<div><\/div>\n<div><div class=\"gap\" style=\"line-height: 10px; height: 10px;\"><\/div><\/div>\n<div>\u2117 &amp; \u00a9 2023 <strong>Noble Demon<\/strong> \/ <span style=\"font-family: 'arial black', sans-serif;\"><strong>UCM.ONE<\/strong><\/span><\/div>\n<div><div class=\"gap\" style=\"line-height: 20px; height: 20px;\"><\/div><\/div>\n<div>\n<div><\/div>\n<div><div class=\"gap\" style=\"line-height: 10px; height: 10px;\"><\/div><\/div>\n<div><span style=\"color: #003a80;\"><strong>\u27a0 <a style=\"color: #003a80;\" title=\"\" href=\"https:\/\/ucm.one\/de\/produkt-kategorie\/art-de\/musik-de\/\">zum Shop<\/a><\/strong><\/span><\/div>\n<div><div class=\"gap\" style=\"line-height: 20px; height: 20px;\"><\/div><\/div>\n<\/div>\n<\/div>\n<\/div>\n<\/div>\n<\/div>\n<\/div>\n<\/div>\n<\/div>\n<\/div>","protected":false},"excerpt":{"rendered":"<p>Band: <a title=\"\" href=\"https:\/\/ucm.one\/de\/?s=%22Night+Crowned%22&amp;post_type=product\"><strong>Night Crowned<\/strong><\/a><\/p>\n<p>Label: <a href=\"https:\/\/ucm.one\/de\/produkt-kategorie\/label-musik-de\/noble-demon-de\/\"><strong>Noble Demon<\/strong><\/a><\/p>\n<p>Art: <strong><a href=\"https:\/\/ucm.one\/de\/produkt-kategorie\/art-de\/musik-de\/\">Musik<\/a> (Album)<\/strong><\/p>\n<p>Genres: <strong><a href=\"https:\/\/ucm.one\/de\/produkt-kategorie\/genre-musik-de\/metal-de\/\">Metal,<\/a> <a href=\"https:\/\/ucm.one\/de\/produkt-kategorie\/genre-musik-de\/metal-de\/black-metal-de\/\">Black Metal<\/a><\/strong><\/p>\n<p>Jahr: <strong>2023<\/strong><\/p>\n<p>Formate: <strong>Diverse<\/strong><\/p>\n","protected":false},"featured_media":96609,"comment_status":"open","ping_status":"closed","template":"","meta":{"_acf_changed":false},"product_brand":[],"product_cat":[9753,9756,9713,9809,9714,9781,9813,9823,10400,10401,10404],"product_tag":[9763,9764,9765,9810,16525,9782,9785,9786,9787,9788],"class_list":{"0":"post-96608","1":"product","2":"type-product","3":"status-publish","4":"has-post-thumbnail","6":"product_cat-metal-de","7":"product_cat-noble-demon-de","8":"product_cat-musik-de","9":"product_cat-black-metal-de","10":"product_cat-vinyl-de","11":"product_cat-death-metal-de","12":"product_cat-cd-de","13":"product_cat-doom-metal-de","14":"product_cat-merchandise-de","15":"product_cat-t-shirt-de","16":"product_cat-bundle-de","17":"product_tag-noble-demon","18":"product_tag-metal","19":"product_tag-heavy-metal","20":"product_tag-black-metal","21":"product_tag-tales","22":"product_tag-night-crowned","23":"product_tag-dark-funeral","24":"product_tag-nightrage","25":"product_tag-death-metal","26":"product_tag-cipher-system","27":"pa_format-cd-digipak-t-shirt-bundle","28":"pa_format-lp-red-marbled-vinyl-de","29":"pa_format-cd-digipak","30":"pa_format-lp-trans-brown-marbled-vinyl-de","31":"pa_format-lp-trans-brown-marbled-vinyl-t-shirt-bundle-de","32":"pa_format-lp-red-marbled-vinyl-t-shirt-bundle-de","33":"description-off","35":"first","36":"instock","37":"taxable","38":"shipping-taxable","39":"purchasable","40":"product-type-variable","41":"has-default-attributes"},"acf":[],"yoast_head":"<!-- This site is optimized with the Yoast SEO plugin v27.2 - https:\/\/yoast.com\/product\/yoast-seo-wordpress\/ -->\n<title>Night Crowned - Tales<\/title>\n<meta name=\"description\" content=\"Shop | Night Crowned - Tales | 2023 | Noble Demon | CD (Digipak), LP (Red Marbled Vinyl), LP (Trans Brown Marbled Vinyl), T-Shirt\" \/>\n<meta name=\"robots\" content=\"index, follow, max-snippet:-1, max-image-preview:large, max-video-preview:-1\" \/>\n<link rel=\"canonical\" href=\"https:\/\/ucm.one\/de\/produkt\/night-crowned-tales\/\" \/>\n<meta property=\"og:locale\" content=\"de_DE\" \/>\n<meta property=\"og:type\" content=\"article\" \/>\n<meta property=\"og:title\" content=\"Night Crowned - Tales\" \/>\n<meta property=\"og:description\" content=\"Shop | Night Crowned - Tales | 2023 | Noble Demon | CD (Digipak), LP (Red Marbled Vinyl), LP (Trans Brown Marbled Vinyl), T-Shirt\" \/>\n<meta property=\"og:url\" content=\"https:\/\/ucm.one\/de\/produkt\/night-crowned-tales\/\" \/>\n<meta property=\"og:site_name\" content=\"UCM.ONE\" \/>\n<meta property=\"article:modified_time\" content=\"2023-11-11T12:51:47+00:00\" \/>\n<meta property=\"og:image\" content=\"https:\/\/ucm.one\/wp-content\/uploads\/2023\/09\/C-Night-Crowned-Tales.jpg\" \/>\n<meta name=\"twitter:card\" content=\"summary_large_image\" \/>\n<meta name=\"twitter:title\" content=\"Night Crowned - Tales\" \/>\n<meta name=\"twitter:description\" content=\"Shop | Night Crowned - Tales | 2023 | Noble Demon | CD (Digipak), LP (Red Marbled Vinyl), LP (Trans Brown Marbled Vinyl), T-Shirt\" \/>\n<meta name=\"twitter:image\" content=\"https:\/\/ucm.one\/wp-content\/uploads\/2023\/09\/C-Night-Crowned-Tales.jpg\" \/>\n<meta name=\"twitter:label1\" content=\"Gesch\u00e4tzte Lesezeit\" \/>\n\t<meta name=\"twitter:data1\" content=\"1\u00a0Minute\" \/>\n<!-- \/ Yoast SEO plugin. -->","yoast_head_json":{"title":"Night Crowned - Tales","description":"Shop | Night Crowned - Tales | 2023 | Noble Demon | CD (Digipak), LP (Red Marbled Vinyl), LP (Trans Brown Marbled Vinyl), T-Shirt","robots":{"index":"index","follow":"follow","max-snippet":"max-snippet:-1","max-image-preview":"max-image-preview:large","max-video-preview":"max-video-preview:-1"},"canonical":"https:\/\/ucm.one\/de\/produkt\/night-crowned-tales\/","og_locale":"de_DE","og_type":"article","og_title":"Night Crowned - Tales","og_description":"Shop | Night Crowned - Tales | 2023 | Noble Demon | CD (Digipak), LP (Red Marbled Vinyl), LP (Trans Brown Marbled Vinyl), T-Shirt","og_url":"https:\/\/ucm.one\/de\/produkt\/night-crowned-tales\/","og_site_name":"UCM.ONE","article_modified_time":"2023-11-11T12:51:47+00:00","og_image":[{"url":"https:\/\/ucm.one\/wp-content\/uploads\/2023\/09\/C-Night-Crowned-Tales.jpg","type":"","width":"","height":""}],"twitter_card":"summary_large_image","twitter_title":"Night Crowned - Tales","twitter_description":"Shop | Night Crowned - Tales | 2023 | Noble Demon | CD (Digipak), LP (Red Marbled Vinyl), LP (Trans Brown Marbled Vinyl), T-Shirt","twitter_image":"https:\/\/ucm.one\/wp-content\/uploads\/2023\/09\/C-Night-Crowned-Tales.jpg","twitter_misc":{"Gesch\u00e4tzte Lesezeit":"1\u00a0Minute"},"schema":{"@context":"https:\/\/schema.org","@graph":[{"@type":"WebPage","@id":"https:\/\/ucm.one\/de\/produkt\/night-crowned-tales\/","url":"https:\/\/ucm.one\/de\/produkt\/night-crowned-tales\/","name":"Night Crowned - Tales","isPartOf":{"@id":"https:\/\/ucm.one\/de\/#website"},"primaryImageOfPage":{"@id":"https:\/\/ucm.one\/de\/produkt\/night-crowned-tales\/#primaryimage"},"image":{"@id":"https:\/\/ucm.one\/de\/produkt\/night-crowned-tales\/#primaryimage"},"thumbnailUrl":"https:\/\/ucm.one\/wp-content\/uploads\/2023\/09\/C-Night-Crowned-Tales.jpg","datePublished":"2023-10-13T22:27:48+00:00","dateModified":"2023-11-11T12:51:47+00:00","description":"Shop | Night Crowned - Tales | 2023 | Noble Demon | CD (Digipak), LP (Red Marbled Vinyl), LP (Trans Brown Marbled Vinyl), T-Shirt","breadcrumb":{"@id":"https:\/\/ucm.one\/de\/produkt\/night-crowned-tales\/#breadcrumb"},"inLanguage":"de","potentialAction":[{"@type":"ReadAction","target":["https:\/\/ucm.one\/de\/produkt\/night-crowned-tales\/"]}]},{"@type":"ImageObject","inLanguage":"de","@id":"https:\/\/ucm.one\/de\/produkt\/night-crowned-tales\/#primaryimage","url":"https:\/\/ucm.one\/wp-content\/uploads\/2023\/09\/C-Night-Crowned-Tales.jpg","contentUrl":"https:\/\/ucm.one\/wp-content\/uploads\/2023\/09\/C-Night-Crowned-Tales.jpg","width":1000,"height":1000},{"@type":"BreadcrumbList","@id":"https:\/\/ucm.one\/de\/produkt\/night-crowned-tales\/#breadcrumb","itemListElement":[{"@type":"ListItem","position":1,"name":"Home","item":"https:\/\/ucm.one\/de\/"},{"@type":"ListItem","position":2,"name":"Shop","item":"https:\/\/ucm.one\/de\/shop\/"},{"@type":"ListItem","position":3,"name":"Night Crowned &#8211; Tales"}]},{"@type":"WebSite","@id":"https:\/\/ucm.one\/de\/#website","url":"https:\/\/ucm.one\/de\/","name":"UCM.ONE","description":"","publisher":{"@id":"https:\/\/ucm.one\/de\/#organization"},"potentialAction":[{"@type":"SearchAction","target":{"@type":"EntryPoint","urlTemplate":"https:\/\/ucm.one\/de\/?s={search_term_string}"},"query-input":{"@type":"PropertyValueSpecification","valueRequired":true,"valueName":"search_term_string"}}],"inLanguage":"de"},{"@type":"Organization","@id":"https:\/\/ucm.one\/de\/#organization","name":"UCM.ONE","url":"https:\/\/ucm.one\/de\/","logo":{"@type":"ImageObject","inLanguage":"de","@id":"https:\/\/ucm.one\/de\/#\/schema\/logo\/image\/","url":"https:\/\/ucm.one\/wp-content\/uploads\/2019\/10\/UCM.ONE-Logo-RGB.svg","contentUrl":"https:\/\/ucm.one\/wp-content\/uploads\/2019\/10\/UCM.ONE-Logo-RGB.svg","width":1,"height":1,"caption":"UCM.ONE"},"image":{"@id":"https:\/\/ucm.one\/de\/#\/schema\/logo\/image\/"}}]}},"_links":{"self":[{"href":"https:\/\/ucm.one\/de\/wp-json\/wp\/v2\/product\/96608","targetHints":{"allow":["GET"]}}],"collection":[{"href":"https:\/\/ucm.one\/de\/wp-json\/wp\/v2\/product"}],"about":[{"href":"https:\/\/ucm.one\/de\/wp-json\/wp\/v2\/types\/product"}],"replies":[{"embeddable":true,"href":"https:\/\/ucm.one\/de\/wp-json\/wp\/v2\/comments?post=96608"}],"wp:featuredmedia":[{"embeddable":true,"href":"https:\/\/ucm.one\/de\/wp-json\/wp\/v2\/media\/96609"}],"wp:attachment":[{"href":"https:\/\/ucm.one\/de\/wp-json\/wp\/v2\/media?parent=96608"}],"wp:term":[{"taxonomy":"product_brand","embeddable":true,"href":"https:\/\/ucm.one\/de\/wp-json\/wp\/v2\/product_brand?post=96608"},{"taxonomy":"product_cat","embeddable":true,"href":"https:\/\/ucm.one\/de\/wp-json\/wp\/v2\/product_cat?post=96608"},{"taxonomy":"product_tag","embeddable":true,"href":"https:\/\/ucm.one\/de\/wp-json\/wp\/v2\/product_tag?post=96608"}],"curies":[{"name":"wp","href":"https:\/\/api.w.org\/{rel}","templated":true}]}}