{"id":96248,"date":"2023-10-13T22:56:46","date_gmt":"2023-10-13T22:56:46","guid":{"rendered":"https:\/\/ucm.one\/?post_type=product&#038;p=96248"},"modified":"2025-12-15T23:12:48","modified_gmt":"2025-12-15T23:12:48","slug":"kaunis-kuolematon-mielenvalta","status":"publish","type":"product","link":"https:\/\/ucm.one\/de\/produkt\/kaunis-kuolematon-mielenvalta\/","title":{"rendered":"Kaunis Kuolematon &#8211; Mielenvalta"},"content":{"rendered":"<div class=\"wpb-content-wrapper\"><div class=\"vc_row wpb_row vc_row-fluid\">\n<div class=\"wpb_column vc_column_container vc_col-sm-12\">\n<div class=\"vc_column-inner\">\n<div class=\"wpb_wrapper\">\n<div class=\"wpb_text_column wpb_content_element \">\n<div class=\"wpb_wrapper\">\n<p align=\"LEFT\">Mit einer furchtlosen Herangehensweise, die sich \u00fcber Genregrenzen hinwegsetzt, hat die finnische Band <strong>Kaunis Kuolenaton <\/strong>die Essenz des Melodic Doom Metal neu definiert, indem sie nahtlos das Sch\u00f6ne mit unerbittlicher Kraft vermischt. Seit ihrer Gr\u00fcndung im Jahr 2012 haben sich <strong>Kaunis Kuolenaton<\/strong>\u00a0auf die Suche nach den Grenzen ihres Handwerks begeben und eine einzigartige und fesselnde Marke melancholischen Metals geschaffen, die bei Fans aus allen Ecken des Metalspektrums Anklang findet und ihr durchschlagender und wiedererkennbarer Sound hat ihnen einen Platz auf der B\u00fchne zusammen mit so bekannten Bands wie <strong>Omnium Gatherum<\/strong>, <strong>Wolfheart<\/strong>, <strong>Cult of Luna<\/strong>, <strong>Vorna<\/strong> und <strong>October Tide<\/strong> eingebracht.<\/p>\n<p align=\"LEFT\">Mit ihrem letzten Album &#8222;<strong>Syttyk\u00f6\u00f6n Toinen Aurinko<\/strong>&#8222;, das ausschlie\u00dflich finnische Texte enth\u00e4lt, haben <strong>Kaunis Kuolenaton<\/strong> einen unausl\u00f6schlichen Eindruck in der Szene hinterlassen und wurden von Fans und Kritikern gleicherma\u00dfen gelobt. Mit der Ver\u00f6ffentlichung von &#8222;Mielenvalta&#8220; erreicht die Entwicklung der Band neue H\u00f6hen und diese mit Spannung erwartete Ver\u00f6ffentlichung verspricht ein weiteres intensives Kapitel in der Geschichte von <strong>Kaunis Kuolenaton<\/strong>\u00a0zu werden.<\/p>\n<div><div class=\"gap\" style=\"line-height: 20px; height: 20px;\"><\/div><\/div>\n<h5>Weitere Informationen<\/h5>\n<div>\n<div>\n<table style=\"height: 46px; width: 100%; border-collapse: collapse; border-color: #ffffff; background-color: #ffffff; border-style: hidden;\">\n<tbody>\n<tr style=\"height: 23px; border-style: hidden; border-color: #ffffff; background-color: #ffffff;\">\n<td style=\"width: 4.701195219123506%; height: 23px; border-style: hidden;\">Band:<\/td>\n<td style=\"width: 95.29880478087651%; height: 23px; border-style: hidden;\"><a title=\"Kaunis Kuolematon | Noble Demon\" href=\"https:\/\/ucm.one\/de\/kaunis-kuolematon\/\">Kaunis Kuolematon<\/a><\/td>\n<\/tr>\n<tr style=\"height: 23px;\">\n<td style=\"width: 4.701195219123506%; height: 23px; border-style: hidden;\">Label:<\/td>\n<td style=\"width: 95.29880478087651%; height: 23px; border-style: hidden;\"><a title=\"Noble Demon\" href=\"https:\/\/ucm.one\/de\/musik-labels\/noble-demon\/\">Noble Demon<\/a><\/td>\n<\/tr>\n<\/tbody>\n<\/table>\n<\/div>\n<div><\/div>\n<div><div class=\"gap\" style=\"line-height: 10px; height: 10px;\"><\/div><\/div>\n<div>\u2117 &amp; \u00a9 2023 <strong>Noble Demon<\/strong> \/ <span style=\"font-family: 'arial black', sans-serif;\"><strong>UCM.ONE<\/strong><\/span><\/div>\n<div><div class=\"gap\" style=\"line-height: 20px; height: 20px;\"><\/div><\/div>\n<div>\n<div><\/div>\n<div><div class=\"gap\" style=\"line-height: 10px; height: 10px;\"><\/div><\/div>\n<div><span style=\"color: #003a80;\"><strong>\u27a0 <a style=\"color: #003a80;\" title=\"\" href=\"https:\/\/ucm.one\/de\/produkt-kategorie\/art-de\/musik-de\/\">zum Shop<\/a><\/strong><\/span><\/div>\n<div><div class=\"gap\" style=\"line-height: 20px; height: 20px;\"><\/div><\/div>\n<\/div>\n<\/div>\n<\/div>\n<\/div>\n<\/div>\n<\/div>\n<\/div>\n<\/div>\n<\/div>","protected":false},"excerpt":{"rendered":"<p>Band: <a href=\"https:\/\/ucm.one\/de\/?s=%22Kaunis+Kuolematon%22&amp;post_type=product\"><strong>Kaunis Kuolematon<\/strong><\/a><\/p>\n<p>Label: <a href=\"https:\/\/ucm.one\/de\/produkt-kategorie\/label-musik-de\/noble-demon-de\/\"><strong>Noble Demon<\/strong><\/a><\/p>\n<p>Art: <strong><a href=\"https:\/\/ucm.one\/de\/produkt-kategorie\/art-de\/musik-de\/\">Musik<\/a> (Album)<\/strong><\/p>\n<p>Genres: <strong><a title=\"\" href=\"https:\/\/ucm.one\/de\/produkt-kategorie\/genre-musik-de\/metal-de\/melodic-metal-de\/\">Melodic Metal<\/a><\/strong><strong>, <a title=\"\" href=\"https:\/\/ucm.one\/de\/produkt-kategorie\/genre-musik-de\/metal-de\/doom-metal-de\/\">Doom Metal<\/a><\/strong><\/p>\n<p>Jahr: <strong>2023<\/strong><\/p>\n<p>Formate: <strong>Diverse<\/strong><\/p>\n","protected":false},"featured_media":96232,"comment_status":"open","ping_status":"closed","template":"","meta":{"_acf_changed":false},"product_brand":[],"product_cat":[10400,10401,10404,9753,9809,9756,9813,9713,9823,9714,9781],"product_tag":[9806,16480,9760,9821,16481,9763,9764,9854,9864,9787],"class_list":{"0":"post-96248","1":"product","2":"type-product","3":"status-publish","4":"has-post-thumbnail","6":"product_cat-merchandise-de","7":"product_cat-t-shirt-de","8":"product_cat-bundle-de","9":"product_cat-metal-de","10":"product_cat-black-metal-de","11":"product_cat-noble-demon-de","12":"product_cat-cd-de","13":"product_cat-musik-de","14":"product_cat-doom-metal-de","15":"product_cat-vinyl-de","16":"product_cat-death-metal-de","17":"product_tag-vinyl","18":"product_tag-mielenvalta","19":"product_tag-cd","20":"product_tag-doom-metal","21":"product_tag-marbled-vinyl","22":"product_tag-noble-demon","23":"product_tag-metal","24":"product_tag-melodic-metal","25":"product_tag-kaunis-kuolematon","26":"product_tag-death-metal","27":"pa_format-cd-digipak","28":"pa_format-2xlp-grey-marbled-vinyl-de","29":"pa_format-2xlp-grey-marbled-vinyl-t-shirt-bundle-de","30":"pa_format-cd-digipak-t-shirt-bundle","31":"description-off","33":"first","34":"instock","35":"taxable","36":"shipping-taxable","37":"purchasable","38":"product-type-variable","39":"has-default-attributes"},"acf":[],"yoast_head":"<!-- This site is optimized with the Yoast SEO plugin v27.2 - https:\/\/yoast.com\/product\/yoast-seo-wordpress\/ -->\n<title>Kaunis Kuolematon - Mielenvalta<\/title>\n<meta name=\"description\" content=\"Shop | Kaunis Kuolematon - Mielenvalta | 2023 | Noble Demon | CD (Digipak), LP (Grey Marbled Vinyl), T-Shirt\" \/>\n<meta name=\"robots\" content=\"index, follow, max-snippet:-1, max-image-preview:large, max-video-preview:-1\" \/>\n<link rel=\"canonical\" href=\"https:\/\/ucm.one\/de\/produkt\/kaunis-kuolematon-mielenvalta\/\" \/>\n<meta property=\"og:locale\" content=\"de_DE\" \/>\n<meta property=\"og:type\" content=\"article\" \/>\n<meta property=\"og:title\" content=\"Kaunis Kuolematon - Mielenvalta\" \/>\n<meta property=\"og:description\" content=\"Shop | Kaunis Kuolematon - Mielenvalta | 2023 | Noble Demon | CD (Digipak), LP (Grey Marbled Vinyl), T-Shirt\" \/>\n<meta property=\"og:url\" content=\"https:\/\/ucm.one\/de\/produkt\/kaunis-kuolematon-mielenvalta\/\" \/>\n<meta property=\"og:site_name\" content=\"UCM.ONE\" \/>\n<meta property=\"article:modified_time\" content=\"2025-12-15T23:12:48+00:00\" \/>\n<meta property=\"og:image\" content=\"https:\/\/ucm.one\/wp-content\/uploads\/2023\/08\/C-Kaunis-Kuolematon-Mielenvalta.jpg\" \/>\n<meta name=\"twitter:card\" content=\"summary_large_image\" \/>\n<meta name=\"twitter:title\" content=\"Kaunis Kuolematon - Mielenvalta\" \/>\n<meta name=\"twitter:description\" content=\"Shop | Kaunis Kuolematon - Mielenvalta | 2023 | Noble Demon | CD (Digipak), LP (Grey Marbled Vinyl), T-Shirt\" \/>\n<meta name=\"twitter:image\" content=\"https:\/\/ucm.one\/wp-content\/uploads\/2023\/08\/C-Kaunis-Kuolematon-Mielenvalta.jpg\" \/>\n<meta name=\"twitter:label1\" content=\"Gesch\u00e4tzte Lesezeit\" \/>\n\t<meta name=\"twitter:data1\" content=\"1\u00a0Minute\" \/>\n<!-- \/ Yoast SEO plugin. -->","yoast_head_json":{"title":"Kaunis Kuolematon - Mielenvalta","description":"Shop | Kaunis Kuolematon - Mielenvalta | 2023 | Noble Demon | CD (Digipak), LP (Grey Marbled Vinyl), T-Shirt","robots":{"index":"index","follow":"follow","max-snippet":"max-snippet:-1","max-image-preview":"max-image-preview:large","max-video-preview":"max-video-preview:-1"},"canonical":"https:\/\/ucm.one\/de\/produkt\/kaunis-kuolematon-mielenvalta\/","og_locale":"de_DE","og_type":"article","og_title":"Kaunis Kuolematon - Mielenvalta","og_description":"Shop | Kaunis Kuolematon - Mielenvalta | 2023 | Noble Demon | CD (Digipak), LP (Grey Marbled Vinyl), T-Shirt","og_url":"https:\/\/ucm.one\/de\/produkt\/kaunis-kuolematon-mielenvalta\/","og_site_name":"UCM.ONE","article_modified_time":"2025-12-15T23:12:48+00:00","og_image":[{"url":"https:\/\/ucm.one\/wp-content\/uploads\/2023\/08\/C-Kaunis-Kuolematon-Mielenvalta.jpg","type":"","width":"","height":""}],"twitter_card":"summary_large_image","twitter_title":"Kaunis Kuolematon - Mielenvalta","twitter_description":"Shop | Kaunis Kuolematon - Mielenvalta | 2023 | Noble Demon | CD (Digipak), LP (Grey Marbled Vinyl), T-Shirt","twitter_image":"https:\/\/ucm.one\/wp-content\/uploads\/2023\/08\/C-Kaunis-Kuolematon-Mielenvalta.jpg","twitter_misc":{"Gesch\u00e4tzte Lesezeit":"1\u00a0Minute"},"schema":{"@context":"https:\/\/schema.org","@graph":[{"@type":"WebPage","@id":"https:\/\/ucm.one\/de\/produkt\/kaunis-kuolematon-mielenvalta\/","url":"https:\/\/ucm.one\/de\/produkt\/kaunis-kuolematon-mielenvalta\/","name":"Kaunis Kuolematon - Mielenvalta","isPartOf":{"@id":"https:\/\/ucm.one\/de\/#website"},"primaryImageOfPage":{"@id":"https:\/\/ucm.one\/de\/produkt\/kaunis-kuolematon-mielenvalta\/#primaryimage"},"image":{"@id":"https:\/\/ucm.one\/de\/produkt\/kaunis-kuolematon-mielenvalta\/#primaryimage"},"thumbnailUrl":"https:\/\/ucm.one\/wp-content\/uploads\/2023\/08\/C-Kaunis-Kuolematon-Mielenvalta.jpg","datePublished":"2023-10-13T22:56:46+00:00","dateModified":"2025-12-15T23:12:48+00:00","description":"Shop | Kaunis Kuolematon - Mielenvalta | 2023 | Noble Demon | CD (Digipak), LP (Grey Marbled Vinyl), T-Shirt","breadcrumb":{"@id":"https:\/\/ucm.one\/de\/produkt\/kaunis-kuolematon-mielenvalta\/#breadcrumb"},"inLanguage":"de","potentialAction":[{"@type":"ReadAction","target":["https:\/\/ucm.one\/de\/produkt\/kaunis-kuolematon-mielenvalta\/"]}]},{"@type":"ImageObject","inLanguage":"de","@id":"https:\/\/ucm.one\/de\/produkt\/kaunis-kuolematon-mielenvalta\/#primaryimage","url":"https:\/\/ucm.one\/wp-content\/uploads\/2023\/08\/C-Kaunis-Kuolematon-Mielenvalta.jpg","contentUrl":"https:\/\/ucm.one\/wp-content\/uploads\/2023\/08\/C-Kaunis-Kuolematon-Mielenvalta.jpg","width":1000,"height":1000},{"@type":"BreadcrumbList","@id":"https:\/\/ucm.one\/de\/produkt\/kaunis-kuolematon-mielenvalta\/#breadcrumb","itemListElement":[{"@type":"ListItem","position":1,"name":"Home","item":"https:\/\/ucm.one\/de\/"},{"@type":"ListItem","position":2,"name":"Shop","item":"https:\/\/ucm.one\/de\/shop\/"},{"@type":"ListItem","position":3,"name":"Kaunis Kuolematon &#8211; Mielenvalta"}]},{"@type":"WebSite","@id":"https:\/\/ucm.one\/de\/#website","url":"https:\/\/ucm.one\/de\/","name":"UCM.ONE","description":"","publisher":{"@id":"https:\/\/ucm.one\/de\/#organization"},"potentialAction":[{"@type":"SearchAction","target":{"@type":"EntryPoint","urlTemplate":"https:\/\/ucm.one\/de\/?s={search_term_string}"},"query-input":{"@type":"PropertyValueSpecification","valueRequired":true,"valueName":"search_term_string"}}],"inLanguage":"de"},{"@type":"Organization","@id":"https:\/\/ucm.one\/de\/#organization","name":"UCM.ONE","url":"https:\/\/ucm.one\/de\/","logo":{"@type":"ImageObject","inLanguage":"de","@id":"https:\/\/ucm.one\/de\/#\/schema\/logo\/image\/","url":"https:\/\/ucm.one\/wp-content\/uploads\/2019\/10\/UCM.ONE-Logo-RGB.svg","contentUrl":"https:\/\/ucm.one\/wp-content\/uploads\/2019\/10\/UCM.ONE-Logo-RGB.svg","width":1,"height":1,"caption":"UCM.ONE"},"image":{"@id":"https:\/\/ucm.one\/de\/#\/schema\/logo\/image\/"}}]}},"_links":{"self":[{"href":"https:\/\/ucm.one\/de\/wp-json\/wp\/v2\/product\/96248","targetHints":{"allow":["GET"]}}],"collection":[{"href":"https:\/\/ucm.one\/de\/wp-json\/wp\/v2\/product"}],"about":[{"href":"https:\/\/ucm.one\/de\/wp-json\/wp\/v2\/types\/product"}],"replies":[{"embeddable":true,"href":"https:\/\/ucm.one\/de\/wp-json\/wp\/v2\/comments?post=96248"}],"wp:featuredmedia":[{"embeddable":true,"href":"https:\/\/ucm.one\/de\/wp-json\/wp\/v2\/media\/96232"}],"wp:attachment":[{"href":"https:\/\/ucm.one\/de\/wp-json\/wp\/v2\/media?parent=96248"}],"wp:term":[{"taxonomy":"product_brand","embeddable":true,"href":"https:\/\/ucm.one\/de\/wp-json\/wp\/v2\/product_brand?post=96248"},{"taxonomy":"product_cat","embeddable":true,"href":"https:\/\/ucm.one\/de\/wp-json\/wp\/v2\/product_cat?post=96248"},{"taxonomy":"product_tag","embeddable":true,"href":"https:\/\/ucm.one\/de\/wp-json\/wp\/v2\/product_tag?post=96248"}],"curies":[{"name":"wp","href":"https:\/\/api.w.org\/{rel}","templated":true}]}}