{"id":95580,"date":"2023-07-28T15:27:31","date_gmt":"2023-07-28T15:27:31","guid":{"rendered":"https:\/\/ucm.one\/?post_type=product&#038;p=95580"},"modified":"2023-08-28T12:32:28","modified_gmt":"2023-08-28T12:32:28","slug":"the-devils-tail-das-boese-lauert-ueberall","status":"publish","type":"product","link":"https:\/\/ucm.one\/de\/produkt\/the-devils-tail-das-boese-lauert-ueberall\/","title":{"rendered":"The Devil\u2019s Tail \u2013 Das B\u00f6se lauert \u00fcberall"},"content":{"rendered":"<div class=\"wpb_text_column wpb_content_element \">\n<div class=\"wpb_wrapper\">\n<div class=\"\">\n<div class=\"wpb_text_column wpb_content_element \">\n<div class=\"wpb_wrapper\">\n<div class=\"wpb_text_column wpb_content_element \">\n<div class=\"wpb_wrapper\">\n<div class=\"wpb_text_column wpb_content_element \">\n<div class=\"wpb_wrapper\">\n<div class=\"wpb_text_column wpb_content_element \">\n<div class=\"wpb_wrapper\">\n<p>Eine junge Krankenschwester beginnt ihre erste Nachtschicht in einem alten st\u00e4dtischen Krankenhaus. Nach einer seltsamen Erscheinung erz\u00e4hlt ihr eine der dienst\u00e4ltesten Kolleginnen, dass ein Patient, Mr. Moore, vor einigen Jahren in das Krankenhaus kam, dessen K\u00f6rper v\u00f6llig verbrannt war. Mr. Moore wurde von den \u00c4rzten notoperiert, aber die Schmerzen und Medikamente trieben ihn in den Wahnsinn. Als dann wenig sp\u00e4ter eine Krankenschwester mitten in der Nacht nach ihm schauen wollte, war sein Bett leer, und er spurlos verschwunden\u2026Man erz\u00e4hlte sich, dass der Teufel selbst ihn geholt h\u00e4tte &#8230;<\/p>\n<p>Diese Gruselgeschichte \u201eDer Schwanz des Teufels\u201c (OT: The Devil\u2019s Tail) bildet die Rahmenhandlung f\u00fcr eine Anthologie aus f\u00fcnf weiteren, einzigartigen schockierenden Geschichten, \u00fcber die auf den Krankenhausfluren nur noch gefl\u00fcstert wird:<\/p>\n<ul>\n<li>Reformiert (OT: Reformed),<\/li>\n<li>Worauf Metal-Girls stehen (OT: What Metal Girls are into)<\/li>\n<li>Das Schweinchen (OT: Cerdita)<\/li>\n<li>Die schwarze Frau (OT: The Boogeywoman)<\/li>\n<li>R\u00fcckenlage (OT: Supine), Regie: Nicole Goode<\/li>\n<\/ul>\n<\/div>\n<\/div>\n<\/div>\n<\/div>\n<\/div>\n<\/div>\n<\/div>\n<\/div>\n<\/div>\n<\/div>\n<\/div>\n<div><div class=\"gap\" style=\"line-height: 20px; height: 20px;\"><\/div><\/div>\n<h5>Weitere Informationen<\/h5>\n<div>\n<div>\n<table style=\"height: 33px;width: 100%;border-collapse: collapse;border-color: #ffffff;background-color: #ffffff;border-style: hidden\">\n<tbody>\n<tr style=\"height: 23px\">\n<td style=\"width: 4.701195219123506%;height: 23px;border-style: hidden\">Label:<\/td>\n<td style=\"width: 95.29880478087651%;height: 23px;border-style: hidden\"><a title=\"M-Square Pictures\" href=\"https:\/\/ucm.one\/de\/film-labels\/m-square-pictures\">M-Square Pictures<\/a><\/td>\n<\/tr>\n<\/tbody>\n<\/table>\n<\/div>\n<div><\/div>\n<\/div>\n<div>\n<div><div class=\"gap\" style=\"line-height: 10px; height: 10px;\"><\/div><\/div>\n<div>\u2117 2022 <strong>Black Mandala<\/strong>, \u00a9 2023 <strong>M-Square Pictures<\/strong> \/ <span style=\"font-family: 'arial black', sans-serif\"><strong>UCM.ONE<\/strong><\/span><\/div>\n<div><div class=\"gap\" style=\"line-height: 20px; height: 20px;\"><\/div><\/div>\n<div>\n<div><\/div>\n<div>\n<div><div class=\"gap\" style=\"line-height: 10px; height: 10px;\"><\/div><\/div>\n<div><span style=\"color: #003a80\"><strong>\u27a0 <a style=\"color: #003a80\" href=\"https:\/\/ucm.one\/de\/produkt-kategorie\/art-de\/filme-de\/\">zum Shop<\/a><\/strong><\/span><\/div>\n<div><div class=\"gap\" style=\"line-height: 20px; height: 20px;\"><\/div><\/div>\n<\/div>\n<\/div>\n<\/div>\n","protected":false},"excerpt":{"rendered":"<p>Regie: Diverse<\/p>\n<p>Label: <a title=\"M-Square Pictures\" href=\"https:\/\/ucm.one\/de\/produkt-kategorie\/label-film-de\/m-square-pictures-de\"><strong>M-Square Pictures<\/strong><\/a><\/p>\n<p>Art:\u00a0<strong><a href=\"https:\/\/ucm.one\/de\/produkt-kategorie\/art-de\/filme-de\/\">Film<\/a> (Spielfilm)<\/strong><\/p>\n<p>Genre:\u00a0<b><a href=\"https:\/\/ucm.one\/de\/produkt-kategorie\/genre-film-de\/horror-de\/\">Horror<\/a><\/b><\/p>\n<p>Jahr: <strong>2022<\/strong><\/p>\n<p>FSK: <strong>16<\/strong><\/p>\n<p>Formate: <strong>Diverse<\/strong><\/p>\n","protected":false},"featured_media":95602,"comment_status":"open","ping_status":"closed","template":"","meta":{"_acf_changed":false},"product_brand":[],"product_cat":[9708,10323,10327,10331,10332],"product_tag":[16409,16420,16410,16411,16412,10325,16413,16414,16415,16416,16417,16407,16418,16408,16419],"class_list":{"0":"post-95580","1":"product","2":"type-product","3":"status-publish","4":"has-post-thumbnail","6":"product_cat-filme-de","7":"product_cat-m-square-pictures-de","8":"product_cat-horror-de","9":"product_cat-dvd-de","10":"product_cat-blu-ray-de","11":"product_tag-taz-pereya","12":"product_tag-chelsea-blechman","13":"product_tag-samantha-timms","14":"product_tag-laurel-vail","15":"product_tag-carlota-martinez-pereda","16":"product_tag-m-square-pictures","17":"product_tag-erica-scoggins","18":"product_tag-nicole-goode","19":"product_tag-flor-antonucci","20":"product_tag-raquel-ascension","21":"product_tag-karina-assad","22":"product_tag-the-devils-tail","23":"product_tag-marc-assad","24":"product_tag-das-boese-lauert-ueberall","25":"product_tag-sara-baroso","26":"pa_format-blu-ray-de","27":"pa_format-dvd","28":"description-off","30":"first","31":"instock","32":"taxable","33":"shipping-taxable","34":"purchasable","35":"product-type-variable"},"acf":[],"yoast_head":"<!-- This site is optimized with the Yoast SEO plugin v27.2 - https:\/\/yoast.com\/product\/yoast-seo-wordpress\/ -->\n<title>The Devil\u2019s Tail \u2013 Das B\u00f6se lauert \u00fcberall<\/title>\n<meta name=\"description\" content=\"Shop | The Devil\u2019s Tail \u2013 Das B\u00f6se lauert \u00fcberall | 2023 | M-Square Pictures | Blu-Ray, DVD | FSK 16\" \/>\n<meta name=\"robots\" content=\"index, follow, max-snippet:-1, max-image-preview:large, max-video-preview:-1\" \/>\n<link rel=\"canonical\" href=\"https:\/\/ucm.one\/de\/produkt\/the-devils-tail-das-boese-lauert-ueberall\/\" \/>\n<meta property=\"og:locale\" content=\"de_DE\" \/>\n<meta property=\"og:type\" content=\"article\" \/>\n<meta property=\"og:title\" content=\"The Devil\u2019s Tail \u2013 Das B\u00f6se lauert \u00fcberall\" \/>\n<meta property=\"og:description\" content=\"Shop | The Devil\u2019s Tail \u2013 Das B\u00f6se lauert \u00fcberall | 2023 | M-Square Pictures | Blu-Ray, DVD | FSK 16\" \/>\n<meta property=\"og:url\" content=\"https:\/\/ucm.one\/de\/produkt\/the-devils-tail-das-boese-lauert-ueberall\/\" \/>\n<meta property=\"og:site_name\" content=\"UCM.ONE\" \/>\n<meta property=\"article:modified_time\" content=\"2023-08-28T12:32:28+00:00\" \/>\n<meta property=\"og:image\" content=\"https:\/\/ucm.one\/wp-content\/uploads\/2023\/07\/C-DevilsTail.jpg\" \/>\n<meta name=\"twitter:card\" content=\"summary_large_image\" \/>\n<meta name=\"twitter:title\" content=\"The Devil\u2019s Tail \u2013 Das B\u00f6se lauert \u00fcberall\" \/>\n<meta name=\"twitter:description\" content=\"Shop | The Devil\u2019s Tail \u2013 Das B\u00f6se lauert \u00fcberall | 2023 | M-Square Pictures | Blu-Ray, DVD | FSK 16\" \/>\n<meta name=\"twitter:image\" content=\"https:\/\/ucm.one\/wp-content\/uploads\/2023\/07\/C-DevilsTail.jpg\" \/>\n<meta name=\"twitter:label1\" content=\"Gesch\u00e4tzte Lesezeit\" \/>\n\t<meta name=\"twitter:data1\" content=\"1\u00a0Minute\" \/>\n<!-- \/ Yoast SEO plugin. -->","yoast_head_json":{"title":"The Devil\u2019s Tail \u2013 Das B\u00f6se lauert \u00fcberall","description":"Shop | The Devil\u2019s Tail \u2013 Das B\u00f6se lauert \u00fcberall | 2023 | M-Square Pictures | Blu-Ray, DVD | FSK 16","robots":{"index":"index","follow":"follow","max-snippet":"max-snippet:-1","max-image-preview":"max-image-preview:large","max-video-preview":"max-video-preview:-1"},"canonical":"https:\/\/ucm.one\/de\/produkt\/the-devils-tail-das-boese-lauert-ueberall\/","og_locale":"de_DE","og_type":"article","og_title":"The Devil\u2019s Tail \u2013 Das B\u00f6se lauert \u00fcberall","og_description":"Shop | The Devil\u2019s Tail \u2013 Das B\u00f6se lauert \u00fcberall | 2023 | M-Square Pictures | Blu-Ray, DVD | FSK 16","og_url":"https:\/\/ucm.one\/de\/produkt\/the-devils-tail-das-boese-lauert-ueberall\/","og_site_name":"UCM.ONE","article_modified_time":"2023-08-28T12:32:28+00:00","og_image":[{"url":"https:\/\/ucm.one\/wp-content\/uploads\/2023\/07\/C-DevilsTail.jpg","type":"","width":"","height":""}],"twitter_card":"summary_large_image","twitter_title":"The Devil\u2019s Tail \u2013 Das B\u00f6se lauert \u00fcberall","twitter_description":"Shop | The Devil\u2019s Tail \u2013 Das B\u00f6se lauert \u00fcberall | 2023 | M-Square Pictures | Blu-Ray, DVD | FSK 16","twitter_image":"https:\/\/ucm.one\/wp-content\/uploads\/2023\/07\/C-DevilsTail.jpg","twitter_misc":{"Gesch\u00e4tzte Lesezeit":"1\u00a0Minute"},"schema":{"@context":"https:\/\/schema.org","@graph":[{"@type":"WebPage","@id":"https:\/\/ucm.one\/de\/produkt\/the-devils-tail-das-boese-lauert-ueberall\/","url":"https:\/\/ucm.one\/de\/produkt\/the-devils-tail-das-boese-lauert-ueberall\/","name":"The Devil\u2019s Tail \u2013 Das B\u00f6se lauert \u00fcberall","isPartOf":{"@id":"https:\/\/ucm.one\/de\/#website"},"primaryImageOfPage":{"@id":"https:\/\/ucm.one\/de\/produkt\/the-devils-tail-das-boese-lauert-ueberall\/#primaryimage"},"image":{"@id":"https:\/\/ucm.one\/de\/produkt\/the-devils-tail-das-boese-lauert-ueberall\/#primaryimage"},"thumbnailUrl":"https:\/\/ucm.one\/wp-content\/uploads\/2023\/07\/C-DevilsTail.jpg","datePublished":"2023-07-28T15:27:31+00:00","dateModified":"2023-08-28T12:32:28+00:00","description":"Shop | The Devil\u2019s Tail \u2013 Das B\u00f6se lauert \u00fcberall | 2023 | M-Square Pictures | Blu-Ray, DVD | FSK 16","breadcrumb":{"@id":"https:\/\/ucm.one\/de\/produkt\/the-devils-tail-das-boese-lauert-ueberall\/#breadcrumb"},"inLanguage":"de","potentialAction":[{"@type":"ReadAction","target":["https:\/\/ucm.one\/de\/produkt\/the-devils-tail-das-boese-lauert-ueberall\/"]}]},{"@type":"ImageObject","inLanguage":"de","@id":"https:\/\/ucm.one\/de\/produkt\/the-devils-tail-das-boese-lauert-ueberall\/#primaryimage","url":"https:\/\/ucm.one\/wp-content\/uploads\/2023\/07\/C-DevilsTail.jpg","contentUrl":"https:\/\/ucm.one\/wp-content\/uploads\/2023\/07\/C-DevilsTail.jpg","width":699,"height":1000},{"@type":"BreadcrumbList","@id":"https:\/\/ucm.one\/de\/produkt\/the-devils-tail-das-boese-lauert-ueberall\/#breadcrumb","itemListElement":[{"@type":"ListItem","position":1,"name":"Home","item":"https:\/\/ucm.one\/de\/"},{"@type":"ListItem","position":2,"name":"Shop","item":"https:\/\/ucm.one\/de\/shop\/"},{"@type":"ListItem","position":3,"name":"The Devil\u2019s Tail \u2013 Das B\u00f6se lauert \u00fcberall"}]},{"@type":"WebSite","@id":"https:\/\/ucm.one\/de\/#website","url":"https:\/\/ucm.one\/de\/","name":"UCM.ONE","description":"","publisher":{"@id":"https:\/\/ucm.one\/de\/#organization"},"potentialAction":[{"@type":"SearchAction","target":{"@type":"EntryPoint","urlTemplate":"https:\/\/ucm.one\/de\/?s={search_term_string}"},"query-input":{"@type":"PropertyValueSpecification","valueRequired":true,"valueName":"search_term_string"}}],"inLanguage":"de"},{"@type":"Organization","@id":"https:\/\/ucm.one\/de\/#organization","name":"UCM.ONE","url":"https:\/\/ucm.one\/de\/","logo":{"@type":"ImageObject","inLanguage":"de","@id":"https:\/\/ucm.one\/de\/#\/schema\/logo\/image\/","url":"https:\/\/ucm.one\/wp-content\/uploads\/2019\/10\/UCM.ONE-Logo-RGB.svg","contentUrl":"https:\/\/ucm.one\/wp-content\/uploads\/2019\/10\/UCM.ONE-Logo-RGB.svg","width":1,"height":1,"caption":"UCM.ONE"},"image":{"@id":"https:\/\/ucm.one\/de\/#\/schema\/logo\/image\/"}}]}},"_links":{"self":[{"href":"https:\/\/ucm.one\/de\/wp-json\/wp\/v2\/product\/95580","targetHints":{"allow":["GET"]}}],"collection":[{"href":"https:\/\/ucm.one\/de\/wp-json\/wp\/v2\/product"}],"about":[{"href":"https:\/\/ucm.one\/de\/wp-json\/wp\/v2\/types\/product"}],"replies":[{"embeddable":true,"href":"https:\/\/ucm.one\/de\/wp-json\/wp\/v2\/comments?post=95580"}],"wp:featuredmedia":[{"embeddable":true,"href":"https:\/\/ucm.one\/de\/wp-json\/wp\/v2\/media\/95602"}],"wp:attachment":[{"href":"https:\/\/ucm.one\/de\/wp-json\/wp\/v2\/media?parent=95580"}],"wp:term":[{"taxonomy":"product_brand","embeddable":true,"href":"https:\/\/ucm.one\/de\/wp-json\/wp\/v2\/product_brand?post=95580"},{"taxonomy":"product_cat","embeddable":true,"href":"https:\/\/ucm.one\/de\/wp-json\/wp\/v2\/product_cat?post=95580"},{"taxonomy":"product_tag","embeddable":true,"href":"https:\/\/ucm.one\/de\/wp-json\/wp\/v2\/product_tag?post=95580"}],"curies":[{"name":"wp","href":"https:\/\/api.w.org\/{rel}","templated":true}]}}