{"id":95548,"date":"2023-09-30T13:17:41","date_gmt":"2023-09-30T13:17:41","guid":{"rendered":"https:\/\/ucm.one\/?post_type=product&#038;p=95548"},"modified":"2023-11-02T15:55:13","modified_gmt":"2023-11-02T15:55:13","slug":"the-red-book-ritual","status":"publish","type":"product","link":"https:\/\/ucm.one\/de\/produkt\/the-red-book-ritual\/","title":{"rendered":"The Red Book Ritual"},"content":{"rendered":"<div class=\"wpb_text_column wpb_content_element \">\n<div class=\"wpb_wrapper\">\n<div class=\"\">\n<div class=\"wpb_text_column wpb_content_element \">\n<div class=\"wpb_wrapper\">\n<div class=\"wpb_text_column wpb_content_element \">\n<div class=\"wpb_wrapper\">\n<div class=\"wpb_text_column wpb_content_element \">\n<div class=\"wpb_wrapper\">\n<p>Die drei Freunde Bea, Sophia und Justin treffen sich in einer alten, verlassenen Villa, um dort ein mysteri\u00f6ses Spiel zu spielen, bei dem sie sich gegenseitig Geschichten aus einem Buch mit rotem Einband vorlesen m\u00fcssen. Noch ahnen sie nicht, dass sie mit jeder neuen Geschichte d\u00e4monischen Kr\u00e4ften den Weg aus der H\u00f6lle direkt in ihre Mitte ebnen\u2026<\/p>\n<ol>\n<li><strong> Der Streuner (Ot: Stray):<\/strong> Ein Veteran (<strong>David Breen<\/strong>) des Zweiten Weltkriegs kehrt nach Hause zur\u00fcck und erlebt bei seiner Frau ein seltsam psychotisches Verhalten, scheinbar ausgel\u00f6st durch ihren neuen Begleiter, einer unheimlichen Katze\u2026<\/li>\n<li><strong> Das Kind (OT: Little One):<\/strong> Ein junges Paar k\u00e4mpft nach einem Schicksalsschlag um seine Beziehung, bis es in der Nacht auf einer einsamen Stra\u00dfe einem Mann begegnet, der mit einer Schrotflinte Jagd auf ein Kind macht\u2026<\/li>\n<li><strong> Nase, Nase, Nase, Augen! (OT: Nose, Nose, Eyes):<\/strong> Ein kleines M\u00e4dchen wird Zeugin wie ihre Mutter an ihrem auf ein Bett gefesselten Vater ein seltsames Augenritual durchf\u00fchrt.<\/li>\n<li><strong> Loslassen (OT: Release):<\/strong> Die junge \u00c4rztin Dr. Karla (<strong>Hayley Sullivan<\/strong>) k\u00e4mpft verzweifelt darum, ihren Bruder Blake zu retten, der bewusstlos und komat\u00f6s in im Krankenhaus liegt. Als sie eines Nachts allein mit ihm auf der Station ist, f\u00e4ngt sie an seltsame Schattenwesen zu sehen\u2026<\/li>\n<li><strong>Die Sekte:<\/strong>\u00a0<strong>(OT: The Sermon): <\/strong>Isoliert und fernab der Gro\u00dfstadt lebt eine religi\u00f6se Gemeinschaft ganz nach den Predigten ihres reaktion\u00e4ren und zynischen Anf\u00fchrers (<strong>Grant Gillespie<\/strong>), in denen er Hass und Vorurteile verbreitet. Er ahnt nicht, dass seine Tochter ein schreckliches Geheimnis hat.<\/li>\n<\/ol>\n<\/div>\n<\/div>\n<\/div>\n<\/div>\n<\/div>\n<\/div>\n<\/div>\n<\/div>\n<\/div>\n<div><div class=\"gap\" style=\"line-height: 20px; height: 20px;\"><\/div><\/div>\n<h5>Weitere Informationen<\/h5>\n<div>\n<div>\n<table style=\"height: 46px; width: 100%; border-collapse: collapse; border-color: #ffffff; background-color: #ffffff; border-style: hidden;\">\n<tbody>\n<tr style=\"height: 23px; border-style: hidden; border-color: #ffffff; background-color: #ffffff;\">\n<td style=\"width: 4.701195219123506%; height: 23px; border-style: hidden;\">Film:<\/td>\n<td style=\"width: 95.29880478087651%; height: 23px; border-style: hidden;\">The Red Book Ritual<\/td>\n<\/tr>\n<tr style=\"height: 23px;\">\n<td style=\"width: 4.701195219123506%; height: 23px; border-style: hidden;\">Label:<\/td>\n<td style=\"width: 95.29880478087651%; height: 23px; border-style: hidden;\"><a title=\"B-Spree Pictures\" href=\"https:\/\/ucm.one\/de\/produkt-kategorie\/label-film-de\/u1-films-berlin-de\/\">U1 Films Berlin<\/a><\/td>\n<\/tr>\n<\/tbody>\n<\/table>\n<\/div>\n<div><\/div>\n<\/div>\n<div>\n<div><div class=\"gap\" style=\"line-height: 10px; height: 10px;\"><\/div><\/div>\n<div>\u2117 2022 <strong>Black Mandala<\/strong>,\u00a0<strong>Stud Ranch<\/strong>, \u00a9 2023 <strong>U1 Films Berlin<\/strong> \/ <span style=\"font-family: 'arial black', sans-serif;\"><strong>UCM.ONE<\/strong><\/span><\/div>\n<div><div class=\"gap\" style=\"line-height: 20px; height: 20px;\"><\/div><\/div>\n<div>\n<div><\/div>\n<div>\n<div><div class=\"gap\" style=\"line-height: 10px; height: 10px;\"><\/div><\/div>\n<div><span style=\"color: #003a80;\"><strong>\u27a0 <a style=\"color: #003a80;\" href=\"https:\/\/ucm.one\/de\/produkt-kategorie\/art-de\/filme-de\/\">zum Shop<\/a><\/strong><\/span><\/div>\n<div><div class=\"gap\" style=\"line-height: 20px; height: 20px;\"><\/div><\/div>\n<\/div>\n<\/div>\n<\/div>\n","protected":false},"excerpt":{"rendered":"<p>Regie: <strong>Diverse Regisseure<\/strong><\/p>\n<p>Label: <a title=\"B-Spree Pictures\" href=\"https:\/\/ucm.one\/de\/produkt-kategorie\/label-film-de\/u1-films-berlin-de\/\"><strong>U1 Films Berlin<\/strong><\/a><\/p>\n<p>Art:\u00a0<strong><a href=\"https:\/\/ucm.one\/de\/produkt-kategorie\/art-de\/filme-de\/\">Film<\/a> (Spielfilm)<\/strong><\/p>\n<p>Genre:\u00a0<b><a href=\"https:\/\/ucm.one\/de\/produkt-kategorie\/genre-film-de\/horror-de\/\">Horror<\/a><\/b><\/p>\n<p>Jahr: <strong>2022<\/strong><\/p>\n<p>FSK: <strong>16<\/strong><\/p>\n<p>Formate: <strong>Diverse<\/strong><\/p>\n","protected":false},"featured_media":95552,"comment_status":"open","ping_status":"closed","template":"","meta":{"_acf_changed":false},"product_brand":[],"product_cat":[10327,10331,10332,10340,9708],"product_tag":[16397,16398,16399,16400,16401,11026,16402,16392,16403,16393,16404,16394,16421,16395,16396],"class_list":{"0":"post-95548","1":"product","2":"type-product","3":"status-publish","4":"has-post-thumbnail","6":"product_cat-horror-de","7":"product_cat-dvd-de","8":"product_cat-blu-ray-de","9":"product_cat-u1-films-berlin-de","10":"product_cat-filme-de","11":"product_tag-nick-waters","12":"product_tag-tatjana-marjanovic","13":"product_tag-jay-villwock","14":"product_tag-tyler-bailin","15":"product_tag-lee-joo-young","16":"product_tag-u1-films-berlin","17":"product_tag-ja-young-kim","18":"product_tag-valeria-san-martin","19":"product_tag-oh-jung-se","20":"product_tag-agustin-olcese","21":"product_tag-hayley-sullivan","22":"product_tag-marlene-pedersen-chauviere","23":"product_tag-the-red-book-ritual","24":"product_tag-david-breen","25":"product_tag-melind-joan-reed","26":"pa_format-dvd","27":"pa_format-blu-ray-de","28":"description-off","30":"first","31":"instock","32":"taxable","33":"shipping-taxable","34":"purchasable","35":"product-type-variable"},"acf":[],"yoast_head":"<!-- This site is optimized with the Yoast SEO plugin v27.2 - https:\/\/yoast.com\/product\/yoast-seo-wordpress\/ -->\n<title>The Red Book Ritual<\/title>\n<meta name=\"description\" content=\"Shop | The Red Book Ritual | 2023 | U1 Films Berlin | Blu-Ray, DVD | FSK 16\" \/>\n<meta name=\"robots\" content=\"index, follow, max-snippet:-1, max-image-preview:large, max-video-preview:-1\" \/>\n<link rel=\"canonical\" href=\"https:\/\/ucm.one\/de\/produkt\/the-red-book-ritual\/\" \/>\n<meta property=\"og:locale\" content=\"de_DE\" \/>\n<meta property=\"og:type\" content=\"article\" \/>\n<meta property=\"og:title\" content=\"Like Dogs\" \/>\n<meta property=\"og:description\" content=\"Shop | Like Dogs | 2022 | B-Spree Pictures | Blu-Ray, DVD | FSK 16\" \/>\n<meta property=\"og:url\" content=\"https:\/\/ucm.one\/de\/produkt\/the-red-book-ritual\/\" \/>\n<meta property=\"og:site_name\" content=\"UCM.ONE\" \/>\n<meta property=\"article:modified_time\" content=\"2023-11-02T15:55:13+00:00\" \/>\n<meta property=\"og:image\" content=\"https:\/\/ucm.one\/wp-content\/uploads\/2023\/07\/BB-The-Red-Book-Ritual-94-970x600-1.jpg\" \/>\n<meta name=\"twitter:card\" content=\"summary_large_image\" \/>\n<meta name=\"twitter:title\" content=\"Like Dogs\" \/>\n<meta name=\"twitter:description\" content=\"Shop | Like Dogs | 2022 | B-Spree Pictures | Blu-Ray, DVD | FSK 16\" \/>\n<meta name=\"twitter:image\" content=\"https:\/\/ucm.one\/wp-content\/uploads\/2022\/08\/C-Like-Dogs-DVD-2D-FSK18.jpg\" \/>\n<meta name=\"twitter:label1\" content=\"Gesch\u00e4tzte Lesezeit\" \/>\n\t<meta name=\"twitter:data1\" content=\"1\u00a0Minute\" \/>\n<!-- \/ Yoast SEO plugin. -->","yoast_head_json":{"title":"The Red Book Ritual","description":"Shop | The Red Book Ritual | 2023 | U1 Films Berlin | Blu-Ray, DVD | FSK 16","robots":{"index":"index","follow":"follow","max-snippet":"max-snippet:-1","max-image-preview":"max-image-preview:large","max-video-preview":"max-video-preview:-1"},"canonical":"https:\/\/ucm.one\/de\/produkt\/the-red-book-ritual\/","og_locale":"de_DE","og_type":"article","og_title":"Like Dogs","og_description":"Shop | Like Dogs | 2022 | B-Spree Pictures | Blu-Ray, DVD | FSK 16","og_url":"https:\/\/ucm.one\/de\/produkt\/the-red-book-ritual\/","og_site_name":"UCM.ONE","article_modified_time":"2023-11-02T15:55:13+00:00","og_image":[{"url":"https:\/\/ucm.one\/wp-content\/uploads\/2023\/07\/BB-The-Red-Book-Ritual-94-970x600-1.jpg","type":"","width":"","height":""}],"twitter_card":"summary_large_image","twitter_title":"Like Dogs","twitter_description":"Shop | Like Dogs | 2022 | B-Spree Pictures | Blu-Ray, DVD | FSK 16","twitter_image":"https:\/\/ucm.one\/wp-content\/uploads\/2022\/08\/C-Like-Dogs-DVD-2D-FSK18.jpg","twitter_misc":{"Gesch\u00e4tzte Lesezeit":"1\u00a0Minute"},"schema":{"@context":"https:\/\/schema.org","@graph":[{"@type":"WebPage","@id":"https:\/\/ucm.one\/de\/produkt\/the-red-book-ritual\/","url":"https:\/\/ucm.one\/de\/produkt\/the-red-book-ritual\/","name":"The Red Book Ritual","isPartOf":{"@id":"https:\/\/ucm.one\/de\/#website"},"primaryImageOfPage":{"@id":"https:\/\/ucm.one\/de\/produkt\/the-red-book-ritual\/#primaryimage"},"image":{"@id":"https:\/\/ucm.one\/de\/produkt\/the-red-book-ritual\/#primaryimage"},"thumbnailUrl":"https:\/\/ucm.one\/wp-content\/uploads\/2023\/07\/FSK16_1000x699.jpg","datePublished":"2023-09-30T13:17:41+00:00","dateModified":"2023-11-02T15:55:13+00:00","description":"Shop | The Red Book Ritual | 2023 | U1 Films Berlin | Blu-Ray, DVD | FSK 16","breadcrumb":{"@id":"https:\/\/ucm.one\/de\/produkt\/the-red-book-ritual\/#breadcrumb"},"inLanguage":"de","potentialAction":[{"@type":"ReadAction","target":["https:\/\/ucm.one\/de\/produkt\/the-red-book-ritual\/"]}]},{"@type":"ImageObject","inLanguage":"de","@id":"https:\/\/ucm.one\/de\/produkt\/the-red-book-ritual\/#primaryimage","url":"https:\/\/ucm.one\/wp-content\/uploads\/2023\/07\/FSK16_1000x699.jpg","contentUrl":"https:\/\/ucm.one\/wp-content\/uploads\/2023\/07\/FSK16_1000x699.jpg","width":699,"height":1000},{"@type":"BreadcrumbList","@id":"https:\/\/ucm.one\/de\/produkt\/the-red-book-ritual\/#breadcrumb","itemListElement":[{"@type":"ListItem","position":1,"name":"Home","item":"https:\/\/ucm.one\/de\/"},{"@type":"ListItem","position":2,"name":"Shop","item":"https:\/\/ucm.one\/de\/shop\/"},{"@type":"ListItem","position":3,"name":"The Red Book Ritual"}]},{"@type":"WebSite","@id":"https:\/\/ucm.one\/de\/#website","url":"https:\/\/ucm.one\/de\/","name":"UCM.ONE","description":"","publisher":{"@id":"https:\/\/ucm.one\/de\/#organization"},"potentialAction":[{"@type":"SearchAction","target":{"@type":"EntryPoint","urlTemplate":"https:\/\/ucm.one\/de\/?s={search_term_string}"},"query-input":{"@type":"PropertyValueSpecification","valueRequired":true,"valueName":"search_term_string"}}],"inLanguage":"de"},{"@type":"Organization","@id":"https:\/\/ucm.one\/de\/#organization","name":"UCM.ONE","url":"https:\/\/ucm.one\/de\/","logo":{"@type":"ImageObject","inLanguage":"de","@id":"https:\/\/ucm.one\/de\/#\/schema\/logo\/image\/","url":"https:\/\/ucm.one\/wp-content\/uploads\/2019\/10\/UCM.ONE-Logo-RGB.svg","contentUrl":"https:\/\/ucm.one\/wp-content\/uploads\/2019\/10\/UCM.ONE-Logo-RGB.svg","width":1,"height":1,"caption":"UCM.ONE"},"image":{"@id":"https:\/\/ucm.one\/de\/#\/schema\/logo\/image\/"}}]}},"_links":{"self":[{"href":"https:\/\/ucm.one\/de\/wp-json\/wp\/v2\/product\/95548","targetHints":{"allow":["GET"]}}],"collection":[{"href":"https:\/\/ucm.one\/de\/wp-json\/wp\/v2\/product"}],"about":[{"href":"https:\/\/ucm.one\/de\/wp-json\/wp\/v2\/types\/product"}],"replies":[{"embeddable":true,"href":"https:\/\/ucm.one\/de\/wp-json\/wp\/v2\/comments?post=95548"}],"wp:featuredmedia":[{"embeddable":true,"href":"https:\/\/ucm.one\/de\/wp-json\/wp\/v2\/media\/95552"}],"wp:attachment":[{"href":"https:\/\/ucm.one\/de\/wp-json\/wp\/v2\/media?parent=95548"}],"wp:term":[{"taxonomy":"product_brand","embeddable":true,"href":"https:\/\/ucm.one\/de\/wp-json\/wp\/v2\/product_brand?post=95548"},{"taxonomy":"product_cat","embeddable":true,"href":"https:\/\/ucm.one\/de\/wp-json\/wp\/v2\/product_cat?post=95548"},{"taxonomy":"product_tag","embeddable":true,"href":"https:\/\/ucm.one\/de\/wp-json\/wp\/v2\/product_tag?post=95548"}],"curies":[{"name":"wp","href":"https:\/\/api.w.org\/{rel}","templated":true}]}}