{"id":95519,"date":"2023-07-27T15:55:15","date_gmt":"2023-07-27T15:55:15","guid":{"rendered":"https:\/\/ucm.one\/?post_type=product&#038;p=95519"},"modified":"2025-08-14T09:54:16","modified_gmt":"2025-08-14T09:54:16","slug":"rose-bernd","status":"publish","type":"product","link":"https:\/\/ucm.one\/de\/produkt\/rose-bernd\/","title":{"rendered":"Rose Bernd"},"content":{"rendered":"<div class=\"wpb_text_column wpb_content_element \">\n<div class=\"wpb_wrapper\">\n<div class=\"\">\n<div class=\"wpb_text_column wpb_content_element \">\n<div class=\"wpb_wrapper\">\n<p>Rose Bernd (<strong>Maria Schell<\/strong>) und ihr Vater leben seit ihrer Flucht aus Schlesien in einem kleinen westdeutschen Dorf. Rose arbeitet als Magd auf dem Hof des Gutsherrn Flamm (<strong>Leopold Biberti<\/strong>), wo sie sich durch ihre T\u00fcchtigkeit beliebt gemacht hat. Au\u00dferdem pflegt sie Flamms querschnittsgel\u00e4hmte Ehefrau. Aber auch als Frau ist Rose \u00fcberaus begehrt. Sowohl der Baggerf\u00fchrer Streckmann (<strong>Ralf Vallone<\/strong>) als auch der Buchdrucker Keil (<strong>Hannes Messemer<\/strong>) haben ein Auge auf Rose geworfen. Doch Roses Herz geh\u00f6rt alleine ihrem Vorgesetzten Flamm. Sie l\u00e4sst sich auf eine Aff\u00e4re mit ihm ein, st\u00e4ndig geplagt von ihrem schlechten Gewissen. Als Rose schlie\u00dflich schwanger wird, \u00fcberschlagen sich die Ereignisse.<\/p>\n<\/div>\n<\/div>\n<\/div>\n<\/div>\n<\/div>\n<div><div class=\"gap\" style=\"line-height: 20px; height: 20px;\"><\/div><\/div>\n<h5>Weitere Informationen<\/h5>\n<div>\n<div>\n<table style=\"height: 47px; width: 100%; border-collapse: collapse; border-color: #ffffff; background-color: #ffffff; border-style: hidden;\">\n<tbody>\n<tr style=\"height: 23px;\">\n<td style=\"width: 4.701195219123506%; height: 23px; border-style: hidden;\">Label:<\/td>\n<td style=\"width: 95.29880478087651%; height: 23px; border-style: hidden;\"><a title=\"B-Spree Classics\" href=\"https:\/\/ucm.one\/de\/film-labels\/b-spree-pictures\/#b-spree-classics\">B-Spree Classics<\/a><\/td>\n<\/tr>\n<\/tbody>\n<\/table>\n<\/div>\n<div><\/div>\n<\/div>\n<div>\n<div><div class=\"gap\" style=\"line-height: 10px; height: 10px;\"><\/div><\/div>\n<div>\n<p>\u2117 1957 <strong>Bavaria-Filmkunst<\/strong>, \u00a9 2023 <strong>B-Spree Classics<\/strong> \/ <strong><span style=\"font-family: arial black, sans-serif;\">UCM.ONE<\/span><\/strong> in Kooperation mit der <strong>Friedrich-Wilhelm-Murnau-Stiftung<\/strong><\/p>\n<div><\/div>\n<\/div>\n<div><div class=\"gap\" style=\"line-height: 20px; height: 20px;\"><\/div><\/div>\n<div>\n<div><\/div>\n<div>\n<div><div class=\"gap\" style=\"line-height: 10px; height: 10px;\"><\/div><\/div>\n<div><span style=\"color: #003a80;\"><strong>\u27a0 <a style=\"color: #003a80;\" href=\"https:\/\/ucm.one\/de\/produkt-kategorie\/art-de\/filme-de\/\">zum Shop<\/a><\/strong><\/span><\/div>\n<div><div class=\"gap\" style=\"line-height: 20px; height: 20px;\"><\/div><\/div>\n<\/div>\n<\/div>\n<\/div>\n","protected":false},"excerpt":{"rendered":"<p>Regie: <a title=\"\" href=\"https:\/\/ucm.one\/de\/?s=%22Wolfgang+Staudte%22&amp;post_type=product\"><strong>Wolfgang Staudte<\/strong><\/a><\/p>\n<p>Label: <a href=\"https:\/\/ucm.one\/de\/produkt-kategorie\/label-film-de\/b-spree-pictures-de\/b-spree-classics-de\/\"><strong>B-Spree Classics<\/strong><\/a><\/p>\n<p>Art:\u00a0<strong><a href=\"https:\/\/ucm.one\/de\/produkt-kategorie\/art-de\/filme-de\/\">Film<\/a> (<a title=\"\" href=\"https:\/\/ucm.one\/de\/produkt-kategorie\/genre-film-de\/klassiker-de\/\">Klassiker<\/a>)<\/strong><\/p>\n<p>Genre: <b><a title=\"\" href=\"https:\/\/ucm.one\/de\/produkt-kategorie\/genre-film-de\/drama-de\/\">Drama<\/a><\/b><\/p>\n<p>Jahre: <strong>2023<\/strong><\/p>\n<p>FSK: <strong>16<\/strong><\/p>\n<p>Formate: <strong>Diverse<\/strong><\/p>\n","protected":false},"featured_media":95520,"comment_status":"open","ping_status":"closed","template":"","meta":{"_acf_changed":false},"product_brand":[],"product_cat":[10332,10334,10342,12093,9708,10331],"product_tag":[16387,16388,16389,16390,16391,12135,15566,16156,16384,16385,16386],"class_list":{"0":"post-95519","1":"product","2":"type-product","3":"status-publish","4":"has-post-thumbnail","6":"product_cat-blu-ray-de","7":"product_cat-drama-de","8":"product_cat-b-spree-classics-de","9":"product_cat-klassiker-de","10":"product_cat-filme-de","11":"product_cat-dvd-de","12":"product_tag-walter-ulbrich","13":"product_tag-ralf-vallone","14":"product_tag-wolfgang-lukschy","15":"product_tag-leopold-biberti","16":"product_tag-kaethe-gold","17":"product_tag-b-spree-classics","18":"product_tag-siegfried-lowitz","19":"product_tag-bavaria-filmkunst","20":"product_tag-rose-bernd","21":"product_tag-wolfgang-staudte","22":"product_tag-maria-schell","23":"pa_format-dvd","24":"pa_format-blu-ray-de","25":"description-off","27":"first","28":"instock","29":"taxable","30":"shipping-taxable","31":"purchasable","32":"product-type-variable"},"acf":[],"yoast_head":"<!-- This site is optimized with the Yoast SEO plugin v27.2 - https:\/\/yoast.com\/product\/yoast-seo-wordpress\/ -->\n<title>Rose Bernd<\/title>\n<meta name=\"description\" content=\"Shop | Rose Bernd | 2023 | B-Spree Classics | Blu-Ray, DVD | FSK 16\" \/>\n<meta name=\"robots\" content=\"index, follow, max-snippet:-1, max-image-preview:large, max-video-preview:-1\" \/>\n<link rel=\"canonical\" href=\"https:\/\/ucm.one\/de\/produkt\/rose-bernd\/\" \/>\n<meta property=\"og:locale\" content=\"de_DE\" \/>\n<meta property=\"og:type\" content=\"article\" \/>\n<meta property=\"og:title\" content=\"Rose Bernd\" \/>\n<meta property=\"og:description\" content=\"Shop | Rose Bernd | 2023 | B-Spree Classics | Blu-Ray, DVD | FSK 16\" \/>\n<meta property=\"og:url\" content=\"https:\/\/ucm.one\/de\/produkt\/rose-bernd\/\" \/>\n<meta property=\"og:site_name\" content=\"UCM.ONE\" \/>\n<meta property=\"article:modified_time\" content=\"2025-08-14T09:54:16+00:00\" \/>\n<meta property=\"og:image\" content=\"https:\/\/ucm.one\/wp-content\/uploads\/2023\/07\/C-Rose-Bernd-DVD-2D-FSK16.jpg\" \/>\n<meta name=\"twitter:card\" content=\"summary_large_image\" \/>\n<meta name=\"twitter:title\" content=\"Rose Bernd\" \/>\n<meta name=\"twitter:description\" content=\"Shop | Rose Bernd | 2023 | B-Spree Classics | Blu-Ray, DVD | FSK 16\" \/>\n<meta name=\"twitter:image\" content=\"https:\/\/ucm.one\/wp-content\/uploads\/2023\/07\/C-Rose-Bernd-DVD-2D-FSK16.jpg\" \/>\n<meta name=\"twitter:label1\" content=\"Gesch\u00e4tzte Lesezeit\" \/>\n\t<meta name=\"twitter:data1\" content=\"1\u00a0Minute\" \/>\n<!-- \/ Yoast SEO plugin. -->","yoast_head_json":{"title":"Rose Bernd","description":"Shop | Rose Bernd | 2023 | B-Spree Classics | Blu-Ray, DVD | FSK 16","robots":{"index":"index","follow":"follow","max-snippet":"max-snippet:-1","max-image-preview":"max-image-preview:large","max-video-preview":"max-video-preview:-1"},"canonical":"https:\/\/ucm.one\/de\/produkt\/rose-bernd\/","og_locale":"de_DE","og_type":"article","og_title":"Rose Bernd","og_description":"Shop | Rose Bernd | 2023 | B-Spree Classics | Blu-Ray, DVD | FSK 16","og_url":"https:\/\/ucm.one\/de\/produkt\/rose-bernd\/","og_site_name":"UCM.ONE","article_modified_time":"2025-08-14T09:54:16+00:00","og_image":[{"url":"https:\/\/ucm.one\/wp-content\/uploads\/2023\/07\/C-Rose-Bernd-DVD-2D-FSK16.jpg","type":"","width":"","height":""}],"twitter_card":"summary_large_image","twitter_title":"Rose Bernd","twitter_description":"Shop | Rose Bernd | 2023 | B-Spree Classics | Blu-Ray, DVD | FSK 16","twitter_image":"https:\/\/ucm.one\/wp-content\/uploads\/2023\/07\/C-Rose-Bernd-DVD-2D-FSK16.jpg","twitter_misc":{"Gesch\u00e4tzte Lesezeit":"1\u00a0Minute"},"schema":{"@context":"https:\/\/schema.org","@graph":[{"@type":"WebPage","@id":"https:\/\/ucm.one\/de\/produkt\/rose-bernd\/","url":"https:\/\/ucm.one\/de\/produkt\/rose-bernd\/","name":"Rose Bernd","isPartOf":{"@id":"https:\/\/ucm.one\/de\/#website"},"primaryImageOfPage":{"@id":"https:\/\/ucm.one\/de\/produkt\/rose-bernd\/#primaryimage"},"image":{"@id":"https:\/\/ucm.one\/de\/produkt\/rose-bernd\/#primaryimage"},"thumbnailUrl":"https:\/\/ucm.one\/wp-content\/uploads\/2023\/07\/C-Rose-Bernd-DVD-2D-FSK16.jpg","datePublished":"2023-07-27T15:55:15+00:00","dateModified":"2025-08-14T09:54:16+00:00","description":"Shop | Rose Bernd | 2023 | B-Spree Classics | Blu-Ray, DVD | FSK 16","breadcrumb":{"@id":"https:\/\/ucm.one\/de\/produkt\/rose-bernd\/#breadcrumb"},"inLanguage":"de","potentialAction":[{"@type":"ReadAction","target":["https:\/\/ucm.one\/de\/produkt\/rose-bernd\/"]}]},{"@type":"ImageObject","inLanguage":"de","@id":"https:\/\/ucm.one\/de\/produkt\/rose-bernd\/#primaryimage","url":"https:\/\/ucm.one\/wp-content\/uploads\/2023\/07\/C-Rose-Bernd-DVD-2D-FSK16.jpg","contentUrl":"https:\/\/ucm.one\/wp-content\/uploads\/2023\/07\/C-Rose-Bernd-DVD-2D-FSK16.jpg","width":699,"height":1000},{"@type":"BreadcrumbList","@id":"https:\/\/ucm.one\/de\/produkt\/rose-bernd\/#breadcrumb","itemListElement":[{"@type":"ListItem","position":1,"name":"Home","item":"https:\/\/ucm.one\/de\/"},{"@type":"ListItem","position":2,"name":"Shop","item":"https:\/\/ucm.one\/de\/shop\/"},{"@type":"ListItem","position":3,"name":"Rose Bernd"}]},{"@type":"WebSite","@id":"https:\/\/ucm.one\/de\/#website","url":"https:\/\/ucm.one\/de\/","name":"UCM.ONE","description":"","publisher":{"@id":"https:\/\/ucm.one\/de\/#organization"},"potentialAction":[{"@type":"SearchAction","target":{"@type":"EntryPoint","urlTemplate":"https:\/\/ucm.one\/de\/?s={search_term_string}"},"query-input":{"@type":"PropertyValueSpecification","valueRequired":true,"valueName":"search_term_string"}}],"inLanguage":"de"},{"@type":"Organization","@id":"https:\/\/ucm.one\/de\/#organization","name":"UCM.ONE","url":"https:\/\/ucm.one\/de\/","logo":{"@type":"ImageObject","inLanguage":"de","@id":"https:\/\/ucm.one\/de\/#\/schema\/logo\/image\/","url":"https:\/\/ucm.one\/wp-content\/uploads\/2019\/10\/UCM.ONE-Logo-RGB.svg","contentUrl":"https:\/\/ucm.one\/wp-content\/uploads\/2019\/10\/UCM.ONE-Logo-RGB.svg","width":1,"height":1,"caption":"UCM.ONE"},"image":{"@id":"https:\/\/ucm.one\/de\/#\/schema\/logo\/image\/"}}]}},"_links":{"self":[{"href":"https:\/\/ucm.one\/de\/wp-json\/wp\/v2\/product\/95519","targetHints":{"allow":["GET"]}}],"collection":[{"href":"https:\/\/ucm.one\/de\/wp-json\/wp\/v2\/product"}],"about":[{"href":"https:\/\/ucm.one\/de\/wp-json\/wp\/v2\/types\/product"}],"replies":[{"embeddable":true,"href":"https:\/\/ucm.one\/de\/wp-json\/wp\/v2\/comments?post=95519"}],"wp:featuredmedia":[{"embeddable":true,"href":"https:\/\/ucm.one\/de\/wp-json\/wp\/v2\/media\/95520"}],"wp:attachment":[{"href":"https:\/\/ucm.one\/de\/wp-json\/wp\/v2\/media?parent=95519"}],"wp:term":[{"taxonomy":"product_brand","embeddable":true,"href":"https:\/\/ucm.one\/de\/wp-json\/wp\/v2\/product_brand?post=95519"},{"taxonomy":"product_cat","embeddable":true,"href":"https:\/\/ucm.one\/de\/wp-json\/wp\/v2\/product_cat?post=95519"},{"taxonomy":"product_tag","embeddable":true,"href":"https:\/\/ucm.one\/de\/wp-json\/wp\/v2\/product_tag?post=95519"}],"curies":[{"name":"wp","href":"https:\/\/api.w.org\/{rel}","templated":true}]}}