{"id":94940,"date":"2023-07-28T11:15:28","date_gmt":"2023-07-28T11:15:28","guid":{"rendered":"https:\/\/ucm.one\/?post_type=product&#038;p=94940"},"modified":"2023-09-03T12:23:54","modified_gmt":"2023-09-03T12:23:54","slug":"repentance-the-process-of-human-demise","status":"publish","type":"product","link":"https:\/\/ucm.one\/de\/produkt\/repentance-the-process-of-human-demise\/","title":{"rendered":"Repentance &#8211; The Process of Human Demise"},"content":{"rendered":"<p>Gegr\u00fcndet 2018 vom ehemaligen <strong>Soil<\/strong> und <strong>Dirge Within<\/strong> Gitarristen <strong>Shaun Glass<\/strong> und beheimatet in Chicago, Illinois, spielen <strong>Repentance<\/strong>\u00a0schweren aggressiven Metal, der voller Details, Groove und Intensit\u00e4t steckt. Im Fr\u00fchjahr 2018 ver\u00f6ffentlichte die Band ihre ersten beiden Demotracks, gefolgt vom 2020er Deb\u00fctalbum &#8222;<strong>God For A Day<\/strong>&#8222;. Durch zahlreiche und energiegeladene Shows, mit hochkar\u00e4tigen Acts wie <strong>Trivium<\/strong>, <strong>Devildriver<\/strong>, <strong>Jinjer<\/strong>, <strong>Skull Fist<\/strong>, <strong>Toxic Holocaust<\/strong>, <strong>Sacred Reich<\/strong> und anderen, wurde die Band schnell f\u00fcr einen unverwechselbaren, dr\u00fcckenden und dennoch dynamischen Sound bekannt.<\/p>\n<p>Nun ver\u00f6ffentlicht die Band ihr mit Spannung erwartetes zweite Album <strong>&#8222;The Process Of Human Demise<\/strong>&#8222;, welches auf dem deutschen Label <strong>Noble Demon<\/strong> erscheint.<\/p>\n<div><div class=\"gap\" style=\"line-height: 20px; height: 20px;\"><\/div><\/div>\n<h5>Weitere Informationen<\/h5>\n<table style=\"height: 46px; width: 100%; border-collapse: collapse; border-color: #ffffff; background-color: #ffffff; border-style: hidden;\">\n<tbody>\n<tr style=\"height: 23px; border-style: hidden; border-color: #ffffff; background-color: #ffffff;\">\n<td style=\"width: 58.953125px; height: 23px;\">Band:<\/td>\n<td style=\"width: 1204.0625px; height: 23px;\"><a title=\"Repentance | Noble Demon\" href=\"https:\/\/ucm.one\/de\/repentance\/\">Repentance<\/a><\/td>\n<\/tr>\n<tr style=\"height: 23px;\">\n<td style=\"width: 58.953125px; height: 23px;\">Label:<\/td>\n<td style=\"width: 1204.0625px; height: 23px;\"><a title=\"Noble Demon\" href=\"https:\/\/ucm.one\/de\/musik-labels\/noble-demon\/\">Noble Demon<\/a><\/td>\n<\/tr>\n<\/tbody>\n<\/table>\n<div>\n<div><\/div>\n<div><div class=\"gap\" style=\"line-height: 10px; height: 10px;\"><\/div><\/div>\n<div>\u2117 &amp; \u00a9 2023\u00a0<strong>Noble Demon<\/strong> \/ <span style=\"font-family: 'arial black', sans-serif;\"><strong>UCM.ONE<\/strong><\/span><\/div>\n<div><div class=\"gap\" style=\"line-height: 20px; height: 20px;\"><\/div><\/div>\n<div>\n<div><\/div>\n<div><div class=\"gap\" style=\"line-height: 10px; height: 10px;\"><\/div><\/div>\n<div><span style=\"color: #003a80;\"><strong>\u27a0 <a style=\"color: #003a80;\" title=\"\" href=\"https:\/\/ucm.one\/de\/produkt-kategorie\/art-de\/musik-de\/\">zum Shop<\/a><\/strong><\/span><\/div>\n<div><div class=\"gap\" style=\"line-height: 20px; height: 20px;\"><\/div><\/div>\n<\/div>\n<\/div>\n","protected":false},"excerpt":{"rendered":"<p>Band: <a title=\"\" href=\"https:\/\/ucm.one\/de\/shop\/?s=%22Repentance%22&amp;post_type=product\"><strong>Repentance<\/strong><\/a><\/p>\n<p>Label: <a href=\"https:\/\/ucm.one\/de\/produkt-kategorie\/label-musik-de\/noble-demon-de\/\"><strong>Noble Demon<\/strong><\/a><\/p>\n<p>Art: <strong><a href=\"https:\/\/ucm.one\/de\/produkt-kategorie\/art-de\/musik-de\/\">Musik<\/a> (Album)<\/strong><\/p>\n<p>Genres: <strong><a href=\"https:\/\/ucm.one\/de\/produkt-kategorie\/genre-musik-de\/metal-de\/\">Metal<\/a>, <a title=\"\" href=\"https:\/\/ucm.one\/de\/produkt-kategorie\/genre-musik-de\/metal-de\/death-metal-de\/\">Death Metal<\/a><\/strong><\/p>\n<p>Jahr: <strong>2023<\/strong><\/p>\n<p>Formate: <strong>Diverse<\/strong><\/p>\n","protected":false},"featured_media":94263,"comment_status":"open","ping_status":"closed","template":"","meta":{"_acf_changed":false},"product_brand":[],"product_cat":[9839,9713,9714,9753,9755,9756,9781,9813],"product_tag":[10969,10971,10972,10973,9763,10974,9764,10975,10976],"class_list":{"0":"post-94940","1":"product","2":"type-product","3":"status-publish","4":"has-post-thumbnail","6":"product_cat-melodic-metal-de","7":"product_cat-musik-de","8":"product_cat-vinyl-de","9":"product_cat-metal-de","10":"product_cat-label-musik-de","11":"product_cat-noble-demon-de","12":"product_cat-death-metal-de","13":"product_cat-cd-de","14":"product_tag-repentance","15":"product_tag-trivium","16":"product_tag-reborn","17":"product_tag-adam-gilley","18":"product_tag-noble-demon","19":"product_tag-corey-beaulieu","20":"product_tag-metal","21":"product_tag-shaun-glass","22":"product_tag-modern-metal-de","23":"pa_format-lp-grey-marbled-vinyl-de","24":"pa_format-cd-digipak","25":"pa_format-lp-red-marbled-vinyl-de","26":"description-off","28":"first","29":"instock","30":"taxable","31":"shipping-taxable","32":"purchasable","33":"product-type-variable"},"acf":[],"yoast_head":"<!-- This site is optimized with the Yoast SEO plugin v27.2 - https:\/\/yoast.com\/product\/yoast-seo-wordpress\/ -->\n<title>Repentance - The Process of Human Demise<\/title>\n<meta name=\"description\" content=\"Shop | Repentance - The Process of Human Demise | 2023 | Noble Demon | CD (Digipak), LP (Grey Marbled Vinyl), LP (Red Marbled Vinyl)\" \/>\n<meta name=\"robots\" content=\"index, follow, max-snippet:-1, max-image-preview:large, max-video-preview:-1\" \/>\n<link rel=\"canonical\" href=\"https:\/\/ucm.one\/de\/produkt\/repentance-the-process-of-human-demise\/\" \/>\n<meta property=\"og:locale\" content=\"de_DE\" \/>\n<meta property=\"og:type\" content=\"article\" \/>\n<meta property=\"og:title\" content=\"Repentance - The Process of Human Demise\" \/>\n<meta property=\"og:description\" content=\"Shop | Repentance - The Process of Human Demise | 2023 | Noble Demon | CD (Digipak), LP (Grey Marbled Vinyl), LP (Red Marbled Vinyl)\" \/>\n<meta property=\"og:url\" content=\"https:\/\/ucm.one\/de\/produkt\/repentance-the-process-of-human-demise\/\" \/>\n<meta property=\"og:site_name\" content=\"UCM.ONE\" \/>\n<meta property=\"article:modified_time\" content=\"2023-09-03T12:23:54+00:00\" \/>\n<meta property=\"og:image\" content=\"https:\/\/ucm.one\/wp-content\/uploads\/2023\/05\/C-Repentance-The-Process-Of-Human-Demise.jpg\" \/>\n<meta name=\"twitter:card\" content=\"summary_large_image\" \/>\n<meta name=\"twitter:title\" content=\"Repentance - The Process of Human Demise\" \/>\n<meta name=\"twitter:description\" content=\"Shop | Repentance - The Process of Human Demise | 2023 | Noble Demon | CD (Digipak), LP (Grey Marbled Vinyl), LP (Red Marbled Vinyl)\" \/>\n<meta name=\"twitter:image\" content=\"https:\/\/ucm.one\/wp-content\/uploads\/2023\/05\/C-Repentance-The-Process-Of-Human-Demise.jpg\" \/>\n<meta name=\"twitter:label1\" content=\"Gesch\u00e4tzte Lesezeit\" \/>\n\t<meta name=\"twitter:data1\" content=\"1\u00a0Minute\" \/>\n<!-- \/ Yoast SEO plugin. -->","yoast_head_json":{"title":"Repentance - The Process of Human Demise","description":"Shop | Repentance - The Process of Human Demise | 2023 | Noble Demon | CD (Digipak), LP (Grey Marbled Vinyl), LP (Red Marbled Vinyl)","robots":{"index":"index","follow":"follow","max-snippet":"max-snippet:-1","max-image-preview":"max-image-preview:large","max-video-preview":"max-video-preview:-1"},"canonical":"https:\/\/ucm.one\/de\/produkt\/repentance-the-process-of-human-demise\/","og_locale":"de_DE","og_type":"article","og_title":"Repentance - The Process of Human Demise","og_description":"Shop | Repentance - The Process of Human Demise | 2023 | Noble Demon | CD (Digipak), LP (Grey Marbled Vinyl), LP (Red Marbled Vinyl)","og_url":"https:\/\/ucm.one\/de\/produkt\/repentance-the-process-of-human-demise\/","og_site_name":"UCM.ONE","article_modified_time":"2023-09-03T12:23:54+00:00","og_image":[{"url":"https:\/\/ucm.one\/wp-content\/uploads\/2023\/05\/C-Repentance-The-Process-Of-Human-Demise.jpg","type":"","width":"","height":""}],"twitter_card":"summary_large_image","twitter_title":"Repentance - The Process of Human Demise","twitter_description":"Shop | Repentance - The Process of Human Demise | 2023 | Noble Demon | CD (Digipak), LP (Grey Marbled Vinyl), LP (Red Marbled Vinyl)","twitter_image":"https:\/\/ucm.one\/wp-content\/uploads\/2023\/05\/C-Repentance-The-Process-Of-Human-Demise.jpg","twitter_misc":{"Gesch\u00e4tzte Lesezeit":"1\u00a0Minute"},"schema":{"@context":"https:\/\/schema.org","@graph":[{"@type":"WebPage","@id":"https:\/\/ucm.one\/de\/produkt\/repentance-the-process-of-human-demise\/","url":"https:\/\/ucm.one\/de\/produkt\/repentance-the-process-of-human-demise\/","name":"Repentance - The Process of Human Demise","isPartOf":{"@id":"https:\/\/ucm.one\/de\/#website"},"primaryImageOfPage":{"@id":"https:\/\/ucm.one\/de\/produkt\/repentance-the-process-of-human-demise\/#primaryimage"},"image":{"@id":"https:\/\/ucm.one\/de\/produkt\/repentance-the-process-of-human-demise\/#primaryimage"},"thumbnailUrl":"https:\/\/ucm.one\/wp-content\/uploads\/2023\/05\/C-Repentance-The-Process-Of-Human-Demise.jpg","datePublished":"2023-07-28T11:15:28+00:00","dateModified":"2023-09-03T12:23:54+00:00","description":"Shop | Repentance - The Process of Human Demise | 2023 | Noble Demon | CD (Digipak), LP (Grey Marbled Vinyl), LP (Red Marbled Vinyl)","breadcrumb":{"@id":"https:\/\/ucm.one\/de\/produkt\/repentance-the-process-of-human-demise\/#breadcrumb"},"inLanguage":"de","potentialAction":[{"@type":"ReadAction","target":["https:\/\/ucm.one\/de\/produkt\/repentance-the-process-of-human-demise\/"]}]},{"@type":"ImageObject","inLanguage":"de","@id":"https:\/\/ucm.one\/de\/produkt\/repentance-the-process-of-human-demise\/#primaryimage","url":"https:\/\/ucm.one\/wp-content\/uploads\/2023\/05\/C-Repentance-The-Process-Of-Human-Demise.jpg","contentUrl":"https:\/\/ucm.one\/wp-content\/uploads\/2023\/05\/C-Repentance-The-Process-Of-Human-Demise.jpg","width":1000,"height":1000},{"@type":"BreadcrumbList","@id":"https:\/\/ucm.one\/de\/produkt\/repentance-the-process-of-human-demise\/#breadcrumb","itemListElement":[{"@type":"ListItem","position":1,"name":"Home","item":"https:\/\/ucm.one\/de\/"},{"@type":"ListItem","position":2,"name":"Shop","item":"https:\/\/ucm.one\/de\/shop\/"},{"@type":"ListItem","position":3,"name":"Repentance &#8211; The Process of Human Demise"}]},{"@type":"WebSite","@id":"https:\/\/ucm.one\/de\/#website","url":"https:\/\/ucm.one\/de\/","name":"UCM.ONE","description":"","publisher":{"@id":"https:\/\/ucm.one\/de\/#organization"},"potentialAction":[{"@type":"SearchAction","target":{"@type":"EntryPoint","urlTemplate":"https:\/\/ucm.one\/de\/?s={search_term_string}"},"query-input":{"@type":"PropertyValueSpecification","valueRequired":true,"valueName":"search_term_string"}}],"inLanguage":"de"},{"@type":"Organization","@id":"https:\/\/ucm.one\/de\/#organization","name":"UCM.ONE","url":"https:\/\/ucm.one\/de\/","logo":{"@type":"ImageObject","inLanguage":"de","@id":"https:\/\/ucm.one\/de\/#\/schema\/logo\/image\/","url":"https:\/\/ucm.one\/wp-content\/uploads\/2019\/10\/UCM.ONE-Logo-RGB.svg","contentUrl":"https:\/\/ucm.one\/wp-content\/uploads\/2019\/10\/UCM.ONE-Logo-RGB.svg","width":1,"height":1,"caption":"UCM.ONE"},"image":{"@id":"https:\/\/ucm.one\/de\/#\/schema\/logo\/image\/"}}]}},"_links":{"self":[{"href":"https:\/\/ucm.one\/de\/wp-json\/wp\/v2\/product\/94940","targetHints":{"allow":["GET"]}}],"collection":[{"href":"https:\/\/ucm.one\/de\/wp-json\/wp\/v2\/product"}],"about":[{"href":"https:\/\/ucm.one\/de\/wp-json\/wp\/v2\/types\/product"}],"replies":[{"embeddable":true,"href":"https:\/\/ucm.one\/de\/wp-json\/wp\/v2\/comments?post=94940"}],"wp:featuredmedia":[{"embeddable":true,"href":"https:\/\/ucm.one\/de\/wp-json\/wp\/v2\/media\/94263"}],"wp:attachment":[{"href":"https:\/\/ucm.one\/de\/wp-json\/wp\/v2\/media?parent=94940"}],"wp:term":[{"taxonomy":"product_brand","embeddable":true,"href":"https:\/\/ucm.one\/de\/wp-json\/wp\/v2\/product_brand?post=94940"},{"taxonomy":"product_cat","embeddable":true,"href":"https:\/\/ucm.one\/de\/wp-json\/wp\/v2\/product_cat?post=94940"},{"taxonomy":"product_tag","embeddable":true,"href":"https:\/\/ucm.one\/de\/wp-json\/wp\/v2\/product_tag?post=94940"}],"curies":[{"name":"wp","href":"https:\/\/api.w.org\/{rel}","templated":true}]}}