{"id":94928,"date":"2023-06-15T22:00:47","date_gmt":"2023-06-15T22:00:47","guid":{"rendered":"https:\/\/ucm.one\/?post_type=product&#038;p=94928"},"modified":"2024-03-08T15:17:24","modified_gmt":"2024-03-08T15:17:24","slug":"boris-brejcha-classics-2-6","status":"publish","type":"product","link":"https:\/\/ucm.one\/de\/produkt\/boris-brejcha-classics-2-6\/","title":{"rendered":"Boris Brejcha &#8211; Classics 2.6"},"content":{"rendered":"<div class=\"\">\n<div class=\"\">\n<div class=\"\">\n<div class=\"\">\n<p>Die <strong>Boris Brejcha &#8211; Classic Collection<\/strong> ist ein absolutes Muss f\u00fcr Fans des legend\u00e4ren Musikers und Produzenten. Diese exklusive Sammlung besteht aus 18 streng limitierten, farbigen Vinyls und enth\u00e4lt insgesamt 45 Tracks, die erstmals auf Platte erh\u00e4ltlich sind. <strong>Boris Brejcha &#8211; Classics 2.5<\/strong> ist die f\u00fcnfte Ver\u00f6ffentlichung des zweiten Teils der Serie und umfasst die Tracks &#8222;<strong>Mr. Eric<\/strong>&#8222;, &#8222;<strong>Road Runner<\/strong>&#8220; und &#8222;<strong>Silversurfer<\/strong>&#8222;.<\/p>\n<p>Mit dieser einzigartigen Sammlung pr\u00e4sentiert <strong>Boris Brejcha<\/strong> seine besten Werke erstmals auf Vinyl und erm\u00f6glicht Fans eine unvergleichliche Erfahrung, seine Musik in einer neuen Dimension zu erleben. Wenn man auf der Suche nach einer hochwertigen und einzigartigen Ver\u00f6ffentlichung des Lieblingsk\u00fcnstlers ist, sollte man sich die <strong>Boris Brejcha &#8211; Classic Collection<\/strong> auf keinen Fall entgehen lassen! Jetzt zugreifen und in die faszinierende Welt von <strong>Boris Brejcha<\/strong> eintauchen.<\/p>\n<\/div>\n<\/div>\n<\/div>\n<div><\/div>\n<\/div>\n<div><div class=\"gap\" style=\"line-height: 20px; height: 20px;\"><\/div><\/div>\n<h5>Weitere Informationen<\/h5>\n<table style=\"height: 45px; width: 100%; border-collapse: collapse; border-color: #ffffff; background-color: #ffffff; border-style: hidden;\">\n<tbody>\n<tr style=\"height: 23px; border-style: hidden; border-color: #ffffff; background-color: #ffffff;\">\n<td style=\"width: 5.669291338582677%; height: 23px; border-style: hidden; border-color: #ffffff; background-color: #ffffff;\">K\u00fcnstler:<\/td>\n<td style=\"width: 94.33070866141732%; height: 23px;\"><a title=\"Boris Brejcha\" href=\"https:\/\/ucm.one\/de\/?s=boris+brejcha&amp;lang=de\">Boris Brejcha<\/a><\/td>\n<\/tr>\n<tr style=\"height: 23px;\">\n<td style=\"width: 5.669291338582677%; height: 22px;\">Label:<\/td>\n<td style=\"width: 94.33070866141732%; height: 22px;\"><a title=\"Harthouse\" href=\"https:\/\/ucm.one\/de\/musik-labels\/harthouse\/\">Harthouse<\/a><\/td>\n<\/tr>\n<\/tbody>\n<\/table>\n<div><\/div>\n<div><div class=\"gap\" style=\"line-height: 10px; height: 10px;\"><\/div><\/div>\n<div>\u2117 &amp; \u00a9 2023 <strong>Harthouse<\/strong> \/ <span style=\"font-family: 'arial black', sans-serif;\"><strong>UCM.ONE<\/strong><\/span><\/div>\n<div><div class=\"gap\" style=\"line-height: 20px; height: 20px;\"><\/div><\/div>\n<div>\n<div><\/div>\n<div><div class=\"gap\" style=\"line-height: 10px; height: 10px;\"><\/div><\/div>\n<div><span style=\"color: #003a80;\"><strong>\u27a0 <a style=\"color: #003a80;\" title=\"\" href=\"https:\/\/ucm.one\/de\/produkt-kategorie\/art-de\/musik-de\/\">zum Shop<\/a><\/strong><\/span><\/div>\n<div><div class=\"gap\" style=\"line-height: 20px; height: 20px;\"><\/div><\/div>\n<\/div>\n","protected":false},"excerpt":{"rendered":"<p>Artist:\u00a0<strong><a title=\"\" href=\"https:\/\/ucm.one\/de\/?s=Boris+Brejcha&amp;post_type=product\">Boris Brejcha<\/a><\/strong><\/p>\n<p>Label:\u00a0<a href=\"https:\/\/ucm.one\/de\/produkt-kategorie\/label-musik-de\/harthouse-de\"><b>Harthouse<\/b><\/a><\/p>\n<p>Art:\u00a0<strong><a href=\"https:\/\/ucm.one\/de\/produkt-kategorie\/art-de\/musik-de\/\">Musik<\/a>\u00a0(Single)<\/strong><\/p>\n<p>Genres: <b><a href=\"https:\/\/ucm.one\/de\/produkt-kategorie\/genre-musik-de\/dance-de\/techno-de\/\">Techno<\/a>, <a title=\"Minimal\" href=\"https:\/\/ucm.one\/de\/produkt-kategorie\/genre-musik-de\/dance-de\/minimal-de\/\">Minimal<\/a><\/b><br \/>\n<b><\/b><\/p>\n<p>Jahr: <strong>2023<\/strong><\/p>\n<p>Format: <strong>Vinyl (12&#8243;)<\/strong><\/p>\n","protected":false},"featured_media":94929,"comment_status":"open","ping_status":"closed","template":"","meta":{"_acf_changed":false},"product_brand":[],"product_cat":[9857,10320,9713,9714,9796,9797],"product_tag":[9805,16179,9806,12300,16176,9798,16177,9799,16178],"class_list":{"0":"post-94928","1":"product","2":"type-product","3":"status-publish","4":"has-post-thumbnail","6":"product_cat-dance-de","7":"product_cat-minimal-de","8":"product_cat-musik-de","9":"product_cat-vinyl-de","10":"product_cat-harthouse-de","11":"product_cat-techno-de","12":"product_tag-techno","13":"product_tag-magenta","14":"product_tag-vinyl","15":"product_tag-minimal","16":"product_tag-mr-eric","17":"product_tag-boris-brejcha","18":"product_tag-road-runner","19":"product_tag-harthouse","20":"product_tag-silversurfer","21":"product_shipping_class-vinyl-2","22":"pa_format-12-transparent-magenta-vinyl-de","23":"description-off","25":"first","26":"instock","27":"taxable","28":"shipping-taxable","29":"purchasable","30":"product-type-variable"},"acf":[],"yoast_head":"<!-- This site is optimized with the Yoast SEO plugin v27.2 - https:\/\/yoast.com\/product\/yoast-seo-wordpress\/ -->\n<title>Boris Brejcha - Classics 2.6<\/title>\n<meta name=\"description\" content=\"Shop | Boris Brejcha - Classics 2.6 | 2023 | Harthouse | 12&quot; (Transparent Magenta Vinyl)\" \/>\n<meta name=\"robots\" content=\"index, follow, max-snippet:-1, max-image-preview:large, max-video-preview:-1\" \/>\n<link rel=\"canonical\" href=\"https:\/\/ucm.one\/de\/produkt\/boris-brejcha-classics-2-6\/\" \/>\n<meta property=\"og:locale\" content=\"de_DE\" \/>\n<meta property=\"og:type\" content=\"article\" \/>\n<meta property=\"og:title\" content=\"Boris Brejcha - Classics 2.6\" \/>\n<meta property=\"og:description\" content=\"Shop | Boris Brejcha - Classics 2.6 | 2023 | Harthouse | 12&quot; (Transparent Magenta Vinyl)\" \/>\n<meta property=\"og:url\" content=\"https:\/\/ucm.one\/de\/produkt\/boris-brejcha-classics-2-6\/\" \/>\n<meta property=\"og:site_name\" content=\"UCM.ONE\" \/>\n<meta property=\"article:modified_time\" content=\"2024-03-08T15:17:24+00:00\" \/>\n<meta property=\"og:image\" content=\"https:\/\/ucm.one\/wp-content\/uploads\/2023\/06\/Boris-Brejcha-Classics-2.6.jpg\" \/>\n<meta name=\"twitter:card\" content=\"summary_large_image\" \/>\n<meta name=\"twitter:title\" content=\"Boris Brejcha - Classics 2.6\" \/>\n<meta name=\"twitter:description\" content=\"Shop | Boris Brejcha - Classics 2.6 | 2023 | Harthouse | 12&quot; (Transparent Magenta Vinyl)\" \/>\n<meta name=\"twitter:image\" content=\"https:\/\/ucm.one\/wp-content\/uploads\/2023\/06\/Boris-Brejcha-Classics-2.6.jpg\" \/>\n<meta name=\"twitter:label1\" content=\"Gesch\u00e4tzte Lesezeit\" \/>\n\t<meta name=\"twitter:data1\" content=\"1\u00a0Minute\" \/>\n<!-- \/ Yoast SEO plugin. -->","yoast_head_json":{"title":"Boris Brejcha - Classics 2.6","description":"Shop | Boris Brejcha - Classics 2.6 | 2023 | Harthouse | 12\" (Transparent Magenta Vinyl)","robots":{"index":"index","follow":"follow","max-snippet":"max-snippet:-1","max-image-preview":"max-image-preview:large","max-video-preview":"max-video-preview:-1"},"canonical":"https:\/\/ucm.one\/de\/produkt\/boris-brejcha-classics-2-6\/","og_locale":"de_DE","og_type":"article","og_title":"Boris Brejcha - Classics 2.6","og_description":"Shop | Boris Brejcha - Classics 2.6 | 2023 | Harthouse | 12\" (Transparent Magenta Vinyl)","og_url":"https:\/\/ucm.one\/de\/produkt\/boris-brejcha-classics-2-6\/","og_site_name":"UCM.ONE","article_modified_time":"2024-03-08T15:17:24+00:00","og_image":[{"url":"https:\/\/ucm.one\/wp-content\/uploads\/2023\/06\/Boris-Brejcha-Classics-2.6.jpg","type":"","width":"","height":""}],"twitter_card":"summary_large_image","twitter_title":"Boris Brejcha - Classics 2.6","twitter_description":"Shop | Boris Brejcha - Classics 2.6 | 2023 | Harthouse | 12\" (Transparent Magenta Vinyl)","twitter_image":"https:\/\/ucm.one\/wp-content\/uploads\/2023\/06\/Boris-Brejcha-Classics-2.6.jpg","twitter_misc":{"Gesch\u00e4tzte Lesezeit":"1\u00a0Minute"},"schema":{"@context":"https:\/\/schema.org","@graph":[{"@type":"WebPage","@id":"https:\/\/ucm.one\/de\/produkt\/boris-brejcha-classics-2-6\/","url":"https:\/\/ucm.one\/de\/produkt\/boris-brejcha-classics-2-6\/","name":"Boris Brejcha - Classics 2.6","isPartOf":{"@id":"https:\/\/ucm.one\/de\/#website"},"primaryImageOfPage":{"@id":"https:\/\/ucm.one\/de\/produkt\/boris-brejcha-classics-2-6\/#primaryimage"},"image":{"@id":"https:\/\/ucm.one\/de\/produkt\/boris-brejcha-classics-2-6\/#primaryimage"},"thumbnailUrl":"https:\/\/ucm.one\/wp-content\/uploads\/2023\/06\/C-Boris-Brejcha-Classics-2.6.jpg","datePublished":"2023-06-15T22:00:47+00:00","dateModified":"2024-03-08T15:17:24+00:00","description":"Shop | Boris Brejcha - Classics 2.6 | 2023 | Harthouse | 12\" (Transparent Magenta Vinyl)","breadcrumb":{"@id":"https:\/\/ucm.one\/de\/produkt\/boris-brejcha-classics-2-6\/#breadcrumb"},"inLanguage":"de","potentialAction":[{"@type":"ReadAction","target":["https:\/\/ucm.one\/de\/produkt\/boris-brejcha-classics-2-6\/"]}]},{"@type":"ImageObject","inLanguage":"de","@id":"https:\/\/ucm.one\/de\/produkt\/boris-brejcha-classics-2-6\/#primaryimage","url":"https:\/\/ucm.one\/wp-content\/uploads\/2023\/06\/C-Boris-Brejcha-Classics-2.6.jpg","contentUrl":"https:\/\/ucm.one\/wp-content\/uploads\/2023\/06\/C-Boris-Brejcha-Classics-2.6.jpg","width":1000,"height":1000},{"@type":"BreadcrumbList","@id":"https:\/\/ucm.one\/de\/produkt\/boris-brejcha-classics-2-6\/#breadcrumb","itemListElement":[{"@type":"ListItem","position":1,"name":"Home","item":"https:\/\/ucm.one\/de\/"},{"@type":"ListItem","position":2,"name":"Shop","item":"https:\/\/ucm.one\/de\/shop\/"},{"@type":"ListItem","position":3,"name":"Boris Brejcha &#8211; Classics 2.6"}]},{"@type":"WebSite","@id":"https:\/\/ucm.one\/de\/#website","url":"https:\/\/ucm.one\/de\/","name":"UCM.ONE","description":"","publisher":{"@id":"https:\/\/ucm.one\/de\/#organization"},"potentialAction":[{"@type":"SearchAction","target":{"@type":"EntryPoint","urlTemplate":"https:\/\/ucm.one\/de\/?s={search_term_string}"},"query-input":{"@type":"PropertyValueSpecification","valueRequired":true,"valueName":"search_term_string"}}],"inLanguage":"de"},{"@type":"Organization","@id":"https:\/\/ucm.one\/de\/#organization","name":"UCM.ONE","url":"https:\/\/ucm.one\/de\/","logo":{"@type":"ImageObject","inLanguage":"de","@id":"https:\/\/ucm.one\/de\/#\/schema\/logo\/image\/","url":"https:\/\/ucm.one\/wp-content\/uploads\/2019\/10\/UCM.ONE-Logo-RGB.svg","contentUrl":"https:\/\/ucm.one\/wp-content\/uploads\/2019\/10\/UCM.ONE-Logo-RGB.svg","width":1,"height":1,"caption":"UCM.ONE"},"image":{"@id":"https:\/\/ucm.one\/de\/#\/schema\/logo\/image\/"}}]}},"_links":{"self":[{"href":"https:\/\/ucm.one\/de\/wp-json\/wp\/v2\/product\/94928","targetHints":{"allow":["GET"]}}],"collection":[{"href":"https:\/\/ucm.one\/de\/wp-json\/wp\/v2\/product"}],"about":[{"href":"https:\/\/ucm.one\/de\/wp-json\/wp\/v2\/types\/product"}],"replies":[{"embeddable":true,"href":"https:\/\/ucm.one\/de\/wp-json\/wp\/v2\/comments?post=94928"}],"wp:featuredmedia":[{"embeddable":true,"href":"https:\/\/ucm.one\/de\/wp-json\/wp\/v2\/media\/94929"}],"wp:attachment":[{"href":"https:\/\/ucm.one\/de\/wp-json\/wp\/v2\/media?parent=94928"}],"wp:term":[{"taxonomy":"product_brand","embeddable":true,"href":"https:\/\/ucm.one\/de\/wp-json\/wp\/v2\/product_brand?post=94928"},{"taxonomy":"product_cat","embeddable":true,"href":"https:\/\/ucm.one\/de\/wp-json\/wp\/v2\/product_cat?post=94928"},{"taxonomy":"product_tag","embeddable":true,"href":"https:\/\/ucm.one\/de\/wp-json\/wp\/v2\/product_tag?post=94928"}],"curies":[{"name":"wp","href":"https:\/\/api.w.org\/{rel}","templated":true}]}}