{"id":94823,"date":"2023-06-09T22:46:22","date_gmt":"2023-06-09T22:46:22","guid":{"rendered":"https:\/\/ucm.one\/?post_type=product&#038;p=94823"},"modified":"2023-10-23T11:28:31","modified_gmt":"2023-10-23T11:28:31","slug":"anuschka","status":"publish","type":"product","link":"https:\/\/ucm.one\/de\/produkt\/anuschka\/","title":{"rendered":"Anuschka"},"content":{"rendered":"<div class=\"wpb_text_column wpb_content_element \">\n<div class=\"wpb_wrapper\">\n<div class=\"\">\n<div class=\"wpb_text_column wpb_content_element \">\n<div class=\"wpb_wrapper\">\n<p>Helmut K\u00e4utners f\u00fcnfte Regiearbeit basiert auf einem von ihm bearbeiteten Drehbuch seines Ko-Autoren Axel Eggebrecht. &#8222;Anuschka&#8220; spielt um die vorletzte Jahrhundertwende in der Slowakei. Die junge Bauerstochter Anuschka steht nach dem Tod ihres Vaters mit dessen Schulden alleine da. Um der Schuldnerin, einer reichen B\u00e4uerin, mit deren Sohn Jaro Anuschka verlobt ist, zu entkommen, reist sie nach Wien zu Prof. Hartberg, einem Freund ihres Vaters. Bei diesem findet sie eine Anstellung als Dienstm\u00e4dchen, wird aber schon bald aufgrund einer ung\u00fcnstigen Verkettung von Umst\u00e4nden und Fehlanschuldigungen unrechtm\u00e4\u00dfig entlassen. Der Film beginnt tragisch, entwickelt sich aber im Verlauf immer mehr zu einer Verwechslungskom\u00f6die.<\/p>\n<\/div>\n<\/div>\n<\/div>\n<\/div>\n<\/div>\n<div><div class=\"gap\" style=\"line-height: 20px; height: 20px;\"><\/div><\/div>\n<h5>Weitere Informationen<\/h5>\n<div>\n<div>\n<table style=\"height: 47px; width: 100%; border-collapse: collapse; border-color: #ffffff; background-color: #ffffff; border-style: hidden;\">\n<tbody>\n<tr style=\"height: 23px;\">\n<td style=\"width: 4.701195219123506%; height: 23px; border-style: hidden;\">Label:<\/td>\n<td style=\"width: 95.29880478087651%; height: 23px; border-style: hidden;\"><a title=\"B-Spree Classics\" href=\"https:\/\/ucm.one\/de\/film-labels\/b-spree-pictures\/#b-spree-classics\">B-Spree Classics<\/a><\/td>\n<\/tr>\n<\/tbody>\n<\/table>\n<\/div>\n<div><\/div>\n<\/div>\n<div>\n<div><div class=\"gap\" style=\"line-height: 10px; height: 10px;\"><\/div><\/div>\n<div>\n<p>\u2117 1942 <strong>Bavaria Filmkunst<\/strong>, \u00a9 2023 <strong>B-Spree Classics<\/strong> \/ <strong><span style=\"font-family: arial black, sans-serif;\">UCM.ONE<\/span><\/strong>\u00a0in Kooperation mit der <strong>Friedrich-Wilhelm-Murnau-Stiftung<\/strong><\/p>\n<div><\/div>\n<\/div>\n<div><div class=\"gap\" style=\"line-height: 20px; height: 20px;\"><\/div><\/div>\n<div>\n<div><\/div>\n<div>\n<div><div class=\"gap\" style=\"line-height: 10px; height: 10px;\"><\/div><\/div>\n<div><span style=\"color: #003a80;\"><strong>\u27a0 <a style=\"color: #003a80;\" href=\"https:\/\/ucm.one\/de\/produkt-kategorie\/art-de\/filme-de\/\">zum Shop<\/a><\/strong><\/span><\/div>\n<div><div class=\"gap\" style=\"line-height: 20px; height: 20px;\"><\/div><\/div>\n<\/div>\n<\/div>\n<\/div>\n","protected":false},"excerpt":{"rendered":"<p>Regie: <a title=\"\" href=\"https:\/\/ucm.one\/de\/?s=%22Helmut+K\u00e4utner%22&amp;post_type=product\"><strong>Helmut K\u00e4utner<\/strong><\/a><\/p>\n<p>Label: <a href=\"https:\/\/ucm.one\/de\/produkt-kategorie\/label-film-de\/b-spree-pictures-de\/b-spree-classics-de\/\"><strong>B-Spree Classics<\/strong><\/a><\/p>\n<p>Art:\u00a0<strong><a href=\"https:\/\/ucm.one\/de\/produkt-kategorie\/art-de\/filme-de\/\">Film<\/a> (<a title=\"\" href=\"https:\/\/ucm.one\/de\/produkt-kategorie\/genre-film-de\/klassiker-de\/\">Klassiker<\/a>)<\/strong><\/p>\n<p>Genres:\u00a0<b><a title=\"\" href=\"https:\/\/ucm.one\/de\/produkt-kategorie\/genre-film-de\/drama-de\/\">Drama<\/a>, <a href=\"https:\/\/ucm.one\/de\/produkt-kategorie\/genre-film-de\/krimi-de\/\">Krimi<\/a><\/b><\/p>\n<p>Jahre: <strong>2023<\/strong><\/p>\n<p>FSK: <strong>16<\/strong><\/p>\n<p>Formate: <strong>Diverse<\/strong><\/p>\n","protected":false},"featured_media":94828,"comment_status":"open","ping_status":"closed","template":"","meta":{"_acf_changed":false},"product_brand":[],"product_cat":[10342,11808,9708,12093,10331,10332,10333,10334,10335],"product_tag":[16159,16160,16161,16162,12135,16163,16207,16154,16155,16156,16157,16158],"class_list":{"0":"post-94823","1":"product","2":"type-product","3":"status-publish","4":"has-post-thumbnail","6":"product_cat-b-spree-classics-de","7":"product_cat-heimatfilm","8":"product_cat-filme-de","9":"product_cat-klassiker-de","10":"product_cat-dvd-de","11":"product_cat-blu-ray-de","12":"product_cat-mediabooks-de","13":"product_cat-drama-de","14":"product_cat-krimi-de","15":"product_tag-friedl-czepa","16":"product_tag-rolf-wanka","17":"product_tag-fritz-odemar","18":"product_tag-axel-eggebrecht","19":"product_tag-b-spree-classics","20":"product_tag-georg-fraser","21":"product_tag-anuschka","22":"product_tag-helmut-kaeutner","23":"product_tag-gerhard-staab","24":"product_tag-bavaria-filmkunst","25":"product_tag-hilde-krahl","26":"product_tag-siegfried-breuer","27":"product_shipping_class-mediabook-2","28":"pa_format-dvd","29":"pa_format-mediabook-blu-ray-dvd","30":"pa_format-blu-ray-de","31":"description-off","33":"first","34":"instock","35":"taxable","36":"shipping-taxable","37":"purchasable","38":"product-type-variable"},"acf":[],"yoast_head":"<!-- This site is optimized with the Yoast SEO plugin v27.2 - https:\/\/yoast.com\/product\/yoast-seo-wordpress\/ -->\n<title>Anuschka<\/title>\n<meta name=\"description\" content=\"Shop | Anuschka | 2023 | B-Spree Classics | Mediabook (Blu-Ray + DVD), Blu-Ray, DVD | FSK 16\" \/>\n<meta name=\"robots\" content=\"index, follow, max-snippet:-1, max-image-preview:large, max-video-preview:-1\" \/>\n<link rel=\"canonical\" href=\"https:\/\/ucm.one\/de\/produkt\/anuschka\/\" \/>\n<meta property=\"og:locale\" content=\"de_DE\" \/>\n<meta property=\"og:type\" content=\"article\" \/>\n<meta property=\"og:title\" content=\"Anuschka\" \/>\n<meta property=\"og:description\" content=\"Shop | Anuschka | 2023 | B-Spree Classics | Mediabook (Blu-Ray + DVD), Blu-Ray, DVD | FSK 16\" \/>\n<meta property=\"og:url\" content=\"https:\/\/ucm.one\/de\/produkt\/anuschka\/\" \/>\n<meta property=\"og:site_name\" content=\"UCM.ONE\" \/>\n<meta property=\"article:modified_time\" content=\"2023-10-23T11:28:31+00:00\" \/>\n<meta property=\"og:image\" content=\"https:\/\/ucm.one\/wp-content\/uploads\/2023\/06\/C-Anuschka-MB-2D-FSK-16.jpg\" \/>\n<meta name=\"twitter:card\" content=\"summary_large_image\" \/>\n<meta name=\"twitter:title\" content=\"Anuschka\" \/>\n<meta name=\"twitter:description\" content=\"Shop | Anuschka | 2023 | B-Spree Classics | Mediabook (Blu-Ray + DVD), Blu-Ray, DVD | FSK 16\" \/>\n<meta name=\"twitter:image\" content=\"https:\/\/ucm.one\/wp-content\/uploads\/2023\/06\/C-Anuschka-MB-2D-FSK-16.jpg\" \/>\n<meta name=\"twitter:label1\" content=\"Gesch\u00e4tzte Lesezeit\" \/>\n\t<meta name=\"twitter:data1\" content=\"1\u00a0Minute\" \/>\n<!-- \/ Yoast SEO plugin. -->","yoast_head_json":{"title":"Anuschka","description":"Shop | Anuschka | 2023 | B-Spree Classics | Mediabook (Blu-Ray + DVD), Blu-Ray, DVD | FSK 16","robots":{"index":"index","follow":"follow","max-snippet":"max-snippet:-1","max-image-preview":"max-image-preview:large","max-video-preview":"max-video-preview:-1"},"canonical":"https:\/\/ucm.one\/de\/produkt\/anuschka\/","og_locale":"de_DE","og_type":"article","og_title":"Anuschka","og_description":"Shop | Anuschka | 2023 | B-Spree Classics | Mediabook (Blu-Ray + DVD), Blu-Ray, DVD | FSK 16","og_url":"https:\/\/ucm.one\/de\/produkt\/anuschka\/","og_site_name":"UCM.ONE","article_modified_time":"2023-10-23T11:28:31+00:00","og_image":[{"url":"https:\/\/ucm.one\/wp-content\/uploads\/2023\/06\/C-Anuschka-MB-2D-FSK-16.jpg","type":"","width":"","height":""}],"twitter_card":"summary_large_image","twitter_title":"Anuschka","twitter_description":"Shop | Anuschka | 2023 | B-Spree Classics | Mediabook (Blu-Ray + DVD), Blu-Ray, DVD | FSK 16","twitter_image":"https:\/\/ucm.one\/wp-content\/uploads\/2023\/06\/C-Anuschka-MB-2D-FSK-16.jpg","twitter_misc":{"Gesch\u00e4tzte Lesezeit":"1\u00a0Minute"},"schema":{"@context":"https:\/\/schema.org","@graph":[{"@type":"WebPage","@id":"https:\/\/ucm.one\/de\/produkt\/anuschka\/","url":"https:\/\/ucm.one\/de\/produkt\/anuschka\/","name":"Anuschka","isPartOf":{"@id":"https:\/\/ucm.one\/de\/#website"},"primaryImageOfPage":{"@id":"https:\/\/ucm.one\/de\/produkt\/anuschka\/#primaryimage"},"image":{"@id":"https:\/\/ucm.one\/de\/produkt\/anuschka\/#primaryimage"},"thumbnailUrl":"https:\/\/ucm.one\/wp-content\/uploads\/2023\/06\/C-Anuschka-MB-2D-FSK-16.jpg","datePublished":"2023-06-09T22:46:22+00:00","dateModified":"2023-10-23T11:28:31+00:00","description":"Shop | Anuschka | 2023 | B-Spree Classics | Mediabook (Blu-Ray + DVD), Blu-Ray, DVD | FSK 16","breadcrumb":{"@id":"https:\/\/ucm.one\/de\/produkt\/anuschka\/#breadcrumb"},"inLanguage":"de","potentialAction":[{"@type":"ReadAction","target":["https:\/\/ucm.one\/de\/produkt\/anuschka\/"]}]},{"@type":"ImageObject","inLanguage":"de","@id":"https:\/\/ucm.one\/de\/produkt\/anuschka\/#primaryimage","url":"https:\/\/ucm.one\/wp-content\/uploads\/2023\/06\/C-Anuschka-MB-2D-FSK-16.jpg","contentUrl":"https:\/\/ucm.one\/wp-content\/uploads\/2023\/06\/C-Anuschka-MB-2D-FSK-16.jpg","width":699,"height":1000},{"@type":"BreadcrumbList","@id":"https:\/\/ucm.one\/de\/produkt\/anuschka\/#breadcrumb","itemListElement":[{"@type":"ListItem","position":1,"name":"Home","item":"https:\/\/ucm.one\/de\/"},{"@type":"ListItem","position":2,"name":"Shop","item":"https:\/\/ucm.one\/de\/shop\/"},{"@type":"ListItem","position":3,"name":"Anuschka"}]},{"@type":"WebSite","@id":"https:\/\/ucm.one\/de\/#website","url":"https:\/\/ucm.one\/de\/","name":"UCM.ONE","description":"","publisher":{"@id":"https:\/\/ucm.one\/de\/#organization"},"potentialAction":[{"@type":"SearchAction","target":{"@type":"EntryPoint","urlTemplate":"https:\/\/ucm.one\/de\/?s={search_term_string}"},"query-input":{"@type":"PropertyValueSpecification","valueRequired":true,"valueName":"search_term_string"}}],"inLanguage":"de"},{"@type":"Organization","@id":"https:\/\/ucm.one\/de\/#organization","name":"UCM.ONE","url":"https:\/\/ucm.one\/de\/","logo":{"@type":"ImageObject","inLanguage":"de","@id":"https:\/\/ucm.one\/de\/#\/schema\/logo\/image\/","url":"https:\/\/ucm.one\/wp-content\/uploads\/2019\/10\/UCM.ONE-Logo-RGB.svg","contentUrl":"https:\/\/ucm.one\/wp-content\/uploads\/2019\/10\/UCM.ONE-Logo-RGB.svg","width":1,"height":1,"caption":"UCM.ONE"},"image":{"@id":"https:\/\/ucm.one\/de\/#\/schema\/logo\/image\/"}}]}},"_links":{"self":[{"href":"https:\/\/ucm.one\/de\/wp-json\/wp\/v2\/product\/94823","targetHints":{"allow":["GET"]}}],"collection":[{"href":"https:\/\/ucm.one\/de\/wp-json\/wp\/v2\/product"}],"about":[{"href":"https:\/\/ucm.one\/de\/wp-json\/wp\/v2\/types\/product"}],"replies":[{"embeddable":true,"href":"https:\/\/ucm.one\/de\/wp-json\/wp\/v2\/comments?post=94823"}],"wp:featuredmedia":[{"embeddable":true,"href":"https:\/\/ucm.one\/de\/wp-json\/wp\/v2\/media\/94828"}],"wp:attachment":[{"href":"https:\/\/ucm.one\/de\/wp-json\/wp\/v2\/media?parent=94823"}],"wp:term":[{"taxonomy":"product_brand","embeddable":true,"href":"https:\/\/ucm.one\/de\/wp-json\/wp\/v2\/product_brand?post=94823"},{"taxonomy":"product_cat","embeddable":true,"href":"https:\/\/ucm.one\/de\/wp-json\/wp\/v2\/product_cat?post=94823"},{"taxonomy":"product_tag","embeddable":true,"href":"https:\/\/ucm.one\/de\/wp-json\/wp\/v2\/product_tag?post=94823"}],"curies":[{"name":"wp","href":"https:\/\/api.w.org\/{rel}","templated":true}]}}