{"id":94360,"date":"2023-04-27T00:03:18","date_gmt":"2023-04-27T00:03:18","guid":{"rendered":"https:\/\/ucm.one\/?post_type=product&#038;p=94360"},"modified":"2024-10-10T11:18:37","modified_gmt":"2024-10-10T11:18:37","slug":"abschied","status":"publish","type":"product","link":"https:\/\/ucm.one\/de\/produkt\/abschied\/","title":{"rendered":"Abschied"},"content":{"rendered":"<div class=\"wpb_text_column wpb_content_element \">\n<div class=\"wpb_wrapper\">\n<div class=\"\">\n<div class=\"wpb_text_column wpb_content_element \">\n<div class=\"wpb_wrapper\">\n<p style=\"font-weight: 400;\">Der Klassiker des fr\u00fchen Tonfilms aus dem Berliner Milieu der Weimarer Republik. Peter Winkler (<strong>Aribert Mog<\/strong>) lebt mit seiner Verlobten Hella (<strong>Brigitte Horney<\/strong>) in einer Berliner Pension, einem \u201eTreffpunkt\u201c f\u00fcr gescheiterte Existenzen. Nur Peter und Hella f\u00fchren ein gl\u00fcckliches Leben. Doch dann kommt es durch Tratsch der anderen Bewohner zu einem Schicksals schweren Missverst\u00e4ndnis zwischen den Liebenden.<\/p>\n<p><strong>Abschied<\/strong> war der erste lange Tonfilm von Regisseur <strong>Robert Siodmak<\/strong> (&#8222;<strong>Nachts, wenn der Teufel kam<\/strong>&#8222;, &#8222;<strong>Die Wendeltreppe<\/strong>&#8222;), der mit Kameramann <strong>Eugen Sch\u00fcfftan<\/strong> (&#8222;<strong>Augen ohne Gesicht<\/strong>&#8222;, &#8222;<strong>Haie der Gro\u00dfstadt<\/strong>&#8222;) die Vision teilte, realistischere Filme mit allt\u00e4glichen Geschichten zu drehen.<\/p>\n<p style=\"font-weight: 400;\">Internationale Erstver\u00f6ffentlichung auf Blu-Ray und DVD. 1931 f\u00fcgte die Ufa \u2013 ohne Beteiligung von <strong>Robert Siodmak<\/strong> \u2013 dem Film ein Happy End hinzu, welches auf dieser internationalen Erstver\u00f6ffentlichung als Bonus zu sehen ist.<\/p>\n<div class=\"gap\" style=\"line-height: 20px; height: 20px;\"><\/div>\n<\/div>\n<\/div>\n<\/div>\n<\/div>\n<\/div>\n<h5>Weitere Informationen<\/h5>\n<div>\n<div>\n<table style=\"height: 47px; width: 100%; border-collapse: collapse; border-color: #ffffff; background-color: #ffffff; border-style: hidden;\">\n<tbody>\n<tr style=\"height: 23px;\">\n<td style=\"width: 4.701195%; height: 23px; border-style: hidden;\">Label:<\/td>\n<td style=\"width: 95.298805%; height: 23px; border-style: hidden;\"><a title=\"B-Spree Classics\" href=\"https:\/\/ucm.one\/de\/film-labels\/b-spree-pictures\/#b-spree-classics\">B-Spree Classics<\/a><\/td>\n<\/tr>\n<\/tbody>\n<\/table>\n<\/div>\n<div><\/div>\n<\/div>\n<div>\n<div><div class=\"gap\" style=\"line-height: 10px; height: 10px;\"><\/div><\/div>\n<div>\n<p>\u2117 1930 <strong>Ufa (Universum Film GmbH)<\/strong>, \u00a9 2023\u00a0<strong>B-Spree Classics<\/strong> \/ <strong><span style=\"font-family: arial black, sans-serif;\">UCM.ONE\u00a0<\/span><\/strong>in Kooperation mit der <strong>Friedrich-Wilhelm-Murnau-Stiftung <\/strong><\/p>\n<div><\/div>\n<\/div>\n<div><div class=\"gap\" style=\"line-height: 20px; height: 20px;\"><\/div><\/div>\n<div>\n<div><\/div>\n<div>\n<div><div class=\"gap\" style=\"line-height: 10px; height: 10px;\"><\/div><\/div>\n<div><span style=\"color: #003a80;\"><strong>\u27a0 <a style=\"color: #003a80;\" href=\"https:\/\/ucm.one\/de\/produkt-kategorie\/art-de\/filme-de\/\">zum Shop<\/a><\/strong><\/span><\/div>\n<div><div class=\"gap\" style=\"line-height: 20px; height: 20px;\"><\/div><\/div>\n<\/div>\n<\/div>\n<\/div>\n","protected":false},"excerpt":{"rendered":"<p>Regie: <strong><a title=\"Robert Siodmak\" href=\"https:\/\/ucm.one\/de\/?s=%22Robert+Siodmak%22&amp;post_type=product\">Robert Siodmak<\/a><\/strong><\/p>\n<p>Label: <a href=\"https:\/\/ucm.one\/de\/produkt-kategorie\/label-film-de\/b-spree-pictures-de\/b-spree-classics-de\/\"><strong>B-Spree Classics<\/strong><\/a><\/p>\n<p>Art:\u00a0<strong><a href=\"https:\/\/ucm.one\/de\/produkt-kategorie\/art-de\/filme-de\/\">Film<\/a> (<a title=\"\" href=\"https:\/\/ucm.one\/de\/produkt-kategorie\/genre-film-de\/klassiker-de\/\">Klassiker<\/a>)<\/strong><\/p>\n<p>Genre:\u00a0<b><a title=\"\" href=\"https:\/\/ucm.one\/de\/produkt-kategorie\/genre-film-de\/drama-de\/\">Drama<\/a><\/b><\/p>\n<p>Jahr: <strong>2023<\/strong><\/p>\n<p>FSK: <strong>12<\/strong><\/p>\n<p>Formate: <strong>Diverse<\/strong><\/p>\n","protected":false},"featured_media":94361,"comment_status":"open","ping_status":"closed","template":"","meta":{"_acf_changed":false},"product_brand":[],"product_cat":[10332,10333,10334,10341,10342,12093,9708,10331],"product_tag":[15998,15999,16000,16001,12135,15995,15996,15997],"class_list":{"0":"post-94360","1":"product","2":"type-product","3":"status-publish","4":"has-post-thumbnail","6":"product_cat-blu-ray-de","7":"product_cat-mediabooks-de","8":"product_cat-drama-de","9":"product_cat-b-spree-pictures-de","10":"product_cat-b-spree-classics-de","11":"product_cat-klassiker-de","12":"product_cat-filme-de","13":"product_cat-dvd-de","14":"product_tag-emilia-unda","15":"product_tag-robert-siodmak","16":"product_tag-emmerich-pressburger","17":"product_tag-irma-von-cube","18":"product_tag-b-spree-classics","19":"product_tag-abschied","20":"product_tag-brigitte-horney","21":"product_tag-aribert-mog","22":"pa_format-dvd","23":"pa_format-mediabook-blu-ray-dvd","24":"pa_format-blu-ray-de","25":"description-off","27":"first","28":"instock","29":"taxable","30":"shipping-taxable","31":"purchasable","32":"product-type-variable"},"acf":[],"yoast_head":"<!-- This site is optimized with the Yoast SEO plugin v27.2 - https:\/\/yoast.com\/product\/yoast-seo-wordpress\/ -->\n<title>Abschied<\/title>\n<meta name=\"description\" content=\"Shop | Abschied | 2023 | B-Spree Classics | Mediabook (Blu-Ray + DVD), Blu-Ray, DVD | FSK 12\" \/>\n<meta name=\"robots\" content=\"index, follow, max-snippet:-1, max-image-preview:large, max-video-preview:-1\" \/>\n<link rel=\"canonical\" href=\"https:\/\/ucm.one\/de\/produkt\/abschied\/\" \/>\n<meta property=\"og:locale\" content=\"de_DE\" \/>\n<meta property=\"og:type\" content=\"article\" \/>\n<meta property=\"og:title\" content=\"Abschied\" \/>\n<meta property=\"og:description\" content=\"Shop | Abschied | 2023 | B-Spree Classics | Mediabook (Blu-Ray + DVD), Blu-Ray, DVD | FSK 12\" \/>\n<meta property=\"og:url\" content=\"https:\/\/ucm.one\/de\/produkt\/abschied\/\" \/>\n<meta property=\"og:site_name\" content=\"UCM.ONE\" \/>\n<meta property=\"article:modified_time\" content=\"2024-10-10T11:18:37+00:00\" \/>\n<meta property=\"og:image\" content=\"https:\/\/ucm.one\/wp-content\/uploads\/2023\/05\/C-Abschied.jpg\" \/>\n<meta name=\"twitter:card\" content=\"summary_large_image\" \/>\n<meta name=\"twitter:title\" content=\"Abschied\" \/>\n<meta name=\"twitter:description\" content=\"Shop | Abschied | 2023 | B-Spree Classics | Mediabook (Blu-Ray + DVD), Blu-Ray, DVD | FSK 12\" \/>\n<meta name=\"twitter:image\" content=\"https:\/\/ucm.one\/wp-content\/uploads\/2023\/05\/C-Abschied.jpg\" \/>\n<meta name=\"twitter:label1\" content=\"Gesch\u00e4tzte Lesezeit\" \/>\n\t<meta name=\"twitter:data1\" content=\"1\u00a0Minute\" \/>\n<!-- \/ Yoast SEO plugin. -->","yoast_head_json":{"title":"Abschied","description":"Shop | Abschied | 2023 | B-Spree Classics | Mediabook (Blu-Ray + DVD), Blu-Ray, DVD | FSK 12","robots":{"index":"index","follow":"follow","max-snippet":"max-snippet:-1","max-image-preview":"max-image-preview:large","max-video-preview":"max-video-preview:-1"},"canonical":"https:\/\/ucm.one\/de\/produkt\/abschied\/","og_locale":"de_DE","og_type":"article","og_title":"Abschied","og_description":"Shop | Abschied | 2023 | B-Spree Classics | Mediabook (Blu-Ray + DVD), Blu-Ray, DVD | FSK 12","og_url":"https:\/\/ucm.one\/de\/produkt\/abschied\/","og_site_name":"UCM.ONE","article_modified_time":"2024-10-10T11:18:37+00:00","og_image":[{"url":"https:\/\/ucm.one\/wp-content\/uploads\/2023\/05\/C-Abschied.jpg","type":"","width":"","height":""}],"twitter_card":"summary_large_image","twitter_title":"Abschied","twitter_description":"Shop | Abschied | 2023 | B-Spree Classics | Mediabook (Blu-Ray + DVD), Blu-Ray, DVD | FSK 12","twitter_image":"https:\/\/ucm.one\/wp-content\/uploads\/2023\/05\/C-Abschied.jpg","twitter_misc":{"Gesch\u00e4tzte Lesezeit":"1\u00a0Minute"},"schema":{"@context":"https:\/\/schema.org","@graph":[{"@type":"WebPage","@id":"https:\/\/ucm.one\/de\/produkt\/abschied\/","url":"https:\/\/ucm.one\/de\/produkt\/abschied\/","name":"Abschied","isPartOf":{"@id":"https:\/\/ucm.one\/de\/#website"},"primaryImageOfPage":{"@id":"https:\/\/ucm.one\/de\/produkt\/abschied\/#primaryimage"},"image":{"@id":"https:\/\/ucm.one\/de\/produkt\/abschied\/#primaryimage"},"thumbnailUrl":"https:\/\/ucm.one\/wp-content\/uploads\/2023\/05\/C-Abschied.jpg","datePublished":"2023-04-27T00:03:18+00:00","dateModified":"2024-10-10T11:18:37+00:00","description":"Shop | Abschied | 2023 | B-Spree Classics | Mediabook (Blu-Ray + DVD), Blu-Ray, DVD | FSK 12","breadcrumb":{"@id":"https:\/\/ucm.one\/de\/produkt\/abschied\/#breadcrumb"},"inLanguage":"de","potentialAction":[{"@type":"ReadAction","target":["https:\/\/ucm.one\/de\/produkt\/abschied\/"]}]},{"@type":"ImageObject","inLanguage":"de","@id":"https:\/\/ucm.one\/de\/produkt\/abschied\/#primaryimage","url":"https:\/\/ucm.one\/wp-content\/uploads\/2023\/05\/C-Abschied.jpg","contentUrl":"https:\/\/ucm.one\/wp-content\/uploads\/2023\/05\/C-Abschied.jpg","width":699,"height":1000},{"@type":"BreadcrumbList","@id":"https:\/\/ucm.one\/de\/produkt\/abschied\/#breadcrumb","itemListElement":[{"@type":"ListItem","position":1,"name":"Home","item":"https:\/\/ucm.one\/de\/"},{"@type":"ListItem","position":2,"name":"Shop","item":"https:\/\/ucm.one\/de\/shop\/"},{"@type":"ListItem","position":3,"name":"Abschied"}]},{"@type":"WebSite","@id":"https:\/\/ucm.one\/de\/#website","url":"https:\/\/ucm.one\/de\/","name":"UCM.ONE","description":"","publisher":{"@id":"https:\/\/ucm.one\/de\/#organization"},"potentialAction":[{"@type":"SearchAction","target":{"@type":"EntryPoint","urlTemplate":"https:\/\/ucm.one\/de\/?s={search_term_string}"},"query-input":{"@type":"PropertyValueSpecification","valueRequired":true,"valueName":"search_term_string"}}],"inLanguage":"de"},{"@type":"Organization","@id":"https:\/\/ucm.one\/de\/#organization","name":"UCM.ONE","url":"https:\/\/ucm.one\/de\/","logo":{"@type":"ImageObject","inLanguage":"de","@id":"https:\/\/ucm.one\/de\/#\/schema\/logo\/image\/","url":"https:\/\/ucm.one\/wp-content\/uploads\/2019\/10\/UCM.ONE-Logo-RGB.svg","contentUrl":"https:\/\/ucm.one\/wp-content\/uploads\/2019\/10\/UCM.ONE-Logo-RGB.svg","width":1,"height":1,"caption":"UCM.ONE"},"image":{"@id":"https:\/\/ucm.one\/de\/#\/schema\/logo\/image\/"}}]}},"_links":{"self":[{"href":"https:\/\/ucm.one\/de\/wp-json\/wp\/v2\/product\/94360","targetHints":{"allow":["GET"]}}],"collection":[{"href":"https:\/\/ucm.one\/de\/wp-json\/wp\/v2\/product"}],"about":[{"href":"https:\/\/ucm.one\/de\/wp-json\/wp\/v2\/types\/product"}],"replies":[{"embeddable":true,"href":"https:\/\/ucm.one\/de\/wp-json\/wp\/v2\/comments?post=94360"}],"wp:featuredmedia":[{"embeddable":true,"href":"https:\/\/ucm.one\/de\/wp-json\/wp\/v2\/media\/94361"}],"wp:attachment":[{"href":"https:\/\/ucm.one\/de\/wp-json\/wp\/v2\/media?parent=94360"}],"wp:term":[{"taxonomy":"product_brand","embeddable":true,"href":"https:\/\/ucm.one\/de\/wp-json\/wp\/v2\/product_brand?post=94360"},{"taxonomy":"product_cat","embeddable":true,"href":"https:\/\/ucm.one\/de\/wp-json\/wp\/v2\/product_cat?post=94360"},{"taxonomy":"product_tag","embeddable":true,"href":"https:\/\/ucm.one\/de\/wp-json\/wp\/v2\/product_tag?post=94360"}],"curies":[{"name":"wp","href":"https:\/\/api.w.org\/{rel}","templated":true}]}}