{"id":94325,"date":"2023-05-23T23:39:55","date_gmt":"2023-05-23T23:39:55","guid":{"rendered":"https:\/\/ucm.one\/?post_type=product&#038;p=94325"},"modified":"2025-01-24T23:56:14","modified_gmt":"2025-01-24T23:56:14","slug":"das-wandernde-bild","status":"publish","type":"product","link":"https:\/\/ucm.one\/de\/produkt\/das-wandernde-bild\/","title":{"rendered":"Das wandernde Bild"},"content":{"rendered":"<div class=\"wpb_text_column wpb_content_element \">\n<div class=\"wpb_wrapper\">\n<div class=\"\">\n<div class=\"wpb_text_column wpb_content_element \">\n<div class=\"wpb_wrapper\">\n<p style=\"font-weight: 400;\">Irmgard (<strong>Mia May<\/strong>) lebt mit dem Schriftsteller Georg Vanderheit (<strong>Hans Marr<\/strong>) zusammen. Als sie ein Kind von ihm erwartet, freut sie sich auf eine Heirat. Der \u00fcberzeugte Ehegegner zeigt jedoch kein Verst\u00e4ndnis, und aus Verzweiflung heiratet sie seinen Zwillingsbruder John. Doch nun wird der andere eifers\u00fcchtig, f\u00fchlt sich betrogen und geht als Einsiedler in die Berge. Dabei schw\u00f6rt er, dass er erst dann seine Einsamkeit aufgeben wird, wenn eine Madonna talw\u00e4rts durch den Schnee wandert. Auch John f\u00fchlt sich betrogen, denn er sp\u00fcrt, dass Irmgard ihn nicht liebt. Als sie sich auf die Suche nach Georg macht, verfolgt er sie und versucht in seinem Wahn beide zu vernichten.<\/p>\n<p style=\"font-weight: 400;\">Internationale Erstver\u00f6ffentlichung auf Blu-Ray und DVD.<\/p>\n<div class=\"gap\" style=\"line-height: 20px; height: 20px;\"><\/div>\n<\/div>\n<\/div>\n<\/div>\n<\/div>\n<\/div>\n<h5>Weitere Informationen<\/h5>\n<div>\n<div>\n<table style=\"height: 47px; width: 100%; border-collapse: collapse; border-color: #ffffff; background-color: #ffffff; border-style: hidden;\">\n<tbody>\n<tr style=\"height: 23px;\">\n<td style=\"width: 4.701195%; height: 23px; border-style: hidden;\">Label:<\/td>\n<td style=\"width: 95.298805%; height: 23px; border-style: hidden;\"><a title=\"B-Spree Classics\" href=\"https:\/\/ucm.one\/de\/film-labels\/b-spree-pictures\/#b-spree-classics\">B-Spree Classics<\/a><\/td>\n<\/tr>\n<\/tbody>\n<\/table>\n<\/div>\n<div><\/div>\n<\/div>\n<div>\n<div><div class=\"gap\" style=\"line-height: 10px; height: 10px;\"><\/div><\/div>\n<div>\n<p>\u2117 1920 <strong>May-Film<\/strong>, \u00a9 2023\u00a0<strong>B-Spree Classics<\/strong> \/ <strong><span style=\"font-family: arial black, sans-serif;\">UCM.ONE\u00a0<\/span><\/strong>in Kooperation mit der <strong>Friedrich-Wilhelm-Murnau-Stiftung <\/strong><\/p>\n<div><\/div>\n<\/div>\n<div><div class=\"gap\" style=\"line-height: 20px; height: 20px;\"><\/div><\/div>\n<div>\n<div><\/div>\n<div>\n<div><div class=\"gap\" style=\"line-height: 10px; height: 10px;\"><\/div><\/div>\n<div><span style=\"color: #003a80;\"><strong>\u27a0 <a style=\"color: #003a80;\" href=\"https:\/\/ucm.one\/de\/produkt-kategorie\/art-de\/filme-de\/\">zum Shop<\/a><\/strong><\/span><\/div>\n<div><div class=\"gap\" style=\"line-height: 20px; height: 20px;\"><\/div><\/div>\n<\/div>\n<\/div>\n<\/div>\n","protected":false},"excerpt":{"rendered":"<p>Regie: <strong><a title=\"Fritz Lang\" href=\"https:\/\/ucm.one\/de\/?s=%22Fritz+Lang%22&amp;post_type=product\">Fritz Lang<\/a><\/strong><\/p>\n<p>Label: <a href=\"https:\/\/ucm.one\/de\/produkt-kategorie\/label-film-de\/b-spree-pictures-de\/b-spree-classics-de\/\"><strong>B-Spree Classics<\/strong><\/a><\/p>\n<p>Art:\u00a0<strong><a href=\"https:\/\/ucm.one\/de\/produkt-kategorie\/art-de\/filme-de\/\">Film<\/a> (<a title=\"\" href=\"https:\/\/ucm.one\/de\/produkt-kategorie\/genre-film-de\/klassiker-de\/\">Klassiker<\/a>)<\/strong><\/p>\n<p>Genre:\u00a0<b><a title=\"\" href=\"https:\/\/ucm.one\/de\/produkt-kategorie\/genre-film-de\/drama-de\/\">Drama<\/a><\/b><\/p>\n<p>Jahr: <strong>2023<\/strong><\/p>\n<p>FSK: <strong>12<\/strong><\/p>\n<p>Formate: <strong>Diverse<\/strong><\/p>\n","protected":false},"featured_media":94326,"comment_status":"open","ping_status":"closed","template":"","meta":{"_acf_changed":false},"product_brand":[],"product_cat":[10331,10332,10333,10334,10341,10342,12093,9708],"product_tag":[12135,14093,14392,15978,15988,15989,15990,15991,15992,15993,15994],"class_list":{"0":"post-94325","1":"product","2":"type-product","3":"status-publish","4":"has-post-thumbnail","6":"product_cat-dvd-de","7":"product_cat-blu-ray-de","8":"product_cat-mediabooks-de","9":"product_cat-drama-de","10":"product_cat-b-spree-pictures-de","11":"product_cat-b-spree-classics-de","12":"product_cat-klassiker-de","13":"product_cat-filme-de","14":"product_tag-b-spree-classics","15":"product_tag-fritz-lang","16":"product_tag-thea-von-harbou","17":"product_tag-friedrich-wilhelm-murnau-stiftung","18":"product_tag-das-wandernde-bild","19":"product_tag-mia-may","20":"product_tag-hans-marr","21":"product_tag-rudolf-klein-rogge","22":"product_tag-robert-zion","23":"product_tag-loni-nest","24":"product_tag-harry-frank","25":"pa_format-blu-ray-de","26":"pa_format-dvd","27":"pa_format-mediabook-blu-ray-dvd","28":"description-off","30":"first","31":"instock","32":"sale","33":"taxable","34":"shipping-taxable","35":"purchasable","36":"product-type-variable"},"acf":[],"yoast_head":"<!-- This site is optimized with the Yoast SEO plugin v27.2 - https:\/\/yoast.com\/product\/yoast-seo-wordpress\/ -->\n<title>Das wandernde Bild<\/title>\n<meta name=\"description\" content=\"Shop | Das wandernde Bild | 2023 | B-Spree Classics | Mediabook (Blu-Ray + DVD), Blu-Ray, DVD | FSK 12\" \/>\n<meta name=\"robots\" content=\"index, follow, max-snippet:-1, max-image-preview:large, max-video-preview:-1\" \/>\n<link rel=\"canonical\" href=\"https:\/\/ucm.one\/de\/produkt\/das-wandernde-bild\/\" \/>\n<meta property=\"og:locale\" content=\"de_DE\" \/>\n<meta property=\"og:type\" content=\"article\" \/>\n<meta property=\"og:title\" content=\"Das wandernde Bild\" \/>\n<meta property=\"og:description\" content=\"Shop | Das wandernde Bild | 2023 | B-Spree Classics | Mediabook (Blu-Ray + DVD), Blu-Ray, DVD | FSK 12\" \/>\n<meta property=\"og:url\" content=\"https:\/\/ucm.one\/de\/produkt\/das-wandernde-bild\/\" \/>\n<meta property=\"og:site_name\" content=\"UCM.ONE\" \/>\n<meta property=\"article:modified_time\" content=\"2025-01-24T23:56:14+00:00\" \/>\n<meta property=\"og:image\" content=\"https:\/\/ucm.one\/wp-content\/uploads\/2023\/05\/C-Das-Wandernde-Bild.jpg\" \/>\n<meta name=\"twitter:card\" content=\"summary_large_image\" \/>\n<meta name=\"twitter:title\" content=\"Das wandernde Bild\" \/>\n<meta name=\"twitter:description\" content=\"Shop | Das wandernde Bild | 2023 | B-Spree Classics | Mediabook (Blu-Ray + DVD), Blu-Ray, DVD | FSK 12\" \/>\n<meta name=\"twitter:image\" content=\"https:\/\/ucm.one\/wp-content\/uploads\/2023\/05\/C-Das-Wandernde-Bild.jpg\" \/>\n<meta name=\"twitter:label1\" content=\"Gesch\u00e4tzte Lesezeit\" \/>\n\t<meta name=\"twitter:data1\" content=\"1\u00a0Minute\" \/>\n<!-- \/ Yoast SEO plugin. -->","yoast_head_json":{"title":"Das wandernde Bild","description":"Shop | Das wandernde Bild | 2023 | B-Spree Classics | Mediabook (Blu-Ray + DVD), Blu-Ray, DVD | FSK 12","robots":{"index":"index","follow":"follow","max-snippet":"max-snippet:-1","max-image-preview":"max-image-preview:large","max-video-preview":"max-video-preview:-1"},"canonical":"https:\/\/ucm.one\/de\/produkt\/das-wandernde-bild\/","og_locale":"de_DE","og_type":"article","og_title":"Das wandernde Bild","og_description":"Shop | Das wandernde Bild | 2023 | B-Spree Classics | Mediabook (Blu-Ray + DVD), Blu-Ray, DVD | FSK 12","og_url":"https:\/\/ucm.one\/de\/produkt\/das-wandernde-bild\/","og_site_name":"UCM.ONE","article_modified_time":"2025-01-24T23:56:14+00:00","og_image":[{"url":"https:\/\/ucm.one\/wp-content\/uploads\/2023\/05\/C-Das-Wandernde-Bild.jpg","type":"","width":"","height":""}],"twitter_card":"summary_large_image","twitter_title":"Das wandernde Bild","twitter_description":"Shop | Das wandernde Bild | 2023 | B-Spree Classics | Mediabook (Blu-Ray + DVD), Blu-Ray, DVD | FSK 12","twitter_image":"https:\/\/ucm.one\/wp-content\/uploads\/2023\/05\/C-Das-Wandernde-Bild.jpg","twitter_misc":{"Gesch\u00e4tzte Lesezeit":"1\u00a0Minute"},"schema":{"@context":"https:\/\/schema.org","@graph":[{"@type":"WebPage","@id":"https:\/\/ucm.one\/de\/produkt\/das-wandernde-bild\/","url":"https:\/\/ucm.one\/de\/produkt\/das-wandernde-bild\/","name":"Das wandernde Bild","isPartOf":{"@id":"https:\/\/ucm.one\/de\/#website"},"primaryImageOfPage":{"@id":"https:\/\/ucm.one\/de\/produkt\/das-wandernde-bild\/#primaryimage"},"image":{"@id":"https:\/\/ucm.one\/de\/produkt\/das-wandernde-bild\/#primaryimage"},"thumbnailUrl":"https:\/\/ucm.one\/wp-content\/uploads\/2023\/05\/C-Das-Wandernde-Bild.jpg","datePublished":"2023-05-23T23:39:55+00:00","dateModified":"2025-01-24T23:56:14+00:00","description":"Shop | Das wandernde Bild | 2023 | B-Spree Classics | Mediabook (Blu-Ray + DVD), Blu-Ray, DVD | FSK 12","breadcrumb":{"@id":"https:\/\/ucm.one\/de\/produkt\/das-wandernde-bild\/#breadcrumb"},"inLanguage":"de","potentialAction":[{"@type":"ReadAction","target":["https:\/\/ucm.one\/de\/produkt\/das-wandernde-bild\/"]}]},{"@type":"ImageObject","inLanguage":"de","@id":"https:\/\/ucm.one\/de\/produkt\/das-wandernde-bild\/#primaryimage","url":"https:\/\/ucm.one\/wp-content\/uploads\/2023\/05\/C-Das-Wandernde-Bild.jpg","contentUrl":"https:\/\/ucm.one\/wp-content\/uploads\/2023\/05\/C-Das-Wandernde-Bild.jpg","width":699,"height":1000},{"@type":"BreadcrumbList","@id":"https:\/\/ucm.one\/de\/produkt\/das-wandernde-bild\/#breadcrumb","itemListElement":[{"@type":"ListItem","position":1,"name":"Home","item":"https:\/\/ucm.one\/de\/"},{"@type":"ListItem","position":2,"name":"Shop","item":"https:\/\/ucm.one\/de\/shop\/"},{"@type":"ListItem","position":3,"name":"Das wandernde Bild"}]},{"@type":"WebSite","@id":"https:\/\/ucm.one\/de\/#website","url":"https:\/\/ucm.one\/de\/","name":"UCM.ONE","description":"","publisher":{"@id":"https:\/\/ucm.one\/de\/#organization"},"potentialAction":[{"@type":"SearchAction","target":{"@type":"EntryPoint","urlTemplate":"https:\/\/ucm.one\/de\/?s={search_term_string}"},"query-input":{"@type":"PropertyValueSpecification","valueRequired":true,"valueName":"search_term_string"}}],"inLanguage":"de"},{"@type":"Organization","@id":"https:\/\/ucm.one\/de\/#organization","name":"UCM.ONE","url":"https:\/\/ucm.one\/de\/","logo":{"@type":"ImageObject","inLanguage":"de","@id":"https:\/\/ucm.one\/de\/#\/schema\/logo\/image\/","url":"https:\/\/ucm.one\/wp-content\/uploads\/2019\/10\/UCM.ONE-Logo-RGB.svg","contentUrl":"https:\/\/ucm.one\/wp-content\/uploads\/2019\/10\/UCM.ONE-Logo-RGB.svg","width":1,"height":1,"caption":"UCM.ONE"},"image":{"@id":"https:\/\/ucm.one\/de\/#\/schema\/logo\/image\/"}}]}},"_links":{"self":[{"href":"https:\/\/ucm.one\/de\/wp-json\/wp\/v2\/product\/94325","targetHints":{"allow":["GET"]}}],"collection":[{"href":"https:\/\/ucm.one\/de\/wp-json\/wp\/v2\/product"}],"about":[{"href":"https:\/\/ucm.one\/de\/wp-json\/wp\/v2\/types\/product"}],"replies":[{"embeddable":true,"href":"https:\/\/ucm.one\/de\/wp-json\/wp\/v2\/comments?post=94325"}],"wp:featuredmedia":[{"embeddable":true,"href":"https:\/\/ucm.one\/de\/wp-json\/wp\/v2\/media\/94326"}],"wp:attachment":[{"href":"https:\/\/ucm.one\/de\/wp-json\/wp\/v2\/media?parent=94325"}],"wp:term":[{"taxonomy":"product_brand","embeddable":true,"href":"https:\/\/ucm.one\/de\/wp-json\/wp\/v2\/product_brand?post=94325"},{"taxonomy":"product_cat","embeddable":true,"href":"https:\/\/ucm.one\/de\/wp-json\/wp\/v2\/product_cat?post=94325"},{"taxonomy":"product_tag","embeddable":true,"href":"https:\/\/ucm.one\/de\/wp-json\/wp\/v2\/product_tag?post=94325"}],"curies":[{"name":"wp","href":"https:\/\/api.w.org\/{rel}","templated":true}]}}