{"id":91378,"date":"2023-05-19T10:39:36","date_gmt":"2023-05-19T10:39:36","guid":{"rendered":"https:\/\/ucm.one\/?post_type=product&#038;p=91378"},"modified":"2024-11-01T19:00:18","modified_gmt":"2024-11-01T19:00:18","slug":"the-timewriter-dear-human-being","status":"publish","type":"product","link":"https:\/\/ucm.one\/de\/produkt\/the-timewriter-dear-human-being\/","title":{"rendered":"The Timewriter &#8211; Dear Human Being"},"content":{"rendered":"<div class=\"wpb_text_column wpb_content_element \">\n<div class=\"wpb_wrapper\">\n<div class=\"\">\n<div class=\"wpb_text_column wpb_content_element \">\n<div class=\"wpb_wrapper\">\n<div class=\"wpb_text_column wpb_content_element \">\n<div class=\"wpb_wrapper\">\n<div class=\"\">\n<div class=\"wpb_text_column wpb_content_element \">\n<div class=\"wpb_wrapper\">\n<div class=\"\">\n<div class=\"\">\n<div class=\"wpb_text_column wpb_content_element \">\n<div class=\"wpb_wrapper\">\n<div class=\"wpb_text_column wpb_content_element \">\n<div class=\"wpb_wrapper\">\n<div class=\"\">\n<div class=\"wpb_text_column wpb_content_element \">\n<div class=\"wpb_wrapper\">\n<div class=\"\">\n<div class=\"\">\n<div class=\"\">1994 begann <strong>The Timewriter<\/strong> mit der kreativen Arbeit an seinem ersten Album. Im Jahre 2023 ver\u00f6ffentlicht er jetzt sein zw\u00f6lftes Album, von denen er acht unter dem Namen <strong>The Timewriter<\/strong> ver\u00f6ffentlicht und vier weitere unter den Namen <strong>JFC<\/strong> und \u00a0<strong>Jean F. Cochois<\/strong>. F\u00fcr das Label <strong>Plastic City<\/strong> ist er einer der pr\u00e4genden K\u00fcnstler. Frei von Trends und Str\u00f6mungen, bleibt er nicht nur sich selbst treu, sondern auch dem Label.<div class=\"gap\" style=\"line-height: 10px; height: 10px;\"><\/div>\u00a0Sein neues Album, \u201e<strong>Dear Human Being<\/strong>\u201c ist ein sehr tief gehendes Gebet und Pl\u00e4doyer , f\u00fcr die Menschheit und ihre Umkehr, zur\u00fcck zu ihrem Sch\u00f6pfer und die Vers\u00f6hnung mit ihm. In seinem Innern, seiner W\u00e4rme und Eindringlichkeit erinnert es uns auch daran, dass alle Menschen eine Familie und sind.\u00a0<strong>The Timewriter<\/strong> hat sich auch dieses Mal wieder K\u00fcnstler eingeladen. Mit <strong>Lukasz Korybalski<\/strong> am Fl\u00fcgelhorn und den S\u00e4ngern <strong>Ojochid\u00e9<\/strong>, <strong>Tony Mac<\/strong> und <strong>Sheddz<\/strong> am Mikrophon, pr\u00e4gen diese K\u00fcnstler die Stimmung des Albums.<div class=\"gap\" style=\"line-height: 10px; height: 10px;\"><\/div>Auch wenn Begriffe, wie Deep House und Listening den musikalischen Stil des Albums beschreiben k\u00f6nnten, sind es eben doch blo\u00dfe Klischees und Schubladen, die diesem Album nicht gerecht werden k\u00f6nnen. Wir laden also dazu ein, selbst zu h\u00f6ren, selbst zu f\u00fchlen und selbst zu denken.<\/div>\n<\/div>\n<\/div>\n<\/div>\n<\/div>\n<\/div>\n<\/div>\n<\/div>\n<\/div>\n<\/div>\n<div class=\"wpb_text_column wpb_content_element \">\n<div class=\"wpb_wrapper\">\n<div class=\"wpb_text_column wpb_content_element \">\n<div class=\"wpb_wrapper\">\n<div class=\"\"><\/div>\n<\/div>\n<\/div>\n<\/div>\n<\/div>\n<\/div>\n<\/div>\n<\/div>\n<\/div>\n<\/div>\n<\/div>\n<\/div>\n<\/div>\n<\/div>\n<\/div>\n<\/div>\n<\/div>\n<div><div class=\"gap\" style=\"line-height: 20px; height: 20px;\"><\/div><\/div>\n<h5>Weitere Informationen<\/h5>\n<div>\n<div>\n<table style=\"height: 46px; width: 100%; border-collapse: collapse; border-color: #ffffff; background-color: #ffffff; border-style: hidden;\">\n<tbody>\n<tr style=\"height: 23px; border-style: hidden; border-color: #ffffff; background-color: #ffffff;\">\n<td style=\"width: 58.953125px; height: 23px; border-style: hidden;\">K\u00fcnstler:<\/td>\n<td style=\"width: 1204.0625px; height: 23px; border-style: hidden;\"><a title=\"The Timewriter | Plastic City\" href=\"https:\/\/ucm.one\/de\/tag\/the-timewriter\/\">The Timewriter<\/a><\/td>\n<\/tr>\n<tr style=\"height: 23px;\">\n<td style=\"width: 58.953125px; height: 23px; border-style: hidden;\">Label:<\/td>\n<td style=\"width: 1204.0625px; height: 23px; border-style: hidden;\"><a title=\"Plastic City\" href=\"https:\/\/ucm.one\/de\/musik-labels\/plastic-city\/\">Plastic City<\/a><\/td>\n<\/tr>\n<\/tbody>\n<\/table>\n<\/div>\n<div><\/div>\n<div><div class=\"gap\" style=\"line-height: 10px; height: 10px;\"><\/div><\/div>\n<div>\u2117 &amp; \u00a9 2023\u00a0<strong>Plastic City<\/strong> \/ <span style=\"font-family: 'arial black', sans-serif;\"><strong>UCM.ONE<\/strong><\/span><\/div>\n<div><div class=\"gap\" style=\"line-height: 20px; height: 20px;\"><\/div><\/div>\n<div>\n<div><\/div>\n<div><div class=\"gap\" style=\"line-height: 10px; height: 10px;\"><\/div><\/div>\n<div><span style=\"color: #003a80;\"><strong>\u27a0 <a style=\"color: #003a80;\" title=\"\" href=\"https:\/\/ucm.one\/de\/produkt-kategorie\/art-de\/musik-de\/\">zum Shop<\/a><\/strong><\/span><\/div>\n<div><div class=\"gap\" style=\"line-height: 20px; height: 20px;\"><\/div><\/div>\n<\/div>\n<\/div>\n","protected":false},"excerpt":{"rendered":"<p>Artist: <a href=\"https:\/\/ucm.one\/de\/?s=%22The+Timewriter%22&amp;post_type=product\"><strong>The Timewriter<\/strong><\/a><\/p>\n<p>Label: <a href=\"https:\/\/ucm.one\/de\/produkt-kategorie\/label-musik-de\/plastic-city-de\/\"><strong>Plastic City<\/strong><\/a><\/p>\n<p>Art:\u00a0<strong><a href=\"https:\/\/ucm.one\/de\/produkt-kategorie\/art-de\/musik-de\/\">Musik<\/a>\u00a0(Album)<\/strong><\/p>\n<p>Genres:\u00a0<b><a href=\"https:\/\/ucm.one\/de\/produkt-kategorie\/genre-musik-de\/dance-de\/tech-house-de\/\">Tech-House<\/a>,\u00a0<a href=\"https:\/\/ucm.one\/de\/produkt-kategorie\/genre-musik-de\/dance-de\/deep-house-de\/\">Deep House<\/a><\/b><\/p>\n<p>Jahr: <strong>2023<\/strong><\/p>\n<p>Format: <b>Vinyl (2xLP)<\/b><\/p>\n","protected":false},"featured_media":91379,"comment_status":"open","ping_status":"closed","template":"","meta":{"_acf_changed":false},"product_brand":[],"product_cat":[10321,10364,9713,9714,9755,9857,10010,10315,10382,10316],"product_tag":[15627,10374,10376,10377,10378,10379,10380,10381],"class_list":{"0":"post-91378","1":"product","2":"type-product","3":"status-publish","4":"has-post-thumbnail","6":"product_cat-house-de","7":"product_cat-elektronica-de","8":"product_cat-musik-de","9":"product_cat-vinyl-de","10":"product_cat-label-musik-de","11":"product_cat-dance-de","12":"product_cat-genre-musik-de","13":"product_cat-plastic-city-de","14":"product_cat-deep-house-de","15":"product_cat-tech-house-de","16":"product_tag-dear-human-being","17":"product_tag-the-timewriter","18":"product_tag-plastic-city","19":"product_tag-vorverkauf","20":"product_tag-jfc","21":"product_tag-frank-cochois","22":"product_tag-tech-house","23":"product_tag-deep-house","24":"product_shipping_class-doppelvinyl-2","25":"pa_format-2xlp-orange-vinyl-de","26":"description-off","28":"first","29":"instock","30":"taxable","31":"shipping-taxable","32":"purchasable","33":"product-type-variable","34":"has-default-attributes"},"acf":[],"yoast_head":"<!-- This site is optimized with the Yoast SEO plugin v27.5 - https:\/\/yoast.com\/product\/yoast-seo-wordpress\/ -->\n<title>The Timewriter - Dear Human Being<\/title>\n<meta name=\"description\" content=\"Shop | The Timewriter - Dear Human Being | 2023 | Plastic City | Vinyl (2xLP)\" \/>\n<meta name=\"robots\" content=\"index, follow, max-snippet:-1, max-image-preview:large, max-video-preview:-1\" \/>\n<link rel=\"canonical\" href=\"https:\/\/ucm.one\/de\/produkt\/the-timewriter-dear-human-being\/\" \/>\n<meta property=\"og:locale\" content=\"de_DE\" \/>\n<meta property=\"og:type\" content=\"article\" \/>\n<meta property=\"og:title\" content=\"The Timewriter - Dear Human Being\" \/>\n<meta property=\"og:description\" content=\"Shop | The Timewriter - Dear Human Being | 2023 | Plastic City | Vinyl (2xLP)\" \/>\n<meta property=\"og:url\" content=\"https:\/\/ucm.one\/de\/produkt\/the-timewriter-dear-human-being\/\" \/>\n<meta property=\"og:site_name\" content=\"UCM.ONE\" \/>\n<meta property=\"article:modified_time\" content=\"2024-11-01T19:00:18+00:00\" \/>\n<meta property=\"og:image\" content=\"https:\/\/ucm.one\/wp-content\/uploads\/2023\/03\/C-The-Timewriter-Dear-Human-Being.jpg\" \/>\n<meta name=\"twitter:card\" content=\"summary_large_image\" \/>\n<meta name=\"twitter:title\" content=\"The Timewriter - Dear Human Being\" \/>\n<meta name=\"twitter:description\" content=\"Shop | The Timewriter - Dear Human Being | 2023 | Plastic City | Vinyl (2xLP)\" \/>\n<meta name=\"twitter:image\" content=\"https:\/\/ucm.one\/wp-content\/uploads\/2023\/03\/C-The-Timewriter-Dear-Human-Being.jpg\" \/>\n<meta name=\"twitter:label1\" content=\"Gesch\u00e4tzte Lesezeit\" \/>\n\t<meta name=\"twitter:data1\" content=\"1\u00a0Minute\" \/>\n<!-- \/ Yoast SEO plugin. -->","yoast_head_json":{"title":"The Timewriter - Dear Human Being","description":"Shop | The Timewriter - Dear Human Being | 2023 | Plastic City | Vinyl (2xLP)","robots":{"index":"index","follow":"follow","max-snippet":"max-snippet:-1","max-image-preview":"max-image-preview:large","max-video-preview":"max-video-preview:-1"},"canonical":"https:\/\/ucm.one\/de\/produkt\/the-timewriter-dear-human-being\/","og_locale":"de_DE","og_type":"article","og_title":"The Timewriter - Dear Human Being","og_description":"Shop | The Timewriter - Dear Human Being | 2023 | Plastic City | Vinyl (2xLP)","og_url":"https:\/\/ucm.one\/de\/produkt\/the-timewriter-dear-human-being\/","og_site_name":"UCM.ONE","article_modified_time":"2024-11-01T19:00:18+00:00","og_image":[{"url":"https:\/\/ucm.one\/wp-content\/uploads\/2023\/03\/C-The-Timewriter-Dear-Human-Being.jpg","type":"","width":"","height":""}],"twitter_card":"summary_large_image","twitter_title":"The Timewriter - Dear Human Being","twitter_description":"Shop | The Timewriter - Dear Human Being | 2023 | Plastic City | Vinyl (2xLP)","twitter_image":"https:\/\/ucm.one\/wp-content\/uploads\/2023\/03\/C-The-Timewriter-Dear-Human-Being.jpg","twitter_misc":{"Gesch\u00e4tzte Lesezeit":"1\u00a0Minute"},"schema":{"@context":"https:\/\/schema.org","@graph":[{"@type":"WebPage","@id":"https:\/\/ucm.one\/de\/produkt\/the-timewriter-dear-human-being\/","url":"https:\/\/ucm.one\/de\/produkt\/the-timewriter-dear-human-being\/","name":"The Timewriter - Dear Human Being","isPartOf":{"@id":"https:\/\/ucm.one\/de\/#website"},"primaryImageOfPage":{"@id":"https:\/\/ucm.one\/de\/produkt\/the-timewriter-dear-human-being\/#primaryimage"},"image":{"@id":"https:\/\/ucm.one\/de\/produkt\/the-timewriter-dear-human-being\/#primaryimage"},"thumbnailUrl":"https:\/\/ucm.one\/wp-content\/uploads\/2023\/03\/C-The-Timewriter-Dear-Human-Being.jpg","datePublished":"2023-05-19T10:39:36+00:00","dateModified":"2024-11-01T19:00:18+00:00","description":"Shop | The Timewriter - Dear Human Being | 2023 | Plastic City | Vinyl (2xLP)","breadcrumb":{"@id":"https:\/\/ucm.one\/de\/produkt\/the-timewriter-dear-human-being\/#breadcrumb"},"inLanguage":"de","potentialAction":[{"@type":"ReadAction","target":["https:\/\/ucm.one\/de\/produkt\/the-timewriter-dear-human-being\/"]}]},{"@type":"ImageObject","inLanguage":"de","@id":"https:\/\/ucm.one\/de\/produkt\/the-timewriter-dear-human-being\/#primaryimage","url":"https:\/\/ucm.one\/wp-content\/uploads\/2023\/03\/C-The-Timewriter-Dear-Human-Being.jpg","contentUrl":"https:\/\/ucm.one\/wp-content\/uploads\/2023\/03\/C-The-Timewriter-Dear-Human-Being.jpg","width":1000,"height":1000},{"@type":"BreadcrumbList","@id":"https:\/\/ucm.one\/de\/produkt\/the-timewriter-dear-human-being\/#breadcrumb","itemListElement":[{"@type":"ListItem","position":1,"name":"Home","item":"https:\/\/ucm.one\/de\/"},{"@type":"ListItem","position":2,"name":"Shop","item":"https:\/\/ucm.one\/de\/shop\/"},{"@type":"ListItem","position":3,"name":"The Timewriter &#8211; Dear Human Being"}]},{"@type":"WebSite","@id":"https:\/\/ucm.one\/de\/#website","url":"https:\/\/ucm.one\/de\/","name":"UCM.ONE","description":"","publisher":{"@id":"https:\/\/ucm.one\/de\/#organization"},"potentialAction":[{"@type":"SearchAction","target":{"@type":"EntryPoint","urlTemplate":"https:\/\/ucm.one\/de\/?s={search_term_string}"},"query-input":{"@type":"PropertyValueSpecification","valueRequired":true,"valueName":"search_term_string"}}],"inLanguage":"de"},{"@type":"Organization","@id":"https:\/\/ucm.one\/de\/#organization","name":"UCM.ONE","url":"https:\/\/ucm.one\/de\/","logo":{"@type":"ImageObject","inLanguage":"de","@id":"https:\/\/ucm.one\/de\/#\/schema\/logo\/image\/","url":"https:\/\/ucm.one\/wp-content\/uploads\/2019\/10\/UCM.ONE-Logo-RGB.svg","contentUrl":"https:\/\/ucm.one\/wp-content\/uploads\/2019\/10\/UCM.ONE-Logo-RGB.svg","width":1,"height":1,"caption":"UCM.ONE"},"image":{"@id":"https:\/\/ucm.one\/de\/#\/schema\/logo\/image\/"}}]}},"_links":{"self":[{"href":"https:\/\/ucm.one\/de\/wp-json\/wp\/v2\/product\/91378","targetHints":{"allow":["GET"]}}],"collection":[{"href":"https:\/\/ucm.one\/de\/wp-json\/wp\/v2\/product"}],"about":[{"href":"https:\/\/ucm.one\/de\/wp-json\/wp\/v2\/types\/product"}],"replies":[{"embeddable":true,"href":"https:\/\/ucm.one\/de\/wp-json\/wp\/v2\/comments?post=91378"}],"wp:featuredmedia":[{"embeddable":true,"href":"https:\/\/ucm.one\/de\/wp-json\/wp\/v2\/media\/91379"}],"wp:attachment":[{"href":"https:\/\/ucm.one\/de\/wp-json\/wp\/v2\/media?parent=91378"}],"wp:term":[{"taxonomy":"product_brand","embeddable":true,"href":"https:\/\/ucm.one\/de\/wp-json\/wp\/v2\/product_brand?post=91378"},{"taxonomy":"product_cat","embeddable":true,"href":"https:\/\/ucm.one\/de\/wp-json\/wp\/v2\/product_cat?post=91378"},{"taxonomy":"product_tag","embeddable":true,"href":"https:\/\/ucm.one\/de\/wp-json\/wp\/v2\/product_tag?post=91378"}],"curies":[{"name":"wp","href":"https:\/\/api.w.org\/{rel}","templated":true}]}}