{"id":91187,"date":"2023-02-25T23:06:53","date_gmt":"2023-02-25T23:06:53","guid":{"rendered":"https:\/\/ucm.one\/?post_type=product&#038;p=91187"},"modified":"2023-07-27T14:23:58","modified_gmt":"2023-07-27T14:23:58","slug":"herrscher-ohne-krone","status":"publish","type":"product","link":"https:\/\/ucm.one\/de\/produkt\/herrscher-ohne-krone\/","title":{"rendered":"Herrscher ohne Krone"},"content":{"rendered":"<div class=\"wpb_text_column wpb_content_element \">\n<div class=\"wpb_wrapper\">\n<div class=\"\">\n<div class=\"wpb_text_column wpb_content_element \">\n<div class=\"wpb_wrapper\">\n<p style=\"font-weight: 400;\">Der ber\u00fchmte deutsche Arzt und Psychiater Dr. Friedrich Struensee (<strong>O. W. Fischer<\/strong>) wird vom d\u00e4nischen K\u00f6nigshaus beauftragt, ein Gutachten \u00fcber den jungen, angeblich geisteskranken K\u00f6nig Christian VII. (<strong>Horst Buchholz<\/strong>) abzugeben. Dr. Struensee erkl\u00e4rt den liebenswerten, aber labilen K\u00f6nig f\u00fcr regierungsf\u00e4hig und wird dessen Berater. Doch am Hofe kursieren bald Ger\u00fcchte \u00fcber eine Aff\u00e4re zwischen Dr. Struensee und K\u00f6nigin Mathilde (<strong>Odile Versois<\/strong>).<div class=\"gap\" style=\"line-height: 10px; height: 10px;\"><\/div>Basierend auf wahren Begebenheiten inszenierte Regisseur <strong>Harald Braun<\/strong> (&#8222;<strong>Nachtwache<\/strong>&#8222;, &#8222;<strong>Herz der Welt<\/strong>&#8222;, &#8222;<strong>Helden<\/strong>&#8222;) diesen Klassiker des romantischen Historiendramas mit <strong>O. W. Fischer<\/strong> und <strong>Horst Buchholz<\/strong>\u00a0in den Hauptrollen (&#8222;Die Halbstarken)).<\/p>\n<div class=\"gap\" style=\"line-height: 20px; height: 20px;\"><\/div>\n<\/div>\n<\/div>\n<\/div>\n<\/div>\n<\/div>\n<h5>Weitere Informationen<\/h5>\n<div>\n<div>\n<table style=\"height: 47px; width: 100%; border-collapse: collapse; border-color: #ffffff; background-color: #ffffff; border-style: hidden;\">\n<tbody>\n<tr style=\"height: 23px;\">\n<td style=\"width: 4.701195%; height: 23px; border-style: hidden;\">Label:<\/td>\n<td style=\"width: 95.298805%; height: 23px; border-style: hidden;\"><a title=\"B-Spree Classics\" href=\"https:\/\/ucm.one\/de\/film-labels\/b-spree-pictures\/#b-spree-classics\">B-Spree Classics<\/a><\/td>\n<\/tr>\n<\/tbody>\n<\/table>\n<\/div>\n<div><\/div>\n<\/div>\n<div>\n<div><div class=\"gap\" style=\"line-height: 10px; height: 10px;\"><\/div><\/div>\n<div>\n<p>\u2117 1956\u00a0<strong>Bavaria Filmkunst,\u00a0<\/strong>\u00a0\u00a9 2023\u00a0<strong>B-Spree Classics<\/strong> \/ <strong><span style=\"font-family: arial black, sans-serif;\">UCM.ONE\u00a0<\/span><\/strong>in Kooperation mit der <strong>Friedrich-Wilhelm-Murnau-Stiftung <\/strong><\/p>\n<div><\/div>\n<\/div>\n<div><div class=\"gap\" style=\"line-height: 20px; height: 20px;\"><\/div><\/div>\n<div>\n<div><\/div>\n<div>\n<div><div class=\"gap\" style=\"line-height: 10px; height: 10px;\"><\/div><\/div>\n<div><span style=\"color: #003a80;\"><strong>\u27a0 <a style=\"color: #003a80;\" href=\"https:\/\/ucm.one\/de\/produkt-kategorie\/art-de\/filme-de\/\">zum Shop<\/a><\/strong><\/span><\/div>\n<div><div class=\"gap\" style=\"line-height: 20px; height: 20px;\"><\/div><\/div>\n<\/div>\n<\/div>\n<\/div>\n","protected":false},"excerpt":{"rendered":"<p>Regie: <strong><a href=\"https:\/\/ucm.one\/de\/?s=%22Harald+Braun%22&amp;post_type=product\">Harald Braun<\/a><\/strong><\/p>\n<p>Label: <a href=\"https:\/\/ucm.one\/de\/produkt-kategorie\/label-film-de\/b-spree-pictures-de\/b-spree-classics-de\/\"><strong>B-Spree Classics<\/strong><\/a><\/p>\n<p>Art:\u00a0<strong><a href=\"https:\/\/ucm.one\/de\/produkt-kategorie\/art-de\/filme-de\/\">Film<\/a> (<a title=\"\" href=\"https:\/\/ucm.one\/de\/produkt-kategorie\/genre-film-de\/klassiker-de\/\">Klassiker<\/a>)<\/strong><\/p>\n<p>Genre:\u00a0<b><a title=\"\" href=\"https:\/\/ucm.one\/de\/produkt-kategorie\/genre-film-de\/drama-de\/\">Drama, <\/a><a title=\"History\" href=\"https:\/\/ucm.one\/de\/produkt-kategorie\/genre-film-de\/history-de\/\">History<\/a><\/b><\/p>\n<p>Jahr: <strong>2023<\/strong><\/p>\n<p>FSK: <strong>12<\/strong><\/p>\n<p>Format: <strong>Mediabook<\/strong><\/p>\n","protected":false},"featured_media":91188,"comment_status":"open","ping_status":"closed","template":"","meta":{"_acf_changed":false},"product_brand":[],"product_cat":[10342,10952,12093,9708,10331,10332,10333,10334,10341],"product_tag":[12135,15566,15594,15595,15596,15597,15598,15599],"class_list":{"0":"post-91187","1":"product","2":"type-product","3":"status-publish","4":"has-post-thumbnail","6":"product_cat-b-spree-classics-de","7":"product_cat-history-de","8":"product_cat-klassiker-de","9":"product_cat-filme-de","10":"product_cat-dvd-de","11":"product_cat-blu-ray-de","12":"product_cat-mediabooks-de","13":"product_cat-drama-de","14":"product_cat-b-spree-pictures-de","15":"product_tag-b-spree-classics","16":"product_tag-siegfried-lowitz","17":"product_tag-herrscher-ohne-krone","18":"product_tag-harald-braun","19":"product_tag-o-w-fischer","20":"product_tag-odile-versois","21":"product_tag-horst-buchholz","22":"product_tag-elisabeth-flickenschild","23":"pa_format-mediabook-blu-ray-dvd","24":"description-off","26":"first","27":"instock","28":"taxable","29":"shipping-taxable","30":"purchasable","31":"product-type-variable","32":"has-default-attributes"},"acf":[],"yoast_head":"<!-- This site is optimized with the Yoast SEO plugin v27.5 - https:\/\/yoast.com\/product\/yoast-seo-wordpress\/ -->\n<title>Herrscher ohne Krone<\/title>\n<meta name=\"description\" content=\"Shop | Herrscher ohne Krone | 2023 | B-Spree Classics | Mediabook | FSK 12\" \/>\n<meta name=\"robots\" content=\"index, follow, max-snippet:-1, max-image-preview:large, max-video-preview:-1\" \/>\n<link rel=\"canonical\" href=\"https:\/\/ucm.one\/de\/produkt\/herrscher-ohne-krone\/\" \/>\n<meta property=\"og:locale\" content=\"de_DE\" \/>\n<meta property=\"og:type\" content=\"article\" \/>\n<meta property=\"og:title\" content=\"Herrscher ohne Krone\" \/>\n<meta property=\"og:description\" content=\"Shop | Herrscher ohne Krone | 2023 | B-Spree Classics | Mediabook | FSK 12\" \/>\n<meta property=\"og:url\" content=\"https:\/\/ucm.one\/de\/produkt\/herrscher-ohne-krone\/\" \/>\n<meta property=\"og:site_name\" content=\"UCM.ONE\" \/>\n<meta property=\"article:modified_time\" content=\"2023-07-27T14:23:58+00:00\" \/>\n<meta property=\"og:image\" content=\"https:\/\/ucm.one\/wp-content\/uploads\/2023\/02\/C-Herrscher-ohne-Krone-MB-2D-FSK12.jpg\" \/>\n<meta name=\"twitter:card\" content=\"summary_large_image\" \/>\n<meta name=\"twitter:title\" content=\"Herrscher ohne Krone\" \/>\n<meta name=\"twitter:description\" content=\"Shop | Herrscher ohne Krone | 2023 | B-Spree Classics | Mediabook | FSK 12\" \/>\n<meta name=\"twitter:image\" content=\"https:\/\/ucm.one\/wp-content\/uploads\/2023\/02\/C-Herrscher-ohne-Krone-MB-2D-FSK12.jpg\" \/>\n<meta name=\"twitter:label1\" content=\"Gesch\u00e4tzte Lesezeit\" \/>\n\t<meta name=\"twitter:data1\" content=\"1\u00a0Minute\" \/>\n<!-- \/ Yoast SEO plugin. -->","yoast_head_json":{"title":"Herrscher ohne Krone","description":"Shop | Herrscher ohne Krone | 2023 | B-Spree Classics | Mediabook | FSK 12","robots":{"index":"index","follow":"follow","max-snippet":"max-snippet:-1","max-image-preview":"max-image-preview:large","max-video-preview":"max-video-preview:-1"},"canonical":"https:\/\/ucm.one\/de\/produkt\/herrscher-ohne-krone\/","og_locale":"de_DE","og_type":"article","og_title":"Herrscher ohne Krone","og_description":"Shop | Herrscher ohne Krone | 2023 | B-Spree Classics | Mediabook | FSK 12","og_url":"https:\/\/ucm.one\/de\/produkt\/herrscher-ohne-krone\/","og_site_name":"UCM.ONE","article_modified_time":"2023-07-27T14:23:58+00:00","og_image":[{"url":"https:\/\/ucm.one\/wp-content\/uploads\/2023\/02\/C-Herrscher-ohne-Krone-MB-2D-FSK12.jpg","type":"","width":"","height":""}],"twitter_card":"summary_large_image","twitter_title":"Herrscher ohne Krone","twitter_description":"Shop | Herrscher ohne Krone | 2023 | B-Spree Classics | Mediabook | FSK 12","twitter_image":"https:\/\/ucm.one\/wp-content\/uploads\/2023\/02\/C-Herrscher-ohne-Krone-MB-2D-FSK12.jpg","twitter_misc":{"Gesch\u00e4tzte Lesezeit":"1\u00a0Minute"},"schema":{"@context":"https:\/\/schema.org","@graph":[{"@type":"WebPage","@id":"https:\/\/ucm.one\/de\/produkt\/herrscher-ohne-krone\/","url":"https:\/\/ucm.one\/de\/produkt\/herrscher-ohne-krone\/","name":"Herrscher ohne Krone","isPartOf":{"@id":"https:\/\/ucm.one\/de\/#website"},"primaryImageOfPage":{"@id":"https:\/\/ucm.one\/de\/produkt\/herrscher-ohne-krone\/#primaryimage"},"image":{"@id":"https:\/\/ucm.one\/de\/produkt\/herrscher-ohne-krone\/#primaryimage"},"thumbnailUrl":"https:\/\/ucm.one\/wp-content\/uploads\/2023\/02\/C-Herrscher-ohne-Krone-MB-2D-FSK12.jpg","datePublished":"2023-02-25T23:06:53+00:00","dateModified":"2023-07-27T14:23:58+00:00","description":"Shop | Herrscher ohne Krone | 2023 | B-Spree Classics | Mediabook | FSK 12","breadcrumb":{"@id":"https:\/\/ucm.one\/de\/produkt\/herrscher-ohne-krone\/#breadcrumb"},"inLanguage":"de","potentialAction":[{"@type":"ReadAction","target":["https:\/\/ucm.one\/de\/produkt\/herrscher-ohne-krone\/"]}]},{"@type":"ImageObject","inLanguage":"de","@id":"https:\/\/ucm.one\/de\/produkt\/herrscher-ohne-krone\/#primaryimage","url":"https:\/\/ucm.one\/wp-content\/uploads\/2023\/02\/C-Herrscher-ohne-Krone-MB-2D-FSK12.jpg","contentUrl":"https:\/\/ucm.one\/wp-content\/uploads\/2023\/02\/C-Herrscher-ohne-Krone-MB-2D-FSK12.jpg","width":699,"height":1000},{"@type":"BreadcrumbList","@id":"https:\/\/ucm.one\/de\/produkt\/herrscher-ohne-krone\/#breadcrumb","itemListElement":[{"@type":"ListItem","position":1,"name":"Home","item":"https:\/\/ucm.one\/de\/"},{"@type":"ListItem","position":2,"name":"Shop","item":"https:\/\/ucm.one\/de\/shop\/"},{"@type":"ListItem","position":3,"name":"Herrscher ohne Krone"}]},{"@type":"WebSite","@id":"https:\/\/ucm.one\/de\/#website","url":"https:\/\/ucm.one\/de\/","name":"UCM.ONE","description":"","publisher":{"@id":"https:\/\/ucm.one\/de\/#organization"},"potentialAction":[{"@type":"SearchAction","target":{"@type":"EntryPoint","urlTemplate":"https:\/\/ucm.one\/de\/?s={search_term_string}"},"query-input":{"@type":"PropertyValueSpecification","valueRequired":true,"valueName":"search_term_string"}}],"inLanguage":"de"},{"@type":"Organization","@id":"https:\/\/ucm.one\/de\/#organization","name":"UCM.ONE","url":"https:\/\/ucm.one\/de\/","logo":{"@type":"ImageObject","inLanguage":"de","@id":"https:\/\/ucm.one\/de\/#\/schema\/logo\/image\/","url":"https:\/\/ucm.one\/wp-content\/uploads\/2019\/10\/UCM.ONE-Logo-RGB.svg","contentUrl":"https:\/\/ucm.one\/wp-content\/uploads\/2019\/10\/UCM.ONE-Logo-RGB.svg","width":1,"height":1,"caption":"UCM.ONE"},"image":{"@id":"https:\/\/ucm.one\/de\/#\/schema\/logo\/image\/"}}]}},"_links":{"self":[{"href":"https:\/\/ucm.one\/de\/wp-json\/wp\/v2\/product\/91187","targetHints":{"allow":["GET"]}}],"collection":[{"href":"https:\/\/ucm.one\/de\/wp-json\/wp\/v2\/product"}],"about":[{"href":"https:\/\/ucm.one\/de\/wp-json\/wp\/v2\/types\/product"}],"replies":[{"embeddable":true,"href":"https:\/\/ucm.one\/de\/wp-json\/wp\/v2\/comments?post=91187"}],"wp:featuredmedia":[{"embeddable":true,"href":"https:\/\/ucm.one\/de\/wp-json\/wp\/v2\/media\/91188"}],"wp:attachment":[{"href":"https:\/\/ucm.one\/de\/wp-json\/wp\/v2\/media?parent=91187"}],"wp:term":[{"taxonomy":"product_brand","embeddable":true,"href":"https:\/\/ucm.one\/de\/wp-json\/wp\/v2\/product_brand?post=91187"},{"taxonomy":"product_cat","embeddable":true,"href":"https:\/\/ucm.one\/de\/wp-json\/wp\/v2\/product_cat?post=91187"},{"taxonomy":"product_tag","embeddable":true,"href":"https:\/\/ucm.one\/de\/wp-json\/wp\/v2\/product_tag?post=91187"}],"curies":[{"name":"wp","href":"https:\/\/api.w.org\/{rel}","templated":true}]}}