{"id":91179,"date":"2023-08-25T20:14:21","date_gmt":"2023-08-25T20:14:21","guid":{"rendered":"https:\/\/ucm.one\/?post_type=product&#038;p=91179"},"modified":"2024-10-10T11:18:37","modified_gmt":"2024-10-10T11:18:37","slug":"5-unter-verdacht","status":"publish","type":"product","link":"https:\/\/ucm.one\/de\/produkt\/5-unter-verdacht\/","title":{"rendered":"5 unter Verdacht"},"content":{"rendered":"<div class=\"wpb_text_column wpb_content_element \">\n<div class=\"wpb_wrapper\">\n<div class=\"\">\n<div class=\"wpb_text_column wpb_content_element \">\n<div class=\"wpb_wrapper\">\n<div class=\"wpb_text_column wpb_content_element \">\n<div class=\"wpb_wrapper\">\n<div class=\"wpb_text_column wpb_content_element \">\n<div class=\"wpb_wrapper\">\n<p>Im Privatgymnasium der d\u00e4nischen K\u00fcstenstadt Belgesund wird der Hausmeister Palsberg (Josef Sieber) unter mysteri\u00f6sen Umst\u00e4nden ermordet aufgefunden. Der geniale Kriminalrat Thomsen (Hans Nielsen) nimmt den Fall auf, doch auf ihn warten zahlreiche falsche F\u00e4hrten. Unter Verdacht stehen f\u00fcnf Personen, Lehrer und Sch\u00fcler des Privatgymnasiums, die in weitere d\u00fcstere Geheimnisse verwickelt sind. Aff\u00e4ren, Erpressung, Mord: In dieser Schule ist nichts wie es scheint.<div class=\"gap\" style=\"line-height: 10px; height: 10px;\"><\/div><strong>Deutsche Erstver\u00f6ffentlichung!<\/strong><\/p>\n<\/div>\n<\/div>\n<\/div>\n<\/div>\n<\/div>\n<\/div>\n<\/div>\n<\/div>\n<\/div>\n<div><div class=\"gap\" style=\"line-height: 20px; height: 20px;\"><\/div><\/div>\n<h5>Weitere Informationen<\/h5>\n<div>\n<div>\n<table style=\"height: 45px; width: 100%; border-collapse: collapse; border-color: #ffffff; background-color: #ffffff; border-style: hidden;\">\n<tbody>\n<tr style=\"height: 23px;\">\n<td style=\"width: 4.701195219123506%; height: 23px; border-style: hidden;\">Labels:<\/td>\n<td style=\"width: 95.29880478087651%; height: 23px; border-style: hidden;\"><a title=\"Zeitlose Filmkunst\" href=\"https:\/\/ucm.one\/de\/film-labels\/zeitlose-filmkunst\/\">Zeitlose Filmkunst<\/a>, <a title=\"B-Spree Classics\" href=\"https:\/\/ucm.one\/de\/film-labels\/b-spree-pictures\/#b-spree-classics\">B-Spree Classics<\/a><\/td>\n<\/tr>\n<\/tbody>\n<\/table>\n<\/div>\n<div><\/div>\n<\/div>\n<div>\n<div><div class=\"gap\" style=\"line-height: 10px; height: 10px;\"><\/div><\/div>\n<div>\u2117 1950<strong>\u00a0Central Cinema Company Film (CCC)<\/strong>, \u00a9 2023 <b>Zeitlose Filmkunst &amp; B-Spree Classics<\/b>\u00a0\/\u00a0<span style=\"font-family: 'arial black', sans-serif;\"><strong>UCM.ONE<\/strong><\/span><\/div>\n<div><div class=\"gap\" style=\"line-height: 20px; height: 20px;\"><\/div><\/div>\n<\/div>\n<div>\n<div>\n<div><\/div>\n<div><div class=\"gap\" style=\"line-height: 10px; height: 10px;\"><\/div><\/div>\n<div><span style=\"color: #003a80;\"><strong>\u27a0 <a style=\"color: #003a80;\" href=\"https:\/\/ucm.one\/de\/produkt-kategorie\/art-de\/filme-de\/\">zum Shop<\/a><\/strong><\/span><\/div>\n<div><div class=\"gap\" style=\"line-height: 20px; height: 20px;\"><\/div><\/div>\n<\/div>\n<\/div>\n","protected":false},"excerpt":{"rendered":"<p>Regie:\u00a0<strong><a href=\"https:\/\/ucm.one\/de\/?s=%22Kurt+Hoffmann%22&amp;post_type=product\">Kurt Hoffmann<\/a><\/strong><\/p>\n<p>Label:\u00a0<a title=\"Zeitlose Filmkunst\" href=\"https:\/\/ucm.one\/de\/produkt-kategorie\/label-film-de\/zeitlose-filmkunst-de\/\"><strong>Zeitlose Filmkunst<\/strong><\/a> &amp; <a title=\"B-Spree Classics\" href=\"https:\/\/ucm.one\/de\/produkt-kategorie\/label-film-de\/b-spree-classics-de\/\"><strong>B-Spree Classics<\/strong><\/a><\/p>\n<p>Art: <strong><a href=\"https:\/\/ucm.one\/de\/produkt-kategorie\/art-de\/filme-de\/\">Film<\/a> (<a title=\"\" href=\"https:\/\/ucm.one\/de\/produkt-kategorie\/genre-film-de\/klassiker-de\/\">Klassiker<\/a>)<\/strong><\/p>\n<p>Genres: <strong><a href=\"https:\/\/ucm.one\/de\/produkt-kategorie\/genre-film-de\/thriller-de\/\">Thriller<\/a>, <a href=\"https:\/\/ucm.one\/de\/produkt-kategorie\/genre-film-de\/krimi-de\/\">Krimi<\/a><\/strong><\/p>\n<p>Jahr: <strong>2023<\/strong><\/p>\n<p>FSK: <strong>16<\/strong><\/p>\n<p>Format: <strong>Mediabook<\/strong><\/p>\n","protected":false},"featured_media":91185,"comment_status":"open","ping_status":"closed","template":"","meta":{"_acf_changed":false},"product_brand":[],"product_cat":[15304,10330,10331,10332,10333,10335,10342,12093,9708],"product_tag":[15562,15565,15586,15587,15588,15589,15590,15591,15592,14417,15593],"class_list":{"0":"post-91179","1":"product","2":"type-product","3":"status-publish","4":"has-post-thumbnail","6":"product_cat-zeitlose-filmkunst-de","7":"product_cat-thriller-de","8":"product_cat-dvd-de","9":"product_cat-blu-ray-de","10":"product_cat-mediabooks-de","11":"product_cat-krimi-de","12":"product_cat-b-spree-classics-de","13":"product_cat-klassiker-de","14":"product_cat-filme-de","15":"product_tag-zeitlose-filmkunst","16":"product_tag-hans-nielsen","17":"product_tag-5-unter-verdacht","18":"product_tag-stadt-im-nebel","19":"product_tag-mord-in-belgesund","20":"product_tag-werner-riedel","21":"product_tag-johanna-sibelius","22":"product_tag-dorothea-wieck","23":"product_tag-friedrich-schoenfelder","24":"product_tag-artur-brauner","25":"product_tag-ccc-fim","26":"pa_format-blu-ray-de","27":"pa_format-dvd","28":"pa_format-mediabook-blu-ray-dvd","29":"description-off","31":"first","32":"instock","33":"sale","34":"taxable","35":"shipping-taxable","36":"purchasable","37":"product-type-variable"},"acf":[],"yoast_head":"<!-- This site is optimized with the Yoast SEO plugin v27.2 - https:\/\/yoast.com\/product\/yoast-seo-wordpress\/ -->\n<title>5 unter Verdacht<\/title>\n<meta name=\"description\" content=\"Shop | 5 unter Verdacht | 2023 | Zeitlose Filmkunst &amp; B-Spree Classics | Mediabook | FSK 16\" \/>\n<meta name=\"robots\" content=\"index, follow, max-snippet:-1, max-image-preview:large, max-video-preview:-1\" \/>\n<link rel=\"canonical\" href=\"https:\/\/ucm.one\/de\/produkt\/5-unter-verdacht\/\" \/>\n<meta property=\"og:locale\" content=\"de_DE\" \/>\n<meta property=\"og:type\" content=\"article\" \/>\n<meta property=\"og:title\" content=\"5 unter Verdacht\" \/>\n<meta property=\"og:description\" content=\"Shop | 5 unter Verdacht | 2023 | Zeitlose Filmkunst &amp; B-Spree Classics | Mediabook | FSK 16\" \/>\n<meta property=\"og:url\" content=\"https:\/\/ucm.one\/de\/produkt\/5-unter-verdacht\/\" \/>\n<meta property=\"og:site_name\" content=\"UCM.ONE\" \/>\n<meta property=\"article:modified_time\" content=\"2024-10-10T11:18:37+00:00\" \/>\n<meta property=\"og:image\" content=\"https:\/\/ucm.one\/wp-content\/uploads\/2023\/02\/C5-unter-Verdacht-2D-FSK-16.jpg\" \/>\n<meta name=\"twitter:card\" content=\"summary_large_image\" \/>\n<meta name=\"twitter:title\" content=\"5 unter Verdacht\" \/>\n<meta name=\"twitter:description\" content=\"Shop | 5 unter Verdacht | 2023 | Zeitlose Filmkunst &amp; B-Spree Classics | Mediabook | FSK 16\" \/>\n<meta name=\"twitter:image\" content=\"https:\/\/ucm.one\/wp-content\/uploads\/2023\/02\/C5-unter-Verdacht-2D-FSK-16.jpg\" \/>\n<meta name=\"twitter:label1\" content=\"Gesch\u00e4tzte Lesezeit\" \/>\n\t<meta name=\"twitter:data1\" content=\"1\u00a0Minute\" \/>\n<!-- \/ Yoast SEO plugin. -->","yoast_head_json":{"title":"5 unter Verdacht","description":"Shop | 5 unter Verdacht | 2023 | Zeitlose Filmkunst & B-Spree Classics | Mediabook | FSK 16","robots":{"index":"index","follow":"follow","max-snippet":"max-snippet:-1","max-image-preview":"max-image-preview:large","max-video-preview":"max-video-preview:-1"},"canonical":"https:\/\/ucm.one\/de\/produkt\/5-unter-verdacht\/","og_locale":"de_DE","og_type":"article","og_title":"5 unter Verdacht","og_description":"Shop | 5 unter Verdacht | 2023 | Zeitlose Filmkunst & B-Spree Classics | Mediabook | FSK 16","og_url":"https:\/\/ucm.one\/de\/produkt\/5-unter-verdacht\/","og_site_name":"UCM.ONE","article_modified_time":"2024-10-10T11:18:37+00:00","og_image":[{"url":"https:\/\/ucm.one\/wp-content\/uploads\/2023\/02\/C5-unter-Verdacht-2D-FSK-16.jpg","type":"","width":"","height":""}],"twitter_card":"summary_large_image","twitter_title":"5 unter Verdacht","twitter_description":"Shop | 5 unter Verdacht | 2023 | Zeitlose Filmkunst & B-Spree Classics | Mediabook | FSK 16","twitter_image":"https:\/\/ucm.one\/wp-content\/uploads\/2023\/02\/C5-unter-Verdacht-2D-FSK-16.jpg","twitter_misc":{"Gesch\u00e4tzte Lesezeit":"1\u00a0Minute"},"schema":{"@context":"https:\/\/schema.org","@graph":[{"@type":"WebPage","@id":"https:\/\/ucm.one\/de\/produkt\/5-unter-verdacht\/","url":"https:\/\/ucm.one\/de\/produkt\/5-unter-verdacht\/","name":"5 unter Verdacht","isPartOf":{"@id":"https:\/\/ucm.one\/de\/#website"},"primaryImageOfPage":{"@id":"https:\/\/ucm.one\/de\/produkt\/5-unter-verdacht\/#primaryimage"},"image":{"@id":"https:\/\/ucm.one\/de\/produkt\/5-unter-verdacht\/#primaryimage"},"thumbnailUrl":"https:\/\/ucm.one\/wp-content\/uploads\/2023\/02\/C-5-unter-Verdacht-2D-FSK-16.jpg","datePublished":"2023-08-25T20:14:21+00:00","dateModified":"2024-10-10T11:18:37+00:00","description":"Shop | 5 unter Verdacht | 2023 | Zeitlose Filmkunst & B-Spree Classics | Mediabook | FSK 16","breadcrumb":{"@id":"https:\/\/ucm.one\/de\/produkt\/5-unter-verdacht\/#breadcrumb"},"inLanguage":"de","potentialAction":[{"@type":"ReadAction","target":["https:\/\/ucm.one\/de\/produkt\/5-unter-verdacht\/"]}]},{"@type":"ImageObject","inLanguage":"de","@id":"https:\/\/ucm.one\/de\/produkt\/5-unter-verdacht\/#primaryimage","url":"https:\/\/ucm.one\/wp-content\/uploads\/2023\/02\/C-5-unter-Verdacht-2D-FSK-16.jpg","contentUrl":"https:\/\/ucm.one\/wp-content\/uploads\/2023\/02\/C-5-unter-Verdacht-2D-FSK-16.jpg","width":699,"height":1000},{"@type":"BreadcrumbList","@id":"https:\/\/ucm.one\/de\/produkt\/5-unter-verdacht\/#breadcrumb","itemListElement":[{"@type":"ListItem","position":1,"name":"Home","item":"https:\/\/ucm.one\/de\/"},{"@type":"ListItem","position":2,"name":"Shop","item":"https:\/\/ucm.one\/de\/shop\/"},{"@type":"ListItem","position":3,"name":"5 unter Verdacht"}]},{"@type":"WebSite","@id":"https:\/\/ucm.one\/de\/#website","url":"https:\/\/ucm.one\/de\/","name":"UCM.ONE","description":"","publisher":{"@id":"https:\/\/ucm.one\/de\/#organization"},"potentialAction":[{"@type":"SearchAction","target":{"@type":"EntryPoint","urlTemplate":"https:\/\/ucm.one\/de\/?s={search_term_string}"},"query-input":{"@type":"PropertyValueSpecification","valueRequired":true,"valueName":"search_term_string"}}],"inLanguage":"de"},{"@type":"Organization","@id":"https:\/\/ucm.one\/de\/#organization","name":"UCM.ONE","url":"https:\/\/ucm.one\/de\/","logo":{"@type":"ImageObject","inLanguage":"de","@id":"https:\/\/ucm.one\/de\/#\/schema\/logo\/image\/","url":"https:\/\/ucm.one\/wp-content\/uploads\/2019\/10\/UCM.ONE-Logo-RGB.svg","contentUrl":"https:\/\/ucm.one\/wp-content\/uploads\/2019\/10\/UCM.ONE-Logo-RGB.svg","width":1,"height":1,"caption":"UCM.ONE"},"image":{"@id":"https:\/\/ucm.one\/de\/#\/schema\/logo\/image\/"}}]}},"_links":{"self":[{"href":"https:\/\/ucm.one\/de\/wp-json\/wp\/v2\/product\/91179","targetHints":{"allow":["GET"]}}],"collection":[{"href":"https:\/\/ucm.one\/de\/wp-json\/wp\/v2\/product"}],"about":[{"href":"https:\/\/ucm.one\/de\/wp-json\/wp\/v2\/types\/product"}],"replies":[{"embeddable":true,"href":"https:\/\/ucm.one\/de\/wp-json\/wp\/v2\/comments?post=91179"}],"wp:featuredmedia":[{"embeddable":true,"href":"https:\/\/ucm.one\/de\/wp-json\/wp\/v2\/media\/91185"}],"wp:attachment":[{"href":"https:\/\/ucm.one\/de\/wp-json\/wp\/v2\/media?parent=91179"}],"wp:term":[{"taxonomy":"product_brand","embeddable":true,"href":"https:\/\/ucm.one\/de\/wp-json\/wp\/v2\/product_brand?post=91179"},{"taxonomy":"product_cat","embeddable":true,"href":"https:\/\/ucm.one\/de\/wp-json\/wp\/v2\/product_cat?post=91179"},{"taxonomy":"product_tag","embeddable":true,"href":"https:\/\/ucm.one\/de\/wp-json\/wp\/v2\/product_tag?post=91179"}],"curies":[{"name":"wp","href":"https:\/\/api.w.org\/{rel}","templated":true}]}}