{"id":91172,"date":"2023-02-25T18:48:26","date_gmt":"2023-02-25T18:48:26","guid":{"rendered":"https:\/\/ucm.one\/?post_type=product&#038;p=91172"},"modified":"2025-07-22T09:33:13","modified_gmt":"2025-07-22T09:33:13","slug":"unter-ausschluss-der-oeffentlichkeit","status":"publish","type":"product","link":"https:\/\/ucm.one\/de\/produkt\/unter-ausschluss-der-oeffentlichkeit\/","title":{"rendered":"Unter Ausschlu\u00df der \u00d6ffentlichkeit"},"content":{"rendered":"<div class=\"wpb_text_column wpb_content_element \">\n<div class=\"wpb_wrapper\">\n<div class=\"\">\n<div class=\"wpb_text_column wpb_content_element \">\n<div class=\"wpb_wrapper\">\n<div class=\"wpb_text_column wpb_content_element \">\n<div class=\"wpb_wrapper\">\n<div class=\"wpb_text_column wpb_content_element \">\n<div class=\"wpb_wrapper\">\n<p>Ein Mann ist des Mordes an seiner Frau beschuldigt: Der Staatsanwalt nimmt an, er habe die Tat begangen, um mehr Zeit mit seiner Geliebten zu verbringen. Die Geliebte sagt jedoch aus, dass die Ehefrau Selbstmord begangen habe und der Angeklagte daher unschuldig sei. Der Verd\u00e4chtigte wird gegen den Willen des Staatsanwalts freigelassen und kurz darauf tot aufgefunden. Der Staatsanwalt entscheidet sich, weitere Ermittlungen\u00a0aufzunehmen und st\u00f6\u00dft auf eine kriminelle Bande, die deutsche Staatsgeheimnisse verkauft. Kurz vor Ende der Ermittlungen wird eine Frau ermordet. Als ein Zeuge aussagt, ihn in der N\u00e4he der Toten gesehen zu haben, findet sich der Staatsanwalt selbst auf der Anklagebank wieder und muss seine Unschuld beweisen.<div class=\"gap\" style=\"line-height: 10px; height: 10px;\"><\/div>Regiseur\u00a0<strong>Harald Philipp<\/strong>\u00a0zeichnete u.a. auch verantwortlich f\u00fcr die\u00a0<em><strong>Winnetou-Filme<\/strong><\/em>\u00a0\u201e<strong>Winnetou und das Halbblut Apanatschi<\/strong>\u201c und \u201e<strong>Der \u00d6lprinz<\/strong>\u201c und\u00a0<strong><em>Jerry-Cotton-Klassiker<\/em><\/strong>\u00a0wie \u201e<strong>Mordnacht in Manhattan<\/strong>\u201c und \u201e<strong>Um null Uhr schnappt die Falle zu<\/strong>\u201c.\u00a0<strong>Marianne Koch<\/strong>\u00a0wurde schon 1955 durch ihre Rolle in des \u201e<strong>Teufels General<\/strong>\u201c zum Star.<\/p>\n<\/div>\n<\/div>\n<\/div>\n<\/div>\n<\/div>\n<\/div>\n<\/div>\n<\/div>\n<\/div>\n<div><div class=\"gap\" style=\"line-height: 20px; height: 20px;\"><\/div><\/div>\n<h5>Weitere Informationen<\/h5>\n<div>\n<div>\n<table style=\"height: 45px; width: 100%; border-collapse: collapse; border-color: #ffffff; background-color: #ffffff; border-style: hidden;\">\n<tbody>\n<tr style=\"height: 22px;\">\n<td style=\"width: 4.701195%; border-style: hidden; height: 22px;\">Film:<\/td>\n<td style=\"width: 95.298805%; border-style: hidden; height: 22px;\"><a href=\"https:\/\/ucm.one\/de\/erstmals-als-mediabook-und-digital-in-hd-unter-ausschluss-der-oeffentlichkeit-von-harald-philipp\/\">Unter Ausschlu\u00df der \u00d6ffentlichkeit<\/a><\/td>\n<\/tr>\n<tr style=\"height: 23px;\">\n<td style=\"width: 4.701195219123506%; height: 23px; border-style: hidden;\">Label:<\/td>\n<td style=\"width: 95.29880478087651%; height: 23px; border-style: hidden;\"><a title=\"Zeitlose Filmkunst\" href=\"https:\/\/ucm.one\/de\/film-labels\/zeitlose-filmkunst\/\">Zeitlose Filmkunst<\/a><\/td>\n<\/tr>\n<\/tbody>\n<\/table>\n<\/div>\n<div><\/div>\n<\/div>\n<div>\n<div><div class=\"gap\" style=\"line-height: 10px; height: 10px;\"><\/div><\/div>\n<div>\u2117 1961<strong>\u00a0Central Cinema Company Film (CCC)<\/strong>, \u00a9 2023 <b>Zeitlose Filmkunst<\/b>\u00a0\/\u00a0<span style=\"font-family: 'arial black', sans-serif;\"><strong>UCM.ONE<\/strong><\/span><\/div>\n<div><div class=\"gap\" style=\"line-height: 20px; height: 20px;\"><\/div><\/div>\n<\/div>\n<div>\n<div>\n<div><\/div>\n<div><div class=\"gap\" style=\"line-height: 10px; height: 10px;\"><\/div><\/div>\n<div><span style=\"color: #003a80;\"><strong>\u27a0 <a style=\"color: #003a80;\" href=\"https:\/\/ucm.one\/de\/produkt-kategorie\/art-de\/filme-de\/\">zum Shop<\/a><\/strong><\/span><\/div>\n<div><div class=\"gap\" style=\"line-height: 20px; height: 20px;\"><\/div><\/div>\n<\/div>\n<\/div>\n","protected":false},"excerpt":{"rendered":"<p>Regie: <strong><a href=\"https:\/\/ucm.one\/de\/?s=Harald%2BPhilipp&amp;post_type=product\">Harald Philipp<\/a><\/strong><\/p>\n<p>Label:\u00a0<a title=\"Zeitlose Filmkunst\" href=\"https:\/\/ucm.one\/de\/produkt-kategorie\/label-film-de\/zeitlose-filmkunst-de\/\"><strong>Zeitlose Filmkunst<\/strong><\/a><\/p>\n<p>Art: <strong><a href=\"https:\/\/ucm.one\/de\/produkt-kategorie\/art-de\/filme-de\/\">Film<\/a> (<a title=\"\" href=\"https:\/\/ucm.one\/de\/produkt-kategorie\/genre-film-de\/klassiker-de\/\">Klassiker<\/a>)<\/strong><\/p>\n<p>Genres: <strong><a href=\"https:\/\/ucm.one\/de\/produkt-kategorie\/genre-film-de\/drama-de\/\">Drama<\/a>, <a href=\"https:\/\/ucm.one\/de\/produkt-kategorie\/genre-film-de\/krimi-de\/\">Krimi<\/a><\/strong><\/p>\n<p>Jahr: <strong>2023<\/strong><\/p>\n<p>FSK: <strong>16<\/strong><\/p>\n<p>Format: <strong>Mediabook<\/strong><\/p>\n","protected":false},"featured_media":91165,"comment_status":"open","ping_status":"closed","template":"","meta":{"_acf_changed":false},"product_brand":[],"product_cat":[15304,9708,10330,10331,10332,10333,10334,10335,12093],"product_tag":[14417,15562,15578,15579,15580,15581,15582,15583,15584,15585],"class_list":{"0":"post-91172","1":"product","2":"type-product","3":"status-publish","4":"has-post-thumbnail","6":"product_cat-zeitlose-filmkunst-de","7":"product_cat-filme-de","8":"product_cat-thriller-de","9":"product_cat-dvd-de","10":"product_cat-blu-ray-de","11":"product_cat-mediabooks-de","12":"product_cat-drama-de","13":"product_cat-krimi-de","14":"product_cat-klassiker-de","15":"product_tag-artur-brauner","16":"product_tag-zeitlose-filmkunst","17":"product_tag-unter-ausschluss-der-oeffentlichkeit","18":"product_tag-harald-philipp","19":"product_tag-ccc-film","20":"product_tag-wolfgang-reichmann","21":"product_tag-claus-holm","22":"product_tag-eva-bartok","23":"product_tag-marianne-koch","24":"product_tag-peter-van-eyck","25":"pa_format-mediabook-blu-ray-dvd","26":"description-off","28":"first","29":"instock","30":"taxable","31":"shipping-taxable","32":"purchasable","33":"product-type-variable","34":"has-default-attributes"},"acf":[],"yoast_head":"<!-- This site is optimized with the Yoast SEO plugin v27.2 - https:\/\/yoast.com\/product\/yoast-seo-wordpress\/ -->\n<title>Unter Ausschlu\u00df der \u00d6ffentlichkeit<\/title>\n<meta name=\"description\" content=\"Shop | Unter Ausschlu\u00df der \u00d6ffentlichkeit | 2023 | Zeitlose Filmkunst | Mediabook | FSK 16\" \/>\n<meta name=\"robots\" content=\"index, follow, max-snippet:-1, max-image-preview:large, max-video-preview:-1\" \/>\n<link rel=\"canonical\" href=\"https:\/\/ucm.one\/de\/produkt\/unter-ausschluss-der-oeffentlichkeit\/\" \/>\n<meta property=\"og:locale\" content=\"de_DE\" \/>\n<meta property=\"og:type\" content=\"article\" \/>\n<meta property=\"og:title\" content=\"Unter Ausschlu\u00df der \u00d6ffentlichkeit\" \/>\n<meta property=\"og:description\" content=\"Shop | Unter Ausschlu\u00df der \u00d6ffentlichkeit | 2023 | Zeitlose Filmkunst | Mediabook | FSK 16\" \/>\n<meta property=\"og:url\" content=\"https:\/\/ucm.one\/de\/produkt\/unter-ausschluss-der-oeffentlichkeit\/\" \/>\n<meta property=\"og:site_name\" content=\"UCM.ONE\" \/>\n<meta property=\"article:modified_time\" content=\"2025-07-22T09:33:13+00:00\" \/>\n<meta property=\"og:image\" content=\"https:\/\/ucm.one\/wp-content\/uploads\/2023\/02\/C-Gestehen-Sie-Dr-Corda-2D-FSK-16.jpg\" \/>\n<meta name=\"twitter:card\" content=\"summary_large_image\" \/>\n<meta name=\"twitter:title\" content=\"Unter Ausschlu\u00df der \u00d6ffentlichkeit\" \/>\n<meta name=\"twitter:description\" content=\"Shop | Unter Ausschlu\u00df der \u00d6ffentlichkeit | 2023 | Zeitlose Filmkunst | Mediabook | FSK 16\" \/>\n<meta name=\"twitter:image\" content=\"https:\/\/ucm.one\/wp-content\/uploads\/2023\/02\/C-Gestehen-Sie-Dr-Corda-2D-FSK-16.jpg\" \/>\n<meta name=\"twitter:label1\" content=\"Gesch\u00e4tzte Lesezeit\" \/>\n\t<meta name=\"twitter:data1\" content=\"1\u00a0Minute\" \/>\n<!-- \/ Yoast SEO plugin. -->","yoast_head_json":{"title":"Unter Ausschlu\u00df der \u00d6ffentlichkeit","description":"Shop | Unter Ausschlu\u00df der \u00d6ffentlichkeit | 2023 | Zeitlose Filmkunst | Mediabook | FSK 16","robots":{"index":"index","follow":"follow","max-snippet":"max-snippet:-1","max-image-preview":"max-image-preview:large","max-video-preview":"max-video-preview:-1"},"canonical":"https:\/\/ucm.one\/de\/produkt\/unter-ausschluss-der-oeffentlichkeit\/","og_locale":"de_DE","og_type":"article","og_title":"Unter Ausschlu\u00df der \u00d6ffentlichkeit","og_description":"Shop | Unter Ausschlu\u00df der \u00d6ffentlichkeit | 2023 | Zeitlose Filmkunst | Mediabook | FSK 16","og_url":"https:\/\/ucm.one\/de\/produkt\/unter-ausschluss-der-oeffentlichkeit\/","og_site_name":"UCM.ONE","article_modified_time":"2025-07-22T09:33:13+00:00","og_image":[{"url":"https:\/\/ucm.one\/wp-content\/uploads\/2023\/02\/C-Gestehen-Sie-Dr-Corda-2D-FSK-16.jpg","type":"","width":"","height":""}],"twitter_card":"summary_large_image","twitter_title":"Unter Ausschlu\u00df der \u00d6ffentlichkeit","twitter_description":"Shop | Unter Ausschlu\u00df der \u00d6ffentlichkeit | 2023 | Zeitlose Filmkunst | Mediabook | FSK 16","twitter_image":"https:\/\/ucm.one\/wp-content\/uploads\/2023\/02\/C-Gestehen-Sie-Dr-Corda-2D-FSK-16.jpg","twitter_misc":{"Gesch\u00e4tzte Lesezeit":"1\u00a0Minute"},"schema":{"@context":"https:\/\/schema.org","@graph":[{"@type":"WebPage","@id":"https:\/\/ucm.one\/de\/produkt\/unter-ausschluss-der-oeffentlichkeit\/","url":"https:\/\/ucm.one\/de\/produkt\/unter-ausschluss-der-oeffentlichkeit\/","name":"Unter Ausschlu\u00df der \u00d6ffentlichkeit","isPartOf":{"@id":"https:\/\/ucm.one\/de\/#website"},"primaryImageOfPage":{"@id":"https:\/\/ucm.one\/de\/produkt\/unter-ausschluss-der-oeffentlichkeit\/#primaryimage"},"image":{"@id":"https:\/\/ucm.one\/de\/produkt\/unter-ausschluss-der-oeffentlichkeit\/#primaryimage"},"thumbnailUrl":"https:\/\/ucm.one\/wp-content\/uploads\/2023\/02\/C-Unter-Ausschluss-der-Oeffentlichkeit-Mockup-2D-FSK-16.jpg","datePublished":"2023-02-25T18:48:26+00:00","dateModified":"2025-07-22T09:33:13+00:00","description":"Shop | Unter Ausschlu\u00df der \u00d6ffentlichkeit | 2023 | Zeitlose Filmkunst | Mediabook | FSK 16","breadcrumb":{"@id":"https:\/\/ucm.one\/de\/produkt\/unter-ausschluss-der-oeffentlichkeit\/#breadcrumb"},"inLanguage":"de","potentialAction":[{"@type":"ReadAction","target":["https:\/\/ucm.one\/de\/produkt\/unter-ausschluss-der-oeffentlichkeit\/"]}]},{"@type":"ImageObject","inLanguage":"de","@id":"https:\/\/ucm.one\/de\/produkt\/unter-ausschluss-der-oeffentlichkeit\/#primaryimage","url":"https:\/\/ucm.one\/wp-content\/uploads\/2023\/02\/C-Unter-Ausschluss-der-Oeffentlichkeit-Mockup-2D-FSK-16.jpg","contentUrl":"https:\/\/ucm.one\/wp-content\/uploads\/2023\/02\/C-Unter-Ausschluss-der-Oeffentlichkeit-Mockup-2D-FSK-16.jpg","width":699,"height":1000},{"@type":"BreadcrumbList","@id":"https:\/\/ucm.one\/de\/produkt\/unter-ausschluss-der-oeffentlichkeit\/#breadcrumb","itemListElement":[{"@type":"ListItem","position":1,"name":"Home","item":"https:\/\/ucm.one\/de\/"},{"@type":"ListItem","position":2,"name":"Shop","item":"https:\/\/ucm.one\/de\/shop\/"},{"@type":"ListItem","position":3,"name":"Unter Ausschlu\u00df der \u00d6ffentlichkeit"}]},{"@type":"WebSite","@id":"https:\/\/ucm.one\/de\/#website","url":"https:\/\/ucm.one\/de\/","name":"UCM.ONE","description":"","publisher":{"@id":"https:\/\/ucm.one\/de\/#organization"},"potentialAction":[{"@type":"SearchAction","target":{"@type":"EntryPoint","urlTemplate":"https:\/\/ucm.one\/de\/?s={search_term_string}"},"query-input":{"@type":"PropertyValueSpecification","valueRequired":true,"valueName":"search_term_string"}}],"inLanguage":"de"},{"@type":"Organization","@id":"https:\/\/ucm.one\/de\/#organization","name":"UCM.ONE","url":"https:\/\/ucm.one\/de\/","logo":{"@type":"ImageObject","inLanguage":"de","@id":"https:\/\/ucm.one\/de\/#\/schema\/logo\/image\/","url":"https:\/\/ucm.one\/wp-content\/uploads\/2019\/10\/UCM.ONE-Logo-RGB.svg","contentUrl":"https:\/\/ucm.one\/wp-content\/uploads\/2019\/10\/UCM.ONE-Logo-RGB.svg","width":1,"height":1,"caption":"UCM.ONE"},"image":{"@id":"https:\/\/ucm.one\/de\/#\/schema\/logo\/image\/"}}]}},"_links":{"self":[{"href":"https:\/\/ucm.one\/de\/wp-json\/wp\/v2\/product\/91172","targetHints":{"allow":["GET"]}}],"collection":[{"href":"https:\/\/ucm.one\/de\/wp-json\/wp\/v2\/product"}],"about":[{"href":"https:\/\/ucm.one\/de\/wp-json\/wp\/v2\/types\/product"}],"replies":[{"embeddable":true,"href":"https:\/\/ucm.one\/de\/wp-json\/wp\/v2\/comments?post=91172"}],"wp:featuredmedia":[{"embeddable":true,"href":"https:\/\/ucm.one\/de\/wp-json\/wp\/v2\/media\/91165"}],"wp:attachment":[{"href":"https:\/\/ucm.one\/de\/wp-json\/wp\/v2\/media?parent=91172"}],"wp:term":[{"taxonomy":"product_brand","embeddable":true,"href":"https:\/\/ucm.one\/de\/wp-json\/wp\/v2\/product_brand?post=91172"},{"taxonomy":"product_cat","embeddable":true,"href":"https:\/\/ucm.one\/de\/wp-json\/wp\/v2\/product_cat?post=91172"},{"taxonomy":"product_tag","embeddable":true,"href":"https:\/\/ucm.one\/de\/wp-json\/wp\/v2\/product_tag?post=91172"}],"curies":[{"name":"wp","href":"https:\/\/api.w.org\/{rel}","templated":true}]}}