{"id":91053,"date":"2023-02-24T23:51:36","date_gmt":"2023-02-24T23:51:36","guid":{"rendered":"https:\/\/ucm.one\/?post_type=product&#038;p=91053"},"modified":"2026-01-27T20:11:38","modified_gmt":"2026-01-27T20:11:38","slug":"harthouse-frankfurt-graues-hoodie-white-inverted-roboman","status":"publish","type":"product","link":"https:\/\/ucm.one\/de\/produkt\/harthouse-frankfurt-graues-hoodie-white-inverted-roboman\/","title":{"rendered":"Harthouse Frankfurt (Graues Hoodie &#8222;White Inverted Roboman&#8220;)"},"content":{"rendered":"<div class=\"\">Hochwertiger grauer Hoodie mit dem Harthouse Frankfurt Logo-Print auf der linken Brust und dem wei\u00dfen umgekehrten Roboman-Print auf der R\u00fcckseite.<\/div>\n<div class=\"\"><div class=\"gap\" style=\"line-height: 10px; height: 10px;\"><\/div><\/div>\n<div class=\"\">Komfortables Kombiwunder: Der Basic Crewneck im Baumwoll-Mix \u00fcberzeugt mit entspanntem Look und klassischem Regular Fit. Der typische Crewneck-Ausschnitt und die langen \u00c4rmel sorgen f\u00fcr das gew\u00fcnschte Tragegef\u00fchl, das durch Rippstrickb\u00fcndchen an den Armabschl\u00fcssen und am Saum noch betont wird. Veredelt mit dem Wunschdruck, ist der Pullover ein individueller Begleiter f\u00fcr jeden Tag.<\/div>\n<div><\/div>\n<div class=\"wpb_wrapper\">\n<div><div class=\"gap\" style=\"line-height: 20px; height: 20px;\"><\/div><\/div>\n<h5>Weitere Informationen<\/h5>\n<\/div>\n<div>\n<div>\n<table style=\"height: 46px; width: 100%; border-collapse: collapse; border-color: #ffffff; background-color: #ffffff; border-style: hidden;\">\n<tbody>\n<tr style=\"height: 23px;\">\n<td style=\"width: 4.058146577831617%; height: 23px;\">Label:<\/td>\n<td style=\"width: 95.94185342216838%; height: 23px;\"><a href=\"https:\/\/ucm.one\/de\/musik-labels\/harthouse\/\">Harthouse<\/a><\/td>\n<\/tr>\n<\/tbody>\n<\/table>\n<\/div>\n<div><\/div>\n<div><div class=\"gap\" style=\"line-height: 10px; height: 10px;\"><\/div><\/div>\n<div>\u2117 &amp; \u00a9 2023\u00a0<strong>Harthouse<\/strong> \/ <span style=\"font-family: 'arial black', sans-serif;\"><strong>UCM.ONE<\/strong><\/span><\/div>\n<div><div class=\"gap\" style=\"line-height: 20px; height: 20px;\"><\/div><\/div>\n<div><\/div>\n<div>\n<div><div class=\"gap\" style=\"line-height: 10px; height: 10px;\"><\/div><\/div>\n<div><span style=\"color: #003a80;\"><strong>\u27a0 <a style=\"color: #003a80;\" title=\"\" href=\"https:\/\/ucm.one\/de\/produkt-kategorie\/art-de\/musik-de\/\">zum Shop<\/a><\/strong><\/span><\/div>\n<div><div class=\"gap\" style=\"line-height: 20px; height: 20px;\"><\/div><\/div>\n<\/div>\n<\/div>\n","protected":false},"excerpt":{"rendered":"<p>Label:\u00a0<a href=\"https:\/\/ucm.one\/de\/produkt-kategorie\/label-musik-de\/harthouse-de\"><b>Harthouse<\/b><\/a><\/p>\n<p>Art: <strong><a href=\"https:\/\/ucm.one\/de\/produkt-kategorie\/art-de\/musik-de\/\">Musik<\/a> (<a href=\"https:\/\/ucm.one\/de\/produkt-kategorie\/merchandise-de\/\">Merchandise<\/a>)<\/strong><\/p>\n<p>Genre:\u00a0<b><a href=\"https:\/\/ucm.one\/de\/produkt-kategorie\/genre-musik-de\/dance-de\/techno-de\/\">Techno<\/a><\/b><\/p>\n<p>Jahr: <strong>2023<\/strong><\/p>\n<p>Format: <b>Hoodie<\/b><\/p>\n","protected":false},"featured_media":91043,"comment_status":"open","ping_status":"closed","template":"","meta":{"_acf_changed":false},"product_brand":[],"product_cat":[9713,9796,10400,11183],"product_tag":[11226,9799,11211,11223,11224,11225],"class_list":{"0":"post-91053","1":"product","2":"type-product","3":"status-publish","4":"has-post-thumbnail","6":"product_cat-musik-de","7":"product_cat-harthouse-de","8":"product_cat-merchandise-de","9":"product_cat-hoodie","10":"product_tag-omen","11":"product_tag-harthouse","12":"product_tag-hoodie","13":"product_tag-harthouse-frankfurt","14":"product_tag-frankfurt","15":"product_tag-sven-vaeth","16":"product_shipping_class-hoodie-2","17":"description-off","19":"first","20":"instock","21":"taxable","22":"shipping-taxable","23":"purchasable","24":"product-type-variable"},"acf":[],"yoast_head":"<!-- This site is optimized with the Yoast SEO plugin v27.2 - https:\/\/yoast.com\/product\/yoast-seo-wordpress\/ -->\n<title>Harthouse Frankfurt (Graues Hoodie &quot;White Inverted Roboman&quot;)<\/title>\n<meta name=\"description\" content=\"Shop | Harthouse Frankfurt Harthouse Frankfurt (Graues Hoodie &quot;White Inverted Roboman&quot;) | 2023 | Harthouse | Hoodie\" \/>\n<meta name=\"robots\" content=\"index, follow, max-snippet:-1, max-image-preview:large, max-video-preview:-1\" \/>\n<link rel=\"canonical\" href=\"https:\/\/ucm.one\/de\/produkt\/harthouse-frankfurt-graues-hoodie-white-inverted-roboman\/\" \/>\n<meta property=\"og:locale\" content=\"de_DE\" \/>\n<meta property=\"og:type\" content=\"article\" \/>\n<meta property=\"og:title\" content=\"Harthouse Frankfurt (Graues Hoodie &quot;White Inverted Roboman&quot;)\" \/>\n<meta property=\"og:description\" content=\"Shop | Harthouse Frankfurt (Graues Hoodie &quot;White Inverted Roboman&quot;) | 2023 | Harthouse | Hoodie\" \/>\n<meta property=\"og:url\" content=\"https:\/\/ucm.one\/de\/produkt\/harthouse-frankfurt-graues-hoodie-white-inverted-roboman\/\" \/>\n<meta property=\"og:site_name\" content=\"UCM.ONE\" \/>\n<meta property=\"article:modified_time\" content=\"2026-01-27T20:11:38+00:00\" \/>\n<meta property=\"og:image\" content=\"https:\/\/ucm.one\/wp-content\/uploads\/2023\/02\/B-Harthouse-Hoodie-Mockup-grau-vorne.jpg\" \/>\n<meta name=\"twitter:card\" content=\"summary_large_image\" \/>\n<meta name=\"twitter:title\" content=\"Harthouse Frankfurt (Graues Hoodie &quot;White Inverted Roboman&quot;)\" \/>\n<meta name=\"twitter:description\" content=\"Shop | Harthouse Frankfurt (Graues Hoodie &quot;White Inverted Roboman&quot;) | 2023 | Harthouse | Hoodie\" \/>\n<meta name=\"twitter:image\" content=\"https:\/\/ucm.one\/wp-content\/uploads\/2023\/02\/B-Harthouse-Hoodie-Mockup-grau-vorne.jpg\" \/>\n<meta name=\"twitter:label1\" content=\"Gesch\u00e4tzte Lesezeit\" \/>\n\t<meta name=\"twitter:data1\" content=\"1\u00a0Minute\" \/>\n<!-- \/ Yoast SEO plugin. -->","yoast_head_json":{"title":"Harthouse Frankfurt (Graues Hoodie \"White Inverted Roboman\")","description":"Shop | Harthouse Frankfurt Harthouse Frankfurt (Graues Hoodie \"White Inverted Roboman\") | 2023 | Harthouse | Hoodie","robots":{"index":"index","follow":"follow","max-snippet":"max-snippet:-1","max-image-preview":"max-image-preview:large","max-video-preview":"max-video-preview:-1"},"canonical":"https:\/\/ucm.one\/de\/produkt\/harthouse-frankfurt-graues-hoodie-white-inverted-roboman\/","og_locale":"de_DE","og_type":"article","og_title":"Harthouse Frankfurt (Graues Hoodie \"White Inverted Roboman\")","og_description":"Shop | Harthouse Frankfurt (Graues Hoodie \"White Inverted Roboman\") | 2023 | Harthouse | Hoodie","og_url":"https:\/\/ucm.one\/de\/produkt\/harthouse-frankfurt-graues-hoodie-white-inverted-roboman\/","og_site_name":"UCM.ONE","article_modified_time":"2026-01-27T20:11:38+00:00","og_image":[{"url":"https:\/\/ucm.one\/wp-content\/uploads\/2023\/02\/B-Harthouse-Hoodie-Mockup-grau-vorne.jpg","type":"","width":"","height":""}],"twitter_card":"summary_large_image","twitter_title":"Harthouse Frankfurt (Graues Hoodie \"White Inverted Roboman\")","twitter_description":"Shop | Harthouse Frankfurt (Graues Hoodie \"White Inverted Roboman\") | 2023 | Harthouse | Hoodie","twitter_image":"https:\/\/ucm.one\/wp-content\/uploads\/2023\/02\/B-Harthouse-Hoodie-Mockup-grau-vorne.jpg","twitter_misc":{"Gesch\u00e4tzte Lesezeit":"1\u00a0Minute"},"schema":{"@context":"https:\/\/schema.org","@graph":[{"@type":"WebPage","@id":"https:\/\/ucm.one\/de\/produkt\/harthouse-frankfurt-graues-hoodie-white-inverted-roboman\/","url":"https:\/\/ucm.one\/de\/produkt\/harthouse-frankfurt-graues-hoodie-white-inverted-roboman\/","name":"Harthouse Frankfurt (Graues Hoodie \"White Inverted Roboman\")","isPartOf":{"@id":"https:\/\/ucm.one\/de\/#website"},"primaryImageOfPage":{"@id":"https:\/\/ucm.one\/de\/produkt\/harthouse-frankfurt-graues-hoodie-white-inverted-roboman\/#primaryimage"},"image":{"@id":"https:\/\/ucm.one\/de\/produkt\/harthouse-frankfurt-graues-hoodie-white-inverted-roboman\/#primaryimage"},"thumbnailUrl":"https:\/\/ucm.one\/wp-content\/uploads\/2023\/02\/B-Harthouse-Hoodie-Mockup-grau-vorne.jpg","datePublished":"2023-02-24T23:51:36+00:00","dateModified":"2026-01-27T20:11:38+00:00","description":"Shop | Harthouse Frankfurt Harthouse Frankfurt (Graues Hoodie \"White Inverted Roboman\") | 2023 | Harthouse | Hoodie","breadcrumb":{"@id":"https:\/\/ucm.one\/de\/produkt\/harthouse-frankfurt-graues-hoodie-white-inverted-roboman\/#breadcrumb"},"inLanguage":"de","potentialAction":[{"@type":"ReadAction","target":["https:\/\/ucm.one\/de\/produkt\/harthouse-frankfurt-graues-hoodie-white-inverted-roboman\/"]}]},{"@type":"ImageObject","inLanguage":"de","@id":"https:\/\/ucm.one\/de\/produkt\/harthouse-frankfurt-graues-hoodie-white-inverted-roboman\/#primaryimage","url":"https:\/\/ucm.one\/wp-content\/uploads\/2023\/02\/B-Harthouse-Hoodie-Mockup-grau-vorne.jpg","contentUrl":"https:\/\/ucm.one\/wp-content\/uploads\/2023\/02\/B-Harthouse-Hoodie-Mockup-grau-vorne.jpg","width":1200,"height":1200},{"@type":"BreadcrumbList","@id":"https:\/\/ucm.one\/de\/produkt\/harthouse-frankfurt-graues-hoodie-white-inverted-roboman\/#breadcrumb","itemListElement":[{"@type":"ListItem","position":1,"name":"Home","item":"https:\/\/ucm.one\/de\/"},{"@type":"ListItem","position":2,"name":"Shop","item":"https:\/\/ucm.one\/de\/shop\/"},{"@type":"ListItem","position":3,"name":"Harthouse Frankfurt (Graues Hoodie &#8222;White Inverted Roboman&#8220;)"}]},{"@type":"WebSite","@id":"https:\/\/ucm.one\/de\/#website","url":"https:\/\/ucm.one\/de\/","name":"UCM.ONE","description":"","publisher":{"@id":"https:\/\/ucm.one\/de\/#organization"},"potentialAction":[{"@type":"SearchAction","target":{"@type":"EntryPoint","urlTemplate":"https:\/\/ucm.one\/de\/?s={search_term_string}"},"query-input":{"@type":"PropertyValueSpecification","valueRequired":true,"valueName":"search_term_string"}}],"inLanguage":"de"},{"@type":"Organization","@id":"https:\/\/ucm.one\/de\/#organization","name":"UCM.ONE","url":"https:\/\/ucm.one\/de\/","logo":{"@type":"ImageObject","inLanguage":"de","@id":"https:\/\/ucm.one\/de\/#\/schema\/logo\/image\/","url":"https:\/\/ucm.one\/wp-content\/uploads\/2019\/10\/UCM.ONE-Logo-RGB.svg","contentUrl":"https:\/\/ucm.one\/wp-content\/uploads\/2019\/10\/UCM.ONE-Logo-RGB.svg","width":1,"height":1,"caption":"UCM.ONE"},"image":{"@id":"https:\/\/ucm.one\/de\/#\/schema\/logo\/image\/"}}]}},"_links":{"self":[{"href":"https:\/\/ucm.one\/de\/wp-json\/wp\/v2\/product\/91053","targetHints":{"allow":["GET"]}}],"collection":[{"href":"https:\/\/ucm.one\/de\/wp-json\/wp\/v2\/product"}],"about":[{"href":"https:\/\/ucm.one\/de\/wp-json\/wp\/v2\/types\/product"}],"replies":[{"embeddable":true,"href":"https:\/\/ucm.one\/de\/wp-json\/wp\/v2\/comments?post=91053"}],"wp:featuredmedia":[{"embeddable":true,"href":"https:\/\/ucm.one\/de\/wp-json\/wp\/v2\/media\/91043"}],"wp:attachment":[{"href":"https:\/\/ucm.one\/de\/wp-json\/wp\/v2\/media?parent=91053"}],"wp:term":[{"taxonomy":"product_brand","embeddable":true,"href":"https:\/\/ucm.one\/de\/wp-json\/wp\/v2\/product_brand?post=91053"},{"taxonomy":"product_cat","embeddable":true,"href":"https:\/\/ucm.one\/de\/wp-json\/wp\/v2\/product_cat?post=91053"},{"taxonomy":"product_tag","embeddable":true,"href":"https:\/\/ucm.one\/de\/wp-json\/wp\/v2\/product_tag?post=91053"}],"curies":[{"name":"wp","href":"https:\/\/api.w.org\/{rel}","templated":true}]}}