{"id":87353,"date":"2023-02-25T22:10:38","date_gmt":"2023-02-25T22:10:38","guid":{"rendered":"https:\/\/ucm.one\/?post_type=product&#038;p=87353"},"modified":"2023-11-16T22:36:10","modified_gmt":"2023-11-16T22:36:10","slug":"te-x%c2%b2","status":"publish","type":"product","link":"https:\/\/ucm.one\/de\/produkt\/te-x%c2%b2\/","title":{"rendered":"t=E\/x\u00b2"},"content":{"rendered":"<div class=\"wpb_text_column wpb_content_element \">\n<div class=\"wpb_wrapper\">\n<div class=\"\">\n<div class=\"wpb_text_column wpb_content_element \">\n<div class=\"wpb_wrapper\">\n<div class=\"wpb_text_column wpb_content_element \">\n<div class=\"wpb_wrapper\">\n<p style=\"font-weight: 400;\">Merlin (<strong>Mario Ganss<\/strong>) arbeitet als Cutter bei einer Filmproduktionsfirma, als er merkt, dass er in einer mehrmin\u00fctigen Zeitschleife feststeckt. Als er Ava (<strong>Jasmin Wagner<\/strong>) trifft, eine stumme Frau, die ebenfalls von der Zeitschleife wei\u00df, st\u00fcrzen sich beide in einen Kampf zwischen Vergangenheit und Zukunft. Ihre Mission: <em>&#8222;T\u00f6te den Clown und rette die Meerjungfrau!&#8220;<\/em><\/p>\n<p style=\"font-weight: 400;\"><span style=\"font-weight: 400;\">Die Geschichte erz\u00e4hlt von Zeitschleifen, die nur wenige Minuten dauern. Das Publikum erlebt die Geschichte dabei aus Perspektive von Merlin und Ava in Echtzeit: Immer nur einige Minuten vorw\u00e4rts &#8211; dann l\u00e4uft die Zeit r\u00fcckw\u00e4rts. Unterbrochen werden diese Zeitschleifen von R\u00fcckblicken in Ava und Merlins Vergangenheit. Die Handlung setzt sich so vor dem inneren Auge des Publikums immer weiter zusammen &#8211; wie ein Puzzle aus Teilen der Zeit.<\/span><\/p>\n<\/div>\n<\/div>\n<\/div>\n<\/div>\n<\/div>\n<\/div>\n<\/div>\n<div><div class=\"gap\" style=\"line-height: 20px; height: 20px;\"><\/div><\/div>\n<h5>Weitere Informationen<\/h5>\n<div>\n<div>\n<table style=\"height: 67px; width: 100%; border-collapse: collapse; border-color: #ffffff; background-color: #ffffff; border-style: hidden;\">\n<tbody>\n<tr style=\"height: 22px;\">\n<td style=\"width: 4.912165%; border-style: hidden; height: 22px;\">Film:<\/td>\n<td style=\"width: 95.087835%; border-style: hidden; height: 22px;\"><a title=\"\" href=\"https:\/\/ucm.one\/de\/te-x\/\">t=E\/x\u00b2<\/a><\/td>\n<\/tr>\n<tr style=\"height: 23px;\">\n<td style=\"width: 4.912165%; height: 23px; border-style: hidden;\">Label:<\/td>\n<td style=\"width: 95.087835%; height: 23px; border-style: hidden;\"><a title=\"B-Spree Pictures\" href=\"https:\/\/ucm.one\/de\/film-labels\/b-spree-pictures\/\">B-Spree Pictures<\/a><\/td>\n<\/tr>\n<\/tbody>\n<\/table>\n<\/div>\n<div><\/div>\n<\/div>\n<div>\n<div><div class=\"gap\" style=\"line-height: 10px; height: 10px;\"><\/div><\/div>\n<\/div>\n<div>\n<div>\u2117 2020\u00a0<strong>BSB Film- &amp; TV-P<\/strong><b>roduktion<\/b>, \u00a9 2023\u00a0<strong>B-Spree Pictures<\/strong>\u00a0\/\u00a0<span style=\"font-family: 'arial black', sans-serif;\"><strong>UCM.ONE<\/strong><\/span><\/div>\n<div><div class=\"gap\" style=\"line-height: 20px; height: 20px;\"><\/div><\/div>\n<\/div>\n<div>\n<div><\/div>\n<div>\n<div><div class=\"gap\" style=\"line-height: 10px; height: 10px;\"><\/div><\/div>\n<div><span style=\"color: #003a80;\"><strong>\u27a0 <a style=\"color: #003a80;\" href=\"https:\/\/ucm.one\/de\/produkt-kategorie\/art-de\/filme-de\/\">zum Shop<\/a><\/strong><\/span><\/div>\n<div><div class=\"gap\" style=\"line-height: 20px; height: 20px;\"><\/div><\/div>\n<\/div>\n<\/div>\n","protected":false},"excerpt":{"rendered":"<p>Regie: <a title=\"Andreas Z. Simon\" href=\"https:\/\/ucm.one\/de\/?s=%22Andreas+Z.+Simon%22&amp;post_type=product\"><strong>Andreas Z. Simon<\/strong><\/a><\/p>\n<p>Label:\u00a0<a title=\"\" href=\"https:\/\/ucm.one\/de\/produkt-kategorie\/label-film-de\/b-spree-pictures-de\/\"><strong>B-Spree Pictures<\/strong><\/a><\/p>\n<p>Art:\u00a0<strong><a href=\"https:\/\/ucm.one\/de\/produkt-kategorie\/art-de\/filme-de\/\">Film<\/a> (Spielfilm)<\/strong><\/p>\n<p>Genres:\u00a0<b><a title=\"Abenteuer\" href=\"https:\/\/ucm.one\/de\/produkt-kategorie\/genre-film-de\/abenteuer\/\">Abenteuer<\/a><\/b>, <b><a title=\"Mystery\" href=\"https:\/\/ucm.one\/de\/produkt-kategorie\/genre-film-de\/mystery-de\/\">Mystery<\/a><\/b><\/p>\n<p>Jahr: <strong>2023<\/strong><\/p>\n<p>FSK: <strong>16<\/strong><\/p>\n<p>Format: <strong>DVD<\/strong><\/p>\n","protected":false},"featured_media":87355,"comment_status":"open","ping_status":"closed","template":"","meta":{"_acf_changed":false},"product_brand":[],"product_cat":[9708,10329,10331,10341,10354,10357,10358],"product_tag":[15448,15449,15450,15451,15452,15453,15454,15455],"class_list":{"0":"post-87353","1":"product","2":"type-product","3":"status-publish","4":"has-post-thumbnail","6":"product_cat-filme-de","7":"product_cat-mystery-de","8":"product_cat-dvd-de","9":"product_cat-b-spree-pictures-de","10":"product_cat-science-fiction-de","11":"product_cat-abenteuer","12":"product_cat-action-de","13":"product_tag-te-x","14":"product_tag-jasmin-wagner","15":"product_tag-bluemchen","16":"product_tag-mario-ganss","17":"product_tag-marlene-hoffmann","18":"product_tag-goetz-otto","19":"product_tag-micky-jukovic","20":"product_tag-nick-benjamin","21":"product_shipping_class-dvd-2","22":"pa_format-dvd","23":"description-off","25":"first","26":"instock","27":"taxable","28":"shipping-taxable","29":"purchasable","30":"product-type-variable","31":"has-default-attributes"},"acf":[],"yoast_head":"<!-- This site is optimized with the Yoast SEO plugin v27.2 - https:\/\/yoast.com\/product\/yoast-seo-wordpress\/ -->\n<title>t=E\/x\u00b2<\/title>\n<meta name=\"description\" content=\"Shop | t=E\/x\u00b2 | 2023 | B-Spree Pictures | DVD | FSK 16\" \/>\n<meta name=\"robots\" content=\"index, follow, max-snippet:-1, max-image-preview:large, max-video-preview:-1\" \/>\n<link rel=\"canonical\" href=\"https:\/\/ucm.one\/de\/produkt\/te-x%c2%b2\/\" \/>\n<meta property=\"og:locale\" content=\"de_DE\" \/>\n<meta property=\"og:type\" content=\"article\" \/>\n<meta property=\"og:title\" content=\"t=E\/x\u00b2\" \/>\n<meta property=\"og:description\" content=\"Shop | t=E\/x\u00b2 | 2023 | B-Spree Pictures | DVD | FSK 16\" \/>\n<meta property=\"og:url\" content=\"https:\/\/ucm.one\/de\/produkt\/te-x%c2%b2\/\" \/>\n<meta property=\"og:site_name\" content=\"UCM.ONE\" \/>\n<meta property=\"article:modified_time\" content=\"2023-11-16T22:36:10+00:00\" \/>\n<meta property=\"og:image\" content=\"https:\/\/ucm.one\/wp-content\/uploads\/2023\/02\/P-tE-x2.jpg\" \/>\n<meta name=\"twitter:card\" content=\"summary_large_image\" \/>\n<meta name=\"twitter:title\" content=\"t=E\/x\u00b2\" \/>\n<meta name=\"twitter:description\" content=\"Shop | t=E\/x\u00b2 | 2023 | B-Spree Pictures | DVD | FSK 16\" \/>\n<meta name=\"twitter:image\" content=\"https:\/\/ucm.one\/wp-content\/uploads\/2023\/02\/P-tE-x2.jpg\" \/>\n<meta name=\"twitter:label1\" content=\"Gesch\u00e4tzte Lesezeit\" \/>\n\t<meta name=\"twitter:data1\" content=\"1\u00a0Minute\" \/>\n<!-- \/ Yoast SEO plugin. -->","yoast_head_json":{"title":"t=E\/x\u00b2","description":"Shop | t=E\/x\u00b2 | 2023 | B-Spree Pictures | DVD | FSK 16","robots":{"index":"index","follow":"follow","max-snippet":"max-snippet:-1","max-image-preview":"max-image-preview:large","max-video-preview":"max-video-preview:-1"},"canonical":"https:\/\/ucm.one\/de\/produkt\/te-x%c2%b2\/","og_locale":"de_DE","og_type":"article","og_title":"t=E\/x\u00b2","og_description":"Shop | t=E\/x\u00b2 | 2023 | B-Spree Pictures | DVD | FSK 16","og_url":"https:\/\/ucm.one\/de\/produkt\/te-x%c2%b2\/","og_site_name":"UCM.ONE","article_modified_time":"2023-11-16T22:36:10+00:00","og_image":[{"url":"https:\/\/ucm.one\/wp-content\/uploads\/2023\/02\/P-tE-x2.jpg","type":"","width":"","height":""}],"twitter_card":"summary_large_image","twitter_title":"t=E\/x\u00b2","twitter_description":"Shop | t=E\/x\u00b2 | 2023 | B-Spree Pictures | DVD | FSK 16","twitter_image":"https:\/\/ucm.one\/wp-content\/uploads\/2023\/02\/P-tE-x2.jpg","twitter_misc":{"Gesch\u00e4tzte Lesezeit":"1\u00a0Minute"},"schema":{"@context":"https:\/\/schema.org","@graph":[{"@type":"WebPage","@id":"https:\/\/ucm.one\/de\/produkt\/te-x%c2%b2\/","url":"https:\/\/ucm.one\/de\/produkt\/te-x%c2%b2\/","name":"t=E\/x\u00b2","isPartOf":{"@id":"https:\/\/ucm.one\/de\/#website"},"primaryImageOfPage":{"@id":"https:\/\/ucm.one\/de\/produkt\/te-x%c2%b2\/#primaryimage"},"image":{"@id":"https:\/\/ucm.one\/de\/produkt\/te-x%c2%b2\/#primaryimage"},"thumbnailUrl":"https:\/\/ucm.one\/wp-content\/uploads\/2023\/02\/C-tE-x\u00b2-Mockup-DVD-2D-FS16.jpg","datePublished":"2023-02-25T22:10:38+00:00","dateModified":"2023-11-16T22:36:10+00:00","description":"Shop | t=E\/x\u00b2 | 2023 | B-Spree Pictures | DVD | FSK 16","breadcrumb":{"@id":"https:\/\/ucm.one\/de\/produkt\/te-x%c2%b2\/#breadcrumb"},"inLanguage":"de","potentialAction":[{"@type":"ReadAction","target":["https:\/\/ucm.one\/de\/produkt\/te-x%c2%b2\/"]}]},{"@type":"ImageObject","inLanguage":"de","@id":"https:\/\/ucm.one\/de\/produkt\/te-x%c2%b2\/#primaryimage","url":"https:\/\/ucm.one\/wp-content\/uploads\/2023\/02\/C-tE-x\u00b2-Mockup-DVD-2D-FS16.jpg","contentUrl":"https:\/\/ucm.one\/wp-content\/uploads\/2023\/02\/C-tE-x\u00b2-Mockup-DVD-2D-FS16.jpg","width":699,"height":1000},{"@type":"BreadcrumbList","@id":"https:\/\/ucm.one\/de\/produkt\/te-x%c2%b2\/#breadcrumb","itemListElement":[{"@type":"ListItem","position":1,"name":"Home","item":"https:\/\/ucm.one\/de\/"},{"@type":"ListItem","position":2,"name":"Shop","item":"https:\/\/ucm.one\/de\/shop\/"},{"@type":"ListItem","position":3,"name":"t=E\/x\u00b2"}]},{"@type":"WebSite","@id":"https:\/\/ucm.one\/de\/#website","url":"https:\/\/ucm.one\/de\/","name":"UCM.ONE","description":"","publisher":{"@id":"https:\/\/ucm.one\/de\/#organization"},"potentialAction":[{"@type":"SearchAction","target":{"@type":"EntryPoint","urlTemplate":"https:\/\/ucm.one\/de\/?s={search_term_string}"},"query-input":{"@type":"PropertyValueSpecification","valueRequired":true,"valueName":"search_term_string"}}],"inLanguage":"de"},{"@type":"Organization","@id":"https:\/\/ucm.one\/de\/#organization","name":"UCM.ONE","url":"https:\/\/ucm.one\/de\/","logo":{"@type":"ImageObject","inLanguage":"de","@id":"https:\/\/ucm.one\/de\/#\/schema\/logo\/image\/","url":"https:\/\/ucm.one\/wp-content\/uploads\/2019\/10\/UCM.ONE-Logo-RGB.svg","contentUrl":"https:\/\/ucm.one\/wp-content\/uploads\/2019\/10\/UCM.ONE-Logo-RGB.svg","width":1,"height":1,"caption":"UCM.ONE"},"image":{"@id":"https:\/\/ucm.one\/de\/#\/schema\/logo\/image\/"}}]}},"_links":{"self":[{"href":"https:\/\/ucm.one\/de\/wp-json\/wp\/v2\/product\/87353","targetHints":{"allow":["GET"]}}],"collection":[{"href":"https:\/\/ucm.one\/de\/wp-json\/wp\/v2\/product"}],"about":[{"href":"https:\/\/ucm.one\/de\/wp-json\/wp\/v2\/types\/product"}],"replies":[{"embeddable":true,"href":"https:\/\/ucm.one\/de\/wp-json\/wp\/v2\/comments?post=87353"}],"wp:featuredmedia":[{"embeddable":true,"href":"https:\/\/ucm.one\/de\/wp-json\/wp\/v2\/media\/87355"}],"wp:attachment":[{"href":"https:\/\/ucm.one\/de\/wp-json\/wp\/v2\/media?parent=87353"}],"wp:term":[{"taxonomy":"product_brand","embeddable":true,"href":"https:\/\/ucm.one\/de\/wp-json\/wp\/v2\/product_brand?post=87353"},{"taxonomy":"product_cat","embeddable":true,"href":"https:\/\/ucm.one\/de\/wp-json\/wp\/v2\/product_cat?post=87353"},{"taxonomy":"product_tag","embeddable":true,"href":"https:\/\/ucm.one\/de\/wp-json\/wp\/v2\/product_tag?post=87353"}],"curies":[{"name":"wp","href":"https:\/\/api.w.org\/{rel}","templated":true}]}}