{"id":87150,"date":"2023-04-27T21:30:23","date_gmt":"2023-04-27T21:30:23","guid":{"rendered":"https:\/\/ucm.one\/?post_type=product&#038;p=87150"},"modified":"2025-02-16T08:53:44","modified_gmt":"2025-02-16T08:53:44","slug":"boccaccio-70","status":"publish","type":"product","link":"https:\/\/ucm.one\/de\/produkt\/boccaccio-70\/","title":{"rendered":"Boccaccio 70"},"content":{"rendered":"<div class=\"wpb_text_column wpb_content_element \">\n<div class=\"wpb_wrapper\">\n<div class=\"\">\n<div class=\"wpb_text_column wpb_content_element \">\n<div class=\"wpb_wrapper\">\n<p style=\"font-weight: 400;\">Ein Scherzo, erz\u00e4hlt in vier Akten, das sich an Boccaccios erotischen Erz\u00e4hlungen des Decameron orientiert:<\/p>\n<p><strong>Akt 1: Die Versuchung<\/strong> (OT: Le tentazioni del dottor Antonio)<strong><br \/>\n<\/strong>Dr. Antonio (<strong>Peppino De Filippo<\/strong>) ist ein aufrechter Moralist, der gegen die zunehmende Unmoral in seiner r\u00f6mischen Umgebung vorgeht. Ob er ein Liebespaarchen st\u00f6rt, Zeitschriften mit anz\u00fcglichen Titelbl\u00e4ttern herunterrei\u00dft oder eine Frau mit einem zu tiefen Ausschnitt ohrfeigt &#8211; immer sieht er sich als Verfechter der gerechten Sache. Bis eines Tages ein \u00fcberdimensionales Werbeplakat ausgerechnet vor der eigenen Haust\u00fcr aufgebaut wird und sein Blick auf die verf\u00fchrerische <strong>Anita Ekberg<\/strong> f\u00e4llt, die mit einem Glas in der Hand f\u00fcr Milch wirbt. Dr. Antonio setzt alle Hebel in Bewegung, um diese Bedrohung des Anstandes und der Moral wieder loszuwerden&#8230;<\/p>\n<p><strong>Akt 2: Der Job<\/strong> (OT: Lavoro)<br \/>\nAls Graf Ottavio (<strong>Thomas Mili\u00e1n<\/strong>) in seine palastartige Wohnung zur\u00fcckkehrt, wird er von einem Heer an Anw\u00e4lten erwartet. Ein Skandal ist geschehen, denn Ottavio wurde in der Zeitung gemeinsam mit Callgirls abgebildet. Das eigentliche Problem liegt darin, dass sein Schwiegervater daraufhin die Konten gesperrt hat, und da dieser \u00fcber das Geld f\u00fcr den verarmten Adligen verf\u00fcgt, sehen seine Anw\u00e4lte dringenden Handlungsbedarf. Eine Schl\u00fcsselrolle nimmt in dieser Situation Pupe (<strong>Romy Schneider<\/strong>) ein, die den meisten Einfluss auf ihren Vater hat. \u00c4u\u00dferlich wirkt sie gefasst, aber Ottavio wei\u00df noch nicht so recht, wie seine Frau reagieren wird&#8230;<\/p>\n<p><strong>Akt 3: Der Hauptgewinn <\/strong>(OT: La riffa)<br \/>\nIn der italienischen Kleinstadt herrscht fr\u00f6hliches Treiben. Viehmarkt, Rummel und kirchliche Prozessionen bestimmen das Stadtbild. Doch die M\u00e4nner haben ganz anderes im Sinn, denn Zoe (<strong>Sophia Loren<\/strong>), die gemeinsam mit ihrer schwangeren Freundin und deren Mann ein Fuhrgesch\u00e4ft betreibt, verlost sich selbst f\u00fcr eine Nacht. Die 70 Lose sind mehr als begehrt und erreichen teilweise astronomische H\u00f6hen. Zoe selbst ist nicht gl\u00fccklich dar\u00fcber, aber sie wird durch ihre finanzielle Not dazu gezwungen. Kompliziert wird es noch zus\u00e4tzlich, als sie sich in Gaetano (<strong>Luigi Giuliani<\/strong>) verliebt, der sehr eifers\u00fcchtig ist&#8230;<\/p>\n<p><em><strong>Akt 4: Renzo und Luciana\u00a0(OT: Renzo e Luciana)<\/strong>\u00a0(urspr\u00fcnglich der 1. Akt, nur als Bonus auf der Blu-Ray)<\/em><br \/>\n<em>Renzo (<strong>Germano Gilioli<\/strong>) und Luciana (<strong>Marisa Solinas<\/strong>) arbeiten beide in einer modernen Fabrikanlage. Da die Gesch\u00e4ftsleitung ihren Angestellten Beziehungen untersagt, heiraten sie heimlich im engsten Familienkreis. Doch damit ist ihr Liebesproblem nicht gel\u00f6st, da sie keine eigene Wohnung haben. Somit k\u00f6nnen sie weder in dem von ihren Eltern zur Verf\u00fcgung gestellten Zimmer, noch am Arbeitsplatz, wirklich Zeit f\u00fcr sich allein finden.<\/em>\u00a0<em>Zus\u00e4tzlich in Bedr\u00e4ngnis ger\u00e4t Luciana durch einen r\u00fcden Vorgesetzten, der die angeblich alleinstehende Untergebene f\u00fcr sich zu gewinnen versucht \u2026<\/em><\/p>\n<\/div>\n<\/div>\n<\/div>\n<\/div>\n<\/div>\n<div><div class=\"gap\" style=\"line-height: 20px; height: 20px;\"><\/div><\/div>\n<h5>Weitere Informationen<\/h5>\n<div>\n<div>\n<table style=\"height: 47px; width: 100%; border-collapse: collapse; border-color: #ffffff; background-color: #ffffff; border-style: hidden;\">\n<tbody>\n<tr>\n<td style=\"width: 4.701195%; border-style: hidden;\">Film:<\/td>\n<td style=\"width: 95.298805%; border-style: hidden;\"><a title=\"Boccaccio\" href=\"https:\/\/ucm.one\/de\/boccaccio-70-mit-anita-ekberg-romy-schneider-sophia-loren-als-mediabook-erhaeltlich\/\">Boccaccio 70<\/a><\/td>\n<\/tr>\n<tr style=\"height: 23px;\">\n<td style=\"width: 4.701195219123506%; height: 23px; border-style: hidden;\">Label:<\/td>\n<td style=\"width: 95.29880478087651%; height: 23px; border-style: hidden;\"><a title=\"B-Spree Classics\" href=\"https:\/\/ucm.one\/de\/film-labels\/b-spree-pictures\/#b-spree-classics\">B-Spree Classics<\/a><\/td>\n<\/tr>\n<\/tbody>\n<\/table>\n<\/div>\n<div><\/div>\n<\/div>\n<div>\n<div><div class=\"gap\" style=\"line-height: 10px; height: 10px;\"><\/div><\/div>\n<div>\n<p>\u2117 1962\u00a0<strong>Cineriz, Concordia Compagnia<\/strong>, <strong>Francinex<\/strong>, <strong>Gray-Film<\/strong>, \u00a9 2023\u00a0<strong>B-Spree Classics<\/strong> \/ <strong><span style=\"font-family: arial black, sans-serif;\">UCM.ONE<\/span><\/strong><\/p>\n<div><\/div>\n<\/div>\n<div><div class=\"gap\" style=\"line-height: 20px; height: 20px;\"><\/div><\/div>\n<div>\n<div><\/div>\n<div>\n<div><div class=\"gap\" style=\"line-height: 10px; height: 10px;\"><\/div><\/div>\n<div><span style=\"color: #003a80;\"><strong>\u27a0 <a style=\"color: #003a80;\" href=\"https:\/\/ucm.one\/de\/produkt-kategorie\/art-de\/filme-de\/\">zum Shop<\/a><\/strong><\/span><\/div>\n<div><div class=\"gap\" style=\"line-height: 20px; height: 20px;\"><\/div><\/div>\n<\/div>\n<\/div>\n<\/div>\n","protected":false},"excerpt":{"rendered":"<p>Regie: <a title=\"Federico Fellini\" href=\"https:\/\/ucm.one\/de\/?s=%22Federico+Fellini%22&amp;post_type=product\"><strong>Federico Fellini<\/strong><\/a><strong>,\u00a0<a title=\"Luchino Visconti\" href=\"https:\/\/ucm.one\/de\/?s=%22Luchino+Visconti%22&amp;post_type=product\">Luchino Visconti<\/a>, <a title=\"Vittorio De Sica\" href=\"https:\/\/ucm.one\/de\/?s=%22Vittorio+De+Sica%22&amp;post_type=product\">Vittorio De Sica<\/a><\/strong><\/p>\n<p>Label: <a href=\"https:\/\/ucm.one\/de\/produkt-kategorie\/label-film-de\/b-spree-pictures-de\/b-spree-classics-de\/\"><strong>B-Spree Classics<\/strong><\/a><\/p>\n<p>Art:\u00a0<strong><a href=\"https:\/\/ucm.one\/de\/produkt-kategorie\/art-de\/filme-de\/\">Film<\/a> (<a title=\"\" href=\"https:\/\/ucm.one\/de\/produkt-kategorie\/genre-film-de\/klassiker-de\/\">Klassiker<\/a>)<\/strong><\/p>\n<p>Genres:\u00a0<b><a title=\"\" href=\"https:\/\/ucm.one\/de\/produkt-kategorie\/genre-film-de\/drama-de\/\">Drama<\/a><\/b><\/p>\n<p>Jahr: <strong>2023<\/strong><\/p>\n<p>FSK: <strong>6<\/strong><\/p>\n<p>Formate: <strong>Diverse<\/strong><\/p>\n","protected":false},"featured_media":87603,"comment_status":"open","ping_status":"closed","template":"","meta":{"_acf_changed":false},"product_brand":[],"product_cat":[10331,10332,10333,10334,10341,10342,9708,12093],"product_tag":[15424,15435,15425,15426,15427,15428,15429,15430,15431,12287,15432,15433,14087,15434],"class_list":{"0":"post-87150","1":"product","2":"type-product","3":"status-publish","4":"has-post-thumbnail","6":"product_cat-dvd-de","7":"product_cat-blu-ray-de","8":"product_cat-mediabooks-de","9":"product_cat-drama-de","10":"product_cat-b-spree-pictures-de","11":"product_cat-b-spree-classics-de","12":"product_cat-filme-de","13":"product_cat-klassiker-de","14":"product_tag-boccaccio-70","15":"product_tag-paolo-stoppa","16":"product_tag-boccaccio","17":"product_tag-peppino-de-filippo","18":"product_tag-antonio-acqua","19":"product_tag-thomas-milian","20":"product_tag-sophia-loren","21":"product_tag-tonino-cervi","22":"product_tag-carlo-ponti","23":"product_tag-romy-schneider","24":"product_tag-giuliano-gemma","25":"product_tag-marisa-solinas","26":"product_tag-anita-ekberg","27":"product_tag-alfio-vita","28":"product_shipping_class-mediabook-2","29":"pa_format-dvd","30":"pa_format-blu-ray-de","31":"pa_format-mediabook-blu-ray-dvd","32":"description-off","34":"first","35":"instock","36":"taxable","37":"shipping-taxable","38":"purchasable","39":"product-type-variable","40":"has-default-attributes"},"acf":[],"yoast_head":"<!-- This site is optimized with the Yoast SEO plugin v27.2 - https:\/\/yoast.com\/product\/yoast-seo-wordpress\/ -->\n<title>Boccaccio 70<\/title>\n<meta name=\"description\" content=\"Shop | Boccaccio 70 | 2022 | B-Spree Classics | Mediabook (Blu-Ray + DVD), Blu-Ray, DVD | FSK 6\" \/>\n<meta name=\"robots\" content=\"index, follow, max-snippet:-1, max-image-preview:large, max-video-preview:-1\" \/>\n<link rel=\"canonical\" href=\"https:\/\/ucm.one\/de\/produkt\/boccaccio-70\/\" \/>\n<meta property=\"og:locale\" content=\"de_DE\" \/>\n<meta property=\"og:type\" content=\"article\" \/>\n<meta property=\"og:title\" content=\"Boccaccio 70\" \/>\n<meta property=\"og:description\" content=\"Shop | Boccaccio 70 | 2022 | B-Spree Classics | Mediabook (Blu-Ray + DVD), Blu-Ray, DVD | FSK 6\" \/>\n<meta property=\"og:url\" content=\"https:\/\/ucm.one\/de\/produkt\/boccaccio-70\/\" \/>\n<meta property=\"og:site_name\" content=\"UCM.ONE\" \/>\n<meta property=\"article:modified_time\" content=\"2025-02-16T08:53:44+00:00\" \/>\n<meta property=\"og:image\" content=\"https:\/\/ucm.one\/wp-content\/uploads\/2023\/02\/C-Boccaccio-70-MB-2D-FSK6.jpg\" \/>\n<meta name=\"twitter:card\" content=\"summary_large_image\" \/>\n<meta name=\"twitter:title\" content=\"Boccaccio 70\" \/>\n<meta name=\"twitter:description\" content=\"Shop | Boccaccio 70 | 2022 | B-Spree Classics | Mediabook (Blu-Ray + DVD), Blu-Ray, DVD | FSK 6\" \/>\n<meta name=\"twitter:image\" content=\"https:\/\/ucm.one\/wp-content\/uploads\/2023\/02\/C-Boccaccio-70-MB-2D-FSK6.jpg\" \/>\n<meta name=\"twitter:label1\" content=\"Gesch\u00e4tzte Lesezeit\" \/>\n\t<meta name=\"twitter:data1\" content=\"2\u00a0Minuten\" \/>\n<!-- \/ Yoast SEO plugin. -->","yoast_head_json":{"title":"Boccaccio 70","description":"Shop | Boccaccio 70 | 2022 | B-Spree Classics | Mediabook (Blu-Ray + DVD), Blu-Ray, DVD | FSK 6","robots":{"index":"index","follow":"follow","max-snippet":"max-snippet:-1","max-image-preview":"max-image-preview:large","max-video-preview":"max-video-preview:-1"},"canonical":"https:\/\/ucm.one\/de\/produkt\/boccaccio-70\/","og_locale":"de_DE","og_type":"article","og_title":"Boccaccio 70","og_description":"Shop | Boccaccio 70 | 2022 | B-Spree Classics | Mediabook (Blu-Ray + DVD), Blu-Ray, DVD | FSK 6","og_url":"https:\/\/ucm.one\/de\/produkt\/boccaccio-70\/","og_site_name":"UCM.ONE","article_modified_time":"2025-02-16T08:53:44+00:00","og_image":[{"url":"https:\/\/ucm.one\/wp-content\/uploads\/2023\/02\/C-Boccaccio-70-MB-2D-FSK6.jpg","type":"","width":"","height":""}],"twitter_card":"summary_large_image","twitter_title":"Boccaccio 70","twitter_description":"Shop | Boccaccio 70 | 2022 | B-Spree Classics | Mediabook (Blu-Ray + DVD), Blu-Ray, DVD | FSK 6","twitter_image":"https:\/\/ucm.one\/wp-content\/uploads\/2023\/02\/C-Boccaccio-70-MB-2D-FSK6.jpg","twitter_misc":{"Gesch\u00e4tzte Lesezeit":"2\u00a0Minuten"},"schema":{"@context":"https:\/\/schema.org","@graph":[{"@type":"WebPage","@id":"https:\/\/ucm.one\/de\/produkt\/boccaccio-70\/","url":"https:\/\/ucm.one\/de\/produkt\/boccaccio-70\/","name":"Boccaccio 70","isPartOf":{"@id":"https:\/\/ucm.one\/de\/#website"},"primaryImageOfPage":{"@id":"https:\/\/ucm.one\/de\/produkt\/boccaccio-70\/#primaryimage"},"image":{"@id":"https:\/\/ucm.one\/de\/produkt\/boccaccio-70\/#primaryimage"},"thumbnailUrl":"https:\/\/ucm.one\/wp-content\/uploads\/2023\/01\/C-Boccaccio-70-MB-2D-FSK6.jpg","datePublished":"2023-04-27T21:30:23+00:00","dateModified":"2025-02-16T08:53:44+00:00","description":"Shop | Boccaccio 70 | 2022 | B-Spree Classics | Mediabook (Blu-Ray + DVD), Blu-Ray, DVD | FSK 6","breadcrumb":{"@id":"https:\/\/ucm.one\/de\/produkt\/boccaccio-70\/#breadcrumb"},"inLanguage":"de","potentialAction":[{"@type":"ReadAction","target":["https:\/\/ucm.one\/de\/produkt\/boccaccio-70\/"]}]},{"@type":"ImageObject","inLanguage":"de","@id":"https:\/\/ucm.one\/de\/produkt\/boccaccio-70\/#primaryimage","url":"https:\/\/ucm.one\/wp-content\/uploads\/2023\/01\/C-Boccaccio-70-MB-2D-FSK6.jpg","contentUrl":"https:\/\/ucm.one\/wp-content\/uploads\/2023\/01\/C-Boccaccio-70-MB-2D-FSK6.jpg","width":699,"height":1000},{"@type":"BreadcrumbList","@id":"https:\/\/ucm.one\/de\/produkt\/boccaccio-70\/#breadcrumb","itemListElement":[{"@type":"ListItem","position":1,"name":"Home","item":"https:\/\/ucm.one\/de\/"},{"@type":"ListItem","position":2,"name":"Shop","item":"https:\/\/ucm.one\/de\/shop\/"},{"@type":"ListItem","position":3,"name":"Boccaccio 70"}]},{"@type":"WebSite","@id":"https:\/\/ucm.one\/de\/#website","url":"https:\/\/ucm.one\/de\/","name":"UCM.ONE","description":"","publisher":{"@id":"https:\/\/ucm.one\/de\/#organization"},"potentialAction":[{"@type":"SearchAction","target":{"@type":"EntryPoint","urlTemplate":"https:\/\/ucm.one\/de\/?s={search_term_string}"},"query-input":{"@type":"PropertyValueSpecification","valueRequired":true,"valueName":"search_term_string"}}],"inLanguage":"de"},{"@type":"Organization","@id":"https:\/\/ucm.one\/de\/#organization","name":"UCM.ONE","url":"https:\/\/ucm.one\/de\/","logo":{"@type":"ImageObject","inLanguage":"de","@id":"https:\/\/ucm.one\/de\/#\/schema\/logo\/image\/","url":"https:\/\/ucm.one\/wp-content\/uploads\/2019\/10\/UCM.ONE-Logo-RGB.svg","contentUrl":"https:\/\/ucm.one\/wp-content\/uploads\/2019\/10\/UCM.ONE-Logo-RGB.svg","width":1,"height":1,"caption":"UCM.ONE"},"image":{"@id":"https:\/\/ucm.one\/de\/#\/schema\/logo\/image\/"}}]}},"_links":{"self":[{"href":"https:\/\/ucm.one\/de\/wp-json\/wp\/v2\/product\/87150","targetHints":{"allow":["GET"]}}],"collection":[{"href":"https:\/\/ucm.one\/de\/wp-json\/wp\/v2\/product"}],"about":[{"href":"https:\/\/ucm.one\/de\/wp-json\/wp\/v2\/types\/product"}],"replies":[{"embeddable":true,"href":"https:\/\/ucm.one\/de\/wp-json\/wp\/v2\/comments?post=87150"}],"wp:featuredmedia":[{"embeddable":true,"href":"https:\/\/ucm.one\/de\/wp-json\/wp\/v2\/media\/87603"}],"wp:attachment":[{"href":"https:\/\/ucm.one\/de\/wp-json\/wp\/v2\/media?parent=87150"}],"wp:term":[{"taxonomy":"product_brand","embeddable":true,"href":"https:\/\/ucm.one\/de\/wp-json\/wp\/v2\/product_brand?post=87150"},{"taxonomy":"product_cat","embeddable":true,"href":"https:\/\/ucm.one\/de\/wp-json\/wp\/v2\/product_cat?post=87150"},{"taxonomy":"product_tag","embeddable":true,"href":"https:\/\/ucm.one\/de\/wp-json\/wp\/v2\/product_tag?post=87150"}],"curies":[{"name":"wp","href":"https:\/\/api.w.org\/{rel}","templated":true}]}}