{"id":87135,"date":"2022-12-08T20:20:04","date_gmt":"2022-12-08T20:20:04","guid":{"rendered":"https:\/\/ucm.one\/?post_type=product&#038;p=87135"},"modified":"2026-03-26T16:13:22","modified_gmt":"2026-03-26T16:13:22","slug":"cannibal-man","status":"publish","type":"product","link":"https:\/\/ucm.one\/de\/produkt\/cannibal-man\/","title":{"rendered":"Cannibal Man"},"content":{"rendered":"<div class=\"wpb_text_column wpb_content_element \">\n<div class=\"wpb_wrapper\">\n<div class=\"\">\n<div class=\"wpb_text_column wpb_content_element \">\n<div class=\"wpb_wrapper\">\n<div class=\"wpb_text_column wpb_content_element \">\n<div class=\"wpb_wrapper\">\n<div class=\"wpb_text_column wpb_content_element \">\n<div class=\"wpb_wrapper\">\n<p style=\"font-weight: 400;\">Marcos ist ein einfacher, junger Mann. Er arbeitet in einer Konservenfabrik, der ein Schlachthof direkt angegliedert ist. Hier wird er in der Monotonie seines Alltags tagt\u00e4glich Zeuge bestialischer Schlachtungen. Als er und seine Freundin eines Abends mit einem Taxi unterwegs sind, wirft der Fahrer die beiden aus dem Auto,\u00a0<span style=\"font-weight: 400;\">infolgedessen es zu einem Handgemenge kommt und Marcos den Fahrer erschl\u00e4gt. Seine Freundin ist die einzige Zeugin der Tat, die er kurz darauf erw\u00fcrgt, nachdem sie gedroht hat, ihn bei der Polizei anzuzeigen. Marcos&#8216; steigert sich in einen Blutrausch, dem noch weitere Menschen aus seinem direkten und famili\u00e4ren Umfeld zum Opfer fallen, denen er durch auffallende Wesensver\u00e4nderungen immer verd\u00e4chtiger erscheint. Die Leichen der Ermordeten entsorgt er st\u00fcckweise im Schlachthof, in dem er sie durch den Fleischwolf dreht&#8230;<\/span><\/p>\n<\/div>\n<\/div>\n<\/div>\n<\/div>\n<\/div>\n<\/div>\n<\/div>\n<\/div>\n<\/div>\n<div><div class=\"gap\" style=\"line-height: 20px; height: 20px;\"><\/div><\/div>\n<h5>Weitere Informationen<\/h5>\n<div>\n<div>\n<table style=\"height: 46px; width: 100%; border-collapse: collapse; border-color: #ffffff; background-color: #ffffff; border-style: hidden;\">\n<tbody>\n<tr style=\"height: 23px;\">\n<td style=\"width: 4.701195219123506%; height: 23px; border-style: hidden;\">Label:<\/td>\n<td style=\"width: 95.29880478087651%; height: 23px; border-style: hidden;\"><a title=\"U1 Films Berlin\" href=\"https:\/\/ucm.one\/de\/film-labels\/u1-films-berlin\/\">U1 Films Berlin<\/a><\/td>\n<\/tr>\n<\/tbody>\n<\/table>\n<\/div>\n<div><\/div>\n<\/div>\n<div>\n<div><div class=\"gap\" style=\"line-height: 10px; height: 10px;\"><\/div><\/div>\n<div>\u2117 1972\u00a0<b>Atlas International Film<\/b>, <strong>Jos\u00e9 Trochado P.C<\/strong>, \u00a9 2023\u00a0<strong><span style=\"font-family: 'arial black', sans-serif;\">U1<\/span> Films Berlin<\/strong> \/ <span style=\"font-family: 'arial black', sans-serif;\"><strong>UCM.ONE<\/strong><\/span><\/div>\n<div><div class=\"gap\" style=\"line-height: 20px; height: 20px;\"><\/div><\/div>\n<\/div>\n<div>\n<div><\/div>\n<div>\n<div><div class=\"gap\" style=\"line-height: 10px; height: 10px;\"><\/div><\/div>\n<div><span style=\"color: #003a80;\"><strong>\u27a0 <a style=\"color: #003a80;\" href=\"https:\/\/ucm.one\/de\/produkt-kategorie\/art-de\/filme-de\/\">zum Shop<\/a><\/strong><\/span><\/div>\n<div><div class=\"gap\" style=\"line-height: 20px; height: 20px;\"><\/div><\/div>\n<\/div>\n<\/div>\n","protected":false},"excerpt":{"rendered":"<p>Regie: <strong><a title=\"Eloy de la Iglesia\" href=\"https:\/\/ucm.one\/de\/?s=%22Eloy+de+la+Iglesia%22&amp;post_type=product\">Eloy de la Iglesia<\/a><\/strong><\/p>\n<p>Label:\u00a0<a href=\"https:\/\/ucm.one\/de\/produkt-kategorie\/label-film-de\/u1-films-berlin-de\/\"><strong>U1 Films Berlin<\/strong><\/a><\/p>\n<p>Art:\u00a0<strong><a href=\"https:\/\/ucm.one\/de\/produkt-kategorie\/art-de\/filme-de\/\">Film<\/a> (Spielfilm)<\/strong><\/p>\n<p>Genres: <strong><a title=\"\" href=\"https:\/\/ucm.one\/de\/produkt-kategorie\/genre-film-de\/horror-de\/\">Horror<\/a>, <a title=\"Thriller\" href=\"https:\/\/ucm.one\/de\/produkt-kategorie\/genre-film-de\/horror-de\/thriller-de\/\">Thriller<\/a><\/strong><\/p>\n<p>Jahr: <strong>2023<\/strong><\/p>\n<p>FSK: <strong>16<\/strong><\/p>\n<p>Formate: <strong>Diverse<\/strong><\/p>\n","protected":false},"featured_media":87147,"comment_status":"open","ping_status":"closed","template":"","meta":{"_acf_changed":false},"product_brand":[],"product_cat":[10331,10332,10340,9708,10327,10330],"product_tag":[15418,15419,15420,15421,15422,15423],"class_list":{"0":"post-87135","1":"product","2":"type-product","3":"status-publish","4":"has-post-thumbnail","6":"product_cat-dvd-de","7":"product_cat-blu-ray-de","8":"product_cat-u1-films-berlin-de","9":"product_cat-filme-de","10":"product_cat-horror-de","11":"product_cat-thriller-de","12":"product_tag-cannibal-man","13":"product_tag-haus-des-blutigen-grauens","14":"product_tag-la-semana-del-asesino","15":"product_tag-vicente-parra","16":"product_tag-emma-cohen","17":"product_tag-eloy-de-la-iglesia","18":"pa_format-dvd","19":"pa_format-blu-ray-de","20":"description-off","22":"first","23":"instock","24":"sale","25":"taxable","26":"shipping-taxable","27":"purchasable","28":"product-type-variable"},"acf":[],"yoast_head":"<!-- This site is optimized with the Yoast SEO plugin v27.2 - https:\/\/yoast.com\/product\/yoast-seo-wordpress\/ -->\n<title>Cannibal Man<\/title>\n<meta name=\"description\" content=\"Shop | Cannibal Man | 2023 | U1 Films Berlin | Blu-Ray, DVD | FSK 16\" \/>\n<meta name=\"robots\" content=\"index, follow, max-snippet:-1, max-image-preview:large, max-video-preview:-1\" \/>\n<link rel=\"canonical\" href=\"https:\/\/ucm.one\/de\/produkt\/cannibal-man\/\" \/>\n<meta property=\"og:locale\" content=\"de_DE\" \/>\n<meta property=\"og:type\" content=\"article\" \/>\n<meta property=\"og:title\" content=\"Cannibal Man\" \/>\n<meta property=\"og:description\" content=\"Shop | Cannibal Man | 2023 | U1 Films Berlin | Blu-Ray, DVD | FSK 16\" \/>\n<meta property=\"og:url\" content=\"https:\/\/ucm.one\/de\/produkt\/cannibal-man\/\" \/>\n<meta property=\"og:site_name\" content=\"UCM.ONE\" \/>\n<meta property=\"article:modified_time\" content=\"2026-03-26T16:13:22+00:00\" \/>\n<meta property=\"og:image\" content=\"https:\/\/ucm.one\/wp-content\/uploads\/2023\/02\/C-Cannibal-Man-DVD-2D-FSK16.jpg\" \/>\n<meta name=\"twitter:card\" content=\"summary_large_image\" \/>\n<meta name=\"twitter:title\" content=\"Cannibal Man\" \/>\n<meta name=\"twitter:description\" content=\"Shop | Cannibal Man | 2023 | U1 Films Berlin | Blu-Ray, DVD | FSK 16\" \/>\n<meta name=\"twitter:image\" content=\"https:\/\/ucm.one\/wp-content\/uploads\/2023\/02\/C-Cannibal-Man-DVD-2D-FSK16.jpg\" \/>\n<meta name=\"twitter:label1\" content=\"Gesch\u00e4tzte Lesezeit\" \/>\n\t<meta name=\"twitter:data1\" content=\"1\u00a0Minute\" \/>\n<!-- \/ Yoast SEO plugin. -->","yoast_head_json":{"title":"Cannibal Man","description":"Shop | Cannibal Man | 2023 | U1 Films Berlin | Blu-Ray, DVD | FSK 16","robots":{"index":"index","follow":"follow","max-snippet":"max-snippet:-1","max-image-preview":"max-image-preview:large","max-video-preview":"max-video-preview:-1"},"canonical":"https:\/\/ucm.one\/de\/produkt\/cannibal-man\/","og_locale":"de_DE","og_type":"article","og_title":"Cannibal Man","og_description":"Shop | Cannibal Man | 2023 | U1 Films Berlin | Blu-Ray, DVD | FSK 16","og_url":"https:\/\/ucm.one\/de\/produkt\/cannibal-man\/","og_site_name":"UCM.ONE","article_modified_time":"2026-03-26T16:13:22+00:00","og_image":[{"url":"https:\/\/ucm.one\/wp-content\/uploads\/2023\/02\/C-Cannibal-Man-DVD-2D-FSK16.jpg","type":"","width":"","height":""}],"twitter_card":"summary_large_image","twitter_title":"Cannibal Man","twitter_description":"Shop | Cannibal Man | 2023 | U1 Films Berlin | Blu-Ray, DVD | FSK 16","twitter_image":"https:\/\/ucm.one\/wp-content\/uploads\/2023\/02\/C-Cannibal-Man-DVD-2D-FSK16.jpg","twitter_misc":{"Gesch\u00e4tzte Lesezeit":"1\u00a0Minute"},"schema":{"@context":"https:\/\/schema.org","@graph":[{"@type":"WebPage","@id":"https:\/\/ucm.one\/de\/produkt\/cannibal-man\/","url":"https:\/\/ucm.one\/de\/produkt\/cannibal-man\/","name":"Cannibal Man","isPartOf":{"@id":"https:\/\/ucm.one\/de\/#website"},"primaryImageOfPage":{"@id":"https:\/\/ucm.one\/de\/produkt\/cannibal-man\/#primaryimage"},"image":{"@id":"https:\/\/ucm.one\/de\/produkt\/cannibal-man\/#primaryimage"},"thumbnailUrl":"https:\/\/ucm.one\/wp-content\/uploads\/2023\/02\/C-Cannibal-Man-DVD-2D-FSK16.jpg","datePublished":"2022-12-08T20:20:04+00:00","dateModified":"2026-03-26T16:13:22+00:00","description":"Shop | Cannibal Man | 2023 | U1 Films Berlin | Blu-Ray, DVD | FSK 16","breadcrumb":{"@id":"https:\/\/ucm.one\/de\/produkt\/cannibal-man\/#breadcrumb"},"inLanguage":"de","potentialAction":[{"@type":"ReadAction","target":["https:\/\/ucm.one\/de\/produkt\/cannibal-man\/"]}]},{"@type":"ImageObject","inLanguage":"de","@id":"https:\/\/ucm.one\/de\/produkt\/cannibal-man\/#primaryimage","url":"https:\/\/ucm.one\/wp-content\/uploads\/2023\/02\/C-Cannibal-Man-DVD-2D-FSK16.jpg","contentUrl":"https:\/\/ucm.one\/wp-content\/uploads\/2023\/02\/C-Cannibal-Man-DVD-2D-FSK16.jpg","width":699,"height":1000},{"@type":"BreadcrumbList","@id":"https:\/\/ucm.one\/de\/produkt\/cannibal-man\/#breadcrumb","itemListElement":[{"@type":"ListItem","position":1,"name":"Home","item":"https:\/\/ucm.one\/de\/"},{"@type":"ListItem","position":2,"name":"Shop","item":"https:\/\/ucm.one\/de\/shop\/"},{"@type":"ListItem","position":3,"name":"Cannibal Man"}]},{"@type":"WebSite","@id":"https:\/\/ucm.one\/de\/#website","url":"https:\/\/ucm.one\/de\/","name":"UCM.ONE","description":"","publisher":{"@id":"https:\/\/ucm.one\/de\/#organization"},"potentialAction":[{"@type":"SearchAction","target":{"@type":"EntryPoint","urlTemplate":"https:\/\/ucm.one\/de\/?s={search_term_string}"},"query-input":{"@type":"PropertyValueSpecification","valueRequired":true,"valueName":"search_term_string"}}],"inLanguage":"de"},{"@type":"Organization","@id":"https:\/\/ucm.one\/de\/#organization","name":"UCM.ONE","url":"https:\/\/ucm.one\/de\/","logo":{"@type":"ImageObject","inLanguage":"de","@id":"https:\/\/ucm.one\/de\/#\/schema\/logo\/image\/","url":"https:\/\/ucm.one\/wp-content\/uploads\/2019\/10\/UCM.ONE-Logo-RGB.svg","contentUrl":"https:\/\/ucm.one\/wp-content\/uploads\/2019\/10\/UCM.ONE-Logo-RGB.svg","width":1,"height":1,"caption":"UCM.ONE"},"image":{"@id":"https:\/\/ucm.one\/de\/#\/schema\/logo\/image\/"}}]}},"_links":{"self":[{"href":"https:\/\/ucm.one\/de\/wp-json\/wp\/v2\/product\/87135","targetHints":{"allow":["GET"]}}],"collection":[{"href":"https:\/\/ucm.one\/de\/wp-json\/wp\/v2\/product"}],"about":[{"href":"https:\/\/ucm.one\/de\/wp-json\/wp\/v2\/types\/product"}],"replies":[{"embeddable":true,"href":"https:\/\/ucm.one\/de\/wp-json\/wp\/v2\/comments?post=87135"}],"wp:featuredmedia":[{"embeddable":true,"href":"https:\/\/ucm.one\/de\/wp-json\/wp\/v2\/media\/87147"}],"wp:attachment":[{"href":"https:\/\/ucm.one\/de\/wp-json\/wp\/v2\/media?parent=87135"}],"wp:term":[{"taxonomy":"product_brand","embeddable":true,"href":"https:\/\/ucm.one\/de\/wp-json\/wp\/v2\/product_brand?post=87135"},{"taxonomy":"product_cat","embeddable":true,"href":"https:\/\/ucm.one\/de\/wp-json\/wp\/v2\/product_cat?post=87135"},{"taxonomy":"product_tag","embeddable":true,"href":"https:\/\/ucm.one\/de\/wp-json\/wp\/v2\/product_tag?post=87135"}],"curies":[{"name":"wp","href":"https:\/\/api.w.org\/{rel}","templated":true}]}}