{"id":86776,"date":"2023-02-02T14:25:11","date_gmt":"2023-02-02T14:25:11","guid":{"rendered":"https:\/\/ucm.one\/?post_type=product&#038;p=86776"},"modified":"2023-11-02T07:47:25","modified_gmt":"2023-11-02T07:47:25","slug":"barrikade-kinoplakat","status":"publish","type":"product","link":"https:\/\/ucm.one\/de\/produkt\/barrikade-kinoplakat\/","title":{"rendered":"Barrikade (Kinoplakat)"},"content":{"rendered":"<div class=\"wpb-content-wrapper\"><div class=\"wpb_text_column wpb_content_element \">\n<div class=\"wpb_wrapper\">\n<div class=\"\">\n<div class=\"wpb_text_column wpb_content_element \">\n<div class=\"wpb_wrapper\">\n<div class=\"wpb_text_column wpb_content_element \">\n<div class=\"wpb_wrapper\">\n<div class=\"wpb_text_column wpb_content_element \">\n<div class=\"wpb_wrapper\">\n<div class=\"vc_row wpb_row vc_row-fluid\">\n<div class=\"wpb_column vc_column_container vc_col-sm-9\">\n<div class=\"vc_column-inner\">\n<div class=\"wpb_wrapper\">\n<div class=\"wpb_text_column wpb_content_element \">\n<div class=\"wpb_wrapper\">\n<p>Um den Dannenr\u00f6der Wald vor der Rohdung f\u00fcr eine neue Autobahntrasse zu bewahren, besetzten Klimaaktivist:innen im Oktober 2019 den Wald. \u00dcber ein Jahr lebten sie in Baumh\u00e4usern, weit \u00fcber 20 Metern hoch \u00fcber dem Boden und schafften so einen alternativen Lebens- und Freiraum. Ein Jahr sp\u00e4ter mit Beginn der Rodungssaison begannen die R\u00e4umung der Strukturen und die Rodung der Schneise f\u00fcr die A49. Mit Kreativit\u00e4t, Mut und Musik leisteten die Besetzer:innen Widerstand und zivilen Ungehorsam, bis schlie\u00dflich am 8. Dezember 2020 der letzte Baum mit dem letzten Baumhaus fiel. David Klammer dokumentiert die Proteste gegen die Rodung des Dannenr\u00f6der Forstes f\u00fcr den geplante Autobahnausbau fotografisch und mit der Filmkamera. Sein Film begleitet die Aktivistinnen von September bis Dezember 2020.<\/p>\n<div class=\"wpb_text_column wpb_content_element \">\n<div class=\"wpb_wrapper\">\n<p>Der Film \u201c<strong>Barrikade<\/strong>\u201d ist mit zahlreichen Preisen geehrt worden und wurde auf renommierten Filmfestivals gezeigt. Hier eine Auswahl: Snowdance Filmfestival, Auroville Filmfestival, Hofer Filmtage, Kasseler Dokfest, Eco Filmfestival in Portland\/USA, Peleponnisos Filmfestival (Griechenland), Transitions Filmfestival (Australien).<\/p>\n<\/div>\n<\/div>\n<\/div>\n<\/div>\n<\/div>\n<\/div>\n<\/div>\n<\/div>\n<\/div>\n<\/div>\n<\/div>\n<\/div>\n<\/div>\n<\/div>\n<\/div>\n<\/div>\n<\/div>\n<div><\/div>\n<div><div class=\"gap\" style=\"line-height: 20px; height: 20px;\"><\/div><\/div>\n<h5>Weitere Informationen<\/h5>\n<div>\n<div>\n<table style=\"height: 47px; width: 100%; border-collapse: collapse; border-color: #ffffff; background-color: #ffffff; border-style: hidden;\">\n<tbody>\n<tr style=\"height: 23px; border-style: hidden; border-color: #ffffff; background-color: #ffffff;\">\n<td style=\"width: 4.701195219123506%; height: 23px; border-style: hidden;\">Film:<\/td>\n<td style=\"width: 95.29880478087651%; height: 23px; border-style: hidden;\"><a title=\"Barrikade (2021) von David Klammer | NONFY Documentaries\" href=\"https:\/\/ucm.one\/de\/barrikade\/\">Barrikade<\/a><\/td>\n<\/tr>\n<tr style=\"height: 23px;\">\n<td style=\"width: 4.701195219123506%; height: 24px; border-style: hidden;\">Label:<\/td>\n<td style=\"width: 95.29880478087651%; height: 24px; border-style: hidden;\"><a title=\"NONFY Documentaries\" href=\"https:\/\/ucm.one\/de\/film-labels\/nonfy-documentaries\/\">NONFY Documentaries<\/a><\/td>\n<\/tr>\n<\/tbody>\n<\/table>\n<\/div>\n<div><\/div>\n<\/div>\n<div>\n<div><div class=\"gap\" style=\"line-height: 10px; height: 10px;\"><\/div><\/div>\n<div>\u2117 2021\u00a0<strong>David Klammer<\/strong>, \u00a9 2023 <strong><span style=\"font-family: 'arial black', sans-serif;\">NONFY<\/span> Documentaries<\/strong><span style=\"font-family: arial, helvetica, sans-serif;\">\u00a0<\/span>\/ <span style=\"font-family: 'arial black', sans-serif;\"><strong>UCM.ONE<\/strong><\/span><\/div>\n<div><div class=\"gap\" style=\"line-height: 20px; height: 20px;\"><\/div><\/div>\n<\/div>\n<div>\n<div><\/div>\n<div>\n<div><div class=\"gap\" style=\"line-height: 10px; height: 10px;\"><\/div><\/div>\n<div><span style=\"color: #003a80;\"><strong>\u27a0 <a style=\"color: #003a80;\" href=\"https:\/\/ucm.one\/de\/produkt-kategorie\/art-de\/filme-de\/\">zum Shop<\/a><\/strong><\/span><\/div>\n<div><div class=\"gap\" style=\"line-height: 20px; height: 20px;\"><\/div><\/div>\n<\/div>\n<\/div>\n<\/div>","protected":false},"excerpt":{"rendered":"<p>Label:\u00a0<a title=\"Artkeim\u00b2\" href=\"https:\/\/ucm.one\/de\/produkt-kategorie\/label-film-de\/nonfy-documentaries-de\/\"><strong>NONFY Documentaries<\/strong><\/a><\/p>\n<p>Art:\u00a0<strong><a href=\"https:\/\/ucm.one\/de\/produkt-kategorie\/art-de\/filme-de\/\">Film<\/a> (<a href=\"https:\/\/ucm.one\/de\/produkt-kategorie\/merchandise-de\/\">Merchandise<\/a>)<\/strong><\/p>\n<p>Genre: <strong><a title=\"Dokumentation\" href=\"https:\/\/ucm.one\/de\/produkt-kategorie\/genre-film-de\/dokumentation-de\/\">Dokumentarfilm<\/a><\/strong><\/p>\n<p>Jahr: <strong>2023<\/strong><\/p>\n<p>Format: <strong>Plakat<\/strong><\/p>\n","protected":false},"featured_media":85640,"comment_status":"open","ping_status":"closed","template":"","meta":{"_acf_changed":false},"product_brand":[],"product_cat":[10938,12526,12646,9708,10400],"product_tag":[15397,15408,15398,15409,15399,15400,15401,15402,12651,15403,15393,15404,15394,15405,15395,15406,15396,15407],"class_list":{"0":"post-86776","1":"product","2":"type-product","3":"status-publish","4":"has-post-thumbnail","6":"product_cat-dokumentarfilm-de","7":"product_cat-plakat-de","8":"product_cat-nonfy-documentaries-de","9":"product_cat-filme-de","10":"product_cat-merchandise-de","11":"product_tag-protest","12":"product_tag-blockade","13":"product_tag-aktivisten","14":"product_tag-klimaaktivisten","15":"product_tag-fechenheimer-wald","16":"product_tag-luetzerath","17":"product_tag-besetzung","18":"product_tag-waldbesetzung","19":"product_tag-nonfy-documentaries","20":"product_tag-umweltaktivismus","21":"product_tag-barrikade","22":"product_tag-umwelt","23":"product_tag-david-klammer","24":"product_tag-proteste","25":"product_tag-hambacher-forst","26":"product_tag-baumhaeuser","27":"product_tag-dannenroeder-wald","28":"product_tag-baumhaus","29":"product_shipping_class-poster-en","30":"description-off","32":"first","33":"instock","34":"taxable","35":"shipping-taxable","36":"purchasable","37":"product-type-variable","38":"has-default-attributes"},"acf":[],"yoast_head":"<!-- This site is optimized with the Yoast SEO plugin v27.2 - https:\/\/yoast.com\/product\/yoast-seo-wordpress\/ -->\n<title>Barrikade (Kinoplakat)<\/title>\n<meta name=\"description\" content=\"Shop | Barrikade (Kinoplakat) | 2023 | NONFY Documentaries | Plakat\" \/>\n<meta name=\"robots\" content=\"index, follow, max-snippet:-1, max-image-preview:large, max-video-preview:-1\" \/>\n<link rel=\"canonical\" href=\"https:\/\/ucm.one\/de\/produkt\/barrikade-kinoplakat\/\" \/>\n<meta property=\"og:locale\" content=\"de_DE\" \/>\n<meta property=\"og:type\" content=\"article\" \/>\n<meta property=\"og:title\" content=\"Barrikade (Kinoplakat)\" \/>\n<meta property=\"og:description\" content=\"Shop | Barrikade (Kinoplakat) | 2023 | NONFY Documentaries | Plakat\" \/>\n<meta property=\"og:url\" content=\"https:\/\/ucm.one\/de\/produkt\/barrikade-kinoplakat\/\" \/>\n<meta property=\"og:site_name\" content=\"UCM.ONE\" \/>\n<meta property=\"article:modified_time\" content=\"2023-11-02T07:47:25+00:00\" \/>\n<meta property=\"og:image\" content=\"https:\/\/ucm.one\/wp-content\/uploads\/2023\/01\/P-BARRIKADE-scaled.jpg\" \/>\n<meta name=\"twitter:card\" content=\"summary_large_image\" \/>\n<meta name=\"twitter:title\" content=\"Barrikade (Kinoplakat)\" \/>\n<meta name=\"twitter:description\" content=\"Shop | Barrikade (Kinoplakat) | 2023 | NONFY Documentaries | Plakat\" \/>\n<meta name=\"twitter:image\" content=\"https:\/\/ucm.one\/wp-content\/uploads\/2023\/01\/P-BARRIKADE-scaled.jpg\" \/>\n<meta name=\"twitter:label1\" content=\"Gesch\u00e4tzte Lesezeit\" \/>\n\t<meta name=\"twitter:data1\" content=\"1\u00a0Minute\" \/>\n<!-- \/ Yoast SEO plugin. -->","yoast_head_json":{"title":"Barrikade (Kinoplakat)","description":"Shop | Barrikade (Kinoplakat) | 2023 | NONFY Documentaries | Plakat","robots":{"index":"index","follow":"follow","max-snippet":"max-snippet:-1","max-image-preview":"max-image-preview:large","max-video-preview":"max-video-preview:-1"},"canonical":"https:\/\/ucm.one\/de\/produkt\/barrikade-kinoplakat\/","og_locale":"de_DE","og_type":"article","og_title":"Barrikade (Kinoplakat)","og_description":"Shop | Barrikade (Kinoplakat) | 2023 | NONFY Documentaries | Plakat","og_url":"https:\/\/ucm.one\/de\/produkt\/barrikade-kinoplakat\/","og_site_name":"UCM.ONE","article_modified_time":"2023-11-02T07:47:25+00:00","og_image":[{"url":"https:\/\/ucm.one\/wp-content\/uploads\/2023\/01\/P-BARRIKADE-scaled.jpg","type":"","width":"","height":""}],"twitter_card":"summary_large_image","twitter_title":"Barrikade (Kinoplakat)","twitter_description":"Shop | Barrikade (Kinoplakat) | 2023 | NONFY Documentaries | Plakat","twitter_image":"https:\/\/ucm.one\/wp-content\/uploads\/2023\/01\/P-BARRIKADE-scaled.jpg","twitter_misc":{"Gesch\u00e4tzte Lesezeit":"1\u00a0Minute"},"schema":{"@context":"https:\/\/schema.org","@graph":[{"@type":"WebPage","@id":"https:\/\/ucm.one\/de\/produkt\/barrikade-kinoplakat\/","url":"https:\/\/ucm.one\/de\/produkt\/barrikade-kinoplakat\/","name":"Barrikade (Kinoplakat)","isPartOf":{"@id":"https:\/\/ucm.one\/de\/#website"},"primaryImageOfPage":{"@id":"https:\/\/ucm.one\/de\/produkt\/barrikade-kinoplakat\/#primaryimage"},"image":{"@id":"https:\/\/ucm.one\/de\/produkt\/barrikade-kinoplakat\/#primaryimage"},"thumbnailUrl":"https:\/\/ucm.one\/wp-content\/uploads\/2023\/01\/P-Barricade.jpg","datePublished":"2023-02-02T14:25:11+00:00","dateModified":"2023-11-02T07:47:25+00:00","description":"Shop | Barrikade (Kinoplakat) | 2023 | NONFY Documentaries | Plakat","breadcrumb":{"@id":"https:\/\/ucm.one\/de\/produkt\/barrikade-kinoplakat\/#breadcrumb"},"inLanguage":"de","potentialAction":[{"@type":"ReadAction","target":["https:\/\/ucm.one\/de\/produkt\/barrikade-kinoplakat\/"]}]},{"@type":"ImageObject","inLanguage":"de","@id":"https:\/\/ucm.one\/de\/produkt\/barrikade-kinoplakat\/#primaryimage","url":"https:\/\/ucm.one\/wp-content\/uploads\/2023\/01\/P-Barricade.jpg","contentUrl":"https:\/\/ucm.one\/wp-content\/uploads\/2023\/01\/P-Barricade.jpg","width":699,"height":1000},{"@type":"BreadcrumbList","@id":"https:\/\/ucm.one\/de\/produkt\/barrikade-kinoplakat\/#breadcrumb","itemListElement":[{"@type":"ListItem","position":1,"name":"Home","item":"https:\/\/ucm.one\/de\/"},{"@type":"ListItem","position":2,"name":"Shop","item":"https:\/\/ucm.one\/de\/shop\/"},{"@type":"ListItem","position":3,"name":"Barrikade (Kinoplakat)"}]},{"@type":"WebSite","@id":"https:\/\/ucm.one\/de\/#website","url":"https:\/\/ucm.one\/de\/","name":"UCM.ONE","description":"","publisher":{"@id":"https:\/\/ucm.one\/de\/#organization"},"potentialAction":[{"@type":"SearchAction","target":{"@type":"EntryPoint","urlTemplate":"https:\/\/ucm.one\/de\/?s={search_term_string}"},"query-input":{"@type":"PropertyValueSpecification","valueRequired":true,"valueName":"search_term_string"}}],"inLanguage":"de"},{"@type":"Organization","@id":"https:\/\/ucm.one\/de\/#organization","name":"UCM.ONE","url":"https:\/\/ucm.one\/de\/","logo":{"@type":"ImageObject","inLanguage":"de","@id":"https:\/\/ucm.one\/de\/#\/schema\/logo\/image\/","url":"https:\/\/ucm.one\/wp-content\/uploads\/2019\/10\/UCM.ONE-Logo-RGB.svg","contentUrl":"https:\/\/ucm.one\/wp-content\/uploads\/2019\/10\/UCM.ONE-Logo-RGB.svg","width":1,"height":1,"caption":"UCM.ONE"},"image":{"@id":"https:\/\/ucm.one\/de\/#\/schema\/logo\/image\/"}}]}},"_links":{"self":[{"href":"https:\/\/ucm.one\/de\/wp-json\/wp\/v2\/product\/86776","targetHints":{"allow":["GET"]}}],"collection":[{"href":"https:\/\/ucm.one\/de\/wp-json\/wp\/v2\/product"}],"about":[{"href":"https:\/\/ucm.one\/de\/wp-json\/wp\/v2\/types\/product"}],"replies":[{"embeddable":true,"href":"https:\/\/ucm.one\/de\/wp-json\/wp\/v2\/comments?post=86776"}],"wp:featuredmedia":[{"embeddable":true,"href":"https:\/\/ucm.one\/de\/wp-json\/wp\/v2\/media\/85640"}],"wp:attachment":[{"href":"https:\/\/ucm.one\/de\/wp-json\/wp\/v2\/media?parent=86776"}],"wp:term":[{"taxonomy":"product_brand","embeddable":true,"href":"https:\/\/ucm.one\/de\/wp-json\/wp\/v2\/product_brand?post=86776"},{"taxonomy":"product_cat","embeddable":true,"href":"https:\/\/ucm.one\/de\/wp-json\/wp\/v2\/product_cat?post=86776"},{"taxonomy":"product_tag","embeddable":true,"href":"https:\/\/ucm.one\/de\/wp-json\/wp\/v2\/product_tag?post=86776"}],"curies":[{"name":"wp","href":"https:\/\/api.w.org\/{rel}","templated":true}]}}