{"id":85965,"date":"2019-03-23T10:50:49","date_gmt":"2019-03-23T10:50:49","guid":{"rendered":"https:\/\/ucm.one\/?post_type=product&#038;p=85965"},"modified":"2023-07-28T14:04:00","modified_gmt":"2023-07-28T14:04:00","slug":"im-inneren-kreis","status":"publish","type":"product","link":"https:\/\/ucm.one\/de\/produkt\/im-inneren-kreis\/","title":{"rendered":"Im inneren Kreis"},"content":{"rendered":"<div class=\"wpb-content-wrapper\"><div class=\"wpb_text_column wpb_content_element \">\n<div class=\"wpb_wrapper\">\n<div class=\"\">\n<div class=\"wpb_text_column wpb_content_element \">\n<div class=\"wpb_wrapper\">\n<div class=\"wpb_text_column wpb_content_element \">\n<div class=\"wpb_wrapper\">\n<div class=\"wpb_text_column wpb_content_element \">\n<div class=\"wpb_wrapper\">\n<div class=\"vc_row wpb_row vc_row-fluid\">\n<div class=\"wpb_column vc_column_container vc_col-sm-9\">\n<div class=\"vc_column-inner\">\n<div class=\"wpb_wrapper\">\n<div class=\"wpb_text_column wpb_content_element \">\n<div class=\"wpb_wrapper\">\n<div class=\"wpb_text_column wpb_content_element \">\n<div class=\"wpb_wrapper\">\n<div class=\"wpb_text_column wpb_content_element \">\n<div class=\"wpb_wrapper\">\n<div class=\"\">\n<div class=\"wpb_text_column wpb_content_element \">\n<div class=\"wpb_wrapper\">\n<div class=\"wpb_text_column wpb_content_element \">\n<div class=\"wpb_wrapper\">\n<div class=\"wpb_text_column wpb_content_element \">\n<div class=\"wpb_wrapper\">\n<div class=\"vc_row wpb_row vc_row-fluid\">\n<div class=\"wpb_column vc_column_container vc_col-sm-9\">\n<div class=\"vc_column-inner\">\n<div class=\"wpb_wrapper\">\n<div class=\"wpb_text_column wpb_content_element \">\n<div class=\"wpb_wrapper\">\n<p><span style=\"font-weight: 400;\">November 2014:<\/span> <span style=\"font-weight: 400;\">Die Verdeckte Ermittlerin Iris P. wird medienwirksam enttarnt. Schritt f\u00fcr Schritt kam heraus:<\/span> <span style=\"font-weight: 400;\">Sie ermittelte fast sechs Jahre undercover unter dem Tarnnamen \u201eIris Schneider\u201c in der linken Szene und der \u201eRoten Flora\u201c in Hamburg. Sie forschte politische Zusammenh\u00e4nge und Menschen aus, f\u00fchrte dabei enge Freundschaften und ging intime Beziehungen ein.\u00a0<\/span><span style=\"font-weight: 400;\"> Das Staunen war gro\u00df, als in den folgenden Monaten noch zwei weitere Verdeckte Ermittlerinnen in Hamburg aufflogen: Maria B. und Astrid O. Auch sie arbeiteten mit \u00e4hnlichen Methoden wie Iris P. und spionierten viele Jahre in der linken Szene.\u00a0<\/span><span style=\"font-weight: 400;\">Auch im idyllischen Heidelberg hat sich der Polizist Simon B. 2010 eigens an der Universit\u00e4t immatrikuliert, um linke Studierende auszusp\u00e4hen, die nicht im Traum damit gerechnet h\u00e4tten, einmal ins Fadenkreuz staatlicher \u00dcberwachung zu geraten.\u00a0 <\/span><span style=\"font-weight: 400;\">Eindrucksvoll erz\u00e4hlen die Protagonisten\u00a0 aus ganz unterschiedlichen Perspektiven ihre Geschichten. \u00dcberwachte Menschen aus dem Umfeld der &#8222;Roten Flora&#8220; in Hamburg und junge Studierende aus Heidelberg, aber auch politisch und juristisch Verantwortliche kommen zu Wort, wie der fr\u00fchere Generalbundesanwalt Kay Nehm, der seine Sicht auf einen der Eins\u00e4tze schildert. <\/span><\/p>\n<\/div>\n<\/div>\n<\/div>\n<\/div>\n<\/div>\n<\/div>\n<\/div>\n<\/div>\n<\/div>\n<\/div>\n<\/div>\n<\/div>\n<\/div>\n<\/div>\n<\/div>\n<\/div>\n<\/div>\n<\/div>\n<\/div>\n<\/div>\n<\/div>\n<\/div>\n<\/div>\n<\/div>\n<\/div>\n<\/div>\n<\/div>\n<\/div>\n<\/div>\n<\/div>\n<\/div>\n<\/div>\n<div><\/div>\n<div><div class=\"gap\" style=\"line-height: 20px; height: 20px;\"><\/div><\/div>\n<h5>Weitere Informationen<\/h5>\n<div>\n<div>\n<table style=\"height: 47px; width: 100%; border-collapse: collapse; border-color: #ffffff; background-color: #ffffff; border-style: hidden;\">\n<tbody>\n<tr style=\"height: 23px; border-style: hidden; border-color: #ffffff; background-color: #ffffff;\">\n<td style=\"width: 4.701195219123506%; height: 23px; border-style: hidden;\">Film:<\/td>\n<td style=\"width: 95.29880478087651%; height: 23px; border-style: hidden;\"><a title=\"Bloody Nose, Empty Pockets (2020) von Bill Ross IV &amp; Turner Ross | NONFY Documentaries\" href=\"https:\/\/ucm.one\/de\/kinoverleih\/katalogfilme\/#im-inneren-kreis\">Im inneren Kreis<\/a><\/td>\n<\/tr>\n<tr style=\"height: 23px;\">\n<td style=\"width: 4.701195219123506%; height: 24px; border-style: hidden;\">Label:<\/td>\n<td style=\"width: 95.29880478087651%; height: 24px; border-style: hidden;\"><a title=\"NONFY Documentaries\" href=\"https:\/\/ucm.one\/de\/film-labels\/nonfy-documentaries\/\">NONFY Documentaries<\/a><\/td>\n<\/tr>\n<\/tbody>\n<\/table>\n<\/div>\n<div><\/div>\n<\/div>\n<div>\n<div><div class=\"gap\" style=\"line-height: 10px; height: 10px;\"><\/div><\/div>\n<div>\u2117 2017 <strong>Dirk<\/strong> <strong>Manthey<\/strong> <strong>Film\u00a0<\/strong>\u00a9 2019 <strong><span style=\"font-family: 'arial black', sans-serif;\">NONFY<\/span> Documentaries<\/strong><span style=\"font-family: arial, helvetica, sans-serif;\">\u00a0<\/span>\/ <span style=\"font-family: 'arial black', sans-serif;\"><strong>UCM.ONE<\/strong><\/span><\/div>\n<div><div class=\"gap\" style=\"line-height: 20px; height: 20px;\"><\/div><\/div>\n<\/div>\n<div>\n<div><\/div>\n<div>\n<div><div class=\"gap\" style=\"line-height: 10px; height: 10px;\"><\/div><\/div>\n<div><span style=\"color: #003a80;\"><strong>\u27a0 <a style=\"color: #003a80;\" href=\"https:\/\/ucm.one\/de\/produkt-kategorie\/art-de\/filme-de\/\">zum Shop<\/a><\/strong><\/span><\/div>\n<div><div class=\"gap\" style=\"line-height: 20px; height: 20px;\"><\/div><\/div>\n<\/div>\n<\/div>\n<\/div>","protected":false},"excerpt":{"rendered":"<p>Regie: <span style=\"font-weight: 400;\"><a href=\"https:\/\/ucm.one\/de\/?s=%22Hannes+Obens%22&amp;post_type=product\"><strong>Hannes<\/strong> <strong>Obens<\/strong>,<\/a> <a href=\"https:\/\/ucm.one\/de\/?s=%22Claudia+Morar%22&amp;post_type=product\"><strong>Claudia<\/strong> <strong>Morar<\/strong><\/a><\/span><\/p>\n<p>Label:\u00a0<a title=\"Artkeim\u00b2\" href=\"https:\/\/ucm.one\/de\/produkt-kategorie\/label-film-de\/nonfy-documentaries-de\/\"><strong>NONFY Documentaries<\/strong><\/a><\/p>\n<p>Art:\u00a0<a href=\"https:\/\/ucm.one\/de\/produkt-kategorie\/art-de\/filme-de\/\"><b>Film<\/b><\/a><\/p>\n<p>Genre: <a href=\"https:\/\/ucm.one\/de\/produkt-kategorie\/genre-film-de\/dokumentarfilm-de\/\"><b>Dokumentarfilm<\/b><\/a><\/p>\n<p>&nbsp;<\/p>\n<p>Jahr: <strong>2019<\/strong><\/p>\n<p>Format: <strong>DVD<\/strong><\/p>\n","protected":false},"featured_media":86001,"comment_status":"open","ping_status":"closed","template":"","meta":{"_acf_changed":false},"product_brand":[],"product_cat":[13156,9708,10331,10337,10938,12646],"product_tag":[12651,15303,12662,15295,15296,15297,15298,15299,15300,15301,15302],"class_list":{"0":"post-85965","1":"product","2":"type-product","3":"status-publish","4":"has-post-thumbnail","6":"product_cat-arthouse-de","7":"product_cat-filme-de","8":"product_cat-dvd-de","9":"product_cat-sonderedition-de","10":"product_cat-dokumentarfilm-de","11":"product_cat-nonfy-documentaries-de","12":"product_tag-nonfy-documentaries","13":"product_tag-links","14":"product_tag-dirk-manthey","15":"product_tag-im-innerne-kreis","16":"product_tag-hannes-obens","17":"product_tag-claudia-morar","18":"product_tag-roten-flora","19":"product_tag-hamburg","20":"product_tag-verdeckte-ermittlungen","21":"product_tag-polizei","22":"product_tag-linke-szene","23":"product_shipping_class-dvd-2","24":"pa_format-dvd","25":"description-off","27":"first","28":"instock","29":"taxable","30":"shipping-taxable","31":"purchasable","32":"product-type-variable"},"acf":[],"yoast_head":"<!-- This site is optimized with the Yoast SEO plugin v27.2 - https:\/\/yoast.com\/product\/yoast-seo-wordpress\/ -->\n<title>Im inneren Kreis<\/title>\n<meta name=\"description\" content=\"Shop | Im inneren Kreis | 2019 | NONFY Documentaries | DVD | FSK12\" \/>\n<meta name=\"robots\" content=\"index, follow, max-snippet:-1, max-image-preview:large, max-video-preview:-1\" \/>\n<link rel=\"canonical\" href=\"https:\/\/ucm.one\/de\/produkt\/im-inneren-kreis\/\" \/>\n<meta property=\"og:locale\" content=\"de_DE\" \/>\n<meta property=\"og:type\" content=\"article\" \/>\n<meta property=\"og:title\" content=\"Im inneren Kreis\" \/>\n<meta property=\"og:description\" content=\"Shop | Im inneren Kreis | 2019 | NONFY Documentaries | DVD | FSK12\" \/>\n<meta property=\"og:url\" content=\"https:\/\/ucm.one\/de\/produkt\/im-inneren-kreis\/\" \/>\n<meta property=\"og:site_name\" content=\"UCM.ONE\" \/>\n<meta property=\"article:modified_time\" content=\"2023-07-28T14:04:00+00:00\" \/>\n<meta property=\"og:image\" content=\"https:\/\/ucm.one\/wp-content\/uploads\/2023\/01\/C-Im-inneren-Kreis-2D-FSK12.jpg\" \/>\n<meta name=\"twitter:card\" content=\"summary_large_image\" \/>\n<meta name=\"twitter:title\" content=\"Im inneren Kreis\" \/>\n<meta name=\"twitter:description\" content=\"Shop | Im inneren Kreis | 2019 | NONFY Documentaries | DVD | FSK12\" \/>\n<meta name=\"twitter:image\" content=\"https:\/\/ucm.one\/wp-content\/uploads\/2023\/01\/C-Im-inneren-Kreis-2D-FSK12.jpg\" \/>\n<meta name=\"twitter:label1\" content=\"Gesch\u00e4tzte Lesezeit\" \/>\n\t<meta name=\"twitter:data1\" content=\"1\u00a0Minute\" \/>\n<!-- \/ Yoast SEO plugin. -->","yoast_head_json":{"title":"Im inneren Kreis","description":"Shop | Im inneren Kreis | 2019 | NONFY Documentaries | DVD | FSK12","robots":{"index":"index","follow":"follow","max-snippet":"max-snippet:-1","max-image-preview":"max-image-preview:large","max-video-preview":"max-video-preview:-1"},"canonical":"https:\/\/ucm.one\/de\/produkt\/im-inneren-kreis\/","og_locale":"de_DE","og_type":"article","og_title":"Im inneren Kreis","og_description":"Shop | Im inneren Kreis | 2019 | NONFY Documentaries | DVD | FSK12","og_url":"https:\/\/ucm.one\/de\/produkt\/im-inneren-kreis\/","og_site_name":"UCM.ONE","article_modified_time":"2023-07-28T14:04:00+00:00","og_image":[{"url":"https:\/\/ucm.one\/wp-content\/uploads\/2023\/01\/C-Im-inneren-Kreis-2D-FSK12.jpg","type":"","width":"","height":""}],"twitter_card":"summary_large_image","twitter_title":"Im inneren Kreis","twitter_description":"Shop | Im inneren Kreis | 2019 | NONFY Documentaries | DVD | FSK12","twitter_image":"https:\/\/ucm.one\/wp-content\/uploads\/2023\/01\/C-Im-inneren-Kreis-2D-FSK12.jpg","twitter_misc":{"Gesch\u00e4tzte Lesezeit":"1\u00a0Minute"},"schema":{"@context":"https:\/\/schema.org","@graph":[{"@type":"WebPage","@id":"https:\/\/ucm.one\/de\/produkt\/im-inneren-kreis\/","url":"https:\/\/ucm.one\/de\/produkt\/im-inneren-kreis\/","name":"Im inneren Kreis","isPartOf":{"@id":"https:\/\/ucm.one\/de\/#website"},"primaryImageOfPage":{"@id":"https:\/\/ucm.one\/de\/produkt\/im-inneren-kreis\/#primaryimage"},"image":{"@id":"https:\/\/ucm.one\/de\/produkt\/im-inneren-kreis\/#primaryimage"},"thumbnailUrl":"https:\/\/ucm.one\/wp-content\/uploads\/2000\/01\/C-Im-inneren-Kreis-2D-FSK12.jpg","datePublished":"2019-03-23T10:50:49+00:00","dateModified":"2023-07-28T14:04:00+00:00","description":"Shop | Im inneren Kreis | 2019 | NONFY Documentaries | DVD | FSK12","breadcrumb":{"@id":"https:\/\/ucm.one\/de\/produkt\/im-inneren-kreis\/#breadcrumb"},"inLanguage":"de","potentialAction":[{"@type":"ReadAction","target":["https:\/\/ucm.one\/de\/produkt\/im-inneren-kreis\/"]}]},{"@type":"ImageObject","inLanguage":"de","@id":"https:\/\/ucm.one\/de\/produkt\/im-inneren-kreis\/#primaryimage","url":"https:\/\/ucm.one\/wp-content\/uploads\/2000\/01\/C-Im-inneren-Kreis-2D-FSK12.jpg","contentUrl":"https:\/\/ucm.one\/wp-content\/uploads\/2000\/01\/C-Im-inneren-Kreis-2D-FSK12.jpg","width":699,"height":1000},{"@type":"BreadcrumbList","@id":"https:\/\/ucm.one\/de\/produkt\/im-inneren-kreis\/#breadcrumb","itemListElement":[{"@type":"ListItem","position":1,"name":"Home","item":"https:\/\/ucm.one\/de\/"},{"@type":"ListItem","position":2,"name":"Shop","item":"https:\/\/ucm.one\/de\/shop\/"},{"@type":"ListItem","position":3,"name":"Im inneren Kreis"}]},{"@type":"WebSite","@id":"https:\/\/ucm.one\/de\/#website","url":"https:\/\/ucm.one\/de\/","name":"UCM.ONE","description":"","publisher":{"@id":"https:\/\/ucm.one\/de\/#organization"},"potentialAction":[{"@type":"SearchAction","target":{"@type":"EntryPoint","urlTemplate":"https:\/\/ucm.one\/de\/?s={search_term_string}"},"query-input":{"@type":"PropertyValueSpecification","valueRequired":true,"valueName":"search_term_string"}}],"inLanguage":"de"},{"@type":"Organization","@id":"https:\/\/ucm.one\/de\/#organization","name":"UCM.ONE","url":"https:\/\/ucm.one\/de\/","logo":{"@type":"ImageObject","inLanguage":"de","@id":"https:\/\/ucm.one\/de\/#\/schema\/logo\/image\/","url":"https:\/\/ucm.one\/wp-content\/uploads\/2019\/10\/UCM.ONE-Logo-RGB.svg","contentUrl":"https:\/\/ucm.one\/wp-content\/uploads\/2019\/10\/UCM.ONE-Logo-RGB.svg","width":1,"height":1,"caption":"UCM.ONE"},"image":{"@id":"https:\/\/ucm.one\/de\/#\/schema\/logo\/image\/"}}]}},"_links":{"self":[{"href":"https:\/\/ucm.one\/de\/wp-json\/wp\/v2\/product\/85965","targetHints":{"allow":["GET"]}}],"collection":[{"href":"https:\/\/ucm.one\/de\/wp-json\/wp\/v2\/product"}],"about":[{"href":"https:\/\/ucm.one\/de\/wp-json\/wp\/v2\/types\/product"}],"replies":[{"embeddable":true,"href":"https:\/\/ucm.one\/de\/wp-json\/wp\/v2\/comments?post=85965"}],"wp:featuredmedia":[{"embeddable":true,"href":"https:\/\/ucm.one\/de\/wp-json\/wp\/v2\/media\/86001"}],"wp:attachment":[{"href":"https:\/\/ucm.one\/de\/wp-json\/wp\/v2\/media?parent=85965"}],"wp:term":[{"taxonomy":"product_brand","embeddable":true,"href":"https:\/\/ucm.one\/de\/wp-json\/wp\/v2\/product_brand?post=85965"},{"taxonomy":"product_cat","embeddable":true,"href":"https:\/\/ucm.one\/de\/wp-json\/wp\/v2\/product_cat?post=85965"},{"taxonomy":"product_tag","embeddable":true,"href":"https:\/\/ucm.one\/de\/wp-json\/wp\/v2\/product_tag?post=85965"}],"curies":[{"name":"wp","href":"https:\/\/api.w.org\/{rel}","templated":true}]}}