{"id":85860,"date":"2023-05-24T14:45:05","date_gmt":"2023-05-24T14:45:05","guid":{"rendered":"https:\/\/ucm.one\/?post_type=product&#038;p=85860"},"modified":"2025-11-27T15:21:48","modified_gmt":"2025-11-27T15:21:48","slug":"abschied-in-der-nacht","status":"publish","type":"product","link":"https:\/\/ucm.one\/de\/produkt\/abschied-in-der-nacht\/","title":{"rendered":"Abschied in der Nacht"},"content":{"rendered":"<div class=\"wpb_text_column wpb_content_element \">\n<div class=\"wpb_wrapper\">\n<div class=\"\">\n<div class=\"wpb_text_column wpb_content_element \">\n<div class=\"wpb_wrapper\">\n<p><span style=\"font-weight: 400\">Frankreich 1944. In dem kleinen St\u00e4dtchen Montauban in der freien Zone Frankreichs, f\u00fchrt der Chirurg Julien Dandieu (<strong>Philippe<\/strong> <strong>Noiret<\/strong>) mit seiner jungen Frau Clara (<strong>Romy<\/strong> <strong>Schneider<\/strong>) und Tochter Florence ein b\u00fcrgerliches und ruhiges Leben. Im \u00f6rtlichen Krankenhaus k\u00fcmmert sich Julien aufopferungsvoll um seine Patienten, zu denen auch K\u00e4mpfer der R\u00e9sistance geh\u00f6ren. Und dies, obwohl die faschistische franz\u00f6sische Miliz ihm wiederholt damit droht, sich daf\u00fcr an seiner Familie zu r\u00e4chen. Aus Sorge um diese bringt er seine Frau Clara, seine Tochter und seine Mutter auf das Familienschloss im \u00d6rtchen Barberie.<\/span><\/p>\n<p><span style=\"font-weight: 400\"><br \/>\n<\/span><span style=\"font-weight: 400\">Doch als Julien dort sp\u00e4ter nach dem Rechten sehen will, bietet sich ihm ein grauenhaftes Bild: Alle M\u00e4nner, Frauen und Kinder des Dorfes wurden samt seiner Familie von einer SS-Division ermordet. Blind vor Schmerz, holt der sonst so sanfte und friedfertige Arzt das alte Jagdgewehr seines Vaters aus einem Versteck und startet einen gnadenlosen Rachefeldzug \u2026<\/span><\/p>\n<\/div>\n<\/div>\n<\/div>\n<\/div>\n<\/div>\n<div><div class=\"gap\" style=\"line-height: 20px; height: 20px;\"><\/div><\/div>\n<h5>Weitere Informationen<\/h5>\n<div>\n<div>\n<table style=\"height: 46px;width: 100%;border-collapse: collapse;border-color: #ffffff;background-color: #ffffff;border-style: hidden\">\n<tbody>\n<tr style=\"height: 23px;border-style: hidden;border-color: #ffffff;background-color: #ffffff\">\n<td style=\"width: 4.701195219123506%;height: 23px;border-style: hidden\">Film:<\/td>\n<td style=\"width: 95.29880478087651%;height: 23px;border-style: hidden\"><a title=\"Nachtblende\" href=\"https:\/\/ucm.one\/de\/drei-meisterwerke-mit-romy-schneider-in-neu-abgetasteten-und-restaurierten-fassungen\/\">Abschied in der Nacht<\/a><\/td>\n<\/tr>\n<tr style=\"height: 23px\">\n<td style=\"width: 4.701195219123506%;height: 23px;border-style: hidden\">Label:<\/td>\n<td style=\"width: 95.29880478087651%;height: 23px;border-style: hidden\"><a title=\"\u00c9dition ParaSol Videoth\u00e8que\" href=\"https:\/\/ucm.one\/de\/film-labels\/artkeim\/#edition-parasol-videotheque\">\u00c9dition ParaSol Videoth\u00e8que<\/a> \/ <a title=\"B-Spree Classics\" href=\"https:\/\/ucm.one\/de\/film-labels\/artkeim\/\">Artkeim\u00b2<\/a><\/td>\n<\/tr>\n<\/tbody>\n<\/table>\n<\/div>\n<div><\/div>\n<\/div>\n<div>\n<div><div class=\"gap\" style=\"line-height: 10px; height: 10px;\"><\/div><\/div>\n<div>\u21171975 <strong>L.C.J Editions &amp; Productions<\/strong>, <strong>Les Productions Artistes Associ\u00e9s<\/strong>, <strong>Mercure Productions<\/strong> \u00a9 2023 <strong>Edition ParaSol Videoth\u00e8que<\/strong>\u00a0\/ <strong>Artkeim\u00b2<\/strong> \/\u00a0<span style=\"font-family: 'arial black', sans-serif\"><strong>UCM.ONE <\/strong><span style=\"font-family: arial, helvetica, sans-serif\">in Kooperation mit <strong>moviemax<\/strong><\/span><\/span><\/div>\n<div><div class=\"gap\" style=\"line-height: 20px; height: 20px;\"><\/div><\/div>\n<div>\n<div><\/div>\n<div>\n<div><div class=\"gap\" style=\"line-height: 10px; height: 10px;\"><\/div><\/div>\n<div><span style=\"color: #003a80\"><strong>\u27a0 <a style=\"color: #003a80\" href=\"https:\/\/ucm.one\/de\/produkt-kategorie\/art-de\/filme-de\/\">zum Shop<\/a><\/strong><\/span><\/div>\n<div><div class=\"gap\" style=\"line-height: 20px; height: 20px;\"><\/div><\/div>\n<\/div>\n<\/div>\n<\/div>\n","protected":false},"excerpt":{"rendered":"<p>Regie:<a href=\"https:\/\/ucm.one\/de\/?s=%22Robert+Enrico%22&amp;post_type=product\"><strong> Robert Enrico<\/strong><\/a><\/p>\n<p>Label: <strong><a title=\"\" href=\"https:\/\/ucm.one\/de\/produkt-kategorie\/label-film-de\/artkeim-de\/edition-parasol-videotheque-de\/\">\u00c9dition ParaSol Videoth\u00e8que\u00a0<\/a>\/ <a href=\"https:\/\/ucm.one\/de\/produkt-kategorie\/label-film-de\/artkeim-de\/\">Artkeim\u00b2<\/a><\/strong><\/p>\n<p>Art:\u00a0<strong><a href=\"https:\/\/ucm.one\/de\/produkt-kategorie\/art-de\/filme-de\/\">Film<\/a> (<a title=\"\" href=\"https:\/\/ucm.one\/de\/produkt-kategorie\/genre-film-de\/klassiker-de\/\">Klassiker<\/a>)<\/strong><\/p>\n<p>Genres:\u00a0<b><a title=\"\" href=\"https:\/\/ucm.one\/de\/produkt-kategorie\/genre-film-de\/drama-de\/\">Drama<\/a>, <a href=\"https:\/\/ucm.one\/de\/produkt-kategorie\/genre-film-de\/krieg-de\/\">Krieg<\/a><\/b><\/p>\n<p>Jahr: <strong>1975<\/strong><\/p>\n<p>FSK: <strong>16<\/strong><\/p>\n<p>Formate: <strong>Diverse<\/strong><\/p>\n","protected":false},"featured_media":85903,"comment_status":"open","ping_status":"closed","template":"","meta":{"_acf_changed":false},"product_brand":[],"product_cat":[12093,10331,10332,13156,10333,10334,10338,10344,9708,11308],"product_tag":[15289,12287,15290,12318,15291,15292,15282,15283,15284,15285,15286,15287,15288],"class_list":{"0":"post-85860","1":"product","2":"type-product","3":"status-publish","4":"has-post-thumbnail","6":"product_cat-klassiker-de","7":"product_cat-dvd-de","8":"product_cat-blu-ray-de","9":"product_cat-arthouse-de","10":"product_cat-mediabooks-de","11":"product_cat-drama-de","12":"product_cat-artkeim-de","13":"product_cat-edition-parasol-videotheque-de","14":"product_cat-filme-de","15":"product_cat-krieg-de","16":"product_tag-karl-michael-vogler-robert-hoffmann","17":"product_tag-romy-schneider","18":"product_tag-anti-kriegsfilm","19":"product_tag-jean-bouise","20":"product_tag-against-war","21":"product_tag-voilence","22":"product_tag-abschied-in-der-nacht","23":"product_tag-le-vieux-fusil","24":"product_tag-robert-enrico","25":"product_tag-philippe-noiret","26":"product_tag-joachim-hansen","27":"product_tag-madeleine-ozeray","28":"product_tag-catherine-delaporte","29":"product_shipping_class-bd-2","30":"pa_format-mediabook-blu-ray-dvd","31":"pa_format-dvd","32":"pa_format-blu-ray-de","33":"description-off","35":"first","36":"instock","37":"sale","38":"taxable","39":"shipping-taxable","40":"purchasable","41":"product-type-variable"},"acf":[],"yoast_head":"<!-- This site is optimized with the Yoast SEO plugin v27.2 - https:\/\/yoast.com\/product\/yoast-seo-wordpress\/ -->\n<title>Abschied in der Nacht<\/title>\n<meta name=\"description\" content=\"Shop | Abschied in der Nacht | 2023 | Edition ParaSol Videoth\u00e8que \/ Artkeim\u00b2 | Limitiertes Mediabook, Blu-Ray, DVD | FSK 16\" \/>\n<meta name=\"robots\" content=\"index, follow, max-snippet:-1, max-image-preview:large, max-video-preview:-1\" \/>\n<link rel=\"canonical\" href=\"https:\/\/ucm.one\/de\/produkt\/abschied-in-der-nacht\/\" \/>\n<meta property=\"og:locale\" content=\"de_DE\" \/>\n<meta property=\"og:type\" content=\"article\" \/>\n<meta property=\"og:title\" content=\"Abschied in der Nacht\" \/>\n<meta property=\"og:description\" content=\"Shop | Abschied in der Nacht | 2023 | Edition ParaSol Videoth\u00e8que \/ Artkeim\u00b2 | Limitiertes Mediabook, Blu-Ray, DVD | FSK 16\" \/>\n<meta property=\"og:url\" content=\"https:\/\/ucm.one\/de\/produkt\/abschied-in-der-nacht\/\" \/>\n<meta property=\"og:site_name\" content=\"UCM.ONE\" \/>\n<meta property=\"article:modified_time\" content=\"2025-11-27T15:21:48+00:00\" \/>\n<meta property=\"og:image\" content=\"https:\/\/ucm.one\/wp-content\/uploads\/2023\/01\/C-Abschied-in-der-Nacht-MB-2D-FSK16.jpg\" \/>\n<meta name=\"twitter:card\" content=\"summary_large_image\" \/>\n<meta name=\"twitter:title\" content=\"Abschied in der Nacht\" \/>\n<meta name=\"twitter:description\" content=\"Shop | Abschied in der Nacht | 2023 | Edition ParaSol Videoth\u00e8que \/ Artkeim\u00b2 | Limitiertes Mediabook, Blu-Ray, DVD | FSK 16\" \/>\n<meta name=\"twitter:image\" content=\"https:\/\/ucm.one\/wp-content\/uploads\/2023\/01\/C-Abschied-in-der-Nacht-MB-2D-FSK16.jpg\" \/>\n<meta name=\"twitter:label1\" content=\"Gesch\u00e4tzte Lesezeit\" \/>\n\t<meta name=\"twitter:data1\" content=\"2\u00a0Minuten\" \/>\n<!-- \/ Yoast SEO plugin. -->","yoast_head_json":{"title":"Abschied in der Nacht","description":"Shop | Abschied in der Nacht | 2023 | Edition ParaSol Videoth\u00e8que \/ Artkeim\u00b2 | Limitiertes Mediabook, Blu-Ray, DVD | FSK 16","robots":{"index":"index","follow":"follow","max-snippet":"max-snippet:-1","max-image-preview":"max-image-preview:large","max-video-preview":"max-video-preview:-1"},"canonical":"https:\/\/ucm.one\/de\/produkt\/abschied-in-der-nacht\/","og_locale":"de_DE","og_type":"article","og_title":"Abschied in der Nacht","og_description":"Shop | Abschied in der Nacht | 2023 | Edition ParaSol Videoth\u00e8que \/ Artkeim\u00b2 | Limitiertes Mediabook, Blu-Ray, DVD | FSK 16","og_url":"https:\/\/ucm.one\/de\/produkt\/abschied-in-der-nacht\/","og_site_name":"UCM.ONE","article_modified_time":"2025-11-27T15:21:48+00:00","og_image":[{"url":"https:\/\/ucm.one\/wp-content\/uploads\/2023\/01\/C-Abschied-in-der-Nacht-MB-2D-FSK16.jpg","type":"","width":"","height":""}],"twitter_card":"summary_large_image","twitter_title":"Abschied in der Nacht","twitter_description":"Shop | Abschied in der Nacht | 2023 | Edition ParaSol Videoth\u00e8que \/ Artkeim\u00b2 | Limitiertes Mediabook, Blu-Ray, DVD | FSK 16","twitter_image":"https:\/\/ucm.one\/wp-content\/uploads\/2023\/01\/C-Abschied-in-der-Nacht-MB-2D-FSK16.jpg","twitter_misc":{"Gesch\u00e4tzte Lesezeit":"2\u00a0Minuten"},"schema":{"@context":"https:\/\/schema.org","@graph":[{"@type":"WebPage","@id":"https:\/\/ucm.one\/de\/produkt\/abschied-in-der-nacht\/","url":"https:\/\/ucm.one\/de\/produkt\/abschied-in-der-nacht\/","name":"Abschied in der Nacht","isPartOf":{"@id":"https:\/\/ucm.one\/de\/#website"},"primaryImageOfPage":{"@id":"https:\/\/ucm.one\/de\/produkt\/abschied-in-der-nacht\/#primaryimage"},"image":{"@id":"https:\/\/ucm.one\/de\/produkt\/abschied-in-der-nacht\/#primaryimage"},"thumbnailUrl":"https:\/\/ucm.one\/wp-content\/uploads\/2000\/01\/C-Romy-Schneider-Abschied-in-der-Nacht.jpg","datePublished":"2023-05-24T14:45:05+00:00","dateModified":"2025-11-27T15:21:48+00:00","description":"Shop | Abschied in der Nacht | 2023 | Edition ParaSol Videoth\u00e8que \/ Artkeim\u00b2 | Limitiertes Mediabook, Blu-Ray, DVD | FSK 16","breadcrumb":{"@id":"https:\/\/ucm.one\/de\/produkt\/abschied-in-der-nacht\/#breadcrumb"},"inLanguage":"de","potentialAction":[{"@type":"ReadAction","target":["https:\/\/ucm.one\/de\/produkt\/abschied-in-der-nacht\/"]}]},{"@type":"ImageObject","inLanguage":"de","@id":"https:\/\/ucm.one\/de\/produkt\/abschied-in-der-nacht\/#primaryimage","url":"https:\/\/ucm.one\/wp-content\/uploads\/2000\/01\/C-Romy-Schneider-Abschied-in-der-Nacht.jpg","contentUrl":"https:\/\/ucm.one\/wp-content\/uploads\/2000\/01\/C-Romy-Schneider-Abschied-in-der-Nacht.jpg","width":699,"height":1000},{"@type":"BreadcrumbList","@id":"https:\/\/ucm.one\/de\/produkt\/abschied-in-der-nacht\/#breadcrumb","itemListElement":[{"@type":"ListItem","position":1,"name":"Home","item":"https:\/\/ucm.one\/de\/"},{"@type":"ListItem","position":2,"name":"Shop","item":"https:\/\/ucm.one\/de\/shop\/"},{"@type":"ListItem","position":3,"name":"Abschied in der Nacht"}]},{"@type":"WebSite","@id":"https:\/\/ucm.one\/de\/#website","url":"https:\/\/ucm.one\/de\/","name":"UCM.ONE","description":"","publisher":{"@id":"https:\/\/ucm.one\/de\/#organization"},"potentialAction":[{"@type":"SearchAction","target":{"@type":"EntryPoint","urlTemplate":"https:\/\/ucm.one\/de\/?s={search_term_string}"},"query-input":{"@type":"PropertyValueSpecification","valueRequired":true,"valueName":"search_term_string"}}],"inLanguage":"de"},{"@type":"Organization","@id":"https:\/\/ucm.one\/de\/#organization","name":"UCM.ONE","url":"https:\/\/ucm.one\/de\/","logo":{"@type":"ImageObject","inLanguage":"de","@id":"https:\/\/ucm.one\/de\/#\/schema\/logo\/image\/","url":"https:\/\/ucm.one\/wp-content\/uploads\/2019\/10\/UCM.ONE-Logo-RGB.svg","contentUrl":"https:\/\/ucm.one\/wp-content\/uploads\/2019\/10\/UCM.ONE-Logo-RGB.svg","width":1,"height":1,"caption":"UCM.ONE"},"image":{"@id":"https:\/\/ucm.one\/de\/#\/schema\/logo\/image\/"}}]}},"_links":{"self":[{"href":"https:\/\/ucm.one\/de\/wp-json\/wp\/v2\/product\/85860","targetHints":{"allow":["GET"]}}],"collection":[{"href":"https:\/\/ucm.one\/de\/wp-json\/wp\/v2\/product"}],"about":[{"href":"https:\/\/ucm.one\/de\/wp-json\/wp\/v2\/types\/product"}],"replies":[{"embeddable":true,"href":"https:\/\/ucm.one\/de\/wp-json\/wp\/v2\/comments?post=85860"}],"wp:featuredmedia":[{"embeddable":true,"href":"https:\/\/ucm.one\/de\/wp-json\/wp\/v2\/media\/85903"}],"wp:attachment":[{"href":"https:\/\/ucm.one\/de\/wp-json\/wp\/v2\/media?parent=85860"}],"wp:term":[{"taxonomy":"product_brand","embeddable":true,"href":"https:\/\/ucm.one\/de\/wp-json\/wp\/v2\/product_brand?post=85860"},{"taxonomy":"product_cat","embeddable":true,"href":"https:\/\/ucm.one\/de\/wp-json\/wp\/v2\/product_cat?post=85860"},{"taxonomy":"product_tag","embeddable":true,"href":"https:\/\/ucm.one\/de\/wp-json\/wp\/v2\/product_tag?post=85860"}],"curies":[{"name":"wp","href":"https:\/\/api.w.org\/{rel}","templated":true}]}}