{"id":85851,"date":"2023-01-03T13:03:27","date_gmt":"2023-01-03T13:03:27","guid":{"rendered":"https:\/\/ucm.one\/?post_type=product&#038;p=85851"},"modified":"2026-02-10T15:08:36","modified_gmt":"2026-02-10T15:08:36","slug":"leidenschaftliche-bluemchen","status":"publish","type":"product","link":"https:\/\/ucm.one\/de\/produkt\/leidenschaftliche-bluemchen\/","title":{"rendered":"Leidenschaftliche Bl\u00fcmchen"},"content":{"rendered":"<div class=\"wpb_text_column wpb_content_element \">\n<div class=\"wpb_wrapper\">\n<div class=\"\">\n<div class=\"wpb_text_column wpb_content_element \">\n<div class=\"wpb_wrapper\">\n<div class=\"wpb_text_column wpb_content_element \">\n<div class=\"wpb_wrapper\">\n<div class=\"wpb_text_column wpb_content_element \">\n<div class=\"wpb_wrapper\">\n<p><span style=\"font-weight: 400;\">Der Film erz\u00e4hlt die Geschichte von f\u00fcnf miteinander befreundeten pubertierenden M\u00e4dchen, die gemeinsam in einem Internat in den Alpen leben und zur Schule gehen. Mit Jungs haben alle noch keine Erfahrung und so beschlie\u00dfen Debbie (<strong>Nastassja Kinski<\/strong>), Jane, Gina, Ruth und Marie-Louise so schnell wie m\u00f6glich ihre Jungfernschaft zu verlieren. Ziel ihrer Begierde ist das Internat f\u00fcr Jungen, das in der Nachbarschaft liegt. Jede von ihnen sucht sich einen h\u00fcbschen Buben des Internats aus, um diesen zu verf\u00fchren. Das funktioniert allerdings nicht ganz so einfach wie gedacht. Auch die Jungs haben keinerlei Erfahrung, sie sind ja schlie\u00dflich im selben Alter wie die M\u00e4dchen. Die Sache mit dem Sex funktioniert also nicht. Die jungen Damen sind frustriert. Was sie auch tun, wie sehr sie auch ihre Verf\u00fchrungsk\u00fcnste einsetzen, immer geht etwas schief. Auf der gro\u00dfen Internatsparty soll es jetzt aber endg\u00fcltig \u201efunken\u201c. Die M\u00e4dels ziehen alle Register. Sie versetzen eine Bowle mit einem Aphrodisiakum und ziehen sich besonders aufreizend an. Bald aber merken alle, dass in einer Liebesbeziehung die Romantik und die seelische Verbundenheit wichtiger sind als Sex.<\/span><\/p>\n<\/div>\n<\/div>\n<\/div>\n<\/div>\n<\/div>\n<\/div>\n<\/div>\n<\/div>\n<\/div>\n<div><div class=\"gap\" style=\"line-height: 20px; height: 20px;\"><\/div><\/div>\n<h5>Weitere Informationen<\/h5>\n<div>\n<div>\n<table style=\"height: 42px; width: 100%; border-collapse: collapse; border-color: #ffffff; background-color: #ffffff; border-style: hidden;\">\n<tbody>\n<tr style=\"height: 23px;\">\n<td style=\"width: 4.701195219123506%; height: 23px; border-style: hidden;\">Labels:<\/td>\n<td style=\"width: 95.29880478087651%; height: 23px; border-style: hidden;\"><a title=\"U1 Films Berlin\" href=\"https:\/\/ucm.one\/de\/film-labels\/u1-films-berlin\/#u8-films-berlin\">U8 Films Berlin<\/a>, <a title=\"B-Spree Classics\" href=\"\/de\/produkt-kategorie\/label-film-de\/b-spree-pictures-de\/b-spree-classics-de\/\">B-Spree Classics<\/a><\/td>\n<\/tr>\n<\/tbody>\n<\/table>\n<\/div>\n<div><\/div>\n<\/div>\n<div>\n<div><div class=\"gap\" style=\"line-height: 10px; height: 10px;\"><\/div><\/div>\n<div>\u2117 1978<strong>\u00a0Central Cinema Company Film (CCC)<\/strong>, \u00a9 2023 <strong><span style=\"font-family: 'arial black', sans-serif;\">U8<\/span>\u00a0Films Berlin<\/strong>\u00a0\/\u00a0<span style=\"font-family: 'arial black', sans-serif;\"><strong>UCM.ONE<\/strong><\/span><\/div>\n<div><div class=\"gap\" style=\"line-height: 20px; height: 20px;\"><\/div><\/div>\n<\/div>\n<div>\n<div>\n<div><\/div>\n<div><div class=\"gap\" style=\"line-height: 10px; height: 10px;\"><\/div><\/div>\n<div><span style=\"color: #003a80;\"><strong>\u27a0 <a style=\"color: #003a80;\" href=\"https:\/\/ucm.one\/de\/produkt-kategorie\/art-de\/filme-de\/\">zum Shop<\/a><\/strong><\/span><\/div>\n<div><div class=\"gap\" style=\"line-height: 20px; height: 20px;\"><\/div><\/div>\n<\/div>\n<\/div>\n","protected":false},"excerpt":{"rendered":"<p>Regie: <a href=\"https:\/\/ucm.one\/de\/?s=%22Andre%C3%A9+Farwagi%22&amp;post_type=product\"><strong>Andre\u00e9 Farwagi<\/strong><\/a><\/p>\n<p>Labels:\u00a0<a href=\"https:\/\/ucm.one\/de\/produkt-kategorie\/label-film-de\/u1-films-berlin-de\/u8-films-berlin-de\/\"><strong>U8 Films Berlin<\/strong><\/a><\/p>\n<p>Art: <strong><a href=\"https:\/\/ucm.one\/de\/produkt-kategorie\/art-de\/filme-de\/\">Film<\/a> (<a title=\"\" href=\"https:\/\/ucm.one\/de\/produkt-kategorie\/genre-film-de\/klassiker-de\/\">Klassiker<\/a>)<\/strong><\/p>\n<p>Genres: <strong><a href=\"https:\/\/ucm.one\/de\/produkt-kategorie\/genre-film-de\/komoedie-de\/\">Kom\u00f6die<\/a>, <a href=\"https:\/\/ucm.one\/de\/produkt-kategorie\/genre-film-de\/erotik-de\/\">Erotik<\/a><\/strong><\/p>\n<p>Jahr: <strong>2023<\/strong><\/p>\n<p>FSK: <strong>16<\/strong><\/p>\n<p>Format: <strong>Mediabook<\/strong><\/p>\n","protected":false},"featured_media":85906,"comment_status":"open","ping_status":"closed","template":"","meta":{"_acf_changed":false},"product_brand":[],"product_cat":[15293,10331,10332,10333,10340,10342,10356,9708,12093],"product_tag":[15269,15270,15271,15272,15273,15274,15275,15276,15277,14417,15278,15268,15281],"class_list":{"0":"post-85851","1":"product","2":"type-product","3":"status-publish","4":"has-post-thumbnail","6":"product_cat-erotik-de","7":"product_cat-dvd-de","8":"product_cat-blu-ray-de","9":"product_cat-mediabooks-de","10":"product_cat-u1-films-berlin-de","11":"product_cat-b-spree-classics-de","12":"product_cat-komoedie-de","13":"product_cat-filme-de","14":"product_cat-klassiker-de","15":"product_tag-leidenschaftliche-bluemchen-2","16":"product_tag-the-passion-flower-hotel-2","17":"product_tag-andree-farwagi-2","18":"product_tag-nastassja-kinski-2","19":"product_tag-marion-kracht-2","20":"product_tag-fabiana-udenio-2","21":"product_tag-hertha-von-walther-2","22":"product_tag-die-reifepruefung-2","23":"product_tag-schulmaedchenreport-2","24":"product_tag-artur-brauner","25":"product_tag-her-mit-den-kleinen-englaenderinnen-2","26":"product_tag-erotik","27":"product_tag-coming-of-age-2","28":"pa_format-dvd","29":"pa_format-blu-ray-de","30":"pa_format-mediabook-blu-ray-dvd","31":"description-off","33":"first","34":"instock","35":"sale","36":"taxable","37":"shipping-taxable","38":"purchasable","39":"product-type-variable","40":"has-default-attributes"},"acf":[],"yoast_head":"<!-- This site is optimized with the Yoast SEO plugin v27.2 - https:\/\/yoast.com\/product\/yoast-seo-wordpress\/ -->\n<title>Leidenschaftliche Bl\u00fcmchen<\/title>\n<meta name=\"description\" content=\"Shop | Leidenschaftliche Bl\u00fcmchen | 2023 | U8 Films Berlin &amp; B-Spree Classics | Mediabook, Blu-ray &amp; DVD | FSK 16\" \/>\n<meta name=\"robots\" content=\"index, follow, max-snippet:-1, max-image-preview:large, max-video-preview:-1\" \/>\n<link rel=\"canonical\" href=\"https:\/\/ucm.one\/de\/produkt\/leidenschaftliche-bluemchen\/\" \/>\n<meta property=\"og:locale\" content=\"de_DE\" \/>\n<meta property=\"og:type\" content=\"article\" \/>\n<meta property=\"og:title\" content=\"Leidenschaftliche Bl\u00fcmchen\" \/>\n<meta property=\"og:description\" content=\"Shop | Leidenschaftliche Bl\u00fcmchen | 2023 | U8 Films Berlin &amp; B-Spree Classics | Mediabook, Blu-ray &amp; DVD | FSK 16\" \/>\n<meta property=\"og:url\" content=\"https:\/\/ucm.one\/de\/produkt\/leidenschaftliche-bluemchen\/\" \/>\n<meta property=\"og:site_name\" content=\"UCM.ONE\" \/>\n<meta property=\"article:modified_time\" content=\"2026-02-10T15:08:36+00:00\" \/>\n<meta property=\"og:image\" content=\"https:\/\/ucm.one\/wp-content\/uploads\/2000\/01\/C-Leidenschaftliche-Bluemchen-2D-FSK16.jpg\" \/>\n<meta name=\"twitter:card\" content=\"summary_large_image\" \/>\n<meta name=\"twitter:title\" content=\"Leidenschaftliche Bl\u00fcmchen\" \/>\n<meta name=\"twitter:description\" content=\"Shop | Leidenschaftliche Bl\u00fcmchen | 2023 | U8 Films Berlin &amp; B-Spree Classics | Mediabook, Blu-ray &amp; DVD | FSK 16\" \/>\n<meta name=\"twitter:image\" content=\"https:\/\/ucm.one\/wp-content\/uploads\/2000\/01\/C-Leidenschaftliche-Bluemchen-2D-FSK16.jpg\" \/>\n<meta name=\"twitter:label1\" content=\"Gesch\u00e4tzte Lesezeit\" \/>\n\t<meta name=\"twitter:data1\" content=\"1\u00a0Minute\" \/>\n<!-- \/ Yoast SEO plugin. -->","yoast_head_json":{"title":"Leidenschaftliche Bl\u00fcmchen","description":"Shop | Leidenschaftliche Bl\u00fcmchen | 2023 | U8 Films Berlin & B-Spree Classics | Mediabook, Blu-ray & DVD | FSK 16","robots":{"index":"index","follow":"follow","max-snippet":"max-snippet:-1","max-image-preview":"max-image-preview:large","max-video-preview":"max-video-preview:-1"},"canonical":"https:\/\/ucm.one\/de\/produkt\/leidenschaftliche-bluemchen\/","og_locale":"de_DE","og_type":"article","og_title":"Leidenschaftliche Bl\u00fcmchen","og_description":"Shop | Leidenschaftliche Bl\u00fcmchen | 2023 | U8 Films Berlin & B-Spree Classics | Mediabook, Blu-ray & DVD | FSK 16","og_url":"https:\/\/ucm.one\/de\/produkt\/leidenschaftliche-bluemchen\/","og_site_name":"UCM.ONE","article_modified_time":"2026-02-10T15:08:36+00:00","og_image":[{"url":"https:\/\/ucm.one\/wp-content\/uploads\/2000\/01\/C-Leidenschaftliche-Bluemchen-2D-FSK16.jpg","type":"","width":"","height":""}],"twitter_card":"summary_large_image","twitter_title":"Leidenschaftliche Bl\u00fcmchen","twitter_description":"Shop | Leidenschaftliche Bl\u00fcmchen | 2023 | U8 Films Berlin & B-Spree Classics | Mediabook, Blu-ray & DVD | FSK 16","twitter_image":"https:\/\/ucm.one\/wp-content\/uploads\/2000\/01\/C-Leidenschaftliche-Bluemchen-2D-FSK16.jpg","twitter_misc":{"Gesch\u00e4tzte Lesezeit":"1\u00a0Minute"},"schema":{"@context":"https:\/\/schema.org","@graph":[{"@type":"WebPage","@id":"https:\/\/ucm.one\/de\/produkt\/leidenschaftliche-bluemchen\/","url":"https:\/\/ucm.one\/de\/produkt\/leidenschaftliche-bluemchen\/","name":"Leidenschaftliche Bl\u00fcmchen","isPartOf":{"@id":"https:\/\/ucm.one\/de\/#website"},"primaryImageOfPage":{"@id":"https:\/\/ucm.one\/de\/produkt\/leidenschaftliche-bluemchen\/#primaryimage"},"image":{"@id":"https:\/\/ucm.one\/de\/produkt\/leidenschaftliche-bluemchen\/#primaryimage"},"thumbnailUrl":"https:\/\/ucm.one\/wp-content\/uploads\/2000\/01\/C-Leidenschaftliche-Bluemchen-2D-FSK-16.jpg","datePublished":"2023-01-03T13:03:27+00:00","dateModified":"2026-02-10T15:08:36+00:00","description":"Shop | Leidenschaftliche Bl\u00fcmchen | 2023 | U8 Films Berlin & B-Spree Classics | Mediabook, Blu-ray & DVD | FSK 16","breadcrumb":{"@id":"https:\/\/ucm.one\/de\/produkt\/leidenschaftliche-bluemchen\/#breadcrumb"},"inLanguage":"de","potentialAction":[{"@type":"ReadAction","target":["https:\/\/ucm.one\/de\/produkt\/leidenschaftliche-bluemchen\/"]}]},{"@type":"ImageObject","inLanguage":"de","@id":"https:\/\/ucm.one\/de\/produkt\/leidenschaftliche-bluemchen\/#primaryimage","url":"https:\/\/ucm.one\/wp-content\/uploads\/2000\/01\/C-Leidenschaftliche-Bluemchen-2D-FSK-16.jpg","contentUrl":"https:\/\/ucm.one\/wp-content\/uploads\/2000\/01\/C-Leidenschaftliche-Bluemchen-2D-FSK-16.jpg","width":699,"height":1000},{"@type":"BreadcrumbList","@id":"https:\/\/ucm.one\/de\/produkt\/leidenschaftliche-bluemchen\/#breadcrumb","itemListElement":[{"@type":"ListItem","position":1,"name":"Home","item":"https:\/\/ucm.one\/de\/"},{"@type":"ListItem","position":2,"name":"Shop","item":"https:\/\/ucm.one\/de\/shop\/"},{"@type":"ListItem","position":3,"name":"Leidenschaftliche Bl\u00fcmchen"}]},{"@type":"WebSite","@id":"https:\/\/ucm.one\/de\/#website","url":"https:\/\/ucm.one\/de\/","name":"UCM.ONE","description":"","publisher":{"@id":"https:\/\/ucm.one\/de\/#organization"},"potentialAction":[{"@type":"SearchAction","target":{"@type":"EntryPoint","urlTemplate":"https:\/\/ucm.one\/de\/?s={search_term_string}"},"query-input":{"@type":"PropertyValueSpecification","valueRequired":true,"valueName":"search_term_string"}}],"inLanguage":"de"},{"@type":"Organization","@id":"https:\/\/ucm.one\/de\/#organization","name":"UCM.ONE","url":"https:\/\/ucm.one\/de\/","logo":{"@type":"ImageObject","inLanguage":"de","@id":"https:\/\/ucm.one\/de\/#\/schema\/logo\/image\/","url":"https:\/\/ucm.one\/wp-content\/uploads\/2019\/10\/UCM.ONE-Logo-RGB.svg","contentUrl":"https:\/\/ucm.one\/wp-content\/uploads\/2019\/10\/UCM.ONE-Logo-RGB.svg","width":1,"height":1,"caption":"UCM.ONE"},"image":{"@id":"https:\/\/ucm.one\/de\/#\/schema\/logo\/image\/"}}]}},"_links":{"self":[{"href":"https:\/\/ucm.one\/de\/wp-json\/wp\/v2\/product\/85851","targetHints":{"allow":["GET"]}}],"collection":[{"href":"https:\/\/ucm.one\/de\/wp-json\/wp\/v2\/product"}],"about":[{"href":"https:\/\/ucm.one\/de\/wp-json\/wp\/v2\/types\/product"}],"replies":[{"embeddable":true,"href":"https:\/\/ucm.one\/de\/wp-json\/wp\/v2\/comments?post=85851"}],"wp:featuredmedia":[{"embeddable":true,"href":"https:\/\/ucm.one\/de\/wp-json\/wp\/v2\/media\/85906"}],"wp:attachment":[{"href":"https:\/\/ucm.one\/de\/wp-json\/wp\/v2\/media?parent=85851"}],"wp:term":[{"taxonomy":"product_brand","embeddable":true,"href":"https:\/\/ucm.one\/de\/wp-json\/wp\/v2\/product_brand?post=85851"},{"taxonomy":"product_cat","embeddable":true,"href":"https:\/\/ucm.one\/de\/wp-json\/wp\/v2\/product_cat?post=85851"},{"taxonomy":"product_tag","embeddable":true,"href":"https:\/\/ucm.one\/de\/wp-json\/wp\/v2\/product_tag?post=85851"}],"curies":[{"name":"wp","href":"https:\/\/api.w.org\/{rel}","templated":true}]}}