{"id":83216,"date":"2021-08-06T15:00:48","date_gmt":"2021-08-06T15:00:48","guid":{"rendered":"https:\/\/ucm.one\/?post_type=product&#038;p=83216"},"modified":"2024-10-16T20:34:40","modified_gmt":"2024-10-16T20:34:40","slug":"die-praesenz-ufo-es-ist-hier-uncut-double-feature","status":"publish","type":"product","link":"https:\/\/ucm.one\/de\/produkt\/die-praesenz-ufo-es-ist-hier-uncut-double-feature\/","title":{"rendered":"Die Pr\u00e4senz \/ UFO &#8211; Es ist hier (Uncut Double Feature)"},"content":{"rendered":"<div class=\"wpb_text_column wpb_content_element \">\n<div class=\"wpb_wrapper\">\n<div class=\"\">\n<div class=\"wpb_text_column wpb_content_element \">\n<div class=\"wpb_wrapper\">\n<div class=\"wpb_text_column wpb_content_element \">\n<div class=\"wpb_wrapper\">\n<div class=\"wpb_text_column wpb_content_element \">\n<div class=\"wpb_wrapper\">\n<div class=\"wpb_text_column wpb_content_element \">\n<div class=\"wpb_wrapper\">\n<div class=\"wpb_text_column wpb_content_element \">\n<div class=\"wpb_wrapper\">\n<p><strong>Die Pr\u00e4senz &#8211; Kann ein Ort b\u00f6se sein?<\/strong><\/p>\n<p>Der Anthropologie-Student Markus besch\u00e4ftigt sich in seinem Studium mit volkst\u00fcmlichem Aberglauben und dem Poltergeist-Ph\u00e4nomen. Als sein Freund Lukas von einer entlegenen Burg h\u00f6rt, in der es spuken soll, will Markus die Chance nutzen, etwas Paranormales aufzuzeichnen \u2013 sie beschlie\u00dfen, eine Woche <span class=\"_dgc\">der bevorstehenden Ferien dort zu verbringen. Seine Freundin Rebecca wird erst eingeweiht, als die drei schon auf dem Weg sind. Die Studenten verschaffen sich unbefugt Zugang zu der d\u00fcsteren Wasserburg und richten sich f\u00fcr die Nacht ein. Was am Anfang noch ein Spa\u00df zu sein scheint, wird jedoch bald blutiger Ernst: Etwas D\u00e4monisches scheint auf der Burg umzugehen, und die Ereignisse geraten au\u00dfer Kontrolle&#8230;<\/span><\/p>\n<p>\u2117 2014 <strong>M-Square Pictures<\/strong><\/p>\n<p>&nbsp;<\/p>\n<\/div>\n<p><strong>UFO &#8211; Es ist hier<\/strong><\/p>\n<p>F\u00fcnf Filmstudenten arbeiten an ihrem Abschlussprojekt und werden dabei durch eine eigenartige Beobachtung gest\u00f6rt. Am Himmel macht sich eine gigantische Feuerkugel bemerkbar, die sie vor R\u00e4tsel stellt. Die Jugendlichen gehen davon aus, dass es sich um einen Meteor handeln muss und wollen die Chance ergreifen, beeindruckende Aufnahmen von dem Einschlagsort zu filmen. Kurzerhand machen sie sich auf den Weg zu Krater. In einem St\u00fcck Wald entdecken sie eine Schneise der Verw\u00fcstung: B\u00e4ume sind verbrannt, der Boden aufgew\u00fchlt. Filmen k\u00f6nnen sie allerdings nicht mehr, es ist schon zu dunkel. Sie verschieben die Dreharbeiten auf den n\u00e4chsten Morgen und schlagen ihr Nachtlager auf. Doch der Morgen bringt Entsetzen. Ein Student fehlt und seine Kommilitonen m\u00fcssen nicht lange suchen, bis sie auf eine Blutspur und seine zerfledderte Leiche treffen. Um dem Ungl\u00fccksort zu entfliehen, machen sie sich auf zu ihrem Auto. Doch statt den Wald hinter sich zu lassen, geraten sie immer tiefer ins Dickicht hinein. Pl\u00f6tzlich sp\u00fcrt die Gruppe, das sie nicht alleine ist\u2026<\/p>\n<p>\u2117 2016 <strong>M-Square Pictures<\/strong><\/p>\n<p>&nbsp;<\/p>\n<\/div>\n<\/div>\n<\/div>\n<\/div>\n<\/div>\n<\/div>\n<\/div>\n<\/div>\n<\/div>\n<\/div>\n<\/div>\n<\/div>\n<div><div class=\"gap\" style=\"line-height: 20px; height: 20px;\"><\/div><\/div>\n<h5>Weitere Informationen<\/h5>\n<div>\n<div>\n<table style=\"height: 45px; width: 100%; border-collapse: collapse; border-color: #ffffff; background-color: #ffffff; border-style: hidden;\">\n<tbody>\n<tr style=\"height: 23px; border-style: hidden; border-color: #ffffff; background-color: #ffffff;\">\n<td style=\"width: 4.7012%; height: 22px; border-style: hidden;\">Filme:<\/td>\n<td style=\"width: 95.2988%; height: 22px; border-style: hidden;\"><a href=\"https:\/\/ucm.one\/de\/kinoverleih\/katalogfilme\/#die-praesenz\">Die Pr\u00e4senz<\/a>, <a href=\"https:\/\/ucm.one\/de\/kinoverleih\/katalogfilme\/#ufo-es-ist-hier\">UFO &#8211; Es ist hier<\/a><\/td>\n<\/tr>\n<tr style=\"height: 23px;\">\n<td style=\"width: 4.701195219123506%; height: 23px; border-style: hidden;\">Label:<\/td>\n<td style=\"width: 95.29880478087651%; height: 23px; border-style: hidden;\"><a title=\"M-Square Pictures\" href=\"https:\/\/ucm.one\/de\/film-labels\/m-square-pictures\">M-Square Pictures<\/a><\/td>\n<\/tr>\n<\/tbody>\n<\/table>\n<\/div>\n<div><\/div>\n<\/div>\n<div>\n<div><div class=\"gap\" style=\"line-height: 10px; height: 10px;\"><\/div><\/div>\n<div>\u2117 <strong><span class=\"itemprop\">Stella Maris Film<\/span>,\u00a0<span class=\"itemprop\">Herzbergmedia<\/span>,\u00a0<span class=\"itemprop\">KinoweltTV<\/span><\/strong>, \u00a9 2021 <strong>M-Square Pictures<\/strong> \/ <span style=\"font-family: 'arial black', sans-serif;\"><strong>UCM.ONE<\/strong><\/span><\/div>\n<div><div class=\"gap\" style=\"line-height: 20px; height: 20px;\"><\/div><\/div>\n<div>\n<div><\/div>\n<div>\n<div><div class=\"gap\" style=\"line-height: 10px; height: 10px;\"><\/div><\/div>\n<div><span style=\"color: #003a80;\"><strong>\u27a0 <a style=\"color: #003a80;\" href=\"https:\/\/ucm.one\/de\/produkt-kategorie\/art-de\/filme-de\/\">zum Shop<\/a><\/strong><\/span><\/div>\n<div><div class=\"gap\" style=\"line-height: 20px; height: 20px;\"><\/div><\/div>\n<\/div>\n<\/div>\n<\/div>\n","protected":false},"excerpt":{"rendered":"<p>Konzepte: <a href=\"https:\/\/ucm.one\/de\/?s=%22Daniele+Grieco%22&amp;post_type=product\"><strong>Daniele Grieco<\/strong><\/a><\/p>\n<p>Label: <a title=\"M-Square Pictures\" href=\"https:\/\/ucm.one\/de\/produkt-kategorie\/label-film-de\/m-square-pictures-de\"><strong>M-Square Pictures<\/strong><\/a><\/p>\n<p>Art:\u00a0<strong><a href=\"https:\/\/ucm.one\/de\/produkt-kategorie\/art-de\/filme-de\/\">Film<\/a> (Spielfilm)<\/strong><\/p>\n<p>Genre: <b><a href=\"https:\/\/ucm.one\/de\/produkt-kategorie\/genre-film-de\/horror-de\/\">Horror,<\/a> <strong><a href=\"https:\/\/ucm.one\/de\/produkt-kategorie\/genre-film-de\/science-fiction-de\/\">Science-Fiction<\/a><\/strong><\/b><b><\/b><\/p>\n<p>Jahr: <strong>2021<\/strong><\/p>\n<p>FSK: <strong>18<\/strong><\/p>\n<p>Format: <strong>Blu-Ray<\/strong><\/p>\n","protected":false},"featured_media":83641,"comment_status":"open","ping_status":"closed","template":"","meta":{"_acf_changed":false},"product_brand":[],"product_cat":[9708,10323,10327,10332,10354],"product_tag":[13725,13748,13726,13749,13727,14938,13728,14939,13729,13730,10325,13731,13744,13745,13746,13300,13747],"class_list":{"0":"post-83216","1":"product","2":"type-product","3":"status-publish","4":"has-post-thumbnail","6":"product_cat-filme-de","7":"product_cat-m-square-pictures-de","8":"product_cat-horror-de","9":"product_cat-blu-ray-de","10":"product_cat-science-fiction-de","11":"product_tag-ufo-es-ist-hier","12":"product_tag-susanne-reuter","13":"product_tag-ufo","14":"product_tag-andreas-stenschke","15":"product_tag-daniele-grieco","16":"product_tag-uncut","17":"product_tag-laura-berlin","18":"product_tag-double-feature","19":"product_tag-olga-von-luckwald","20":"product_tag-dennis-mojen","21":"product_tag-m-square-pictures","22":"product_tag-leonard-hohm","23":"product_tag-die-praesenz","24":"product_tag-presence","25":"product_tag-matthias-dietrich","26":"product_tag-liv-lisa-fries","27":"product_tag-henning-noehren","28":"pa_format-blu-ray-de","29":"description-off","31":"first","32":"instock","33":"taxable","34":"shipping-taxable","35":"purchasable","36":"product-type-variable","37":"has-default-attributes"},"acf":[],"yoast_head":"<!-- This site is optimized with the Yoast SEO plugin v27.5 - https:\/\/yoast.com\/product\/yoast-seo-wordpress\/ -->\n<title>Die Pr\u00e4senz \/ UFO - Es ist hier (Uncut Double Feature)<\/title>\n<meta name=\"description\" content=\"Shop | Die Pr\u00e4senz \/ UFO - Es ist hier (Uncut Double Feature) | 2021 | M-Square Pictures | Blu-Ray | FSK 18\" \/>\n<meta name=\"robots\" content=\"index, follow, max-snippet:-1, max-image-preview:large, max-video-preview:-1\" \/>\n<link rel=\"canonical\" href=\"https:\/\/ucm.one\/de\/produkt\/die-praesenz-ufo-es-ist-hier-uncut-double-feature\/\" \/>\n<meta property=\"og:locale\" content=\"de_DE\" \/>\n<meta property=\"og:type\" content=\"article\" \/>\n<meta property=\"og:title\" content=\"Uncut Double Feature: Die Pr\u00e4senz \/ UFO\" \/>\n<meta property=\"og:description\" content=\"Shop | Die Pr\u00e4senz \/ UFO - Es ist hier (Uncut Double Feature) | 2021 | M-Square Pictures | Blu-Ray | FSK 18\" \/>\n<meta property=\"og:url\" content=\"https:\/\/ucm.one\/de\/produkt\/die-praesenz-ufo-es-ist-hier-uncut-double-feature\/\" \/>\n<meta property=\"og:site_name\" content=\"UCM.ONE\" \/>\n<meta property=\"article:modified_time\" content=\"2024-10-16T20:34:40+00:00\" \/>\n<meta property=\"og:image\" content=\"https:\/\/ucm.one\/wp-content\/uploads\/2000\/01\/C-Praesenz-UFO-BD-2D-FSK18.jpg\" \/>\n<meta name=\"twitter:card\" content=\"summary_large_image\" \/>\n<meta name=\"twitter:title\" content=\"Uncut Double Feature: Die Pr\u00e4senz \/ UFO\" \/>\n<meta name=\"twitter:description\" content=\"Shop | Die Pr\u00e4senz \/ UFO - Es ist hier (Uncut Double Feature) | 2021 | M-Square Pictures | Blu-Ray | FSK 18\" \/>\n<meta name=\"twitter:image\" content=\"https:\/\/ucm.one\/wp-content\/uploads\/2000\/01\/C-Praesenz-UFO-BD-2D-FSK18.jpg\" \/>\n<meta name=\"twitter:label1\" content=\"Gesch\u00e4tzte Lesezeit\" \/>\n\t<meta name=\"twitter:data1\" content=\"2\u00a0Minuten\" \/>\n<!-- \/ Yoast SEO plugin. -->","yoast_head_json":{"title":"Die Pr\u00e4senz \/ UFO - Es ist hier (Uncut Double Feature)","description":"Shop | Die Pr\u00e4senz \/ UFO - Es ist hier (Uncut Double Feature) | 2021 | M-Square Pictures | Blu-Ray | FSK 18","robots":{"index":"index","follow":"follow","max-snippet":"max-snippet:-1","max-image-preview":"max-image-preview:large","max-video-preview":"max-video-preview:-1"},"canonical":"https:\/\/ucm.one\/de\/produkt\/die-praesenz-ufo-es-ist-hier-uncut-double-feature\/","og_locale":"de_DE","og_type":"article","og_title":"Uncut Double Feature: Die Pr\u00e4senz \/ UFO","og_description":"Shop | Die Pr\u00e4senz \/ UFO - Es ist hier (Uncut Double Feature) | 2021 | M-Square Pictures | Blu-Ray | FSK 18","og_url":"https:\/\/ucm.one\/de\/produkt\/die-praesenz-ufo-es-ist-hier-uncut-double-feature\/","og_site_name":"UCM.ONE","article_modified_time":"2024-10-16T20:34:40+00:00","og_image":[{"url":"https:\/\/ucm.one\/wp-content\/uploads\/2000\/01\/C-Praesenz-UFO-BD-2D-FSK18.jpg","type":"","width":"","height":""}],"twitter_card":"summary_large_image","twitter_title":"Uncut Double Feature: Die Pr\u00e4senz \/ UFO","twitter_description":"Shop | Die Pr\u00e4senz \/ UFO - Es ist hier (Uncut Double Feature) | 2021 | M-Square Pictures | Blu-Ray | FSK 18","twitter_image":"https:\/\/ucm.one\/wp-content\/uploads\/2000\/01\/C-Praesenz-UFO-BD-2D-FSK18.jpg","twitter_misc":{"Gesch\u00e4tzte Lesezeit":"2\u00a0Minuten"},"schema":{"@context":"https:\/\/schema.org","@graph":[{"@type":"WebPage","@id":"https:\/\/ucm.one\/de\/produkt\/die-praesenz-ufo-es-ist-hier-uncut-double-feature\/","url":"https:\/\/ucm.one\/de\/produkt\/die-praesenz-ufo-es-ist-hier-uncut-double-feature\/","name":"Die Pr\u00e4senz \/ UFO - Es ist hier (Uncut Double Feature)","isPartOf":{"@id":"https:\/\/ucm.one\/de\/#website"},"primaryImageOfPage":{"@id":"https:\/\/ucm.one\/de\/produkt\/die-praesenz-ufo-es-ist-hier-uncut-double-feature\/#primaryimage"},"image":{"@id":"https:\/\/ucm.one\/de\/produkt\/die-praesenz-ufo-es-ist-hier-uncut-double-feature\/#primaryimage"},"thumbnailUrl":"https:\/\/ucm.one\/wp-content\/uploads\/2000\/01\/C-PraesenzUFO-BD-FSK-18.jpg","datePublished":"2021-08-06T15:00:48+00:00","dateModified":"2024-10-16T20:34:40+00:00","description":"Shop | Die Pr\u00e4senz \/ UFO - Es ist hier (Uncut Double Feature) | 2021 | M-Square Pictures | Blu-Ray | FSK 18","breadcrumb":{"@id":"https:\/\/ucm.one\/de\/produkt\/die-praesenz-ufo-es-ist-hier-uncut-double-feature\/#breadcrumb"},"inLanguage":"de","potentialAction":[{"@type":"ReadAction","target":["https:\/\/ucm.one\/de\/produkt\/die-praesenz-ufo-es-ist-hier-uncut-double-feature\/"]}]},{"@type":"ImageObject","inLanguage":"de","@id":"https:\/\/ucm.one\/de\/produkt\/die-praesenz-ufo-es-ist-hier-uncut-double-feature\/#primaryimage","url":"https:\/\/ucm.one\/wp-content\/uploads\/2000\/01\/C-PraesenzUFO-BD-FSK-18.jpg","contentUrl":"https:\/\/ucm.one\/wp-content\/uploads\/2000\/01\/C-PraesenzUFO-BD-FSK-18.jpg","width":699,"height":811},{"@type":"BreadcrumbList","@id":"https:\/\/ucm.one\/de\/produkt\/die-praesenz-ufo-es-ist-hier-uncut-double-feature\/#breadcrumb","itemListElement":[{"@type":"ListItem","position":1,"name":"Home","item":"https:\/\/ucm.one\/de\/"},{"@type":"ListItem","position":2,"name":"Shop","item":"https:\/\/ucm.one\/de\/shop\/"},{"@type":"ListItem","position":3,"name":"Die Pr\u00e4senz \/ UFO &#8211; Es ist hier (Uncut Double Feature)"}]},{"@type":"WebSite","@id":"https:\/\/ucm.one\/de\/#website","url":"https:\/\/ucm.one\/de\/","name":"UCM.ONE","description":"","publisher":{"@id":"https:\/\/ucm.one\/de\/#organization"},"potentialAction":[{"@type":"SearchAction","target":{"@type":"EntryPoint","urlTemplate":"https:\/\/ucm.one\/de\/?s={search_term_string}"},"query-input":{"@type":"PropertyValueSpecification","valueRequired":true,"valueName":"search_term_string"}}],"inLanguage":"de"},{"@type":"Organization","@id":"https:\/\/ucm.one\/de\/#organization","name":"UCM.ONE","url":"https:\/\/ucm.one\/de\/","logo":{"@type":"ImageObject","inLanguage":"de","@id":"https:\/\/ucm.one\/de\/#\/schema\/logo\/image\/","url":"https:\/\/ucm.one\/wp-content\/uploads\/2019\/10\/UCM.ONE-Logo-RGB.svg","contentUrl":"https:\/\/ucm.one\/wp-content\/uploads\/2019\/10\/UCM.ONE-Logo-RGB.svg","width":1,"height":1,"caption":"UCM.ONE"},"image":{"@id":"https:\/\/ucm.one\/de\/#\/schema\/logo\/image\/"}}]}},"_links":{"self":[{"href":"https:\/\/ucm.one\/de\/wp-json\/wp\/v2\/product\/83216","targetHints":{"allow":["GET"]}}],"collection":[{"href":"https:\/\/ucm.one\/de\/wp-json\/wp\/v2\/product"}],"about":[{"href":"https:\/\/ucm.one\/de\/wp-json\/wp\/v2\/types\/product"}],"replies":[{"embeddable":true,"href":"https:\/\/ucm.one\/de\/wp-json\/wp\/v2\/comments?post=83216"}],"wp:featuredmedia":[{"embeddable":true,"href":"https:\/\/ucm.one\/de\/wp-json\/wp\/v2\/media\/83641"}],"wp:attachment":[{"href":"https:\/\/ucm.one\/de\/wp-json\/wp\/v2\/media?parent=83216"}],"wp:term":[{"taxonomy":"product_brand","embeddable":true,"href":"https:\/\/ucm.one\/de\/wp-json\/wp\/v2\/product_brand?post=83216"},{"taxonomy":"product_cat","embeddable":true,"href":"https:\/\/ucm.one\/de\/wp-json\/wp\/v2\/product_cat?post=83216"},{"taxonomy":"product_tag","embeddable":true,"href":"https:\/\/ucm.one\/de\/wp-json\/wp\/v2\/product_tag?post=83216"}],"curies":[{"name":"wp","href":"https:\/\/api.w.org\/{rel}","templated":true}]}}