{"id":82715,"date":"2022-12-01T15:15:23","date_gmt":"2022-12-01T15:15:23","guid":{"rendered":"https:\/\/ucm.one\/?post_type=product&#038;p=82715"},"modified":"2023-06-18T00:07:27","modified_gmt":"2023-06-18T00:07:27","slug":"ich-ich-ich-kinoplakat","status":"publish","type":"product","link":"https:\/\/ucm.one\/de\/produkt\/ich-ich-ich-kinoplakat\/","title":{"rendered":"Ich Ich Ich (Kinoplakat)"},"content":{"rendered":"<div class=\"wpb_text_column wpb_content_element \">\n<div class=\"wpb_wrapper\">\n<div class=\"\">\n<div class=\"wpb_text_column wpb_content_element \">\n<div class=\"wpb_wrapper\">\n<div class=\"wpb_text_column wpb_content_element \">\n<div class=\"wpb_wrapper\">\n<div class=\"wpb_text_column wpb_content_element \">\n<div class=\"wpb_wrapper\">\n<div class=\"wpb_text_column wpb_content_element \">\n<div class=\"wpb_wrapper\">\n<p>Marie (<strong>Elisa Pl\u00fcss<\/strong>) wird von ihrem Freund Julian (<strong>Thomas Fr\u00e4nzel<\/strong>) auf der Hochzeit seines Bruders vor versammelter Familie mit einem Heiratsantrag \u00fcberrumpelt. Marie hat keinen Schimmer, wie sie darauf reagieren soll. Sie t\u00fcrmt aufs Land, um allein \u00fcber sich, ihr Leben\u00a0 und ihre Beziehung nachzudenken. Allein?<\/p>\n<\/div>\n<\/div>\n<div class=\"wpb_text_column wpb_content_element \">\n<div class=\"wpb_wrapper\">\n<p>Im Ferienhaus ihrer Mutter wird es alsbald zunehmend enger und absurder: denn Maries Gedanken nehmen pl\u00f6tzlich Gestalt an, ihre Gedankenmenschen werden immer zahlreicher und penetranter. Sie zwingen ihr m\u00f6gliche Babynamen auf, ein Ex-Freund klettert von B\u00e4umen herunter und ein \u201clyrisches Ich\u201d im Sari verk\u00fcndet Maries Innenwelt in Versen. Schlie\u00dflich kommt ihr M\u00f6chtegern-Verlobter ganz real in die tr\u00fcgerische Einsamkeit der Uckermark und bringt gleich eine ganze Busladung eigener Gedankenmenschen mit\u2026<\/p>\n<\/div>\n<\/div>\n<p>Das Plakat zum Film &#8222;<strong>Ich Ich Ich<\/strong>&#8220; \u00a0gibt es in zwei Varianten: als Standard-Variante und einmal mit Silberfolienpr\u00e4gung des Titels f\u00fcr einen reflektierenden Effekt.<\/p>\n<\/div>\n<\/div>\n<\/div>\n<\/div>\n<\/div>\n<\/div>\n<\/div>\n<\/div>\n<\/div>\n<div><div class=\"gap\" style=\"line-height: 20px; height: 20px;\"><\/div><\/div>\n<h5>Weitere Informationen<\/h5>\n<div>\n<div>\n<table style=\"height: 46px; width: 100%; border-collapse: collapse; border-color: #ffffff; background-color: #ffffff; border-style: hidden;\">\n<tbody>\n<tr style=\"height: 23px; border-style: hidden; border-color: #ffffff; background-color: #ffffff;\">\n<td style=\"width: 4.701195219123506%; height: 23px; border-style: hidden;\">Film:<\/td>\n<td style=\"width: 95.29880478087651%; height: 23px; border-style: hidden;\"><a href=\"https:\/\/ucm.one\/de\/ich-ich-ich\/\">Ich Ich Ich<\/a><\/td>\n<\/tr>\n<tr style=\"height: 23px;\">\n<td style=\"width: 4.701195219123506%; height: 23px; border-style: hidden;\">Label:<\/td>\n<td style=\"width: 95.29880478087651%; height: 23px; border-style: hidden;\"><a title=\"Darling Berlin\" href=\"https:\/\/ucm.one\/de\/film-labels\/darling-berlin\/\">Darling Berlin<\/a><\/td>\n<\/tr>\n<\/tbody>\n<\/table>\n<\/div>\n<div><\/div>\n<\/div>\n<div>\n<div><div class=\"gap\" style=\"line-height: 10px; height: 10px;\"><\/div><\/div>\n<div>\u2117 2021<strong> Deutsche Film- und Fernsehakademie Berlin GmbH<\/strong>, \u00a9 2022 <strong>Darling Berlin<\/strong><span style=\"font-family: arial, helvetica, sans-serif;\">\u00a0<\/span>\/ <span style=\"font-family: 'arial black', sans-serif;\"><strong>UCM.ONE<\/strong><\/span><\/div>\n<div><div class=\"gap\" style=\"line-height: 20px; height: 20px;\"><\/div><\/div>\n<\/div>\n<div>\n<div><\/div>\n<div>\n<div><div class=\"gap\" style=\"line-height: 10px; height: 10px;\"><\/div><\/div>\n<div><span style=\"color: #003a80;\"><strong>\u27a0 <a style=\"color: #003a80;\" href=\"https:\/\/ucm.one\/de\/produkt-kategorie\/art-de\/filme-de\/\">zum Shop<\/a><\/strong><\/span><\/div>\n<div><div class=\"gap\" style=\"line-height: 20px; height: 20px;\"><\/div><\/div>\n<\/div>\n<\/div>\n","protected":false},"excerpt":{"rendered":"<p>Titel: <a href=\"https:\/\/ucm.one\/de\/ich-ich-ich\/\"><strong>Ich Ich Ich<\/strong><\/a><\/p>\n<p>Label:\u00a0<a title=\"Darling Berlin\" href=\"https:\/\/ucm.one\/de\/produkt-kategorie\/label-film-de\/darling-berlin-de\/\"><strong>Darling Berlin<\/strong><\/a><\/p>\n<p>Art:\u00a0<strong><a href=\"https:\/\/ucm.one\/de\/produkt-kategorie\/art-de\/filme-de\/\">Film<\/a> (<a href=\"https:\/\/ucm.one\/de\/produkt-kategorie\/merchandise-de\/\">Merchandise<\/a>)<\/strong><\/p>\n<p>Genre: <strong><a href=\"https:\/\/ucm.one\/de\/produkt-kategorie\/genre-film-de\/komoedie-de\/\">Kom\u00f6die<\/a><\/strong><\/p>\n<p>Jahr: <strong>2022<\/strong><\/p>\n<p>Format: <strong>Plakat<\/strong><\/p>\n","protected":false},"featured_media":82719,"comment_status":"open","ping_status":"closed","template":"","meta":{"_acf_changed":false},"product_brand":[],"product_cat":[10356,10400,12526,9708,10339],"product_tag":[14875,14865,14866,14867,12464,14868,14869,14870,12561,14871,12562,14872,12610,14873,14874,14864],"class_list":{"0":"post-82715","1":"product","2":"type-product","3":"status-publish","4":"has-post-thumbnail","6":"product_cat-komoedie-de","7":"product_cat-merchandise-de","8":"product_cat-plakat-de","9":"product_cat-filme-de","10":"product_cat-darling-berlin-de","11":"product_tag-wenka-von-mikulicz","12":"product_tag-second-thoughts","13":"product_tag-silber","14":"product_tag-silver","15":"product_tag-darling-berlin","16":"product_tag-zora-rux","17":"product_tag-elisa-pluess","18":"product_tag-thomas-fraenzel","19":"product_tag-plakat","20":"product_tag-lola-klamroth","21":"product_tag-poster","22":"product_tag-sebastian-schneider","23":"product_tag-plakate","24":"product_tag-judith-van-der-werff","25":"product_tag-henriette-confurius","26":"product_tag-ich-ich-ich","27":"product_shipping_class-poster-en","28":"description-off","30":"first","31":"instock","32":"taxable","33":"shipping-taxable","34":"purchasable","35":"product-type-variable"},"acf":[],"yoast_head":"<!-- This site is optimized with the Yoast SEO plugin v27.5 - https:\/\/yoast.com\/product\/yoast-seo-wordpress\/ -->\n<title>Ich Ich Ich (Kinoplakat)<\/title>\n<meta name=\"description\" content=\"Shop | Ich Ich Ich | (Kinoplakat) | 2022 | Darling Berlin | Plakat\" \/>\n<meta name=\"robots\" content=\"index, follow, max-snippet:-1, max-image-preview:large, max-video-preview:-1\" \/>\n<link rel=\"canonical\" href=\"https:\/\/ucm.one\/de\/produkt\/ich-ich-ich-kinoplakat\/\" \/>\n<meta property=\"og:locale\" content=\"de_DE\" \/>\n<meta property=\"og:type\" content=\"article\" \/>\n<meta property=\"og:title\" content=\"Ich Ich Ich | (Kinoplakat\" \/>\n<meta property=\"og:description\" content=\"Shop | Ich Ich Ich | (Kinoplakat) | 2022 | Darling Berlin | Plakat\" \/>\n<meta property=\"og:url\" content=\"https:\/\/ucm.one\/de\/produkt\/ich-ich-ich-kinoplakat\/\" \/>\n<meta property=\"og:site_name\" content=\"UCM.ONE\" \/>\n<meta property=\"article:modified_time\" content=\"2023-06-18T00:07:27+00:00\" \/>\n<meta property=\"og:image\" content=\"https:\/\/ucm.one\/wp-content\/uploads\/2022\/12\/P-Ich-Ich-Ich-Spiegelfolie.jpg\" \/>\n<meta name=\"twitter:card\" content=\"summary_large_image\" \/>\n<meta name=\"twitter:title\" content=\"Ich Ich Ich | (Kinoplakat\" \/>\n<meta name=\"twitter:description\" content=\"Shop | Ich Ich Ich | (Kinoplakat) | 2022 | Darling Berlin | Plakat\" \/>\n<meta name=\"twitter:image\" content=\"https:\/\/ucm.one\/wp-content\/uploads\/2022\/12\/P-Ich-Ich-Ich-Spiegelfolie.jpg\" \/>\n<meta name=\"twitter:label1\" content=\"Gesch\u00e4tzte Lesezeit\" \/>\n\t<meta name=\"twitter:data1\" content=\"1\u00a0Minute\" \/>\n<!-- \/ Yoast SEO plugin. -->","yoast_head_json":{"title":"Ich Ich Ich (Kinoplakat)","description":"Shop | Ich Ich Ich | (Kinoplakat) | 2022 | Darling Berlin | Plakat","robots":{"index":"index","follow":"follow","max-snippet":"max-snippet:-1","max-image-preview":"max-image-preview:large","max-video-preview":"max-video-preview:-1"},"canonical":"https:\/\/ucm.one\/de\/produkt\/ich-ich-ich-kinoplakat\/","og_locale":"de_DE","og_type":"article","og_title":"Ich Ich Ich | (Kinoplakat","og_description":"Shop | Ich Ich Ich | (Kinoplakat) | 2022 | Darling Berlin | Plakat","og_url":"https:\/\/ucm.one\/de\/produkt\/ich-ich-ich-kinoplakat\/","og_site_name":"UCM.ONE","article_modified_time":"2023-06-18T00:07:27+00:00","og_image":[{"url":"https:\/\/ucm.one\/wp-content\/uploads\/2022\/12\/P-Ich-Ich-Ich-Spiegelfolie.jpg","type":"","width":"","height":""}],"twitter_card":"summary_large_image","twitter_title":"Ich Ich Ich | (Kinoplakat","twitter_description":"Shop | Ich Ich Ich | (Kinoplakat) | 2022 | Darling Berlin | Plakat","twitter_image":"https:\/\/ucm.one\/wp-content\/uploads\/2022\/12\/P-Ich-Ich-Ich-Spiegelfolie.jpg","twitter_misc":{"Gesch\u00e4tzte Lesezeit":"1\u00a0Minute"},"schema":{"@context":"https:\/\/schema.org","@graph":[{"@type":"WebPage","@id":"https:\/\/ucm.one\/de\/produkt\/ich-ich-ich-kinoplakat\/","url":"https:\/\/ucm.one\/de\/produkt\/ich-ich-ich-kinoplakat\/","name":"Ich Ich Ich (Kinoplakat)","isPartOf":{"@id":"https:\/\/ucm.one\/de\/#website"},"primaryImageOfPage":{"@id":"https:\/\/ucm.one\/de\/produkt\/ich-ich-ich-kinoplakat\/#primaryimage"},"image":{"@id":"https:\/\/ucm.one\/de\/produkt\/ich-ich-ich-kinoplakat\/#primaryimage"},"thumbnailUrl":"https:\/\/ucm.one\/wp-content\/uploads\/2022\/12\/P-Ich-Ich-Ich-Spiegelfolie.jpg","datePublished":"2022-12-01T15:15:23+00:00","dateModified":"2023-06-18T00:07:27+00:00","description":"Shop | Ich Ich Ich | (Kinoplakat) | 2022 | Darling Berlin | Plakat","breadcrumb":{"@id":"https:\/\/ucm.one\/de\/produkt\/ich-ich-ich-kinoplakat\/#breadcrumb"},"inLanguage":"de","potentialAction":[{"@type":"ReadAction","target":["https:\/\/ucm.one\/de\/produkt\/ich-ich-ich-kinoplakat\/"]}]},{"@type":"ImageObject","inLanguage":"de","@id":"https:\/\/ucm.one\/de\/produkt\/ich-ich-ich-kinoplakat\/#primaryimage","url":"https:\/\/ucm.one\/wp-content\/uploads\/2022\/12\/P-Ich-Ich-Ich-Spiegelfolie.jpg","contentUrl":"https:\/\/ucm.one\/wp-content\/uploads\/2022\/12\/P-Ich-Ich-Ich-Spiegelfolie.jpg","width":1200,"height":1697},{"@type":"BreadcrumbList","@id":"https:\/\/ucm.one\/de\/produkt\/ich-ich-ich-kinoplakat\/#breadcrumb","itemListElement":[{"@type":"ListItem","position":1,"name":"Home","item":"https:\/\/ucm.one\/de\/"},{"@type":"ListItem","position":2,"name":"Shop","item":"https:\/\/ucm.one\/de\/shop\/"},{"@type":"ListItem","position":3,"name":"Ich Ich Ich (Kinoplakat)"}]},{"@type":"WebSite","@id":"https:\/\/ucm.one\/de\/#website","url":"https:\/\/ucm.one\/de\/","name":"UCM.ONE","description":"","publisher":{"@id":"https:\/\/ucm.one\/de\/#organization"},"potentialAction":[{"@type":"SearchAction","target":{"@type":"EntryPoint","urlTemplate":"https:\/\/ucm.one\/de\/?s={search_term_string}"},"query-input":{"@type":"PropertyValueSpecification","valueRequired":true,"valueName":"search_term_string"}}],"inLanguage":"de"},{"@type":"Organization","@id":"https:\/\/ucm.one\/de\/#organization","name":"UCM.ONE","url":"https:\/\/ucm.one\/de\/","logo":{"@type":"ImageObject","inLanguage":"de","@id":"https:\/\/ucm.one\/de\/#\/schema\/logo\/image\/","url":"https:\/\/ucm.one\/wp-content\/uploads\/2019\/10\/UCM.ONE-Logo-RGB.svg","contentUrl":"https:\/\/ucm.one\/wp-content\/uploads\/2019\/10\/UCM.ONE-Logo-RGB.svg","width":1,"height":1,"caption":"UCM.ONE"},"image":{"@id":"https:\/\/ucm.one\/de\/#\/schema\/logo\/image\/"}}]}},"_links":{"self":[{"href":"https:\/\/ucm.one\/de\/wp-json\/wp\/v2\/product\/82715","targetHints":{"allow":["GET"]}}],"collection":[{"href":"https:\/\/ucm.one\/de\/wp-json\/wp\/v2\/product"}],"about":[{"href":"https:\/\/ucm.one\/de\/wp-json\/wp\/v2\/types\/product"}],"replies":[{"embeddable":true,"href":"https:\/\/ucm.one\/de\/wp-json\/wp\/v2\/comments?post=82715"}],"wp:featuredmedia":[{"embeddable":true,"href":"https:\/\/ucm.one\/de\/wp-json\/wp\/v2\/media\/82719"}],"wp:attachment":[{"href":"https:\/\/ucm.one\/de\/wp-json\/wp\/v2\/media?parent=82715"}],"wp:term":[{"taxonomy":"product_brand","embeddable":true,"href":"https:\/\/ucm.one\/de\/wp-json\/wp\/v2\/product_brand?post=82715"},{"taxonomy":"product_cat","embeddable":true,"href":"https:\/\/ucm.one\/de\/wp-json\/wp\/v2\/product_cat?post=82715"},{"taxonomy":"product_tag","embeddable":true,"href":"https:\/\/ucm.one\/de\/wp-json\/wp\/v2\/product_tag?post=82715"}],"curies":[{"name":"wp","href":"https:\/\/api.w.org\/{rel}","templated":true}]}}