{"id":82523,"date":"2020-07-17T15:46:35","date_gmt":"2020-07-17T15:46:35","guid":{"rendered":"https:\/\/ucm.one\/?post_type=product&#038;p=82523"},"modified":"2024-10-10T11:18:38","modified_gmt":"2024-10-10T11:18:38","slug":"mord-zur-tea-time-2x-dvd-box","status":"publish","type":"product","link":"https:\/\/ucm.one\/de\/produkt\/mord-zur-tea-time-2x-dvd-box\/","title":{"rendered":"Agatha Christie &#8211;  Mord zur Tea Time (2x DVD Box)"},"content":{"rendered":"<p><strong>\u00a0Mord im Orient-Express<\/strong><\/p>\n<p>Meisterdetektiv Hercule Poirot l\u00e4sst sich in der Hotellobby von seinem Freund Wolfgang Bouc dazu \u00fcberreden, eine Reise im Orient-Express mitzumachen. Zu diesem Zeitpunkt kann noch niemand ahnen, dass die kleinen grauen Zellen des Belgiers bald viel zu tun bekommen werden. Aufgrund eines Felsrutsches bleibt der Zug stecken. In seinem Abteil wird kurz darauf der amerikanische Million\u00e4r Samuel Ratchett\u00a0tot aufgefunden, ermordet durch mehrere Messerstiche. Da niemand den Zug verlassen konnte, muss der M\u00f6rder noch an Bord sein. Bouc bittet Poirot, sich des Falles anzunehmen&#8230;<\/p>\n<p>\u2117 2001 Daniel H. Blatt Productions, Agatha Christie, Chorion<\/p>\n<p>&nbsp;<\/p>\n<p><strong>Das Spinnennetz<\/strong><\/p>\n<p>Kent, Mitte der 1950er-Jahre. Die wohlsituierte Diplomatengattin Clarissa Hailsham-Brown hat sich gemeinsam mit ihrem Mann und dessen Tochter aus erster Ehe in einem sch\u00f6nen Landhaus g\u00fcnstig eingemietet. Eines Abends taucht pl\u00f6tzlich ein unheimlicher Besucher auf. Es handelt sich um Oliver Costello, den Ehemann der geschiedenen Frau von Mr. Hailsham-Brown. Der Mann stellt unversch\u00e4mte, erpresserische Forderungen und verl\u00e4sst das Haus. Nachts dringt er jedoch nochmals in den Salon ein. Er scheint irgendetwas zu suchen. Als Clarissa wenig sp\u00e4ter das Wohnzimmer betritt, findet sie Costellos Leiche &#8211; erschlagen. Sie beschlie\u00dft, den Toten verschwinden zu lassen, doch pl\u00f6tzlich erscheint die Polizei, die ein Unbekannter verst\u00e4ndigt hat<\/p>\n<p>\u21171982 British Broadcasting Corporation (BBC)<\/p>\n<p>&nbsp;<\/p>\n<p><strong>Ein Fremder kam ins Haus<\/strong><\/p>\n<p>Cecily Harrington, die 10.000 Pfund im Lotto gewonnen hat, verl\u00e4sst Hals \u00fcber Kopf ihren Verlobten Nigel, als sie Bruce Lovell kennen lernt. Die beiden heiraten und ziehen sechs Wochen sp\u00e4ter in ein abgelegenes Landhaus. Dort ver\u00e4ndert sich der zuerst so sympathische Globetrotter Bruce pl\u00f6tzlich radikal. Er wird ernst, nerv\u00f6s und nahezu ungehalten gegen\u00fcber allen Besuchern. Der Mann, der Cecily bei der ersten Begegnung so vertraut schien, wird immer mehr zu einem Fremden. Schlie\u00dflich dr\u00e4ngt sich immer mehr der Verdacht auf, dass Mr. Lovell ein dunkles Geheimnis birgt. Ist er gar ein weltweit gesuchter Frauenm\u00f6rder, der seine Gattinnen vergiftet und anschlie\u00dfend im Keller verscharrt?<\/p>\n<p>\u21171957 Bayerischer Rundfunk (BR)<\/p>\n<div><div class=\"gap\" style=\"line-height: 20px; height: 20px;\"><\/div><\/div>\n<h5>Weitere Informationen<\/h5>\n<div>\n<table style=\"border-collapse: collapse; width: 100%; height: 43px;\">\n<tbody>\n<tr style=\"height: 21px;\">\n<td style=\"width: 7.42866%; border-style: hidden; border-color: #ffffff; background-color: #ffffff; height: 21px;\">Film:<\/td>\n<td style=\"width: 92.5713%; border-style: hidden; border-color: #ffffff; background-color: #ffffff; height: 21px;\"><a href=\"https:\/\/ucm.one\/de\/ucm-one-veroeffentlicht-zum-130-geburtstag-von-agatha-christie-die-dvd-box-mord-zur-tea-time\/\">Agatha Christie &#8211; Mord zur Tea Time<\/a><\/td>\n<\/tr>\n<tr style=\"height: 22px;\">\n<td style=\"width: 7.428660075637507%; border-style: hidden; border-color: #ffffff; background-color: #ffffff; height: 22px;\">Label:<\/td>\n<td style=\"width: 92.57133992436249%; border-style: hidden; border-color: #ffffff; background-color: #ffffff; height: 22px;\"><a style=\"color: #003399;\" title=\"M-Square Classics\" href=\"https:\/\/ucm.one\/de\/film-labels\/m-square-pictures\/#m-square-classics\">M-Square Classics<\/a><\/td>\n<\/tr>\n<\/tbody>\n<\/table>\n<p style=\"color: #85868c;\">\n<\/div>\n<div><div class=\"gap\" style=\"line-height: 10px; height: 10px;\"><\/div><\/div>\n<div>\u00a9 2020 <strong>M-Square Classics<\/strong> \/\u00a0<strong><span style=\"font-family: arial black, sans-serif;\">UCM.ONE<\/span><\/strong><span style=\"font-family: arial, helvetica, sans-serif;\">\u00a0<\/span><\/div>\n<div><div class=\"gap\" style=\"line-height: 20px; height: 20px;\"><\/div><\/div>\n<div>\n<div><\/div>\n<div>\n<div><div class=\"gap\" style=\"line-height: 10px; height: 10px;\"><\/div><\/div>\n<div><span style=\"color: #003a80;\"><strong>\u27a0 <a style=\"color: #003a80;\" href=\"https:\/\/ucm.one\/de\/produkt-kategorie\/art-de\/filme-de\/\">zum Shop<\/a><\/strong><\/span><\/div>\n<div><div class=\"gap\" style=\"line-height: 20px; height: 20px;\"><\/div><\/div>\n<\/div>\n<\/div>\n","protected":false},"excerpt":{"rendered":"<p>Regie: <strong>diverse Regisseure<\/strong><\/p>\n<p>Label:\u00a0<a href=\"https:\/\/ucm.one\/de\/produkt-kategorie\/label-film-de\/m-square-pictures-de\/m-square-classics-de\/\"><strong>M-Square Classics<\/strong><\/a><\/p>\n<p>Arten:\u00a0<strong><a href=\"https:\/\/ucm.one\/de\/produkt-kategorie\/art-de\/filme-de\/\">Film<\/a> (<a href=\"https:\/\/ucm.one\/de\/produkt-kategorie\/genre-film-de\/klassiker-de\/\">Klassiker<\/a>)<\/strong><\/p>\n<p>Genre: <a href=\"https:\/\/ucm.one\/de\/produkt-kategorie\/genre-film-de\/krimi-de\/\"><strong>Krimi<\/strong><\/a><\/p>\n<p>Jahr: <strong>2020<\/strong><\/p>\n<p>FSK: <strong>12<\/strong><\/p>\n<p>Formate: <strong>Box (2x DVD)<\/strong><\/p>\n","protected":false},"featured_media":42601,"comment_status":"closed","ping_status":"closed","template":"","meta":{"_acf_changed":false},"product_brand":[],"product_cat":[9708,10323,10324,10331,10335,10337,12093],"product_tag":[14834,14824,14835,14825,14836,14826,14837,14827,14828,14829,14830,14831,14832,14833],"class_list":{"0":"post-82523","1":"product","2":"type-product","3":"status-publish","4":"has-post-thumbnail","6":"product_cat-filme-de","7":"product_cat-m-square-pictures-de","8":"product_cat-m-square-classics-de","9":"product_cat-dvd-de","10":"product_cat-krimi-de","11":"product_cat-sonderedition-de","12":"product_cat-klassiker-de","13":"product_tag-leslie-caro","14":"product_tag-mord-zur-tea-time","15":"product_tag-penelope-keith","16":"product_tag-mord-im-orient-express","17":"product_tag-robert-flemyng","18":"product_tag-ein-fremder-kam-ins-haus","19":"product_tag-elfriede-kuzmany","20":"product_tag-das-spinnennetz","21":"product_tag-agatha-christie","22":"product_tag-basil-coleman","23":"product_tag-wilm-ten-haaf","24":"product_tag-carl-schenkel","25":"product_tag-alfred-molina","26":"product_tag-meredith-baxter","27":"product_shipping_class-dvd-2","28":"pa_format-dvd-box","29":"description-off","31":"first","32":"instock","33":"sale","34":"taxable","35":"shipping-taxable","36":"purchasable","37":"product-type-variable"},"acf":[],"yoast_head":"<!-- This site is optimized with the Yoast SEO plugin v27.2 - https:\/\/yoast.com\/product\/yoast-seo-wordpress\/ -->\n<title>Agatha Christie - Mord zur Tea Time<\/title>\n<meta name=\"description\" content=\"Shop | Agatha Christie - Mord zur Tea Time | 2020 | M-Square Classics | DVD (2er Box) | FSK 12\" \/>\n<meta name=\"robots\" content=\"index, follow, max-snippet:-1, max-image-preview:large, max-video-preview:-1\" \/>\n<link rel=\"canonical\" href=\"https:\/\/ucm.one\/de\/produkt\/mord-zur-tea-time-2x-dvd-box\/\" \/>\n<meta property=\"og:locale\" content=\"de_DE\" \/>\n<meta property=\"og:type\" content=\"article\" \/>\n<meta property=\"og:title\" content=\"Agatha Christie - Mord zur Tea Time\" \/>\n<meta property=\"og:description\" content=\"Shop | Agatha Christie - Mord zur Tea Time | 2020 | M-Square Classics | DVD (2er Box) | FSK 12\" \/>\n<meta property=\"og:url\" content=\"https:\/\/ucm.one\/de\/produkt\/mord-zur-tea-time-2x-dvd-box\/\" \/>\n<meta property=\"og:site_name\" content=\"UCM.ONE\" \/>\n<meta property=\"article:modified_time\" content=\"2024-10-10T11:18:38+00:00\" \/>\n<meta property=\"og:image\" content=\"https:\/\/ucm.one\/wp-content\/uploads\/2020\/07\/B-Agatha-Christie-Mord-zur-Tea-Time.jpg\" \/>\n<meta name=\"twitter:card\" content=\"summary_large_image\" \/>\n<meta name=\"twitter:title\" content=\"Agatha Christie - Mord zur Tea Time\" \/>\n<meta name=\"twitter:description\" content=\"Shop | Agatha Christie - Mord zur Tea Time  | 2020 | M-Square Classics | DVD (2er Box) | FSK 12\" \/>\n<meta name=\"twitter:image\" content=\"https:\/\/ucm.one\/wp-content\/uploads\/2020\/07\/B-Agatha-Christie-Mord-zur-Tea-Time.jpg\" \/>\n<meta name=\"twitter:label1\" content=\"Gesch\u00e4tzte Lesezeit\" \/>\n\t<meta name=\"twitter:data1\" content=\"2\u00a0Minuten\" \/>\n<!-- \/ Yoast SEO plugin. -->","yoast_head_json":{"title":"Agatha Christie - Mord zur Tea Time","description":"Shop | Agatha Christie - Mord zur Tea Time | 2020 | M-Square Classics | DVD (2er Box) | FSK 12","robots":{"index":"index","follow":"follow","max-snippet":"max-snippet:-1","max-image-preview":"max-image-preview:large","max-video-preview":"max-video-preview:-1"},"canonical":"https:\/\/ucm.one\/de\/produkt\/mord-zur-tea-time-2x-dvd-box\/","og_locale":"de_DE","og_type":"article","og_title":"Agatha Christie - Mord zur Tea Time","og_description":"Shop | Agatha Christie - Mord zur Tea Time | 2020 | M-Square Classics | DVD (2er Box) | FSK 12","og_url":"https:\/\/ucm.one\/de\/produkt\/mord-zur-tea-time-2x-dvd-box\/","og_site_name":"UCM.ONE","article_modified_time":"2024-10-10T11:18:38+00:00","og_image":[{"url":"https:\/\/ucm.one\/wp-content\/uploads\/2020\/07\/B-Agatha-Christie-Mord-zur-Tea-Time.jpg","type":"","width":"","height":""}],"twitter_card":"summary_large_image","twitter_title":"Agatha Christie - Mord zur Tea Time","twitter_description":"Shop | Agatha Christie - Mord zur Tea Time  | 2020 | M-Square Classics | DVD (2er Box) | FSK 12","twitter_image":"https:\/\/ucm.one\/wp-content\/uploads\/2020\/07\/B-Agatha-Christie-Mord-zur-Tea-Time.jpg","twitter_misc":{"Gesch\u00e4tzte Lesezeit":"2\u00a0Minuten"},"schema":{"@context":"https:\/\/schema.org","@graph":[{"@type":"WebPage","@id":"https:\/\/ucm.one\/de\/produkt\/mord-zur-tea-time-2x-dvd-box\/","url":"https:\/\/ucm.one\/de\/produkt\/mord-zur-tea-time-2x-dvd-box\/","name":"Agatha Christie - Mord zur Tea Time","isPartOf":{"@id":"https:\/\/ucm.one\/de\/#website"},"primaryImageOfPage":{"@id":"https:\/\/ucm.one\/de\/produkt\/mord-zur-tea-time-2x-dvd-box\/#primaryimage"},"image":{"@id":"https:\/\/ucm.one\/de\/produkt\/mord-zur-tea-time-2x-dvd-box\/#primaryimage"},"thumbnailUrl":"https:\/\/ucm.one\/wp-content\/uploads\/2020\/07\/C-Box-Agatha-Christie-Mord-zum-Tee.jpg","datePublished":"2020-07-17T15:46:35+00:00","dateModified":"2024-10-10T11:18:38+00:00","description":"Shop | Agatha Christie - Mord zur Tea Time | 2020 | M-Square Classics | DVD (2er Box) | FSK 12","breadcrumb":{"@id":"https:\/\/ucm.one\/de\/produkt\/mord-zur-tea-time-2x-dvd-box\/#breadcrumb"},"inLanguage":"de","potentialAction":[{"@type":"ReadAction","target":["https:\/\/ucm.one\/de\/produkt\/mord-zur-tea-time-2x-dvd-box\/"]}]},{"@type":"ImageObject","inLanguage":"de","@id":"https:\/\/ucm.one\/de\/produkt\/mord-zur-tea-time-2x-dvd-box\/#primaryimage","url":"https:\/\/ucm.one\/wp-content\/uploads\/2020\/07\/C-Box-Agatha-Christie-Mord-zum-Tee.jpg","contentUrl":"https:\/\/ucm.one\/wp-content\/uploads\/2020\/07\/C-Box-Agatha-Christie-Mord-zum-Tee.jpg","width":699,"height":1000},{"@type":"BreadcrumbList","@id":"https:\/\/ucm.one\/de\/produkt\/mord-zur-tea-time-2x-dvd-box\/#breadcrumb","itemListElement":[{"@type":"ListItem","position":1,"name":"Home","item":"https:\/\/ucm.one\/de\/"},{"@type":"ListItem","position":2,"name":"Shop","item":"https:\/\/ucm.one\/de\/shop\/"},{"@type":"ListItem","position":3,"name":"Agatha Christie &#8211; Mord zur Tea Time (2x DVD Box)"}]},{"@type":"WebSite","@id":"https:\/\/ucm.one\/de\/#website","url":"https:\/\/ucm.one\/de\/","name":"UCM.ONE","description":"","publisher":{"@id":"https:\/\/ucm.one\/de\/#organization"},"potentialAction":[{"@type":"SearchAction","target":{"@type":"EntryPoint","urlTemplate":"https:\/\/ucm.one\/de\/?s={search_term_string}"},"query-input":{"@type":"PropertyValueSpecification","valueRequired":true,"valueName":"search_term_string"}}],"inLanguage":"de"},{"@type":"Organization","@id":"https:\/\/ucm.one\/de\/#organization","name":"UCM.ONE","url":"https:\/\/ucm.one\/de\/","logo":{"@type":"ImageObject","inLanguage":"de","@id":"https:\/\/ucm.one\/de\/#\/schema\/logo\/image\/","url":"https:\/\/ucm.one\/wp-content\/uploads\/2019\/10\/UCM.ONE-Logo-RGB.svg","contentUrl":"https:\/\/ucm.one\/wp-content\/uploads\/2019\/10\/UCM.ONE-Logo-RGB.svg","width":1,"height":1,"caption":"UCM.ONE"},"image":{"@id":"https:\/\/ucm.one\/de\/#\/schema\/logo\/image\/"}}]}},"_links":{"self":[{"href":"https:\/\/ucm.one\/de\/wp-json\/wp\/v2\/product\/82523","targetHints":{"allow":["GET"]}}],"collection":[{"href":"https:\/\/ucm.one\/de\/wp-json\/wp\/v2\/product"}],"about":[{"href":"https:\/\/ucm.one\/de\/wp-json\/wp\/v2\/types\/product"}],"replies":[{"embeddable":true,"href":"https:\/\/ucm.one\/de\/wp-json\/wp\/v2\/comments?post=82523"}],"wp:featuredmedia":[{"embeddable":true,"href":"https:\/\/ucm.one\/de\/wp-json\/wp\/v2\/media\/42601"}],"wp:attachment":[{"href":"https:\/\/ucm.one\/de\/wp-json\/wp\/v2\/media?parent=82523"}],"wp:term":[{"taxonomy":"product_brand","embeddable":true,"href":"https:\/\/ucm.one\/de\/wp-json\/wp\/v2\/product_brand?post=82523"},{"taxonomy":"product_cat","embeddable":true,"href":"https:\/\/ucm.one\/de\/wp-json\/wp\/v2\/product_cat?post=82523"},{"taxonomy":"product_tag","embeddable":true,"href":"https:\/\/ucm.one\/de\/wp-json\/wp\/v2\/product_tag?post=82523"}],"curies":[{"name":"wp","href":"https:\/\/api.w.org\/{rel}","templated":true}]}}