{"id":82437,"date":"2020-07-31T10:30:21","date_gmt":"2020-07-31T10:30:21","guid":{"rendered":"https:\/\/ucm.one\/?post_type=product&#038;p=82437"},"modified":"2023-07-20T14:55:23","modified_gmt":"2023-07-20T14:55:23","slug":"heinz-ruehmann-deutsche-klassiker-2x-dvd-box","status":"publish","type":"product","link":"https:\/\/ucm.one\/de\/produkt\/heinz-ruehmann-deutsche-klassiker-2x-dvd-box\/","title":{"rendered":"Heinz R\u00fchmann &#8211; Deutsche Klassiker (2x DVD Box)"},"content":{"rendered":"<div class=\"wpb_text_column wpb_content_element \">\n<div class=\"wpb_wrapper\">\n<div class=\"\">\n<div class=\"wpb_text_column wpb_content_element \">\n<div class=\"wpb_wrapper\">\n<p><strong>Endspurt <span style=\"font-weight: 400;\">Der Autor Peter Ustinov hat sein Werk Endspurt ein biographisches Abenteuer genannt. Biographisch deshalb, weil sich hier der etwas ehrgeizige, aber sp\u00e4ter erfolgreiche Schriftsteller Sam Kinsale als Zwanzig-, Vierzig- und Sechzigj\u00e4hriger begegnet. Das Interessante an diesem Film aber ist, dass die vier Sams miteinander konfrontiert, sich also gegen\u00fcbergestellt werden. Dabei wird die Vielfalt eines achtzigj\u00e4hrigen Lebens transparent. Mit 20 liebt Sam Kinsale die junge Stella und will sie unbedingt heiraten. Doch 20 Jahre sp\u00e4ter hat er die Ehe satt und will sie verlassen. Er tut es aber nicht, weil sie ein Kind erwartet. Als Sechzigj\u00e4hriger schlie\u00dft er sowohl bei seiner schriftstellerischen Arbeit als auch im pers\u00f6nlichen Bereich dauernd Kompromisse &#8230;<\/span><span style=\"font-weight: 400;\"><br \/>\n<\/span><\/strong><\/p>\n<p>\u21171970<\/p>\n<p>&nbsp;<\/p>\n<p><strong>Der Pfandleiher <\/strong><span style=\"font-weight: 400;\">Die Verfilmung,\u00a0 nach dem B\u00fchnenst\u00fcck Angel in the Pawnshop von A. B. Shiffrin entstanden, spielt in der Pfandleihe des Mister Hilary. Er der Inhaber des Ladens herrscht hier h\u00f6chst eigenwillig. Das Leben hat dem alten Hilary arg mitgespielt, das l\u00e4\u00dft ihn nach au\u00dfen hin oft unerbittlich und manchmal sogar ungerecht erscheinen. Er wei\u00df aber genau, dass allzu gro\u00dfes Mitleid seinen Kunden auch nicht weiterhelfen, sondern ihnen nur schaden w\u00fcrde. Hilary wei\u00df um das Leid der Menschen, da viele bei ihm ein- und ausgehen. Da ist zum Beispiel der Polizist Tom, der seit langem auf seinen gro\u00dfen Fall wartet, oder Danny O Keefe, der nichts auf der Welt zu f\u00fcrchten scheint und sein M\u00e4dchen Lizzie mit aller Gewalt zur\u00fcckholen m\u00f6chte. Und da ist die kleine Lizzie Shaw, die sich aus Angst vor Danny O Keefe, den sie einmal geliebt hat, in Hilarys Pfandleihe fl\u00fcchtet. Hier glaubt sie, vor der Au\u00dfenwelt sicher zu sein, hier kann sie sich in ihre Tr\u00e4ume und Illusionen fl\u00fcchten und dar\u00fcber hinaus dem alten Hilary klarmachen, dass man die Welt auch in besserem Licht sehen kann &#8230;<\/span><\/p>\n<p>\u21171971<\/p>\n<p>&nbsp;<\/p>\n<\/div>\n<p><b>Der Hausmeister <\/b><span style=\"font-weight: 400;\">Ein Mann mit ungepflegtem \u00c4u\u00dferen, stoppelb\u00e4rtig, zerlumpte Kleidung tragend, schmutzig. Er ist ein Querulant, verschlagen, m\u00fcrrisch, schlecht gelaunt und b\u00f6sartig. Sein Name ist Davies, und er ist ein Landstreicher ohne Dach \u00fcber dem Kopf, ohne Geld und ohne Ausweis. Aston rettet ihn vor einer Schl\u00e4gerei und nimmt ihn mit in ein heruntergekommenes Haus. Mick sein Bruder, bietet Davies einen Posten als Hausmeister an. Doch der bauernschlaue Misanthrop hat anderes im Sinn. Er will die beiden Br\u00fcder gegeneinander ausspielen&#8230;<\/span><\/p>\n<p>\u21171973<\/p>\n<\/div>\n<\/div>\n<\/div>\n<\/div>\n<div><div class=\"gap\" style=\"line-height: 20px; height: 20px;\"><\/div><\/div>\n<h5>Weitere Informationen<\/h5>\n<div>\n<div>\n<table style=\"height: 46px; width: 100%; border-collapse: collapse; border-color: #ffffff; background-color: #ffffff; border-style: hidden;\">\n<tbody>\n<tr style=\"height: 23px; border-style: hidden; border-color: #ffffff; background-color: #ffffff;\">\n<td style=\"width: 4.701195219123506%; height: 23px; border-style: hidden;\">Filme:<\/td>\n<td style=\"width: 95.29880478087651%; height: 23px; border-style: hidden;\"><a href=\"https:\/\/ucm.one\/de\/ucm-one-veroeffentlicht-3-deutsche-filmklassiker-mit-heinz-ruehmann-in-der-hauptrolle-in-einer-box\/\">Heinz R\u00fchmann &#8211; Deutsche Filmklassiker<\/a><\/td>\n<\/tr>\n<tr style=\"height: 23px;\">\n<td style=\"width: 4.701195219123506%; height: 23px; border-style: hidden;\">Label:<\/td>\n<td style=\"width: 95.29880478087651%; height: 23px; border-style: hidden;\"><a title=\"U8Films Berlin\" href=\"https:\/\/ucm.one\/de\/film-labels\/u1-films-berlin\/#u8-films-berlin\">U8 Films Berlin<\/a><\/td>\n<\/tr>\n<\/tbody>\n<\/table>\n<\/div>\n<div><\/div>\n<\/div>\n<div>\n<div><div class=\"gap\" style=\"line-height: 10px; height: 10px;\"><\/div><\/div>\n<div>\u2117 1970 &#8211; 1973 <strong>Film- und Fernsehproduktion Georg Richter, ZDF, ORF<\/strong>,\u00a0 \u00a9 2020 <strong><span style=\"font-family: 'arial black', sans-serif;\">U8<\/span> Films Berlin<\/strong>\u00a0\/ <span style=\"font-family: 'arial black', sans-serif;\"><strong>UCM.ONE <\/strong><span style=\"font-family: arial, helvetica, sans-serif;\">in Kooperation mit <strong>moviemax<\/strong><\/span><\/span><\/div>\n<div><div class=\"gap\" style=\"line-height: 20px; height: 20px;\"><\/div><\/div>\n<div>\n<div><\/div>\n<div>\n<div><div class=\"gap\" style=\"line-height: 10px; height: 10px;\"><\/div><\/div>\n<div><span style=\"color: #003a80;\"><strong>\u27a0 <a style=\"color: #003a80;\" href=\"https:\/\/ucm.one\/de\/produkt-kategorie\/art-de\/filme-de\/\">zum Shop<\/a><\/strong><\/span><\/div>\n<div><div class=\"gap\" style=\"line-height: 20px; height: 20px;\"><\/div><\/div>\n<\/div>\n<\/div>\n<\/div>\n","protected":false},"excerpt":{"rendered":"<p>Regie: <strong>Diverse Regisseure<\/strong><\/p>\n<p>Label: <a href=\"https:\/\/ucm.one\/de\/produkt-kategorie\/label-film-de\/u1-films-berlin-de\/u8-films-berlin-de\/\"><strong>U8 Films Berlin<\/strong><\/a><\/p>\n<p>Art:\u00a0<strong><a href=\"https:\/\/ucm.one\/de\/produkt-kategorie\/art-de\/filme-de\/\">Film<\/a> (<a title=\"\" href=\"https:\/\/ucm.one\/de\/produkt-kategorie\/genre-film-de\/klassiker-de\/\">Klassiker<\/a>)<\/strong><\/p>\n<p>Genre: <a href=\"https:\/\/ucm.one\/de\/produkt-kategorie\/genre-film-de\/drama-de\/\"><strong>Drama<\/strong><\/a><\/p>\n<p>Jahr: <strong>2020<\/strong><\/p>\n<p>FSK: <strong>12<\/strong><\/p>\n<p>Format: <strong>Box (2x DVD)<\/strong><\/p>\n","protected":false},"featured_media":42653,"comment_status":"open","ping_status":"closed","template":"","meta":{"_acf_changed":false},"product_brand":[],"product_cat":[12093,9708,10331,10334,10337,10343],"product_tag":[14813,14803,14814,14804,14805,14806,14807,14808,14809,14810,14811,11023,14812],"class_list":{"0":"post-82437","1":"product","2":"type-product","3":"status-publish","4":"has-post-thumbnail","6":"product_cat-klassiker-de","7":"product_cat-filme-de","8":"product_cat-dvd-de","9":"product_cat-drama-de","10":"product_cat-sonderedition-de","11":"product_cat-u8-films-berlin-de","12":"product_tag-gerd-baltus","13":"product_tag-heinz-ruehmann-deutsche-klassiker","14":"product_tag-michael-schwarzmaier","15":"product_tag-heinz-ruehmann","16":"product_tag-endspurt","17":"product_tag-der-pfandleiher","18":"product_tag-der-hausmeister","19":"product_tag-harry-meyen","20":"product_tag-ludwig-cremer","21":"product_tag-august-everding-hans-soehnker","22":"product_tag-sabine-sinjen","23":"product_tag-u8-films-berlin","24":"product_tag-heinz-ehrenfreund","25":"description-off","27":"first","28":"instock","29":"sale","30":"taxable","31":"shipping-taxable","32":"purchasable","33":"product-type-variable","34":"has-default-attributes"},"acf":[],"yoast_head":"<!-- This site is optimized with the Yoast SEO plugin v27.2 - https:\/\/yoast.com\/product\/yoast-seo-wordpress\/ -->\n<title>Heinz R\u00fchmann - Deutsche Klassiker (2xDVD Box)<\/title>\n<meta name=\"description\" content=\"Shop | Heinz R\u00fchmann - Deutsche Klassiker | 2022 | U8 Films Berlin | 2xDVD Box | FSK 12\" \/>\n<meta name=\"robots\" content=\"index, follow, max-snippet:-1, max-image-preview:large, max-video-preview:-1\" \/>\n<link rel=\"canonical\" href=\"https:\/\/ucm.one\/de\/produkt\/heinz-ruehmann-deutsche-klassiker-2x-dvd-box\/\" \/>\n<meta property=\"og:locale\" content=\"de_DE\" \/>\n<meta property=\"og:type\" content=\"article\" \/>\n<meta property=\"og:title\" content=\"Heinz R\u00fchmann - Deutsche Klassiker\" \/>\n<meta property=\"og:description\" content=\"Shop | Heinz R\u00fchmann - Deutsche Klassiker | 2022 | U8 Films Berlin | 2xDVD Box | FSK 12\" \/>\n<meta property=\"og:url\" content=\"https:\/\/ucm.one\/de\/produkt\/heinz-ruehmann-deutsche-klassiker-2x-dvd-box\/\" \/>\n<meta property=\"og:site_name\" content=\"UCM.ONE\" \/>\n<meta property=\"article:modified_time\" content=\"2023-07-20T14:55:23+00:00\" \/>\n<meta property=\"og:image\" content=\"https:\/\/ucm.one\/wp-content\/uploads\/2020\/08\/B-Heinz-R\u00fchmann.jpg\" \/>\n<meta name=\"twitter:card\" content=\"summary_large_image\" \/>\n<meta name=\"twitter:title\" content=\"Heinz R\u00fchmann - Deutsche Klassiker\" \/>\n<meta name=\"twitter:description\" content=\"Shop | Heinz R\u00fchmann - Deutsche Klassiker | 2022 | U8 Films Berlin | 2xDVD Box | FSK 12\" \/>\n<meta name=\"twitter:image\" content=\"https:\/\/ucm.one\/wp-content\/uploads\/2020\/08\/B-Heinz-R\u00fchmann.jpg\" \/>\n<meta name=\"twitter:label1\" content=\"Gesch\u00e4tzte Lesezeit\" \/>\n\t<meta name=\"twitter:data1\" content=\"2\u00a0Minuten\" \/>\n<!-- \/ Yoast SEO plugin. -->","yoast_head_json":{"title":"Heinz R\u00fchmann - Deutsche Klassiker (2xDVD Box)","description":"Shop | Heinz R\u00fchmann - Deutsche Klassiker | 2022 | U8 Films Berlin | 2xDVD Box | FSK 12","robots":{"index":"index","follow":"follow","max-snippet":"max-snippet:-1","max-image-preview":"max-image-preview:large","max-video-preview":"max-video-preview:-1"},"canonical":"https:\/\/ucm.one\/de\/produkt\/heinz-ruehmann-deutsche-klassiker-2x-dvd-box\/","og_locale":"de_DE","og_type":"article","og_title":"Heinz R\u00fchmann - Deutsche Klassiker","og_description":"Shop | Heinz R\u00fchmann - Deutsche Klassiker | 2022 | U8 Films Berlin | 2xDVD Box | FSK 12","og_url":"https:\/\/ucm.one\/de\/produkt\/heinz-ruehmann-deutsche-klassiker-2x-dvd-box\/","og_site_name":"UCM.ONE","article_modified_time":"2023-07-20T14:55:23+00:00","og_image":[{"url":"https:\/\/ucm.one\/wp-content\/uploads\/2020\/08\/B-Heinz-R\u00fchmann.jpg","type":"","width":"","height":""}],"twitter_card":"summary_large_image","twitter_title":"Heinz R\u00fchmann - Deutsche Klassiker","twitter_description":"Shop | Heinz R\u00fchmann - Deutsche Klassiker | 2022 | U8 Films Berlin | 2xDVD Box | FSK 12","twitter_image":"https:\/\/ucm.one\/wp-content\/uploads\/2020\/08\/B-Heinz-R\u00fchmann.jpg","twitter_misc":{"Gesch\u00e4tzte Lesezeit":"2\u00a0Minuten"},"schema":{"@context":"https:\/\/schema.org","@graph":[{"@type":"WebPage","@id":"https:\/\/ucm.one\/de\/produkt\/heinz-ruehmann-deutsche-klassiker-2x-dvd-box\/","url":"https:\/\/ucm.one\/de\/produkt\/heinz-ruehmann-deutsche-klassiker-2x-dvd-box\/","name":"Heinz R\u00fchmann - Deutsche Klassiker (2xDVD Box)","isPartOf":{"@id":"https:\/\/ucm.one\/de\/#website"},"primaryImageOfPage":{"@id":"https:\/\/ucm.one\/de\/produkt\/heinz-ruehmann-deutsche-klassiker-2x-dvd-box\/#primaryimage"},"image":{"@id":"https:\/\/ucm.one\/de\/produkt\/heinz-ruehmann-deutsche-klassiker-2x-dvd-box\/#primaryimage"},"thumbnailUrl":"https:\/\/ucm.one\/wp-content\/uploads\/2020\/07\/C-Heinz-R\u00fchmann-Box.jpg","datePublished":"2020-07-31T10:30:21+00:00","dateModified":"2023-07-20T14:55:23+00:00","description":"Shop | Heinz R\u00fchmann - Deutsche Klassiker | 2022 | U8 Films Berlin | 2xDVD Box | FSK 12","breadcrumb":{"@id":"https:\/\/ucm.one\/de\/produkt\/heinz-ruehmann-deutsche-klassiker-2x-dvd-box\/#breadcrumb"},"inLanguage":"de","potentialAction":[{"@type":"ReadAction","target":["https:\/\/ucm.one\/de\/produkt\/heinz-ruehmann-deutsche-klassiker-2x-dvd-box\/"]}]},{"@type":"ImageObject","inLanguage":"de","@id":"https:\/\/ucm.one\/de\/produkt\/heinz-ruehmann-deutsche-klassiker-2x-dvd-box\/#primaryimage","url":"https:\/\/ucm.one\/wp-content\/uploads\/2020\/07\/C-Heinz-R\u00fchmann-Box.jpg","contentUrl":"https:\/\/ucm.one\/wp-content\/uploads\/2020\/07\/C-Heinz-R\u00fchmann-Box.jpg","width":699,"height":1000},{"@type":"BreadcrumbList","@id":"https:\/\/ucm.one\/de\/produkt\/heinz-ruehmann-deutsche-klassiker-2x-dvd-box\/#breadcrumb","itemListElement":[{"@type":"ListItem","position":1,"name":"Home","item":"https:\/\/ucm.one\/de\/"},{"@type":"ListItem","position":2,"name":"Shop","item":"https:\/\/ucm.one\/de\/shop\/"},{"@type":"ListItem","position":3,"name":"Heinz R\u00fchmann &#8211; Deutsche Klassiker (2x DVD Box)"}]},{"@type":"WebSite","@id":"https:\/\/ucm.one\/de\/#website","url":"https:\/\/ucm.one\/de\/","name":"UCM.ONE","description":"","publisher":{"@id":"https:\/\/ucm.one\/de\/#organization"},"potentialAction":[{"@type":"SearchAction","target":{"@type":"EntryPoint","urlTemplate":"https:\/\/ucm.one\/de\/?s={search_term_string}"},"query-input":{"@type":"PropertyValueSpecification","valueRequired":true,"valueName":"search_term_string"}}],"inLanguage":"de"},{"@type":"Organization","@id":"https:\/\/ucm.one\/de\/#organization","name":"UCM.ONE","url":"https:\/\/ucm.one\/de\/","logo":{"@type":"ImageObject","inLanguage":"de","@id":"https:\/\/ucm.one\/de\/#\/schema\/logo\/image\/","url":"https:\/\/ucm.one\/wp-content\/uploads\/2019\/10\/UCM.ONE-Logo-RGB.svg","contentUrl":"https:\/\/ucm.one\/wp-content\/uploads\/2019\/10\/UCM.ONE-Logo-RGB.svg","width":1,"height":1,"caption":"UCM.ONE"},"image":{"@id":"https:\/\/ucm.one\/de\/#\/schema\/logo\/image\/"}}]}},"_links":{"self":[{"href":"https:\/\/ucm.one\/de\/wp-json\/wp\/v2\/product\/82437","targetHints":{"allow":["GET"]}}],"collection":[{"href":"https:\/\/ucm.one\/de\/wp-json\/wp\/v2\/product"}],"about":[{"href":"https:\/\/ucm.one\/de\/wp-json\/wp\/v2\/types\/product"}],"replies":[{"embeddable":true,"href":"https:\/\/ucm.one\/de\/wp-json\/wp\/v2\/comments?post=82437"}],"wp:featuredmedia":[{"embeddable":true,"href":"https:\/\/ucm.one\/de\/wp-json\/wp\/v2\/media\/42653"}],"wp:attachment":[{"href":"https:\/\/ucm.one\/de\/wp-json\/wp\/v2\/media?parent=82437"}],"wp:term":[{"taxonomy":"product_brand","embeddable":true,"href":"https:\/\/ucm.one\/de\/wp-json\/wp\/v2\/product_brand?post=82437"},{"taxonomy":"product_cat","embeddable":true,"href":"https:\/\/ucm.one\/de\/wp-json\/wp\/v2\/product_cat?post=82437"},{"taxonomy":"product_tag","embeddable":true,"href":"https:\/\/ucm.one\/de\/wp-json\/wp\/v2\/product_tag?post=82437"}],"curies":[{"name":"wp","href":"https:\/\/api.w.org\/{rel}","templated":true}]}}