{"id":81697,"date":"2020-11-27T13:46:11","date_gmt":"2020-11-27T13:46:11","guid":{"rendered":"https:\/\/ucm.one\/?post_type=product&#038;p=81697"},"modified":"2023-10-24T10:38:30","modified_gmt":"2023-10-24T10:38:30","slug":"labyrinthus-ein-virtuelles-abenteuer","status":"publish","type":"product","link":"https:\/\/ucm.one\/de\/produkt\/labyrinthus-ein-virtuelles-abenteuer\/","title":{"rendered":"Labyrinthus &#8211; Ein virtuelles Abenteuer"},"content":{"rendered":"<div class=\"wpb_text_column wpb_content_element \">\n<div class=\"wpb_wrapper\">\n<div class=\"\">\n<div class=\"wpb_text_column wpb_content_element \">\n<div class=\"wpb_wrapper\">\n<p><span style=\"font-weight: 400;\">Der 14-j\u00e4hrige Frikke (<strong>Spencer Bogaert<\/strong>) beobachtet, wie ein Fahrradfahrer einen seltsamen schwarzen Kasten verliert &#8211; anscheinend eine Kamera. Zudem ist auch ein kleiner USB-Stick dabei. Als Frikke diesen in seinen Computer steckt, wird ein eigent\u00fcmliches Spiel geladen, das die Grenze zwischen Computer und Au\u00dfenwelt \u00fcberschreitet: In dem Spiel ist das junge M\u00e4dchen Nola (<strong>Emma Verlinden<\/strong>) gefangen, dass in Frikkes realer Welt im Koma liegt. Als Frikke mit der Kamera ein Bild von seinem Kater macht findet er heraus, dass alle Dinge und Lebewesen, die er damit fotografiert, auch bald im Spiel auftauchen und in der Realit\u00e4t leblos zur\u00fcckbleiben. Frikke muss im Spiel nun einen Code finden, mit dem er seinen Kater und das M\u00e4dchen aus dem virtuellen Gef\u00e4ngnis befreien kann. Doch im Spiel wartet ein geschickter, finsterer Gegenspieler\u2026<\/span><\/p>\n<\/div>\n<\/div>\n<\/div>\n<\/div>\n<\/div>\n<div><div class=\"gap\" style=\"line-height: 20px; height: 20px;\"><\/div><\/div>\n<h5>Weitere Informationen<\/h5>\n<div>\n<div>\n<table style=\"height: 46px; width: 100%; border-collapse: collapse; border-color: #ffffff; background-color: #ffffff; border-style: hidden;\">\n<tbody>\n<tr style=\"height: 23px;\">\n<td style=\"width: 4.701195219123506%; height: 23px; border-style: hidden;\">Label:<\/td>\n<td style=\"width: 95.29880478087651%; height: 23px; border-style: hidden;\"><a title=\"U8Films Berlin\" href=\"https:\/\/ucm.one\/de\/film-labels\/u1-films-berlin\/\">U1 Films Berlin<\/a><\/td>\n<\/tr>\n<\/tbody>\n<\/table>\n<\/div>\n<div><\/div>\n<\/div>\n<div>\n<div><div class=\"gap\" style=\"line-height: 10px; height: 10px;\"><\/div><\/div>\n<div>\u21172014 <strong>Dreamwall<\/strong>, <strong>Family Affair Films<\/strong>, <strong>Savage Film<\/strong>, \u00a92020 <strong><span style=\"font-family: 'arial black', sans-serif;\">U1<\/span>\u00a0Films Berlin<\/strong>\u00a0\/ <span style=\"font-family: 'arial black', sans-serif;\"><strong>UCM.ONE<\/strong><\/span><\/div>\n<div><div class=\"gap\" style=\"line-height: 20px; height: 20px;\"><\/div><\/div>\n<div>\n<div><\/div>\n<div>\n<div><div class=\"gap\" style=\"line-height: 10px; height: 10px;\"><\/div><\/div>\n<div><span style=\"color: #003a80;\"><strong>\u27a0 <a style=\"color: #003a80;\" href=\"https:\/\/ucm.one\/de\/produkt-kategorie\/art-de\/filme-de\/\">zum Shop<\/a><\/strong><\/span><\/div>\n<div><div class=\"gap\" style=\"line-height: 20px; height: 20px;\"><\/div><\/div>\n<\/div>\n<\/div>\n<\/div>\n","protected":false},"excerpt":{"rendered":"<p>Regie:<strong><a href=\"https:\/\/ucm.one\/de\/?s=&quot;Douglas+Boswell&quot;&amp;post_type=product\"> Douglas Boswell<\/a><\/strong><\/p>\n<p>Label: <strong><a title=\"U8Films Berlin\" href=\"https:\/\/ucm.one\/de\/produkt-kategorie\/label-film-de\/u1-films-berlin-de\/\">U1 Films Berlin<\/a><\/strong><\/p>\n<p>Art:\u00a0<strong><a href=\"https:\/\/ucm.one\/de\/produkt-kategorie\/art-de\/filme-de\/\">Film<\/a> (Spielfilm)<\/strong><\/p>\n<p>Genres: <a href=\"https:\/\/ucm.one\/de\/produkt-kategorie\/genre-film-de\/abenteuer\/\"><strong>Abenteuer<\/strong>,<\/a> <a href=\"https:\/\/ucm.one\/de\/produkt-kategorie\/genre-film-de\/familie-de\/\"><strong>Familie<\/strong><\/a><b><\/b><\/p>\n<p>Jahr: <strong>2020<\/strong><\/p>\n<p>FSK: <strong>6<\/strong><\/p>\n<p>Formate: <strong>Diverse<\/strong><\/p>\n","protected":false},"featured_media":82235,"comment_status":"open","ping_status":"closed","template":"","meta":{"_acf_changed":false},"product_brand":[],"product_cat":[10331,10332,10340,10357,10360,13279,9708],"product_tag":[14723,14724,14725,14726,14727,14728,14729,11026,14722],"class_list":{"0":"post-81697","1":"product","2":"type-product","3":"status-publish","4":"has-post-thumbnail","6":"product_cat-dvd-de","7":"product_cat-blu-ray-de","8":"product_cat-u1-films-berlin-de","9":"product_cat-abenteuer","10":"product_cat-familie-de","11":"product_cat-kinder-jugend-de","12":"product_cat-filme-de","13":"product_tag-labyrinthus","14":"product_tag-douglas-boswell","15":"product_tag-spencer-bogaert","16":"product_tag-emma-verlinden","17":"product_tag-felix-maesschalck","18":"product_tag-pepijn-caudron","19":"product_tag-herwig-ilegems","20":"product_tag-u1-films-berlin","21":"product_tag-labyrinthus-ein-virtuelles-abenteuer","22":"pa_format-blu-ray-de","23":"pa_format-dvd","24":"description-off","26":"first","27":"instock","28":"taxable","29":"shipping-taxable","30":"purchasable","31":"product-type-variable"},"acf":[],"yoast_head":"<!-- This site is optimized with the Yoast SEO plugin v27.2 - https:\/\/yoast.com\/product\/yoast-seo-wordpress\/ -->\n<title>Labyrinthus - Ein virtuelles Abenteuer<\/title>\n<meta name=\"description\" content=\"Shop | Labyrinthus - Ein virtuelles Abenteuer | 2020 | U1 Films Berlin | Blu-Ray &amp; DVD | FSK 6\" \/>\n<meta name=\"robots\" content=\"index, follow, max-snippet:-1, max-image-preview:large, max-video-preview:-1\" \/>\n<link rel=\"canonical\" href=\"https:\/\/ucm.one\/de\/produkt\/labyrinthus-ein-virtuelles-abenteuer\/\" \/>\n<meta property=\"og:locale\" content=\"de_DE\" \/>\n<meta property=\"og:type\" content=\"article\" \/>\n<meta property=\"og:title\" content=\"Labyrinthus - Ein virtuelles Abenteuer\" \/>\n<meta property=\"og:description\" content=\"Shop | Labyrinthus - Ein virtuelles Abenteuer | 2020 | U1 Films Berlin | Blu-Ray &amp; DVD | FSK 6\" \/>\n<meta property=\"og:url\" content=\"https:\/\/ucm.one\/de\/produkt\/labyrinthus-ein-virtuelles-abenteuer\/\" \/>\n<meta property=\"og:site_name\" content=\"UCM.ONE\" \/>\n<meta property=\"article:modified_time\" content=\"2023-10-24T10:38:30+00:00\" \/>\n<meta property=\"og:image\" content=\"https:\/\/ucm.one\/wp-content\/uploads\/2000\/01\/B-Labyrinthus-01.jpg\" \/>\n<meta name=\"twitter:card\" content=\"summary_large_image\" \/>\n<meta name=\"twitter:title\" content=\"Labyrinthus - Ein virtuelles Abenteuer\" \/>\n<meta name=\"twitter:description\" content=\"Shop | Labyrinthus - Ein virtuelles Abenteuer | 2020 | U1 Films Berlin | Blu-Ray &amp; DVD | FSK 6\" \/>\n<meta name=\"twitter:image\" content=\"https:\/\/ucm.one\/wp-content\/uploads\/2000\/01\/B-Labyrinthus-01.jpg\" \/>\n<meta name=\"twitter:label1\" content=\"Gesch\u00e4tzte Lesezeit\" \/>\n\t<meta name=\"twitter:data1\" content=\"1\u00a0Minute\" \/>\n<!-- \/ Yoast SEO plugin. -->","yoast_head_json":{"title":"Labyrinthus - Ein virtuelles Abenteuer","description":"Shop | Labyrinthus - Ein virtuelles Abenteuer | 2020 | U1 Films Berlin | Blu-Ray & DVD | FSK 6","robots":{"index":"index","follow":"follow","max-snippet":"max-snippet:-1","max-image-preview":"max-image-preview:large","max-video-preview":"max-video-preview:-1"},"canonical":"https:\/\/ucm.one\/de\/produkt\/labyrinthus-ein-virtuelles-abenteuer\/","og_locale":"de_DE","og_type":"article","og_title":"Labyrinthus - Ein virtuelles Abenteuer","og_description":"Shop | Labyrinthus - Ein virtuelles Abenteuer | 2020 | U1 Films Berlin | Blu-Ray & DVD | FSK 6","og_url":"https:\/\/ucm.one\/de\/produkt\/labyrinthus-ein-virtuelles-abenteuer\/","og_site_name":"UCM.ONE","article_modified_time":"2023-10-24T10:38:30+00:00","og_image":[{"url":"https:\/\/ucm.one\/wp-content\/uploads\/2000\/01\/B-Labyrinthus-01.jpg","type":"","width":"","height":""}],"twitter_card":"summary_large_image","twitter_title":"Labyrinthus - Ein virtuelles Abenteuer","twitter_description":"Shop | Labyrinthus - Ein virtuelles Abenteuer | 2020 | U1 Films Berlin | Blu-Ray & DVD | FSK 6","twitter_image":"https:\/\/ucm.one\/wp-content\/uploads\/2000\/01\/B-Labyrinthus-01.jpg","twitter_misc":{"Gesch\u00e4tzte Lesezeit":"1\u00a0Minute"},"schema":{"@context":"https:\/\/schema.org","@graph":[{"@type":"WebPage","@id":"https:\/\/ucm.one\/de\/produkt\/labyrinthus-ein-virtuelles-abenteuer\/","url":"https:\/\/ucm.one\/de\/produkt\/labyrinthus-ein-virtuelles-abenteuer\/","name":"Labyrinthus - Ein virtuelles Abenteuer","isPartOf":{"@id":"https:\/\/ucm.one\/de\/#website"},"primaryImageOfPage":{"@id":"https:\/\/ucm.one\/de\/produkt\/labyrinthus-ein-virtuelles-abenteuer\/#primaryimage"},"image":{"@id":"https:\/\/ucm.one\/de\/produkt\/labyrinthus-ein-virtuelles-abenteuer\/#primaryimage"},"thumbnailUrl":"https:\/\/ucm.one\/wp-content\/uploads\/2000\/01\/C-Labyrinthus-DVD-2D-FSK6.jpg","datePublished":"2020-11-27T13:46:11+00:00","dateModified":"2023-10-24T10:38:30+00:00","description":"Shop | Labyrinthus - Ein virtuelles Abenteuer | 2020 | U1 Films Berlin | Blu-Ray & DVD | FSK 6","breadcrumb":{"@id":"https:\/\/ucm.one\/de\/produkt\/labyrinthus-ein-virtuelles-abenteuer\/#breadcrumb"},"inLanguage":"de","potentialAction":[{"@type":"ReadAction","target":["https:\/\/ucm.one\/de\/produkt\/labyrinthus-ein-virtuelles-abenteuer\/"]}]},{"@type":"ImageObject","inLanguage":"de","@id":"https:\/\/ucm.one\/de\/produkt\/labyrinthus-ein-virtuelles-abenteuer\/#primaryimage","url":"https:\/\/ucm.one\/wp-content\/uploads\/2000\/01\/C-Labyrinthus-DVD-2D-FSK6.jpg","contentUrl":"https:\/\/ucm.one\/wp-content\/uploads\/2000\/01\/C-Labyrinthus-DVD-2D-FSK6.jpg","width":699,"height":1000},{"@type":"BreadcrumbList","@id":"https:\/\/ucm.one\/de\/produkt\/labyrinthus-ein-virtuelles-abenteuer\/#breadcrumb","itemListElement":[{"@type":"ListItem","position":1,"name":"Home","item":"https:\/\/ucm.one\/de\/"},{"@type":"ListItem","position":2,"name":"Shop","item":"https:\/\/ucm.one\/de\/shop\/"},{"@type":"ListItem","position":3,"name":"Labyrinthus &#8211; Ein virtuelles Abenteuer"}]},{"@type":"WebSite","@id":"https:\/\/ucm.one\/de\/#website","url":"https:\/\/ucm.one\/de\/","name":"UCM.ONE","description":"","publisher":{"@id":"https:\/\/ucm.one\/de\/#organization"},"potentialAction":[{"@type":"SearchAction","target":{"@type":"EntryPoint","urlTemplate":"https:\/\/ucm.one\/de\/?s={search_term_string}"},"query-input":{"@type":"PropertyValueSpecification","valueRequired":true,"valueName":"search_term_string"}}],"inLanguage":"de"},{"@type":"Organization","@id":"https:\/\/ucm.one\/de\/#organization","name":"UCM.ONE","url":"https:\/\/ucm.one\/de\/","logo":{"@type":"ImageObject","inLanguage":"de","@id":"https:\/\/ucm.one\/de\/#\/schema\/logo\/image\/","url":"https:\/\/ucm.one\/wp-content\/uploads\/2019\/10\/UCM.ONE-Logo-RGB.svg","contentUrl":"https:\/\/ucm.one\/wp-content\/uploads\/2019\/10\/UCM.ONE-Logo-RGB.svg","width":1,"height":1,"caption":"UCM.ONE"},"image":{"@id":"https:\/\/ucm.one\/de\/#\/schema\/logo\/image\/"}}]}},"_links":{"self":[{"href":"https:\/\/ucm.one\/de\/wp-json\/wp\/v2\/product\/81697","targetHints":{"allow":["GET"]}}],"collection":[{"href":"https:\/\/ucm.one\/de\/wp-json\/wp\/v2\/product"}],"about":[{"href":"https:\/\/ucm.one\/de\/wp-json\/wp\/v2\/types\/product"}],"replies":[{"embeddable":true,"href":"https:\/\/ucm.one\/de\/wp-json\/wp\/v2\/comments?post=81697"}],"wp:featuredmedia":[{"embeddable":true,"href":"https:\/\/ucm.one\/de\/wp-json\/wp\/v2\/media\/82235"}],"wp:attachment":[{"href":"https:\/\/ucm.one\/de\/wp-json\/wp\/v2\/media?parent=81697"}],"wp:term":[{"taxonomy":"product_brand","embeddable":true,"href":"https:\/\/ucm.one\/de\/wp-json\/wp\/v2\/product_brand?post=81697"},{"taxonomy":"product_cat","embeddable":true,"href":"https:\/\/ucm.one\/de\/wp-json\/wp\/v2\/product_cat?post=81697"},{"taxonomy":"product_tag","embeddable":true,"href":"https:\/\/ucm.one\/de\/wp-json\/wp\/v2\/product_tag?post=81697"}],"curies":[{"name":"wp","href":"https:\/\/api.w.org\/{rel}","templated":true}]}}