{"id":81596,"date":"2021-02-26T11:38:30","date_gmt":"2021-02-26T11:38:30","guid":{"rendered":"https:\/\/ucm.one\/?post_type=product&#038;p=81596"},"modified":"2024-08-21T19:03:11","modified_gmt":"2024-08-21T19:03:11","slug":"konga-erbe-von-king-kong","status":"publish","type":"product","link":"https:\/\/ucm.one\/de\/produkt\/konga-erbe-von-king-kong\/","title":{"rendered":"Konga &#8211; Erbe von King Kong"},"content":{"rendered":"<div class=\"wpb_text_column wpb_content_element \">\n<div class=\"wpb_wrapper\">\n<div class=\"\">\n<div class=\"wpb_text_column wpb_content_element \">\n<div class=\"wpb_wrapper\">\n<p><span style=\"font-weight: 400;\">Ein Jahr nachdem sein Flugzeug \u00fcber dem afrikanischen Dschungel abst\u00fcrzte und er f\u00fcr tot erkl\u00e4rt wurde, kehrt Dr. Decker (<strong>Michael Gough<\/strong>) mit dem Gorilla \u201eKonga\u201c \u00fcberraschend nach London zur\u00fcck. W\u00e4hrend seines Aufenthaltes beim Stamm der Baganda, die ihn retteten, entdeckte Decker eine ungew\u00f6hnliche Pflanzenart, die anscheinend nicht nur das Bindeglied zwischen pflanzlichem und tierischem Leben darstellt, sondern auch ein Sekret absondert, das den Wachstumsprozess extrem steigert. Doch seine Forschungsergebnisse sto\u00dfen in der modernen Welt nur auf Unverst\u00e4ndnis. In seiner Wut auf seine ignoranten Kollegen und l\u00e4sternde Journalisten benutzt Dr. Decker nun Konga als Instrument seiner Rache. Er injiziert dem Affen das Pflanzenserum und Konga erreicht eine Gr\u00f6\u00dfe, die es selbst Decker unm\u00f6glich macht, ihn noch zu kontrollieren. Der riesige, alsbald turmhohe Affe l\u00e4uft Amok und legt dabei ganz London in Schutt und Asche.<\/span><\/p>\n<\/div>\n<\/div>\n<\/div>\n<\/div>\n<\/div>\n<div><div class=\"gap\" style=\"line-height: 20px; height: 20px;\"><\/div><\/div>\n<h5>Weitere Informationen<\/h5>\n<div>\n<div>\n<table style=\"height: 46px; width: 100%; border-collapse: collapse; border-color: #ffffff; background-color: #ffffff; border-style: hidden;\">\n<tbody>\n<tr style=\"height: 23px;\">\n<td style=\"width: 4.701195219123506%; height: 23px; border-style: hidden;\">Label:<\/td>\n<td style=\"width: 95.29880478087651%; height: 23px; border-style: hidden;\"><a title=\"B-Spree Classics\" href=\"https:\/\/ucm.one\/de\/film-labels\/b-spree-pictures\/#b-spree-classics\">B-Spree Classics<\/a><\/td>\n<\/tr>\n<\/tbody>\n<\/table>\n<\/div>\n<div><\/div>\n<\/div>\n<div>\n<div><div class=\"gap\" style=\"line-height: 10px; height: 10px;\"><\/div><\/div>\n<div>\u2117 1961 <strong>Alta Vista Productions<\/strong>, <strong>Anglo-Amalgamated Productions<\/strong>, <strong>Herman Cohen Productions<\/strong>, \u00a9 2021 <strong>B-Spree Classics<\/strong> \/ <span style=\"font-family: 'arial black', sans-serif;\"><strong>UCM.ONE<\/strong><\/span><\/div>\n<div><div class=\"gap\" style=\"line-height: 20px; height: 20px;\"><\/div><\/div>\n<div>\n<div><\/div>\n<div>\n<div><div class=\"gap\" style=\"line-height: 10px; height: 10px;\"><\/div><\/div>\n<div><span style=\"color: #003a80;\"><strong>\u27a0 <a style=\"color: #003a80;\" href=\"https:\/\/ucm.one\/de\/produkt-kategorie\/art-de\/filme-de\/\">zum Shop<\/a><\/strong><\/span><\/div>\n<div><div class=\"gap\" style=\"line-height: 20px; height: 20px;\"><\/div><\/div>\n<\/div>\n<\/div>\n<\/div>\n","protected":false},"excerpt":{"rendered":"<p>Regie: <a href=\"https:\/\/ucm.one\/de\/?s=&quot;John+Lemont&quot;&amp;post_type=product\"><strong>John Lemont<\/strong><\/a><\/p>\n<p>Label: <a href=\"https:\/\/ucm.one\/de\/produkt-kategorie\/label-film-de\/b-spree-pictures-de\/b-spree-classics-de\/\"><strong>B-Spree Classics<\/strong><\/a><\/p>\n<p>Art:\u00a0<strong><a href=\"https:\/\/ucm.one\/de\/produkt-kategorie\/art-de\/filme-de\/\">Film<\/a> (Spielfilm)<\/strong><\/p>\n<p>Genres: <a href=\"https:\/\/ucm.one\/de\/produkt-kategorie\/genre-film-de\/abenteuer\/\"><strong>Abenteuer<\/strong><\/a>,<strong> <a href=\"https:\/\/ucm.one\/de\/produkt-kategorie\/genre-film-de\/fantasy-de\/\">Fantasy<\/a><\/strong><b><\/b><\/p>\n<p>Jahr: <strong>2021<\/strong><\/p>\n<p>FSK: <strong>12<\/strong><\/p>\n<p>Formate: <strong>Diverse<\/strong><\/p>\n","protected":false},"featured_media":82238,"comment_status":"open","ping_status":"closed","template":"","meta":{"_acf_changed":false},"product_brand":[],"product_cat":[10332,10333,10341,10342,10357,9708,12093,10328,10331],"product_tag":[14698,14699,14700,14701,14702,14703,14704,14705,12135,14706,14696,14707,14697,14708],"class_list":{"0":"post-81596","1":"product","2":"type-product","3":"status-publish","4":"has-post-thumbnail","6":"product_cat-blu-ray-de","7":"product_cat-mediabooks-de","8":"product_cat-b-spree-pictures-de","9":"product_cat-b-spree-classics-de","10":"product_cat-abenteuer","11":"product_cat-filme-de","12":"product_cat-klassiker-de","13":"product_cat-fantasy-de","14":"product_cat-dvd-de","15":"product_tag-john-lemont","16":"product_tag-michael-gough","17":"product_tag-margo-johns","18":"product_tag-jess-conrad","19":"product_tag-claire-gordon","20":"product_tag-austin-trevor","21":"product_tag-jack-watson","22":"product_tag-george-pastell","23":"product_tag-b-spree-classics","24":"product_tag-vanda-godsell","25":"product_tag-konga-erbe-von-king-kong","26":"product_tag-stanley-morgan","27":"product_tag-konga","28":"product_tag-grace-arnold","29":"pa_format-dvd","30":"pa_format-blu-ray-de","31":"pa_format-mediabook-blu-ray-dvd","32":"description-off","34":"first","35":"instock","36":"sale","37":"taxable","38":"shipping-taxable","39":"purchasable","40":"product-type-variable"},"acf":[],"yoast_head":"<!-- This site is optimized with the Yoast SEO plugin v27.5 - https:\/\/yoast.com\/product\/yoast-seo-wordpress\/ -->\n<title>Konga - Erbe von King Kong<\/title>\n<meta name=\"description\" content=\"Shop | Konga - Erbe von King Kong | 2021 | B-Spree Classics | Limitiertes Mediabook, Blu-Ray, DVD | FSK 12\" \/>\n<meta name=\"robots\" content=\"index, follow, max-snippet:-1, max-image-preview:large, max-video-preview:-1\" \/>\n<link rel=\"canonical\" href=\"https:\/\/ucm.one\/de\/produkt\/konga-erbe-von-king-kong\/\" \/>\n<meta property=\"og:locale\" content=\"de_DE\" \/>\n<meta property=\"og:type\" content=\"article\" \/>\n<meta property=\"og:title\" content=\"Konga - Erbe von King Kong\" \/>\n<meta property=\"og:description\" content=\"Shop | Konga - Erbe von King Kong | 2021 | B-Spree Classics | Limitiertes Mediabook, Blu-Ray, DVD | FSK 12\" \/>\n<meta property=\"og:url\" content=\"https:\/\/ucm.one\/de\/produkt\/konga-erbe-von-king-kong\/\" \/>\n<meta property=\"og:site_name\" content=\"UCM.ONE\" \/>\n<meta property=\"article:modified_time\" content=\"2024-08-21T19:03:11+00:00\" \/>\n<meta property=\"og:image\" content=\"https:\/\/ucm.one\/wp-content\/uploads\/2000\/01\/B-Konga-01.jpg\" \/>\n<meta name=\"twitter:card\" content=\"summary_large_image\" \/>\n<meta name=\"twitter:title\" content=\"Konga - Erbe von King Kong\" \/>\n<meta name=\"twitter:description\" content=\"Shop | Konga - Erbe von King Kong | 2021 | B-Spree Classics | Limitiertes Mediabook, Blu-Ray, DVD | FSK 12\" \/>\n<meta name=\"twitter:image\" content=\"https:\/\/ucm.one\/wp-content\/uploads\/2000\/01\/B-Konga-01.jpg\" \/>\n<meta name=\"twitter:label1\" content=\"Gesch\u00e4tzte Lesezeit\" \/>\n\t<meta name=\"twitter:data1\" content=\"1\u00a0Minute\" \/>\n<!-- \/ Yoast SEO plugin. -->","yoast_head_json":{"title":"Konga - Erbe von King Kong","description":"Shop | Konga - Erbe von King Kong | 2021 | B-Spree Classics | Limitiertes Mediabook, Blu-Ray, DVD | FSK 12","robots":{"index":"index","follow":"follow","max-snippet":"max-snippet:-1","max-image-preview":"max-image-preview:large","max-video-preview":"max-video-preview:-1"},"canonical":"https:\/\/ucm.one\/de\/produkt\/konga-erbe-von-king-kong\/","og_locale":"de_DE","og_type":"article","og_title":"Konga - Erbe von King Kong","og_description":"Shop | Konga - Erbe von King Kong | 2021 | B-Spree Classics | Limitiertes Mediabook, Blu-Ray, DVD | FSK 12","og_url":"https:\/\/ucm.one\/de\/produkt\/konga-erbe-von-king-kong\/","og_site_name":"UCM.ONE","article_modified_time":"2024-08-21T19:03:11+00:00","og_image":[{"url":"https:\/\/ucm.one\/wp-content\/uploads\/2000\/01\/B-Konga-01.jpg","type":"","width":"","height":""}],"twitter_card":"summary_large_image","twitter_title":"Konga - Erbe von King Kong","twitter_description":"Shop | Konga - Erbe von King Kong | 2021 | B-Spree Classics | Limitiertes Mediabook, Blu-Ray, DVD | FSK 12","twitter_image":"https:\/\/ucm.one\/wp-content\/uploads\/2000\/01\/B-Konga-01.jpg","twitter_misc":{"Gesch\u00e4tzte Lesezeit":"1\u00a0Minute"},"schema":{"@context":"https:\/\/schema.org","@graph":[{"@type":"WebPage","@id":"https:\/\/ucm.one\/de\/produkt\/konga-erbe-von-king-kong\/","url":"https:\/\/ucm.one\/de\/produkt\/konga-erbe-von-king-kong\/","name":"Konga - Erbe von King Kong","isPartOf":{"@id":"https:\/\/ucm.one\/de\/#website"},"primaryImageOfPage":{"@id":"https:\/\/ucm.one\/de\/produkt\/konga-erbe-von-king-kong\/#primaryimage"},"image":{"@id":"https:\/\/ucm.one\/de\/produkt\/konga-erbe-von-king-kong\/#primaryimage"},"thumbnailUrl":"https:\/\/ucm.one\/wp-content\/uploads\/2000\/01\/C-Konga-DVD-2D-FSK12.jpg","datePublished":"2021-02-26T11:38:30+00:00","dateModified":"2024-08-21T19:03:11+00:00","description":"Shop | Konga - Erbe von King Kong | 2021 | B-Spree Classics | Limitiertes Mediabook, Blu-Ray, DVD | FSK 12","breadcrumb":{"@id":"https:\/\/ucm.one\/de\/produkt\/konga-erbe-von-king-kong\/#breadcrumb"},"inLanguage":"de","potentialAction":[{"@type":"ReadAction","target":["https:\/\/ucm.one\/de\/produkt\/konga-erbe-von-king-kong\/"]}]},{"@type":"ImageObject","inLanguage":"de","@id":"https:\/\/ucm.one\/de\/produkt\/konga-erbe-von-king-kong\/#primaryimage","url":"https:\/\/ucm.one\/wp-content\/uploads\/2000\/01\/C-Konga-DVD-2D-FSK12.jpg","contentUrl":"https:\/\/ucm.one\/wp-content\/uploads\/2000\/01\/C-Konga-DVD-2D-FSK12.jpg","width":699,"height":1000},{"@type":"BreadcrumbList","@id":"https:\/\/ucm.one\/de\/produkt\/konga-erbe-von-king-kong\/#breadcrumb","itemListElement":[{"@type":"ListItem","position":1,"name":"Home","item":"https:\/\/ucm.one\/de\/"},{"@type":"ListItem","position":2,"name":"Shop","item":"https:\/\/ucm.one\/de\/shop\/"},{"@type":"ListItem","position":3,"name":"Konga &#8211; Erbe von King Kong"}]},{"@type":"WebSite","@id":"https:\/\/ucm.one\/de\/#website","url":"https:\/\/ucm.one\/de\/","name":"UCM.ONE","description":"","publisher":{"@id":"https:\/\/ucm.one\/de\/#organization"},"potentialAction":[{"@type":"SearchAction","target":{"@type":"EntryPoint","urlTemplate":"https:\/\/ucm.one\/de\/?s={search_term_string}"},"query-input":{"@type":"PropertyValueSpecification","valueRequired":true,"valueName":"search_term_string"}}],"inLanguage":"de"},{"@type":"Organization","@id":"https:\/\/ucm.one\/de\/#organization","name":"UCM.ONE","url":"https:\/\/ucm.one\/de\/","logo":{"@type":"ImageObject","inLanguage":"de","@id":"https:\/\/ucm.one\/de\/#\/schema\/logo\/image\/","url":"https:\/\/ucm.one\/wp-content\/uploads\/2019\/10\/UCM.ONE-Logo-RGB.svg","contentUrl":"https:\/\/ucm.one\/wp-content\/uploads\/2019\/10\/UCM.ONE-Logo-RGB.svg","width":1,"height":1,"caption":"UCM.ONE"},"image":{"@id":"https:\/\/ucm.one\/de\/#\/schema\/logo\/image\/"}}]}},"_links":{"self":[{"href":"https:\/\/ucm.one\/de\/wp-json\/wp\/v2\/product\/81596","targetHints":{"allow":["GET"]}}],"collection":[{"href":"https:\/\/ucm.one\/de\/wp-json\/wp\/v2\/product"}],"about":[{"href":"https:\/\/ucm.one\/de\/wp-json\/wp\/v2\/types\/product"}],"replies":[{"embeddable":true,"href":"https:\/\/ucm.one\/de\/wp-json\/wp\/v2\/comments?post=81596"}],"wp:featuredmedia":[{"embeddable":true,"href":"https:\/\/ucm.one\/de\/wp-json\/wp\/v2\/media\/82238"}],"wp:attachment":[{"href":"https:\/\/ucm.one\/de\/wp-json\/wp\/v2\/media?parent=81596"}],"wp:term":[{"taxonomy":"product_brand","embeddable":true,"href":"https:\/\/ucm.one\/de\/wp-json\/wp\/v2\/product_brand?post=81596"},{"taxonomy":"product_cat","embeddable":true,"href":"https:\/\/ucm.one\/de\/wp-json\/wp\/v2\/product_cat?post=81596"},{"taxonomy":"product_tag","embeddable":true,"href":"https:\/\/ucm.one\/de\/wp-json\/wp\/v2\/product_tag?post=81596"}],"curies":[{"name":"wp","href":"https:\/\/api.w.org\/{rel}","templated":true}]}}