{"id":81446,"date":"2022-10-10T16:50:32","date_gmt":"2022-10-10T16:50:32","guid":{"rendered":"https:\/\/ucm.one\/?post_type=product&#038;p=81446"},"modified":"2025-10-18T08:42:52","modified_gmt":"2025-10-18T08:42:52","slug":"heisses-gold-aus-calador","status":"publish","type":"product","link":"https:\/\/ucm.one\/de\/produkt\/heisses-gold-aus-calador\/","title":{"rendered":"Heisses Gold aus Calador"},"content":{"rendered":"<div class=\"wpb_text_column wpb_content_element \">\n<div class=\"wpb_wrapper\">\n<div class=\"\">\n<div class=\"wpb_text_column wpb_content_element \">\n<div class=\"wpb_wrapper\">\n<p><span style=\"font-weight: 400;\">Kalifornien 1880: Den charmanten Gauner und Sch\u00fcrzenj\u00e4ger Harker Fleet (<strong>George Peppard<\/strong>) lockt das schnelle Geld. Deswegen \u00fcberf\u00e4llt er zusammen mit seinem Kumpel Timothy Nolan (<strong>John Vernon<\/strong>) einen Zug, um Lohngelder abzugreifen. Doch anstatt gro\u00dfen Reichtums erwartet ihn das Gef\u00e4ngnis, denn sein Komplize spielt falsch und macht sich mit dem erbeuteten Geld und Harkers Herzensdame Katy (<strong>Diana Muldaur<\/strong>) aus dem Staub. Als Harker nach drei Jahren entlassen wird, macht er sich auf die Suche nach Nolan. Dieser hat es in Calador mit dem Geld zu gro\u00dfem Ansehen gebracht und hat seine Finger in fast jedem Gesch\u00e4ft der Stadt. Wie Harker, hat er immer noch eine Menge kriminelle Energie. So scheint er auch hinter dem \u00dcberfall auf den Goldtransport einer in der N\u00e4he betriebenen Goldmine zu stecken. Das bringt Harker auf die Idee f\u00fcr eine ausgekl\u00fcgelte Rache\u2026<\/span><\/p>\n<\/div>\n<\/div>\n<\/div>\n<\/div>\n<\/div>\n<div><div class=\"gap\" style=\"line-height: 20px; height: 20px;\"><\/div><\/div>\n<h5>Weitere Informationen<\/h5>\n<div>\n<div>\n<table style=\"height: 47px; width: 100%; border-collapse: collapse; border-color: #ffffff; background-color: #ffffff; border-style: hidden;\">\n<tbody>\n<tr>\n<td style=\"width: 4.701195%; border-style: hidden;\">Film:<\/td>\n<td style=\"width: 95.298805%; border-style: hidden;\"><a title=\"Hei\u00dfes Gold aus Calador\" href=\"https:\/\/ucm.one\/de\/heisses-gold-aus-calador\/\">Hei\u00dfes Gold aus Calador<\/a><\/td>\n<\/tr>\n<tr style=\"height: 23px;\">\n<td style=\"width: 4.701195219123506%; height: 23px; border-style: hidden;\">Label:<\/td>\n<td style=\"width: 95.29880478087651%; height: 23px; border-style: hidden;\"><a title=\"B-Spree Classics\" href=\"https:\/\/ucm.one\/de\/film-labels\/b-spree-pictures\/#b-spree-classics\">B-Spree Classics<\/a><\/td>\n<\/tr>\n<\/tbody>\n<\/table>\n<\/div>\n<div><\/div>\n<\/div>\n<div>\n<div><div class=\"gap\" style=\"line-height: 10px; height: 10px;\"><\/div><\/div>\n<div>\n<p>\u2117 1971 <strong>Universal Pictures<\/strong><b>,<\/b>\u00a0\u00a9 2022\u00a0<strong>B-Spree Classics<\/strong> \/ <strong><span style=\"font-family: arial black, sans-serif;\">UCM.ONE<\/span><\/strong><\/p>\n<\/div>\n<div><div class=\"gap\" style=\"line-height: 20px; height: 20px;\"><\/div><\/div>\n<div>\n<div><\/div>\n<div>\n<div><div class=\"gap\" style=\"line-height: 10px; height: 10px;\"><\/div><\/div>\n<div><span style=\"color: #003a80;\"><strong>\u27a0 <a style=\"color: #003a80;\" href=\"https:\/\/ucm.one\/de\/produkt-kategorie\/art-de\/filme-de\/\">zum Shop<\/a><\/strong><\/span><\/div>\n<div><div class=\"gap\" style=\"line-height: 20px; height: 20px;\"><\/div><\/div>\n<\/div>\n<\/div>\n<\/div>\n","protected":false},"excerpt":{"rendered":"<p>Regie: <a href=\"https:\/\/ucm.one\/de\/?s=&quot;Andrew+V.+McLaglen&quot;&amp;post_type=product\"><strong>Andrew V. McLaglen <\/strong><\/a><\/p>\n<p>Label: <a href=\"https:\/\/ucm.one\/de\/produkt-kategorie\/label-film-de\/b-spree-pictures-de\/b-spree-classics-de\/\"><strong>B-Spree Classics<\/strong><\/a><\/p>\n<p>Art:\u00a0<strong><a href=\"https:\/\/ucm.one\/de\/produkt-kategorie\/art-de\/filme-de\/\">Film<\/a> (<a title=\"\" href=\"https:\/\/ucm.one\/de\/produkt-kategorie\/genre-film-de\/klassiker-de\/\">Klassiker<\/a>)<\/strong><\/p>\n<p>Genre: <a href=\"https:\/\/ucm.one\/de\/produkt-kategorie\/genre-film-de\/western-de\/\"><strong>Western<\/strong><\/a><b><\/b><\/p>\n<p>Jahr: <strong>2022<\/strong><\/p>\n<p>FSK: <strong>16<\/strong><\/p>\n<p>Formate: <strong>Diverse<\/strong><\/p>\n","protected":false},"featured_media":81509,"comment_status":"open","ping_status":"closed","template":"","meta":{"_acf_changed":false},"product_brand":[],"product_cat":[10331,10332,10333,10341,10342,10353,10357,9708,12093],"product_tag":[14684,14674,14685,14675,14686,14676,15036,14677,14678,14679,14680,14681,14682,14683,12135],"class_list":{"0":"post-81446","1":"product","2":"type-product","3":"status-publish","4":"has-post-thumbnail","6":"product_cat-dvd-de","7":"product_cat-blu-ray-de","8":"product_cat-mediabooks-de","9":"product_cat-b-spree-pictures-de","10":"product_cat-b-spree-classics-de","11":"product_cat-western-de","12":"product_cat-abenteuer","13":"product_cat-filme-de","14":"product_cat-klassiker-de","15":"product_tag-marie-windsor","16":"product_tag-andrew-v-mclaglen","17":"product_tag-butch-cassidy-und-sundance-kid","18":"product_tag-george-peppard","19":"product_tag-maverick","20":"product_tag-diana-muldaur","21":"product_tag-heisses-gold-aus-calador","22":"product_tag-john-vernon","23":"product_tag-france-nuyen","24":"product_tag-steve-sandor","25":"product_tag-robert-donner","26":"product_tag-george-chandler","27":"product_tag-hal-needham","28":"product_tag-john-docette","29":"product_tag-b-spree-classics","30":"pa_format-dvd","31":"pa_format-blu-ray-de","32":"pa_format-mediabook-blu-ray-dvd","33":"description-off","35":"first","36":"instock","37":"sale","38":"taxable","39":"shipping-taxable","40":"purchasable","41":"product-type-variable"},"acf":[],"yoast_head":"<!-- This site is optimized with the Yoast SEO plugin v27.5 - https:\/\/yoast.com\/product\/yoast-seo-wordpress\/ -->\n<title>Hei\u00dfes Gold aus Calador<\/title>\n<meta name=\"description\" content=\"Shop | Hei\u00dfes Gold aus Calador | 2022 | B-Spree Classics | Mediabook &amp; Blu-Ray &amp; DVD | FSK 16\" \/>\n<meta name=\"robots\" content=\"index, follow, max-snippet:-1, max-image-preview:large, max-video-preview:-1\" \/>\n<link rel=\"canonical\" href=\"https:\/\/ucm.one\/de\/produkt\/heisses-gold-aus-calador\/\" \/>\n<meta property=\"og:locale\" content=\"de_DE\" \/>\n<meta property=\"og:type\" content=\"article\" \/>\n<meta property=\"og:title\" content=\"Hei\u00dfes Gold aus Calador\" \/>\n<meta property=\"og:description\" content=\"Shop | Hei\u00dfes Gold aus Calador | 2022 | B-Spree Classics | Mediabook &amp; Blu-Ray &amp; DVD | FSK 16\" \/>\n<meta property=\"og:url\" content=\"https:\/\/ucm.one\/de\/produkt\/heisses-gold-aus-calador\/\" \/>\n<meta property=\"og:site_name\" content=\"UCM.ONE\" \/>\n<meta property=\"article:modified_time\" content=\"2025-10-18T08:42:52+00:00\" \/>\n<meta property=\"og:image\" content=\"https:\/\/ucm.one\/wp-content\/uploads\/2000\/01\/B-Heisses-Gold-aus-Calador.jpg\" \/>\n<meta name=\"twitter:card\" content=\"summary_large_image\" \/>\n<meta name=\"twitter:title\" content=\"Hei\u00dfes Gold aus Calador\" \/>\n<meta name=\"twitter:description\" content=\"Shop | Hei\u00dfes Gold aus Calador | 2022 | B-Spree Classics | Mediabook &amp; Blu-Ray &amp; DVD | FSK 16\" \/>\n<meta name=\"twitter:image\" content=\"https:\/\/ucm.one\/wp-content\/uploads\/2000\/01\/B-Heisses-Gold-aus-Calador.jpg\" \/>\n<meta name=\"twitter:label1\" content=\"Gesch\u00e4tzte Lesezeit\" \/>\n\t<meta name=\"twitter:data1\" content=\"1\u00a0Minute\" \/>\n<!-- \/ Yoast SEO plugin. -->","yoast_head_json":{"title":"Hei\u00dfes Gold aus Calador","description":"Shop | Hei\u00dfes Gold aus Calador | 2022 | B-Spree Classics | Mediabook & Blu-Ray & DVD | FSK 16","robots":{"index":"index","follow":"follow","max-snippet":"max-snippet:-1","max-image-preview":"max-image-preview:large","max-video-preview":"max-video-preview:-1"},"canonical":"https:\/\/ucm.one\/de\/produkt\/heisses-gold-aus-calador\/","og_locale":"de_DE","og_type":"article","og_title":"Hei\u00dfes Gold aus Calador","og_description":"Shop | Hei\u00dfes Gold aus Calador | 2022 | B-Spree Classics | Mediabook & Blu-Ray & DVD | FSK 16","og_url":"https:\/\/ucm.one\/de\/produkt\/heisses-gold-aus-calador\/","og_site_name":"UCM.ONE","article_modified_time":"2025-10-18T08:42:52+00:00","og_image":[{"url":"https:\/\/ucm.one\/wp-content\/uploads\/2000\/01\/B-Heisses-Gold-aus-Calador.jpg","type":"","width":"","height":""}],"twitter_card":"summary_large_image","twitter_title":"Hei\u00dfes Gold aus Calador","twitter_description":"Shop | Hei\u00dfes Gold aus Calador | 2022 | B-Spree Classics | Mediabook & Blu-Ray & DVD | FSK 16","twitter_image":"https:\/\/ucm.one\/wp-content\/uploads\/2000\/01\/B-Heisses-Gold-aus-Calador.jpg","twitter_misc":{"Gesch\u00e4tzte Lesezeit":"1\u00a0Minute"},"schema":{"@context":"https:\/\/schema.org","@graph":[{"@type":"WebPage","@id":"https:\/\/ucm.one\/de\/produkt\/heisses-gold-aus-calador\/","url":"https:\/\/ucm.one\/de\/produkt\/heisses-gold-aus-calador\/","name":"Hei\u00dfes Gold aus Calador","isPartOf":{"@id":"https:\/\/ucm.one\/de\/#website"},"primaryImageOfPage":{"@id":"https:\/\/ucm.one\/de\/produkt\/heisses-gold-aus-calador\/#primaryimage"},"image":{"@id":"https:\/\/ucm.one\/de\/produkt\/heisses-gold-aus-calador\/#primaryimage"},"thumbnailUrl":"https:\/\/ucm.one\/wp-content\/uploads\/2022\/10\/CC-Heisses-Gold-aus-Calador-DVD-2D-FSK16.jpg","datePublished":"2022-10-10T16:50:32+00:00","dateModified":"2025-10-18T08:42:52+00:00","description":"Shop | Hei\u00dfes Gold aus Calador | 2022 | B-Spree Classics | Mediabook & Blu-Ray & DVD | FSK 16","breadcrumb":{"@id":"https:\/\/ucm.one\/de\/produkt\/heisses-gold-aus-calador\/#breadcrumb"},"inLanguage":"de","potentialAction":[{"@type":"ReadAction","target":["https:\/\/ucm.one\/de\/produkt\/heisses-gold-aus-calador\/"]}]},{"@type":"ImageObject","inLanguage":"de","@id":"https:\/\/ucm.one\/de\/produkt\/heisses-gold-aus-calador\/#primaryimage","url":"https:\/\/ucm.one\/wp-content\/uploads\/2022\/10\/CC-Heisses-Gold-aus-Calador-DVD-2D-FSK16.jpg","contentUrl":"https:\/\/ucm.one\/wp-content\/uploads\/2022\/10\/CC-Heisses-Gold-aus-Calador-DVD-2D-FSK16.jpg","width":699,"height":1000},{"@type":"BreadcrumbList","@id":"https:\/\/ucm.one\/de\/produkt\/heisses-gold-aus-calador\/#breadcrumb","itemListElement":[{"@type":"ListItem","position":1,"name":"Home","item":"https:\/\/ucm.one\/de\/"},{"@type":"ListItem","position":2,"name":"Shop","item":"https:\/\/ucm.one\/de\/shop\/"},{"@type":"ListItem","position":3,"name":"Heisses Gold aus Calador"}]},{"@type":"WebSite","@id":"https:\/\/ucm.one\/de\/#website","url":"https:\/\/ucm.one\/de\/","name":"UCM.ONE","description":"","publisher":{"@id":"https:\/\/ucm.one\/de\/#organization"},"potentialAction":[{"@type":"SearchAction","target":{"@type":"EntryPoint","urlTemplate":"https:\/\/ucm.one\/de\/?s={search_term_string}"},"query-input":{"@type":"PropertyValueSpecification","valueRequired":true,"valueName":"search_term_string"}}],"inLanguage":"de"},{"@type":"Organization","@id":"https:\/\/ucm.one\/de\/#organization","name":"UCM.ONE","url":"https:\/\/ucm.one\/de\/","logo":{"@type":"ImageObject","inLanguage":"de","@id":"https:\/\/ucm.one\/de\/#\/schema\/logo\/image\/","url":"https:\/\/ucm.one\/wp-content\/uploads\/2019\/10\/UCM.ONE-Logo-RGB.svg","contentUrl":"https:\/\/ucm.one\/wp-content\/uploads\/2019\/10\/UCM.ONE-Logo-RGB.svg","width":1,"height":1,"caption":"UCM.ONE"},"image":{"@id":"https:\/\/ucm.one\/de\/#\/schema\/logo\/image\/"}}]}},"_links":{"self":[{"href":"https:\/\/ucm.one\/de\/wp-json\/wp\/v2\/product\/81446","targetHints":{"allow":["GET"]}}],"collection":[{"href":"https:\/\/ucm.one\/de\/wp-json\/wp\/v2\/product"}],"about":[{"href":"https:\/\/ucm.one\/de\/wp-json\/wp\/v2\/types\/product"}],"replies":[{"embeddable":true,"href":"https:\/\/ucm.one\/de\/wp-json\/wp\/v2\/comments?post=81446"}],"wp:featuredmedia":[{"embeddable":true,"href":"https:\/\/ucm.one\/de\/wp-json\/wp\/v2\/media\/81509"}],"wp:attachment":[{"href":"https:\/\/ucm.one\/de\/wp-json\/wp\/v2\/media?parent=81446"}],"wp:term":[{"taxonomy":"product_brand","embeddable":true,"href":"https:\/\/ucm.one\/de\/wp-json\/wp\/v2\/product_brand?post=81446"},{"taxonomy":"product_cat","embeddable":true,"href":"https:\/\/ucm.one\/de\/wp-json\/wp\/v2\/product_cat?post=81446"},{"taxonomy":"product_tag","embeddable":true,"href":"https:\/\/ucm.one\/de\/wp-json\/wp\/v2\/product_tag?post=81446"}],"curies":[{"name":"wp","href":"https:\/\/api.w.org\/{rel}","templated":true}]}}