{"id":81387,"date":"2022-10-15T15:06:12","date_gmt":"2022-10-15T15:06:12","guid":{"rendered":"https:\/\/ucm.one\/?post_type=product&#038;p=81387"},"modified":"2025-03-14T21:01:07","modified_gmt":"2025-03-14T21:01:07","slug":"die-hand-am-colt","status":"publish","type":"product","link":"https:\/\/ucm.one\/de\/produkt\/die-hand-am-colt\/","title":{"rendered":"Die Hand am Colt"},"content":{"rendered":"<div class=\"wpb_text_column wpb_content_element \">\n<div class=\"wpb_wrapper\">\n<div class=\"\">\n<div class=\"wpb_text_column wpb_content_element \">\n<div class=\"wpb_wrapper\">\n<div class=\"wpb_text_column wpb_content_element \">\n<div class=\"wpb_wrapper\">\n<div class=\"wpb_text_column wpb_content_element \">\n<div class=\"wpb_wrapper\">\n<p><span style=\"font-weight: 400;\">Marshall Frame Johnson (<strong>Ronald Reagan<\/strong>) ist in Tombstone zur Legende geworden, nachdem er dort mit eiserner Hand die Verbrecher aus der Stadt gejagt hat.<\/span><\/p>\n<p><span style=\"font-weight: 400;\">Deshalb beschlie\u00dft er, den Colt und den Job an den Nagel zu h\u00e4ngen und seinen Traum zu verwirklichen, Farmer zu werden. Au\u00dferdem will er endlich seine Verlobte Jeanny (<strong>Dorothy Malone<\/strong>) heiraten. Zusammen mit seinen Br\u00fcdern Jimmy und Lute ziehen sie nach Cottonwood. Doch dort gibt es \u00c4rger in Form von Kurt Durning (<strong>Preston Foster<\/strong>), der sich an Frame r\u00e4chen will, seit er bei einer fr\u00fcheren Begegnung mit ihm zum Kr\u00fcppel wurde. Als Frames Bruder Lute Marshall von Cottonwood wird, spitzt sich die Lage zu. In einem unfairen Duell wird Lute von einem von Durnings S\u00f6hnen get\u00f6tet, und Jimmy r\u00e4cht seinen Bruder in Notwehr. Frame ist nun gezwungen, selbst noch einmal den Colt in die Hand nehmen, um f\u00fcr Recht und Ordnung zu sorgen.<\/span><\/p>\n<\/div>\n<\/div>\n<\/div>\n<\/div>\n<\/div>\n<\/div>\n<\/div>\n<\/div>\n<\/div>\n<div><div class=\"gap\" style=\"line-height: 20px; height: 20px;\"><\/div><\/div>\n<h5>Weitere Informationen<\/h5>\n<div>\n<div>\n<table style=\"height: 46px; width: 100%; border-collapse: collapse; border-color: #ffffff; background-color: #ffffff; border-style: hidden;\">\n<tbody>\n<tr>\n<td style=\"width: 4.701195%; border-style: hidden;\">Film:<\/td>\n<td style=\"width: 95.298805%; border-style: hidden;\"><a title=\"Die Hand am Colt\" href=\"https:\/\/ucm.one\/de\/die-hand-am-colt\/\">Die Hand am Colt<\/a><\/td>\n<\/tr>\n<tr style=\"height: 23px;\">\n<td style=\"width: 4.701195219123506%; height: 23px; border-style: hidden;\">Label:<\/td>\n<td style=\"width: 95.29880478087651%; height: 23px; border-style: hidden;\"><a title=\"B-Spree Pictures\" href=\"https:\/\/ucm.one\/de\/film-labels\/b-spree-pictures\/#b-spree-classics\">B-Spree Classics<\/a><\/td>\n<\/tr>\n<\/tbody>\n<\/table>\n<\/div>\n<\/div>\n<div>\n<div><div class=\"gap\" style=\"line-height: 10px; height: 10px;\"><\/div><\/div>\n<div>\u2117 1953 <strong>Universal International Pictures (UI)<\/strong>, \u00a9 2022\u00a0<strong>B-Spree Classics <\/strong>\/ <span style=\"font-family: 'arial black', sans-serif;\"><strong>UCM.ONE<\/strong><\/span><\/div>\n<div><div class=\"gap\" style=\"line-height: 20px; height: 20px;\"><\/div><\/div>\n<div>\n<div><\/div>\n<div>\n<div><div class=\"gap\" style=\"line-height: 10px; height: 10px;\"><\/div><\/div>\n<div><span style=\"color: #003a80;\"><strong>\u27a0 <a style=\"color: #003a80;\" href=\"https:\/\/ucm.one\/de\/produkt-kategorie\/art-de\/filme-de\/\">zum Shop<\/a><\/strong><\/span><\/div>\n<div><div class=\"gap\" style=\"line-height: 20px; height: 20px;\"><\/div><\/div>\n<\/div>\n<\/div>\n<\/div>\n","protected":false},"excerpt":{"rendered":"<p>Regie: <strong><a href=\"https:\/\/ucm.one\/de\/?s=&quot;Nathan+Juran&quot;&amp;post_type=product\">Nathan Juran<\/a><\/strong><\/p>\n<p>Label: \u00a0<strong><a title=\"B-Spree Pictures\" href=\"https:\/\/ucm.one\/de\/film-labels\/b-spree-pictures\/#b-spree-classics\">B-Spree Classics<\/a><\/strong><\/p>\n<p>Art:\u00a0<strong><a href=\"https:\/\/ucm.one\/de\/produkt-kategorie\/art-de\/filme-de\/\">Film<\/a> (<a title=\"\" href=\"https:\/\/ucm.one\/de\/produkt-kategorie\/genre-film-de\/klassiker-de\/\">Klassiker<\/a>)<\/strong><\/p>\n<p>Genre:<strong><a href=\"https:\/\/ucm.one\/de\/produkt-kategorie\/genre-film-de\/western-de\/\"> Western<\/a><\/strong><b><\/b><\/p>\n<p>Jahr: <strong>2022<\/strong><\/p>\n<p>FSK: <strong>16<\/strong><\/p>\n<p>Formate: <strong>Diverse<\/strong><\/p>\n","protected":false},"featured_media":81516,"comment_status":"open","ping_status":"closed","template":"","meta":{"_acf_changed":false},"product_brand":[],"product_cat":[10333,10341,10353,10357,9708,12093,10331,10332],"product_tag":[14666,14667,14668,14669,10905,14670,14671,14672,12135,14663,14664,14665],"class_list":{"0":"post-81387","1":"product","2":"type-product","3":"status-publish","4":"has-post-thumbnail","6":"product_cat-mediabooks-de","7":"product_cat-b-spree-pictures-de","8":"product_cat-western-de","9":"product_cat-abenteuer","10":"product_cat-filme-de","11":"product_cat-klassiker-de","12":"product_cat-dvd-de","13":"product_cat-blu-ray-de","14":"product_tag-ronald-reagan","15":"product_tag-dorothy-malone","16":"product_tag-preston-foster","17":"product_tag-alex-nicol","18":"product_tag-django","19":"product_tag-ruth-hampton","20":"product_tag-russell-johnson","21":"product_tag-wyatt-earp","22":"product_tag-b-spree-classics","23":"product_tag-die-hand-am-colt","24":"product_tag-law-and-order","25":"product_tag-nathan-juran","26":"pa_format-dvd","27":"pa_format-blu-ray-de","28":"pa_format-mediabook-blu-ray-dvd","29":"description-off","31":"first","32":"instock","33":"sale","34":"taxable","35":"shipping-taxable","36":"purchasable","37":"product-type-variable"},"acf":[],"yoast_head":"<!-- This site is optimized with the Yoast SEO plugin v27.2 - https:\/\/yoast.com\/product\/yoast-seo-wordpress\/ -->\n<title>Die Hand am Colt<\/title>\n<meta name=\"description\" content=\"Shop | Die Hand am Colt | 2022 | B-Spree Classics | Mediabook, Blu-Ray, DVD | FSK 16\" \/>\n<meta name=\"robots\" content=\"index, follow, max-snippet:-1, max-image-preview:large, max-video-preview:-1\" \/>\n<link rel=\"canonical\" href=\"https:\/\/ucm.one\/de\/produkt\/die-hand-am-colt\/\" \/>\n<meta property=\"og:locale\" content=\"de_DE\" \/>\n<meta property=\"og:type\" content=\"article\" \/>\n<meta property=\"og:title\" content=\"Die Hand am Colt\" \/>\n<meta property=\"og:description\" content=\"Shop | Die Hand am Colt | 2022 | B-Spree Classics | Mediabook, Blu-Ray, DVD | FSK 16\" \/>\n<meta property=\"og:url\" content=\"https:\/\/ucm.one\/de\/produkt\/die-hand-am-colt\/\" \/>\n<meta property=\"og:site_name\" content=\"UCM.ONE\" \/>\n<meta property=\"article:modified_time\" content=\"2025-03-14T21:01:07+00:00\" \/>\n<meta property=\"og:image\" content=\"https:\/\/ucm.one\/wp-content\/uploads\/2000\/01\/B-Die-Hand-am-Colt-01.jpg\" \/>\n<meta name=\"twitter:card\" content=\"summary_large_image\" \/>\n<meta name=\"twitter:title\" content=\"Die Hand am Colt\" \/>\n<meta name=\"twitter:description\" content=\"Shop | Die Hand am Colt | 2022 | B-Spree Classics | Mediabook, Blu-Ray, DVD | FSK 16\" \/>\n<meta name=\"twitter:image\" content=\"https:\/\/ucm.one\/wp-content\/uploads\/2000\/01\/B-Die-Hand-am-Colt-01.jpg\" \/>\n<meta name=\"twitter:label1\" content=\"Gesch\u00e4tzte Lesezeit\" \/>\n\t<meta name=\"twitter:data1\" content=\"1\u00a0Minute\" \/>\n<!-- \/ Yoast SEO plugin. -->","yoast_head_json":{"title":"Die Hand am Colt","description":"Shop | Die Hand am Colt | 2022 | B-Spree Classics | Mediabook, Blu-Ray, DVD | FSK 16","robots":{"index":"index","follow":"follow","max-snippet":"max-snippet:-1","max-image-preview":"max-image-preview:large","max-video-preview":"max-video-preview:-1"},"canonical":"https:\/\/ucm.one\/de\/produkt\/die-hand-am-colt\/","og_locale":"de_DE","og_type":"article","og_title":"Die Hand am Colt","og_description":"Shop | Die Hand am Colt | 2022 | B-Spree Classics | Mediabook, Blu-Ray, DVD | FSK 16","og_url":"https:\/\/ucm.one\/de\/produkt\/die-hand-am-colt\/","og_site_name":"UCM.ONE","article_modified_time":"2025-03-14T21:01:07+00:00","og_image":[{"url":"https:\/\/ucm.one\/wp-content\/uploads\/2000\/01\/B-Die-Hand-am-Colt-01.jpg","type":"","width":"","height":""}],"twitter_card":"summary_large_image","twitter_title":"Die Hand am Colt","twitter_description":"Shop | Die Hand am Colt | 2022 | B-Spree Classics | Mediabook, Blu-Ray, DVD | FSK 16","twitter_image":"https:\/\/ucm.one\/wp-content\/uploads\/2000\/01\/B-Die-Hand-am-Colt-01.jpg","twitter_misc":{"Gesch\u00e4tzte Lesezeit":"1\u00a0Minute"},"schema":{"@context":"https:\/\/schema.org","@graph":[{"@type":"WebPage","@id":"https:\/\/ucm.one\/de\/produkt\/die-hand-am-colt\/","url":"https:\/\/ucm.one\/de\/produkt\/die-hand-am-colt\/","name":"Die Hand am Colt","isPartOf":{"@id":"https:\/\/ucm.one\/de\/#website"},"primaryImageOfPage":{"@id":"https:\/\/ucm.one\/de\/produkt\/die-hand-am-colt\/#primaryimage"},"image":{"@id":"https:\/\/ucm.one\/de\/produkt\/die-hand-am-colt\/#primaryimage"},"thumbnailUrl":"https:\/\/ucm.one\/wp-content\/uploads\/2022\/10\/C-Die-Hand-am-Colt-DVD-2D-FSK12.jpg","datePublished":"2022-10-15T15:06:12+00:00","dateModified":"2025-03-14T21:01:07+00:00","description":"Shop | Die Hand am Colt | 2022 | B-Spree Classics | Mediabook, Blu-Ray, DVD | FSK 16","breadcrumb":{"@id":"https:\/\/ucm.one\/de\/produkt\/die-hand-am-colt\/#breadcrumb"},"inLanguage":"de","potentialAction":[{"@type":"ReadAction","target":["https:\/\/ucm.one\/de\/produkt\/die-hand-am-colt\/"]}]},{"@type":"ImageObject","inLanguage":"de","@id":"https:\/\/ucm.one\/de\/produkt\/die-hand-am-colt\/#primaryimage","url":"https:\/\/ucm.one\/wp-content\/uploads\/2022\/10\/C-Die-Hand-am-Colt-DVD-2D-FSK12.jpg","contentUrl":"https:\/\/ucm.one\/wp-content\/uploads\/2022\/10\/C-Die-Hand-am-Colt-DVD-2D-FSK12.jpg","width":699,"height":1000},{"@type":"BreadcrumbList","@id":"https:\/\/ucm.one\/de\/produkt\/die-hand-am-colt\/#breadcrumb","itemListElement":[{"@type":"ListItem","position":1,"name":"Home","item":"https:\/\/ucm.one\/de\/"},{"@type":"ListItem","position":2,"name":"Shop","item":"https:\/\/ucm.one\/de\/shop\/"},{"@type":"ListItem","position":3,"name":"Die Hand am Colt"}]},{"@type":"WebSite","@id":"https:\/\/ucm.one\/de\/#website","url":"https:\/\/ucm.one\/de\/","name":"UCM.ONE","description":"","publisher":{"@id":"https:\/\/ucm.one\/de\/#organization"},"potentialAction":[{"@type":"SearchAction","target":{"@type":"EntryPoint","urlTemplate":"https:\/\/ucm.one\/de\/?s={search_term_string}"},"query-input":{"@type":"PropertyValueSpecification","valueRequired":true,"valueName":"search_term_string"}}],"inLanguage":"de"},{"@type":"Organization","@id":"https:\/\/ucm.one\/de\/#organization","name":"UCM.ONE","url":"https:\/\/ucm.one\/de\/","logo":{"@type":"ImageObject","inLanguage":"de","@id":"https:\/\/ucm.one\/de\/#\/schema\/logo\/image\/","url":"https:\/\/ucm.one\/wp-content\/uploads\/2019\/10\/UCM.ONE-Logo-RGB.svg","contentUrl":"https:\/\/ucm.one\/wp-content\/uploads\/2019\/10\/UCM.ONE-Logo-RGB.svg","width":1,"height":1,"caption":"UCM.ONE"},"image":{"@id":"https:\/\/ucm.one\/de\/#\/schema\/logo\/image\/"}}]}},"_links":{"self":[{"href":"https:\/\/ucm.one\/de\/wp-json\/wp\/v2\/product\/81387","targetHints":{"allow":["GET"]}}],"collection":[{"href":"https:\/\/ucm.one\/de\/wp-json\/wp\/v2\/product"}],"about":[{"href":"https:\/\/ucm.one\/de\/wp-json\/wp\/v2\/types\/product"}],"replies":[{"embeddable":true,"href":"https:\/\/ucm.one\/de\/wp-json\/wp\/v2\/comments?post=81387"}],"wp:featuredmedia":[{"embeddable":true,"href":"https:\/\/ucm.one\/de\/wp-json\/wp\/v2\/media\/81516"}],"wp:attachment":[{"href":"https:\/\/ucm.one\/de\/wp-json\/wp\/v2\/media?parent=81387"}],"wp:term":[{"taxonomy":"product_brand","embeddable":true,"href":"https:\/\/ucm.one\/de\/wp-json\/wp\/v2\/product_brand?post=81387"},{"taxonomy":"product_cat","embeddable":true,"href":"https:\/\/ucm.one\/de\/wp-json\/wp\/v2\/product_cat?post=81387"},{"taxonomy":"product_tag","embeddable":true,"href":"https:\/\/ucm.one\/de\/wp-json\/wp\/v2\/product_tag?post=81387"}],"curies":[{"name":"wp","href":"https:\/\/api.w.org\/{rel}","templated":true}]}}