{"id":80726,"date":"2022-09-23T13:43:14","date_gmt":"2022-09-23T13:43:14","guid":{"rendered":"https:\/\/ucm.one\/?post_type=product&#038;p=80726"},"modified":"2025-02-05T07:36:21","modified_gmt":"2025-02-05T07:36:21","slug":"china-blue-bei-tag-und-nacht","status":"publish","type":"product","link":"https:\/\/ucm.one\/de\/produkt\/china-blue-bei-tag-und-nacht\/","title":{"rendered":"China Blue \u2013 Bei Tag und Nacht"},"content":{"rendered":"<div class=\"wpb_text_column wpb_content_element \">\n<div class=\"wpb_wrapper\">\n<div class=\"\">\n<div class=\"wpb_text_column wpb_content_element \">\n<div class=\"wpb_wrapper\">\n<div class=\"wpb_text_column wpb_content_element \">\n<div class=\"wpb_wrapper\">\n<div class=\"wpb_text_column wpb_content_element \">\n<div class=\"wpb_wrapper\">\n<p><span style=\"font-weight: 400;\">Die attraktive Joanna Crane (<strong>Kathleen Turner)<\/strong> f\u00fchrt ein bizarres Doppelleben. Tags\u00fcber arbeitet sie als erfolgreiche Modedesignerin, aber in der Nacht ist sie China Blue: Eine Hure, die ihren Kunden die exotischsten Sexw\u00fcnsche erf\u00fcllt. Als ihr Arbeitgeber Joanna verd\u00e4chtigt, wertvolle Muster an die Konkurrenz zu verkaufen, engagiert er den Detektiv Bobby Grady (<strong>John Laughlin<\/strong>) zu ihrer Beschattung. Doch Grady ist nicht der Einzige, der sie beobachtet. Auch der psychopathische, selbsternannte Reverend Shayne (<strong>Anthony Perkins<\/strong>) verfolgt China Blue und will ihre Seele retten. F\u00fcr China Blue beginnt ein Martyrium, aus dem es kein Entkommen zu geben scheint.<\/span><\/p>\n<\/div>\n<\/div>\n<\/div>\n<\/div>\n<\/div>\n<\/div>\n<\/div>\n<\/div>\n<\/div>\n<div><div class=\"gap\" style=\"line-height: 20px; height: 20px;\"><\/div><\/div>\n<h5>Weitere Informationen<\/h5>\n<div>\n<div>\n<table style=\"height: 42px; width: 100%; border-collapse: collapse; border-color: #ffffff; background-color: #ffffff; border-style: hidden;\">\n<tbody>\n<tr style=\"height: 23px;\">\n<td style=\"width: 4.701195219123506%; height: 23px; border-style: hidden;\">Label:<\/td>\n<td style=\"width: 95.29880478087651%; height: 23px; border-style: hidden;\"><a title=\"U1 Films Berlin\" href=\"https:\/\/ucm.one\/de\/film-labels\/u1-films-berlin\/\">U1 Films Berlin<\/a><\/td>\n<\/tr>\n<\/tbody>\n<\/table>\n<\/div>\n<div><\/div>\n<\/div>\n<div>\n<div><div class=\"gap\" style=\"line-height: 10px; height: 10px;\"><\/div><\/div>\n<div>\u2117 1984 <strong>New World Pictures<\/strong>,<strong> China Blue Productions<\/strong>,<strong> Planet Productions<\/strong>, \u00a9 2020 <strong><span style=\"font-family: 'arial black', sans-serif;\">U1<\/span> Films Berlin<\/strong>\u00a0&amp; \u00a9 2022\u00a0<strong>B-Spree Classics<\/strong> \/\u00a0<span style=\"font-family: 'arial black', sans-serif;\"><strong>UCM.ONE<\/strong><\/span><\/div>\n<div><div class=\"gap\" style=\"line-height: 20px; height: 20px;\"><\/div><\/div>\n<\/div>\n<div>\n<div><\/div>\n<div>\n<div><div class=\"gap\" style=\"line-height: 10px; height: 10px;\"><\/div><\/div>\n<div><span style=\"color: #003a80;\"><strong>\u27a0 <a style=\"color: #003a80;\" href=\"https:\/\/ucm.one\/de\/produkt-kategorie\/art-de\/filme-de\/\">zum Shop<\/a><\/strong><\/span><\/div>\n<div><div class=\"gap\" style=\"line-height: 20px; height: 20px;\"><\/div><\/div>\n<\/div>\n<\/div>\n","protected":false},"excerpt":{"rendered":"<p>Regie: <a href=\"https:\/\/ucm.one\/de\/?s=&quot;Ken+Russell&quot;&amp;post_type=product\"><strong>Ken Russell<\/strong><\/a><\/p>\n<p>Labels:\u00a0<a href=\"https:\/\/ucm.one\/de\/produkt-kategorie\/label-film-de\/u1-films-berlin-de\/\"><strong>U1 Films Berlin<\/strong><\/a>, <a title=\"\" href=\"https:\/\/ucm.one\/de\/produkt-kategorie\/label-film-de\/b-spree-classics\"><strong>B-Spree Classics<\/strong><\/a><\/p>\n<p>Art:\u00a0<strong><a href=\"https:\/\/ucm.one\/de\/produkt-kategorie\/art-de\/filme-de\/\">Film<\/a> (Spielfilm)<\/strong><\/p>\n<p>Genres: <a href=\"https:\/\/ucm.one\/de\/produkt-kategorie\/genre-film-de\/thriller-de\/\"><strong>Thriller<\/strong><\/a>, <a href=\"https:\/\/ucm.one\/de\/produkt-kategorie\/genre-film-de\/drama-de\/\"><strong>Drama<\/strong><\/a><\/p>\n<p>Jahr: <strong>2020<\/strong> &amp; <strong>2022<\/strong><\/p>\n<p>FSK: <strong>18<\/strong><\/p>\n<p>Formate: <strong>Diverse<\/strong><\/p>\n","protected":false},"featured_media":81215,"comment_status":"open","ping_status":"closed","template":"","meta":{"_acf_changed":false},"product_brand":[],"product_cat":[10330,10331,10332,10333,10334,10340,10342,9708],"product_tag":[14640,14641,14642,14643,14644,14645,14646,14647,11026,14648,14636,14649,14639],"class_list":{"0":"post-80726","1":"product","2":"type-product","3":"status-publish","4":"has-post-thumbnail","6":"product_cat-thriller-de","7":"product_cat-dvd-de","8":"product_cat-blu-ray-de","9":"product_cat-mediabooks-de","10":"product_cat-drama-de","11":"product_cat-u1-films-berlin-de","12":"product_cat-b-spree-classics-de","13":"product_cat-filme-de","14":"product_tag-crimes-of-passion","15":"product_tag-ken-russell","16":"product_tag-kathleen-turner","17":"product_tag-anthony-perkins","18":"product_tag-john-laughlin","19":"product_tag-annie-potts","20":"product_tag-pat-mcnamara","21":"product_tag-john-g-scanlon","22":"product_tag-u1-films-berlin","23":"product_tag-betty-blue","24":"product_tag-bruce-davison","25":"product_tag-der-letzte-tango","26":"product_tag-china-blue-bei-tag-und-nacht","27":"pa_format-dvd","28":"pa_format-blu-ray-de","29":"pa_format-mediabook-blu-ray-dvd","30":"description-off","32":"first","33":"instock","34":"taxable","35":"shipping-taxable","36":"purchasable","37":"product-type-variable"},"acf":[],"yoast_head":"<!-- This site is optimized with the Yoast SEO plugin v27.2 - https:\/\/yoast.com\/product\/yoast-seo-wordpress\/ -->\n<title>China Blue \u2013 bei Tag und Nacht<\/title>\n<meta name=\"description\" content=\"Shop | China Blue \u2013 bei Tag und Nacht | 2020 | U1 Films Berlin | Mediabook &amp; Blu-Ray &amp; DVD | FSK 18\" \/>\n<meta name=\"robots\" content=\"index, follow, max-snippet:-1, max-image-preview:large, max-video-preview:-1\" \/>\n<link rel=\"canonical\" href=\"https:\/\/ucm.one\/de\/produkt\/china-blue-bei-tag-und-nacht\/\" \/>\n<meta property=\"og:locale\" content=\"de_DE\" \/>\n<meta property=\"og:type\" content=\"article\" \/>\n<meta property=\"og:title\" content=\"China Blue \u2013 bei Tag und Nacht\" \/>\n<meta property=\"og:description\" content=\"Shop | China Blue - bei Tag und Nacht | 2020 | U1 Films Berlin | Mediabook &amp; Blu-Ray &amp; DVD | FSK 18\" \/>\n<meta property=\"og:url\" content=\"https:\/\/ucm.one\/de\/produkt\/china-blue-bei-tag-und-nacht\/\" \/>\n<meta property=\"og:site_name\" content=\"UCM.ONE\" \/>\n<meta property=\"article:modified_time\" content=\"2025-02-05T07:36:21+00:00\" \/>\n<meta property=\"og:image\" content=\"https:\/\/ucm.one\/wp-content\/uploads\/2000\/01\/C-China-Blue-DVD-2D-FSK18.jpg\" \/>\n<meta name=\"twitter:card\" content=\"summary_large_image\" \/>\n<meta name=\"twitter:title\" content=\"China Blue \u2013 bei Tag und Nacht\" \/>\n<meta name=\"twitter:description\" content=\"Shop | China Blue - bei Tag und Nacht | 2020 | U1 Films Berlin | Mediabook &amp; Blu-Ray &amp; DVD | FSK 18\" \/>\n<meta name=\"twitter:image\" content=\"https:\/\/ucm.one\/wp-content\/uploads\/2000\/01\/C-China-Blue-DVD-2D-FSK18.jpg\" \/>\n<meta name=\"twitter:label1\" content=\"Gesch\u00e4tzte Lesezeit\" \/>\n\t<meta name=\"twitter:data1\" content=\"1\u00a0Minute\" \/>\n<!-- \/ Yoast SEO plugin. -->","yoast_head_json":{"title":"China Blue \u2013 bei Tag und Nacht","description":"Shop | China Blue \u2013 bei Tag und Nacht | 2020 | U1 Films Berlin | Mediabook & Blu-Ray & DVD | FSK 18","robots":{"index":"index","follow":"follow","max-snippet":"max-snippet:-1","max-image-preview":"max-image-preview:large","max-video-preview":"max-video-preview:-1"},"canonical":"https:\/\/ucm.one\/de\/produkt\/china-blue-bei-tag-und-nacht\/","og_locale":"de_DE","og_type":"article","og_title":"China Blue \u2013 bei Tag und Nacht","og_description":"Shop | China Blue - bei Tag und Nacht | 2020 | U1 Films Berlin | Mediabook & Blu-Ray & DVD | FSK 18","og_url":"https:\/\/ucm.one\/de\/produkt\/china-blue-bei-tag-und-nacht\/","og_site_name":"UCM.ONE","article_modified_time":"2025-02-05T07:36:21+00:00","og_image":[{"url":"https:\/\/ucm.one\/wp-content\/uploads\/2000\/01\/C-China-Blue-DVD-2D-FSK18.jpg","type":"","width":"","height":""}],"twitter_card":"summary_large_image","twitter_title":"China Blue \u2013 bei Tag und Nacht","twitter_description":"Shop | China Blue - bei Tag und Nacht | 2020 | U1 Films Berlin | Mediabook & Blu-Ray & DVD | FSK 18","twitter_image":"https:\/\/ucm.one\/wp-content\/uploads\/2000\/01\/C-China-Blue-DVD-2D-FSK18.jpg","twitter_misc":{"Gesch\u00e4tzte Lesezeit":"1\u00a0Minute"},"schema":{"@context":"https:\/\/schema.org","@graph":[{"@type":"WebPage","@id":"https:\/\/ucm.one\/de\/produkt\/china-blue-bei-tag-und-nacht\/","url":"https:\/\/ucm.one\/de\/produkt\/china-blue-bei-tag-und-nacht\/","name":"China Blue \u2013 bei Tag und Nacht","isPartOf":{"@id":"https:\/\/ucm.one\/de\/#website"},"primaryImageOfPage":{"@id":"https:\/\/ucm.one\/de\/produkt\/china-blue-bei-tag-und-nacht\/#primaryimage"},"image":{"@id":"https:\/\/ucm.one\/de\/produkt\/china-blue-bei-tag-und-nacht\/#primaryimage"},"thumbnailUrl":"https:\/\/ucm.one\/wp-content\/uploads\/2000\/01\/C-China-Blue-bei-Tag-und-Nacht.jpg","datePublished":"2022-09-23T13:43:14+00:00","dateModified":"2025-02-05T07:36:21+00:00","description":"Shop | China Blue \u2013 bei Tag und Nacht | 2020 | U1 Films Berlin | Mediabook & Blu-Ray & DVD | FSK 18","breadcrumb":{"@id":"https:\/\/ucm.one\/de\/produkt\/china-blue-bei-tag-und-nacht\/#breadcrumb"},"inLanguage":"de","potentialAction":[{"@type":"ReadAction","target":["https:\/\/ucm.one\/de\/produkt\/china-blue-bei-tag-und-nacht\/"]}]},{"@type":"ImageObject","inLanguage":"de","@id":"https:\/\/ucm.one\/de\/produkt\/china-blue-bei-tag-und-nacht\/#primaryimage","url":"https:\/\/ucm.one\/wp-content\/uploads\/2000\/01\/C-China-Blue-bei-Tag-und-Nacht.jpg","contentUrl":"https:\/\/ucm.one\/wp-content\/uploads\/2000\/01\/C-China-Blue-bei-Tag-und-Nacht.jpg","width":699,"height":1000},{"@type":"BreadcrumbList","@id":"https:\/\/ucm.one\/de\/produkt\/china-blue-bei-tag-und-nacht\/#breadcrumb","itemListElement":[{"@type":"ListItem","position":1,"name":"Home","item":"https:\/\/ucm.one\/de\/"},{"@type":"ListItem","position":2,"name":"Shop","item":"https:\/\/ucm.one\/de\/shop\/"},{"@type":"ListItem","position":3,"name":"China Blue \u2013 Bei Tag und Nacht"}]},{"@type":"WebSite","@id":"https:\/\/ucm.one\/de\/#website","url":"https:\/\/ucm.one\/de\/","name":"UCM.ONE","description":"","publisher":{"@id":"https:\/\/ucm.one\/de\/#organization"},"potentialAction":[{"@type":"SearchAction","target":{"@type":"EntryPoint","urlTemplate":"https:\/\/ucm.one\/de\/?s={search_term_string}"},"query-input":{"@type":"PropertyValueSpecification","valueRequired":true,"valueName":"search_term_string"}}],"inLanguage":"de"},{"@type":"Organization","@id":"https:\/\/ucm.one\/de\/#organization","name":"UCM.ONE","url":"https:\/\/ucm.one\/de\/","logo":{"@type":"ImageObject","inLanguage":"de","@id":"https:\/\/ucm.one\/de\/#\/schema\/logo\/image\/","url":"https:\/\/ucm.one\/wp-content\/uploads\/2019\/10\/UCM.ONE-Logo-RGB.svg","contentUrl":"https:\/\/ucm.one\/wp-content\/uploads\/2019\/10\/UCM.ONE-Logo-RGB.svg","width":1,"height":1,"caption":"UCM.ONE"},"image":{"@id":"https:\/\/ucm.one\/de\/#\/schema\/logo\/image\/"}}]}},"_links":{"self":[{"href":"https:\/\/ucm.one\/de\/wp-json\/wp\/v2\/product\/80726","targetHints":{"allow":["GET"]}}],"collection":[{"href":"https:\/\/ucm.one\/de\/wp-json\/wp\/v2\/product"}],"about":[{"href":"https:\/\/ucm.one\/de\/wp-json\/wp\/v2\/types\/product"}],"replies":[{"embeddable":true,"href":"https:\/\/ucm.one\/de\/wp-json\/wp\/v2\/comments?post=80726"}],"wp:featuredmedia":[{"embeddable":true,"href":"https:\/\/ucm.one\/de\/wp-json\/wp\/v2\/media\/81215"}],"wp:attachment":[{"href":"https:\/\/ucm.one\/de\/wp-json\/wp\/v2\/media?parent=80726"}],"wp:term":[{"taxonomy":"product_brand","embeddable":true,"href":"https:\/\/ucm.one\/de\/wp-json\/wp\/v2\/product_brand?post=80726"},{"taxonomy":"product_cat","embeddable":true,"href":"https:\/\/ucm.one\/de\/wp-json\/wp\/v2\/product_cat?post=80726"},{"taxonomy":"product_tag","embeddable":true,"href":"https:\/\/ucm.one\/de\/wp-json\/wp\/v2\/product_tag?post=80726"}],"curies":[{"name":"wp","href":"https:\/\/api.w.org\/{rel}","templated":true}]}}