{"id":80669,"date":"2020-08-28T12:41:45","date_gmt":"2020-08-28T12:41:45","guid":{"rendered":"https:\/\/ucm.one\/?post_type=product&#038;p=80669"},"modified":"2025-11-24T22:45:09","modified_gmt":"2025-11-24T22:45:09","slug":"wish-man-jeder-kann-ein-held-sein","status":"publish","type":"product","link":"https:\/\/ucm.one\/de\/produkt\/wish-man-jeder-kann-ein-held-sein\/","title":{"rendered":"Wish Man &#8211; Jeder kann ein Held sein"},"content":{"rendered":"<div class=\"wpb_text_column wpb_content_element \">\n<div class=\"wpb_wrapper\">\n<div class=\"\">\n<div class=\"wpb_text_column wpb_content_element \">\n<div class=\"wpb_wrapper\">\n<div class=\"wpb_text_column wpb_content_element \">\n<div class=\"wpb_wrapper\">\n<p><i><span style=\"font-weight: 400;\">Der Wunsch eines Jungen ver\u00e4nderte einen Mann. Der Wunsch eines Mannes ver\u00e4nderte die Welt.<\/span><\/i><\/p>\n<p><span style=\"font-weight: 400;\">Nach einer schweren Kindheit ist Frank Shankwitz (<strong>Andrew Steel<\/strong>) nun Motorradpolizist. W\u00e4hrend er sich nach einem heftigen Unfall nun langsam erholt, bittet ihn der Polizeichef, etwas Zeit mit einem unheilbar kranken Jungen zu verbringen. Der w\u00e4re gerne Polizist, und als er einen ganzen Tag lang mit Frank und seinen Kollegen Polizeiarbeit live erleben darf, sieht er in Frank einen echten Helden. Die Begeisterung des Jungen und das gro\u00dfe Gl\u00fcck, das er selbst dabei erlebt, inspiriert Frank anschlie\u00dfend dazu, gemeinsam mit Kollegen die Stiftung &#8222;Make A Wish&#8220; zu gr\u00fcnden, die todkranken Kindern gro\u00dfe W\u00fcnsche erf\u00fcllt.<\/span><\/p>\n<\/div>\n<\/div>\n<\/div>\n<\/div>\n<\/div>\n<\/div>\n<\/div>\n<div><div class=\"gap\" style=\"line-height: 20px; height: 20px;\"><\/div><\/div>\n<h5>Weitere Informationen<\/h5>\n<div>\n<div>\n<table style=\"height: 67px; width: 100%; border-collapse: collapse; border-color: #ffffff; background-color: #ffffff; border-style: hidden;\">\n<tbody>\n<tr style=\"height: 23px;\">\n<td style=\"width: 4.912165%; height: 23px; border-style: hidden;\">Label:<\/td>\n<td style=\"width: 95.087835%; height: 23px; border-style: hidden;\"><a title=\"B-Spree Pictures\" href=\"https:\/\/ucm.one\/de\/film-labels\/b-spree-pictures\/\">B-Spree Pictures<\/a><\/td>\n<\/tr>\n<\/tbody>\n<\/table>\n<\/div>\n<div><\/div>\n<\/div>\n<div>\n<div><div class=\"gap\" style=\"line-height: 10px; height: 10px;\"><\/div><\/div>\n<div>\u2117 2019 <strong>333 Films<\/strong>, <strong>El Ride Productions<\/strong>,<strong> Fresh Cats Productions<\/strong>, \u00a9 2020 <strong>B-Spree Pictures<\/strong>\u00a0\/\u00a0<span style=\"font-family: 'arial black', sans-serif;\"><strong>UCM.ONE<\/strong><\/span><\/div>\n<div><div class=\"gap\" style=\"line-height: 20px; height: 20px;\"><\/div><\/div>\n<\/div>\n<div>\n<div><\/div>\n<div>\n<div><div class=\"gap\" style=\"line-height: 10px; height: 10px;\"><\/div><\/div>\n<div><span style=\"color: #003a80;\"><strong>\u27a0 <a style=\"color: #003a80;\" href=\"https:\/\/ucm.one\/de\/produkt-kategorie\/art-de\/filme-de\/\">zum Shop<\/a><\/strong><\/span><\/div>\n<div><div class=\"gap\" style=\"line-height: 20px; height: 20px;\"><\/div><\/div>\n<\/div>\n<\/div>\n","protected":false},"excerpt":{"rendered":"<p>Regie:<a href=\"https:\/\/ucm.one\/de\/?s=&quot;Theo+Davies&quot;&amp;post_type=product\"><strong> Theo Davies<\/strong><\/a><\/p>\n<p>Label:\u00a0<a title=\"\" href=\"https:\/\/ucm.one\/de\/produkt-kategorie\/label-film-de\/b-spree-pictures-de\/\"><strong>B-Spree Pictures<\/strong><\/a><\/p>\n<p>Art:\u00a0<strong><a href=\"https:\/\/ucm.one\/de\/produkt-kategorie\/art-de\/filme-de\/\">Film<\/a> (Spielfilm)<\/strong><\/p>\n<p>Genre: <a href=\"https:\/\/ucm.one\/de\/produkt-kategorie\/genre-film-de\/drama-de\/\"><strong>Drama<\/strong><\/a>, <a href=\"https:\/\/ucm.one\/de\/produkt-kategorie\/genre-film-de\/history-de\/\"><strong>History<\/strong><\/a><b><\/b><\/p>\n<p>Jahr: <strong>2020<\/strong><\/p>\n<p>FSK: <strong>12<\/strong><\/p>\n<p>Format: <strong>Diverse<\/strong><\/p>\n","protected":false},"featured_media":81222,"comment_status":"open","ping_status":"closed","template":"","meta":{"_acf_changed":false},"product_brand":[],"product_cat":[9708,10331,10332,10334,10341,10952],"product_tag":[14637,11316,13888,14629,14630,14631,14632,14633,14634,10942,14635,14636],"class_list":{"0":"post-80669","1":"product","2":"type-product","3":"status-publish","4":"has-post-thumbnail","6":"product_cat-filme-de","7":"product_cat-dvd-de","8":"product_cat-blu-ray-de","9":"product_cat-drama-de","10":"product_cat-b-spree-pictures-de","11":"product_cat-history-de","12":"product_tag-christian-ganiere","13":"product_tag-danny-trejo","14":"product_tag-tom-sizemore","15":"product_tag-wish-man-jeder-kann-ein-held-sein","16":"product_tag-wish-man","17":"product_tag-theo-davies","18":"product_tag-andrew-steel","19":"product_tag-kirby-bliss-blanton","20":"product_tag-frank-whaley","21":"product_tag-b-spree-pictures","22":"product_tag-robert-pine","23":"product_tag-bruce-davison","24":"pa_format-blu-ray-de","25":"pa_format-dvd","26":"description-off","28":"first","29":"instock","30":"sale","31":"taxable","32":"shipping-taxable","33":"purchasable","34":"product-type-variable"},"acf":[],"yoast_head":"<!-- This site is optimized with the Yoast SEO plugin v27.5 - https:\/\/yoast.com\/product\/yoast-seo-wordpress\/ -->\n<title>Wish Man - Jeder kann ein Held sein<\/title>\n<meta name=\"description\" content=\"Shop | Wish Man - Jeder kann ein Held sein | 2020 | B-Spree Pictures | Blu-Ray &amp; DVD | FSK 12\" \/>\n<meta name=\"robots\" content=\"index, follow, max-snippet:-1, max-image-preview:large, max-video-preview:-1\" \/>\n<link rel=\"canonical\" href=\"https:\/\/ucm.one\/de\/produkt\/wish-man-jeder-kann-ein-held-sein\/\" \/>\n<meta property=\"og:locale\" content=\"de_DE\" \/>\n<meta property=\"og:type\" content=\"article\" \/>\n<meta property=\"og:title\" content=\"Wish Man - Jeder kann ein Held sein\" \/>\n<meta property=\"og:description\" content=\"Shop | Wish Man - Jeder kann ein Held sein | 2020 | B-Spree Pictures | Blu-Ray &amp; DVD | FSK 12\" \/>\n<meta property=\"og:url\" content=\"https:\/\/ucm.one\/de\/produkt\/wish-man-jeder-kann-ein-held-sein\/\" \/>\n<meta property=\"og:site_name\" content=\"UCM.ONE\" \/>\n<meta property=\"article:modified_time\" content=\"2025-11-24T22:45:09+00:00\" \/>\n<meta property=\"og:image\" content=\"https:\/\/ucm.one\/wp-content\/uploads\/2000\/01\/C-Wish-Man-DVD-2D-FSK12.jpg\" \/>\n<meta name=\"twitter:card\" content=\"summary_large_image\" \/>\n<meta name=\"twitter:title\" content=\"Wish Man - Jeder kann ein Held sein\" \/>\n<meta name=\"twitter:description\" content=\"Shop | Wish Man - Jeder kann ein Held sein | 2020 | B-Spree Pictures |Blu-Ray &amp; DVD | FSK 12\" \/>\n<meta name=\"twitter:image\" content=\"https:\/\/ucm.one\/wp-content\/uploads\/2000\/01\/C-Wish-Man-DVD-2D-FSK12.jpg\" \/>\n<meta name=\"twitter:label1\" content=\"Gesch\u00e4tzte Lesezeit\" \/>\n\t<meta name=\"twitter:data1\" content=\"1\u00a0Minute\" \/>\n<!-- \/ Yoast SEO plugin. -->","yoast_head_json":{"title":"Wish Man - Jeder kann ein Held sein","description":"Shop | Wish Man - Jeder kann ein Held sein | 2020 | B-Spree Pictures | Blu-Ray & DVD | FSK 12","robots":{"index":"index","follow":"follow","max-snippet":"max-snippet:-1","max-image-preview":"max-image-preview:large","max-video-preview":"max-video-preview:-1"},"canonical":"https:\/\/ucm.one\/de\/produkt\/wish-man-jeder-kann-ein-held-sein\/","og_locale":"de_DE","og_type":"article","og_title":"Wish Man - Jeder kann ein Held sein","og_description":"Shop | Wish Man - Jeder kann ein Held sein | 2020 | B-Spree Pictures | Blu-Ray & DVD | FSK 12","og_url":"https:\/\/ucm.one\/de\/produkt\/wish-man-jeder-kann-ein-held-sein\/","og_site_name":"UCM.ONE","article_modified_time":"2025-11-24T22:45:09+00:00","og_image":[{"url":"https:\/\/ucm.one\/wp-content\/uploads\/2000\/01\/C-Wish-Man-DVD-2D-FSK12.jpg","type":"","width":"","height":""}],"twitter_card":"summary_large_image","twitter_title":"Wish Man - Jeder kann ein Held sein","twitter_description":"Shop | Wish Man - Jeder kann ein Held sein | 2020 | B-Spree Pictures |Blu-Ray & DVD | FSK 12","twitter_image":"https:\/\/ucm.one\/wp-content\/uploads\/2000\/01\/C-Wish-Man-DVD-2D-FSK12.jpg","twitter_misc":{"Gesch\u00e4tzte Lesezeit":"1\u00a0Minute"},"schema":{"@context":"https:\/\/schema.org","@graph":[{"@type":"WebPage","@id":"https:\/\/ucm.one\/de\/produkt\/wish-man-jeder-kann-ein-held-sein\/","url":"https:\/\/ucm.one\/de\/produkt\/wish-man-jeder-kann-ein-held-sein\/","name":"Wish Man - Jeder kann ein Held sein","isPartOf":{"@id":"https:\/\/ucm.one\/de\/#website"},"primaryImageOfPage":{"@id":"https:\/\/ucm.one\/de\/produkt\/wish-man-jeder-kann-ein-held-sein\/#primaryimage"},"image":{"@id":"https:\/\/ucm.one\/de\/produkt\/wish-man-jeder-kann-ein-held-sein\/#primaryimage"},"thumbnailUrl":"https:\/\/ucm.one\/wp-content\/uploads\/2000\/01\/C-Wish-Man.jpg","datePublished":"2020-08-28T12:41:45+00:00","dateModified":"2025-11-24T22:45:09+00:00","description":"Shop | Wish Man - Jeder kann ein Held sein | 2020 | B-Spree Pictures | Blu-Ray & DVD | FSK 12","breadcrumb":{"@id":"https:\/\/ucm.one\/de\/produkt\/wish-man-jeder-kann-ein-held-sein\/#breadcrumb"},"inLanguage":"de","potentialAction":[{"@type":"ReadAction","target":["https:\/\/ucm.one\/de\/produkt\/wish-man-jeder-kann-ein-held-sein\/"]}]},{"@type":"ImageObject","inLanguage":"de","@id":"https:\/\/ucm.one\/de\/produkt\/wish-man-jeder-kann-ein-held-sein\/#primaryimage","url":"https:\/\/ucm.one\/wp-content\/uploads\/2000\/01\/C-Wish-Man.jpg","contentUrl":"https:\/\/ucm.one\/wp-content\/uploads\/2000\/01\/C-Wish-Man.jpg","width":699,"height":1000},{"@type":"BreadcrumbList","@id":"https:\/\/ucm.one\/de\/produkt\/wish-man-jeder-kann-ein-held-sein\/#breadcrumb","itemListElement":[{"@type":"ListItem","position":1,"name":"Home","item":"https:\/\/ucm.one\/de\/"},{"@type":"ListItem","position":2,"name":"Shop","item":"https:\/\/ucm.one\/de\/shop\/"},{"@type":"ListItem","position":3,"name":"Wish Man &#8211; Jeder kann ein Held sein"}]},{"@type":"WebSite","@id":"https:\/\/ucm.one\/de\/#website","url":"https:\/\/ucm.one\/de\/","name":"UCM.ONE","description":"","publisher":{"@id":"https:\/\/ucm.one\/de\/#organization"},"potentialAction":[{"@type":"SearchAction","target":{"@type":"EntryPoint","urlTemplate":"https:\/\/ucm.one\/de\/?s={search_term_string}"},"query-input":{"@type":"PropertyValueSpecification","valueRequired":true,"valueName":"search_term_string"}}],"inLanguage":"de"},{"@type":"Organization","@id":"https:\/\/ucm.one\/de\/#organization","name":"UCM.ONE","url":"https:\/\/ucm.one\/de\/","logo":{"@type":"ImageObject","inLanguage":"de","@id":"https:\/\/ucm.one\/de\/#\/schema\/logo\/image\/","url":"https:\/\/ucm.one\/wp-content\/uploads\/2019\/10\/UCM.ONE-Logo-RGB.svg","contentUrl":"https:\/\/ucm.one\/wp-content\/uploads\/2019\/10\/UCM.ONE-Logo-RGB.svg","width":1,"height":1,"caption":"UCM.ONE"},"image":{"@id":"https:\/\/ucm.one\/de\/#\/schema\/logo\/image\/"}}]}},"_links":{"self":[{"href":"https:\/\/ucm.one\/de\/wp-json\/wp\/v2\/product\/80669","targetHints":{"allow":["GET"]}}],"collection":[{"href":"https:\/\/ucm.one\/de\/wp-json\/wp\/v2\/product"}],"about":[{"href":"https:\/\/ucm.one\/de\/wp-json\/wp\/v2\/types\/product"}],"replies":[{"embeddable":true,"href":"https:\/\/ucm.one\/de\/wp-json\/wp\/v2\/comments?post=80669"}],"wp:featuredmedia":[{"embeddable":true,"href":"https:\/\/ucm.one\/de\/wp-json\/wp\/v2\/media\/81222"}],"wp:attachment":[{"href":"https:\/\/ucm.one\/de\/wp-json\/wp\/v2\/media?parent=80669"}],"wp:term":[{"taxonomy":"product_brand","embeddable":true,"href":"https:\/\/ucm.one\/de\/wp-json\/wp\/v2\/product_brand?post=80669"},{"taxonomy":"product_cat","embeddable":true,"href":"https:\/\/ucm.one\/de\/wp-json\/wp\/v2\/product_cat?post=80669"},{"taxonomy":"product_tag","embeddable":true,"href":"https:\/\/ucm.one\/de\/wp-json\/wp\/v2\/product_tag?post=80669"}],"curies":[{"name":"wp","href":"https:\/\/api.w.org\/{rel}","templated":true}]}}