{"id":79171,"date":"2022-11-01T12:27:43","date_gmt":"2022-11-01T12:27:43","guid":{"rendered":"https:\/\/ucm.one\/?post_type=product&#038;p=79171"},"modified":"2023-07-20T12:39:52","modified_gmt":"2023-07-20T12:39:52","slug":"die-wahre-schoenheit","status":"publish","type":"product","link":"https:\/\/ucm.one\/de\/produkt\/die-wahre-schoenheit\/","title":{"rendered":"Die wahre Sch\u00f6nheit"},"content":{"rendered":"<div class=\"wpb_text_column wpb_content_element \">\n<div class=\"wpb_wrapper\">\n<div class=\"\">\n<div class=\"wpb_text_column wpb_content_element \">\n<div class=\"wpb_wrapper\">\n<div class=\"wpb_text_column wpb_content_element \">\n<div class=\"wpb_wrapper\">\n<p style=\"font-weight: 400;\">Theo tr\u00e4umte immer von einer Karriere als Schriftsteller, scheiterte jedoch stets an seiner Angst zu versagen. Nach dem tragischen Freitod seiner ersten Frau vor dreizehn Jahren fand er Halt bei ihrer Schwester Mona. Doch ein schwerer Unfall hinterl\u00e4sst Mona mit einem verkr\u00fcppelten Bein. Sie bet\u00e4ubt ihr Leid mit <span style=\"font-weight: 400;\">Medikamenten und Alkohol.<\/span><\/p>\n<p><span style=\"font-weight: 400;\">Als Alina, die bezaubernde Tochter einer Freundin von Mona vor\u00fcbergehend bei der Familie einzieht, bricht das wackelige Konstrukt in sich zusammen. Theo fl\u00fcchtet sich in romantische Phantasien mit der jungen Alina. Je mehr Theo aufbl\u00fcht, desto mehr gleitet Mona in eine tiefe Depression. Theos pubertierende Tochter Hanna erkennt als Einzige den Ernst der Lage und steht hilflos daneben, wie ihre Stiefmutter Mona immer mehr Richtung Abgrund triftet.<\/span><\/p>\n<\/div>\n<\/div>\n<\/div>\n<\/div>\n<\/div>\n<\/div>\n<\/div>\n<div><div class=\"gap\" style=\"line-height: 20px; height: 20px;\"><\/div><\/div>\n<h5>Weitere Informationen<\/h5>\n<div>\n<div>\n<table style=\"height: 67px; width: 100%; border-collapse: collapse; border-color: #ffffff; background-color: #ffffff; border-style: hidden;\">\n<tbody>\n<tr style=\"height: 22px;\">\n<td style=\"width: 4.912165%; border-style: hidden; height: 22px;\">Film:<\/td>\n<td style=\"width: 95.087835%; border-style: hidden; height: 22px;\"><a title=\"\" href=\"https:\/\/ucm.one\/de\/die-wahre-schoenheit\/\">Die wahre Sch\u00f6nheit<\/a><\/td>\n<\/tr>\n<tr style=\"height: 23px;\">\n<td style=\"width: 4.912165%; height: 23px; border-style: hidden;\">Label:<\/td>\n<td style=\"width: 95.087835%; height: 23px; border-style: hidden;\"><a title=\"B-Spree Pictures\" href=\"https:\/\/ucm.one\/de\/film-labels\/b-spree-pictures\/\">B-Spree Pictures<\/a><\/td>\n<\/tr>\n<\/tbody>\n<\/table>\n<\/div>\n<div><\/div>\n<\/div>\n<div>\n<div><div class=\"gap\" style=\"line-height: 10px; height: 10px;\"><\/div><\/div>\n<div>\u2117 2021\u00a0<strong>Fantomfilm<\/strong>, \u00a9 2022\u00a0<strong>B-Spree Pictures<\/strong>\u00a0\/\u00a0<span style=\"font-family: 'arial black', sans-serif;\"><strong>UCM.ONE<\/strong><\/span><\/div>\n<div><div class=\"gap\" style=\"line-height: 20px; height: 20px;\"><\/div><\/div>\n<\/div>\n<div>\n<div><\/div>\n<div>\n<div><div class=\"gap\" style=\"line-height: 10px; height: 10px;\"><\/div><\/div>\n<div><span style=\"color: #003a80;\"><strong>\u27a0 <a style=\"color: #003a80;\" href=\"https:\/\/ucm.one\/de\/produkt-kategorie\/art-de\/filme-de\/\">zum Shop<\/a><\/strong><\/span><\/div>\n<div><div class=\"gap\" style=\"line-height: 20px; height: 20px;\"><\/div><\/div>\n<\/div>\n<\/div>\n","protected":false},"excerpt":{"rendered":"<p>Regie: <a href=\"https:\/\/ucm.one\/de\/?s=%22Krishna+Ashu+Bhati%22&amp;post_type=product\"><strong>Krishna Ashu Bhati<\/strong><\/a><\/p>\n<p>Label:\u00a0<a title=\"\" href=\"https:\/\/ucm.one\/de\/produkt-kategorie\/label-film-de\/b-spree-pictures-de\/\"><strong>B-Spree Pictures<\/strong><\/a><\/p>\n<p>Art:\u00a0<strong><a href=\"https:\/\/ucm.one\/de\/produkt-kategorie\/art-de\/filme-de\/\">Film<\/a> (Spielfilm)<\/strong><\/p>\n<p>Genre:\u00a0<b><a href=\"https:\/\/ucm.one\/de\/produkt-kategorie\/genre-film-de\/drama-de\/\">Drama<\/a><\/b><\/p>\n<p>Jahr: <strong>2022<\/strong><\/p>\n<p>FSK: <strong>16<\/strong><\/p>\n<p>Format: <strong>Diverse<\/strong><\/p>\n","protected":false},"featured_media":79172,"comment_status":"open","ping_status":"closed","template":"","meta":{"_acf_changed":false},"product_brand":[],"product_cat":[9708,10331,10332,10334,10341,13156],"product_tag":[14474,14475,14476,14477,14478,14479,10942,11344,14473],"class_list":{"0":"post-79171","1":"product","2":"type-product","3":"status-publish","4":"has-post-thumbnail","6":"product_cat-filme-de","7":"product_cat-dvd-de","8":"product_cat-blu-ray-de","9":"product_cat-drama-de","10":"product_cat-b-spree-pictures-de","11":"product_cat-arthouse-de","12":"product_tag-carolin-hartig","13":"product_tag-lilly-liefers","14":"product_tag-die-wahre-schoenheit","15":"product_tag-krishna-ashu-bhati","16":"product_tag-fantom-film","17":"product_tag-emma-tiger-schweiger","18":"product_tag-b-spree-pictures","19":"product_tag-eva-habermann","20":"product_tag-marcus-gruesser","21":"pa_format-blu-ray-de","22":"pa_format-dvd","23":"description-off","25":"first","26":"instock","27":"sold-individually","28":"taxable","29":"shipping-taxable","30":"purchasable","31":"product-type-variable"},"acf":[],"yoast_head":"<!-- This site is optimized with the Yoast SEO plugin v27.5 - https:\/\/yoast.com\/product\/yoast-seo-wordpress\/ -->\n<title>Die wahre Sch\u00f6nheit<\/title>\n<meta name=\"description\" content=\"Shop | Die wahre Sch\u00f6nheit | 2022 | B-Spree Pictures | Blu-Ray &amp; DVD | FSK 12\" \/>\n<meta name=\"robots\" content=\"index, follow, max-snippet:-1, max-image-preview:large, max-video-preview:-1\" \/>\n<link rel=\"canonical\" href=\"https:\/\/ucm.one\/de\/produkt\/die-wahre-schoenheit\/\" \/>\n<meta property=\"og:locale\" content=\"de_DE\" \/>\n<meta property=\"og:type\" content=\"article\" \/>\n<meta property=\"og:title\" content=\"Die wahre Sch\u00f6nheit\" \/>\n<meta property=\"og:description\" content=\"Shop | Die wahre Sch\u00f6nheit | 2022 | B-Spree Pictures | Blu-Ray &amp; DVD | FSK 12\" \/>\n<meta property=\"og:url\" content=\"https:\/\/ucm.one\/de\/produkt\/die-wahre-schoenheit\/\" \/>\n<meta property=\"og:site_name\" content=\"UCM.ONE\" \/>\n<meta property=\"article:modified_time\" content=\"2023-07-20T12:39:52+00:00\" \/>\n<meta property=\"og:image\" content=\"https:\/\/ucm.one\/wp-content\/uploads\/2022\/10\/YT-Die-Wahre-Schoenheit.jpg\" \/>\n<meta name=\"twitter:card\" content=\"summary_large_image\" \/>\n<meta name=\"twitter:title\" content=\"Die wahre Sch\u00f6nheit\" \/>\n<meta name=\"twitter:description\" content=\"Shop | Die wahre Sch\u00f6nheit | 2022 | B-Spree Pictures | Blu-Ray &amp; DVD | FSK 12\" \/>\n<meta name=\"twitter:image\" content=\"https:\/\/ucm.one\/wp-content\/uploads\/2022\/10\/YT-Die-Wahre-Schoenheit.jpg\" \/>\n<meta name=\"twitter:label1\" content=\"Gesch\u00e4tzte Lesezeit\" \/>\n\t<meta name=\"twitter:data1\" content=\"1\u00a0Minute\" \/>\n<!-- \/ Yoast SEO plugin. -->","yoast_head_json":{"title":"Die wahre Sch\u00f6nheit","description":"Shop | Die wahre Sch\u00f6nheit | 2022 | B-Spree Pictures | Blu-Ray & DVD | FSK 12","robots":{"index":"index","follow":"follow","max-snippet":"max-snippet:-1","max-image-preview":"max-image-preview:large","max-video-preview":"max-video-preview:-1"},"canonical":"https:\/\/ucm.one\/de\/produkt\/die-wahre-schoenheit\/","og_locale":"de_DE","og_type":"article","og_title":"Die wahre Sch\u00f6nheit","og_description":"Shop | Die wahre Sch\u00f6nheit | 2022 | B-Spree Pictures | Blu-Ray & DVD | FSK 12","og_url":"https:\/\/ucm.one\/de\/produkt\/die-wahre-schoenheit\/","og_site_name":"UCM.ONE","article_modified_time":"2023-07-20T12:39:52+00:00","og_image":[{"url":"https:\/\/ucm.one\/wp-content\/uploads\/2022\/10\/YT-Die-Wahre-Schoenheit.jpg","type":"","width":"","height":""}],"twitter_card":"summary_large_image","twitter_title":"Die wahre Sch\u00f6nheit","twitter_description":"Shop | Die wahre Sch\u00f6nheit | 2022 | B-Spree Pictures | Blu-Ray & DVD | FSK 12","twitter_image":"https:\/\/ucm.one\/wp-content\/uploads\/2022\/10\/YT-Die-Wahre-Schoenheit.jpg","twitter_misc":{"Gesch\u00e4tzte Lesezeit":"1\u00a0Minute"},"schema":{"@context":"https:\/\/schema.org","@graph":[{"@type":"WebPage","@id":"https:\/\/ucm.one\/de\/produkt\/die-wahre-schoenheit\/","url":"https:\/\/ucm.one\/de\/produkt\/die-wahre-schoenheit\/","name":"Die wahre Sch\u00f6nheit","isPartOf":{"@id":"https:\/\/ucm.one\/de\/#website"},"primaryImageOfPage":{"@id":"https:\/\/ucm.one\/de\/produkt\/die-wahre-schoenheit\/#primaryimage"},"image":{"@id":"https:\/\/ucm.one\/de\/produkt\/die-wahre-schoenheit\/#primaryimage"},"thumbnailUrl":"https:\/\/ucm.one\/wp-content\/uploads\/2022\/10\/C-Die-wahre-Schoenheit-DVD-2D-FSK16.jpg","datePublished":"2022-11-01T12:27:43+00:00","dateModified":"2023-07-20T12:39:52+00:00","description":"Shop | Die wahre Sch\u00f6nheit | 2022 | B-Spree Pictures | Blu-Ray & DVD | FSK 12","breadcrumb":{"@id":"https:\/\/ucm.one\/de\/produkt\/die-wahre-schoenheit\/#breadcrumb"},"inLanguage":"de","potentialAction":[{"@type":"ReadAction","target":["https:\/\/ucm.one\/de\/produkt\/die-wahre-schoenheit\/"]}]},{"@type":"ImageObject","inLanguage":"de","@id":"https:\/\/ucm.one\/de\/produkt\/die-wahre-schoenheit\/#primaryimage","url":"https:\/\/ucm.one\/wp-content\/uploads\/2022\/10\/C-Die-wahre-Schoenheit-DVD-2D-FSK16.jpg","contentUrl":"https:\/\/ucm.one\/wp-content\/uploads\/2022\/10\/C-Die-wahre-Schoenheit-DVD-2D-FSK16.jpg","width":699,"height":1000},{"@type":"BreadcrumbList","@id":"https:\/\/ucm.one\/de\/produkt\/die-wahre-schoenheit\/#breadcrumb","itemListElement":[{"@type":"ListItem","position":1,"name":"Home","item":"https:\/\/ucm.one\/de\/"},{"@type":"ListItem","position":2,"name":"Shop","item":"https:\/\/ucm.one\/de\/shop\/"},{"@type":"ListItem","position":3,"name":"Die wahre Sch\u00f6nheit"}]},{"@type":"WebSite","@id":"https:\/\/ucm.one\/de\/#website","url":"https:\/\/ucm.one\/de\/","name":"UCM.ONE","description":"","publisher":{"@id":"https:\/\/ucm.one\/de\/#organization"},"potentialAction":[{"@type":"SearchAction","target":{"@type":"EntryPoint","urlTemplate":"https:\/\/ucm.one\/de\/?s={search_term_string}"},"query-input":{"@type":"PropertyValueSpecification","valueRequired":true,"valueName":"search_term_string"}}],"inLanguage":"de"},{"@type":"Organization","@id":"https:\/\/ucm.one\/de\/#organization","name":"UCM.ONE","url":"https:\/\/ucm.one\/de\/","logo":{"@type":"ImageObject","inLanguage":"de","@id":"https:\/\/ucm.one\/de\/#\/schema\/logo\/image\/","url":"https:\/\/ucm.one\/wp-content\/uploads\/2019\/10\/UCM.ONE-Logo-RGB.svg","contentUrl":"https:\/\/ucm.one\/wp-content\/uploads\/2019\/10\/UCM.ONE-Logo-RGB.svg","width":1,"height":1,"caption":"UCM.ONE"},"image":{"@id":"https:\/\/ucm.one\/de\/#\/schema\/logo\/image\/"}}]}},"_links":{"self":[{"href":"https:\/\/ucm.one\/de\/wp-json\/wp\/v2\/product\/79171","targetHints":{"allow":["GET"]}}],"collection":[{"href":"https:\/\/ucm.one\/de\/wp-json\/wp\/v2\/product"}],"about":[{"href":"https:\/\/ucm.one\/de\/wp-json\/wp\/v2\/types\/product"}],"replies":[{"embeddable":true,"href":"https:\/\/ucm.one\/de\/wp-json\/wp\/v2\/comments?post=79171"}],"wp:featuredmedia":[{"embeddable":true,"href":"https:\/\/ucm.one\/de\/wp-json\/wp\/v2\/media\/79172"}],"wp:attachment":[{"href":"https:\/\/ucm.one\/de\/wp-json\/wp\/v2\/media?parent=79171"}],"wp:term":[{"taxonomy":"product_brand","embeddable":true,"href":"https:\/\/ucm.one\/de\/wp-json\/wp\/v2\/product_brand?post=79171"},{"taxonomy":"product_cat","embeddable":true,"href":"https:\/\/ucm.one\/de\/wp-json\/wp\/v2\/product_cat?post=79171"},{"taxonomy":"product_tag","embeddable":true,"href":"https:\/\/ucm.one\/de\/wp-json\/wp\/v2\/product_tag?post=79171"}],"curies":[{"name":"wp","href":"https:\/\/api.w.org\/{rel}","templated":true}]}}