{"id":78879,"date":"2023-01-03T21:19:51","date_gmt":"2023-01-03T21:19:51","guid":{"rendered":"https:\/\/ucm.one\/?post_type=product&#038;p=78879"},"modified":"2023-06-18T21:35:15","modified_gmt":"2023-06-18T21:35:15","slug":"oceanhoarse-heads-will-roll","status":"publish","type":"product","link":"https:\/\/ucm.one\/de\/produkt\/oceanhoarse-heads-will-roll\/","title":{"rendered":"Oceanhoarse &#8211; Heads Will Roll"},"content":{"rendered":"<p align=\"LEFT\">Die finnischen Heavy Metaller <strong>Oceanhoarse<\/strong>, die k\u00fcrzlich eine ausgedehnte Europatournee mit den schwedischen Prog-Metal-Meistern <strong>Soen<\/strong> absolviert haben, werden am 17. Februar 2023 ihr brandneues Album &#8222;<strong>Heads Will Roll<\/strong>&#8220; auf dem Label <strong>Noble Demon<\/strong> ver\u00f6ffentlichen. Nachdem die Band bereits mit ihrem Deb\u00fct-Studioalbum &#8222;<strong>Dead Reckoning<\/strong>&#8220; (2021) f\u00fcr Furore sorgte, kn\u00fcpft das zweite Album der Band nahtlos an den Vorg\u00e4nger an und geht sogar noch einen Schritt weiter!<\/p>\n<div><div class=\"gap\" style=\"line-height: 20px; height: 20px;\"><\/div><\/div>\n<h5>Weitere Informationen<\/h5>\n<div>\n<div>\n<table style=\"height: 46px; width: 100%; border-collapse: collapse; border-color: #ffffff; background-color: #ffffff; border-style: hidden;\">\n<tbody>\n<tr style=\"height: 23px; border-style: hidden; border-color: #ffffff; background-color: #ffffff;\">\n<td style=\"width: 58.953125px; height: 23px;\">Band:<\/td>\n<td style=\"width: 1204.0625px; height: 23px;\"><a title=\"Oceanhoarse | Noble Demon\" href=\"https:\/\/ucm.one\/de\/oceanhoarse\">Oceanhoarse<\/a><\/td>\n<\/tr>\n<tr style=\"height: 23px;\">\n<td style=\"width: 58.953125px; height: 23px;\">Label:<\/td>\n<td style=\"width: 1204.0625px; height: 23px;\"><a title=\"Noble Demon\" href=\"https:\/\/ucm.one\/de\/musik-labels\/noble-demon\/\">Noble Demon<\/a><\/td>\n<\/tr>\n<\/tbody>\n<\/table>\n<\/div>\n<div><\/div>\n<div><div class=\"gap\" style=\"line-height: 10px; height: 10px;\"><\/div><\/div>\n<div>\u2117 &amp; \u00a9 2023\u00a0<strong>Noble Demon<\/strong> \/ <span style=\"font-family: 'arial black', sans-serif;\"><strong>UCM.ONE<\/strong><\/span><\/div>\n<div><div class=\"gap\" style=\"line-height: 20px; height: 20px;\"><\/div><\/div>\n<div>\n<div><\/div>\n<div><div class=\"gap\" style=\"line-height: 10px; height: 10px;\"><\/div><\/div>\n<div><span style=\"color: #003a80;\"><strong>\u27a0 <a style=\"color: #003a80;\" title=\"\" href=\"https:\/\/ucm.one\/de\/produkt-kategorie\/art-de\/musik-de\/\">zum Shop<\/a><\/strong><\/span><\/div>\n<div><div class=\"gap\" style=\"line-height: 20px; height: 20px;\"><\/div><\/div>\n<\/div>\n<\/div>\n","protected":false},"excerpt":{"rendered":"<p>Band: <a title=\"\" href=\"https:\/\/ucm.one\/de\/?s=Oceanhoarse&amp;post_type=product\"><strong>Oceanhoarse<\/strong><\/a><\/p>\n<p>Label: <a href=\"https:\/\/ucm.one\/de\/produkt-kategorie\/label-musik-de\/noble-demon-de\/\"><strong>Noble Demon<\/strong><\/a><\/p>\n<p>Art: <strong><a href=\"https:\/\/ucm.one\/de\/produkt-kategorie\/art-de\/musik-de\/\">Musik<\/a> (Album)<\/strong><\/p>\n<p>Genres: <strong><a href=\"https:\/\/ucm.one\/de\/produkt-kategorie\/genre-musik-de\/metal-de\/\">Metal<\/a>, <a href=\"https:\/\/ucm.one\/de\/produkt-kategorie\/genre-musik-de\/metal-de\/heavy-metal-de\/\">Heavy Metal<\/a><\/strong><\/p>\n<p>Jahr: <strong>2023<\/strong><\/p>\n<p>Formate: <strong>Diverse<\/strong><\/p>\n","protected":false},"featured_media":78880,"comment_status":"open","ping_status":"closed","template":"","meta":{"_acf_changed":false},"product_brand":[],"product_cat":[10968,9813,9713,9714,9753,9754,9755,9756],"product_tag":[9763,9951,14427,9952,9953,9954,9955,9956,9957,9958],"class_list":{"0":"post-78879","1":"product","2":"type-product","3":"status-publish","4":"has-post-thumbnail","6":"product_cat-modern-metal","7":"product_cat-cd-de","8":"product_cat-musik-de","9":"product_cat-vinyl-de","10":"product_cat-metal-de","11":"product_cat-heavy-metal-de","12":"product_cat-label-musik-de","13":"product_cat-noble-demon-de","14":"product_tag-noble-demon","15":"product_tag-oceanhoarse","16":"product_tag-heads-will-roll","17":"product_tag-helsinki","18":"product_tag-finland","19":"product_tag-ben-varon","20":"product_tag-amoral","21":"product_tag-jyri-helko","22":"product_tag-warmen","23":"product_tag-for-the-imperium","24":"pa_format-2xcd-digipak-de","25":"pa_format-lp-red-marbled-vinyl-de","26":"description-off","28":"first","29":"instock","30":"taxable","31":"shipping-taxable","32":"purchasable","33":"product-type-variable"},"acf":[],"yoast_head":"<!-- This site is optimized with the Yoast SEO plugin v27.2 - https:\/\/yoast.com\/product\/yoast-seo-wordpress\/ -->\n<title>Oceanhoarse - Heads Will Roll<\/title>\n<meta name=\"description\" content=\"Shop | Oceanhoarse - Heads Will Roll | 2023 | Noble Demon | 2xCD (Digipak), LP (Red Marbled Vinyl)\" \/>\n<meta name=\"robots\" content=\"index, follow, max-snippet:-1, max-image-preview:large, max-video-preview:-1\" \/>\n<link rel=\"canonical\" href=\"https:\/\/ucm.one\/de\/produkt\/oceanhoarse-heads-will-roll\/\" \/>\n<meta property=\"og:locale\" content=\"de_DE\" \/>\n<meta property=\"og:type\" content=\"article\" \/>\n<meta property=\"og:title\" content=\"Oceanhoarse - Heads Will Roll\" \/>\n<meta property=\"og:description\" content=\"Shop | Oceanhoarse - Heads Will Roll | 2023 | Noble Demon | 2xCD (Digipak), LP (Red Marbled Vinyl)\" \/>\n<meta property=\"og:url\" content=\"https:\/\/ucm.one\/de\/produkt\/oceanhoarse-heads-will-roll\/\" \/>\n<meta property=\"og:site_name\" content=\"UCM.ONE\" \/>\n<meta property=\"article:modified_time\" content=\"2023-06-18T21:35:15+00:00\" \/>\n<meta property=\"og:image\" content=\"https:\/\/ucm.one\/wp-content\/uploads\/2022\/10\/C-Oceanhoarse-Heads-Will-Roll.jpg\" \/>\n<meta name=\"twitter:card\" content=\"summary_large_image\" \/>\n<meta name=\"twitter:title\" content=\"Oceanhoarse - Heads Will Roll\" \/>\n<meta name=\"twitter:description\" content=\"Shop | Oceanhoarse - Heads Will Roll | 2023| Noble Demon | 2xCD (Digipak), LP (Red Marbled Vinyl)\" \/>\n<meta name=\"twitter:image\" content=\"https:\/\/ucm.one\/wp-content\/uploads\/2022\/10\/C-Oceanhoarse-Heads-Will-Roll.jpg\" \/>\n<!-- \/ Yoast SEO plugin. -->","yoast_head_json":{"title":"Oceanhoarse - Heads Will Roll","description":"Shop | Oceanhoarse - Heads Will Roll | 2023 | Noble Demon | 2xCD (Digipak), LP (Red Marbled Vinyl)","robots":{"index":"index","follow":"follow","max-snippet":"max-snippet:-1","max-image-preview":"max-image-preview:large","max-video-preview":"max-video-preview:-1"},"canonical":"https:\/\/ucm.one\/de\/produkt\/oceanhoarse-heads-will-roll\/","og_locale":"de_DE","og_type":"article","og_title":"Oceanhoarse - Heads Will Roll","og_description":"Shop | Oceanhoarse - Heads Will Roll | 2023 | Noble Demon | 2xCD (Digipak), LP (Red Marbled Vinyl)","og_url":"https:\/\/ucm.one\/de\/produkt\/oceanhoarse-heads-will-roll\/","og_site_name":"UCM.ONE","article_modified_time":"2023-06-18T21:35:15+00:00","og_image":[{"url":"https:\/\/ucm.one\/wp-content\/uploads\/2022\/10\/C-Oceanhoarse-Heads-Will-Roll.jpg","type":"","width":"","height":""}],"twitter_card":"summary_large_image","twitter_title":"Oceanhoarse - Heads Will Roll","twitter_description":"Shop | Oceanhoarse - Heads Will Roll | 2023| Noble Demon | 2xCD (Digipak), LP (Red Marbled Vinyl)","twitter_image":"https:\/\/ucm.one\/wp-content\/uploads\/2022\/10\/C-Oceanhoarse-Heads-Will-Roll.jpg","schema":{"@context":"https:\/\/schema.org","@graph":[{"@type":"WebPage","@id":"https:\/\/ucm.one\/de\/produkt\/oceanhoarse-heads-will-roll\/","url":"https:\/\/ucm.one\/de\/produkt\/oceanhoarse-heads-will-roll\/","name":"Oceanhoarse - Heads Will Roll","isPartOf":{"@id":"https:\/\/ucm.one\/de\/#website"},"primaryImageOfPage":{"@id":"https:\/\/ucm.one\/de\/produkt\/oceanhoarse-heads-will-roll\/#primaryimage"},"image":{"@id":"https:\/\/ucm.one\/de\/produkt\/oceanhoarse-heads-will-roll\/#primaryimage"},"thumbnailUrl":"https:\/\/ucm.one\/wp-content\/uploads\/2022\/10\/C-Oceanhoarse-Heads-Will-Roll.jpg","datePublished":"2023-01-03T21:19:51+00:00","dateModified":"2023-06-18T21:35:15+00:00","description":"Shop | Oceanhoarse - Heads Will Roll | 2023 | Noble Demon | 2xCD (Digipak), LP (Red Marbled Vinyl)","breadcrumb":{"@id":"https:\/\/ucm.one\/de\/produkt\/oceanhoarse-heads-will-roll\/#breadcrumb"},"inLanguage":"de","potentialAction":[{"@type":"ReadAction","target":["https:\/\/ucm.one\/de\/produkt\/oceanhoarse-heads-will-roll\/"]}]},{"@type":"ImageObject","inLanguage":"de","@id":"https:\/\/ucm.one\/de\/produkt\/oceanhoarse-heads-will-roll\/#primaryimage","url":"https:\/\/ucm.one\/wp-content\/uploads\/2022\/10\/C-Oceanhoarse-Heads-Will-Roll.jpg","contentUrl":"https:\/\/ucm.one\/wp-content\/uploads\/2022\/10\/C-Oceanhoarse-Heads-Will-Roll.jpg","width":1000,"height":1000},{"@type":"BreadcrumbList","@id":"https:\/\/ucm.one\/de\/produkt\/oceanhoarse-heads-will-roll\/#breadcrumb","itemListElement":[{"@type":"ListItem","position":1,"name":"Home","item":"https:\/\/ucm.one\/de\/"},{"@type":"ListItem","position":2,"name":"Shop","item":"https:\/\/ucm.one\/de\/shop\/"},{"@type":"ListItem","position":3,"name":"Oceanhoarse &#8211; Heads Will Roll"}]},{"@type":"WebSite","@id":"https:\/\/ucm.one\/de\/#website","url":"https:\/\/ucm.one\/de\/","name":"UCM.ONE","description":"","publisher":{"@id":"https:\/\/ucm.one\/de\/#organization"},"potentialAction":[{"@type":"SearchAction","target":{"@type":"EntryPoint","urlTemplate":"https:\/\/ucm.one\/de\/?s={search_term_string}"},"query-input":{"@type":"PropertyValueSpecification","valueRequired":true,"valueName":"search_term_string"}}],"inLanguage":"de"},{"@type":"Organization","@id":"https:\/\/ucm.one\/de\/#organization","name":"UCM.ONE","url":"https:\/\/ucm.one\/de\/","logo":{"@type":"ImageObject","inLanguage":"de","@id":"https:\/\/ucm.one\/de\/#\/schema\/logo\/image\/","url":"https:\/\/ucm.one\/wp-content\/uploads\/2019\/10\/UCM.ONE-Logo-RGB.svg","contentUrl":"https:\/\/ucm.one\/wp-content\/uploads\/2019\/10\/UCM.ONE-Logo-RGB.svg","width":1,"height":1,"caption":"UCM.ONE"},"image":{"@id":"https:\/\/ucm.one\/de\/#\/schema\/logo\/image\/"}}]}},"_links":{"self":[{"href":"https:\/\/ucm.one\/de\/wp-json\/wp\/v2\/product\/78879","targetHints":{"allow":["GET"]}}],"collection":[{"href":"https:\/\/ucm.one\/de\/wp-json\/wp\/v2\/product"}],"about":[{"href":"https:\/\/ucm.one\/de\/wp-json\/wp\/v2\/types\/product"}],"replies":[{"embeddable":true,"href":"https:\/\/ucm.one\/de\/wp-json\/wp\/v2\/comments?post=78879"}],"wp:featuredmedia":[{"embeddable":true,"href":"https:\/\/ucm.one\/de\/wp-json\/wp\/v2\/media\/78880"}],"wp:attachment":[{"href":"https:\/\/ucm.one\/de\/wp-json\/wp\/v2\/media?parent=78879"}],"wp:term":[{"taxonomy":"product_brand","embeddable":true,"href":"https:\/\/ucm.one\/de\/wp-json\/wp\/v2\/product_brand?post=78879"},{"taxonomy":"product_cat","embeddable":true,"href":"https:\/\/ucm.one\/de\/wp-json\/wp\/v2\/product_cat?post=78879"},{"taxonomy":"product_tag","embeddable":true,"href":"https:\/\/ucm.one\/de\/wp-json\/wp\/v2\/product_tag?post=78879"}],"curies":[{"name":"wp","href":"https:\/\/api.w.org\/{rel}","templated":true}]}}