{"id":78570,"date":"2022-10-05T09:41:42","date_gmt":"2022-10-05T09:41:42","guid":{"rendered":"https:\/\/ucm.one\/?post_type=product&#038;p=78570"},"modified":"2023-07-18T15:14:33","modified_gmt":"2023-07-18T15:14:33","slug":"vor-sonnenuntergang","status":"publish","type":"product","link":"https:\/\/ucm.one\/de\/produkt\/vor-sonnenuntergang\/","title":{"rendered":"Vor Sonnenuntergang"},"content":{"rendered":"<div class=\"wpb_text_column wpb_content_element \">\n<div class=\"wpb_wrapper\">\n<div class=\"\">\n<div class=\"wpb_text_column wpb_content_element \">\n<div class=\"wpb_wrapper\">\n<p><span style=\"font-weight: 400;\">Es ist der 70. Geburtstag von Matthias Clausen. Er feiert ihn im Kreise seiner Familie, die er hasst. Er wei\u00df, alle w\u00fcnschen seinen baldigen Tod und hoffen, dass dieser Geburtstag seine letzte Etappe in seinem Leben einl\u00e4uten m\u00f6ge.\u00a0<\/span><\/p>\n<p><span style=\"font-weight: 400;\">Alle warten sehns\u00fcchtig auf das gro\u00dfe Erbe. Clausen, Chef eines Automobilkonzerns und honoriger B\u00fcrger seiner Heimatstadt, wird mit Ehrungen \u00fcberh\u00e4uft. Am Abend ist er froh, dass der Tag vor\u00fcber ist. Clausen sind seine Verwandten, seine Tochter Ottilie nebst Schwiegersohn Erich Klamroth, der die Firmenleitung innehat, sowie Sohn Wolfgang Clausen zutiefst zuwider. Er misstraut ihnen und rechnet mit allen denkbaren Gemeinheiten. Lediglich Egbert, der J\u00fcngste in der Familie, begegnet ihm offen und ohne Falschheit. Da lernt Matthias eine junge Frau, Inken Peters, kennen. Sie ist frisch, sympathisch und akzeptiert den alten Mann so wie er ist. Er stellt die junge Dame als seine Privatsekret\u00e4rin ein. Dies ersch\u00fcttert die restliche Familie schwer. Dass der Alte eventuell nochmal auf Freiersf\u00fc\u00dfen wandelt, das geht ja gar nicht. Das w\u00fcrde ja das gro\u00dfe Erbe f\u00fcr alle gef\u00e4hrden. Nun tritt der Hass auf den Alten offen zu Tage. Der Familienrat muss also, abgesehen von Egbert, der diese Intrigen nicht mitmacht, tagen. Man beschlie\u00dft, den Alten entm\u00fcndigen zu lassen. Inken Peters wird offen als Erbschleicherin beschimpft. Matthias Clausen ist emp\u00f6rt. Seine helle Aufregung f\u00fchrt zu einem Herzanfall, denn seine Gesundheit ist sowieso schon angeschlagen. Inken fleht ihn an, dieses Haus voller Neid, Gier und Hass so schnell wie m\u00f6glich zu verlassen. Noch bevor die beiden ihr Vorhaben in die Tat umsetzen k\u00f6nnen, stirbt Matthias Clausen an einem weiteren Schw\u00e4cheanfall. Inken steht nun vor einem Scherbenhaufen.<\/span><\/p>\n<\/div>\n<\/div>\n<\/div>\n<\/div>\n<\/div>\n<div><div class=\"gap\" style=\"line-height: 20px; height: 20px;\"><\/div><\/div>\n<h5>Weitere Informationen<\/h5>\n<div>\n<div>\n<table style=\"height: 47px; width: 100%; border-collapse: collapse; border-color: #ffffff; background-color: #ffffff; border-style: hidden;\">\n<tbody>\n<tr style=\"height: 23px; border-style: hidden; border-color: #ffffff; background-color: #ffffff;\">\n<td style=\"width: 4.701195%; height: 24px; border-style: hidden;\">Film:<\/td>\n<td style=\"width: 95.298805%; height: 24px; border-style: hidden;\"><a title=\"Vor Sonnenuntergang (1956) von Gottfried Reinhardt | B-Spree Classics\" href=\"https:\/\/ucm.one\/de\/vor-sonnenuntergang\/\">Vor Sonnenuntergang<\/a><\/td>\n<\/tr>\n<tr style=\"height: 23px;\">\n<td style=\"width: 4.701195%; height: 23px; border-style: hidden;\">Label:<\/td>\n<td style=\"width: 95.298805%; height: 23px; border-style: hidden;\"><a title=\"B-Spree Classics\" href=\"https:\/\/ucm.one\/de\/film-labels\/b-spree-pictures\/#b-spree-classics\">B-Spree Classics<\/a><\/td>\n<\/tr>\n<\/tbody>\n<\/table>\n<\/div>\n<div><\/div>\n<\/div>\n<div>\n<div><div class=\"gap\" style=\"line-height: 10px; height: 10px;\"><\/div><\/div>\n<div>\n<p>\u2117 1956 <strong>Central Cinema Company Film (CCC)<\/strong>, \u00a9 2022\u00a0<strong>B-Spree Classics<\/strong> \/ <strong><span style=\"font-family: arial black, sans-serif;\">UCM.ONE<\/span><\/strong><\/p>\n<div><\/div>\n<\/div>\n<div><div class=\"gap\" style=\"line-height: 20px; height: 20px;\"><\/div><\/div>\n<div>\n<div><\/div>\n<div>\n<div><div class=\"gap\" style=\"line-height: 10px; height: 10px;\"><\/div><\/div>\n<div><span style=\"color: #003a80;\"><strong>\u27a0 <a style=\"color: #003a80;\" href=\"https:\/\/ucm.one\/de\/produkt-kategorie\/art-de\/filme-de\/\">zum Shop<\/a><\/strong><\/span><\/div>\n<div><div class=\"gap\" style=\"line-height: 20px; height: 20px;\"><\/div><\/div>\n<\/div>\n<\/div>\n<\/div>\n","protected":false},"excerpt":{"rendered":"<p>Regie: <a href=\"https:\/\/ucm.one\/de\/?s=%22Gottfried+Reinhardt%22&amp;post_type=product\"><strong>Gottfried Reinhardt<\/strong><\/a><\/p>\n<p>Label: <a href=\"https:\/\/ucm.one\/de\/produkt-kategorie\/label-film-de\/b-spree-pictures-de\/b-spree-classics-de\/\"><strong>B-Spree Classics<\/strong><\/a><\/p>\n<p>Art:\u00a0<strong><a href=\"https:\/\/ucm.one\/de\/produkt-kategorie\/art-de\/filme-de\/\">Film<\/a> (<a title=\"\" href=\"https:\/\/ucm.one\/de\/produkt-kategorie\/genre-film-de\/klassiker-de\/\">Klassiker<\/a>)<\/strong><\/p>\n<p>Genre:\u00a0<b><a title=\"\" href=\"https:\/\/ucm.one\/de\/produkt-kategorie\/genre-film-de\/drama-de\/\">Drama<\/a><\/b><\/p>\n<p>Jahr: <strong>2022<\/strong><\/p>\n<p>FSK: <strong>12<\/strong><\/p>\n<p>Format: <strong>Mediabook<\/strong><\/p>\n","protected":false},"featured_media":79259,"comment_status":"open","ping_status":"closed","template":"","meta":{"_acf_changed":false},"product_brand":[],"product_cat":[10332,10333,10334,10341,10342,12093,9708,10331],"product_tag":[14418,14419,14420,14421,14422,14423,12135,14424,14414,14415,14416,14417],"class_list":{"0":"post-78570","1":"product","2":"type-product","3":"status-publish","4":"has-post-thumbnail","6":"product_cat-blu-ray-de","7":"product_cat-mediabooks-de","8":"product_cat-drama-de","9":"product_cat-b-spree-pictures-de","10":"product_cat-b-spree-classics-de","11":"product_cat-klassiker-de","12":"product_cat-filme-de","13":"product_cat-dvd-de","14":"product_tag-hans-albers","15":"product_tag-annemarie-dueringer","16":"product_tag-martin-held","17":"product_tag-hannelore-schroth","18":"product_tag-erich-schellow","19":"product_tag-claus-biederstaedt","20":"product_tag-b-spree-classics","21":"product_tag-wolfgang-preiss","22":"product_tag-vor-sonnenuntergang","23":"product_tag-gottfried-reinhardt","24":"product_tag-gerhart-hauptmann","25":"product_tag-artur-brauner","26":"pa_format-mediabook-blu-ray-dvd","27":"description-off","29":"first","30":"instock","31":"sale","32":"taxable","33":"shipping-taxable","34":"purchasable","35":"product-type-variable","36":"has-default-attributes"},"acf":[],"yoast_head":"<!-- This site is optimized with the Yoast SEO plugin v27.2 - https:\/\/yoast.com\/product\/yoast-seo-wordpress\/ -->\n<title>Vor Sonnenuntergang<\/title>\n<meta name=\"description\" content=\"Shop | Vor Sonnenuntergang | 2022 | B-Spree Classics | Mediabook | FSK 12\" \/>\n<meta name=\"robots\" content=\"index, follow, max-snippet:-1, max-image-preview:large, max-video-preview:-1\" \/>\n<link rel=\"canonical\" href=\"https:\/\/ucm.one\/de\/produkt\/vor-sonnenuntergang\/\" \/>\n<meta property=\"og:locale\" content=\"de_DE\" \/>\n<meta property=\"og:type\" content=\"article\" \/>\n<meta property=\"og:title\" content=\"Vor Sonnenuntergang\" \/>\n<meta property=\"og:description\" content=\"Shop | Vor Sonnenuntergang | 2022 | B-Spree Classics | Mediabook | FSK 12\" \/>\n<meta property=\"og:url\" content=\"https:\/\/ucm.one\/de\/produkt\/vor-sonnenuntergang\/\" \/>\n<meta property=\"og:site_name\" content=\"UCM.ONE\" \/>\n<meta property=\"article:modified_time\" content=\"2023-07-18T15:14:33+00:00\" \/>\n<meta property=\"og:image\" content=\"https:\/\/ucm.one\/wp-content\/uploads\/2022\/10\/C-Vor-Sonnenuntergang-MB-3D-FSK12.jpg\" \/>\n<meta name=\"twitter:card\" content=\"summary_large_image\" \/>\n<meta name=\"twitter:title\" content=\"Vor Sonnenuntergang\" \/>\n<meta name=\"twitter:description\" content=\"Shop | Vor Sonnenuntergang | 2022 | B-Spree Classics | Mediabook | FSK 12\" \/>\n<meta name=\"twitter:image\" content=\"https:\/\/ucm.one\/wp-content\/uploads\/2022\/10\/C-Vor-Sonnenuntergang-MB-3D-FSK12.jpg\" \/>\n<meta name=\"twitter:label1\" content=\"Gesch\u00e4tzte Lesezeit\" \/>\n\t<meta name=\"twitter:data1\" content=\"2\u00a0Minuten\" \/>\n<!-- \/ Yoast SEO plugin. -->","yoast_head_json":{"title":"Vor Sonnenuntergang","description":"Shop | Vor Sonnenuntergang | 2022 | B-Spree Classics | Mediabook | FSK 12","robots":{"index":"index","follow":"follow","max-snippet":"max-snippet:-1","max-image-preview":"max-image-preview:large","max-video-preview":"max-video-preview:-1"},"canonical":"https:\/\/ucm.one\/de\/produkt\/vor-sonnenuntergang\/","og_locale":"de_DE","og_type":"article","og_title":"Vor Sonnenuntergang","og_description":"Shop | Vor Sonnenuntergang | 2022 | B-Spree Classics | Mediabook | FSK 12","og_url":"https:\/\/ucm.one\/de\/produkt\/vor-sonnenuntergang\/","og_site_name":"UCM.ONE","article_modified_time":"2023-07-18T15:14:33+00:00","og_image":[{"url":"https:\/\/ucm.one\/wp-content\/uploads\/2022\/10\/C-Vor-Sonnenuntergang-MB-3D-FSK12.jpg","type":"","width":"","height":""}],"twitter_card":"summary_large_image","twitter_title":"Vor Sonnenuntergang","twitter_description":"Shop | Vor Sonnenuntergang | 2022 | B-Spree Classics | Mediabook | FSK 12","twitter_image":"https:\/\/ucm.one\/wp-content\/uploads\/2022\/10\/C-Vor-Sonnenuntergang-MB-3D-FSK12.jpg","twitter_misc":{"Gesch\u00e4tzte Lesezeit":"2\u00a0Minuten"},"schema":{"@context":"https:\/\/schema.org","@graph":[{"@type":"WebPage","@id":"https:\/\/ucm.one\/de\/produkt\/vor-sonnenuntergang\/","url":"https:\/\/ucm.one\/de\/produkt\/vor-sonnenuntergang\/","name":"Vor Sonnenuntergang","isPartOf":{"@id":"https:\/\/ucm.one\/de\/#website"},"primaryImageOfPage":{"@id":"https:\/\/ucm.one\/de\/produkt\/vor-sonnenuntergang\/#primaryimage"},"image":{"@id":"https:\/\/ucm.one\/de\/produkt\/vor-sonnenuntergang\/#primaryimage"},"thumbnailUrl":"https:\/\/ucm.one\/wp-content\/uploads\/2000\/01\/C-Vor-Sonnenuntergang-MB-2D-FSK12.jpg","datePublished":"2022-10-05T09:41:42+00:00","dateModified":"2023-07-18T15:14:33+00:00","description":"Shop | Vor Sonnenuntergang | 2022 | B-Spree Classics | Mediabook | FSK 12","breadcrumb":{"@id":"https:\/\/ucm.one\/de\/produkt\/vor-sonnenuntergang\/#breadcrumb"},"inLanguage":"de","potentialAction":[{"@type":"ReadAction","target":["https:\/\/ucm.one\/de\/produkt\/vor-sonnenuntergang\/"]}]},{"@type":"ImageObject","inLanguage":"de","@id":"https:\/\/ucm.one\/de\/produkt\/vor-sonnenuntergang\/#primaryimage","url":"https:\/\/ucm.one\/wp-content\/uploads\/2000\/01\/C-Vor-Sonnenuntergang-MB-2D-FSK12.jpg","contentUrl":"https:\/\/ucm.one\/wp-content\/uploads\/2000\/01\/C-Vor-Sonnenuntergang-MB-2D-FSK12.jpg","width":699,"height":1000},{"@type":"BreadcrumbList","@id":"https:\/\/ucm.one\/de\/produkt\/vor-sonnenuntergang\/#breadcrumb","itemListElement":[{"@type":"ListItem","position":1,"name":"Home","item":"https:\/\/ucm.one\/de\/"},{"@type":"ListItem","position":2,"name":"Shop","item":"https:\/\/ucm.one\/de\/shop\/"},{"@type":"ListItem","position":3,"name":"Vor Sonnenuntergang"}]},{"@type":"WebSite","@id":"https:\/\/ucm.one\/de\/#website","url":"https:\/\/ucm.one\/de\/","name":"UCM.ONE","description":"","publisher":{"@id":"https:\/\/ucm.one\/de\/#organization"},"potentialAction":[{"@type":"SearchAction","target":{"@type":"EntryPoint","urlTemplate":"https:\/\/ucm.one\/de\/?s={search_term_string}"},"query-input":{"@type":"PropertyValueSpecification","valueRequired":true,"valueName":"search_term_string"}}],"inLanguage":"de"},{"@type":"Organization","@id":"https:\/\/ucm.one\/de\/#organization","name":"UCM.ONE","url":"https:\/\/ucm.one\/de\/","logo":{"@type":"ImageObject","inLanguage":"de","@id":"https:\/\/ucm.one\/de\/#\/schema\/logo\/image\/","url":"https:\/\/ucm.one\/wp-content\/uploads\/2019\/10\/UCM.ONE-Logo-RGB.svg","contentUrl":"https:\/\/ucm.one\/wp-content\/uploads\/2019\/10\/UCM.ONE-Logo-RGB.svg","width":1,"height":1,"caption":"UCM.ONE"},"image":{"@id":"https:\/\/ucm.one\/de\/#\/schema\/logo\/image\/"}}]}},"_links":{"self":[{"href":"https:\/\/ucm.one\/de\/wp-json\/wp\/v2\/product\/78570","targetHints":{"allow":["GET"]}}],"collection":[{"href":"https:\/\/ucm.one\/de\/wp-json\/wp\/v2\/product"}],"about":[{"href":"https:\/\/ucm.one\/de\/wp-json\/wp\/v2\/types\/product"}],"replies":[{"embeddable":true,"href":"https:\/\/ucm.one\/de\/wp-json\/wp\/v2\/comments?post=78570"}],"wp:featuredmedia":[{"embeddable":true,"href":"https:\/\/ucm.one\/de\/wp-json\/wp\/v2\/media\/79259"}],"wp:attachment":[{"href":"https:\/\/ucm.one\/de\/wp-json\/wp\/v2\/media?parent=78570"}],"wp:term":[{"taxonomy":"product_brand","embeddable":true,"href":"https:\/\/ucm.one\/de\/wp-json\/wp\/v2\/product_brand?post=78570"},{"taxonomy":"product_cat","embeddable":true,"href":"https:\/\/ucm.one\/de\/wp-json\/wp\/v2\/product_cat?post=78570"},{"taxonomy":"product_tag","embeddable":true,"href":"https:\/\/ucm.one\/de\/wp-json\/wp\/v2\/product_tag?post=78570"}],"curies":[{"name":"wp","href":"https:\/\/api.w.org\/{rel}","templated":true}]}}