{"id":78080,"date":"2023-05-24T09:08:47","date_gmt":"2023-05-24T09:08:47","guid":{"rendered":"https:\/\/ucm.one\/?post_type=product&#038;p=78080"},"modified":"2026-03-26T16:13:22","modified_gmt":"2026-03-26T16:13:22","slug":"phantom","status":"publish","type":"product","link":"https:\/\/ucm.one\/de\/produkt\/phantom\/","title":{"rendered":"Phantom"},"content":{"rendered":"<div class=\"wpb_text_column wpb_content_element \">\n<div class=\"wpb_wrapper\">\n<div class=\"\">\n<div class=\"wpb_text_column wpb_content_element \">\n<div class=\"wpb_wrapper\">\n<p><span style=\"font-weight: 400;\">Lorenz Lubota sorgt mit seiner Arbeit als Stadtschreiber f\u00fcr seine Mutter und seine Geschwister. Er ist aber auch ein Tr\u00e4umer und schreibt Gedichte. Eines Tages wird er von dem Schimmelgespann der Tochter des reichen Eisenwarenh\u00e4ndlers, Veronika Harlan, \u00fcberfahren. Dieser Unfall ver\u00e4ndert ihn. Weil Buchbinder Starke ihm versprochen hat, einen Verleger f\u00fcr ihn zu finden, h\u00e4lt er sich nun schon f\u00fcr einen gro\u00dfen Dichter, und um sich der Karriere gem\u00e4\u00df zu kleiden, leiht er sich Geld bei seiner Tante, der Pfandleiherin Schwabe. Danach h\u00e4lt er beim Eisenh\u00e4ndler um die Hand dessen Tochter an. Der jedoch wirft ihn kurzerhand hinaus. In einem Weinlokal trifft er Melitta, die eine gro\u00dfe \u00c4hnlichkeit mit Veronika hat, und gibt viel Geld f\u00fcr sie aus. Doch das \u201ePhantom\u201c von Veronika l\u00e4sst ihn nicht los\u2026<\/span><\/p>\n<p><span style=\"font-weight: 400;\">Der verschollen geglaubte, gro\u00dfe deutsche Murnau-Filmklassiker, erstmalig in atemberaubender Restauration, p\u00fcnktlich zum 100- j\u00e4hrigen Jubil\u00e4um seiner Urauff\u00fchrung am 13. November 1922. Ein Muss f\u00fcr jeden Cineasten.<\/span><\/p>\n<\/div>\n<\/div>\n<\/div>\n<\/div>\n<\/div>\n<div><div class=\"gap\" style=\"line-height: 20px; height: 20px;\"><\/div><\/div>\n<h5>Weitere Informationen<\/h5>\n<div>\n<div>\n<table style=\"height: 47px; width: 100%; border-collapse: collapse; border-color: #ffffff; background-color: #ffffff; border-style: hidden;\">\n<tbody>\n<tr style=\"height: 23px; border-style: hidden; border-color: #ffffff; background-color: #ffffff;\">\n<td style=\"width: 4.701195%; height: 24px; border-style: hidden;\">Film:<\/td>\n<td style=\"width: 95.298805%; height: 24px; border-style: hidden;\"><a href=\"https:\/\/ucm.one\/de\/phantom\/\">Phantom<\/a><\/td>\n<\/tr>\n<tr style=\"height: 23px;\">\n<td style=\"width: 4.701195219123506%; height: 23px; border-style: hidden;\">Label:<\/td>\n<td style=\"width: 95.29880478087651%; height: 23px; border-style: hidden;\"><a title=\"B-Spree Classics\" href=\"https:\/\/ucm.one\/de\/film-labels\/b-spree-pictures\/#b-spree-classics\">B-Spree Classics<\/a><\/td>\n<\/tr>\n<\/tbody>\n<\/table>\n<\/div>\n<div><\/div>\n<\/div>\n<div>\n<div><div class=\"gap\" style=\"line-height: 10px; height: 10px;\"><\/div><\/div>\n<div>\n<p>\u2117 1922 <strong>Uco-Film GmbH<\/strong>, \u00a9 2022 <strong>B-Spree Classics<\/strong> \/ <strong><span style=\"font-family: arial black, sans-serif;\">UCM.ONE<\/span><\/strong>\u00a0in Kooperation mit der <strong>Friedrich-Wilhelm-Murnau-Stiftung<\/strong><\/p>\n<div><\/div>\n<\/div>\n<div><div class=\"gap\" style=\"line-height: 20px; height: 20px;\"><\/div><\/div>\n<div>\n<div><\/div>\n<div>\n<div><div class=\"gap\" style=\"line-height: 10px; height: 10px;\"><\/div><\/div>\n<div><span style=\"color: #003a80;\"><strong>\u27a0 <a style=\"color: #003a80;\" href=\"https:\/\/ucm.one\/de\/produkt-kategorie\/art-de\/filme-de\/\">zum Shop<\/a><\/strong><\/span><\/div>\n<div><div class=\"gap\" style=\"line-height: 20px; height: 20px;\"><\/div><\/div>\n<\/div>\n<\/div>\n<\/div>\n","protected":false},"excerpt":{"rendered":"<p>Regie: <a href=\"https:\/\/ucm.one\/de\/?s=%22Friedrich+Wilhelm+Murnau%22&amp;post_type=product\"><strong>Friedrich Wilhelm Murnau<\/strong><\/a><\/p>\n<p>Label: <a href=\"https:\/\/ucm.one\/de\/produkt-kategorie\/label-film-de\/b-spree-pictures-de\/b-spree-classics-de\/\"><strong>B-Spree Classics<\/strong><\/a><\/p>\n<p>Art:\u00a0<strong><a href=\"https:\/\/ucm.one\/de\/produkt-kategorie\/art-de\/filme-de\/\">Film<\/a> (<a title=\"\" href=\"https:\/\/ucm.one\/de\/produkt-kategorie\/genre-film-de\/klassiker-de\/\">Klassiker<\/a>)<\/strong><\/p>\n<p>Genres:\u00a0<b><a title=\"\" href=\"https:\/\/ucm.one\/de\/produkt-kategorie\/genre-film-de\/drama-de\/\">Drama<\/a><\/b><\/p>\n<p>Jahre: <strong>2022 + 2023<\/strong><\/p>\n<p>FSK: <strong>12<\/strong><\/p>\n<p>Formate: <strong>Diverse<\/strong><\/p>\n","protected":false},"featured_media":78216,"comment_status":"open","ping_status":"closed","template":"","meta":{"_acf_changed":false},"product_brand":[],"product_cat":[9708,12093,10331,10332,10333,10334,10341,10342],"product_tag":[14395,14396,14397,12135,14398,14399,14389,14400,14390,14401,14391,14402,14392,14403,14393,14394],"class_list":{"0":"post-78080","1":"product","2":"type-product","3":"status-publish","4":"has-post-thumbnail","6":"product_cat-filme-de","7":"product_cat-klassiker-de","8":"product_cat-dvd-de","9":"product_cat-blu-ray-de","10":"product_cat-mediabooks-de","11":"product_cat-drama-de","12":"product_cat-b-spree-pictures-de","13":"product_cat-b-spree-classics-de","14":"product_tag-aud-egede-nissen","15":"product_tag-lil-dagover","16":"product_tag-karl-etlinger","17":"product_tag-b-spree-classics","18":"product_tag-hans-heinrich-von-twardowski","19":"product_tag-adolf-klein","20":"product_tag-phantom","21":"product_tag-olga-engl","22":"product_tag-murnau","23":"product_tag-lya-de-putti","24":"product_tag-friedrich-wilhelm-murnau","25":"product_tag-ilka-gruening","26":"product_tag-thea-von-harbou","27":"product_tag-nosferatu","28":"product_tag-alfred-abel","29":"product_tag-frida-richard","30":"product_shipping_class-mediabook-2","31":"pa_format-dvd","32":"pa_format-blu-ray-de","33":"pa_format-mediabook-blu-ray-dvd","34":"description-off","36":"first","37":"instock","38":"sale","39":"taxable","40":"shipping-taxable","41":"purchasable","42":"product-type-variable"},"acf":[],"yoast_head":"<!-- This site is optimized with the Yoast SEO plugin v27.5 - https:\/\/yoast.com\/product\/yoast-seo-wordpress\/ -->\n<title>Phantom<\/title>\n<meta name=\"description\" content=\"Shop | Phantom | 2022 + 2023 | B-Spree Classics | Mediabook (Blu-Ray + DVD), Blu-Ray, DVD | FSK 12\" \/>\n<meta name=\"robots\" content=\"index, follow, max-snippet:-1, max-image-preview:large, max-video-preview:-1\" \/>\n<link rel=\"canonical\" href=\"https:\/\/ucm.one\/de\/produkt\/phantom\/\" \/>\n<meta property=\"og:locale\" content=\"de_DE\" \/>\n<meta property=\"og:type\" content=\"article\" \/>\n<meta property=\"og:title\" content=\"Phantom\" \/>\n<meta property=\"og:description\" content=\"Shop | Phantom | 2022 +2023 | B-Spree Classics | Mediabook (Blu-Ray + DVD), Blu-Ray, DVD | FSK 12\" \/>\n<meta property=\"og:url\" content=\"https:\/\/ucm.one\/de\/produkt\/phantom\/\" \/>\n<meta property=\"og:site_name\" content=\"UCM.ONE\" \/>\n<meta property=\"article:modified_time\" content=\"2026-03-26T16:13:22+00:00\" \/>\n<meta property=\"og:image\" content=\"https:\/\/ucm.one\/wp-content\/uploads\/2000\/01\/C-Phantom-MB-2D-FSK12.jpg\" \/>\n<meta name=\"twitter:card\" content=\"summary_large_image\" \/>\n<meta name=\"twitter:title\" content=\"Friedrich Wilhelm Murnaus Phantom\" \/>\n<meta name=\"twitter:description\" content=\"Shop | Phantom | 2022 +2023 | B-Spree Classics | Mediabook (Blu-Ray + DVD), Blu-Ray, DVD | FSK 12\" \/>\n<meta name=\"twitter:image\" content=\"https:\/\/ucm.one\/wp-content\/uploads\/2000\/01\/C-Phantom-MB-2D-FSK12.jpg\" \/>\n<meta name=\"twitter:label1\" content=\"Gesch\u00e4tzte Lesezeit\" \/>\n\t<meta name=\"twitter:data1\" content=\"1\u00a0Minute\" \/>\n<!-- \/ Yoast SEO plugin. -->","yoast_head_json":{"title":"Phantom","description":"Shop | Phantom | 2022 + 2023 | B-Spree Classics | Mediabook (Blu-Ray + DVD), Blu-Ray, DVD | FSK 12","robots":{"index":"index","follow":"follow","max-snippet":"max-snippet:-1","max-image-preview":"max-image-preview:large","max-video-preview":"max-video-preview:-1"},"canonical":"https:\/\/ucm.one\/de\/produkt\/phantom\/","og_locale":"de_DE","og_type":"article","og_title":"Phantom","og_description":"Shop | Phantom | 2022 +2023 | B-Spree Classics | Mediabook (Blu-Ray + DVD), Blu-Ray, DVD | FSK 12","og_url":"https:\/\/ucm.one\/de\/produkt\/phantom\/","og_site_name":"UCM.ONE","article_modified_time":"2026-03-26T16:13:22+00:00","og_image":[{"url":"https:\/\/ucm.one\/wp-content\/uploads\/2000\/01\/C-Phantom-MB-2D-FSK12.jpg","type":"","width":"","height":""}],"twitter_card":"summary_large_image","twitter_title":"Friedrich Wilhelm Murnaus Phantom","twitter_description":"Shop | Phantom | 2022 +2023 | B-Spree Classics | Mediabook (Blu-Ray + DVD), Blu-Ray, DVD | FSK 12","twitter_image":"https:\/\/ucm.one\/wp-content\/uploads\/2000\/01\/C-Phantom-MB-2D-FSK12.jpg","twitter_misc":{"Gesch\u00e4tzte Lesezeit":"1\u00a0Minute"},"schema":{"@context":"https:\/\/schema.org","@graph":[{"@type":"WebPage","@id":"https:\/\/ucm.one\/de\/produkt\/phantom\/","url":"https:\/\/ucm.one\/de\/produkt\/phantom\/","name":"Phantom","isPartOf":{"@id":"https:\/\/ucm.one\/de\/#website"},"primaryImageOfPage":{"@id":"https:\/\/ucm.one\/de\/produkt\/phantom\/#primaryimage"},"image":{"@id":"https:\/\/ucm.one\/de\/produkt\/phantom\/#primaryimage"},"thumbnailUrl":"https:\/\/ucm.one\/wp-content\/uploads\/2022\/10\/C-Phantom-MB-2D-FSK12-1.jpg","datePublished":"2023-05-24T09:08:47+00:00","dateModified":"2026-03-26T16:13:22+00:00","description":"Shop | Phantom | 2022 + 2023 | B-Spree Classics | Mediabook (Blu-Ray + DVD), Blu-Ray, DVD | FSK 12","breadcrumb":{"@id":"https:\/\/ucm.one\/de\/produkt\/phantom\/#breadcrumb"},"inLanguage":"de","potentialAction":[{"@type":"ReadAction","target":["https:\/\/ucm.one\/de\/produkt\/phantom\/"]}]},{"@type":"ImageObject","inLanguage":"de","@id":"https:\/\/ucm.one\/de\/produkt\/phantom\/#primaryimage","url":"https:\/\/ucm.one\/wp-content\/uploads\/2022\/10\/C-Phantom-MB-2D-FSK12-1.jpg","contentUrl":"https:\/\/ucm.one\/wp-content\/uploads\/2022\/10\/C-Phantom-MB-2D-FSK12-1.jpg","width":1456,"height":2083},{"@type":"BreadcrumbList","@id":"https:\/\/ucm.one\/de\/produkt\/phantom\/#breadcrumb","itemListElement":[{"@type":"ListItem","position":1,"name":"Home","item":"https:\/\/ucm.one\/de\/"},{"@type":"ListItem","position":2,"name":"Shop","item":"https:\/\/ucm.one\/de\/shop\/"},{"@type":"ListItem","position":3,"name":"Phantom"}]},{"@type":"WebSite","@id":"https:\/\/ucm.one\/de\/#website","url":"https:\/\/ucm.one\/de\/","name":"UCM.ONE","description":"","publisher":{"@id":"https:\/\/ucm.one\/de\/#organization"},"potentialAction":[{"@type":"SearchAction","target":{"@type":"EntryPoint","urlTemplate":"https:\/\/ucm.one\/de\/?s={search_term_string}"},"query-input":{"@type":"PropertyValueSpecification","valueRequired":true,"valueName":"search_term_string"}}],"inLanguage":"de"},{"@type":"Organization","@id":"https:\/\/ucm.one\/de\/#organization","name":"UCM.ONE","url":"https:\/\/ucm.one\/de\/","logo":{"@type":"ImageObject","inLanguage":"de","@id":"https:\/\/ucm.one\/de\/#\/schema\/logo\/image\/","url":"https:\/\/ucm.one\/wp-content\/uploads\/2019\/10\/UCM.ONE-Logo-RGB.svg","contentUrl":"https:\/\/ucm.one\/wp-content\/uploads\/2019\/10\/UCM.ONE-Logo-RGB.svg","width":1,"height":1,"caption":"UCM.ONE"},"image":{"@id":"https:\/\/ucm.one\/de\/#\/schema\/logo\/image\/"}}]}},"_links":{"self":[{"href":"https:\/\/ucm.one\/de\/wp-json\/wp\/v2\/product\/78080","targetHints":{"allow":["GET"]}}],"collection":[{"href":"https:\/\/ucm.one\/de\/wp-json\/wp\/v2\/product"}],"about":[{"href":"https:\/\/ucm.one\/de\/wp-json\/wp\/v2\/types\/product"}],"replies":[{"embeddable":true,"href":"https:\/\/ucm.one\/de\/wp-json\/wp\/v2\/comments?post=78080"}],"wp:featuredmedia":[{"embeddable":true,"href":"https:\/\/ucm.one\/de\/wp-json\/wp\/v2\/media\/78216"}],"wp:attachment":[{"href":"https:\/\/ucm.one\/de\/wp-json\/wp\/v2\/media?parent=78080"}],"wp:term":[{"taxonomy":"product_brand","embeddable":true,"href":"https:\/\/ucm.one\/de\/wp-json\/wp\/v2\/product_brand?post=78080"},{"taxonomy":"product_cat","embeddable":true,"href":"https:\/\/ucm.one\/de\/wp-json\/wp\/v2\/product_cat?post=78080"},{"taxonomy":"product_tag","embeddable":true,"href":"https:\/\/ucm.one\/de\/wp-json\/wp\/v2\/product_tag?post=78080"}],"curies":[{"name":"wp","href":"https:\/\/api.w.org\/{rel}","templated":true}]}}