{"id":78020,"date":"2023-08-18T13:37:50","date_gmt":"2023-08-18T13:37:50","guid":{"rendered":"https:\/\/ucm.one\/?post_type=product&#038;p=78020"},"modified":"2024-11-05T11:53:10","modified_gmt":"2024-11-05T11:53:10","slug":"hanussen","status":"publish","type":"product","link":"https:\/\/ucm.one\/de\/produkt\/hanussen\/","title":{"rendered":"Hanussen"},"content":{"rendered":"<div class=\"wpb_text_column wpb_content_element \">\n<div class=\"wpb_wrapper\">\n<div class=\"\">\n<div class=\"wpb_text_column wpb_content_element \">\n<div class=\"wpb_wrapper\">\n<p><span style=\"font-weight: 400;\">Gegen Ende des Ersten Weltkrieges erholt sich der Frontsoldat Klaus Schneider (<strong>Klaus Maria Brandauer<\/strong>) im Lazarett seines Mentors Dr. Bettelheim von einer Kopfverletzung. Er erkennt dabei seine F\u00e4higkeit, den Willen anderer Leute zu beeinflussen und zuk\u00fcnftige Dinge zu erahnen. Unter dem Namen Erik Jan Hanussen tritt er zun\u00e4chst in Wien und sp\u00e4ter in Berlin auf. Er bewegt sich fortan unter den \u201eoberen Zehntausend\u201c, ist aber noch vollkommen arglos, als er Adolf Hitler als n\u00e4chsten Reichskanzler vorhersagt. Der erkl\u00e4rterma\u00dfen unpolitische Hanussen gewinnt mehr und mehr an Ber\u00fchmtheit, wird sich aber der Gef\u00e4hrlichkeit und der Verantwortung seiner Begabung zu langsam bewusst. So wird ihm seine Voraussage des Reichstagsbrandes zum Verh\u00e4ngnis, denn von nun an sehen ihn die Nationalsozialisten als Verr\u00e4ter\u2026<\/span><\/p>\n<\/div>\n<\/div>\n<\/div>\n<\/div>\n<\/div>\n<div><div class=\"gap\" style=\"line-height: 20px; height: 20px;\"><\/div><\/div>\n<h5>Weitere Informationen<\/h5>\n<div>\n<div>\n<table style=\"height: 46px; width: 100%; border-collapse: collapse; border-color: #ffffff; background-color: #ffffff; border-style: hidden;\">\n<tbody>\n<tr style=\"height: 23px; border-style: hidden; border-color: #ffffff; background-color: #ffffff;\">\n<td style=\"width: 4.7012%; height: 23px; border-style: hidden;\">Film:<\/td>\n<td style=\"width: 95.2988%; height: 23px; border-style: hidden;\"><a href=\"https:\/\/ucm.one\/de\/hanussen\/\">Hanussen<\/a><\/td>\n<\/tr>\n<tr style=\"height: 23px;\">\n<td style=\"width: 4.7012%; height: 23px; border-style: hidden;\">Label:<\/td>\n<td style=\"width: 95.2988%; height: 23px; border-style: hidden;\"><a title=\"U8Films Berlin\" href=\"https:\/\/ucm.one\/de\/film-labels\/u1-films-berlin\/#u8-films-berlin\">U8 Films Berlin<\/a><\/td>\n<\/tr>\n<\/tbody>\n<\/table>\n<\/div>\n<div><\/div>\n<\/div>\n<div>\n<div><div class=\"gap\" style=\"line-height: 10px; height: 10px;\"><\/div><\/div>\n<div>\u2117 1988 <strong>Central Cinema Company Film (CCC), Hungarofilm, Mafilm<\/strong>, \u00a9 2022 <strong><span style=\"font-family: 'arial black', sans-serif;\">U8<\/span> Films Berlin<\/strong> &amp; \u00a9 2023<strong> B-Spree Pictures<\/strong> \/ <span style=\"font-family: 'arial black', sans-serif;\"><span style=\"font-family: 'arial black', sans-serif;\"><strong>UCM.ONE\u00a0<\/strong><\/span><\/span>in Kooperation mit\u00a0<strong>CCC Filmkunst<\/strong><\/div>\n<div><\/div>\n<div><div class=\"gap\" style=\"line-height: 20px; height: 20px;\"><\/div><\/div>\n<div>\n<div><\/div>\n<div>\n<div><div class=\"gap\" style=\"line-height: 10px; height: 10px;\"><\/div><\/div>\n<div><span style=\"color: #003a80;\"><strong>\u27a0 <a style=\"color: #003a80;\" href=\"https:\/\/ucm.one\/de\/produkt-kategorie\/art-de\/filme-de\/\">zum Shop<\/a><\/strong><\/span><\/div>\n<div><div class=\"gap\" style=\"line-height: 20px; height: 20px;\"><\/div><\/div>\n<\/div>\n<\/div>\n<\/div>\n","protected":false},"excerpt":{"rendered":"<p>Regie: <a href=\"https:\/\/ucm.one\/de\/?s=%22Istv%C3%A1n+Szab%C3%B3%22&amp;post_type=product\"><strong>Istv\u00e1n Szab\u00f3<\/strong><\/a><\/p>\n<p>Labels: <a href=\"https:\/\/ucm.one\/de\/produkt-kategorie\/label-film-de\/u1-films-berlin-de\/u8-films-berlin-de\/\"><strong>U8 Films Berlin<\/strong><\/a><strong>, <\/strong><a title=\"B-Spree Classics\" href=\"https:\/\/ucm.one\/de\/produkt-kategorie\/label-film-de\/b-spree-pictures-de\/b-spree-classics-de\/\"><strong>B-Spree Classics<\/strong><\/a><\/p>\n<p>Art:\u00a0<strong><a href=\"https:\/\/ucm.one\/de\/produkt-kategorie\/art-de\/filme-de\/\">Film<\/a> (<a title=\"\" href=\"https:\/\/ucm.one\/de\/produkt-kategorie\/genre-film-de\/klassiker-de\/\">Klassiker<\/a>)<\/strong><\/p>\n<p>Genres: <a href=\"https:\/\/ucm.one\/de\/produkt-kategorie\/genre-film-de\/drama-de\/\"><strong>Drama<\/strong><\/a>, <a href=\"https:\/\/ucm.one\/de\/produkt-kategorie\/genre-film-de\/history-de\/\"><strong>History<\/strong><\/a><\/p>\n<p>Jahr: <strong>2022 &amp; 2023<\/strong><\/p>\n<p>FSK: <strong>16<\/strong><\/p>\n<p>Formate: <strong>Diverse<\/strong><\/p>\n","protected":false},"featured_media":78341,"comment_status":"open","ping_status":"closed","template":"","meta":{"_acf_changed":false},"product_brand":[],"product_cat":[10333,10334,10342,10343,10952,9708,12093,10331,10332],"product_tag":[14381,14382,14383,14384,14385,14386,14387,11023,14388,14379,14380],"class_list":{"0":"post-78020","1":"product","2":"type-product","3":"status-publish","4":"has-post-thumbnail","6":"product_cat-mediabooks-de","7":"product_cat-drama-de","8":"product_cat-b-spree-classics-de","9":"product_cat-u8-films-berlin-de","10":"product_cat-history-de","11":"product_cat-filme-de","12":"product_cat-klassiker-de","13":"product_cat-dvd-de","14":"product_cat-blu-ray-de","15":"product_tag-klaus-maria-brandauer","16":"product_tag-erland-josephson","17":"product_tag-ildiko-bansagi","18":"product_tag-walter-schmidinger","19":"product_tag-karoly-eperjes","20":"product_tag-grazyna-szapolowska","21":"product_tag-colette-pilz-warren","22":"product_tag-u8-films-berlin","23":"product_tag-ewa-blaszczyk","24":"product_tag-hanussen","25":"product_tag-istvan-szabo","26":"pa_format-dvd","27":"pa_format-blu-ray-de","28":"pa_format-mediabook-blu-ray-dvd","29":"description-off","31":"first","32":"instock","33":"sale","34":"taxable","35":"shipping-taxable","36":"purchasable","37":"product-type-variable"},"acf":[],"yoast_head":"<!-- This site is optimized with the Yoast SEO plugin v27.5 - https:\/\/yoast.com\/product\/yoast-seo-wordpress\/ -->\n<title>Hanussen<\/title>\n<meta name=\"description\" content=\"Shop | Hanussen | 2022 + 2023 | U8 Films Berlin &amp; B-Spree Classics | Mediabook &amp; BD &amp; DVD, Blu-Ray, DVD | FSK 16\" \/>\n<meta name=\"robots\" content=\"index, follow, max-snippet:-1, max-image-preview:large, max-video-preview:-1\" \/>\n<link rel=\"canonical\" href=\"https:\/\/ucm.one\/de\/produkt\/hanussen\/\" \/>\n<meta property=\"og:locale\" content=\"de_DE\" \/>\n<meta property=\"og:type\" content=\"article\" \/>\n<meta property=\"og:title\" content=\"Hanussen\" \/>\n<meta property=\"og:description\" content=\"Shop | Hanussen | 2022 + 2023 | U8 Films Berlin &amp; B-Spree Classics | Mediabook &amp; BD &amp; DVD, Blu-Ray, DVD | FSK 16\" \/>\n<meta property=\"og:url\" content=\"https:\/\/ucm.one\/de\/produkt\/hanussen\/\" \/>\n<meta property=\"og:site_name\" content=\"UCM.ONE\" \/>\n<meta property=\"article:modified_time\" content=\"2024-11-05T11:53:10+00:00\" \/>\n<meta property=\"og:image\" content=\"https:\/\/ucm.one\/wp-content\/uploads\/2022\/10\/C-Hanussen-MB-2D-FSK16.jpg\" \/>\n<meta name=\"twitter:card\" content=\"summary_large_image\" \/>\n<meta name=\"twitter:title\" content=\"Hanussen\" \/>\n<meta name=\"twitter:description\" content=\"Shop | Hanussen | 2022 + 2023 | U8 Films Berlin &amp; B-Spree Classics | Mediabook &amp; BD &amp; DVD, Blu-Ray, DVD | FSK 16\" \/>\n<meta name=\"twitter:image\" content=\"https:\/\/ucm.one\/wp-content\/uploads\/2022\/10\/C-Hanussen-MB-2D-FSK16.jpg\" \/>\n<meta name=\"twitter:label1\" content=\"Gesch\u00e4tzte Lesezeit\" \/>\n\t<meta name=\"twitter:data1\" content=\"1\u00a0Minute\" \/>\n<!-- \/ Yoast SEO plugin. -->","yoast_head_json":{"title":"Hanussen","description":"Shop | Hanussen | 2022 + 2023 | U8 Films Berlin & B-Spree Classics | Mediabook & BD & DVD, Blu-Ray, DVD | FSK 16","robots":{"index":"index","follow":"follow","max-snippet":"max-snippet:-1","max-image-preview":"max-image-preview:large","max-video-preview":"max-video-preview:-1"},"canonical":"https:\/\/ucm.one\/de\/produkt\/hanussen\/","og_locale":"de_DE","og_type":"article","og_title":"Hanussen","og_description":"Shop | Hanussen | 2022 + 2023 | U8 Films Berlin & B-Spree Classics | Mediabook & BD & DVD, Blu-Ray, DVD | FSK 16","og_url":"https:\/\/ucm.one\/de\/produkt\/hanussen\/","og_site_name":"UCM.ONE","article_modified_time":"2024-11-05T11:53:10+00:00","og_image":[{"url":"https:\/\/ucm.one\/wp-content\/uploads\/2022\/10\/C-Hanussen-MB-2D-FSK16.jpg","type":"","width":"","height":""}],"twitter_card":"summary_large_image","twitter_title":"Hanussen","twitter_description":"Shop | Hanussen | 2022 + 2023 | U8 Films Berlin & B-Spree Classics | Mediabook & BD & DVD, Blu-Ray, DVD | FSK 16","twitter_image":"https:\/\/ucm.one\/wp-content\/uploads\/2022\/10\/C-Hanussen-MB-2D-FSK16.jpg","twitter_misc":{"Gesch\u00e4tzte Lesezeit":"1\u00a0Minute"},"schema":{"@context":"https:\/\/schema.org","@graph":[{"@type":"WebPage","@id":"https:\/\/ucm.one\/de\/produkt\/hanussen\/","url":"https:\/\/ucm.one\/de\/produkt\/hanussen\/","name":"Hanussen","isPartOf":{"@id":"https:\/\/ucm.one\/de\/#website"},"primaryImageOfPage":{"@id":"https:\/\/ucm.one\/de\/produkt\/hanussen\/#primaryimage"},"image":{"@id":"https:\/\/ucm.one\/de\/produkt\/hanussen\/#primaryimage"},"thumbnailUrl":"https:\/\/ucm.one\/wp-content\/uploads\/2000\/01\/C-Hanussen-MB-2D-FSK16.jpg","datePublished":"2023-08-18T13:37:50+00:00","dateModified":"2024-11-05T11:53:10+00:00","description":"Shop | Hanussen | 2022 + 2023 | U8 Films Berlin & B-Spree Classics | Mediabook & BD & DVD, Blu-Ray, DVD | FSK 16","breadcrumb":{"@id":"https:\/\/ucm.one\/de\/produkt\/hanussen\/#breadcrumb"},"inLanguage":"de","potentialAction":[{"@type":"ReadAction","target":["https:\/\/ucm.one\/de\/produkt\/hanussen\/"]}]},{"@type":"ImageObject","inLanguage":"de","@id":"https:\/\/ucm.one\/de\/produkt\/hanussen\/#primaryimage","url":"https:\/\/ucm.one\/wp-content\/uploads\/2000\/01\/C-Hanussen-MB-2D-FSK16.jpg","contentUrl":"https:\/\/ucm.one\/wp-content\/uploads\/2000\/01\/C-Hanussen-MB-2D-FSK16.jpg","width":699,"height":1000},{"@type":"BreadcrumbList","@id":"https:\/\/ucm.one\/de\/produkt\/hanussen\/#breadcrumb","itemListElement":[{"@type":"ListItem","position":1,"name":"Home","item":"https:\/\/ucm.one\/de\/"},{"@type":"ListItem","position":2,"name":"Shop","item":"https:\/\/ucm.one\/de\/shop\/"},{"@type":"ListItem","position":3,"name":"Hanussen"}]},{"@type":"WebSite","@id":"https:\/\/ucm.one\/de\/#website","url":"https:\/\/ucm.one\/de\/","name":"UCM.ONE","description":"","publisher":{"@id":"https:\/\/ucm.one\/de\/#organization"},"potentialAction":[{"@type":"SearchAction","target":{"@type":"EntryPoint","urlTemplate":"https:\/\/ucm.one\/de\/?s={search_term_string}"},"query-input":{"@type":"PropertyValueSpecification","valueRequired":true,"valueName":"search_term_string"}}],"inLanguage":"de"},{"@type":"Organization","@id":"https:\/\/ucm.one\/de\/#organization","name":"UCM.ONE","url":"https:\/\/ucm.one\/de\/","logo":{"@type":"ImageObject","inLanguage":"de","@id":"https:\/\/ucm.one\/de\/#\/schema\/logo\/image\/","url":"https:\/\/ucm.one\/wp-content\/uploads\/2019\/10\/UCM.ONE-Logo-RGB.svg","contentUrl":"https:\/\/ucm.one\/wp-content\/uploads\/2019\/10\/UCM.ONE-Logo-RGB.svg","width":1,"height":1,"caption":"UCM.ONE"},"image":{"@id":"https:\/\/ucm.one\/de\/#\/schema\/logo\/image\/"}}]}},"_links":{"self":[{"href":"https:\/\/ucm.one\/de\/wp-json\/wp\/v2\/product\/78020","targetHints":{"allow":["GET"]}}],"collection":[{"href":"https:\/\/ucm.one\/de\/wp-json\/wp\/v2\/product"}],"about":[{"href":"https:\/\/ucm.one\/de\/wp-json\/wp\/v2\/types\/product"}],"replies":[{"embeddable":true,"href":"https:\/\/ucm.one\/de\/wp-json\/wp\/v2\/comments?post=78020"}],"wp:featuredmedia":[{"embeddable":true,"href":"https:\/\/ucm.one\/de\/wp-json\/wp\/v2\/media\/78341"}],"wp:attachment":[{"href":"https:\/\/ucm.one\/de\/wp-json\/wp\/v2\/media?parent=78020"}],"wp:term":[{"taxonomy":"product_brand","embeddable":true,"href":"https:\/\/ucm.one\/de\/wp-json\/wp\/v2\/product_brand?post=78020"},{"taxonomy":"product_cat","embeddable":true,"href":"https:\/\/ucm.one\/de\/wp-json\/wp\/v2\/product_cat?post=78020"},{"taxonomy":"product_tag","embeddable":true,"href":"https:\/\/ucm.one\/de\/wp-json\/wp\/v2\/product_tag?post=78020"}],"curies":[{"name":"wp","href":"https:\/\/api.w.org\/{rel}","templated":true}]}}