{"id":77915,"date":"2022-11-26T11:41:30","date_gmt":"2022-11-26T11:41:30","guid":{"rendered":"https:\/\/ucm.one\/?post_type=product&#038;p=77915"},"modified":"2023-06-18T00:08:14","modified_gmt":"2023-06-18T00:08:14","slug":"notes-of-berlin","status":"publish","type":"product","link":"https:\/\/ucm.one\/de\/produkt\/notes-of-berlin\/","title":{"rendered":"Notes of Berlin"},"content":{"rendered":"<div class=\"wpb_text_column wpb_content_element \">\n<div class=\"wpb_wrapper\">\n<div class=\"\">\n<div class=\"wpb_text_column wpb_content_element \">\n<div class=\"wpb_wrapper\">\n<div class=\"wpb_text_column wpb_content_element \">\n<div class=\"wpb_wrapper\">\n<p><span style=\"font-weight: 400;\">Ein Tag und eine Nacht in Berlin: Das Karma f\u00e4hrt einen elektrischen Rollstuhl, ein WG-Casting endet mit einer Hausbesetzung, ein Koch und ein entflohener Hund werden zu K\u00f6nigen, alle suchen einen werdenden Vater und ein Hase bringt einen Nerd dazu, endlich seine Nachbarn kennenzulernen. Fahren Berliner Taxis eigentlich bis zum Eiffelturm? Und wer ist die Queen von Berlin? All diese Geschichten und noch mehr erz\u00e4hlt NOTES OF BERLIN. Inspiriert sind sie von echten Zetteln und Aush\u00e4ngen, die von aufmerksamen Berlinern an Laternenpf\u00e4hlen, in Treppenh\u00e4usern oder auch Hinterh\u00f6fen gefunden und dann auf Joab Nists Kultblog notesofberlin.com ver\u00f6ffentlicht wurden.<\/span><\/p>\n<p><span style=\"font-weight: 400;\">Der Film flaniert mit uns durch die Stadt und wirft einen am\u00fcsierten, einf\u00fchlsamen Blick auf Personen und Situationen, die man sonst vielleicht \u00fcbersehen w\u00fcrde. Er ist eine Liebeserkl\u00e4rung an Berlin, zeigt den allt\u00e4glichen Wahnsinn und zuf\u00e4llige Begegnungen und macht die Stadt zur Protagonistin, denn: \u00bbDas Herz der Stadt schl\u00e4gt auf der Stra\u00dfe\u00ab.<\/span><\/p>\n<\/div>\n<\/div>\n<\/div>\n<\/div>\n<\/div>\n<\/div>\n<\/div>\n<div><div class=\"gap\" style=\"line-height: 20px; height: 20px;\"><\/div><\/div>\n<h5>Weitere Informationen<\/h5>\n<div>\n<div>\n<table style=\"height: 46px; width: 100%; border-collapse: collapse; border-color: #ffffff; background-color: #ffffff; border-style: hidden;\">\n<tbody>\n<tr style=\"height: 23px; border-style: hidden; border-color: #ffffff; background-color: #ffffff;\">\n<td style=\"width: 4.701195219123506%; height: 23px; border-style: hidden;\">Film:<\/td>\n<td style=\"width: 95.29880478087651%; height: 23px; border-style: hidden;\"><a href=\"https:\/\/ucm.one\/de\/notes-of-berlin\/\">Notes of Berlin<\/a><\/td>\n<\/tr>\n<tr style=\"height: 23px;\">\n<td style=\"width: 4.701195219123506%; height: 23px; border-style: hidden;\">Label:<\/td>\n<td style=\"width: 95.29880478087651%; height: 23px; border-style: hidden;\"><a title=\"Darling Berlin\" href=\"https:\/\/ucm.one\/de\/film-labels\/darling-berlin\/\">Darling Berlin<\/a><\/td>\n<\/tr>\n<\/tbody>\n<\/table>\n<\/div>\n<div><\/div>\n<\/div>\n<div>\n<div><div class=\"gap\" style=\"line-height: 10px; height: 10px;\"><\/div><\/div>\n<div><span style=\"font-family: 'arial black', sans-serif;\"><span style=\"font-family: arial, helvetica, sans-serif;\">\u00a9 2020 <strong>DFFB, RBB<\/strong> \u00a9 2022 <strong>Darling Berlin \/ <span style=\"font-family: 'arial black', sans-serif;\">UCM.ONE<\/span><\/strong><\/span><\/span><\/div>\n<div><div class=\"gap\" style=\"line-height: 20px; height: 20px;\"><\/div><\/div>\n<\/div>\n<div>\n<div><\/div>\n<div>\n<div><div class=\"gap\" style=\"line-height: 10px; height: 10px;\"><\/div><\/div>\n<div><span style=\"color: #003a80;\"><strong>\u27a0 <a style=\"color: #003a80;\" href=\"https:\/\/ucm.one\/de\/produkt-kategorie\/art-de\/filme-de\/\">zum Shop<\/a><\/strong><\/span><\/div>\n<div><div class=\"gap\" style=\"line-height: 20px; height: 20px;\"><\/div><\/div>\n<\/div>\n<\/div>\n","protected":false},"excerpt":{"rendered":"<p>Regie:<a href=\"https:\/\/ucm.one\/de\/?s=%22Mariejosephin+Schneider%22&amp;post_type=product\"><strong> Mariejosephin Schneider<\/strong><\/a><\/p>\n<p>Label:\u00a0<a title=\"\" href=\"https:\/\/ucm.one\/de\/produkt-kategorie\/label-film-de\/darling-berlin-de\/\"><strong>Darling Berlin<\/strong><\/a><\/p>\n<p>Art:\u00a0<strong><a href=\"https:\/\/ucm.one\/de\/produkt-kategorie\/art-de\/filme-de\/\">Film<\/a> (Spielfilm)<\/strong><\/p>\n<p>Genre:\u00a0<b><a href=\"https:\/\/ucm.one\/de\/produkt-kategorie\/genre-film-de\/komoedie-de\/\">Kom\u00f6die<\/a><\/b><\/p>\n<p>Jahr: <strong>2022<\/strong><\/p>\n<p>FSK: <strong>12<\/strong><\/p>\n<p>Format: <strong>DVD<\/strong><\/p>\n","protected":false},"featured_media":78326,"comment_status":"open","ping_status":"closed","template":"","meta":{"_acf_changed":false},"product_brand":[],"product_cat":[9708,13156,10331,10339,10356],"product_tag":[12565,14374,12567,14375,12571,14376,14377,14367,14378,14368,14369,14370,14371,12464,14372,12508,14373],"class_list":{"0":"post-77915","1":"product","2":"type-product","3":"status-publish","4":"has-post-thumbnail","6":"product_cat-filme-de","7":"product_cat-arthouse-de","8":"product_cat-dvd-de","9":"product_cat-darling-berlin-de","10":"product_cat-komoedie-de","11":"product_tag-notes-of-berlin","12":"product_tag-ben-gibson","13":"product_tag-mariejosephin-schneider","14":"product_tag-warsama-guled","15":"product_tag-paul-boche","16":"product_tag-edgar-harter","17":"product_tag-ardian-hartono","18":"product_tag-richard-dreher","19":"product_tag-alaaddin-kemec","20":"product_tag-taneshia-abt","21":"product_tag-jale-arikan","22":"product_tag-resit-ballikaya","23":"product_tag-holger-behr","24":"product_tag-darling-berlin","25":"product_tag-sean-black","26":"product_tag-tom-lass","27":"product_tag-marko-dyrlich","28":"product_shipping_class-dvd-2","29":"pa_format-dvd","30":"description-off","32":"first","33":"instock","34":"taxable","35":"shipping-taxable","36":"purchasable","37":"product-type-variable","38":"has-default-attributes"},"acf":[],"yoast_head":"<!-- This site is optimized with the Yoast SEO plugin v27.5 - https:\/\/yoast.com\/product\/yoast-seo-wordpress\/ -->\n<title>Notes of Berlin<\/title>\n<meta name=\"description\" content=\"Shop | Notes of Berlin | 2022 | Darling Berlin | DVD | FSK 12\" \/>\n<meta name=\"robots\" content=\"index, follow, max-snippet:-1, max-image-preview:large, max-video-preview:-1\" \/>\n<link rel=\"canonical\" href=\"https:\/\/ucm.one\/de\/produkt\/notes-of-berlin\/\" \/>\n<meta property=\"og:locale\" content=\"de_DE\" \/>\n<meta property=\"og:type\" content=\"article\" \/>\n<meta property=\"og:title\" content=\"Notes of Berlin\" \/>\n<meta property=\"og:description\" content=\"Shop | Notes of Berlin | 2022 | Darling Berlin | DVD | FSK 12\" \/>\n<meta property=\"og:url\" content=\"https:\/\/ucm.one\/de\/produkt\/notes-of-berlin\/\" \/>\n<meta property=\"og:site_name\" content=\"UCM.ONE\" \/>\n<meta property=\"article:modified_time\" content=\"2023-06-18T00:08:14+00:00\" \/>\n<meta property=\"og:image\" content=\"https:\/\/ucm.one\/wp-content\/uploads\/2022\/10\/C-Notes-of-Berlin-DVD-2D-FSK12.jpg\" \/>\n<meta name=\"twitter:card\" content=\"summary_large_image\" \/>\n<meta name=\"twitter:title\" content=\"Notes of Berlin\" \/>\n<meta name=\"twitter:description\" content=\"Shop | Notes of Berlin | 2022 | Darling Berlin | DVD | FSK 12\" \/>\n<meta name=\"twitter:image\" content=\"https:\/\/ucm.one\/wp-content\/uploads\/2022\/10\/C-Notes-of-Berlin-DVD-2D-FSK12.jpg\" \/>\n<meta name=\"twitter:label1\" content=\"Gesch\u00e4tzte Lesezeit\" \/>\n\t<meta name=\"twitter:data1\" content=\"1\u00a0Minute\" \/>\n<!-- \/ Yoast SEO plugin. -->","yoast_head_json":{"title":"Notes of Berlin","description":"Shop | Notes of Berlin | 2022 | Darling Berlin | DVD | FSK 12","robots":{"index":"index","follow":"follow","max-snippet":"max-snippet:-1","max-image-preview":"max-image-preview:large","max-video-preview":"max-video-preview:-1"},"canonical":"https:\/\/ucm.one\/de\/produkt\/notes-of-berlin\/","og_locale":"de_DE","og_type":"article","og_title":"Notes of Berlin","og_description":"Shop | Notes of Berlin | 2022 | Darling Berlin | DVD | FSK 12","og_url":"https:\/\/ucm.one\/de\/produkt\/notes-of-berlin\/","og_site_name":"UCM.ONE","article_modified_time":"2023-06-18T00:08:14+00:00","og_image":[{"url":"https:\/\/ucm.one\/wp-content\/uploads\/2022\/10\/C-Notes-of-Berlin-DVD-2D-FSK12.jpg","type":"","width":"","height":""}],"twitter_card":"summary_large_image","twitter_title":"Notes of Berlin","twitter_description":"Shop | Notes of Berlin | 2022 | Darling Berlin | DVD | FSK 12","twitter_image":"https:\/\/ucm.one\/wp-content\/uploads\/2022\/10\/C-Notes-of-Berlin-DVD-2D-FSK12.jpg","twitter_misc":{"Gesch\u00e4tzte Lesezeit":"1\u00a0Minute"},"schema":{"@context":"https:\/\/schema.org","@graph":[{"@type":"WebPage","@id":"https:\/\/ucm.one\/de\/produkt\/notes-of-berlin\/","url":"https:\/\/ucm.one\/de\/produkt\/notes-of-berlin\/","name":"Notes of Berlin","isPartOf":{"@id":"https:\/\/ucm.one\/de\/#website"},"primaryImageOfPage":{"@id":"https:\/\/ucm.one\/de\/produkt\/notes-of-berlin\/#primaryimage"},"image":{"@id":"https:\/\/ucm.one\/de\/produkt\/notes-of-berlin\/#primaryimage"},"thumbnailUrl":"https:\/\/ucm.one\/wp-content\/uploads\/2022\/10\/C-Notes-of-Berlin-DVD-2D-FSK12.jpg","datePublished":"2022-11-26T11:41:30+00:00","dateModified":"2023-06-18T00:08:14+00:00","description":"Shop | Notes of Berlin | 2022 | Darling Berlin | DVD | FSK 12","breadcrumb":{"@id":"https:\/\/ucm.one\/de\/produkt\/notes-of-berlin\/#breadcrumb"},"inLanguage":"de","potentialAction":[{"@type":"ReadAction","target":["https:\/\/ucm.one\/de\/produkt\/notes-of-berlin\/"]}]},{"@type":"ImageObject","inLanguage":"de","@id":"https:\/\/ucm.one\/de\/produkt\/notes-of-berlin\/#primaryimage","url":"https:\/\/ucm.one\/wp-content\/uploads\/2022\/10\/C-Notes-of-Berlin-DVD-2D-FSK12.jpg","contentUrl":"https:\/\/ucm.one\/wp-content\/uploads\/2022\/10\/C-Notes-of-Berlin-DVD-2D-FSK12.jpg","width":699,"height":1000},{"@type":"BreadcrumbList","@id":"https:\/\/ucm.one\/de\/produkt\/notes-of-berlin\/#breadcrumb","itemListElement":[{"@type":"ListItem","position":1,"name":"Home","item":"https:\/\/ucm.one\/de\/"},{"@type":"ListItem","position":2,"name":"Shop","item":"https:\/\/ucm.one\/de\/shop\/"},{"@type":"ListItem","position":3,"name":"Notes of Berlin"}]},{"@type":"WebSite","@id":"https:\/\/ucm.one\/de\/#website","url":"https:\/\/ucm.one\/de\/","name":"UCM.ONE","description":"","publisher":{"@id":"https:\/\/ucm.one\/de\/#organization"},"potentialAction":[{"@type":"SearchAction","target":{"@type":"EntryPoint","urlTemplate":"https:\/\/ucm.one\/de\/?s={search_term_string}"},"query-input":{"@type":"PropertyValueSpecification","valueRequired":true,"valueName":"search_term_string"}}],"inLanguage":"de"},{"@type":"Organization","@id":"https:\/\/ucm.one\/de\/#organization","name":"UCM.ONE","url":"https:\/\/ucm.one\/de\/","logo":{"@type":"ImageObject","inLanguage":"de","@id":"https:\/\/ucm.one\/de\/#\/schema\/logo\/image\/","url":"https:\/\/ucm.one\/wp-content\/uploads\/2019\/10\/UCM.ONE-Logo-RGB.svg","contentUrl":"https:\/\/ucm.one\/wp-content\/uploads\/2019\/10\/UCM.ONE-Logo-RGB.svg","width":1,"height":1,"caption":"UCM.ONE"},"image":{"@id":"https:\/\/ucm.one\/de\/#\/schema\/logo\/image\/"}}]}},"_links":{"self":[{"href":"https:\/\/ucm.one\/de\/wp-json\/wp\/v2\/product\/77915","targetHints":{"allow":["GET"]}}],"collection":[{"href":"https:\/\/ucm.one\/de\/wp-json\/wp\/v2\/product"}],"about":[{"href":"https:\/\/ucm.one\/de\/wp-json\/wp\/v2\/types\/product"}],"replies":[{"embeddable":true,"href":"https:\/\/ucm.one\/de\/wp-json\/wp\/v2\/comments?post=77915"}],"wp:featuredmedia":[{"embeddable":true,"href":"https:\/\/ucm.one\/de\/wp-json\/wp\/v2\/media\/78326"}],"wp:attachment":[{"href":"https:\/\/ucm.one\/de\/wp-json\/wp\/v2\/media?parent=77915"}],"wp:term":[{"taxonomy":"product_brand","embeddable":true,"href":"https:\/\/ucm.one\/de\/wp-json\/wp\/v2\/product_brand?post=77915"},{"taxonomy":"product_cat","embeddable":true,"href":"https:\/\/ucm.one\/de\/wp-json\/wp\/v2\/product_cat?post=77915"},{"taxonomy":"product_tag","embeddable":true,"href":"https:\/\/ucm.one\/de\/wp-json\/wp\/v2\/product_tag?post=77915"}],"curies":[{"name":"wp","href":"https:\/\/api.w.org\/{rel}","templated":true}]}}